{"id":1090,"date":"2020-04-10T17:27:10","date_gmt":"2020-04-10T17:27:10","guid":{"rendered":"https:\/\/oandgaccounting.com\/?page_id=1090"},"modified":"2020-09-08T18:35:02","modified_gmt":"2020-09-08T18:35:02","slug":"irs-coronavirus-check-for-non-filers-register-now","status":"publish","type":"page","link":"https:\/\/oandgaccounting.com\/es\/resources\/irs-coronavirus-check-for-non-filers-register-now\/","title":{"rendered":"Comprobaci\u00f3n del coronavirus del IRS para quienes no declaran impuestos: reg\u00edstrese ahora"},"content":{"rendered":"<div class=\"onefivequestion\">\n<div class=\"section container\">\n<div class=\"row py-3\">\n<div class=\"container text-left\">\n<p><img decoding=\"async\" style=\"float: right; padding-left: 21px;\" src=\"https:\/\/oandgaccounting.com\/wp-content\/uploads\/2020\/04\/download.jpg\" \/>En estos tiempos locos, cualquier informaci\u00f3n es \u00fatil\u2026<\/p>\n<p>Si te preguntas qu\u00e9 est\u00e1 pasando con el <a href=\"https:\/\/www.irs.gov\/newsroom\/economic-impact-payments-what-you-need-to-know\" target=\"_blank\" rel=\"noopener noreferrer\">pagos de est\u00edmulo econ\u00f3mico<\/a>. Queremos que sepas lo que est\u00e1 sucediendo hasta ahora. La buena noticia es que el IRS ha publicado recientemente un... <a href=\"https:\/\/www.freefilefillableforms.com\/#\/fd\/EconomicImpactPayment\" target=\"_blank\" rel=\"noopener noreferrer\">nueva herramienta<\/a> para ayudar a quienes no presentan declaraciones a registrarse para recibir cheques por coronavirus\/pagos de est\u00edmulo econ\u00f3mico.<\/p>\n<h2>\u00bfQui\u00e9n es elegible para el Pago de Impacto Econ\u00f3mico?<\/h2>\n<ul class=\"single border-0 pb-0 mb-0\">\n<li>Tener un n\u00famero de Seguro Social v\u00e1lido,<\/li>\n<li>No pudo ser reclamado como dependiente de otro contribuyente, y<\/li>\n<li>Hab\u00eda ajustado su ingreso bruto dentro de ciertos l\u00edmites.<\/li>\n<\/ul>\n<\/div>\n<\/div>\n<\/div>\n<div class=\"section\">\n<div class=\"container text-left\">\n<h2>Presento mis impuestos todos los a\u00f1os, \u00bfnecesito registrarme?<\/h2>\n<p>\u00a1NO!<\/p>\n<p>La mayor\u00eda de los contribuyentes estadounidenses elegibles recibir\u00e1n autom\u00e1ticamente sus Pagos de Impacto Econ\u00f3mico, incluidos:<\/p>\n<ul class=\"single border-0 pb-0 mb-0\">\n<li>Personas que presentaron una declaraci\u00f3n de impuestos federales sobre la renta para 2018 o 2019<\/li>\n<li>Personas que reciben <a href=\"https:\/\/www.ssa.gov\/benefits\/retirement\/\" target=\"_blank\" rel=\"noopener noreferrer\">Jubilaci\u00f3n del Seguro Social<\/a> o <a href=\"https:\/\/www.ssa.gov\/disability\/\" target=\"_blank\" rel=\"noopener noreferrer\">Beneficios del Seguro de Incapacidad del Seguro Social<\/a> (Siga leyendo si tiene dependientes)<\/li>\n<li>Personas que reciben <a href=\"https:\/\/www.rrb.gov\/Benefits\/Retirement\/GeneralInfoRetirement\" target=\"_blank\" rel=\"noopener noreferrer\">Beneficios de jubilaci\u00f3n del ferrocarril<\/a>(Siga leyendo si tiene dependientes)<\/li>\n<\/ul>\n<\/div>\n<\/div>\n<div class=\"section\">\n<div class=\"container text-left\">\n<h2>\u00bfQui\u00e9n es considerado un no declarante?<\/h2>\n<p>Los ciudadanos estadounidenses y residentes permanentes que no declaran impuestos son aquellos cuyos ingresos totales anuales no superan ciertos l\u00edmites. Si sus ingresos son inferiores a ese l\u00edmite, generalmente no necesita presentar una declaraci\u00f3n de impuestos federales.<\/p>\n<p>Usted es un no declarante si es ciudadano estadounidense o residente permanente y cumple con uno de los criterios siguientes:<\/p>\n<ul class=\"single border-0 pb-0 mb-0\">\n<li>Tuvo ingresos brutos que no excedieron $12,200 ($24,400 para parejas casadas) para 2019<\/li>\n<li>No estaban obligados a presentar una declaraci\u00f3n de impuestos federales sobre la renta para 2019 y no planeaban hacerlo.<\/li>\n<\/ul>\n<\/div>\n<\/div>\n<div class=\"section\">\n<div class=\"container text-left\">\n<h2>\u00bfAlguna otra informaci\u00f3n para quienes no presentan declaraciones y tienen dependientes?<\/h2>\n<ul class=\"single border-0 pb-0 mb-0\">\n<li>Los beneficiarios de veteranos y los destinatarios del Ingreso de Seguridad Suplementario (SSI) pueden utilizar <a href=\"https:\/\/www.freefilefillableforms.com\/#\/fd\/EconomicImpactPayment\" target=\"_blank\" rel=\"noopener noreferrer\">Proceso de registro de no declarantes<\/a> o esperar mientras el IRS contin\u00faa revisando las opciones de pago autom\u00e1tico para simplificar la entrega para estos grupos<\/li>\n<li>Los beneficiarios del Seguro Social, SSDI y Jubilaci\u00f3n Ferroviaria con dependientes calificados menores de 17 a\u00f1os pueden usar <a href=\"https:\/\/www.freefilefillableforms.com\/#\/fd\/EconomicImpactPayment\" target=\"_blank\" rel=\"noopener noreferrer\">Proceso de registro de no declarantes<\/a> para reclamar el pago de $500 por ni\u00f1o.<\/li>\n<\/ul>\n<\/div>\n<\/div>\n<div class=\"section\">\n<div class=\"container text-left\">\n<h2>\u00bfLos estudiantes son considerados como no declarantes?<\/h2>\n<p>Si otra persona lo reclam\u00f3 en su declaraci\u00f3n de impuestos, no ser\u00e1 elegible para el Pago de Impacto Econ\u00f3mico ni para utilizar la herramienta Non-Filer.<\/p>\n<\/div>\n<\/div>\n<div class=\"section\">\n<div class=\"container text-left\">\n<h2>\u00bfD\u00f3nde debo registrarme para el chequeo del coronavirus?<\/h2>\n<p>Puede proporcionar la informaci\u00f3n necesaria al IRS de manera f\u00e1cil y r\u00e1pida sin costo alguno a trav\u00e9s de Non-Filers <a href=\"https:\/\/www.freefilefillableforms.com\/#\/fd\/EconomicImpactPayment\" target=\"_blank\" rel=\"noopener noreferrer\">Enlace aqu\u00ed<\/a>:<\/p>\n<p>Ingrese su informaci\u00f3n de pago. El IRS utilizar\u00e1 la informaci\u00f3n para determinar su elegibilidad y el monto del pago y le enviar\u00e1 un Pago de Impacto Econ\u00f3mico.<\/p>\n<p>Tenga en cuenta que despu\u00e9s de proporcionar esta informaci\u00f3n no necesitar\u00e1 realizar ninguna acci\u00f3n adicional.<\/p>\n<\/div>\n<\/div>\n<div class=\"section\">\n<div class=\"container text-left\">\n<h2>\u00bfQu\u00e9 tan dif\u00edcil es el proceso de registro?<\/h2>\n<p>El registro es muy sencillo y f\u00e1cil, siga los pasos a continuaci\u00f3n para un registro exitoso.<\/p>\n<ol class=\"single border-0 pb-0 mb-0\">\n<li>Haga clic aqu\u00ed <a href=\"https:\/\/www.freefilefillableforms.com\/#\/fd\/EconomicImpactPayment\" target=\"_blank\" rel=\"noopener noreferrer\">Enlace<\/a><\/li>\n<li>Cree una cuenta proporcionando su direcci\u00f3n de correo electr\u00f3nico y n\u00famero de tel\u00e9fono; y estableciendo un ID de usuario y una contrase\u00f1a.<\/li>\n<li>Ser\u00e1s dirigido a una pantalla donde ingresar\u00e1s tu estado civil (soltero o casado presentando declaraci\u00f3n conjunta) e informaci\u00f3n personal.<\/li>\n<li>Nota: Aseg\u00farese de tener un n\u00famero de Seguro Social v\u00e1lido para usted (y su c\u00f3nyuge si se cas\u00f3 a finales de 2019), a menos que presente la declaraci\u00f3n conjunta con un militar de 2019. Aseg\u00farese de tener un n\u00famero de Seguro Social v\u00e1lido o un N\u00famero de Identificaci\u00f3n Tributaria por Adopci\u00f3n v\u00e1lido para cada dependiente que desee reclamar para el Pago de Impacto Econ\u00f3mico.<\/li>\n<li>Marque la \u201ccasilla\u201d si alguien puede reclamarlo a usted como dependiente o a su c\u00f3nyuge como dependiente.<\/li>\n<li>Complete su informaci\u00f3n bancaria (de lo contrario el IRS le enviar\u00e1 un cheque).<\/li>\n<li>Ser\u00e1s redirigido a otra pantalla donde ingresar\u00e1s tu informaci\u00f3n personal para verificar tu identidad. Simplemente sigue las instrucciones. Necesitar\u00e1s la informaci\u00f3n de tu licencia de conducir (o identificaci\u00f3n estatal). Si no la tienes, d\u00e9jala en blanco.<\/li>\n<\/ol>\n<\/div>\n<\/div>\n<div class=\"bookingblogsecsn\">\n<div class=\"row\">\n<div class=\"col-sm-12\">\n<div class=\"blgsectxtrt\">\n<p>Reserva una consulta paga<br \/>\n<a class=\"bookbutn btn_style\" href=\"https:\/\/oandgaccounting.com\/appointment-booking-form\/\">S\u00ed, reserva mi espacio<\/a><\/p>\n<\/div>\n<\/div>\n<\/div>\n<\/div>\n<\/div>","protected":false},"excerpt":{"rendered":"<p>En estos tiempos dif\u00edciles, toda informaci\u00f3n es \u00fatil\u2026 Si se pregunta qu\u00e9 est\u00e1 pasando con los pagos de est\u00edmulo econ\u00f3mico, queremos que sepa qu\u00e9 est\u00e1 pasando hasta ahora. La buena noticia es que el IRS lanz\u00f3 recientemente una nueva herramienta para ayudar a quienes no declaran impuestos a registrarse para recibir los cheques\/pagos de est\u00edmulo econ\u00f3mico por coronavirus. \u00bfQui\u00e9n es elegible para\u2026? <a href=\"https:\/\/oandgaccounting.com\/es\/resources\/irs-coronavirus-check-for-non-filers-register-now\/\" class=\"more-link\">Seguir leyendo<span class=\"screen-reader-text\"> \u201cVerificaci\u00f3n del IRS sobre el coronavirus para quienes no declaran impuestos: Reg\u00edstrese ahora\u201d<\/span><\/a><\/p>","protected":false},"author":1,"featured_media":0,"parent":24,"menu_order":0,"comment_status":"closed","ping_status":"closed","template":"default_withchat.php","meta":{"_acf_changed":false,"om_disable_all_campaigns":false,"_monsterinsights_skip_tracking":false,"_monsterinsights_sitenote_active":false,"_monsterinsights_sitenote_note":"","_monsterinsights_sitenote_category":0,"_uf_show_specific_survey":0,"_uf_disable_surveys":false,"footnotes":""},"class_list":["post-1090","page","type-page","status-publish","hentry"],"acf":[],"yoast_head":"<!-- This site is optimized with the Yoast SEO plugin v27.4 - https:\/\/yoast.com\/product\/yoast-seo-wordpress\/ -->\n<title>IRS Coronavirus check for Non-Filers \u2013 Register Now - O&amp;G Tax and Accounting<\/title>\n<meta name=\"robots\" content=\"index, follow, max-snippet:-1, max-image-preview:large, max-video-preview:-1\" \/>\n<link rel=\"canonical\" href=\"https:\/\/oandgaccounting.com\/es\/resources\/irs-coronavirus-check-for-non-filers-register-now\/\" \/>\n<meta property=\"og:locale\" content=\"es_ES\" \/>\n<meta property=\"og:type\" content=\"article\" \/>\n<meta property=\"og:title\" content=\"IRS Coronavirus check for Non-Filers \u2013 Register Now - O&amp;G Tax and Accounting\" \/>\n<meta property=\"og:description\" content=\"In these crazy times , every bit of information is helpful\u2026 If you are wondering what\u2019s happening with the economic stimulus payments. We want you to know what&#8217;s happening so far. Good news is IRS has recently released a new tool to help non-filers register for coronavirus checks\/economic stimulus payments. Who is eligible for the &hellip; Continue reading &quot;IRS Coronavirus check for Non-Filers \u2013 Register Now&quot;\" \/>\n<meta property=\"og:url\" content=\"https:\/\/oandgaccounting.com\/es\/resources\/irs-coronavirus-check-for-non-filers-register-now\/\" \/>\n<meta property=\"og:site_name\" content=\"O&amp;G Tax and Accounting\" \/>\n<meta property=\"article:modified_time\" content=\"2020-09-08T18:35:02+00:00\" \/>\n<meta property=\"og:image\" content=\"https:\/\/oandgaccounting.com\/wp-content\/uploads\/2020\/04\/download.jpg\" \/>\n<meta name=\"twitter:card\" content=\"summary_large_image\" \/>\n<meta name=\"twitter:label1\" content=\"Tiempo de lectura\" \/>\n\t<meta name=\"twitter:data1\" content=\"3 minutos\" \/>\n<script type=\"application\/ld+json\" class=\"yoast-schema-graph\">{\"@context\":\"https:\\\/\\\/schema.org\",\"@graph\":[{\"@type\":\"WebPage\",\"@id\":\"https:\\\/\\\/oandgaccounting.com\\\/resources\\\/irs-coronavirus-check-for-non-filers-register-now\\\/\",\"url\":\"https:\\\/\\\/oandgaccounting.com\\\/resources\\\/irs-coronavirus-check-for-non-filers-register-now\\\/\",\"name\":\"IRS Coronavirus check for Non-Filers \u2013 Register Now - O&amp;G Tax and Accounting\",\"isPartOf\":{\"@id\":\"https:\\\/\\\/oandgaccounting.com\\\/#website\"},\"primaryImageOfPage\":{\"@id\":\"https:\\\/\\\/oandgaccounting.com\\\/resources\\\/irs-coronavirus-check-for-non-filers-register-now\\\/#primaryimage\"},\"image\":{\"@id\":\"https:\\\/\\\/oandgaccounting.com\\\/resources\\\/irs-coronavirus-check-for-non-filers-register-now\\\/#primaryimage\"},\"thumbnailUrl\":\"https:\\\/\\\/oandgaccounting.com\\\/wp-content\\\/uploads\\\/2020\\\/04\\\/download.jpg\",\"datePublished\":\"2020-04-10T17:27:10+00:00\",\"dateModified\":\"2020-09-08T18:35:02+00:00\",\"breadcrumb\":{\"@id\":\"https:\\\/\\\/oandgaccounting.com\\\/resources\\\/irs-coronavirus-check-for-non-filers-register-now\\\/#breadcrumb\"},\"inLanguage\":\"es\",\"potentialAction\":[{\"@type\":\"ReadAction\",\"target\":[\"https:\\\/\\\/oandgaccounting.com\\\/resources\\\/irs-coronavirus-check-for-non-filers-register-now\\\/\"]}]},{\"@type\":\"ImageObject\",\"inLanguage\":\"es\",\"@id\":\"https:\\\/\\\/oandgaccounting.com\\\/resources\\\/irs-coronavirus-check-for-non-filers-register-now\\\/#primaryimage\",\"url\":\"https:\\\/\\\/oandgaccounting.com\\\/wp-content\\\/uploads\\\/2020\\\/04\\\/download.jpg\",\"contentUrl\":\"https:\\\/\\\/oandgaccounting.com\\\/wp-content\\\/uploads\\\/2020\\\/04\\\/download.jpg\"},{\"@type\":\"BreadcrumbList\",\"@id\":\"https:\\\/\\\/oandgaccounting.com\\\/resources\\\/irs-coronavirus-check-for-non-filers-register-now\\\/#breadcrumb\",\"itemListElement\":[{\"@type\":\"ListItem\",\"position\":1,\"name\":\"Resources\",\"item\":\"https:\\\/\\\/oandgaccounting.com\\\/resources\\\/\"},{\"@type\":\"ListItem\",\"position\":2,\"name\":\"IRS Coronavirus check for Non-Filers \u2013 Register Now\"}]},{\"@type\":\"WebSite\",\"@id\":\"https:\\\/\\\/oandgaccounting.com\\\/#website\",\"url\":\"https:\\\/\\\/oandgaccounting.com\\\/\",\"name\":\"O&amp;G Tax and Accounting\",\"description\":\"\",\"publisher\":{\"@id\":\"https:\\\/\\\/oandgaccounting.com\\\/#organization\"},\"potentialAction\":[{\"@type\":\"SearchAction\",\"target\":{\"@type\":\"EntryPoint\",\"urlTemplate\":\"https:\\\/\\\/oandgaccounting.com\\\/?s={search_term_string}\"},\"query-input\":{\"@type\":\"PropertyValueSpecification\",\"valueRequired\":true,\"valueName\":\"search_term_string\"}}],\"inLanguage\":\"es\"},{\"@type\":\"Organization\",\"@id\":\"https:\\\/\\\/oandgaccounting.com\\\/#organization\",\"name\":\"O&amp;G Tax and Accounting\",\"url\":\"https:\\\/\\\/oandgaccounting.com\\\/\",\"logo\":{\"@type\":\"ImageObject\",\"inLanguage\":\"es\",\"@id\":\"https:\\\/\\\/oandgaccounting.com\\\/#\\\/schema\\\/logo\\\/image\\\/\",\"url\":\"https:\\\/\\\/oandgaccounting.com\\\/wp-content\\\/uploads\\\/2019\\\/07\\\/logo.png\",\"contentUrl\":\"https:\\\/\\\/oandgaccounting.com\\\/wp-content\\\/uploads\\\/2019\\\/07\\\/logo.png\",\"width\":123,\"height\":74,\"caption\":\"O&amp;G Tax and Accounting\"},\"image\":{\"@id\":\"https:\\\/\\\/oandgaccounting.com\\\/#\\\/schema\\\/logo\\\/image\\\/\"}}]}<\/script>\n<!-- \/ Yoast SEO plugin. -->","yoast_head_json":{"title":"Comprobaci\u00f3n del coronavirus del IRS para no declarantes: reg\u00edstrese ahora - Impuestos y contabilidad de O&amp;G","robots":{"index":"index","follow":"follow","max-snippet":"max-snippet:-1","max-image-preview":"max-image-preview:large","max-video-preview":"max-video-preview:-1"},"canonical":"https:\/\/oandgaccounting.com\/es\/resources\/irs-coronavirus-check-for-non-filers-register-now\/","og_locale":"es_ES","og_type":"article","og_title":"IRS Coronavirus check for Non-Filers \u2013 Register Now - O&amp;G Tax and Accounting","og_description":"In these crazy times , every bit of information is helpful\u2026 If you are wondering what\u2019s happening with the economic stimulus payments. We want you to know what&#8217;s happening so far. Good news is IRS has recently released a new tool to help non-filers register for coronavirus checks\/economic stimulus payments. Who is eligible for the &hellip; Continue reading \"IRS Coronavirus check for Non-Filers \u2013 Register Now\"","og_url":"https:\/\/oandgaccounting.com\/es\/resources\/irs-coronavirus-check-for-non-filers-register-now\/","og_site_name":"O&amp;G Tax and Accounting","article_modified_time":"2020-09-08T18:35:02+00:00","og_image":[{"url":"https:\/\/oandgaccounting.com\/wp-content\/uploads\/2020\/04\/download.jpg","type":"","width":"","height":""}],"twitter_card":"summary_large_image","twitter_misc":{"Tiempo de lectura":"3 minutos"},"schema":{"@context":"https:\/\/schema.org","@graph":[{"@type":"WebPage","@id":"https:\/\/oandgaccounting.com\/resources\/irs-coronavirus-check-for-non-filers-register-now\/","url":"https:\/\/oandgaccounting.com\/resources\/irs-coronavirus-check-for-non-filers-register-now\/","name":"Comprobaci\u00f3n del coronavirus del IRS para no declarantes: reg\u00edstrese ahora - Impuestos y contabilidad de O&amp;G","isPartOf":{"@id":"https:\/\/oandgaccounting.com\/#website"},"primaryImageOfPage":{"@id":"https:\/\/oandgaccounting.com\/resources\/irs-coronavirus-check-for-non-filers-register-now\/#primaryimage"},"image":{"@id":"https:\/\/oandgaccounting.com\/resources\/irs-coronavirus-check-for-non-filers-register-now\/#primaryimage"},"thumbnailUrl":"https:\/\/oandgaccounting.com\/wp-content\/uploads\/2020\/04\/download.jpg","datePublished":"2020-04-10T17:27:10+00:00","dateModified":"2020-09-08T18:35:02+00:00","breadcrumb":{"@id":"https:\/\/oandgaccounting.com\/resources\/irs-coronavirus-check-for-non-filers-register-now\/#breadcrumb"},"inLanguage":"es","potentialAction":[{"@type":"ReadAction","target":["https:\/\/oandgaccounting.com\/resources\/irs-coronavirus-check-for-non-filers-register-now\/"]}]},{"@type":"ImageObject","inLanguage":"es","@id":"https:\/\/oandgaccounting.com\/resources\/irs-coronavirus-check-for-non-filers-register-now\/#primaryimage","url":"https:\/\/oandgaccounting.com\/wp-content\/uploads\/2020\/04\/download.jpg","contentUrl":"https:\/\/oandgaccounting.com\/wp-content\/uploads\/2020\/04\/download.jpg"},{"@type":"BreadcrumbList","@id":"https:\/\/oandgaccounting.com\/resources\/irs-coronavirus-check-for-non-filers-register-now\/#breadcrumb","itemListElement":[{"@type":"ListItem","position":1,"name":"Resources","item":"https:\/\/oandgaccounting.com\/resources\/"},{"@type":"ListItem","position":2,"name":"IRS Coronavirus check for Non-Filers \u2013 Register Now"}]},{"@type":"WebSite","@id":"https:\/\/oandgaccounting.com\/#website","url":"https:\/\/oandgaccounting.com\/","name":"Impuestos y contabilidad de petr\u00f3leo y gas","description":"","publisher":{"@id":"https:\/\/oandgaccounting.com\/#organization"},"potentialAction":[{"@type":"SearchAction","target":{"@type":"EntryPoint","urlTemplate":"https:\/\/oandgaccounting.com\/?s={search_term_string}"},"query-input":{"@type":"PropertyValueSpecification","valueRequired":true,"valueName":"search_term_string"}}],"inLanguage":"es"},{"@type":"Organization","@id":"https:\/\/oandgaccounting.com\/#organization","name":"Impuestos y contabilidad de petr\u00f3leo y gas","url":"https:\/\/oandgaccounting.com\/","logo":{"@type":"ImageObject","inLanguage":"es","@id":"https:\/\/oandgaccounting.com\/#\/schema\/logo\/image\/","url":"https:\/\/oandgaccounting.com\/wp-content\/uploads\/2019\/07\/logo.png","contentUrl":"https:\/\/oandgaccounting.com\/wp-content\/uploads\/2019\/07\/logo.png","width":123,"height":74,"caption":"O&amp;G Tax and Accounting"},"image":{"@id":"https:\/\/oandgaccounting.com\/#\/schema\/logo\/image\/"}}]}},"_links":{"self":[{"href":"https:\/\/oandgaccounting.com\/es\/wp-json\/wp\/v2\/pages\/1090","targetHints":{"allow":["GET"]}}],"collection":[{"href":"https:\/\/oandgaccounting.com\/es\/wp-json\/wp\/v2\/pages"}],"about":[{"href":"https:\/\/oandgaccounting.com\/es\/wp-json\/wp\/v2\/types\/page"}],"author":[{"embeddable":true,"href":"https:\/\/oandgaccounting.com\/es\/wp-json\/wp\/v2\/users\/1"}],"replies":[{"embeddable":true,"href":"https:\/\/oandgaccounting.com\/es\/wp-json\/wp\/v2\/comments?post=1090"}],"version-history":[{"count":0,"href":"https:\/\/oandgaccounting.com\/es\/wp-json\/wp\/v2\/pages\/1090\/revisions"}],"up":[{"embeddable":true,"href":"https:\/\/oandgaccounting.com\/es\/wp-json\/wp\/v2\/pages\/24"}],"wp:attachment":[{"href":"https:\/\/oandgaccounting.com\/es\/wp-json\/wp\/v2\/media?parent=1090"}],"curies":[{"name":"wp","href":"https:\/\/api.w.org\/{rel}","templated":true}]}}