{"id":147,"date":"2023-11-17T12:08:51","date_gmt":"2023-11-17T12:08:51","guid":{"rendered":"http:\/\/192.168.0.3\/ong\/?page_id=147"},"modified":"2025-11-19T13:09:30","modified_gmt":"2025-11-19T13:09:30","slug":"qbi-calculator","status":"publish","type":"page","link":"https:\/\/oandgaccounting.com\/es\/resources\/qbi-calculator\/","title":{"rendered":"Calculadora QBI 2023"},"content":{"rendered":"<p id=\"caltext\">Esta calculadora calcular\u00e1 su Deducci\u00f3n por Ingresos Comerciales Calificados aplicable, tambi\u00e9n conocida como Deducci\u00f3n por Ingresos Comerciales de Transferencia. La deducci\u00f3n se calcula de conformidad con las disposiciones de <a href=\"https:\/\/www.law.cornell.edu\/uscode\/text\/26\/199A\" target=\"_blank\" rel=\"noopener noreferrer\">Secci\u00f3n 199A<\/a> del C\u00f3digo de Rentas Internas promulgado por la Ley de Recortes de Impuestos y <a href=\"https:\/\/www.congress.gov\/bill\/115th-congress\/house-bill\/1\" target=\"_blank\" rel=\"noopener noreferrer\">Ley de Empleo de 2017<\/a>. La calculadora se proporciona \u00fanicamente como una herramienta para ayudarle a llegar a sus propias conclusiones profesionales sobre la aplicaci\u00f3n de la <a href=\"https:\/\/www.law.cornell.edu\/uscode\/text\/26\/199A\" target=\"_blank\" rel=\"noopener noreferrer\">Secci\u00f3n 199A<\/a> deducci\u00f3n. No hacemos declaraciones ni garant\u00edas sobre c\u00f3mo el IRS interpreta esta nueva ley. <a href=\"https:\/\/www.law.cornell.edu\/uscode\/text\/26\/199A\" target=\"_blank\" rel=\"noopener noreferrer\">Secci\u00f3n 199A<\/a> Es complicado y, en algunos casos, ambiguo. Siempre debe consultar con su contador p\u00fablico o asesor fiscal.<\/p>","protected":false},"excerpt":{"rendered":"<p>Esta calculadora calcular\u00e1 su Deducci\u00f3n por Ingresos Comerciales Calificados aplicable, tambi\u00e9n conocida como Deducci\u00f3n por Ingresos Comerciales de Transferencia. La deducci\u00f3n se calcula de conformidad con las disposiciones de la Secci\u00f3n 199A del C\u00f3digo de Impuestos Internos, promulgada por la Ley de Reducci\u00f3n de Impuestos y Empleos de 2017. La calculadora se proporciona \u00fanicamente como una herramienta de asistencia... <a href=\"https:\/\/oandgaccounting.com\/es\/resources\/qbi-calculator\/\" class=\"more-link\">Seguir leyendo<span class=\"screen-reader-text\"> \u201cCalculadora QBI 2023\u201d<\/span><\/a><\/p>","protected":false},"author":1,"featured_media":0,"parent":24,"menu_order":0,"comment_status":"closed","ping_status":"closed","template":"QBI_calculator.php","meta":{"_acf_changed":false,"om_disable_all_campaigns":false,"_monsterinsights_skip_tracking":false,"_monsterinsights_sitenote_active":false,"_monsterinsights_sitenote_note":"","_monsterinsights_sitenote_category":0,"_uf_show_specific_survey":0,"_uf_disable_surveys":false,"footnotes":""},"class_list":["post-147","page","type-page","status-publish","hentry"],"acf":[],"yoast_head":"<!-- This site is optimized with the Yoast SEO plugin v27.3 - https:\/\/yoast.com\/product\/yoast-seo-wordpress\/ -->\n<title>QBI Calculator 2023 - O&amp;G Tax and Accounting<\/title>\n<meta name=\"robots\" content=\"index, follow, max-snippet:-1, max-image-preview:large, max-video-preview:-1\" \/>\n<link rel=\"canonical\" href=\"https:\/\/oandgaccounting.com\/es\/resources\/qbi-calculator\/\" \/>\n<meta property=\"og:locale\" content=\"es_ES\" \/>\n<meta property=\"og:type\" content=\"article\" \/>\n<meta property=\"og:title\" content=\"QBI Calculator 2023 - O&amp;G Tax and Accounting\" \/>\n<meta property=\"og:description\" content=\"This calculator will calculate your applicable Qualified Business Income Deduction, also known as the Pass-Through Business Income Deduction. The deduction is calculated pursuant to the provisions of Section 199A of the Internal Revenue Code as enacted by the Tax Cuts &amp; Jobs Act of 2017. The calculator is provided only as a tool in assisting &hellip; Continue reading &quot;QBI Calculator 2023&quot;\" \/>\n<meta property=\"og:url\" content=\"https:\/\/oandgaccounting.com\/es\/resources\/qbi-calculator\/\" \/>\n<meta property=\"og:site_name\" content=\"O&amp;G Tax and Accounting\" \/>\n<meta property=\"article:modified_time\" content=\"2025-11-19T13:09:30+00:00\" \/>\n<meta name=\"twitter:card\" content=\"summary_large_image\" \/>\n<meta name=\"twitter:label1\" content=\"Tiempo de lectura\" \/>\n\t<meta name=\"twitter:data1\" content=\"1 minuto\" \/>\n<script type=\"application\/ld+json\" class=\"yoast-schema-graph\">{\"@context\":\"https:\\\/\\\/schema.org\",\"@graph\":[{\"@type\":\"WebPage\",\"@id\":\"https:\\\/\\\/oandgaccounting.com\\\/resources\\\/qbi-calculator\\\/\",\"url\":\"https:\\\/\\\/oandgaccounting.com\\\/resources\\\/qbi-calculator\\\/\",\"name\":\"QBI Calculator 2023 - O&amp;G Tax and Accounting\",\"isPartOf\":{\"@id\":\"https:\\\/\\\/oandgaccounting.com\\\/#website\"},\"datePublished\":\"2023-11-17T12:08:51+00:00\",\"dateModified\":\"2025-11-19T13:09:30+00:00\",\"breadcrumb\":{\"@id\":\"https:\\\/\\\/oandgaccounting.com\\\/resources\\\/qbi-calculator\\\/#breadcrumb\"},\"inLanguage\":\"es\",\"potentialAction\":[{\"@type\":\"ReadAction\",\"target\":[\"https:\\\/\\\/oandgaccounting.com\\\/resources\\\/qbi-calculator\\\/\"]}]},{\"@type\":\"BreadcrumbList\",\"@id\":\"https:\\\/\\\/oandgaccounting.com\\\/resources\\\/qbi-calculator\\\/#breadcrumb\",\"itemListElement\":[{\"@type\":\"ListItem\",\"position\":1,\"name\":\"Resources\",\"item\":\"https:\\\/\\\/oandgaccounting.com\\\/resources\\\/\"},{\"@type\":\"ListItem\",\"position\":2,\"name\":\"QBI Calculator 2023\"}]},{\"@type\":\"WebSite\",\"@id\":\"https:\\\/\\\/oandgaccounting.com\\\/#website\",\"url\":\"https:\\\/\\\/oandgaccounting.com\\\/\",\"name\":\"O&amp;G Tax and Accounting\",\"description\":\"\",\"publisher\":{\"@id\":\"https:\\\/\\\/oandgaccounting.com\\\/#organization\"},\"potentialAction\":[{\"@type\":\"SearchAction\",\"target\":{\"@type\":\"EntryPoint\",\"urlTemplate\":\"https:\\\/\\\/oandgaccounting.com\\\/?s={search_term_string}\"},\"query-input\":{\"@type\":\"PropertyValueSpecification\",\"valueRequired\":true,\"valueName\":\"search_term_string\"}}],\"inLanguage\":\"es\"},{\"@type\":\"Organization\",\"@id\":\"https:\\\/\\\/oandgaccounting.com\\\/#organization\",\"name\":\"O&amp;G Tax and Accounting\",\"url\":\"https:\\\/\\\/oandgaccounting.com\\\/\",\"logo\":{\"@type\":\"ImageObject\",\"inLanguage\":\"es\",\"@id\":\"https:\\\/\\\/oandgaccounting.com\\\/#\\\/schema\\\/logo\\\/image\\\/\",\"url\":\"https:\\\/\\\/oandgaccounting.com\\\/wp-content\\\/uploads\\\/2019\\\/07\\\/logo.png\",\"contentUrl\":\"https:\\\/\\\/oandgaccounting.com\\\/wp-content\\\/uploads\\\/2019\\\/07\\\/logo.png\",\"width\":123,\"height\":74,\"caption\":\"O&amp;G Tax and Accounting\"},\"image\":{\"@id\":\"https:\\\/\\\/oandgaccounting.com\\\/#\\\/schema\\\/logo\\\/image\\\/\"}}]}<\/script>\n<!-- \/ Yoast SEO plugin. -->","yoast_head_json":{"title":"Calculadora QBI 2023 - Impuestos y contabilidad de petr\u00f3leo y gas","robots":{"index":"index","follow":"follow","max-snippet":"max-snippet:-1","max-image-preview":"max-image-preview:large","max-video-preview":"max-video-preview:-1"},"canonical":"https:\/\/oandgaccounting.com\/es\/resources\/qbi-calculator\/","og_locale":"es_ES","og_type":"article","og_title":"QBI Calculator 2023 - O&amp;G Tax and Accounting","og_description":"This calculator will calculate your applicable Qualified Business Income Deduction, also known as the Pass-Through Business Income Deduction. The deduction is calculated pursuant to the provisions of Section 199A of the Internal Revenue Code as enacted by the Tax Cuts &amp; Jobs Act of 2017. The calculator is provided only as a tool in assisting &hellip; Continue reading \"QBI Calculator 2023\"","og_url":"https:\/\/oandgaccounting.com\/es\/resources\/qbi-calculator\/","og_site_name":"O&amp;G Tax and Accounting","article_modified_time":"2025-11-19T13:09:30+00:00","twitter_card":"summary_large_image","twitter_misc":{"Tiempo de lectura":"1 minuto"},"schema":{"@context":"https:\/\/schema.org","@graph":[{"@type":"WebPage","@id":"https:\/\/oandgaccounting.com\/resources\/qbi-calculator\/","url":"https:\/\/oandgaccounting.com\/resources\/qbi-calculator\/","name":"Calculadora QBI 2023 - Impuestos y contabilidad de petr\u00f3leo y gas","isPartOf":{"@id":"https:\/\/oandgaccounting.com\/#website"},"datePublished":"2023-11-17T12:08:51+00:00","dateModified":"2025-11-19T13:09:30+00:00","breadcrumb":{"@id":"https:\/\/oandgaccounting.com\/resources\/qbi-calculator\/#breadcrumb"},"inLanguage":"es","potentialAction":[{"@type":"ReadAction","target":["https:\/\/oandgaccounting.com\/resources\/qbi-calculator\/"]}]},{"@type":"BreadcrumbList","@id":"https:\/\/oandgaccounting.com\/resources\/qbi-calculator\/#breadcrumb","itemListElement":[{"@type":"ListItem","position":1,"name":"Resources","item":"https:\/\/oandgaccounting.com\/resources\/"},{"@type":"ListItem","position":2,"name":"QBI Calculator 2023"}]},{"@type":"WebSite","@id":"https:\/\/oandgaccounting.com\/#website","url":"https:\/\/oandgaccounting.com\/","name":"Impuestos y contabilidad de petr\u00f3leo y gas","description":"","publisher":{"@id":"https:\/\/oandgaccounting.com\/#organization"},"potentialAction":[{"@type":"SearchAction","target":{"@type":"EntryPoint","urlTemplate":"https:\/\/oandgaccounting.com\/?s={search_term_string}"},"query-input":{"@type":"PropertyValueSpecification","valueRequired":true,"valueName":"search_term_string"}}],"inLanguage":"es"},{"@type":"Organization","@id":"https:\/\/oandgaccounting.com\/#organization","name":"Impuestos y contabilidad de petr\u00f3leo y gas","url":"https:\/\/oandgaccounting.com\/","logo":{"@type":"ImageObject","inLanguage":"es","@id":"https:\/\/oandgaccounting.com\/#\/schema\/logo\/image\/","url":"https:\/\/oandgaccounting.com\/wp-content\/uploads\/2019\/07\/logo.png","contentUrl":"https:\/\/oandgaccounting.com\/wp-content\/uploads\/2019\/07\/logo.png","width":123,"height":74,"caption":"O&amp;G Tax and Accounting"},"image":{"@id":"https:\/\/oandgaccounting.com\/#\/schema\/logo\/image\/"}}]}},"_links":{"self":[{"href":"https:\/\/oandgaccounting.com\/es\/wp-json\/wp\/v2\/pages\/147","targetHints":{"allow":["GET"]}}],"collection":[{"href":"https:\/\/oandgaccounting.com\/es\/wp-json\/wp\/v2\/pages"}],"about":[{"href":"https:\/\/oandgaccounting.com\/es\/wp-json\/wp\/v2\/types\/page"}],"author":[{"embeddable":true,"href":"https:\/\/oandgaccounting.com\/es\/wp-json\/wp\/v2\/users\/1"}],"replies":[{"embeddable":true,"href":"https:\/\/oandgaccounting.com\/es\/wp-json\/wp\/v2\/comments?post=147"}],"version-history":[{"count":0,"href":"https:\/\/oandgaccounting.com\/es\/wp-json\/wp\/v2\/pages\/147\/revisions"}],"up":[{"embeddable":true,"href":"https:\/\/oandgaccounting.com\/es\/wp-json\/wp\/v2\/pages\/24"}],"wp:attachment":[{"href":"https:\/\/oandgaccounting.com\/es\/wp-json\/wp\/v2\/media?parent=147"}],"curies":[{"name":"wp","href":"https:\/\/api.w.org\/{rel}","templated":true}]}}