{"id":20,"date":"2019-07-13T06:59:30","date_gmt":"2019-07-13T06:59:30","guid":{"rendered":"http:\/\/192.168.0.3\/ong\/?page_id=20"},"modified":"2020-11-07T07:09:25","modified_gmt":"2020-11-07T07:09:25","slug":"about","status":"publish","type":"page","link":"https:\/\/oandgaccounting.com\/es\/about\/","title":{"rendered":"Acerca de"},"content":{"rendered":"<p>Nuestra empresa est\u00e1 formada por profesionales experimentados que ofrecen servicios personalizados y receptivos, propios de una peque\u00f1a firma. Comprendemos las sensibilidades de nuestra preciada clientela, ya que trabajamos con altos est\u00e1ndares de profesionalidad y experiencia. Nos enorgullece que nuestros clientes vuelvan a nosotros una y otra vez.<\/p>\n<p>Como empresa virtual de contabilidad y tenedur\u00eda de libros, estamos en la mejor posici\u00f3n para ofrecer asesoramiento financiero honesto y confiable que ayudar\u00e1 a su negocio a crecer y prosperar.<\/p>\n<p>Trabajar con empresas m\u00e1s peque\u00f1as en todo el mundo y dentro de los 50 estados de EE. UU. implica una gran flexibilidad y apalancamiento que resulta beneficioso para su negocio.<\/p>","protected":false},"excerpt":{"rendered":"<p>Nuestra empresa est\u00e1 formada por profesionales experimentados que ofrecen servicios personalizados y receptivos, propios de una peque\u00f1a empresa. Comprendemos las sensibilidades de nuestra preciada clientela, ya que trabajamos con altos est\u00e1ndares de profesionalidad y experiencia. Nos enorgullece que nuestros clientes vuelvan a nosotros una y otra vez. Como servicio virtual de contabilidad y tenedur\u00eda de libros\u2026 <a href=\"https:\/\/oandgaccounting.com\/es\/about\/\" class=\"more-link\">Seguir leyendo<span class=\"screen-reader-text\"> \u201c&quot;Acerca de&quot;\u201d<\/span><\/a><\/p>","protected":false},"author":1,"featured_media":102,"parent":0,"menu_order":0,"comment_status":"closed","ping_status":"closed","template":"about.php","meta":{"_acf_changed":false,"om_disable_all_campaigns":false,"_monsterinsights_skip_tracking":false,"_monsterinsights_sitenote_active":false,"_monsterinsights_sitenote_note":"","_monsterinsights_sitenote_category":0,"_uf_show_specific_survey":0,"_uf_disable_surveys":false,"footnotes":""},"class_list":["post-20","page","type-page","status-publish","has-post-thumbnail","hentry"],"acf":[],"yoast_head":"<!-- This site is optimized with the Yoast SEO plugin v27.3 - https:\/\/yoast.com\/product\/yoast-seo-wordpress\/ -->\n<title>About - O&amp;G Tax and Accounting<\/title>\n<meta name=\"robots\" content=\"index, follow, max-snippet:-1, max-image-preview:large, max-video-preview:-1\" \/>\n<link rel=\"canonical\" href=\"https:\/\/oandgaccounting.com\/es\/about\/\" \/>\n<meta property=\"og:locale\" content=\"es_ES\" \/>\n<meta property=\"og:type\" content=\"article\" \/>\n<meta property=\"og:title\" content=\"About - O&amp;G Tax and Accounting\" \/>\n<meta property=\"og:description\" content=\"Our company consist of seasoned professionals with personal and responsive services of a smaller firm. We understand the sensibilities of our cherished clientele because we work and abide high standard of professional and experience. We take great pride in the fact that clients return to us again and again. As a virtual Bookkeeping and Accounting &hellip; Continue reading &quot;About&quot;\" \/>\n<meta property=\"og:url\" content=\"https:\/\/oandgaccounting.com\/es\/about\/\" \/>\n<meta property=\"og:site_name\" content=\"O&amp;G Tax and Accounting\" \/>\n<meta property=\"article:modified_time\" content=\"2020-11-07T07:09:25+00:00\" \/>\n<meta property=\"og:image\" content=\"https:\/\/oandgaccounting.com\/wp-content\/uploads\/2019\/07\/ceo.jpg\" \/>\n\t<meta property=\"og:image:width\" content=\"618\" \/>\n\t<meta property=\"og:image:height\" content=\"595\" \/>\n\t<meta property=\"og:image:type\" content=\"image\/jpeg\" \/>\n<meta name=\"twitter:card\" content=\"summary_large_image\" \/>\n<meta name=\"twitter:label1\" content=\"Tiempo de lectura\" \/>\n\t<meta name=\"twitter:data1\" content=\"1 minuto\" \/>\n<script type=\"application\/ld+json\" class=\"yoast-schema-graph\">{\"@context\":\"https:\\\/\\\/schema.org\",\"@graph\":[{\"@type\":\"WebPage\",\"@id\":\"https:\\\/\\\/oandgaccounting.com\\\/about\\\/\",\"url\":\"https:\\\/\\\/oandgaccounting.com\\\/about\\\/\",\"name\":\"About - O&amp;G Tax and Accounting\",\"isPartOf\":{\"@id\":\"https:\\\/\\\/oandgaccounting.com\\\/#website\"},\"primaryImageOfPage\":{\"@id\":\"https:\\\/\\\/oandgaccounting.com\\\/about\\\/#primaryimage\"},\"image\":{\"@id\":\"https:\\\/\\\/oandgaccounting.com\\\/about\\\/#primaryimage\"},\"thumbnailUrl\":\"https:\\\/\\\/oandgaccounting.com\\\/wp-content\\\/uploads\\\/2019\\\/07\\\/ceo.jpg\",\"datePublished\":\"2019-07-13T06:59:30+00:00\",\"dateModified\":\"2020-11-07T07:09:25+00:00\",\"inLanguage\":\"es\",\"potentialAction\":[{\"@type\":\"ReadAction\",\"target\":[\"https:\\\/\\\/oandgaccounting.com\\\/about\\\/\"]}]},{\"@type\":\"ImageObject\",\"inLanguage\":\"es\",\"@id\":\"https:\\\/\\\/oandgaccounting.com\\\/about\\\/#primaryimage\",\"url\":\"https:\\\/\\\/oandgaccounting.com\\\/wp-content\\\/uploads\\\/2019\\\/07\\\/ceo.jpg\",\"contentUrl\":\"https:\\\/\\\/oandgaccounting.com\\\/wp-content\\\/uploads\\\/2019\\\/07\\\/ceo.jpg\",\"width\":618,\"height\":595},{\"@type\":\"WebSite\",\"@id\":\"https:\\\/\\\/oandgaccounting.com\\\/#website\",\"url\":\"https:\\\/\\\/oandgaccounting.com\\\/\",\"name\":\"O&amp;G Tax and Accounting\",\"description\":\"\",\"publisher\":{\"@id\":\"https:\\\/\\\/oandgaccounting.com\\\/#organization\"},\"potentialAction\":[{\"@type\":\"SearchAction\",\"target\":{\"@type\":\"EntryPoint\",\"urlTemplate\":\"https:\\\/\\\/oandgaccounting.com\\\/?s={search_term_string}\"},\"query-input\":{\"@type\":\"PropertyValueSpecification\",\"valueRequired\":true,\"valueName\":\"search_term_string\"}}],\"inLanguage\":\"es\"},{\"@type\":\"Organization\",\"@id\":\"https:\\\/\\\/oandgaccounting.com\\\/#organization\",\"name\":\"O&amp;G Tax and Accounting\",\"url\":\"https:\\\/\\\/oandgaccounting.com\\\/\",\"logo\":{\"@type\":\"ImageObject\",\"inLanguage\":\"es\",\"@id\":\"https:\\\/\\\/oandgaccounting.com\\\/#\\\/schema\\\/logo\\\/image\\\/\",\"url\":\"https:\\\/\\\/oandgaccounting.com\\\/wp-content\\\/uploads\\\/2019\\\/07\\\/logo.png\",\"contentUrl\":\"https:\\\/\\\/oandgaccounting.com\\\/wp-content\\\/uploads\\\/2019\\\/07\\\/logo.png\",\"width\":123,\"height\":74,\"caption\":\"O&amp;G Tax and Accounting\"},\"image\":{\"@id\":\"https:\\\/\\\/oandgaccounting.com\\\/#\\\/schema\\\/logo\\\/image\\\/\"}}]}<\/script>\n<!-- \/ Yoast SEO plugin. -->","yoast_head_json":{"title":"Acerca de - Impuestos y Contabilidad O&amp;G","robots":{"index":"index","follow":"follow","max-snippet":"max-snippet:-1","max-image-preview":"max-image-preview:large","max-video-preview":"max-video-preview:-1"},"canonical":"https:\/\/oandgaccounting.com\/es\/about\/","og_locale":"es_ES","og_type":"article","og_title":"About - O&amp;G Tax and Accounting","og_description":"Our company consist of seasoned professionals with personal and responsive services of a smaller firm. We understand the sensibilities of our cherished clientele because we work and abide high standard of professional and experience. We take great pride in the fact that clients return to us again and again. As a virtual Bookkeeping and Accounting &hellip; Continue reading \"About\"","og_url":"https:\/\/oandgaccounting.com\/es\/about\/","og_site_name":"O&amp;G Tax and Accounting","article_modified_time":"2020-11-07T07:09:25+00:00","og_image":[{"width":618,"height":595,"url":"https:\/\/oandgaccounting.com\/wp-content\/uploads\/2019\/07\/ceo.jpg","type":"image\/jpeg"}],"twitter_card":"summary_large_image","twitter_misc":{"Tiempo de lectura":"1 minuto"},"schema":{"@context":"https:\/\/schema.org","@graph":[{"@type":"WebPage","@id":"https:\/\/oandgaccounting.com\/about\/","url":"https:\/\/oandgaccounting.com\/about\/","name":"Acerca de - Impuestos y Contabilidad O&amp;G","isPartOf":{"@id":"https:\/\/oandgaccounting.com\/#website"},"primaryImageOfPage":{"@id":"https:\/\/oandgaccounting.com\/about\/#primaryimage"},"image":{"@id":"https:\/\/oandgaccounting.com\/about\/#primaryimage"},"thumbnailUrl":"https:\/\/oandgaccounting.com\/wp-content\/uploads\/2019\/07\/ceo.jpg","datePublished":"2019-07-13T06:59:30+00:00","dateModified":"2020-11-07T07:09:25+00:00","inLanguage":"es","potentialAction":[{"@type":"ReadAction","target":["https:\/\/oandgaccounting.com\/about\/"]}]},{"@type":"ImageObject","inLanguage":"es","@id":"https:\/\/oandgaccounting.com\/about\/#primaryimage","url":"https:\/\/oandgaccounting.com\/wp-content\/uploads\/2019\/07\/ceo.jpg","contentUrl":"https:\/\/oandgaccounting.com\/wp-content\/uploads\/2019\/07\/ceo.jpg","width":618,"height":595},{"@type":"WebSite","@id":"https:\/\/oandgaccounting.com\/#website","url":"https:\/\/oandgaccounting.com\/","name":"Impuestos y contabilidad de petr\u00f3leo y gas","description":"","publisher":{"@id":"https:\/\/oandgaccounting.com\/#organization"},"potentialAction":[{"@type":"SearchAction","target":{"@type":"EntryPoint","urlTemplate":"https:\/\/oandgaccounting.com\/?s={search_term_string}"},"query-input":{"@type":"PropertyValueSpecification","valueRequired":true,"valueName":"search_term_string"}}],"inLanguage":"es"},{"@type":"Organization","@id":"https:\/\/oandgaccounting.com\/#organization","name":"Impuestos y contabilidad de petr\u00f3leo y gas","url":"https:\/\/oandgaccounting.com\/","logo":{"@type":"ImageObject","inLanguage":"es","@id":"https:\/\/oandgaccounting.com\/#\/schema\/logo\/image\/","url":"https:\/\/oandgaccounting.com\/wp-content\/uploads\/2019\/07\/logo.png","contentUrl":"https:\/\/oandgaccounting.com\/wp-content\/uploads\/2019\/07\/logo.png","width":123,"height":74,"caption":"O&amp;G Tax and Accounting"},"image":{"@id":"https:\/\/oandgaccounting.com\/#\/schema\/logo\/image\/"}}]}},"_links":{"self":[{"href":"https:\/\/oandgaccounting.com\/es\/wp-json\/wp\/v2\/pages\/20","targetHints":{"allow":["GET"]}}],"collection":[{"href":"https:\/\/oandgaccounting.com\/es\/wp-json\/wp\/v2\/pages"}],"about":[{"href":"https:\/\/oandgaccounting.com\/es\/wp-json\/wp\/v2\/types\/page"}],"author":[{"embeddable":true,"href":"https:\/\/oandgaccounting.com\/es\/wp-json\/wp\/v2\/users\/1"}],"replies":[{"embeddable":true,"href":"https:\/\/oandgaccounting.com\/es\/wp-json\/wp\/v2\/comments?post=20"}],"version-history":[{"count":0,"href":"https:\/\/oandgaccounting.com\/es\/wp-json\/wp\/v2\/pages\/20\/revisions"}],"wp:featuredmedia":[{"embeddable":true,"href":"https:\/\/oandgaccounting.com\/es\/wp-json\/wp\/v2\/media\/102"}],"wp:attachment":[{"href":"https:\/\/oandgaccounting.com\/es\/wp-json\/wp\/v2\/media?parent=20"}],"curies":[{"name":"wp","href":"https:\/\/api.w.org\/{rel}","templated":true}]}}