{"id":4057,"date":"2024-01-01T05:31:41","date_gmt":"2024-01-01T05:31:41","guid":{"rendered":"https:\/\/oandgaccounting.com\/?page_id=4057"},"modified":"2025-03-07T11:03:46","modified_gmt":"2025-03-07T11:03:46","slug":"understanding-tax-implications-for-nonresident-aliens-with-us-based-llcs-selling-digital-products-abroad","status":"publish","type":"page","link":"https:\/\/oandgaccounting.com\/es\/foreign-owned-us-llc\/understanding-tax-implications-for-nonresident-aliens-with-us-based-llcs-selling-digital-products-abroad\/","title":{"rendered":"Comprensi\u00f3n de las implicaciones fiscales para extranjeros no residentes con LLC con sede en EE. UU. que venden productos digitales en el extranjero: una gu\u00eda detallada"},"content":{"rendered":"<div class=\"onefivequestion\">\n<div class=\"container py-4 text-left\">\n<h5>Pregunta: Soy un extranjero no residente que est\u00e1 considerando crear una LLC unipersonal de propiedad extranjera en EE. UU. para vender productos digitales exclusivamente a clientes en Europa a trav\u00e9s de ClickBank.com. Mi pregunta es si esto se considerar\u00eda una actividad comercial vinculada efectivamente con EE. UU. y si estar\u00eda obligado a pagar impuestos en EE. UU.<\/h5>\n<p>        Respuesta: Como experto en impuestos internacionales, s\u00e9 que navegar por el complejo mundo de los impuestos puede ser una tarea abrumadora, en particular para <a href=\"https:\/\/www.irs.gov\/individuals\/international-taxpayers\/nonresident-aliens#:~:text=An%20alien%20is%20any%20individual,or%20the%20substantial%20presence%20test.\" rel=\"noopener\" target=\"_blank\">extranjeros no residentes<\/a> que poseen una empresa con sede en EE.UU. <a href=\"https:\/\/www.irs.gov\/businesses\/small-businesses-self-employed\/single-member-limited-liability-companies\" rel=\"noopener\" target=\"_blank\">LLC de un solo miembro<\/a>. Asegurarse de tener una comprensi\u00f3n completa de sus obligaciones fiscales es crucial para el cumplimiento legal y su tranquilidad.<\/p>\n<p>Para aclarar, los extranjeros no residentes tributan sobre los ingresos del FDAP de origen estadounidense y sobre los ingresos de origen estadounidense vinculados a una actividad comercial o empresarial en Estados Unidos. En el caso de una LLC unipersonal propiedad de una persona extranjera, la entidad se considera una entidad no considerada a efectos fiscales. Esto significa que los ingresos, deducciones, cr\u00e9ditos y p\u00e9rdidas se transfieren al propietario de la LLC, quien es responsable de declarar esta informaci\u00f3n en su declaraci\u00f3n de impuestos. La LLC no est\u00e1 obligada a declarar ni pagar impuestos.<\/p>\n<p>Con base en la informaci\u00f3n que usted proporcion\u00f3, parece que los ingresos generados por la venta de productos digitales exclusivamente a clientes europeos ser\u00edan <a href=\"https:\/\/nratax.oc.finance.harvard.edu\/usor-foreign-source-income\" rel=\"noopener\" target=\"_blank\">ingresos de fuente extranjera<\/a>, y no habr\u00eda implicaciones fiscales en Estados Unidos a menos que tenga una <a href=\"https:\/\/www.law.cornell.edu\/cfr\/text\/26\/1.864-7#:~:text=As%20a%20general%20rule%2C%20an,in%20a%20trade%20or%20business.\" rel=\"noopener\" target=\"_blank\">oficina u otro lugar fijo de negocios<\/a> dentro de los Estados Unidos a los que se atribuyen los ingresos. En resumen, es poco probable que la actividad que describi\u00f3 se considere <a href=\"https:\/\/www.irs.gov\/individuals\/international-taxpayers\/effectively-connected-income-eci#:~:text=Generally%2C%20when%20a%20foreign%20person,Effectively%20Connected%20Income%20(ECI).\" rel=\"noopener\" target=\"_blank\">ingresos efectivamente conectados<\/a>.<\/p>\n<p>Es importante tener en cuenta que si un <a href=\"https:\/\/www.irs.gov\/businesses\/small-businesses-self-employed\/llc-filing-as-a-corporation-or-partnership#:~:text=For%20income%20tax%20purposes%2C%20an,still%20considered%20a%20separate%20entity.\" rel=\"noopener\" target=\"_blank\">LLC ha elegido ser tratada como una corporaci\u00f3n<\/a>n, se deber\u00e1 pagar impuestos sobre todas las fuentes de ingresos, independientemente de si provienen de Estados Unidos o del extranjero. Para las empresas, la distinci\u00f3n entre ingresos efectivamente conectados e ingresos no efectivamente conectados no es relevante para la tributaci\u00f3n de las empresas nacionales.<\/p>\n<p>Una LLC de propiedad extranjera podr\u00eda necesitar presentar diversas declaraciones de impuestos federales y declaraciones informativas, seg\u00fan su clasificaci\u00f3n fiscal y estructura de propiedad. Algunos formularios que podr\u00edan requerirse incluyen:<\/p>\n<ul class=\"single border-0 pb-0 mb-0\">\n<li>Proforma 1120 y Formulario 5472: Si la LLC es una LLC de un solo miembro de propiedad extranjera, es posible que deba presentar una <a href=\"https:\/\/oandgaccounting.com\/foreign-owned-us-llc\/how-to-file-forms-5472-and-1120-for-a-foreign-owned-single-member-llc\/\" rel=\"noopener\" target=\"_blank\">Proforma 1120 y Formulario 5472<\/a> con el IRS.<\/li>\n<li>Formulario 1065: Si la LLC se considera una sociedad para fines fiscales federales, deber\u00e1 presentar <a href=\"https:\/\/www.irs.gov\/forms-pubs\/about-form-1065\" rel=\"noopener\" target=\"_blank\">Formulario 1065<\/a> con el IRS.<\/li>\n<li>Formulario 1120: Si la LLC ha elegido ser tratada como una corporaci\u00f3n C para fines fiscales federales, deber\u00e1 presentar <a href=\"https:\/\/www.irs.gov\/forms-pubs\/about-form-1120#:~:text=Schedule%20UTP%20(Form%201120)%20asks,equal%20or%20exceed%20%2410%20million.\" rel=\"noopener\" target=\"_blank\">Formulario 1120<\/a> con el IRS.<\/li>\n<\/ul>\n<p>Adem\u00e1s de tener en cuenta sus obligaciones de presentaci\u00f3n de informes fiscales y de informaci\u00f3n en los Estados Unidos, es fundamental conocer las posibles consecuencias fiscales en su pa\u00eds de origen, pa\u00eds de residencia o la empresa matriz. <a href=\"https:\/\/www.lexisnexis.co.uk\/legal\/commentary\/halsburys-laws-of-england\/companies\/nationality-domicile-residence-of-company-01\" rel=\"noopener\" target=\"_blank\">pa\u00eds de domicilio de la empresa<\/a>. Siempre es aconsejable consultar con un experto local dentro de esa jurisdicci\u00f3n.<\/p>\n<p>En conclusi\u00f3n, si usted es un extranjero no residente preocupado por sus obligaciones tributarias en EE. UU., es fundamental buscar la ayuda de un contador p\u00fablico certificado (CPA) calificado y con experiencia. Como CPA, estoy aqu\u00ed para ayudarle a comprender las complejidades del sistema tributario estadounidense y garantizar que cumpla con todos los requisitos del IRS. No dude en contactarnos. <a href=\"https:\/\/oandgaccounting.com\/appointment-booking-form\/\" rel=\"noopener\" target=\"_blank\">Cont\u00e1ctame<\/a> para discutir m\u00e1s a fondo su situaci\u00f3n fiscal y estar\u00e9 encantado de ayudarle.\n<\/p>\n<\/ol>\n<p> <strong>\u00a1\u00a1Nueva alerta de cumplimiento!!:<\/strong> El 1 de enero de 2024, el<a href=\"https:\/\/www.fincen.gov\/news\/news-releases\/us-beneficial-ownership-information-registry-now-accepting-reports\" rel=\"noopener\" target=\"_blank\"> Red de Control de Delitos Financieros (FinCEN)<\/a> anunci\u00f3 el inicio de <a href=\"https:\/\/www.fincen.gov\/boi\" rel=\"noopener\" target=\"_blank\">Informe de informaci\u00f3n sobre propiedad beneficiosa (BOI)<\/a> bajo la Ley de Transparencia Corporativa (CTA). Este avance crucial garantiza una mayor transparencia y contribuye a la lucha contra las actividades financieras il\u00edcitas. Las empresas establecidas o registradas en EE. UU. deben cumplir con estas normas de informaci\u00f3n, lo que contribuye a un entorno corporativo m\u00e1s responsable.<a href=\"https:\/\/www.fincen.gov\/news\/news-releases\/us-beneficial-ownership-information-registry-now-accepting-reports\" rel=\"noopener\" target=\"_blank\">M\u00e1s informaci\u00f3n<\/a> y <a href=\"https:\/\/oandgaccounting.com\/corporate-transparency-act-cta-filing-service\/\" rel=\"noopener\" target=\"_blank\">busca orientaci\u00f3n aqu\u00ed<\/a>.<\/p>\n<\/p><\/div>","protected":false},"excerpt":{"rendered":"<p>Pregunta: Soy un extranjero no residente que est\u00e1 considerando crear una LLC unipersonal de propiedad extranjera en EE. UU. para vender productos digitales exclusivamente a clientes en Europa a trav\u00e9s de ClickBank.com. Mi pregunta es si esto se considerar\u00eda una actividad comercial vinculada efectivamente con EE. UU. y si estar\u00eda obligado a pagar impuestos en EE. UU. Respuesta: \u2026 <a href=\"https:\/\/oandgaccounting.com\/es\/foreign-owned-us-llc\/understanding-tax-implications-for-nonresident-aliens-with-us-based-llcs-selling-digital-products-abroad\/\" class=\"more-link\">Seguir leyendo<span class=\"screen-reader-text\"> \u201cComprensi\u00f3n de las implicaciones fiscales para extranjeros no residentes con sociedades de responsabilidad limitada (LLC) con sede en EE. UU. que venden productos digitales en el extranjero: Una gu\u00eda detallada\u201d<\/span><\/a><\/p>","protected":false},"author":1,"featured_media":0,"parent":30,"menu_order":0,"comment_status":"closed","ping_status":"closed","template":"default_withchat.php","meta":{"_acf_changed":false,"om_disable_all_campaigns":false,"_monsterinsights_skip_tracking":false,"_monsterinsights_sitenote_active":false,"_monsterinsights_sitenote_note":"","_monsterinsights_sitenote_category":0,"_uf_show_specific_survey":0,"_uf_disable_surveys":false,"footnotes":""},"class_list":["post-4057","page","type-page","status-publish","hentry"],"acf":[],"yoast_head":"<!-- This site is optimized with the Yoast SEO plugin v27.3 - https:\/\/yoast.com\/product\/yoast-seo-wordpress\/ -->\n<title>Understanding Tax Implications for Nonresident Aliens with US-Based LLCs Selling Digital Products Abroad: An In-Depth Guide - O&amp;G Tax and Accounting<\/title>\n<meta name=\"robots\" content=\"index, follow, max-snippet:-1, max-image-preview:large, max-video-preview:-1\" \/>\n<link rel=\"canonical\" href=\"https:\/\/oandgaccounting.com\/es\/foreign-owned-us-llc\/understanding-tax-implications-for-nonresident-aliens-with-us-based-llcs-selling-digital-products-abroad\/\" \/>\n<meta property=\"og:locale\" content=\"es_ES\" \/>\n<meta property=\"og:type\" content=\"article\" \/>\n<meta property=\"og:title\" content=\"Understanding Tax Implications for Nonresident Aliens with US-Based LLCs Selling Digital Products Abroad: An In-Depth Guide - O&amp;G Tax and Accounting\" \/>\n<meta property=\"og:description\" content=\"Question: I am a non-resident alien who is considering creating a foreign-owned, single member LLC in the US to sell digital products exclusively to customers in Europe through ClickBank.com. My question is whether this would be considered doing business effectively connected with the US and if I would be required to pay US taxes? Answer: &hellip; Continue reading &quot;Understanding Tax Implications for Nonresident Aliens with US-Based LLCs Selling Digital Products Abroad: An In-Depth Guide&quot;\" \/>\n<meta property=\"og:url\" content=\"https:\/\/oandgaccounting.com\/es\/foreign-owned-us-llc\/understanding-tax-implications-for-nonresident-aliens-with-us-based-llcs-selling-digital-products-abroad\/\" \/>\n<meta property=\"og:site_name\" content=\"O&amp;G Tax and Accounting\" \/>\n<meta property=\"article:modified_time\" content=\"2025-03-07T11:03:46+00:00\" \/>\n<meta name=\"twitter:card\" content=\"summary_large_image\" \/>\n<meta name=\"twitter:label1\" content=\"Tiempo de lectura\" \/>\n\t<meta name=\"twitter:data1\" content=\"3 minutos\" \/>\n<script type=\"application\/ld+json\" class=\"yoast-schema-graph\">{\"@context\":\"https:\\\/\\\/schema.org\",\"@graph\":[{\"@type\":\"WebPage\",\"@id\":\"https:\\\/\\\/oandgaccounting.com\\\/foreign-owned-us-llc\\\/understanding-tax-implications-for-nonresident-aliens-with-us-based-llcs-selling-digital-products-abroad\\\/\",\"url\":\"https:\\\/\\\/oandgaccounting.com\\\/foreign-owned-us-llc\\\/understanding-tax-implications-for-nonresident-aliens-with-us-based-llcs-selling-digital-products-abroad\\\/\",\"name\":\"Understanding Tax Implications for Nonresident Aliens with US-Based LLCs Selling Digital Products Abroad: An In-Depth Guide - O&amp;G Tax and Accounting\",\"isPartOf\":{\"@id\":\"https:\\\/\\\/oandgaccounting.com\\\/#website\"},\"datePublished\":\"2024-01-01T05:31:41+00:00\",\"dateModified\":\"2025-03-07T11:03:46+00:00\",\"breadcrumb\":{\"@id\":\"https:\\\/\\\/oandgaccounting.com\\\/foreign-owned-us-llc\\\/understanding-tax-implications-for-nonresident-aliens-with-us-based-llcs-selling-digital-products-abroad\\\/#breadcrumb\"},\"inLanguage\":\"es\",\"potentialAction\":[{\"@type\":\"ReadAction\",\"target\":[\"https:\\\/\\\/oandgaccounting.com\\\/foreign-owned-us-llc\\\/understanding-tax-implications-for-nonresident-aliens-with-us-based-llcs-selling-digital-products-abroad\\\/\"]}]},{\"@type\":\"BreadcrumbList\",\"@id\":\"https:\\\/\\\/oandgaccounting.com\\\/foreign-owned-us-llc\\\/understanding-tax-implications-for-nonresident-aliens-with-us-based-llcs-selling-digital-products-abroad\\\/#breadcrumb\",\"itemListElement\":[{\"@type\":\"ListItem\",\"position\":1,\"name\":\"Foreign Owned US LLC\",\"item\":\"https:\\\/\\\/oandgaccounting.com\\\/foreign-owned-us-llc\\\/\"},{\"@type\":\"ListItem\",\"position\":2,\"name\":\"Understanding Tax Implications for Nonresident Aliens with US-Based LLCs Selling Digital Products Abroad: An In-Depth Guide\"}]},{\"@type\":\"WebSite\",\"@id\":\"https:\\\/\\\/oandgaccounting.com\\\/#website\",\"url\":\"https:\\\/\\\/oandgaccounting.com\\\/\",\"name\":\"O&amp;G Tax and Accounting\",\"description\":\"\",\"publisher\":{\"@id\":\"https:\\\/\\\/oandgaccounting.com\\\/#organization\"},\"potentialAction\":[{\"@type\":\"SearchAction\",\"target\":{\"@type\":\"EntryPoint\",\"urlTemplate\":\"https:\\\/\\\/oandgaccounting.com\\\/?s={search_term_string}\"},\"query-input\":{\"@type\":\"PropertyValueSpecification\",\"valueRequired\":true,\"valueName\":\"search_term_string\"}}],\"inLanguage\":\"es\"},{\"@type\":\"Organization\",\"@id\":\"https:\\\/\\\/oandgaccounting.com\\\/#organization\",\"name\":\"O&amp;G Tax and Accounting\",\"url\":\"https:\\\/\\\/oandgaccounting.com\\\/\",\"logo\":{\"@type\":\"ImageObject\",\"inLanguage\":\"es\",\"@id\":\"https:\\\/\\\/oandgaccounting.com\\\/#\\\/schema\\\/logo\\\/image\\\/\",\"url\":\"https:\\\/\\\/oandgaccounting.com\\\/wp-content\\\/uploads\\\/2019\\\/07\\\/logo.png\",\"contentUrl\":\"https:\\\/\\\/oandgaccounting.com\\\/wp-content\\\/uploads\\\/2019\\\/07\\\/logo.png\",\"width\":123,\"height\":74,\"caption\":\"O&amp;G Tax and Accounting\"},\"image\":{\"@id\":\"https:\\\/\\\/oandgaccounting.com\\\/#\\\/schema\\\/logo\\\/image\\\/\"}}]}<\/script>\n<!-- \/ Yoast SEO plugin. -->","yoast_head_json":{"title":"Comprensi\u00f3n de las implicaciones fiscales para extranjeros no residentes con LLC con sede en EE. UU. que venden productos digitales en el extranjero: una gu\u00eda detallada - Impuestos y contabilidad de petr\u00f3leo y gas","robots":{"index":"index","follow":"follow","max-snippet":"max-snippet:-1","max-image-preview":"max-image-preview:large","max-video-preview":"max-video-preview:-1"},"canonical":"https:\/\/oandgaccounting.com\/es\/foreign-owned-us-llc\/understanding-tax-implications-for-nonresident-aliens-with-us-based-llcs-selling-digital-products-abroad\/","og_locale":"es_ES","og_type":"article","og_title":"Understanding Tax Implications for Nonresident Aliens with US-Based LLCs Selling Digital Products Abroad: An In-Depth Guide - O&amp;G Tax and Accounting","og_description":"Question: I am a non-resident alien who is considering creating a foreign-owned, single member LLC in the US to sell digital products exclusively to customers in Europe through ClickBank.com. My question is whether this would be considered doing business effectively connected with the US and if I would be required to pay US taxes? Answer: &hellip; Continue reading \"Understanding Tax Implications for Nonresident Aliens with US-Based LLCs Selling Digital Products Abroad: An In-Depth Guide\"","og_url":"https:\/\/oandgaccounting.com\/es\/foreign-owned-us-llc\/understanding-tax-implications-for-nonresident-aliens-with-us-based-llcs-selling-digital-products-abroad\/","og_site_name":"O&amp;G Tax and Accounting","article_modified_time":"2025-03-07T11:03:46+00:00","twitter_card":"summary_large_image","twitter_misc":{"Tiempo de lectura":"3 minutos"},"schema":{"@context":"https:\/\/schema.org","@graph":[{"@type":"WebPage","@id":"https:\/\/oandgaccounting.com\/foreign-owned-us-llc\/understanding-tax-implications-for-nonresident-aliens-with-us-based-llcs-selling-digital-products-abroad\/","url":"https:\/\/oandgaccounting.com\/foreign-owned-us-llc\/understanding-tax-implications-for-nonresident-aliens-with-us-based-llcs-selling-digital-products-abroad\/","name":"Comprensi\u00f3n de las implicaciones fiscales para extranjeros no residentes con LLC con sede en EE. UU. que venden productos digitales en el extranjero: una gu\u00eda detallada - Impuestos y contabilidad de petr\u00f3leo y gas","isPartOf":{"@id":"https:\/\/oandgaccounting.com\/#website"},"datePublished":"2024-01-01T05:31:41+00:00","dateModified":"2025-03-07T11:03:46+00:00","breadcrumb":{"@id":"https:\/\/oandgaccounting.com\/foreign-owned-us-llc\/understanding-tax-implications-for-nonresident-aliens-with-us-based-llcs-selling-digital-products-abroad\/#breadcrumb"},"inLanguage":"es","potentialAction":[{"@type":"ReadAction","target":["https:\/\/oandgaccounting.com\/foreign-owned-us-llc\/understanding-tax-implications-for-nonresident-aliens-with-us-based-llcs-selling-digital-products-abroad\/"]}]},{"@type":"BreadcrumbList","@id":"https:\/\/oandgaccounting.com\/foreign-owned-us-llc\/understanding-tax-implications-for-nonresident-aliens-with-us-based-llcs-selling-digital-products-abroad\/#breadcrumb","itemListElement":[{"@type":"ListItem","position":1,"name":"Foreign Owned US LLC","item":"https:\/\/oandgaccounting.com\/foreign-owned-us-llc\/"},{"@type":"ListItem","position":2,"name":"Understanding Tax Implications for Nonresident Aliens with US-Based LLCs Selling Digital Products Abroad: An In-Depth Guide"}]},{"@type":"WebSite","@id":"https:\/\/oandgaccounting.com\/#website","url":"https:\/\/oandgaccounting.com\/","name":"Impuestos y contabilidad de petr\u00f3leo y gas","description":"","publisher":{"@id":"https:\/\/oandgaccounting.com\/#organization"},"potentialAction":[{"@type":"SearchAction","target":{"@type":"EntryPoint","urlTemplate":"https:\/\/oandgaccounting.com\/?s={search_term_string}"},"query-input":{"@type":"PropertyValueSpecification","valueRequired":true,"valueName":"search_term_string"}}],"inLanguage":"es"},{"@type":"Organization","@id":"https:\/\/oandgaccounting.com\/#organization","name":"Impuestos y contabilidad de petr\u00f3leo y gas","url":"https:\/\/oandgaccounting.com\/","logo":{"@type":"ImageObject","inLanguage":"es","@id":"https:\/\/oandgaccounting.com\/#\/schema\/logo\/image\/","url":"https:\/\/oandgaccounting.com\/wp-content\/uploads\/2019\/07\/logo.png","contentUrl":"https:\/\/oandgaccounting.com\/wp-content\/uploads\/2019\/07\/logo.png","width":123,"height":74,"caption":"O&amp;G Tax and Accounting"},"image":{"@id":"https:\/\/oandgaccounting.com\/#\/schema\/logo\/image\/"}}]}},"_links":{"self":[{"href":"https:\/\/oandgaccounting.com\/es\/wp-json\/wp\/v2\/pages\/4057","targetHints":{"allow":["GET"]}}],"collection":[{"href":"https:\/\/oandgaccounting.com\/es\/wp-json\/wp\/v2\/pages"}],"about":[{"href":"https:\/\/oandgaccounting.com\/es\/wp-json\/wp\/v2\/types\/page"}],"author":[{"embeddable":true,"href":"https:\/\/oandgaccounting.com\/es\/wp-json\/wp\/v2\/users\/1"}],"replies":[{"embeddable":true,"href":"https:\/\/oandgaccounting.com\/es\/wp-json\/wp\/v2\/comments?post=4057"}],"version-history":[{"count":0,"href":"https:\/\/oandgaccounting.com\/es\/wp-json\/wp\/v2\/pages\/4057\/revisions"}],"up":[{"embeddable":true,"href":"https:\/\/oandgaccounting.com\/es\/wp-json\/wp\/v2\/pages\/30"}],"wp:attachment":[{"href":"https:\/\/oandgaccounting.com\/es\/wp-json\/wp\/v2\/media?parent=4057"}],"curies":[{"name":"wp","href":"https:\/\/api.w.org\/{rel}","templated":true}]}}