{"id":4062,"date":"2023-03-21T07:13:08","date_gmt":"2023-03-21T07:13:08","guid":{"rendered":"https:\/\/oandgaccounting.com\/?page_id=4062"},"modified":"2025-03-07T11:02:02","modified_gmt":"2025-03-07T11:02:02","slug":"navigating-ustax-compliance-for-foreign-amazon-sellers","status":"publish","type":"page","link":"https:\/\/oandgaccounting.com\/es\/foreign-owned-us-llc\/navigating-ustax-compliance-for-foreign-amazon-sellers\/","title":{"rendered":"C\u00f3mo gestionar el cumplimiento tributario en EE. UU. para vendedores extranjeros de Amazon: Consideraciones clave y asesoramiento de expertos"},"content":{"rendered":"<div class=\"onefivequestion\">\n<div class=\"container py-4 text-left\">\n<h5>Pregunta: Como persona que ha operado en Amazon desde 2016 y que obtuvo un EIN con la ayuda de Nevada Corporate Planners, Inc., recientemente me di cuenta de que a\u00fan no he presentado mi declaraci\u00f3n de impuestos de 2018 ante el IRS, a pesar de que la fecha l\u00edmite ya ha pasado. Dado que creo que no cumplo con los criterios para ser considerado (A) persona estadounidense a efectos fiscales y (B) tener un establecimiento permanente en Estados Unidos, \u00bfesto me eximir\u00eda de cualquier obligaci\u00f3n tributaria sobre mis ventas pasadas?<\/h5>\n<p>        Respuesta: Como propietario de un negocio en Amazon, es importante conocer sus obligaciones fiscales y asegurarse de cumplir con todas las leyes y regulaciones aplicables. En su caso, se ha dado cuenta de que a\u00fan no ha presentado su declaraci\u00f3n de impuestos de 2018 ante el IRS. Si bien cree que... <a href=\"https:\/\/www.irs.gov\/individuals\/international-taxpayers\/classification-of-taxpayers-for-us-tax-purposes\" rel=\"noopener\" target=\"_blank\">No es una persona estadounidense a efectos fiscales.<\/a> y no <a href=\"https:\/\/www.irs.gov\/pub\/int_practice_units\/TRE9450_06_02.pdf\" rel=\"noopener\" target=\"_blank\">tener un establecimiento permanente en los EE. UU.<\/a>, esto no necesariamente lo exime de las obligaciones fiscales sobre sus ventas pasadas.<\/p>\n<p>La determinaci\u00f3n de si est\u00e1 sujeto al impuesto sobre la renta federal de EE. UU. sobre los ingresos de su negocio en Amazon depende de varios factores, incluida su residencia fiscal, <a href=\"https:\/\/www.irs.gov\/individuals\/international-taxpayers\/source-of-income-personal-service-income\" rel=\"noopener\" target=\"_blank\">la fuente de ingresos<\/a>, y <a href=\"https:\/\/www.irs.gov\/businesses\/international-businesses\/united-states-income-tax-treaties-a-to-z\" rel=\"noopener\" target=\"_blank\">el tratado fiscal<\/a> Entre EE. UU. y su pa\u00eds de residencia. Si se le considera extranjero a efectos fiscales, su obligaci\u00f3n tributaria en EE. UU. podr\u00eda limitarse o eliminarse, pero esto depende de las circunstancias espec\u00edficas y de las disposiciones aplicables del tratado fiscal.<\/p>\n<p>Si debe impuestos y no los ha pagado, <a href=\"https:\/\/www.irs.gov\/taxtopics\/tc653\" rel=\"noopener\" target=\"_blank\">inter\u00e9s <\/a>y <a href=\"https:\/\/www.irs.gov\/payments\/penalties\" rel=\"noopener\" target=\"_blank\">sanciones <\/a>continuar\u00e1n acumul\u00e1ndose, por lo tanto, es fundamental abordar el problema de su declaraci\u00f3n de impuestos de 2018 no presentada lo antes posible.<\/p>\n<p>Para determinar su obligaci\u00f3n tributaria como vendedor extranjero en Amazon, es importante comprender los conceptos de \u201c<a href=\"https:\/\/www.irs.gov\/individuals\/international-taxpayers\/effectively-connected-income-eci\" rel=\"noopener\" target=\"_blank\">Comercio o Negocios de EE. UU. (USTB) e Ingresos Efectivamente Conectados (ECI)<\/a>. Seg\u00fan la legislaci\u00f3n fiscal de los EE. UU., una persona o corporaci\u00f3n extranjera que realiza actividades comerciales o de negocios dentro de los EE. UU. est\u00e1 sujeta al impuesto a la renta federal de los EE. UU. sobre sus ingresos que est\u00e9n efectivamente relacionados con la realizaci\u00f3n de una actividad comercial o de negocios dentro de los EE. UU. Sin embargo, el C\u00f3digo de Rentas Internas no tiene una definici\u00f3n sencilla de lo que constituye un USTB.<\/p>\n<p>Es poco probable que una persona extranjera que no se encuentre f\u00edsicamente en EE. UU. y que simplemente solicite pedidos mediante publicidad y env\u00ede inventario a EE. UU. para cumplir con los pedidos participe en un USTB. Sin embargo, si la persona o corporaci\u00f3n extranjera tiene empleados o agentes f\u00edsicamente presentes en EE. UU. con fines publicitarios, demostrativos o de solicitud de pedidos, se podr\u00eda considerar que participa en un USTB. Si se descubre que una persona o corporaci\u00f3n extranjera participa en un USTB, <a href=\"https:\/\/www.irs.gov\/pub\/int_practice_units\/USBCUP_14_2_01.pdf\" rel=\"noopener\" target=\"_blank\">regla de fuerza de atracci\u00f3n limitada 864(c)(3)<\/a> La regla establece que todos sus ingresos provenientes de ventas o servicios provenientes de Estados Unidos estar\u00e1n sujetos a impuestos estadounidenses.<\/p>\n<p>En algunos casos, los tratados fiscales estadounidenses pueden invalidar las disposiciones del ECI y limitar o eliminar la obligaci\u00f3n tributaria estadounidense de una persona extranjera si el ECI no es atribuible a un establecimiento permanente ubicado en Estados Unidos. Para tener un establecimiento permanente, una persona o entidad extranjera debe operar en Estados Unidos a trav\u00e9s de un lugar fijo de negocios. Sin embargo, <a href=\"https:\/\/www.irs.gov\/pub\/irs-utl\/tre_t_016_07_03.pdf\" rel=\"noopener\" target=\"_blank\">Hay excepciones<\/a>s, como utilizar instalaciones \u00fanicamente para el almacenamiento, exhibici\u00f3n o entrega de bienes, o mantener un stock de bienes \u00fanicamente para su procesamiento por otra persona.<\/p>\n<p>Cabe destacar que este art\u00edculo aplica a vendedores extranjeros que operan en otras plataformas importantes de comercio electr\u00f3nico, como Walmart, eBay, Shopify, Etsy y PayPal. Sin embargo, si usted es propietario de una <a href=\"https:\/\/www.irs.gov\/businesses\/partnerships\" rel=\"noopener\" target=\"_blank\">Asociaci\u00f3n con Estados Unidos<\/a> o <a href=\"https:\/\/www.irs.gov\/businesses\/small-businesses-self-employed\/forming-a-corporation#:~:text=A%20corporation%20conducts%20business%2C%20realizes,shareholders%20when%20distributed%20as%20dividends.\" rel=\"noopener\" target=\"_blank\">corporaci\u00f3n<\/a>, Este art\u00edculo no se aplica a usted y debe consultar a un asesor fiscal competente para obtener m\u00e1s informaci\u00f3n.<\/p>\n<p>Adem\u00e1s, es importante conocer sus obligaciones fiscales estatales, ya que cada estado de EE. UU. tiene sus propias leyes y requisitos fiscales. Es posible que tenga obligaciones de declaraci\u00f3n de impuestos estatales, como el registro, la recaudaci\u00f3n y la remisi\u00f3n del impuesto sobre las ventas. Tambi\u00e9n podr\u00eda tener requisitos de franquicia y del impuesto sobre la renta estatales, seg\u00fan el nivel de sus actividades comerciales en cada estado.<\/p>\n<p>En conclusi\u00f3n, como vendedor extranjero en Amazon, es fundamental comprender las implicaciones y requisitos fiscales de EE. UU. para su situaci\u00f3n espec\u00edfica. Si bien es posible que no est\u00e9 sujeto al impuesto federal sobre la renta por los ingresos de su negocio en Amazon debido a su residencia fiscal, la fuente de ingresos y el tratado fiscal entre EE. UU. y su pa\u00eds de residencia, es fundamental buscar asesoramiento profesional para garantizar el cumplimiento de todas las leyes y regulaciones fiscales pertinentes.<\/p>\n<p>Como contador p\u00fablico certificado y \u00fanico profesional en mi firma, me comprometo a brindar servicios personalizados e integrales de planificaci\u00f3n y cumplimiento tributario a personas y empresas extranjeras que participan en el comercio electr\u00f3nico y otras actividades transfronterizas. Mi experiencia y enfoque en tributaci\u00f3n internacional le ayudar\u00e1n a comprender las complejidades de la legislaci\u00f3n fiscal estadounidense, garantizando as\u00ed su cumplimiento y la posibilidad de centrarse en el crecimiento de su negocio.<\/p>\n<p>No permita que los problemas fiscales obstaculicen su \u00e9xito en el mercado global. <a href=\"https:\/\/oandgaccounting.com\/appointment-booking-form\/\" rel=\"noopener\" target=\"_blank\">Cont\u00e1ctame hoy <\/a>para programar una consulta y dejarme ayudarle a minimizar sus obligaciones fiscales y maximizar sus oportunidades financieras.\n<\/p>\n<\/ol>\n<p> <strong>\u00a1\u00a1Nueva alerta de cumplimiento!!:<\/strong> El 1 de enero de 2024, el<a href=\"https:\/\/www.fincen.gov\/news\/news-releases\/us-beneficial-ownership-information-registry-now-accepting-reports\" rel=\"noopener\" target=\"_blank\"> Red de Control de Delitos Financieros (FinCEN)<\/a> anunci\u00f3 el inicio de <a href=\"https:\/\/www.fincen.gov\/boi\" rel=\"noopener\" target=\"_blank\">Informe de informaci\u00f3n sobre propiedad beneficiosa (BOI)<\/a> bajo la Ley de Transparencia Corporativa (CTA). Este avance crucial garantiza una mayor transparencia y contribuye a la lucha contra las actividades financieras il\u00edcitas. Las empresas establecidas o registradas en EE. UU. deben cumplir con estas normas de informaci\u00f3n, lo que contribuye a un entorno corporativo m\u00e1s responsable.<a href=\"https:\/\/www.fincen.gov\/news\/news-releases\/us-beneficial-ownership-information-registry-now-accepting-reports\" rel=\"noopener\" target=\"_blank\">M\u00e1s informaci\u00f3n<\/a> y <a href=\"https:\/\/oandgaccounting.com\/corporate-transparency-act-cta-filing-service\/\" rel=\"noopener\" target=\"_blank\">busca orientaci\u00f3n aqu\u00ed<\/a>.<\/p>\n<\/p><\/div>","protected":false},"excerpt":{"rendered":"<p>Pregunta: Como persona que ha operado en Amazon desde 2016 y obtuvo un EIN con la ayuda de Nevada Corporate Planners, Inc., recientemente me di cuenta de que a\u00fan no he presentado mi declaraci\u00f3n de impuestos de 2018 ante el IRS, a pesar de que la fecha l\u00edmite ya pas\u00f3. Dado que creo que s\u00ed\u2026 <a href=\"https:\/\/oandgaccounting.com\/es\/foreign-owned-us-llc\/navigating-ustax-compliance-for-foreign-amazon-sellers\/\" class=\"more-link\">Seguir leyendo<span class=\"screen-reader-text\"> \u201cC\u00f3mo gestionar el cumplimiento tributario en EE. UU. para vendedores extranjeros de Amazon: Consideraciones clave y orientaci\u00f3n de expertos\u201d<\/span><\/a><\/p>","protected":false},"author":1,"featured_media":0,"parent":30,"menu_order":0,"comment_status":"closed","ping_status":"closed","template":"default_withchat.php","meta":{"_acf_changed":false,"om_disable_all_campaigns":false,"_monsterinsights_skip_tracking":false,"_monsterinsights_sitenote_active":false,"_monsterinsights_sitenote_note":"","_monsterinsights_sitenote_category":0,"_uf_show_specific_survey":0,"_uf_disable_surveys":false,"footnotes":""},"class_list":["post-4062","page","type-page","status-publish","hentry"],"acf":[],"yoast_head":"<!-- This site is optimized with the Yoast SEO plugin v27.5 - https:\/\/yoast.com\/product\/yoast-seo-wordpress\/ -->\n<title>Navigating U.S. Tax Compliance for Foreign Amazon Sellers: Key Considerations and Expert Guidance - O&amp;G Tax and Accounting<\/title>\n<meta name=\"robots\" content=\"index, follow, max-snippet:-1, max-image-preview:large, max-video-preview:-1\" \/>\n<link rel=\"canonical\" href=\"https:\/\/oandgaccounting.com\/es\/foreign-owned-us-llc\/navigating-ustax-compliance-for-foreign-amazon-sellers\/\" \/>\n<meta property=\"og:locale\" content=\"es_ES\" \/>\n<meta property=\"og:type\" content=\"article\" \/>\n<meta property=\"og:title\" content=\"Navigating U.S. Tax Compliance for Foreign Amazon Sellers: Key Considerations and Expert Guidance - O&amp;G Tax and Accounting\" \/>\n<meta property=\"og:description\" content=\"Question: As an individual who has been conducting business on Amazon since 2016 and has obtained an EIN with the assistance of Nevada Corporate Planners, Inc., I have recently realized that I have yet to file my 2018 tax return with the IRS, despite the due date having passed. Given that I believe I do &hellip; Continue reading &quot;Navigating U.S. Tax Compliance for Foreign Amazon Sellers: Key Considerations and Expert Guidance&quot;\" \/>\n<meta property=\"og:url\" content=\"https:\/\/oandgaccounting.com\/es\/foreign-owned-us-llc\/navigating-ustax-compliance-for-foreign-amazon-sellers\/\" \/>\n<meta property=\"og:site_name\" content=\"O&amp;G Tax and Accounting\" \/>\n<meta property=\"article:modified_time\" content=\"2025-03-07T11:02:02+00:00\" \/>\n<meta name=\"twitter:card\" content=\"summary_large_image\" \/>\n<meta name=\"twitter:label1\" content=\"Tiempo de lectura\" \/>\n\t<meta name=\"twitter:data1\" content=\"5 minutos\" \/>\n<script type=\"application\/ld+json\" class=\"yoast-schema-graph\">{\"@context\":\"https:\\\/\\\/schema.org\",\"@graph\":[{\"@type\":\"WebPage\",\"@id\":\"https:\\\/\\\/oandgaccounting.com\\\/foreign-owned-us-llc\\\/navigating-ustax-compliance-for-foreign-amazon-sellers\\\/\",\"url\":\"https:\\\/\\\/oandgaccounting.com\\\/foreign-owned-us-llc\\\/navigating-ustax-compliance-for-foreign-amazon-sellers\\\/\",\"name\":\"Navigating U.S. Tax Compliance for Foreign Amazon Sellers: Key Considerations and Expert Guidance - O&amp;G Tax and Accounting\",\"isPartOf\":{\"@id\":\"https:\\\/\\\/oandgaccounting.com\\\/#website\"},\"datePublished\":\"2023-03-21T07:13:08+00:00\",\"dateModified\":\"2025-03-07T11:02:02+00:00\",\"breadcrumb\":{\"@id\":\"https:\\\/\\\/oandgaccounting.com\\\/foreign-owned-us-llc\\\/navigating-ustax-compliance-for-foreign-amazon-sellers\\\/#breadcrumb\"},\"inLanguage\":\"es\",\"potentialAction\":[{\"@type\":\"ReadAction\",\"target\":[\"https:\\\/\\\/oandgaccounting.com\\\/foreign-owned-us-llc\\\/navigating-ustax-compliance-for-foreign-amazon-sellers\\\/\"]}]},{\"@type\":\"BreadcrumbList\",\"@id\":\"https:\\\/\\\/oandgaccounting.com\\\/foreign-owned-us-llc\\\/navigating-ustax-compliance-for-foreign-amazon-sellers\\\/#breadcrumb\",\"itemListElement\":[{\"@type\":\"ListItem\",\"position\":1,\"name\":\"Foreign Owned US LLC\",\"item\":\"https:\\\/\\\/oandgaccounting.com\\\/foreign-owned-us-llc\\\/\"},{\"@type\":\"ListItem\",\"position\":2,\"name\":\"Navigating U.S. Tax Compliance for Foreign Amazon Sellers: Key Considerations and Expert Guidance\"}]},{\"@type\":\"WebSite\",\"@id\":\"https:\\\/\\\/oandgaccounting.com\\\/#website\",\"url\":\"https:\\\/\\\/oandgaccounting.com\\\/\",\"name\":\"O&amp;G Tax and Accounting\",\"description\":\"\",\"publisher\":{\"@id\":\"https:\\\/\\\/oandgaccounting.com\\\/#organization\"},\"potentialAction\":[{\"@type\":\"SearchAction\",\"target\":{\"@type\":\"EntryPoint\",\"urlTemplate\":\"https:\\\/\\\/oandgaccounting.com\\\/?s={search_term_string}\"},\"query-input\":{\"@type\":\"PropertyValueSpecification\",\"valueRequired\":true,\"valueName\":\"search_term_string\"}}],\"inLanguage\":\"es\"},{\"@type\":\"Organization\",\"@id\":\"https:\\\/\\\/oandgaccounting.com\\\/#organization\",\"name\":\"O&amp;G Tax and Accounting\",\"url\":\"https:\\\/\\\/oandgaccounting.com\\\/\",\"logo\":{\"@type\":\"ImageObject\",\"inLanguage\":\"es\",\"@id\":\"https:\\\/\\\/oandgaccounting.com\\\/#\\\/schema\\\/logo\\\/image\\\/\",\"url\":\"https:\\\/\\\/oandgaccounting.com\\\/wp-content\\\/uploads\\\/2019\\\/07\\\/logo.png\",\"contentUrl\":\"https:\\\/\\\/oandgaccounting.com\\\/wp-content\\\/uploads\\\/2019\\\/07\\\/logo.png\",\"width\":123,\"height\":74,\"caption\":\"O&amp;G Tax and Accounting\"},\"image\":{\"@id\":\"https:\\\/\\\/oandgaccounting.com\\\/#\\\/schema\\\/logo\\\/image\\\/\"}}]}<\/script>\n<!-- \/ Yoast SEO plugin. -->","yoast_head_json":{"title":"C\u00f3mo gestionar el cumplimiento tributario en EE. UU. para vendedores extranjeros de Amazon: Consideraciones clave y asesoramiento de expertos - Impuestos y contabilidad del sector petrolero y petrolero","robots":{"index":"index","follow":"follow","max-snippet":"max-snippet:-1","max-image-preview":"max-image-preview:large","max-video-preview":"max-video-preview:-1"},"canonical":"https:\/\/oandgaccounting.com\/es\/foreign-owned-us-llc\/navigating-ustax-compliance-for-foreign-amazon-sellers\/","og_locale":"es_ES","og_type":"article","og_title":"Navigating U.S. Tax Compliance for Foreign Amazon Sellers: Key Considerations and Expert Guidance - O&amp;G Tax and Accounting","og_description":"Question: As an individual who has been conducting business on Amazon since 2016 and has obtained an EIN with the assistance of Nevada Corporate Planners, Inc., I have recently realized that I have yet to file my 2018 tax return with the IRS, despite the due date having passed. Given that I believe I do &hellip; Continue reading \"Navigating U.S. Tax Compliance for Foreign Amazon Sellers: Key Considerations and Expert Guidance\"","og_url":"https:\/\/oandgaccounting.com\/es\/foreign-owned-us-llc\/navigating-ustax-compliance-for-foreign-amazon-sellers\/","og_site_name":"O&amp;G Tax and Accounting","article_modified_time":"2025-03-07T11:02:02+00:00","twitter_card":"summary_large_image","twitter_misc":{"Tiempo de lectura":"5 minutos"},"schema":{"@context":"https:\/\/schema.org","@graph":[{"@type":"WebPage","@id":"https:\/\/oandgaccounting.com\/foreign-owned-us-llc\/navigating-ustax-compliance-for-foreign-amazon-sellers\/","url":"https:\/\/oandgaccounting.com\/foreign-owned-us-llc\/navigating-ustax-compliance-for-foreign-amazon-sellers\/","name":"C\u00f3mo gestionar el cumplimiento tributario en EE. UU. para vendedores extranjeros de Amazon: Consideraciones clave y asesoramiento de expertos - Impuestos y contabilidad del sector petrolero y petrolero","isPartOf":{"@id":"https:\/\/oandgaccounting.com\/#website"},"datePublished":"2023-03-21T07:13:08+00:00","dateModified":"2025-03-07T11:02:02+00:00","breadcrumb":{"@id":"https:\/\/oandgaccounting.com\/foreign-owned-us-llc\/navigating-ustax-compliance-for-foreign-amazon-sellers\/#breadcrumb"},"inLanguage":"es","potentialAction":[{"@type":"ReadAction","target":["https:\/\/oandgaccounting.com\/foreign-owned-us-llc\/navigating-ustax-compliance-for-foreign-amazon-sellers\/"]}]},{"@type":"BreadcrumbList","@id":"https:\/\/oandgaccounting.com\/foreign-owned-us-llc\/navigating-ustax-compliance-for-foreign-amazon-sellers\/#breadcrumb","itemListElement":[{"@type":"ListItem","position":1,"name":"Foreign Owned US LLC","item":"https:\/\/oandgaccounting.com\/foreign-owned-us-llc\/"},{"@type":"ListItem","position":2,"name":"Navigating U.S. Tax Compliance for Foreign Amazon Sellers: Key Considerations and Expert Guidance"}]},{"@type":"WebSite","@id":"https:\/\/oandgaccounting.com\/#website","url":"https:\/\/oandgaccounting.com\/","name":"Impuestos y contabilidad de petr\u00f3leo y gas","description":"","publisher":{"@id":"https:\/\/oandgaccounting.com\/#organization"},"potentialAction":[{"@type":"SearchAction","target":{"@type":"EntryPoint","urlTemplate":"https:\/\/oandgaccounting.com\/?s={search_term_string}"},"query-input":{"@type":"PropertyValueSpecification","valueRequired":true,"valueName":"search_term_string"}}],"inLanguage":"es"},{"@type":"Organization","@id":"https:\/\/oandgaccounting.com\/#organization","name":"Impuestos y contabilidad de petr\u00f3leo y gas","url":"https:\/\/oandgaccounting.com\/","logo":{"@type":"ImageObject","inLanguage":"es","@id":"https:\/\/oandgaccounting.com\/#\/schema\/logo\/image\/","url":"https:\/\/oandgaccounting.com\/wp-content\/uploads\/2019\/07\/logo.png","contentUrl":"https:\/\/oandgaccounting.com\/wp-content\/uploads\/2019\/07\/logo.png","width":123,"height":74,"caption":"O&amp;G Tax and Accounting"},"image":{"@id":"https:\/\/oandgaccounting.com\/#\/schema\/logo\/image\/"}}]}},"_links":{"self":[{"href":"https:\/\/oandgaccounting.com\/es\/wp-json\/wp\/v2\/pages\/4062","targetHints":{"allow":["GET"]}}],"collection":[{"href":"https:\/\/oandgaccounting.com\/es\/wp-json\/wp\/v2\/pages"}],"about":[{"href":"https:\/\/oandgaccounting.com\/es\/wp-json\/wp\/v2\/types\/page"}],"author":[{"embeddable":true,"href":"https:\/\/oandgaccounting.com\/es\/wp-json\/wp\/v2\/users\/1"}],"replies":[{"embeddable":true,"href":"https:\/\/oandgaccounting.com\/es\/wp-json\/wp\/v2\/comments?post=4062"}],"version-history":[{"count":0,"href":"https:\/\/oandgaccounting.com\/es\/wp-json\/wp\/v2\/pages\/4062\/revisions"}],"up":[{"embeddable":true,"href":"https:\/\/oandgaccounting.com\/es\/wp-json\/wp\/v2\/pages\/30"}],"wp:attachment":[{"href":"https:\/\/oandgaccounting.com\/es\/wp-json\/wp\/v2\/media?parent=4062"}],"curies":[{"name":"wp","href":"https:\/\/api.w.org\/{rel}","templated":true}]}}