{"id":4064,"date":"2023-03-21T07:29:23","date_gmt":"2023-03-21T07:29:23","guid":{"rendered":"https:\/\/oandgaccounting.com\/?page_id=4064"},"modified":"2025-03-07T11:00:49","modified_gmt":"2025-03-07T11:00:49","slug":"mastering-us-tax-obligations-for-foreign-owned-llcs","status":"publish","type":"page","link":"https:\/\/oandgaccounting.com\/es\/foreign-owned-us-llc\/mastering-us-tax-obligations-for-foreign-owned-llcs\/","title":{"rendered":"Dominio de las obligaciones tributarias estadounidenses para las LLC de propiedad extranjera: Navegaci\u00f3n por la distribuci\u00f3n de ingresos, la retenci\u00f3n y el cumplimiento"},"content":{"rendered":"<div class=\"onefivequestion\">\n<div class=\"container py-4 text-left\">\n<h5>Pregunta: Como propietario extranjero de una LLC, quiero comprender c\u00f3mo se ver\u00e1n afectadas mis obligaciones fiscales una vez que la LLC genere ingresos. \u00bfPodr\u00edan explicarme c\u00f3mo se distribuyen los ingresos de la LLC a sus propietarios y si se incluyen dividendos? Adem\u00e1s, tengo curiosidad por los posibles impuestos sobre dividendos que puedan aplicarse en este caso. Agradezco de antemano su orientaci\u00f3n profesional sobre este asunto.<\/h5>\n<h5>Como Amazon es un agente independiente, supongo que no soy un ETBUS, pero no estoy seguro de los requisitos de presentaci\u00f3n. Adem\u00e1s de los formularios 5472 y 1120, \u00bfdebo presentar un 1040NR? Adem\u00e1s, si recibo un 1099K en el futuro, \u00bftendr\u00e9 que pagar impuestos sobre la renta? Cumplo con los criterios de transacci\u00f3n $20k\/200 establecidos por el IRS.<br \/>\n<\/h5>\n<p>        Respuesta: Como un <a href=\"https:\/\/oandgaccounting.com\/foreign-owned-us-llc\/7-common-questions-about-foreign-owned-u-s-llcs-answered-by-a-cpa\/\" rel=\"noopener\" target=\"_blank\">propietario extranjero de una Sociedad de Responsabilidad Limitada (LLC) <\/a>En Estados Unidos, navegar por el complejo mundo de los impuestos puede ser abrumador. Con diferentes normas y regulaciones aplicables a las LLC de propiedad extranjera, es fundamental comprender c\u00f3mo se ver\u00e1n afectadas sus obligaciones tributarias una vez que su LLC comience a generar ingresos. En este art\u00edculo, brindaremos informaci\u00f3n sobre la distribuci\u00f3n de ingresos de las LLC, los posibles impuestos involucrados y la importancia de buscar asesoramiento profesional para garantizar el cumplimiento.<\/p>\n<h5>Distribuci\u00f3n de ingresos en una LLC: m\u00e1s all\u00e1 de los dividendos<\/h5>\n<p>A diferencia de las corporaciones, las LLC distribuyen los ingresos a sus propietarios (conocidos como miembros) seg\u00fan su porcentaje de propiedad o seg\u00fan lo especificado en el acuerdo operativo. Esta asignaci\u00f3n, a menudo denominada <a href=\"https:\/\/www.law.cornell.edu\/uscode\/text\/26\/704\" rel=\"noopener\" target=\"_blank\">participaci\u00f3n distributiva<\/a>, no toma el <a href=\"https:\/\/www.irs.gov\/forms-pubs\/about-form-1099-div#:~:text=Form%201099%2DDIV%20is%20used,taxpayers%20and%20to%20the%20IRS.\" rel=\"noopener\" target=\"_blank\">forma de dividendos<\/a> (a menos que la LLC haya elegido ser tratada como una C Corp) como podr\u00eda esperarse de una corporaci\u00f3n tradicional.<\/p>\n<h5>Retenci\u00f3n de impuestos: una consideraci\u00f3n clave para los propietarios extranjeros<\/h5>\n<p>Para los propietarios extranjeros, Estados Unidos impone un <a href=\"https:\/\/www.irs.gov\/individuals\/international-taxpayers\/fixed-determinable-annual-periodical-fdap-income#:~:text=Tax%20at%20a%2030%25%20(or,gains%2C%20profits%2C%20or%20income.\" rel=\"noopener\" target=\"_blank\">Retenci\u00f3n de impuestos sobre rentas fijas, determinables, anuales o peri\u00f3dicas (FDAP) de fuente estadounidense<\/a> ingresos obtenidos por la LLC de propiedad extranjera. <a href=\"https:\/\/www.irs.gov\/individuals\/international-taxpayers\/withholding-agent#:~:text=You%20are%20a%20withholding%20agent,that%20is%20subject%20to%20withholding.\" rel=\"noopener\" target=\"_blank\">Agentes de retenci\u00f3n<\/a> Est\u00e1n autorizados a retener un porcentaje determinado (generalmente 30%, a menos que un tratado fiscal especifique una tasa inferior) de la participaci\u00f3n del propietario extranjero en los ingresos del FDAP y remitirlo al Servicio de Impuestos Internos (IRS). Esta cantidad retenida sirve como pago anticipado de la obligaci\u00f3n tributaria estadounidense del propietario extranjero.<\/p>\n<h5>Requisitos de presentaci\u00f3n de impuestos en EE. UU. para propietarios extranjeros<\/h5>\n<p>Es posible que a los propietarios extranjeros de una LLC se les exija presentar declaraciones de impuestos en los Estados Unidos si tienen ingresos FDAP para los cuales no se realiz\u00f3 una retenci\u00f3n adecuada en la fuente, o <a href=\"https:\/\/www.irs.gov\/individuals\/international-taxpayers\/effectively-connected-income-eci#:~:text=Generally%2C%20when%20a%20foreign%20person,Effectively%20Connected%20Income%20(ECI).\" rel=\"noopener\" target=\"_blank\">Ingresos efectivamente conectados (ECI) de origen estadounidense<\/a>, incluida su parte de los ingresos de la LLC. Pueden ser elegibles para una <a href=\"https:\/\/www.irs.gov\/individuals\/international-taxpayers\/tax-treaties\" rel=\"noopener\" target=\"_blank\">beneficio del tratado fiscal<\/a> o una <a href=\"https:\/\/www.irs.gov\/individuals\/international-taxpayers\/foreign-tax-credit\" rel=\"noopener\" target=\"_blank\">cr\u00e9dito fiscal extranjero<\/a> en su declaraci\u00f3n de impuestos de su pa\u00eds de origen por los impuestos pagados en los EE. UU. Es esencial consultar a un profesional de impuestos para comprender los requisitos de presentaci\u00f3n espec\u00edficos y los beneficios del tratado fiscal disponibles.<\/p>\n<h5>Obligaciones de presentaci\u00f3n de informaci\u00f3n en EE. UU. para las LLC<\/h5>\n<p>La propia LLC estadounidense de propiedad extranjera puede tener obligaciones de presentaci\u00f3n de informaci\u00f3n en Estados Unidos. Por ejemplo, podr\u00eda tener que presentar <a href=\"https:\/\/oandgaccounting.com\/foreign-owned-us-llc\/how-to-file-forms-5472-and-1120-for-a-foreign-owned-single-member-llc\/\" rel=\"noopener\" target=\"_blank\">Proforma 1120 y Formulario 5472<\/a> (Declaraci\u00f3n de informaci\u00f3n de una corporaci\u00f3n estadounidense de propiedad extranjera 25% o una corporaci\u00f3n extranjera dedicada a una actividad comercial o empresarial en los EE. UU.) y una<a href=\"https:\/\/www.irs.gov\/businesses\/small-businesses-self-employed\/limited-liability-company-llc\" rel=\"noopener\" target=\"_blank\"> LLC de varios miembros<\/a> Puede que sea necesario presentar una solicitud <a href=\"https:\/\/www.irs.gov\/forms-pubs\/about-form-1065#:~:text=Partnerships%20use%20Schedule%20B%2D1,or%20capital%20of%20the%20partnership.\" rel=\"noopener\" target=\"_blank\">Formulario 1065 (Declaraci\u00f3n de ingresos de sociedades en EE. UU.)<\/a>, junto con los anexos y cronogramas necesarios.<\/p>\n<h5>En busca de orientaci\u00f3n profesional: su camino hacia el cumplimiento y la confianza<\/h5>\n<p>En conclusi\u00f3n, los ingresos obtenidos por una LLC de propiedad extranjera generalmente se transfieren a sus propietarios en funci\u00f3n de su participaci\u00f3n distributiva y no a trav\u00e9s de dividendos (a menos que la LLC haya optado por ser tratada como una Corporaci\u00f3n C). Cuando una LLC de M\u00faltiples Miembros genera ingresos efectivamente conectados, debe retener impuestos sobre la participaci\u00f3n de los propietarios extranjeros en el ECI, y estos \u00faltimos podr\u00edan estar obligados a presentar declaraciones de impuestos en Estados Unidos. Dado que las leyes tributarias pueden ser complejas y estar sujetas a cambios, es recomendable consultar con un profesional en impuestos para garantizar el cumplimiento y comprender los beneficios aplicables de los tratados tributarios.<\/p>\n<p>Como un <a href=\"https:\/\/irs.treasury.gov\/rpo\/help_cpa.html\" rel=\"noopener\" target=\"_blank\">Contador P\u00fablico Certificado (CPA)<\/a> Con experiencia en ayudar a propietarios extranjeros de LLC estadounidenses, me comprometo a ayudarlo a navegar estas complejidades y garantizar su cumplimiento con las regulaciones fiscales. <a href=\"https:\/\/oandgaccounting.com\/appointment-booking-form\/\" rel=\"noopener\" target=\"_blank\">No dudes en pedir ayuda.<\/a>, Estoy listo para ayudarle a abordar los problemas descritos en este art\u00edculo y cualquier otra inquietud fiscal que pueda tener. Conf\u00ede en la precisi\u00f3n y la experiencia que solo un verdadero experto en impuestos puede brindarle y d\u00e9 el primer paso hacia una experiencia fiscal sin estr\u00e9s hoy mismo.<\/p>\n<p> <strong>\u00a1\u00a1Nueva alerta de cumplimiento!!:<\/strong> El 1 de enero de 2024, el<a href=\"https:\/\/www.fincen.gov\/news\/news-releases\/us-beneficial-ownership-information-registry-now-accepting-reports\" rel=\"noopener\" target=\"_blank\"> Red de Control de Delitos Financieros (FinCEN)<\/a> anunci\u00f3 el inicio de <a href=\"https:\/\/www.fincen.gov\/boi\" rel=\"noopener\" target=\"_blank\">Informe de informaci\u00f3n sobre propiedad beneficiosa (BOI)<\/a> bajo la Ley de Transparencia Corporativa (CTA). Este avance crucial garantiza una mayor transparencia y contribuye a la lucha contra las actividades financieras il\u00edcitas. Las empresas establecidas o registradas en EE. UU. deben cumplir con estas normas de informaci\u00f3n, lo que contribuye a un entorno corporativo m\u00e1s responsable.<a href=\"https:\/\/www.fincen.gov\/news\/news-releases\/us-beneficial-ownership-information-registry-now-accepting-reports\" rel=\"noopener\" target=\"_blank\">M\u00e1s informaci\u00f3n<\/a> y <a href=\"https:\/\/oandgaccounting.com\/corporate-transparency-act-cta-filing-service\/\" rel=\"noopener\" target=\"_blank\">busca orientaci\u00f3n aqu\u00ed<\/a>.<\/p>\n<\/p><\/div>","protected":false},"excerpt":{"rendered":"<p>Pregunta: Como propietario extranjero de una LLC, quiero comprender c\u00f3mo se ver\u00e1n afectadas mis obligaciones fiscales una vez que la LLC genere ingresos. \u00bfPodr\u00edan explicarme c\u00f3mo se distribuyen los ingresos de la LLC a sus propietarios y si se incluyen dividendos? Adem\u00e1s, me interesa saber qu\u00e9 impuestos sobre dividendos podr\u00edan aplicarse en... <a href=\"https:\/\/oandgaccounting.com\/es\/foreign-owned-us-llc\/mastering-us-tax-obligations-for-foreign-owned-llcs\/\" class=\"more-link\">Seguir leyendo<span class=\"screen-reader-text\"> \u201cDominio de las obligaciones tributarias estadounidenses para sociedades de responsabilidad limitada (LLC) de propiedad extranjera: Gesti\u00f3n de la distribuci\u00f3n de ingresos, la retenci\u00f3n y el cumplimiento normativo\u201d<\/span><\/a><\/p>","protected":false},"author":1,"featured_media":0,"parent":30,"menu_order":0,"comment_status":"closed","ping_status":"closed","template":"default_withchat.php","meta":{"_acf_changed":false,"om_disable_all_campaigns":false,"_monsterinsights_skip_tracking":false,"_monsterinsights_sitenote_active":false,"_monsterinsights_sitenote_note":"","_monsterinsights_sitenote_category":0,"_uf_show_specific_survey":0,"_uf_disable_surveys":false,"footnotes":""},"class_list":["post-4064","page","type-page","status-publish","hentry"],"acf":[],"yoast_head":"<!-- This site is optimized with the Yoast SEO plugin v27.3 - https:\/\/yoast.com\/product\/yoast-seo-wordpress\/ -->\n<title>Mastering U.S. Tax Obligations for Foreign-Owned LLCs: Navigating Income Distribution, Withholding, and Compliance - O&amp;G Tax and Accounting<\/title>\n<meta name=\"robots\" content=\"index, follow, max-snippet:-1, max-image-preview:large, max-video-preview:-1\" \/>\n<link rel=\"canonical\" href=\"https:\/\/oandgaccounting.com\/es\/foreign-owned-us-llc\/mastering-us-tax-obligations-for-foreign-owned-llcs\/\" \/>\n<meta property=\"og:locale\" content=\"es_ES\" \/>\n<meta property=\"og:type\" content=\"article\" \/>\n<meta property=\"og:title\" content=\"Mastering U.S. Tax Obligations for Foreign-Owned LLCs: Navigating Income Distribution, Withholding, and Compliance - O&amp;G Tax and Accounting\" \/>\n<meta property=\"og:description\" content=\"Question: As a foreign owner of an LLC, I&#8217;m trying to understand how my tax obligations will be impacted once the LLC earns income. Could you provide insights on how the LLC income is distributed to its owners and whether dividends are involved? Additionally, I&#8217;m curious about any potential dividend taxes that may apply in &hellip; Continue reading &quot;Mastering U.S. Tax Obligations for Foreign-Owned LLCs: Navigating Income Distribution, Withholding, and Compliance&quot;\" \/>\n<meta property=\"og:url\" content=\"https:\/\/oandgaccounting.com\/es\/foreign-owned-us-llc\/mastering-us-tax-obligations-for-foreign-owned-llcs\/\" \/>\n<meta property=\"og:site_name\" content=\"O&amp;G Tax and Accounting\" \/>\n<meta property=\"article:modified_time\" content=\"2025-03-07T11:00:49+00:00\" \/>\n<meta name=\"twitter:card\" content=\"summary_large_image\" \/>\n<meta name=\"twitter:label1\" content=\"Tiempo de lectura\" \/>\n\t<meta name=\"twitter:data1\" content=\"4 minutos\" \/>\n<script type=\"application\/ld+json\" class=\"yoast-schema-graph\">{\"@context\":\"https:\\\/\\\/schema.org\",\"@graph\":[{\"@type\":\"WebPage\",\"@id\":\"https:\\\/\\\/oandgaccounting.com\\\/foreign-owned-us-llc\\\/mastering-us-tax-obligations-for-foreign-owned-llcs\\\/\",\"url\":\"https:\\\/\\\/oandgaccounting.com\\\/foreign-owned-us-llc\\\/mastering-us-tax-obligations-for-foreign-owned-llcs\\\/\",\"name\":\"Mastering U.S. Tax Obligations for Foreign-Owned LLCs: Navigating Income Distribution, Withholding, and Compliance - O&amp;G Tax and Accounting\",\"isPartOf\":{\"@id\":\"https:\\\/\\\/oandgaccounting.com\\\/#website\"},\"datePublished\":\"2023-03-21T07:29:23+00:00\",\"dateModified\":\"2025-03-07T11:00:49+00:00\",\"breadcrumb\":{\"@id\":\"https:\\\/\\\/oandgaccounting.com\\\/foreign-owned-us-llc\\\/mastering-us-tax-obligations-for-foreign-owned-llcs\\\/#breadcrumb\"},\"inLanguage\":\"es\",\"potentialAction\":[{\"@type\":\"ReadAction\",\"target\":[\"https:\\\/\\\/oandgaccounting.com\\\/foreign-owned-us-llc\\\/mastering-us-tax-obligations-for-foreign-owned-llcs\\\/\"]}]},{\"@type\":\"BreadcrumbList\",\"@id\":\"https:\\\/\\\/oandgaccounting.com\\\/foreign-owned-us-llc\\\/mastering-us-tax-obligations-for-foreign-owned-llcs\\\/#breadcrumb\",\"itemListElement\":[{\"@type\":\"ListItem\",\"position\":1,\"name\":\"Foreign Owned US LLC\",\"item\":\"https:\\\/\\\/oandgaccounting.com\\\/foreign-owned-us-llc\\\/\"},{\"@type\":\"ListItem\",\"position\":2,\"name\":\"Mastering U.S. Tax Obligations for Foreign-Owned LLCs: Navigating Income Distribution, Withholding, and Compliance\"}]},{\"@type\":\"WebSite\",\"@id\":\"https:\\\/\\\/oandgaccounting.com\\\/#website\",\"url\":\"https:\\\/\\\/oandgaccounting.com\\\/\",\"name\":\"O&amp;G Tax and Accounting\",\"description\":\"\",\"publisher\":{\"@id\":\"https:\\\/\\\/oandgaccounting.com\\\/#organization\"},\"potentialAction\":[{\"@type\":\"SearchAction\",\"target\":{\"@type\":\"EntryPoint\",\"urlTemplate\":\"https:\\\/\\\/oandgaccounting.com\\\/?s={search_term_string}\"},\"query-input\":{\"@type\":\"PropertyValueSpecification\",\"valueRequired\":true,\"valueName\":\"search_term_string\"}}],\"inLanguage\":\"es\"},{\"@type\":\"Organization\",\"@id\":\"https:\\\/\\\/oandgaccounting.com\\\/#organization\",\"name\":\"O&amp;G Tax and Accounting\",\"url\":\"https:\\\/\\\/oandgaccounting.com\\\/\",\"logo\":{\"@type\":\"ImageObject\",\"inLanguage\":\"es\",\"@id\":\"https:\\\/\\\/oandgaccounting.com\\\/#\\\/schema\\\/logo\\\/image\\\/\",\"url\":\"https:\\\/\\\/oandgaccounting.com\\\/wp-content\\\/uploads\\\/2019\\\/07\\\/logo.png\",\"contentUrl\":\"https:\\\/\\\/oandgaccounting.com\\\/wp-content\\\/uploads\\\/2019\\\/07\\\/logo.png\",\"width\":123,\"height\":74,\"caption\":\"O&amp;G Tax and Accounting\"},\"image\":{\"@id\":\"https:\\\/\\\/oandgaccounting.com\\\/#\\\/schema\\\/logo\\\/image\\\/\"}}]}<\/script>\n<!-- \/ Yoast SEO plugin. -->","yoast_head_json":{"title":"Dominio de las obligaciones tributarias estadounidenses para las LLC de propiedad extranjera: Gesti\u00f3n de la distribuci\u00f3n de ingresos, la retenci\u00f3n y el cumplimiento - Impuestos y contabilidad de petr\u00f3leo y gas","robots":{"index":"index","follow":"follow","max-snippet":"max-snippet:-1","max-image-preview":"max-image-preview:large","max-video-preview":"max-video-preview:-1"},"canonical":"https:\/\/oandgaccounting.com\/es\/foreign-owned-us-llc\/mastering-us-tax-obligations-for-foreign-owned-llcs\/","og_locale":"es_ES","og_type":"article","og_title":"Mastering U.S. Tax Obligations for Foreign-Owned LLCs: Navigating Income Distribution, Withholding, and Compliance - O&amp;G Tax and Accounting","og_description":"Question: As a foreign owner of an LLC, I&#8217;m trying to understand how my tax obligations will be impacted once the LLC earns income. Could you provide insights on how the LLC income is distributed to its owners and whether dividends are involved? Additionally, I&#8217;m curious about any potential dividend taxes that may apply in &hellip; Continue reading \"Mastering U.S. Tax Obligations for Foreign-Owned LLCs: Navigating Income Distribution, Withholding, and Compliance\"","og_url":"https:\/\/oandgaccounting.com\/es\/foreign-owned-us-llc\/mastering-us-tax-obligations-for-foreign-owned-llcs\/","og_site_name":"O&amp;G Tax and Accounting","article_modified_time":"2025-03-07T11:00:49+00:00","twitter_card":"summary_large_image","twitter_misc":{"Tiempo de lectura":"4 minutos"},"schema":{"@context":"https:\/\/schema.org","@graph":[{"@type":"WebPage","@id":"https:\/\/oandgaccounting.com\/foreign-owned-us-llc\/mastering-us-tax-obligations-for-foreign-owned-llcs\/","url":"https:\/\/oandgaccounting.com\/foreign-owned-us-llc\/mastering-us-tax-obligations-for-foreign-owned-llcs\/","name":"Dominio de las obligaciones tributarias estadounidenses para las LLC de propiedad extranjera: Gesti\u00f3n de la distribuci\u00f3n de ingresos, la retenci\u00f3n y el cumplimiento - Impuestos y contabilidad de petr\u00f3leo y gas","isPartOf":{"@id":"https:\/\/oandgaccounting.com\/#website"},"datePublished":"2023-03-21T07:29:23+00:00","dateModified":"2025-03-07T11:00:49+00:00","breadcrumb":{"@id":"https:\/\/oandgaccounting.com\/foreign-owned-us-llc\/mastering-us-tax-obligations-for-foreign-owned-llcs\/#breadcrumb"},"inLanguage":"es","potentialAction":[{"@type":"ReadAction","target":["https:\/\/oandgaccounting.com\/foreign-owned-us-llc\/mastering-us-tax-obligations-for-foreign-owned-llcs\/"]}]},{"@type":"BreadcrumbList","@id":"https:\/\/oandgaccounting.com\/foreign-owned-us-llc\/mastering-us-tax-obligations-for-foreign-owned-llcs\/#breadcrumb","itemListElement":[{"@type":"ListItem","position":1,"name":"Foreign Owned US LLC","item":"https:\/\/oandgaccounting.com\/foreign-owned-us-llc\/"},{"@type":"ListItem","position":2,"name":"Mastering U.S. Tax Obligations for Foreign-Owned LLCs: Navigating Income Distribution, Withholding, and Compliance"}]},{"@type":"WebSite","@id":"https:\/\/oandgaccounting.com\/#website","url":"https:\/\/oandgaccounting.com\/","name":"Impuestos y contabilidad de petr\u00f3leo y gas","description":"","publisher":{"@id":"https:\/\/oandgaccounting.com\/#organization"},"potentialAction":[{"@type":"SearchAction","target":{"@type":"EntryPoint","urlTemplate":"https:\/\/oandgaccounting.com\/?s={search_term_string}"},"query-input":{"@type":"PropertyValueSpecification","valueRequired":true,"valueName":"search_term_string"}}],"inLanguage":"es"},{"@type":"Organization","@id":"https:\/\/oandgaccounting.com\/#organization","name":"Impuestos y contabilidad de petr\u00f3leo y gas","url":"https:\/\/oandgaccounting.com\/","logo":{"@type":"ImageObject","inLanguage":"es","@id":"https:\/\/oandgaccounting.com\/#\/schema\/logo\/image\/","url":"https:\/\/oandgaccounting.com\/wp-content\/uploads\/2019\/07\/logo.png","contentUrl":"https:\/\/oandgaccounting.com\/wp-content\/uploads\/2019\/07\/logo.png","width":123,"height":74,"caption":"O&amp;G Tax and Accounting"},"image":{"@id":"https:\/\/oandgaccounting.com\/#\/schema\/logo\/image\/"}}]}},"_links":{"self":[{"href":"https:\/\/oandgaccounting.com\/es\/wp-json\/wp\/v2\/pages\/4064","targetHints":{"allow":["GET"]}}],"collection":[{"href":"https:\/\/oandgaccounting.com\/es\/wp-json\/wp\/v2\/pages"}],"about":[{"href":"https:\/\/oandgaccounting.com\/es\/wp-json\/wp\/v2\/types\/page"}],"author":[{"embeddable":true,"href":"https:\/\/oandgaccounting.com\/es\/wp-json\/wp\/v2\/users\/1"}],"replies":[{"embeddable":true,"href":"https:\/\/oandgaccounting.com\/es\/wp-json\/wp\/v2\/comments?post=4064"}],"version-history":[{"count":0,"href":"https:\/\/oandgaccounting.com\/es\/wp-json\/wp\/v2\/pages\/4064\/revisions"}],"up":[{"embeddable":true,"href":"https:\/\/oandgaccounting.com\/es\/wp-json\/wp\/v2\/pages\/30"}],"wp:attachment":[{"href":"https:\/\/oandgaccounting.com\/es\/wp-json\/wp\/v2\/media?parent=4064"}],"curies":[{"name":"wp","href":"https:\/\/api.w.org\/{rel}","templated":true}]}}