{"id":4132,"date":"2023-03-29T12:56:34","date_gmt":"2023-03-29T12:56:34","guid":{"rendered":"https:\/\/oandgaccounting.com\/?page_id=4132"},"modified":"2023-03-29T13:19:25","modified_gmt":"2023-03-29T13:19:25","slug":"irs-extends-tax-deadline-to-july-31-for-mississippi-storm-victims","status":"publish","type":"page","link":"https:\/\/oandgaccounting.com\/es\/foreign-owned-us-llc\/irs-extends-tax-deadline-to-july-31-for-mississippi-storm-victims\/","title":{"rendered":"El IRS extiende la fecha l\u00edmite de impuestos hasta el 31 de julio para las v\u00edctimas de la tormenta de Mississippi"},"content":{"rendered":"<div class=\"onefivequestion\">\n<div class=\"container py-4 text-left\">\n<p>El Servicio de Impuestos Internos (IRS) anunci\u00f3 que las v\u00edctimas de las tormentas en Mississippi tienen hasta el 31 de julio de 2023 para presentar diversas declaraciones de impuestos federales, tanto individuales como empresariales, y realizar el pago de impuestos. Esta pr\u00f3rroga se produce en respuesta a los devastadores tornados y las severas tormentas que ocurrieron los d\u00edas 24 y 25 de marzo.<\/p>\n<p>El IRS ofrece ayuda a cualquier \u00e1rea designada por la Agencia Federal para el Manejo de Emergencias (FEMA) como zona de desastre, incluidos los condados de Carroll, Humphreys, Monroe y Sharkey. Las \u00e1reas adicionales a\u00f1adidas a la lista de desastres tambi\u00e9n calificar\u00e1n para la misma ayuda. La lista actual de localidades elegibles est\u00e1 disponible en la p\u00e1gina de ayuda para desastres del IRS.<\/p>\n<p>Las personas y empresas afectadas tendr\u00e1n hasta el 31 de julio para presentar sus declaraciones y pagar los impuestos inicialmente adeudados durante este per\u00edodo, incluidas las declaraciones de impuestos sobre la renta individual de 2022 y varias declaraciones comerciales que vencen el 18 de abril. Los contribuyentes elegibles tambi\u00e9n tendr\u00e1n hasta el 31 de julio para realizar contribuciones de 2022 a sus cuentas IRA y cuentas de ahorro para la salud, as\u00ed como pagos trimestrales de impuestos estimados, declaraciones de n\u00f3mina e impuestos especiales.<\/p>\n<p>Se insta a quienes necesiten m\u00e1s tiempo para presentar su declaraci\u00f3n despu\u00e9s de la fecha l\u00edmite del 31 de julio a solicitar una pr\u00f3rroga electr\u00f3nicamente, mediante el programa Free File del IRS o el Pago Directo del IRS, antes de la fecha l\u00edmite original del 18 de abril. Puede encontrar m\u00e1s informaci\u00f3n sobre las pr\u00f3rrogas en el sitio web del IRS.<\/p>\n<p>El IRS ofrece autom\u00e1ticamente alivio de la presentaci\u00f3n y las multas a los contribuyentes con domicilio registrado en la zona de desastre, lo que significa que no necesitan contactar a la agencia para recibir este alivio. Si un contribuyente afectado recibe una notificaci\u00f3n de multa por presentaci\u00f3n o pago tard\u00edo durante una fecha l\u00edmite dentro del per\u00edodo de aplazamiento, debe llamar al n\u00famero que figura en la notificaci\u00f3n para solicitar la condonaci\u00f3n de la multa.<\/p>\n<p>Los contribuyentes que viven fuera de la zona de desastre y que tienen los registros necesarios para cumplir con una fecha l\u00edmite dentro del per\u00edodo de aplazamiento ubicados en la zona afectada tambi\u00e9n pueden calificar para recibir ayuda. Para recibirla, estos contribuyentes deben comunicarse con el IRS al 866-562-5227.<\/p>\n<p>Adem\u00e1s, las personas y empresas en una zona de desastre declarada por el gobierno federal que sufrieron p\u00e9rdidas relacionadas con desastres no aseguradas o no reembolsadas pueden optar por reclamarlas en su declaraci\u00f3n de 2023 o en la del a\u00f1o anterior. Al reclamar una p\u00e9rdida, aseg\u00farese de escribir el n\u00famero de declaraci\u00f3n de FEMA (4697-DR) en la declaraci\u00f3n. Puede encontrar m\u00e1s informaci\u00f3n sobre p\u00e9rdidas relacionadas con desastres en la Publicaci\u00f3n 547 del IRS.<\/p>\n<p>El alivio fiscal forma parte de una respuesta federal coordinada a los da\u00f1os causados por estas tormentas, basada en las evaluaciones locales de da\u00f1os realizadas por FEMA. Para obtener informaci\u00f3n sobre la recuperaci\u00f3n ante desastres, visite <a href=\"http:\/\/disasterassistance.gov\">asistenciadesastre.gov<\/a>.<\/p>\n<p><script async src=\"https:\/\/pagead2.googlesyndication.com\/pagead\/js\/adsbygoogle.js?client=ca-pub-3039986354638252\"\n     crossorigin=\"anonymous\"><\/script><br \/>\n<ins class=\"adsbygoogle\"\n     style=\"display:block; text-align:center;\"\n     data-ad-layout=\"in-article\"\n     data-ad-format=\"fluid\"\n     data-ad-client=\"ca-pub-3039986354638252\"\n     data-ad-slot=\"8101689985\"><\/ins><br \/>\n<script>\n     (adsbygoogle = window.adsbygoogle || []).push({});\n<\/script><\/p><\/div>","protected":false},"excerpt":{"rendered":"<p>The Internal Revenue Service (IRS) has announced that storm victims in Mississippi now have until July 31, 2023, to file various federal individual and business tax returns and make tax payments. This extension comes in response to the devastating tornadoes and severe storms that occurred on March 24 and 25. The IRS is offering relief &hellip; <a href=\"https:\/\/oandgaccounting.com\/es\/foreign-owned-us-llc\/irs-extends-tax-deadline-to-july-31-for-mississippi-storm-victims\/\" class=\"more-link\">Seguir leyendo<span class=\"screen-reader-text\"> &#8220;IRS Extends Tax Deadline to July 31 for Mississippi Storm Victims&#8221;<\/span><\/a><\/p>","protected":false},"author":1,"featured_media":0,"parent":30,"menu_order":0,"comment_status":"closed","ping_status":"closed","template":"default_withchat.php","meta":{"_acf_changed":false,"om_disable_all_campaigns":false,"_monsterinsights_skip_tracking":false,"_monsterinsights_sitenote_active":false,"_monsterinsights_sitenote_note":"","_monsterinsights_sitenote_category":0,"_uf_show_specific_survey":0,"_uf_disable_surveys":false,"footnotes":""},"class_list":["post-4132","page","type-page","status-publish","hentry"],"acf":[],"yoast_head":"<!-- This site is optimized with the Yoast SEO plugin v27.3 - https:\/\/yoast.com\/product\/yoast-seo-wordpress\/ -->\n<title>IRS Extends Tax Deadline to July 31 for Mississippi Storm Victims - O&amp;G Tax and Accounting<\/title>\n<meta name=\"robots\" content=\"index, follow, max-snippet:-1, max-image-preview:large, max-video-preview:-1\" \/>\n<link rel=\"canonical\" href=\"https:\/\/oandgaccounting.com\/es\/foreign-owned-us-llc\/irs-extends-tax-deadline-to-july-31-for-mississippi-storm-victims\/\" \/>\n<meta property=\"og:locale\" content=\"es_ES\" \/>\n<meta property=\"og:type\" content=\"article\" \/>\n<meta property=\"og:title\" content=\"IRS Extends Tax Deadline to July 31 for Mississippi Storm Victims - O&amp;G Tax and Accounting\" \/>\n<meta property=\"og:description\" content=\"The Internal Revenue Service (IRS) has announced that storm victims in Mississippi now have until July 31, 2023, to file various federal individual and business tax returns and make tax payments. This extension comes in response to the devastating tornadoes and severe storms that occurred on March 24 and 25. The IRS is offering relief &hellip; Continue reading &quot;IRS Extends Tax Deadline to July 31 for Mississippi Storm Victims&quot;\" \/>\n<meta property=\"og:url\" content=\"https:\/\/oandgaccounting.com\/es\/foreign-owned-us-llc\/irs-extends-tax-deadline-to-july-31-for-mississippi-storm-victims\/\" \/>\n<meta property=\"og:site_name\" content=\"O&amp;G Tax and Accounting\" \/>\n<meta property=\"article:modified_time\" content=\"2023-03-29T13:19:25+00:00\" \/>\n<meta name=\"twitter:card\" content=\"summary_large_image\" \/>\n<meta name=\"twitter:label1\" content=\"Tiempo de lectura\" \/>\n\t<meta name=\"twitter:data1\" content=\"2 minutos\" \/>\n<script type=\"application\/ld+json\" class=\"yoast-schema-graph\">{\"@context\":\"https:\\\/\\\/schema.org\",\"@graph\":[{\"@type\":\"WebPage\",\"@id\":\"https:\\\/\\\/oandgaccounting.com\\\/foreign-owned-us-llc\\\/irs-extends-tax-deadline-to-july-31-for-mississippi-storm-victims\\\/\",\"url\":\"https:\\\/\\\/oandgaccounting.com\\\/foreign-owned-us-llc\\\/irs-extends-tax-deadline-to-july-31-for-mississippi-storm-victims\\\/\",\"name\":\"IRS Extends Tax Deadline to July 31 for Mississippi Storm Victims - O&amp;G Tax and Accounting\",\"isPartOf\":{\"@id\":\"https:\\\/\\\/oandgaccounting.com\\\/#website\"},\"datePublished\":\"2023-03-29T12:56:34+00:00\",\"dateModified\":\"2023-03-29T13:19:25+00:00\",\"breadcrumb\":{\"@id\":\"https:\\\/\\\/oandgaccounting.com\\\/foreign-owned-us-llc\\\/irs-extends-tax-deadline-to-july-31-for-mississippi-storm-victims\\\/#breadcrumb\"},\"inLanguage\":\"es\",\"potentialAction\":[{\"@type\":\"ReadAction\",\"target\":[\"https:\\\/\\\/oandgaccounting.com\\\/foreign-owned-us-llc\\\/irs-extends-tax-deadline-to-july-31-for-mississippi-storm-victims\\\/\"]}]},{\"@type\":\"BreadcrumbList\",\"@id\":\"https:\\\/\\\/oandgaccounting.com\\\/foreign-owned-us-llc\\\/irs-extends-tax-deadline-to-july-31-for-mississippi-storm-victims\\\/#breadcrumb\",\"itemListElement\":[{\"@type\":\"ListItem\",\"position\":1,\"name\":\"Foreign Owned US LLC\",\"item\":\"https:\\\/\\\/oandgaccounting.com\\\/foreign-owned-us-llc\\\/\"},{\"@type\":\"ListItem\",\"position\":2,\"name\":\"IRS Extends Tax Deadline to July 31 for Mississippi Storm Victims\"}]},{\"@type\":\"WebSite\",\"@id\":\"https:\\\/\\\/oandgaccounting.com\\\/#website\",\"url\":\"https:\\\/\\\/oandgaccounting.com\\\/\",\"name\":\"O&amp;G Tax and Accounting\",\"description\":\"\",\"publisher\":{\"@id\":\"https:\\\/\\\/oandgaccounting.com\\\/#organization\"},\"potentialAction\":[{\"@type\":\"SearchAction\",\"target\":{\"@type\":\"EntryPoint\",\"urlTemplate\":\"https:\\\/\\\/oandgaccounting.com\\\/?s={search_term_string}\"},\"query-input\":{\"@type\":\"PropertyValueSpecification\",\"valueRequired\":true,\"valueName\":\"search_term_string\"}}],\"inLanguage\":\"es\"},{\"@type\":\"Organization\",\"@id\":\"https:\\\/\\\/oandgaccounting.com\\\/#organization\",\"name\":\"O&amp;G Tax and Accounting\",\"url\":\"https:\\\/\\\/oandgaccounting.com\\\/\",\"logo\":{\"@type\":\"ImageObject\",\"inLanguage\":\"es\",\"@id\":\"https:\\\/\\\/oandgaccounting.com\\\/#\\\/schema\\\/logo\\\/image\\\/\",\"url\":\"https:\\\/\\\/oandgaccounting.com\\\/wp-content\\\/uploads\\\/2019\\\/07\\\/logo.png\",\"contentUrl\":\"https:\\\/\\\/oandgaccounting.com\\\/wp-content\\\/uploads\\\/2019\\\/07\\\/logo.png\",\"width\":123,\"height\":74,\"caption\":\"O&amp;G Tax and Accounting\"},\"image\":{\"@id\":\"https:\\\/\\\/oandgaccounting.com\\\/#\\\/schema\\\/logo\\\/image\\\/\"}}]}<\/script>\n<!-- \/ Yoast SEO plugin. -->","yoast_head_json":{"title":"IRS Extends Tax Deadline to July 31 for Mississippi Storm Victims - O&amp;G Tax and Accounting","robots":{"index":"index","follow":"follow","max-snippet":"max-snippet:-1","max-image-preview":"max-image-preview:large","max-video-preview":"max-video-preview:-1"},"canonical":"https:\/\/oandgaccounting.com\/es\/foreign-owned-us-llc\/irs-extends-tax-deadline-to-july-31-for-mississippi-storm-victims\/","og_locale":"es_ES","og_type":"article","og_title":"IRS Extends Tax Deadline to July 31 for Mississippi Storm Victims - O&amp;G Tax and Accounting","og_description":"The Internal Revenue Service (IRS) has announced that storm victims in Mississippi now have until July 31, 2023, to file various federal individual and business tax returns and make tax payments. This extension comes in response to the devastating tornadoes and severe storms that occurred on March 24 and 25. The IRS is offering relief &hellip; Continue reading \"IRS Extends Tax Deadline to July 31 for Mississippi Storm Victims\"","og_url":"https:\/\/oandgaccounting.com\/es\/foreign-owned-us-llc\/irs-extends-tax-deadline-to-july-31-for-mississippi-storm-victims\/","og_site_name":"O&amp;G Tax and Accounting","article_modified_time":"2023-03-29T13:19:25+00:00","twitter_card":"summary_large_image","twitter_misc":{"Tiempo de lectura":"2 minutos"},"schema":{"@context":"https:\/\/schema.org","@graph":[{"@type":"WebPage","@id":"https:\/\/oandgaccounting.com\/foreign-owned-us-llc\/irs-extends-tax-deadline-to-july-31-for-mississippi-storm-victims\/","url":"https:\/\/oandgaccounting.com\/foreign-owned-us-llc\/irs-extends-tax-deadline-to-july-31-for-mississippi-storm-victims\/","name":"IRS Extends Tax Deadline to July 31 for Mississippi Storm Victims - O&amp;G Tax and Accounting","isPartOf":{"@id":"https:\/\/oandgaccounting.com\/#website"},"datePublished":"2023-03-29T12:56:34+00:00","dateModified":"2023-03-29T13:19:25+00:00","breadcrumb":{"@id":"https:\/\/oandgaccounting.com\/foreign-owned-us-llc\/irs-extends-tax-deadline-to-july-31-for-mississippi-storm-victims\/#breadcrumb"},"inLanguage":"es","potentialAction":[{"@type":"ReadAction","target":["https:\/\/oandgaccounting.com\/foreign-owned-us-llc\/irs-extends-tax-deadline-to-july-31-for-mississippi-storm-victims\/"]}]},{"@type":"BreadcrumbList","@id":"https:\/\/oandgaccounting.com\/foreign-owned-us-llc\/irs-extends-tax-deadline-to-july-31-for-mississippi-storm-victims\/#breadcrumb","itemListElement":[{"@type":"ListItem","position":1,"name":"Foreign Owned US LLC","item":"https:\/\/oandgaccounting.com\/foreign-owned-us-llc\/"},{"@type":"ListItem","position":2,"name":"IRS Extends Tax Deadline to July 31 for Mississippi Storm Victims"}]},{"@type":"WebSite","@id":"https:\/\/oandgaccounting.com\/#website","url":"https:\/\/oandgaccounting.com\/","name":"Impuestos y contabilidad de petr\u00f3leo y gas","description":"","publisher":{"@id":"https:\/\/oandgaccounting.com\/#organization"},"potentialAction":[{"@type":"SearchAction","target":{"@type":"EntryPoint","urlTemplate":"https:\/\/oandgaccounting.com\/?s={search_term_string}"},"query-input":{"@type":"PropertyValueSpecification","valueRequired":true,"valueName":"search_term_string"}}],"inLanguage":"es"},{"@type":"Organization","@id":"https:\/\/oandgaccounting.com\/#organization","name":"Impuestos y contabilidad de petr\u00f3leo y gas","url":"https:\/\/oandgaccounting.com\/","logo":{"@type":"ImageObject","inLanguage":"es","@id":"https:\/\/oandgaccounting.com\/#\/schema\/logo\/image\/","url":"https:\/\/oandgaccounting.com\/wp-content\/uploads\/2019\/07\/logo.png","contentUrl":"https:\/\/oandgaccounting.com\/wp-content\/uploads\/2019\/07\/logo.png","width":123,"height":74,"caption":"O&amp;G Tax and Accounting"},"image":{"@id":"https:\/\/oandgaccounting.com\/#\/schema\/logo\/image\/"}}]}},"_links":{"self":[{"href":"https:\/\/oandgaccounting.com\/es\/wp-json\/wp\/v2\/pages\/4132","targetHints":{"allow":["GET"]}}],"collection":[{"href":"https:\/\/oandgaccounting.com\/es\/wp-json\/wp\/v2\/pages"}],"about":[{"href":"https:\/\/oandgaccounting.com\/es\/wp-json\/wp\/v2\/types\/page"}],"author":[{"embeddable":true,"href":"https:\/\/oandgaccounting.com\/es\/wp-json\/wp\/v2\/users\/1"}],"replies":[{"embeddable":true,"href":"https:\/\/oandgaccounting.com\/es\/wp-json\/wp\/v2\/comments?post=4132"}],"version-history":[{"count":0,"href":"https:\/\/oandgaccounting.com\/es\/wp-json\/wp\/v2\/pages\/4132\/revisions"}],"up":[{"embeddable":true,"href":"https:\/\/oandgaccounting.com\/es\/wp-json\/wp\/v2\/pages\/30"}],"wp:attachment":[{"href":"https:\/\/oandgaccounting.com\/es\/wp-json\/wp\/v2\/media?parent=4132"}],"curies":[{"name":"wp","href":"https:\/\/api.w.org\/{rel}","templated":true}]}}