{"id":4138,"date":"2023-03-29T13:11:31","date_gmt":"2023-03-29T13:11:31","guid":{"rendered":"https:\/\/oandgaccounting.com\/?page_id=4138"},"modified":"2023-03-29T13:18:26","modified_gmt":"2023-03-29T13:18:26","slug":"irs-offers-free-tax-filing-options-to-help-families-save-money","status":"publish","type":"page","link":"https:\/\/oandgaccounting.com\/es\/foreign-owned-us-llc\/irs-offers-free-tax-filing-options-to-help-families-save-money\/","title":{"rendered":"El IRS ofrece opciones gratuitas de presentaci\u00f3n de impuestos para ayudar a las familias a ahorrar dinero"},"content":{"rendered":"<div class=\"onefivequestion\">\n<div class=\"container py-4 text-left\">\n<p>Las familias que buscan ahorrar dinero durante la temporada de impuestos pueden aprovechar el programa Free File del Servicio de Impuestos Internos (IRS). Este programa ofrece software de preparaci\u00f3n de impuestos en l\u00ednea, presentaci\u00f3n electr\u00f3nica y dep\u00f3sito directo de reembolsos sin costo para los contribuyentes elegibles.\n<\/p>\n<p>El software Free File del IRS puede ayudar a las familias a identificar valiosos cr\u00e9ditos fiscales que pueden reducir la cantidad de impuestos adeudados o aumentar su reembolso. Aqu\u00ed hay algunos puntos clave a tener en cuenta sobre Free File del IRS y los beneficios fiscales que pueden beneficiar a los contribuyentes:<\/p>\n<ul>\n<li>El software de preparaci\u00f3n de impuestos Free File del IRS est\u00e1 disponible para contribuyentes y familias con un ingreso bruto ajustado total de $73,000 o menos en 2022. El software se ofrece tanto en ingl\u00e9s como en espa\u00f1ol.<\/li>\n<li>Al utilizar el software Free File del IRS, los contribuyentes pueden encontrar y calcular cr\u00e9ditos fiscales valiosos, como el Cr\u00e9dito Tributario por Ingreso del Trabajo, el Cr\u00e9dito Tributario por Hijos y el Cr\u00e9dito por Cuidado de Hijos y Dependientes.<\/li>\n<li>Cualquier individuo o pareja casada que cumpla con el l\u00edmite de ingresos es potencialmente elegible, y Free File del IRS tambi\u00e9n puede manejar declaraciones de impuestos complejas.<\/li>\n<li>El programa est\u00e1 disponible exclusivamente en el sitio web del IRS. Los contribuyentes pueden consultar proveedores confiables de Free File del IRS o usar la herramienta de b\u00fasqueda para encontrar el producto que mejor se adapte a sus necesidades.<\/li>\n<li>Cada socio de Free File del IRS establece sus propios criterios de elegibilidad seg\u00fan factores como ingresos, edad y estado de residencia. Sin embargo, todos los contribuyentes que cumplan con el l\u00edmite de ingresos de $73,000 encontrar\u00e1n al menos un producto gratuito para usar.<\/li>\n<li>Los contribuyentes pueden acceder a Free File del IRS desde cualquier computadora personal, tableta o tel\u00e9fono inteligente.<\/li>\n<\/ul>\n<p>Otras opciones para militares y ciertos veteranos incluyen el software en l\u00ednea MilTax, ofrecido por el Departamento de Defensa. Este software permite a los contribuyentes elegibles preparar y presentar electr\u00f3nicamente sus declaraciones de impuestos federales y hasta tres declaraciones estatales de forma gratuita.<\/p>\n<p>Para los contribuyentes que cumplen los requisitos, tambi\u00e9n hay disponible ayuda gratuita e individualizada para la preparaci\u00f3n de impuestos en todo el pa\u00eds a trav\u00e9s de los programas de Asistencia Voluntaria para la Declaraci\u00f3n de Impuestos (VITA) y Asesor\u00eda Tributaria para Personas Mayores (TCE). Utilizar estos servicios puede brindar un alivio financiero significativo a las familias durante la temporada de impuestos.<\/p>\n<p><script async src=\"https:\/\/pagead2.googlesyndication.com\/pagead\/js\/adsbygoogle.js?client=ca-pub-3039986354638252\"\n     crossorigin=\"anonymous\"><\/script><br \/>\n<ins class=\"adsbygoogle\"\n     style=\"display:block; text-align:center;\"\n     data-ad-layout=\"in-article\"\n     data-ad-format=\"fluid\"\n     data-ad-client=\"ca-pub-3039986354638252\"\n     data-ad-slot=\"8101689985\"><\/ins><br \/>\n<script>\n     (adsbygoogle = window.adsbygoogle || []).push({});\n<\/script><\/p><\/div>","protected":false},"excerpt":{"rendered":"<p>Families looking to save money during tax season can take advantage of the Internal Revenue Service&#8217;s (IRS) Free File program. The program provides online tax preparation software, electronic filing, and direct deposit of refunds at no cost to eligible taxpayers. IRS Free File software can help families identify valuable tax credits that may reduce the &hellip; <a href=\"https:\/\/oandgaccounting.com\/es\/foreign-owned-us-llc\/irs-offers-free-tax-filing-options-to-help-families-save-money\/\" class=\"more-link\">Seguir leyendo<span class=\"screen-reader-text\"> &#8220;IRS Offers Free Tax Filing Options to Help Families Save Money&#8221;<\/span><\/a><\/p>","protected":false},"author":1,"featured_media":0,"parent":30,"menu_order":0,"comment_status":"closed","ping_status":"closed","template":"default_withchat.php","meta":{"_acf_changed":false,"om_disable_all_campaigns":false,"_monsterinsights_skip_tracking":false,"_monsterinsights_sitenote_active":false,"_monsterinsights_sitenote_note":"","_monsterinsights_sitenote_category":0,"_uf_show_specific_survey":0,"_uf_disable_surveys":false,"footnotes":""},"class_list":["post-4138","page","type-page","status-publish","hentry"],"acf":[],"yoast_head":"<!-- This site is optimized with the Yoast SEO plugin v27.4 - https:\/\/yoast.com\/product\/yoast-seo-wordpress\/ -->\n<title>IRS Offers Free Tax Filing Options to Help Families Save Money - O&amp;G Tax and Accounting<\/title>\n<meta name=\"robots\" content=\"index, follow, max-snippet:-1, max-image-preview:large, max-video-preview:-1\" \/>\n<link rel=\"canonical\" href=\"https:\/\/oandgaccounting.com\/es\/foreign-owned-us-llc\/irs-offers-free-tax-filing-options-to-help-families-save-money\/\" \/>\n<meta property=\"og:locale\" content=\"es_ES\" \/>\n<meta property=\"og:type\" content=\"article\" \/>\n<meta property=\"og:title\" content=\"IRS Offers Free Tax Filing Options to Help Families Save Money - O&amp;G Tax and Accounting\" \/>\n<meta property=\"og:description\" content=\"Families looking to save money during tax season can take advantage of the Internal Revenue Service&#8217;s (IRS) Free File program. The program provides online tax preparation software, electronic filing, and direct deposit of refunds at no cost to eligible taxpayers. IRS Free File software can help families identify valuable tax credits that may reduce the &hellip; Continue reading &quot;IRS Offers Free Tax Filing Options to Help Families Save Money&quot;\" \/>\n<meta property=\"og:url\" content=\"https:\/\/oandgaccounting.com\/es\/foreign-owned-us-llc\/irs-offers-free-tax-filing-options-to-help-families-save-money\/\" \/>\n<meta property=\"og:site_name\" content=\"O&amp;G Tax and Accounting\" \/>\n<meta property=\"article:modified_time\" content=\"2023-03-29T13:18:26+00:00\" \/>\n<meta name=\"twitter:card\" content=\"summary_large_image\" \/>\n<meta name=\"twitter:label1\" content=\"Tiempo de lectura\" \/>\n\t<meta name=\"twitter:data1\" content=\"2 minutos\" \/>\n<script type=\"application\/ld+json\" class=\"yoast-schema-graph\">{\"@context\":\"https:\\\/\\\/schema.org\",\"@graph\":[{\"@type\":\"WebPage\",\"@id\":\"https:\\\/\\\/oandgaccounting.com\\\/foreign-owned-us-llc\\\/irs-offers-free-tax-filing-options-to-help-families-save-money\\\/\",\"url\":\"https:\\\/\\\/oandgaccounting.com\\\/foreign-owned-us-llc\\\/irs-offers-free-tax-filing-options-to-help-families-save-money\\\/\",\"name\":\"IRS Offers Free Tax Filing Options to Help Families Save Money - O&amp;G Tax and Accounting\",\"isPartOf\":{\"@id\":\"https:\\\/\\\/oandgaccounting.com\\\/#website\"},\"datePublished\":\"2023-03-29T13:11:31+00:00\",\"dateModified\":\"2023-03-29T13:18:26+00:00\",\"breadcrumb\":{\"@id\":\"https:\\\/\\\/oandgaccounting.com\\\/foreign-owned-us-llc\\\/irs-offers-free-tax-filing-options-to-help-families-save-money\\\/#breadcrumb\"},\"inLanguage\":\"es\",\"potentialAction\":[{\"@type\":\"ReadAction\",\"target\":[\"https:\\\/\\\/oandgaccounting.com\\\/foreign-owned-us-llc\\\/irs-offers-free-tax-filing-options-to-help-families-save-money\\\/\"]}]},{\"@type\":\"BreadcrumbList\",\"@id\":\"https:\\\/\\\/oandgaccounting.com\\\/foreign-owned-us-llc\\\/irs-offers-free-tax-filing-options-to-help-families-save-money\\\/#breadcrumb\",\"itemListElement\":[{\"@type\":\"ListItem\",\"position\":1,\"name\":\"Foreign Owned US LLC\",\"item\":\"https:\\\/\\\/oandgaccounting.com\\\/foreign-owned-us-llc\\\/\"},{\"@type\":\"ListItem\",\"position\":2,\"name\":\"IRS Offers Free Tax Filing Options to Help Families Save Money\"}]},{\"@type\":\"WebSite\",\"@id\":\"https:\\\/\\\/oandgaccounting.com\\\/#website\",\"url\":\"https:\\\/\\\/oandgaccounting.com\\\/\",\"name\":\"O&amp;G Tax and Accounting\",\"description\":\"\",\"publisher\":{\"@id\":\"https:\\\/\\\/oandgaccounting.com\\\/#organization\"},\"potentialAction\":[{\"@type\":\"SearchAction\",\"target\":{\"@type\":\"EntryPoint\",\"urlTemplate\":\"https:\\\/\\\/oandgaccounting.com\\\/?s={search_term_string}\"},\"query-input\":{\"@type\":\"PropertyValueSpecification\",\"valueRequired\":true,\"valueName\":\"search_term_string\"}}],\"inLanguage\":\"es\"},{\"@type\":\"Organization\",\"@id\":\"https:\\\/\\\/oandgaccounting.com\\\/#organization\",\"name\":\"O&amp;G Tax and Accounting\",\"url\":\"https:\\\/\\\/oandgaccounting.com\\\/\",\"logo\":{\"@type\":\"ImageObject\",\"inLanguage\":\"es\",\"@id\":\"https:\\\/\\\/oandgaccounting.com\\\/#\\\/schema\\\/logo\\\/image\\\/\",\"url\":\"https:\\\/\\\/oandgaccounting.com\\\/wp-content\\\/uploads\\\/2019\\\/07\\\/logo.png\",\"contentUrl\":\"https:\\\/\\\/oandgaccounting.com\\\/wp-content\\\/uploads\\\/2019\\\/07\\\/logo.png\",\"width\":123,\"height\":74,\"caption\":\"O&amp;G Tax and Accounting\"},\"image\":{\"@id\":\"https:\\\/\\\/oandgaccounting.com\\\/#\\\/schema\\\/logo\\\/image\\\/\"}}]}<\/script>\n<!-- \/ Yoast SEO plugin. -->","yoast_head_json":{"title":"IRS Offers Free Tax Filing Options to Help Families Save Money - O&amp;G Tax and Accounting","robots":{"index":"index","follow":"follow","max-snippet":"max-snippet:-1","max-image-preview":"max-image-preview:large","max-video-preview":"max-video-preview:-1"},"canonical":"https:\/\/oandgaccounting.com\/es\/foreign-owned-us-llc\/irs-offers-free-tax-filing-options-to-help-families-save-money\/","og_locale":"es_ES","og_type":"article","og_title":"IRS Offers Free Tax Filing Options to Help Families Save Money - O&amp;G Tax and Accounting","og_description":"Families looking to save money during tax season can take advantage of the Internal Revenue Service&#8217;s (IRS) Free File program. The program provides online tax preparation software, electronic filing, and direct deposit of refunds at no cost to eligible taxpayers. IRS Free File software can help families identify valuable tax credits that may reduce the &hellip; Continue reading \"IRS Offers Free Tax Filing Options to Help Families Save Money\"","og_url":"https:\/\/oandgaccounting.com\/es\/foreign-owned-us-llc\/irs-offers-free-tax-filing-options-to-help-families-save-money\/","og_site_name":"O&amp;G Tax and Accounting","article_modified_time":"2023-03-29T13:18:26+00:00","twitter_card":"summary_large_image","twitter_misc":{"Tiempo de lectura":"2 minutos"},"schema":{"@context":"https:\/\/schema.org","@graph":[{"@type":"WebPage","@id":"https:\/\/oandgaccounting.com\/foreign-owned-us-llc\/irs-offers-free-tax-filing-options-to-help-families-save-money\/","url":"https:\/\/oandgaccounting.com\/foreign-owned-us-llc\/irs-offers-free-tax-filing-options-to-help-families-save-money\/","name":"IRS Offers Free Tax Filing Options to Help Families Save Money - O&amp;G Tax and Accounting","isPartOf":{"@id":"https:\/\/oandgaccounting.com\/#website"},"datePublished":"2023-03-29T13:11:31+00:00","dateModified":"2023-03-29T13:18:26+00:00","breadcrumb":{"@id":"https:\/\/oandgaccounting.com\/foreign-owned-us-llc\/irs-offers-free-tax-filing-options-to-help-families-save-money\/#breadcrumb"},"inLanguage":"es","potentialAction":[{"@type":"ReadAction","target":["https:\/\/oandgaccounting.com\/foreign-owned-us-llc\/irs-offers-free-tax-filing-options-to-help-families-save-money\/"]}]},{"@type":"BreadcrumbList","@id":"https:\/\/oandgaccounting.com\/foreign-owned-us-llc\/irs-offers-free-tax-filing-options-to-help-families-save-money\/#breadcrumb","itemListElement":[{"@type":"ListItem","position":1,"name":"Foreign Owned US LLC","item":"https:\/\/oandgaccounting.com\/foreign-owned-us-llc\/"},{"@type":"ListItem","position":2,"name":"IRS Offers Free Tax Filing Options to Help Families Save Money"}]},{"@type":"WebSite","@id":"https:\/\/oandgaccounting.com\/#website","url":"https:\/\/oandgaccounting.com\/","name":"Impuestos y contabilidad de petr\u00f3leo y gas","description":"","publisher":{"@id":"https:\/\/oandgaccounting.com\/#organization"},"potentialAction":[{"@type":"SearchAction","target":{"@type":"EntryPoint","urlTemplate":"https:\/\/oandgaccounting.com\/?s={search_term_string}"},"query-input":{"@type":"PropertyValueSpecification","valueRequired":true,"valueName":"search_term_string"}}],"inLanguage":"es"},{"@type":"Organization","@id":"https:\/\/oandgaccounting.com\/#organization","name":"Impuestos y contabilidad de petr\u00f3leo y gas","url":"https:\/\/oandgaccounting.com\/","logo":{"@type":"ImageObject","inLanguage":"es","@id":"https:\/\/oandgaccounting.com\/#\/schema\/logo\/image\/","url":"https:\/\/oandgaccounting.com\/wp-content\/uploads\/2019\/07\/logo.png","contentUrl":"https:\/\/oandgaccounting.com\/wp-content\/uploads\/2019\/07\/logo.png","width":123,"height":74,"caption":"O&amp;G Tax and Accounting"},"image":{"@id":"https:\/\/oandgaccounting.com\/#\/schema\/logo\/image\/"}}]}},"_links":{"self":[{"href":"https:\/\/oandgaccounting.com\/es\/wp-json\/wp\/v2\/pages\/4138","targetHints":{"allow":["GET"]}}],"collection":[{"href":"https:\/\/oandgaccounting.com\/es\/wp-json\/wp\/v2\/pages"}],"about":[{"href":"https:\/\/oandgaccounting.com\/es\/wp-json\/wp\/v2\/types\/page"}],"author":[{"embeddable":true,"href":"https:\/\/oandgaccounting.com\/es\/wp-json\/wp\/v2\/users\/1"}],"replies":[{"embeddable":true,"href":"https:\/\/oandgaccounting.com\/es\/wp-json\/wp\/v2\/comments?post=4138"}],"version-history":[{"count":0,"href":"https:\/\/oandgaccounting.com\/es\/wp-json\/wp\/v2\/pages\/4138\/revisions"}],"up":[{"embeddable":true,"href":"https:\/\/oandgaccounting.com\/es\/wp-json\/wp\/v2\/pages\/30"}],"wp:attachment":[{"href":"https:\/\/oandgaccounting.com\/es\/wp-json\/wp\/v2\/media?parent=4138"}],"curies":[{"name":"wp","href":"https:\/\/api.w.org\/{rel}","templated":true}]}}