{"id":4953,"date":"2023-12-26T11:21:32","date_gmt":"2023-12-26T11:21:32","guid":{"rendered":"https:\/\/oandgaccounting.com\/?page_id=4953"},"modified":"2025-03-07T11:14:04","modified_gmt":"2025-03-07T11:14:04","slug":"find-the-right-cpa-for-your-foreign-owned-llcs-in-new-mexico-expert-guide-for-fdes","status":"publish","type":"page","link":"https:\/\/oandgaccounting.com\/es\/resources\/find-the-right-cpa-for-your-foreign-owned-llcs-in-new-mexico-expert-guide-for-fdes\/","title":{"rendered":"Encuentre el CPA adecuado para su LLC de propiedad extranjera en Nuevo M\u00e9xico: Gu\u00eda experta para FDE"},"content":{"rendered":"<div class=\"onefivequestion\">\n<div class=\"container py-4 text-left\">\n<h5>PREGUNTA: \u00bfC\u00f3mo encontrar un contador p\u00fablico certificado para una entidad ignorada de propiedad extranjera en Nuevo M\u00e9xico?<\/h5>\n<h5>Soy no residente en EE. UU. y propietario \u00fanico de una sociedad de responsabilidad limitada (LLC) en Nuevo M\u00e9xico. Mi LLC es una entidad no considerada (FDE) de propiedad extranjera a efectos fiscales y debo presentar anualmente los formularios 1120 y 5472 al IRS, as\u00ed como el FBAR ante la FinCEN. Tambi\u00e9n necesito llevar una contabilidad m\u00ednima (contabilidad mensual), un balance general y una cuenta de p\u00e9rdidas y ganancias (BL y P\/L) validados por un contador p\u00fablico certificado (CPA) para presentarlos a mi gestor fiscal en Espa\u00f1a. Busco un CPA que pueda ayudarme con estas tareas y asesorarme sobre el mejor software y pr\u00e1cticas de contabilidad para mi situaci\u00f3n. \u00bfC\u00f3mo puedo encontrar un CPA fiable y asequible para mi FDE en Nuevo M\u00e9xico? \u00bfCu\u00e1les son los honorarios y servicios promedio que puedo esperar de un CPA para mi FDE?<\/h5>\n<p><strong>RESPUESTA DEL EXPERTO:<\/strong> Si eres un <a href=\"https:\/\/www.irs.gov\/individuals\/international-taxpayers\/nonresident-aliens\" rel=\"noopener\" target=\"_blank\">no residente<\/a> Si usted es propietario de una empresa que opera una LLC en EE. UU., se le clasifica como una Entidad Desconsiderada de Propiedad Extranjera (FDE) a efectos fiscales. Esto significa que, si bien su empresa est\u00e1 legalmente separada de usted como propietario, no se considera una entidad independiente a efectos de la declaraci\u00f3n de impuestos. Los ingresos y gastos de la FDE se transfieren a su declaraci\u00f3n de impuestos personal. A continuaci\u00f3n, se detallan los requisitos espec\u00edficos de presentaci\u00f3n que debe cumplir, como los formularios proforma 1120, 5472 y FBAR.<\/p>\n<h5>C\u00f3mo elegir el CPA adecuado para su FDE<\/h5>\n<p>Trabajando con un <a href=\"https:\/\/oandgaccounting.com\/about-me\/\" rel=\"noopener\" target=\"_blank\">contador p\u00fablico calificado <\/a>Un profesional que comprenda las complejidades de los FDE es esencial para garantizar que cumpla con todos los requisitos de cumplimiento y tome decisiones financieras informadas. Aqu\u00ed le mostramos c\u00f3mo encontrar el contador p\u00fablico certificado (CPA) adecuado para su FDE en Nuevo M\u00e9xico:<\/p>\n<h5>1. Busque experiencia especializada:<\/h5>\n<ul>\n<li><strong>Enfoque en empresas de propiedad extranjera:<\/strong> Busque firmas de contabilidad p\u00fablica con una s\u00f3lida trayectoria trabajando con empresas extranjeras, en particular con sociedades de responsabilidad limitada (LLC) unipersonales en EE. UU. Comprender\u00e1n mejor las implicaciones fiscales espec\u00edficas y los requisitos de cumplimiento.<\/li>\n<li><strong>Experiencia con presentaciones ante el IRS y tributaci\u00f3n internacional:<\/strong> Aseg\u00farese de que el CPA tenga experiencia en el manejo de los formularios Proforma 1120, 5472 y FBAR, as\u00ed como un s\u00f3lido conocimiento de las leyes y regulaciones fiscales internacionales.<\/li>\n<\/ul>\n<h5>2. Considere los servicios ofrecidos:<\/h5>\n<ul>\n<li><strong><a href=\"https:\/\/oandgaccounting.com\/single-member\/\" rel=\"noopener\" target=\"_blank\">Declaraci\u00f3n de impuestos<\/a>:<\/strong> Verifique que el CPA pueda manejar las presentaciones de impuestos necesarias para su FDE, incluidos los formularios 1120, 5472 y FBAR.<\/li>\n<li><strong><a href=\"https:\/\/oandgaccounting.com\/service-packages\/#monthly-bookkeeping-package\" rel=\"noopener\" target=\"_blank\">Contabilidad y tenedur\u00eda de libros<\/a>:<\/strong> Si necesita ayuda con la contabilidad mensual, balances generales, estados de ganancias y p\u00e9rdidas o recomendaciones de software de contabilidad, pregunte por estos servicios.<\/li>\n<li><strong>Contabilidad general:<\/strong> Para necesidades contables m\u00e1s amplias, aseg\u00farese de que el contador p\u00fablico pueda brindar servicios de contabilidad general para respaldar sus operaciones comerciales.<\/li>\n<li><strong>FBAR (Formulario 114 de FinCEN):<\/strong> Si su FDE tiene cuentas financieras en el extranjero con saldos combinados superiores a $10,000 en cualquier momento durante el a\u00f1o, deber\u00e1 presentar un FBAR (Informe de cuenta bancaria extranjera).<\/li>\n<\/ul>\n<h5>3. Importancia de trabajar con un CPA para los FDE<\/h5>\n<p>Navegar por las leyes fiscales de EE. UU. como propietario de una empresa extranjera puede ser complejo. Asociarse con una <a href=\"https:\/\/oandgaccounting.com\/about-me\/\" rel=\"noopener\" target=\"_blank\">contador p\u00fablico calificado <\/a>Conocer a alguien especializado en FDE es crucial para garantizar el cumplimiento y proteger sus intereses financieros. Un contador p\u00fablico certificado (CPA) puede:<\/p>\n<ul>\n<li>Guiarte a trav\u00e9s de la <a href=\"https:\/\/www.youtube.com\/watch?v=949wTng8E80\" rel=\"noopener\" target=\"_blank\">Requisitos espec\u00edficos de impuestos y presentaci\u00f3n<\/a> para su FDE.<\/li>\n<li>Preparar y presentar los formularios necesarios de forma precisa y a tiempo.<\/li>\n<li>Asesorarle sobre estrategias fiscales eficientes para minimizar su obligaci\u00f3n tributaria.<\/li>\n<li>Le ayudamos a mantener registros contables e informes financieros adecuados.<\/li>\n<li>Ayudar con cualquier auditor\u00eda fiscal o consulta del IRS.<\/li>\n<\/ul>\n<h5>4. Reputaci\u00f3n y rese\u00f1as:<\/h5>\n<ul>\n<li><strong>Investigaci\u00f3n y recomendaciones:<\/strong> Recopile informaci\u00f3n sobre la reputaci\u00f3n de la empresa de contabilidad p\u00fablica a trav\u00e9s de rese\u00f1as en l\u00ednea, redes profesionales o referencias de otros propietarios de empresas en situaciones similares.<\/li>\n<li><strong>Credenciales y licencias:<\/strong> Verifique que el contador p\u00fablico tenga licencia y est\u00e9 al d\u00eda con su respectiva junta estatal.<\/li>\n<\/ul>\n<h5>5. Transparencia de tarifas y precios:<\/h5>\n<ul>\n<li><strong>Comprender las estructuras de precios:<\/strong> Inf\u00f3rmese sobre la estructura de honorarios y los precios del contador p\u00fablico para los servicios espec\u00edficos que necesita. Esto le ayudar\u00e1 a presupuestar y comparar costos entre diferentes firmas.<\/li>\n<li><strong>Obtenga cotizaciones por escrito:<\/strong> Obtenga cotizaciones escritas de los servicios para garantizar la claridad y evitar sorpresas.<\/li>\n<\/ul>\n<h5>Firma de contabilidad recomendada: Impuestos y contabilidad de petr\u00f3leo y gas<\/h5>\n<p><a href=\"https:\/\/oandgaccounting.com\/\" rel=\"noopener\" target=\"_blank\">Impuestos y contabilidad de petr\u00f3leo y gas<\/a> Se destaca como una firma con un fuerte enfoque en servir a sociedades de responsabilidad limitada (LLC) unipersonales de propiedad extranjera en EE. UU. Ofrecemos una gama integral de servicios, que incluye:<\/p>\n<ul>\n<li>Preparaci\u00f3n de los formularios 1120, 5472 y FBAR<\/li>\n<li>Contabilidad y contabilidad mensual<\/li>\n<li>Recomendaciones de software de contabilidad<\/li>\n<li>Servicios de contabilidad general<\/li>\n<li>Consultas y asesoramiento personalizado<\/li>\n<\/ul>\n<p>Contamos con amplia experiencia trabajando con FDE en Nuevo M\u00e9xico y podemos ayudarle a navegar las complejidades de las leyes tributarias de EE. UU. Cont\u00e1ctenos hoy mismo para <a href=\"https:\/\/oandgaccounting.com\/appointment-booking-form\/\" rel=\"noopener\" target=\"_blank\">programar una consulta<\/a> y discutir sus necesidades espec\u00edficas.<\/p>\n<\/p><\/div>","protected":false},"excerpt":{"rendered":"<p>PREGUNTA: \u00bfC\u00f3mo encontrar un contador p\u00fablico certificado (CPA) para una entidad no considerada de propiedad extranjera en Nuevo M\u00e9xico? Soy no residente en EE. UU. y propietario \u00fanico de una sociedad de responsabilidad limitada (LLC) en Nuevo M\u00e9xico. Mi LLC es una entidad no considerada de propiedad extranjera (FDE) a efectos fiscales y debo presentar los formularios 1120 y 5472 ante el IRS. <a href=\"https:\/\/oandgaccounting.com\/es\/resources\/find-the-right-cpa-for-your-foreign-owned-llcs-in-new-mexico-expert-guide-for-fdes\/\" class=\"more-link\">Seguir leyendo<span class=\"screen-reader-text\"> \u201cEncuentre el Contador P\u00fablico Certificado (CPA) adecuado para su LLC de propiedad extranjera en Nuevo M\u00e9xico: Gu\u00eda experta para FDE\u201d<\/span><\/a><\/p>","protected":false},"author":1,"featured_media":0,"parent":24,"menu_order":0,"comment_status":"closed","ping_status":"closed","template":"default_withchat.php","meta":{"_acf_changed":false,"om_disable_all_campaigns":false,"_monsterinsights_skip_tracking":false,"_monsterinsights_sitenote_active":false,"_monsterinsights_sitenote_note":"","_monsterinsights_sitenote_category":0,"_uf_show_specific_survey":0,"_uf_disable_surveys":false,"footnotes":""},"class_list":["post-4953","page","type-page","status-publish","hentry"],"acf":[],"yoast_head":"<!-- This site is optimized with the Yoast SEO plugin v27.3 - https:\/\/yoast.com\/product\/yoast-seo-wordpress\/ -->\n<title>Find the Right CPA for Your Foreign-Owned LLC in New Mexico: Expert Guide for FDEs - O&amp;G Tax and Accounting<\/title>\n<meta name=\"robots\" content=\"index, follow, max-snippet:-1, max-image-preview:large, max-video-preview:-1\" \/>\n<link rel=\"canonical\" href=\"https:\/\/oandgaccounting.com\/es\/resources\/find-the-right-cpa-for-your-foreign-owned-llcs-in-new-mexico-expert-guide-for-fdes\/\" \/>\n<meta property=\"og:locale\" content=\"es_ES\" \/>\n<meta property=\"og:type\" content=\"article\" \/>\n<meta property=\"og:title\" content=\"Find the Right CPA for Your Foreign-Owned LLC in New Mexico: Expert Guide for FDEs - O&amp;G Tax and Accounting\" \/>\n<meta property=\"og:description\" content=\"QUESTION: How to Find a CPA for a Foreign-Owned Disregarded Entity in New Mexico? I am a non-resident in the US and the sole proprietor of an LLC company in New Mexico. My LLC is a foreign-owned disregarded entity (FDE) for tax purposes and I have to file Forms 1120 and 5472 with the IRS, &hellip; Continue reading &quot;Find the Right CPA for Your Foreign-Owned LLC in New Mexico: Expert Guide for FDEs&quot;\" \/>\n<meta property=\"og:url\" content=\"https:\/\/oandgaccounting.com\/es\/resources\/find-the-right-cpa-for-your-foreign-owned-llcs-in-new-mexico-expert-guide-for-fdes\/\" \/>\n<meta property=\"og:site_name\" content=\"O&amp;G Tax and Accounting\" \/>\n<meta property=\"article:modified_time\" content=\"2025-03-07T11:14:04+00:00\" \/>\n<meta property=\"og:image\" content=\"https:\/\/oandgaccounting.com\/wp-content\/uploads\/2023\/12\/WhatsApp-Image-2023-12-26-at-13.38.54.jpeg\" \/>\n\t<meta property=\"og:image:width\" content=\"975\" \/>\n\t<meta property=\"og:image:height\" content=\"975\" \/>\n\t<meta property=\"og:image:type\" content=\"image\/jpeg\" \/>\n<meta name=\"twitter:card\" content=\"summary_large_image\" \/>\n<meta name=\"twitter:label1\" content=\"Tiempo de lectura\" \/>\n\t<meta name=\"twitter:data1\" content=\"4 minutos\" \/>\n<script type=\"application\/ld+json\" class=\"yoast-schema-graph\">{\"@context\":\"https:\\\/\\\/schema.org\",\"@graph\":[{\"@type\":\"WebPage\",\"@id\":\"https:\\\/\\\/oandgaccounting.com\\\/resources\\\/find-the-right-cpa-for-your-foreign-owned-llcs-in-new-mexico-expert-guide-for-fdes\\\/\",\"url\":\"https:\\\/\\\/oandgaccounting.com\\\/resources\\\/find-the-right-cpa-for-your-foreign-owned-llcs-in-new-mexico-expert-guide-for-fdes\\\/\",\"name\":\"Find the Right CPA for Your Foreign-Owned LLC in New Mexico: Expert Guide for FDEs - O&amp;G Tax and Accounting\",\"isPartOf\":{\"@id\":\"https:\\\/\\\/oandgaccounting.com\\\/#website\"},\"datePublished\":\"2023-12-26T11:21:32+00:00\",\"dateModified\":\"2025-03-07T11:14:04+00:00\",\"breadcrumb\":{\"@id\":\"https:\\\/\\\/oandgaccounting.com\\\/resources\\\/find-the-right-cpa-for-your-foreign-owned-llcs-in-new-mexico-expert-guide-for-fdes\\\/#breadcrumb\"},\"inLanguage\":\"es\",\"potentialAction\":[{\"@type\":\"ReadAction\",\"target\":[\"https:\\\/\\\/oandgaccounting.com\\\/resources\\\/find-the-right-cpa-for-your-foreign-owned-llcs-in-new-mexico-expert-guide-for-fdes\\\/\"]}]},{\"@type\":\"BreadcrumbList\",\"@id\":\"https:\\\/\\\/oandgaccounting.com\\\/resources\\\/find-the-right-cpa-for-your-foreign-owned-llcs-in-new-mexico-expert-guide-for-fdes\\\/#breadcrumb\",\"itemListElement\":[{\"@type\":\"ListItem\",\"position\":1,\"name\":\"Resources\",\"item\":\"https:\\\/\\\/oandgaccounting.com\\\/resources\\\/\"},{\"@type\":\"ListItem\",\"position\":2,\"name\":\"Find the Right CPA for Your Foreign-Owned LLC in New Mexico: Expert Guide for FDEs\"}]},{\"@type\":\"WebSite\",\"@id\":\"https:\\\/\\\/oandgaccounting.com\\\/#website\",\"url\":\"https:\\\/\\\/oandgaccounting.com\\\/\",\"name\":\"O&amp;G Tax and Accounting\",\"description\":\"\",\"publisher\":{\"@id\":\"https:\\\/\\\/oandgaccounting.com\\\/#organization\"},\"potentialAction\":[{\"@type\":\"SearchAction\",\"target\":{\"@type\":\"EntryPoint\",\"urlTemplate\":\"https:\\\/\\\/oandgaccounting.com\\\/?s={search_term_string}\"},\"query-input\":{\"@type\":\"PropertyValueSpecification\",\"valueRequired\":true,\"valueName\":\"search_term_string\"}}],\"inLanguage\":\"es\"},{\"@type\":\"Organization\",\"@id\":\"https:\\\/\\\/oandgaccounting.com\\\/#organization\",\"name\":\"O&amp;G Tax and Accounting\",\"url\":\"https:\\\/\\\/oandgaccounting.com\\\/\",\"logo\":{\"@type\":\"ImageObject\",\"inLanguage\":\"es\",\"@id\":\"https:\\\/\\\/oandgaccounting.com\\\/#\\\/schema\\\/logo\\\/image\\\/\",\"url\":\"https:\\\/\\\/oandgaccounting.com\\\/wp-content\\\/uploads\\\/2019\\\/07\\\/logo.png\",\"contentUrl\":\"https:\\\/\\\/oandgaccounting.com\\\/wp-content\\\/uploads\\\/2019\\\/07\\\/logo.png\",\"width\":123,\"height\":74,\"caption\":\"O&amp;G Tax and Accounting\"},\"image\":{\"@id\":\"https:\\\/\\\/oandgaccounting.com\\\/#\\\/schema\\\/logo\\\/image\\\/\"}}]}<\/script>\n<!-- \/ Yoast SEO plugin. -->","yoast_head_json":{"title":"Encuentre el CPA adecuado para su LLC de propiedad extranjera en Nuevo M\u00e9xico: Gu\u00eda experta para FDE - Impuestos y contabilidad de petr\u00f3leo y gas","robots":{"index":"index","follow":"follow","max-snippet":"max-snippet:-1","max-image-preview":"max-image-preview:large","max-video-preview":"max-video-preview:-1"},"canonical":"https:\/\/oandgaccounting.com\/es\/resources\/find-the-right-cpa-for-your-foreign-owned-llcs-in-new-mexico-expert-guide-for-fdes\/","og_locale":"es_ES","og_type":"article","og_title":"Find the Right CPA for Your Foreign-Owned LLC in New Mexico: Expert Guide for FDEs - O&amp;G Tax and Accounting","og_description":"QUESTION: How to Find a CPA for a Foreign-Owned Disregarded Entity in New Mexico? I am a non-resident in the US and the sole proprietor of an LLC company in New Mexico. My LLC is a foreign-owned disregarded entity (FDE) for tax purposes and I have to file Forms 1120 and 5472 with the IRS, &hellip; Continue reading \"Find the Right CPA for Your Foreign-Owned LLC in New Mexico: Expert Guide for FDEs\"","og_url":"https:\/\/oandgaccounting.com\/es\/resources\/find-the-right-cpa-for-your-foreign-owned-llcs-in-new-mexico-expert-guide-for-fdes\/","og_site_name":"O&amp;G Tax and Accounting","article_modified_time":"2025-03-07T11:14:04+00:00","og_image":[{"width":975,"height":975,"url":"https:\/\/oandgaccounting.com\/wp-content\/uploads\/2023\/12\/WhatsApp-Image-2023-12-26-at-13.38.54.jpeg","type":"image\/jpeg"}],"twitter_card":"summary_large_image","twitter_misc":{"Tiempo de lectura":"4 minutos"},"schema":{"@context":"https:\/\/schema.org","@graph":[{"@type":"WebPage","@id":"https:\/\/oandgaccounting.com\/resources\/find-the-right-cpa-for-your-foreign-owned-llcs-in-new-mexico-expert-guide-for-fdes\/","url":"https:\/\/oandgaccounting.com\/resources\/find-the-right-cpa-for-your-foreign-owned-llcs-in-new-mexico-expert-guide-for-fdes\/","name":"Encuentre el CPA adecuado para su LLC de propiedad extranjera en Nuevo M\u00e9xico: Gu\u00eda experta para FDE - Impuestos y contabilidad de petr\u00f3leo y gas","isPartOf":{"@id":"https:\/\/oandgaccounting.com\/#website"},"datePublished":"2023-12-26T11:21:32+00:00","dateModified":"2025-03-07T11:14:04+00:00","breadcrumb":{"@id":"https:\/\/oandgaccounting.com\/resources\/find-the-right-cpa-for-your-foreign-owned-llcs-in-new-mexico-expert-guide-for-fdes\/#breadcrumb"},"inLanguage":"es","potentialAction":[{"@type":"ReadAction","target":["https:\/\/oandgaccounting.com\/resources\/find-the-right-cpa-for-your-foreign-owned-llcs-in-new-mexico-expert-guide-for-fdes\/"]}]},{"@type":"BreadcrumbList","@id":"https:\/\/oandgaccounting.com\/resources\/find-the-right-cpa-for-your-foreign-owned-llcs-in-new-mexico-expert-guide-for-fdes\/#breadcrumb","itemListElement":[{"@type":"ListItem","position":1,"name":"Resources","item":"https:\/\/oandgaccounting.com\/resources\/"},{"@type":"ListItem","position":2,"name":"Find the Right CPA for Your Foreign-Owned LLC in New Mexico: Expert Guide for FDEs"}]},{"@type":"WebSite","@id":"https:\/\/oandgaccounting.com\/#website","url":"https:\/\/oandgaccounting.com\/","name":"Impuestos y contabilidad de petr\u00f3leo y gas","description":"","publisher":{"@id":"https:\/\/oandgaccounting.com\/#organization"},"potentialAction":[{"@type":"SearchAction","target":{"@type":"EntryPoint","urlTemplate":"https:\/\/oandgaccounting.com\/?s={search_term_string}"},"query-input":{"@type":"PropertyValueSpecification","valueRequired":true,"valueName":"search_term_string"}}],"inLanguage":"es"},{"@type":"Organization","@id":"https:\/\/oandgaccounting.com\/#organization","name":"Impuestos y contabilidad de petr\u00f3leo y gas","url":"https:\/\/oandgaccounting.com\/","logo":{"@type":"ImageObject","inLanguage":"es","@id":"https:\/\/oandgaccounting.com\/#\/schema\/logo\/image\/","url":"https:\/\/oandgaccounting.com\/wp-content\/uploads\/2019\/07\/logo.png","contentUrl":"https:\/\/oandgaccounting.com\/wp-content\/uploads\/2019\/07\/logo.png","width":123,"height":74,"caption":"O&amp;G Tax and Accounting"},"image":{"@id":"https:\/\/oandgaccounting.com\/#\/schema\/logo\/image\/"}}]}},"_links":{"self":[{"href":"https:\/\/oandgaccounting.com\/es\/wp-json\/wp\/v2\/pages\/4953","targetHints":{"allow":["GET"]}}],"collection":[{"href":"https:\/\/oandgaccounting.com\/es\/wp-json\/wp\/v2\/pages"}],"about":[{"href":"https:\/\/oandgaccounting.com\/es\/wp-json\/wp\/v2\/types\/page"}],"author":[{"embeddable":true,"href":"https:\/\/oandgaccounting.com\/es\/wp-json\/wp\/v2\/users\/1"}],"replies":[{"embeddable":true,"href":"https:\/\/oandgaccounting.com\/es\/wp-json\/wp\/v2\/comments?post=4953"}],"version-history":[{"count":0,"href":"https:\/\/oandgaccounting.com\/es\/wp-json\/wp\/v2\/pages\/4953\/revisions"}],"up":[{"embeddable":true,"href":"https:\/\/oandgaccounting.com\/es\/wp-json\/wp\/v2\/pages\/24"}],"wp:attachment":[{"href":"https:\/\/oandgaccounting.com\/es\/wp-json\/wp\/v2\/media?parent=4953"}],"curies":[{"name":"wp","href":"https:\/\/api.w.org\/{rel}","templated":true}]}}