{"id":5066,"date":"2024-01-02T13:03:15","date_gmt":"2024-01-02T13:03:15","guid":{"rendered":"https:\/\/oandgaccounting.com\/?page_id=5066"},"modified":"2025-03-07T11:22:21","modified_gmt":"2025-03-07T11:22:21","slug":"us-taxes-for-foreign-llc-owners-a-simple-guide-to-filing-compliance-2024","status":"publish","type":"page","link":"https:\/\/oandgaccounting.com\/es\/resources\/us-taxes-for-foreign-llc-owners-a-simple-guide-to-filing-compliance-2024\/","title":{"rendered":"Impuestos estadounidenses para propietarios de LLC extranjeras: Gu\u00eda sencilla para la presentaci\u00f3n y el cumplimiento (2024)"},"content":{"rendered":"<div class=\"onefivequestion\">\n<div class=\"container py-4 text-left\">\n<h5>PREGUNTA: \u00bfOfrecen servicios de declaraci\u00f3n y cumplimiento de impuestos anuales para sociedades de responsabilidad limitada (LLC) de propiedad extranjera en EE. UU.? De ser as\u00ed, \u00bfpodr\u00edan detallar su gama de servicios y sus tarifas?<\/h5>\n<p><strong>RESPUESTA DEL EXPERTO:<\/strong> Ser propietario de una <a href=\"https:\/\/www.irs.gov\/businesses\/small-businesses-self-employed\/limited-liability-company-llc\" rel=\"noopener\" target=\"_blank\">Sociedad de responsabilidad limitada estadounidense (LLC)<\/a> Ser una persona o entidad extranjera conlleva oportunidades interesantes y consideraciones fiscales \u00fanicas. Si bien los detalles pueden parecer complejos, comprender los conceptos b\u00e1sicos le permitir\u00e1 gestionar sus obligaciones fiscales con confianza. Este art\u00edculo aclara los requisitos esenciales de presentaci\u00f3n para las LLC de propiedad extranjera, lo que garantiza un desarrollo empresarial sin contratiempos.<\/p>\n<h5>La opini\u00f3n del recaudador de impuestos: c\u00f3mo comprender sus obligaciones<\/h5>\n<p>Como LLC de propiedad extranjera, su situaci\u00f3n fiscal depende de c\u00f3mo elija clasificarse. Las opciones m\u00e1s comunes son:<\/p>\n<ul>\n<li><strong>Entidad ignorada:<\/strong> Esta es la opci\u00f3n predeterminada para las LLC unipersonales. Los ingresos y gastos de su negocio se incluyen directamente en su declaraci\u00f3n de impuestos personal, eliminando as\u00ed la necesidad de presentar declaraciones de impuestos por separado.<\/li>\n<li><strong>Corporaci\u00f3n:<\/strong> Si elige esta clasificaci\u00f3n, su LLC se convierte en una entidad tributable independiente. Esto implica presentar declaraciones de impuestos corporativos y pagar impuestos corporativos sobre las ganancias de su negocio.<\/li>\n<\/ul>\n<p>La elecci\u00f3n de la clasificaci\u00f3n correcta depende de sus circunstancias espec\u00edficas y de sus objetivos comerciales. <a href=\"https:\/\/oandgaccounting.com\/appointment-booking-form\/\" rel=\"noopener\" target=\"_blank\">Consultar a un profesional de impuestos<\/a> Puede ayudarle a tomar esta decisi\u00f3n y garantizar que optimice su carga fiscal.<\/p>\n<h5>Situaci\u00f3n fiscal: la ventaja de la entidad ignorada<\/h5>\n<p>La ventaja para las personas extranjeras propietarias de LLC unipersonales es que generalmente se clasifican como &quot;entidades ignoradas&quot; a efectos fiscales estadounidenses. Esta clasificaci\u00f3n implica que los ingresos y gastos de la LLC se le atribuyen directamente a usted, el propietario. Sin embargo, es importante tener en cuenta que esto no implica autom\u00e1ticamente la presentaci\u00f3n de una declaraci\u00f3n de impuestos personal en EE. UU. <a href=\"https:\/\/oandgaccounting.com\/foreign-owned-us-llc\/7-common-questions-about-foreign-owned-u-s-llcs-answered-by-a-cpa\/#:~:text=Generally%2C%20there%20are%20no%20restrictions,formed%20in%20the%20United%20States.\" rel=\"noopener\" target=\"_blank\">propietario extranjero de una LLC estadounidense<\/a>, solo se requiere presentar <a href=\"http:\/\/irs.gov\/forms-pubs\/about-form-1040-nr\" rel=\"noopener\" target=\"_blank\">Formulario 1040NR<\/a> Si sus ingresos caen dentro de las categor\u00edas de \u201c<a href=\"https:\/\/www.irs.gov\/individuals\/international-taxpayers\/characterization-of-income-of-nonresident-aliens#:~:text=FDAP%20%E2%80%94%20Fixed%2C%20Determinable%2C%20Annual%2C%20or%20Periodical&#038;text=Income%20is%20fixed%20when%20it,annually%20or%20at%20regular%20intervals.\" rel=\"noopener\" target=\"_blank\">Fuente: Estados Unidos, fija o determinable, anual o peri\u00f3dica (FDAP)<\/a>\u201d&quot;ingresos, o ingresos de origen estadounidense que son&quot;\u201c<a href=\"https:\/\/www.irs.gov\/individuals\/international-taxpayers\/characterization-of-income-of-nonresident-aliens#:~:text=FDAP%20%E2%80%94%20Fixed%2C%20Determinable%2C%20Annual%2C%20or%20Periodical&#038;text=Income%20is%20fixed%20when%20it,annually%20or%20at%20regular%20intervals.\" rel=\"noopener\" target=\"_blank\">Efectivamente conectado<\/a>\u201d con un negocio o actividad comercial en EE. UU. Por lo tanto, la necesidad de presentar una declaraci\u00f3n de impuestos en EE. UU. depende de la naturaleza y la fuente de sus ingresos, y no del mero hecho de ser propietario de una LLC unipersonal.<\/p>\n<h5>Aspectos esenciales de la declaraci\u00f3n: C\u00f3mo mantener informado al IRS<\/h5>\n<ul>\n<li>\n<p><strong><a href=\"https:\/\/oandgaccounting.com\/foreign-owned-us-llc\/how-to-file-forms-5472-and-1120-for-a-foreign-owned-single-member-llc\/\" rel=\"noopener\" target=\"_blank\">Proforma 1120 y Formulario 5472<\/a>:<\/strong> Aunque su LLC no tributa como corporaci\u00f3n, debe presentar el Formulario Proforma 1120 antes del d\u00eda 15 del cuarto mes posterior a la finalizaci\u00f3n de su a\u00f1o fiscal (normalmente el 15 de abril). Consid\u00e9relo una hoja informativa que identifica su LLC como de propiedad extranjera y garantiza el cumplimiento normativo.<\/p>\n<p>El formulario 5472 se suma a la fiesta, <a href=\"https:\/\/oandgaccounting.com\/resources\/ensure-your-wyoming-llcs-stay-compliant-with-us-tax-laws-discover-the-essential-steps-for-filing-forms-5472-and-1120-even-with-no-income\/\" rel=\"noopener\" target=\"_blank\">Informar sobre las transacciones entre usted (el propietario extranjero) y su LLC, junto con cualquier \u201cparte relacionada\u201d, como filiales extranjeras<\/a>. Este formulario debe entregarse junto con el formulario proforma 1120.<\/p>\n<\/li>\n<li>\n<p><strong>Presentaci\u00f3n de la Ley de Transparencia Corporativa (CTA):<\/strong> Las LLC de propiedad extranjera tambi\u00e9n deben conocer la Ley de Transparencia Corporativa (CTA), que establece requisitos uniformes de presentaci\u00f3n de informes de informaci\u00f3n sobre propiedad beneficiosa para ciertas corporaciones, compa\u00f1\u00edas de responsabilidad limitada y otras entidades similares creadas o registradas para hacer negocios en los EE. UU. La CTA es parte de la Ley contra el lavado de dinero de 2020 y tiene como objetivo evitar que delincuentes, terroristas e individuos corruptos oculten dinero o propiedades il\u00edcitas en los EE. UU.<\/p>\n<p>Para las empresas que presentan informes creadas o registradas antes del 1 de enero de 2024, el informe inicial de informaci\u00f3n sobre propiedad beneficiosa debe presentarse antes del 1 de enero de 2025. Si su empresa se crea o registra a partir del 1 de enero de 2024, tiene 90 d\u00edas para presentar el informe inicial a partir del 1 de enero de 2024.<a href=\"https:\/\/www.fincen.gov\/news\/news-releases\/us-beneficial-ownership-information-registry-now-accepting-reports\" rel=\"noopener\" target=\"_blank\">M\u00e1s informaci\u00f3n<\/a> y <a href=\"https:\/\/oandgaccounting.com\/corporate-transparency-act-cta-filing-service\/\" rel=\"noopener\" target=\"_blank\">busca orientaci\u00f3n aqu\u00ed<\/a>.<\/p>\n<\/p>\n<p>Si no presenta alguno de estos formularios a tiempo, o lo hace de forma incorrecta o incompleta, podr\u00eda enfrentar sanciones considerables. Por lo tanto, es importante cumplir con estos requisitos de presentaci\u00f3n y mantener registros precisos y completos de los ingresos, gastos y transacciones de su LLC.<\/p>\n<\/li>\n<\/ul>\n<h5>M\u00e1s all\u00e1 de los formularios: C\u00f3mo mantener sus registros en orden<\/h5>\n<p>Una contabilidad precisa es fundamental para cualquier empresa que cumpla con sus obligaciones tributarias. Como propietario de una LLC de propiedad extranjera, deber\u00e1 llevar registros meticulosos de:<\/p>\n<ul>\n<li><strong>Ingresos y gastos:<\/strong> Cada ingreso y egreso de su LLC debe documentarse. Piense en recibos, facturas y extractos bancarios.<\/li>\n<li><strong>Transacciones con partes extranjeras:<\/strong> \u00bfRecuerda el Formulario 5472? Tener un registro claro de estas transacciones facilita su presentaci\u00f3n.<\/li>\n<li><strong>Propiedad y control:<\/strong> Realice un seguimiento de qui\u00e9n tiene participaci\u00f3n accionaria o control significativo sobre su LLC. Esta informaci\u00f3n es crucial para... <a href=\"https:\/\/oandgaccounting.com\/corporate-transparency-act-cta-filing-service\/\" rel=\"noopener\" target=\"_blank\">Presentaci\u00f3n de la CTA<\/a>.<\/li>\n<\/ul>\n<p>Al mantener registros organizados, estar\u00e1 bien preparado para la temporada de impuestos y evitar\u00e1 posibles dolores de cabeza en el futuro.<\/p>\n<h5>Buscando orientaci\u00f3n profesional<\/h5>\n<p>Si bien estos fundamentos proporcionan una base s\u00f3lida, comprender las complejidades de las regulaciones tributarias estadounidenses puede ser abrumador. Considere buscar ayuda de un <a href=\"https:\/\/oandgaccounting.com\/about-me\/\" rel=\"noopener\" target=\"_blank\">Profesional de impuestos calificado o contador p\u00fablico certificado especializado en sociedades de responsabilidad limitada (LLC) de propiedad extranjera<\/a>. Pueden ayudarte:<\/p>\n<ul>\n<li><strong>Garantizar una presentaci\u00f3n precisa y oportuna:<\/strong> El incumplimiento de plazos o errores de presentaci\u00f3n pueden dar lugar a sanciones, por lo que contar con un experto que se encargue del papeleo puede proporcionar tranquilidad.<\/li>\n<li><strong>Optimice su estrategia fiscal:<\/strong> Dependiendo de sus circunstancias espec\u00edficas, podr\u00eda haber oportunidades para minimizar su carga fiscal. Un profesional puede identificar estas opciones y guiarle hacia ellas.<\/li>\n<li><strong>Mant\u00e9ngase informado sobre las actualizaciones:<\/strong> Las leyes y regulaciones tributarias pueden cambiar con frecuencia. Un profesional calificado puede mantenerse al tanto de estos cambios y garantizar que usted siempre cumpla con las normas.<\/li>\n<\/ul>\n<h5>Impuestos y contabilidad de petr\u00f3leo y gas: su socio para el \u00e9xito fiscal en EE. UU.<\/h5>\n<p>Presentar impuestos como propietario de una LLC de propiedad extranjera puede parecer un laberinto. \u00a1Pero no tiene que hacerlo solo! O&amp;G Tax and Accounting se especializa en ayudar a LLC de propiedad extranjera de un solo socio como la suya a navegar por las complejidades de las leyes tributarias estadounidenses. Ofrecemos una gama completa de servicios, que incluyen:<\/p>\n<p>Aqu\u00ed hay algunos recursos adicionales que pueden ayudarle:<\/p>\n<ul>\n<li><strong><a href=\"https:\/\/oandgaccounting.com\/single-member\/\" rel=\"noopener\" target=\"_blank\">Preparaci\u00f3n del Formulario Proforma 1120 y del Formulario 5472<\/a>:<\/strong> Nos encargaremos del papeleo para que usted pueda centrarse en gestionar su negocio.<\/li>\n<li><strong><a href=\"https:\/\/oandgaccounting.com\/service-packages\/#monthly-bookkeeping-package\" rel=\"noopener\" target=\"_blank\">Servicios de contabilidad y tenedur\u00eda de libros<\/a>:<\/strong> Mantener sus registros en orden es nuestra especialidad.<\/li>\n<li><strong><a href=\"https:\/\/oandgaccounting.com\/appointment-booking-form\/\" rel=\"noopener\" target=\"_blank\">Cumplimiento y consultas tributarias<\/a>:<\/strong> Responderemos a sus preguntas sobre impuestos y nos aseguraremos de que cumpla con todas sus obligaciones.<\/li>\n<li><strong>Orientaci\u00f3n personalizada:<\/strong> Adaptaremos nuestros servicios a sus necesidades y objetivos espec\u00edficos.<\/li>\n<\/ul>\n<p>Entendemos los desaf\u00edos que enfrentan los propietarios de LLC extranjeras y estamos comprometidos a brindar soluciones claras, eficientes y rentables.<\/p>\n<h5>\u00bfListo para dar el siguiente paso?<\/h5>\n<p>Ser propietario de una LLC en EE. UU. le abre las puertas a emocionantes posibilidades. Al comprender sus obligaciones tributarias y buscar asesoramiento profesional cuando lo necesite, puede asegurar el \u00e9xito de su emprendimiento. Contacte hoy mismo con O&amp;G Tax and Accounting para obtener una cotizaci\u00f3n. <a href=\"https:\/\/oandgaccounting.com\/appointment-booking-form\/\" rel=\"noopener\" target=\"_blank\">consulta programada<\/a> y perm\u00edtanos ayudarle a navegar el panorama fiscal con confianza.\n<\/p>\n<\/p><\/div>","protected":false},"excerpt":{"rendered":"<p>PREGUNTA: \u00bfOfrecen servicios anuales de declaraci\u00f3n y cumplimiento de impuestos para sociedades de responsabilidad limitada (LLC) de propiedad extranjera en EE. UU.? De ser as\u00ed, \u00bfpodr\u00edan detallar su gama de servicios y las tarifas asociadas? RESPUESTA DEL EXPERTO: Ser propietario de una sociedad de responsabilidad limitada (LLC) estadounidense como persona f\u00edsica o jur\u00eddica extranjera ofrece oportunidades interesantes y consideraciones fiscales \u00fanicas. Si bien los detalles\u2026 <a href=\"https:\/\/oandgaccounting.com\/es\/resources\/us-taxes-for-foreign-llc-owners-a-simple-guide-to-filing-compliance-2024\/\" class=\"more-link\">Seguir leyendo<span class=\"screen-reader-text\"> \u201cImpuestos estadounidenses para propietarios de LLC extranjeras: Gu\u00eda sencilla para la presentaci\u00f3n y el cumplimiento (2024)\u201d<\/span><\/a><\/p>","protected":false},"author":1,"featured_media":0,"parent":24,"menu_order":0,"comment_status":"closed","ping_status":"closed","template":"default_withchat.php","meta":{"_acf_changed":false,"om_disable_all_campaigns":false,"_monsterinsights_skip_tracking":false,"_monsterinsights_sitenote_active":false,"_monsterinsights_sitenote_note":"","_monsterinsights_sitenote_category":0,"_uf_show_specific_survey":0,"_uf_disable_surveys":false,"footnotes":""},"class_list":["post-5066","page","type-page","status-publish","hentry"],"acf":[],"yoast_head":"<!-- This site is optimized with the Yoast SEO plugin v27.3 - https:\/\/yoast.com\/product\/yoast-seo-wordpress\/ -->\n<title>US Taxes for Foreign LLC Owners: A Simple Guide to Filing &amp; Compliance (2024) - O&amp;G Tax and Accounting<\/title>\n<meta name=\"robots\" content=\"index, follow, max-snippet:-1, max-image-preview:large, max-video-preview:-1\" \/>\n<link rel=\"canonical\" href=\"https:\/\/oandgaccounting.com\/es\/resources\/us-taxes-for-foreign-llc-owners-a-simple-guide-to-filing-compliance-2024\/\" \/>\n<meta property=\"og:locale\" content=\"es_ES\" \/>\n<meta property=\"og:type\" content=\"article\" \/>\n<meta property=\"og:title\" content=\"US Taxes for Foreign LLC Owners: A Simple Guide to Filing &amp; Compliance (2024) - O&amp;G Tax and Accounting\" \/>\n<meta property=\"og:description\" content=\"QUESTION: Do you offer annual tax filing and compliance services for foreign-owned LLCs in the US? If so, could you provide details on your service range and associated fees? EXPERT\u2019S RESPONSE: Owning a US Limited Liability Company (LLC) as a foreign individual or entity comes with exciting opportunities and unique tax considerations. While the details &hellip; Continue reading &quot;US Taxes for Foreign LLC Owners: A Simple Guide to Filing &#038; Compliance (2024)&quot;\" \/>\n<meta property=\"og:url\" content=\"https:\/\/oandgaccounting.com\/es\/resources\/us-taxes-for-foreign-llc-owners-a-simple-guide-to-filing-compliance-2024\/\" \/>\n<meta property=\"og:site_name\" content=\"O&amp;G Tax and Accounting\" \/>\n<meta property=\"article:modified_time\" content=\"2025-03-07T11:22:21+00:00\" \/>\n<meta property=\"og:image\" content=\"https:\/\/oandgaccounting.com\/wp-content\/uploads\/2024\/01\/WhatsApp-Image-2024-01-02-at-15.33.46.jpeg\" \/>\n\t<meta property=\"og:image:width\" content=\"975\" \/>\n\t<meta property=\"og:image:height\" content=\"557\" \/>\n\t<meta property=\"og:image:type\" content=\"image\/jpeg\" \/>\n<meta name=\"twitter:card\" content=\"summary_large_image\" \/>\n<meta name=\"twitter:label1\" content=\"Tiempo de lectura\" \/>\n\t<meta name=\"twitter:data1\" content=\"5 minutos\" \/>\n<script type=\"application\/ld+json\" class=\"yoast-schema-graph\">{\"@context\":\"https:\\\/\\\/schema.org\",\"@graph\":[{\"@type\":\"WebPage\",\"@id\":\"https:\\\/\\\/oandgaccounting.com\\\/resources\\\/us-taxes-for-foreign-llc-owners-a-simple-guide-to-filing-compliance-2024\\\/\",\"url\":\"https:\\\/\\\/oandgaccounting.com\\\/resources\\\/us-taxes-for-foreign-llc-owners-a-simple-guide-to-filing-compliance-2024\\\/\",\"name\":\"US Taxes for Foreign LLC Owners: A Simple Guide to Filing & Compliance (2024) - O&amp;G Tax and Accounting\",\"isPartOf\":{\"@id\":\"https:\\\/\\\/oandgaccounting.com\\\/#website\"},\"datePublished\":\"2024-01-02T13:03:15+00:00\",\"dateModified\":\"2025-03-07T11:22:21+00:00\",\"breadcrumb\":{\"@id\":\"https:\\\/\\\/oandgaccounting.com\\\/resources\\\/us-taxes-for-foreign-llc-owners-a-simple-guide-to-filing-compliance-2024\\\/#breadcrumb\"},\"inLanguage\":\"es\",\"potentialAction\":[{\"@type\":\"ReadAction\",\"target\":[\"https:\\\/\\\/oandgaccounting.com\\\/resources\\\/us-taxes-for-foreign-llc-owners-a-simple-guide-to-filing-compliance-2024\\\/\"]}]},{\"@type\":\"BreadcrumbList\",\"@id\":\"https:\\\/\\\/oandgaccounting.com\\\/resources\\\/us-taxes-for-foreign-llc-owners-a-simple-guide-to-filing-compliance-2024\\\/#breadcrumb\",\"itemListElement\":[{\"@type\":\"ListItem\",\"position\":1,\"name\":\"Resources\",\"item\":\"https:\\\/\\\/oandgaccounting.com\\\/resources\\\/\"},{\"@type\":\"ListItem\",\"position\":2,\"name\":\"US Taxes for Foreign LLC Owners: A Simple Guide to Filing &#038; Compliance (2024)\"}]},{\"@type\":\"WebSite\",\"@id\":\"https:\\\/\\\/oandgaccounting.com\\\/#website\",\"url\":\"https:\\\/\\\/oandgaccounting.com\\\/\",\"name\":\"O&amp;G Tax and Accounting\",\"description\":\"\",\"publisher\":{\"@id\":\"https:\\\/\\\/oandgaccounting.com\\\/#organization\"},\"potentialAction\":[{\"@type\":\"SearchAction\",\"target\":{\"@type\":\"EntryPoint\",\"urlTemplate\":\"https:\\\/\\\/oandgaccounting.com\\\/?s={search_term_string}\"},\"query-input\":{\"@type\":\"PropertyValueSpecification\",\"valueRequired\":true,\"valueName\":\"search_term_string\"}}],\"inLanguage\":\"es\"},{\"@type\":\"Organization\",\"@id\":\"https:\\\/\\\/oandgaccounting.com\\\/#organization\",\"name\":\"O&amp;G Tax and Accounting\",\"url\":\"https:\\\/\\\/oandgaccounting.com\\\/\",\"logo\":{\"@type\":\"ImageObject\",\"inLanguage\":\"es\",\"@id\":\"https:\\\/\\\/oandgaccounting.com\\\/#\\\/schema\\\/logo\\\/image\\\/\",\"url\":\"https:\\\/\\\/oandgaccounting.com\\\/wp-content\\\/uploads\\\/2019\\\/07\\\/logo.png\",\"contentUrl\":\"https:\\\/\\\/oandgaccounting.com\\\/wp-content\\\/uploads\\\/2019\\\/07\\\/logo.png\",\"width\":123,\"height\":74,\"caption\":\"O&amp;G Tax and Accounting\"},\"image\":{\"@id\":\"https:\\\/\\\/oandgaccounting.com\\\/#\\\/schema\\\/logo\\\/image\\\/\"}}]}<\/script>\n<!-- \/ Yoast SEO plugin. -->","yoast_head_json":{"title":"Impuestos estadounidenses para propietarios de LLC extranjeras: Gu\u00eda sencilla para la presentaci\u00f3n y el cumplimiento (2024) - Impuestos y contabilidad de petr\u00f3leo y gas","robots":{"index":"index","follow":"follow","max-snippet":"max-snippet:-1","max-image-preview":"max-image-preview:large","max-video-preview":"max-video-preview:-1"},"canonical":"https:\/\/oandgaccounting.com\/es\/resources\/us-taxes-for-foreign-llc-owners-a-simple-guide-to-filing-compliance-2024\/","og_locale":"es_ES","og_type":"article","og_title":"US Taxes for Foreign LLC Owners: A Simple Guide to Filing & Compliance (2024) - O&amp;G Tax and Accounting","og_description":"QUESTION: Do you offer annual tax filing and compliance services for foreign-owned LLCs in the US? If so, could you provide details on your service range and associated fees? EXPERT\u2019S RESPONSE: Owning a US Limited Liability Company (LLC) as a foreign individual or entity comes with exciting opportunities and unique tax considerations. While the details &hellip; Continue reading \"US Taxes for Foreign LLC Owners: A Simple Guide to Filing &#038; Compliance (2024)\"","og_url":"https:\/\/oandgaccounting.com\/es\/resources\/us-taxes-for-foreign-llc-owners-a-simple-guide-to-filing-compliance-2024\/","og_site_name":"O&amp;G Tax and Accounting","article_modified_time":"2025-03-07T11:22:21+00:00","og_image":[{"width":975,"height":557,"url":"https:\/\/oandgaccounting.com\/wp-content\/uploads\/2024\/01\/WhatsApp-Image-2024-01-02-at-15.33.46.jpeg","type":"image\/jpeg"}],"twitter_card":"summary_large_image","twitter_misc":{"Tiempo de lectura":"5 minutos"},"schema":{"@context":"https:\/\/schema.org","@graph":[{"@type":"WebPage","@id":"https:\/\/oandgaccounting.com\/resources\/us-taxes-for-foreign-llc-owners-a-simple-guide-to-filing-compliance-2024\/","url":"https:\/\/oandgaccounting.com\/resources\/us-taxes-for-foreign-llc-owners-a-simple-guide-to-filing-compliance-2024\/","name":"Impuestos estadounidenses para propietarios de LLC extranjeras: Gu\u00eda sencilla para la presentaci\u00f3n y el cumplimiento (2024) - Impuestos y contabilidad de petr\u00f3leo y gas","isPartOf":{"@id":"https:\/\/oandgaccounting.com\/#website"},"datePublished":"2024-01-02T13:03:15+00:00","dateModified":"2025-03-07T11:22:21+00:00","breadcrumb":{"@id":"https:\/\/oandgaccounting.com\/resources\/us-taxes-for-foreign-llc-owners-a-simple-guide-to-filing-compliance-2024\/#breadcrumb"},"inLanguage":"es","potentialAction":[{"@type":"ReadAction","target":["https:\/\/oandgaccounting.com\/resources\/us-taxes-for-foreign-llc-owners-a-simple-guide-to-filing-compliance-2024\/"]}]},{"@type":"BreadcrumbList","@id":"https:\/\/oandgaccounting.com\/resources\/us-taxes-for-foreign-llc-owners-a-simple-guide-to-filing-compliance-2024\/#breadcrumb","itemListElement":[{"@type":"ListItem","position":1,"name":"Resources","item":"https:\/\/oandgaccounting.com\/resources\/"},{"@type":"ListItem","position":2,"name":"US Taxes for Foreign LLC Owners: A Simple Guide to Filing &#038; Compliance (2024)"}]},{"@type":"WebSite","@id":"https:\/\/oandgaccounting.com\/#website","url":"https:\/\/oandgaccounting.com\/","name":"Impuestos y contabilidad de petr\u00f3leo y gas","description":"","publisher":{"@id":"https:\/\/oandgaccounting.com\/#organization"},"potentialAction":[{"@type":"SearchAction","target":{"@type":"EntryPoint","urlTemplate":"https:\/\/oandgaccounting.com\/?s={search_term_string}"},"query-input":{"@type":"PropertyValueSpecification","valueRequired":true,"valueName":"search_term_string"}}],"inLanguage":"es"},{"@type":"Organization","@id":"https:\/\/oandgaccounting.com\/#organization","name":"Impuestos y contabilidad de petr\u00f3leo y gas","url":"https:\/\/oandgaccounting.com\/","logo":{"@type":"ImageObject","inLanguage":"es","@id":"https:\/\/oandgaccounting.com\/#\/schema\/logo\/image\/","url":"https:\/\/oandgaccounting.com\/wp-content\/uploads\/2019\/07\/logo.png","contentUrl":"https:\/\/oandgaccounting.com\/wp-content\/uploads\/2019\/07\/logo.png","width":123,"height":74,"caption":"O&amp;G Tax and Accounting"},"image":{"@id":"https:\/\/oandgaccounting.com\/#\/schema\/logo\/image\/"}}]}},"_links":{"self":[{"href":"https:\/\/oandgaccounting.com\/es\/wp-json\/wp\/v2\/pages\/5066","targetHints":{"allow":["GET"]}}],"collection":[{"href":"https:\/\/oandgaccounting.com\/es\/wp-json\/wp\/v2\/pages"}],"about":[{"href":"https:\/\/oandgaccounting.com\/es\/wp-json\/wp\/v2\/types\/page"}],"author":[{"embeddable":true,"href":"https:\/\/oandgaccounting.com\/es\/wp-json\/wp\/v2\/users\/1"}],"replies":[{"embeddable":true,"href":"https:\/\/oandgaccounting.com\/es\/wp-json\/wp\/v2\/comments?post=5066"}],"version-history":[{"count":0,"href":"https:\/\/oandgaccounting.com\/es\/wp-json\/wp\/v2\/pages\/5066\/revisions"}],"up":[{"embeddable":true,"href":"https:\/\/oandgaccounting.com\/es\/wp-json\/wp\/v2\/pages\/24"}],"wp:attachment":[{"href":"https:\/\/oandgaccounting.com\/es\/wp-json\/wp\/v2\/media?parent=5066"}],"curies":[{"name":"wp","href":"https:\/\/api.w.org\/{rel}","templated":true}]}}