{"id":5586,"date":"2024-04-22T06:52:45","date_gmt":"2024-04-22T06:52:45","guid":{"rendered":"https:\/\/oandgaccounting.com\/?page_id=5586"},"modified":"2025-03-07T11:37:54","modified_gmt":"2025-03-07T11:37:54","slug":"essential-financial-management-tips-for-foreign-owned-single-member-llcs-u-s-tax-considerations-and-best-practices","status":"publish","type":"page","link":"https:\/\/oandgaccounting.com\/es\/resources\/essential-financial-management-tips-for-foreign-owned-single-member-llcs-u-s-tax-considerations-and-best-practices\/","title":{"rendered":"Consejos esenciales de gesti\u00f3n financiera para sociedades de responsabilidad limitada (LLC) unipersonales de propiedad extranjera: consideraciones fiscales y mejores pr\u00e1cticas en EE. UU."},"content":{"rendered":"<div class=\"onefivequestion\">\n<div class=\"container py-4 text-left\">\n<h5>PREGUNTA: Tengo algunas preguntas generales sobre mi LLC de un solo miembro de propiedad extranjera:<\/h5>\n<ol style=\"margin-bottom: 0px; margin-top: 9px !important;\">\n<li>\n<h5>\u00bfEs necesario mantener peri\u00f3dicamente un balance general y un estado de p\u00e9rdidas y ganancias?<\/h5>\n<\/li>\n<li>\n<h5>\u00bfC\u00f3mo debo pagarme en el extranjero? \u00bfEs necesario emitir una factura por cada distribuci\u00f3n de beneficios al realizar una transferencia bancaria?<\/h5>\n<\/li>\n<li>\n<h5>\u00bfPuedo utilizar mis tarjetas de cr\u00e9dito personales extranjeras para comprar inventario y servicios para el negocio?\u201d<\/h5>\n<\/li>\n<\/ol>\n<h5>RESPUESTA DE LOS EXPERTOS: <\/h5>\n<ol>\n<li><strong>Estados financieros para sociedades de responsabilidad limitada de un solo miembro:<\/strong> Si bien mantener un balance general y un estado de resultados no es un requisito legal, es muy recomendable. Estos estados financieros son fundamentales para el seguimiento de la salud financiera y la trayectoria de crecimiento de su empresa. Si la contabilidad tradicional resulta demasiado compleja, un m\u00e9todo m\u00e1s sencillo es utilizar hojas de c\u00e1lculo para supervisar las actividades y transacciones de su empresa. Esto garantiza que toda la informaci\u00f3n necesaria est\u00e9 disponible para su revisi\u00f3n por parte del IRS u otras autoridades fiscales pertinentes, lo que facilita las auditor\u00edas financieras.<\/li>\n<li><strong>Pagarse a s\u00ed mismo desde una LLC en el extranjero:<\/strong> No existe ning\u00fan requisito legal en Estados Unidos para emitir una factura por <a href=\"https:\/\/www.law.cornell.edu\/wex\/distribution_of_profits#:~:text=In%20the%20context%20of%20business,in%20a%20profit%2Dsharing%20agreement.\" rel=\"noopener\" target=\"_blank\">distribuciones de beneficios<\/a> Al realizar transferencias bancarias al extranjero. En lo que respecta a la tributaci\u00f3n en EE. UU., el factor determinante es si sus actividades se clasifican como... <a href=\"https:\/\/www.irs.gov\/individuals\/international-taxpayers\/effectively-connected-income-eci\" rel=\"noopener\" target=\"_blank\">que participe en un negocio o comercio en EE. UU. (USTB)<\/a>. En tal caso, los ingresos se consideran Ingresos Efectivamente Conectados (ICE) y los impuestos estadounidenses se calculan con base en la utilidad neta (ingresos menos gastos permitidos). Si sus actividades comerciales no cumplen con el umbral de un USTB, las ganancias que se le remitan como propietario extranjero generalmente no est\u00e1n sujetas a impuestos estadounidenses, lo que resalta la importancia de categorizar correctamente sus actividades comerciales a efectos fiscales.<\/li>\n<li><strong>Uso de tarjetas de cr\u00e9dito personales para compras comerciales:<\/strong> Se permite el uso de tarjetas de cr\u00e9dito extranjeras personales para gastos comerciales, especialmente si es el m\u00e9todo m\u00e1s pr\u00e1ctico disponible. Sin embargo, para evitar complicaciones en la gesti\u00f3n financiera y la declaraci\u00f3n de impuestos, se recomienda utilizar cuentas comerciales para todas las transacciones relacionadas con la empresa. Si se utilizan fondos personales para gastos comerciales, estas transacciones deben documentarse como aportaciones de capital a la SRL. Esto no solo contribuye a la transparencia financiera, sino que tambi\u00e9n establece un registro claro de las inversiones en la empresa, lo cual es fundamental para un registro preciso y posibles auditor\u00edas futuras.<\/li>\n<\/ol>\n<p>Para obtener informaci\u00f3n m\u00e1s detallada y asesoramiento personalizado sobre la gesti\u00f3n de su <a href=\"https:\/\/oandgaccounting.com\/foreign-owned-us-llc\/7-common-questions-about-foreign-owned-u-s-llcs-answered-by-a-cpa\/\" rel=\"noopener\" target=\"_blank\">LLC de propiedad extranjera de un solo miembro<\/a>, especialmente en lo que respecta a las obligaciones fiscales y las mejores pr\u00e1cticas financieras en los EE. UU., considere consultar con un Contador P\u00fablico Certificado (CPA) que se especialice en impuestos comerciales internacionales.<\/p>\n<p><a href=\"https:\/\/oandgaccounting.com\/appointment-booking-form\/\" rel=\"noopener\" target=\"_blank\">Explore las opciones de consulta premium y reserve una sesi\u00f3n con O&amp;G Tax and Accounting Services para obtener asesoramiento experto sobre la gesti\u00f3n de su LLC.<\/a><\/p>\n<\/p><\/div>","protected":false},"excerpt":{"rendered":"<p>PREGUNTA: Tengo algunas preguntas generales sobre mi LLC unipersonal de propiedad extranjera: \u00bfEs necesario mantener un balance general y un estado de resultados peri\u00f3dicamente? \u00bfC\u00f3mo debo pagarme a m\u00ed mismo en el extranjero? \u00bfEs necesario emitir una factura por cada distribuci\u00f3n de ganancias al realizar una transferencia bancaria? \u00bfPuedo usar mi cuenta bancaria personal en el extranjero\u2026? <a href=\"https:\/\/oandgaccounting.com\/es\/resources\/essential-financial-management-tips-for-foreign-owned-single-member-llcs-u-s-tax-considerations-and-best-practices\/\" class=\"more-link\">Seguir leyendo<span class=\"screen-reader-text\"> \u201cConsejos esenciales de gesti\u00f3n financiera para sociedades de responsabilidad limitada unipersonales de propiedad extranjera: consideraciones fiscales estadounidenses y mejores pr\u00e1cticas\u201d<\/span><\/a><\/p>","protected":false},"author":1,"featured_media":0,"parent":24,"menu_order":0,"comment_status":"closed","ping_status":"closed","template":"default_withchat.php","meta":{"_acf_changed":false,"om_disable_all_campaigns":false,"_monsterinsights_skip_tracking":false,"_monsterinsights_sitenote_active":false,"_monsterinsights_sitenote_note":"","_monsterinsights_sitenote_category":0,"_uf_show_specific_survey":0,"_uf_disable_surveys":false,"footnotes":""},"class_list":["post-5586","page","type-page","status-publish","hentry"],"acf":[],"yoast_head":"<!-- This site is optimized with the Yoast SEO plugin v27.3 - https:\/\/yoast.com\/product\/yoast-seo-wordpress\/ -->\n<title>Essential Financial Management Tips for Foreign-Owned Single-Member LLCs: U.S. Tax Considerations and Best Practices - O&amp;G Tax and Accounting<\/title>\n<meta name=\"robots\" content=\"index, follow, max-snippet:-1, max-image-preview:large, max-video-preview:-1\" \/>\n<link rel=\"canonical\" href=\"https:\/\/oandgaccounting.com\/es\/resources\/essential-financial-management-tips-for-foreign-owned-single-member-llcs-u-s-tax-considerations-and-best-practices\/\" \/>\n<meta property=\"og:locale\" content=\"es_ES\" \/>\n<meta property=\"og:type\" content=\"article\" \/>\n<meta property=\"og:title\" content=\"Essential Financial Management Tips for Foreign-Owned Single-Member LLCs: U.S. Tax Considerations and Best Practices - O&amp;G Tax and Accounting\" \/>\n<meta property=\"og:description\" content=\"QUESTION: I have a few general questions regarding my foreign-owned single-member LLC: Is it necessary to maintain a balance sheet and a profit and loss statement regularly? How should I pay myself overseas? Is it necessary to issue an invoice for each profit distribution when making a wire transfer? Can I use my personal foreign &hellip; Continue reading &quot;Essential Financial Management Tips for Foreign-Owned Single-Member LLCs: U.S. Tax Considerations and Best Practices&quot;\" \/>\n<meta property=\"og:url\" content=\"https:\/\/oandgaccounting.com\/es\/resources\/essential-financial-management-tips-for-foreign-owned-single-member-llcs-u-s-tax-considerations-and-best-practices\/\" \/>\n<meta property=\"og:site_name\" content=\"O&amp;G Tax and Accounting\" \/>\n<meta property=\"article:modified_time\" content=\"2025-03-07T11:37:54+00:00\" \/>\n<meta property=\"og:image\" content=\"https:\/\/oandgaccounting.com\/wp-content\/uploads\/2024\/04\/Rectangle-1427.jpg\" \/>\n\t<meta property=\"og:image:width\" content=\"975\" \/>\n\t<meta property=\"og:image:height\" content=\"975\" \/>\n\t<meta property=\"og:image:type\" content=\"image\/jpeg\" \/>\n<meta name=\"twitter:card\" content=\"summary_large_image\" \/>\n<meta name=\"twitter:label1\" content=\"Tiempo de lectura\" \/>\n\t<meta name=\"twitter:data1\" content=\"2 minutos\" \/>\n<script type=\"application\/ld+json\" class=\"yoast-schema-graph\">{\"@context\":\"https:\\\/\\\/schema.org\",\"@graph\":[{\"@type\":\"WebPage\",\"@id\":\"https:\\\/\\\/oandgaccounting.com\\\/resources\\\/essential-financial-management-tips-for-foreign-owned-single-member-llcs-u-s-tax-considerations-and-best-practices\\\/\",\"url\":\"https:\\\/\\\/oandgaccounting.com\\\/resources\\\/essential-financial-management-tips-for-foreign-owned-single-member-llcs-u-s-tax-considerations-and-best-practices\\\/\",\"name\":\"Essential Financial Management Tips for Foreign-Owned Single-Member LLCs: U.S. Tax Considerations and Best Practices - O&amp;G Tax and Accounting\",\"isPartOf\":{\"@id\":\"https:\\\/\\\/oandgaccounting.com\\\/#website\"},\"datePublished\":\"2024-04-22T06:52:45+00:00\",\"dateModified\":\"2025-03-07T11:37:54+00:00\",\"breadcrumb\":{\"@id\":\"https:\\\/\\\/oandgaccounting.com\\\/resources\\\/essential-financial-management-tips-for-foreign-owned-single-member-llcs-u-s-tax-considerations-and-best-practices\\\/#breadcrumb\"},\"inLanguage\":\"es\",\"potentialAction\":[{\"@type\":\"ReadAction\",\"target\":[\"https:\\\/\\\/oandgaccounting.com\\\/resources\\\/essential-financial-management-tips-for-foreign-owned-single-member-llcs-u-s-tax-considerations-and-best-practices\\\/\"]}]},{\"@type\":\"BreadcrumbList\",\"@id\":\"https:\\\/\\\/oandgaccounting.com\\\/resources\\\/essential-financial-management-tips-for-foreign-owned-single-member-llcs-u-s-tax-considerations-and-best-practices\\\/#breadcrumb\",\"itemListElement\":[{\"@type\":\"ListItem\",\"position\":1,\"name\":\"Resources\",\"item\":\"https:\\\/\\\/oandgaccounting.com\\\/resources\\\/\"},{\"@type\":\"ListItem\",\"position\":2,\"name\":\"Essential Financial Management Tips for Foreign-Owned Single-Member LLCs: U.S. Tax Considerations and Best Practices\"}]},{\"@type\":\"WebSite\",\"@id\":\"https:\\\/\\\/oandgaccounting.com\\\/#website\",\"url\":\"https:\\\/\\\/oandgaccounting.com\\\/\",\"name\":\"O&amp;G Tax and Accounting\",\"description\":\"\",\"publisher\":{\"@id\":\"https:\\\/\\\/oandgaccounting.com\\\/#organization\"},\"potentialAction\":[{\"@type\":\"SearchAction\",\"target\":{\"@type\":\"EntryPoint\",\"urlTemplate\":\"https:\\\/\\\/oandgaccounting.com\\\/?s={search_term_string}\"},\"query-input\":{\"@type\":\"PropertyValueSpecification\",\"valueRequired\":true,\"valueName\":\"search_term_string\"}}],\"inLanguage\":\"es\"},{\"@type\":\"Organization\",\"@id\":\"https:\\\/\\\/oandgaccounting.com\\\/#organization\",\"name\":\"O&amp;G Tax and Accounting\",\"url\":\"https:\\\/\\\/oandgaccounting.com\\\/\",\"logo\":{\"@type\":\"ImageObject\",\"inLanguage\":\"es\",\"@id\":\"https:\\\/\\\/oandgaccounting.com\\\/#\\\/schema\\\/logo\\\/image\\\/\",\"url\":\"https:\\\/\\\/oandgaccounting.com\\\/wp-content\\\/uploads\\\/2019\\\/07\\\/logo.png\",\"contentUrl\":\"https:\\\/\\\/oandgaccounting.com\\\/wp-content\\\/uploads\\\/2019\\\/07\\\/logo.png\",\"width\":123,\"height\":74,\"caption\":\"O&amp;G Tax and Accounting\"},\"image\":{\"@id\":\"https:\\\/\\\/oandgaccounting.com\\\/#\\\/schema\\\/logo\\\/image\\\/\"}}]}<\/script>\n<!-- \/ Yoast SEO plugin. -->","yoast_head_json":{"title":"Consejos esenciales de gesti\u00f3n financiera para LLCs unipersonales de propiedad extranjera: consideraciones fiscales y mejores pr\u00e1cticas en EE. UU. - Impuestos y contabilidad de petr\u00f3leo y gas","robots":{"index":"index","follow":"follow","max-snippet":"max-snippet:-1","max-image-preview":"max-image-preview:large","max-video-preview":"max-video-preview:-1"},"canonical":"https:\/\/oandgaccounting.com\/es\/resources\/essential-financial-management-tips-for-foreign-owned-single-member-llcs-u-s-tax-considerations-and-best-practices\/","og_locale":"es_ES","og_type":"article","og_title":"Essential Financial Management Tips for Foreign-Owned Single-Member LLCs: U.S. Tax Considerations and Best Practices - O&amp;G Tax and Accounting","og_description":"QUESTION: I have a few general questions regarding my foreign-owned single-member LLC: Is it necessary to maintain a balance sheet and a profit and loss statement regularly? How should I pay myself overseas? Is it necessary to issue an invoice for each profit distribution when making a wire transfer? Can I use my personal foreign &hellip; Continue reading \"Essential Financial Management Tips for Foreign-Owned Single-Member LLCs: U.S. Tax Considerations and Best Practices\"","og_url":"https:\/\/oandgaccounting.com\/es\/resources\/essential-financial-management-tips-for-foreign-owned-single-member-llcs-u-s-tax-considerations-and-best-practices\/","og_site_name":"O&amp;G Tax and Accounting","article_modified_time":"2025-03-07T11:37:54+00:00","og_image":[{"width":975,"height":975,"url":"https:\/\/oandgaccounting.com\/wp-content\/uploads\/2024\/04\/Rectangle-1427.jpg","type":"image\/jpeg"}],"twitter_card":"summary_large_image","twitter_misc":{"Tiempo de lectura":"2 minutos"},"schema":{"@context":"https:\/\/schema.org","@graph":[{"@type":"WebPage","@id":"https:\/\/oandgaccounting.com\/resources\/essential-financial-management-tips-for-foreign-owned-single-member-llcs-u-s-tax-considerations-and-best-practices\/","url":"https:\/\/oandgaccounting.com\/resources\/essential-financial-management-tips-for-foreign-owned-single-member-llcs-u-s-tax-considerations-and-best-practices\/","name":"Consejos esenciales de gesti\u00f3n financiera para LLCs unipersonales de propiedad extranjera: consideraciones fiscales y mejores pr\u00e1cticas en EE. UU. - Impuestos y contabilidad de petr\u00f3leo y gas","isPartOf":{"@id":"https:\/\/oandgaccounting.com\/#website"},"datePublished":"2024-04-22T06:52:45+00:00","dateModified":"2025-03-07T11:37:54+00:00","breadcrumb":{"@id":"https:\/\/oandgaccounting.com\/resources\/essential-financial-management-tips-for-foreign-owned-single-member-llcs-u-s-tax-considerations-and-best-practices\/#breadcrumb"},"inLanguage":"es","potentialAction":[{"@type":"ReadAction","target":["https:\/\/oandgaccounting.com\/resources\/essential-financial-management-tips-for-foreign-owned-single-member-llcs-u-s-tax-considerations-and-best-practices\/"]}]},{"@type":"BreadcrumbList","@id":"https:\/\/oandgaccounting.com\/resources\/essential-financial-management-tips-for-foreign-owned-single-member-llcs-u-s-tax-considerations-and-best-practices\/#breadcrumb","itemListElement":[{"@type":"ListItem","position":1,"name":"Resources","item":"https:\/\/oandgaccounting.com\/resources\/"},{"@type":"ListItem","position":2,"name":"Essential Financial Management Tips for Foreign-Owned Single-Member LLCs: U.S. Tax Considerations and Best Practices"}]},{"@type":"WebSite","@id":"https:\/\/oandgaccounting.com\/#website","url":"https:\/\/oandgaccounting.com\/","name":"Impuestos y contabilidad de petr\u00f3leo y gas","description":"","publisher":{"@id":"https:\/\/oandgaccounting.com\/#organization"},"potentialAction":[{"@type":"SearchAction","target":{"@type":"EntryPoint","urlTemplate":"https:\/\/oandgaccounting.com\/?s={search_term_string}"},"query-input":{"@type":"PropertyValueSpecification","valueRequired":true,"valueName":"search_term_string"}}],"inLanguage":"es"},{"@type":"Organization","@id":"https:\/\/oandgaccounting.com\/#organization","name":"Impuestos y contabilidad de petr\u00f3leo y gas","url":"https:\/\/oandgaccounting.com\/","logo":{"@type":"ImageObject","inLanguage":"es","@id":"https:\/\/oandgaccounting.com\/#\/schema\/logo\/image\/","url":"https:\/\/oandgaccounting.com\/wp-content\/uploads\/2019\/07\/logo.png","contentUrl":"https:\/\/oandgaccounting.com\/wp-content\/uploads\/2019\/07\/logo.png","width":123,"height":74,"caption":"O&amp;G Tax and Accounting"},"image":{"@id":"https:\/\/oandgaccounting.com\/#\/schema\/logo\/image\/"}}]}},"_links":{"self":[{"href":"https:\/\/oandgaccounting.com\/es\/wp-json\/wp\/v2\/pages\/5586","targetHints":{"allow":["GET"]}}],"collection":[{"href":"https:\/\/oandgaccounting.com\/es\/wp-json\/wp\/v2\/pages"}],"about":[{"href":"https:\/\/oandgaccounting.com\/es\/wp-json\/wp\/v2\/types\/page"}],"author":[{"embeddable":true,"href":"https:\/\/oandgaccounting.com\/es\/wp-json\/wp\/v2\/users\/1"}],"replies":[{"embeddable":true,"href":"https:\/\/oandgaccounting.com\/es\/wp-json\/wp\/v2\/comments?post=5586"}],"version-history":[{"count":0,"href":"https:\/\/oandgaccounting.com\/es\/wp-json\/wp\/v2\/pages\/5586\/revisions"}],"up":[{"embeddable":true,"href":"https:\/\/oandgaccounting.com\/es\/wp-json\/wp\/v2\/pages\/24"}],"wp:attachment":[{"href":"https:\/\/oandgaccounting.com\/es\/wp-json\/wp\/v2\/media?parent=5586"}],"curies":[{"name":"wp","href":"https:\/\/api.w.org\/{rel}","templated":true}]}}