{"id":5631,"date":"2024-04-22T10:10:49","date_gmt":"2024-04-22T10:10:49","guid":{"rendered":"https:\/\/oandgaccounting.com\/?page_id=5631"},"modified":"2025-03-07T12:03:15","modified_gmt":"2025-03-07T12:03:15","slug":"guide-to-late-c-corporation-election-for-foreign-owned-u-s-single-member-llcs","status":"publish","type":"page","link":"https:\/\/oandgaccounting.com\/es\/resources\/guide-to-late-c-corporation-election-for-foreign-owned-u-s-single-member-llcs\/","title":{"rendered":"Gu\u00eda para la elecci\u00f3n tard\u00eda de una corporaci\u00f3n C para sociedades de responsabilidad limitada (LLC) unipersonales estadounidenses de propiedad extranjera"},"content":{"rendered":"<div class=\"onefivequestion\">\n<div class=\"container py-4 text-left\">\n<h5>PREGUNTA: Como propietario extranjero de una LLC estadounidense unipersonal, estoy considerando presentar una elecci\u00f3n tard\u00eda para ser considerado una Corporaci\u00f3n C. \u00bfPuedo presentar esta elecci\u00f3n tard\u00eda y declarar? \u00bfDebo continuar con los formularios proforma 1120 y 5472, o debo preparar una nueva declaraci\u00f3n como Corporaci\u00f3n C? Adem\u00e1s, \u00bfdebo presentar la elecci\u00f3n de Corporaci\u00f3n C antes de la declaraci\u00f3n de impuestos, o pueden presentarse simult\u00e1neamente? Finalmente, \u00bfes necesario disolver la LLC antes de presentar esta elecci\u00f3n?<\/h5>\n<h5>RESPUESTA DE LOS EXPERTOS: <\/h5>\n<p>Como un <a href=\"https:\/\/oandgaccounting.com\/foreign-owned-us-llc\/7-common-questions-about-foreign-owned-u-s-llcs-answered-by-a-cpa\/\" rel=\"noopener\" target=\"_blank\">propietario extranjero de una LLC unipersonal estadounidense<\/a>, Es posible que est\u00e9 considerando un cambio estrat\u00e9gico hacia una <a href=\"https:\/\/www.irs.gov\/businesses\/small-businesses-self-employed\/forming-a-corporation\" rel=\"noopener\" target=\"_blank\">Corporaci\u00f3n C<\/a> estructura incluso despu\u00e9s de la fase de configuraci\u00f3n inicial. Este proceso, conocido como <a href=\"https:\/\/www.journalofaccountancy.com\/news\/2009\/sep\/20092115.html\" rel=\"noopener\" target=\"_blank\">Elecciones tard\u00edas de la C Corporation<\/a>, es permisible dentro de un plazo espec\u00edfico y con la debida justificaci\u00f3n. A continuaci\u00f3n, se presenta una gu\u00eda clara y paso a paso sobre c\u00f3mo proceder con esta transici\u00f3n, incluyendo importantes implicaciones fiscales y pasos procesales:<\/p>\n<p><strong>1. Elegibilidad y plazos:<\/strong> Tiene derecho a optar por una elecci\u00f3n tard\u00eda para ser considerado una Corporaci\u00f3n C si se produce dentro de los 3 a\u00f1os y 75 d\u00edas posteriores a la constituci\u00f3n de su LLC. Este plazo permite la aplicaci\u00f3n retroactiva de la estructura corporativa desde la fecha de constituci\u00f3n original de su LLC, siempre que tenga una causa razonable para la demora. El IRS generalmente acepta estas razones con flexibilidad.<\/p>\n<p><strong>2. Presentaci\u00f3n de la Elecci\u00f3n Tard\u00eda:<\/strong><\/p>\n<ul>\n<li><strong>Descontinuar presentaciones anteriores:<\/strong> Una vez que decida proceder con la elecci\u00f3n de la Corporaci\u00f3n C, ya no necesitar\u00e1 presentar la solicitud. <a href=\"https:\/\/oandgaccounting.com\/foreign-owned-us-llc\/how-to-file-forms-5472-and-1120-for-a-foreign-owned-single-member-llc\/\" rel=\"noopener\" target=\"_blank\">Proforma 1120 y Formulario 5472<\/a>.<\/li>\n<li><strong>Formulario requerido:<\/strong> Complete el Formulario 8832 para elegir el estado de Corporaci\u00f3n C. Este formulario cambiar\u00e1 oficialmente la clasificaci\u00f3n fiscal de su entidad comercial.<\/li>\n<\/ul>\n<p><strong>3. Proceso de env\u00edo:<\/strong><\/p>\n<ul>\n<li><strong>Presentaci\u00f3n simult\u00e1nea:<\/strong> Las \u00faltimas elecciones de la C Corporation <a href=\"https:\/\/www.irs.gov\/forms-pubs\/about-form-8832\" rel=\"noopener\" target=\"_blank\">(Formulario 8832)<\/a> La declaraci\u00f3n de impuestos de la Corporaci\u00f3n C debe presentarse en un solo sobre. Este enfoque consolidado garantiza que tanto la elecci\u00f3n como la declaraci\u00f3n de impuestos se procesen de forma sincronizada.<\/li>\n<\/ul>\n<p><strong>4. Mantenimiento del estatus de LLC:<\/strong><\/p>\n<ul>\n<li><strong>No se requiere disoluci\u00f3n:<\/strong> No necesita disolver su LLC antes de realizar esta elecci\u00f3n. En cambio, su LLC existente puede simplemente transformarse en una Corporaci\u00f3n C. Disolver la LLC complicar\u00eda el proceso y no es necesario para la elecci\u00f3n.<\/li>\n<\/ul>\n<p><strong>Conclusi\u00f3n:<\/strong> Optar por una elecci\u00f3n tard\u00eda de una Corporaci\u00f3n C puede ser una decisi\u00f3n importante seg\u00fan las necesidades de su negocio y su estrategia fiscal. Al presentar el Formulario 8832 junto con su declaraci\u00f3n de impuestos de la Corporaci\u00f3n C, puede transformar eficazmente la situaci\u00f3n fiscal de su LLC y potencialmente aprovechar los beneficios asociados con una estructura corporativa.<\/p>\n<p><strong>M\u00e1s orientaci\u00f3n y apoyo:<\/strong> Lidiar con las complejidades de las elecciones y el cumplimiento tributario puede ser un desaf\u00edo, especialmente para propietarios extranjeros. Para obtener asesoramiento personalizado y asistencia con su declaraci\u00f3n, considere consultar con un profesional en impuestos. Nuestros expertos en Servicios de Impuestos y Contabilidad para O&amp;G est\u00e1n aqu\u00ed para ayudarle en cada paso del proceso. Si necesita m\u00e1s aclaraciones o apoyo, programe una consulta a trav\u00e9s de nuestra plataforma segura: <a href=\"https:\/\/oandgaccounting.com\/appointment-booking-form\/\" rel=\"noopener\" target=\"_blank\">Reserve su consulta<\/a>.<\/p>\n<\/p><\/div>","protected":false},"excerpt":{"rendered":"<p>PREGUNTA: Como propietario extranjero de una LLC estadounidense unipersonal, estoy considerando presentar una elecci\u00f3n tard\u00eda para ser considerado una Corporaci\u00f3n C. \u00bfPuedo presentar esta elecci\u00f3n tard\u00eda y presentar la declaraci\u00f3n? \u00bfDebo continuar con los formularios proforma 1120 y 5472, o debo preparar una nueva declaraci\u00f3n como Corporaci\u00f3n C? Adem\u00e1s, \u00bfdeber\u00eda\u2026? <a href=\"https:\/\/oandgaccounting.com\/es\/resources\/guide-to-late-c-corporation-election-for-foreign-owned-u-s-single-member-llcs\/\" class=\"more-link\">Seguir leyendo<span class=\"screen-reader-text\"> \u201cGu\u00eda para la elecci\u00f3n tard\u00eda de una corporaci\u00f3n C para sociedades de responsabilidad limitada (LLC) unipersonales estadounidenses de propiedad extranjera\u201d<\/span><\/a><\/p>","protected":false},"author":1,"featured_media":0,"parent":24,"menu_order":0,"comment_status":"closed","ping_status":"closed","template":"default_withchat.php","meta":{"_acf_changed":false,"om_disable_all_campaigns":false,"_monsterinsights_skip_tracking":false,"_monsterinsights_sitenote_active":false,"_monsterinsights_sitenote_note":"","_monsterinsights_sitenote_category":0,"_uf_show_specific_survey":0,"_uf_disable_surveys":false,"footnotes":""},"class_list":["post-5631","page","type-page","status-publish","hentry"],"acf":[],"yoast_head":"<!-- This site is optimized with the Yoast SEO plugin v27.3 - https:\/\/yoast.com\/product\/yoast-seo-wordpress\/ -->\n<title>Guide to Late C Corporation Election for Foreign-Owned U.S. Single-Member LLCs - O&amp;G Tax and Accounting<\/title>\n<meta name=\"robots\" content=\"index, follow, max-snippet:-1, max-image-preview:large, max-video-preview:-1\" \/>\n<link rel=\"canonical\" href=\"https:\/\/oandgaccounting.com\/es\/resources\/guide-to-late-c-corporation-election-for-foreign-owned-u-s-single-member-llcs\/\" \/>\n<meta property=\"og:locale\" content=\"es_ES\" \/>\n<meta property=\"og:type\" content=\"article\" \/>\n<meta property=\"og:title\" content=\"Guide to Late C Corporation Election for Foreign-Owned U.S. Single-Member LLCs - O&amp;G Tax and Accounting\" \/>\n<meta property=\"og:description\" content=\"QUESTION: As a foreign owner of a U.S. single-member LLC, I am considering making a late election to be treated as a C Corporation. Can I still file this late election and return? Should I continue with the proforma 1120 and 5472, or should I prepare a new return as a C Corporation? Additionally, should &hellip; Continue reading &quot;Guide to Late C Corporation Election for Foreign-Owned U.S. Single-Member LLCs&quot;\" \/>\n<meta property=\"og:url\" content=\"https:\/\/oandgaccounting.com\/es\/resources\/guide-to-late-c-corporation-election-for-foreign-owned-u-s-single-member-llcs\/\" \/>\n<meta property=\"og:site_name\" content=\"O&amp;G Tax and Accounting\" \/>\n<meta property=\"article:modified_time\" content=\"2025-03-07T12:03:15+00:00\" \/>\n<meta property=\"og:image\" content=\"https:\/\/oandgaccounting.com\/wp-content\/uploads\/2024\/04\/Rectangle-1419.jpg\" \/>\n\t<meta property=\"og:image:width\" content=\"975\" \/>\n\t<meta property=\"og:image:height\" content=\"975\" \/>\n\t<meta property=\"og:image:type\" content=\"image\/jpeg\" \/>\n<meta name=\"twitter:card\" content=\"summary_large_image\" \/>\n<meta name=\"twitter:label1\" content=\"Tiempo de lectura\" \/>\n\t<meta name=\"twitter:data1\" content=\"3 minutos\" \/>\n<script type=\"application\/ld+json\" class=\"yoast-schema-graph\">{\"@context\":\"https:\\\/\\\/schema.org\",\"@graph\":[{\"@type\":\"WebPage\",\"@id\":\"https:\\\/\\\/oandgaccounting.com\\\/resources\\\/guide-to-late-c-corporation-election-for-foreign-owned-u-s-single-member-llcs\\\/\",\"url\":\"https:\\\/\\\/oandgaccounting.com\\\/resources\\\/guide-to-late-c-corporation-election-for-foreign-owned-u-s-single-member-llcs\\\/\",\"name\":\"Guide to Late C Corporation Election for Foreign-Owned U.S. Single-Member LLCs - O&amp;G Tax and Accounting\",\"isPartOf\":{\"@id\":\"https:\\\/\\\/oandgaccounting.com\\\/#website\"},\"datePublished\":\"2024-04-22T10:10:49+00:00\",\"dateModified\":\"2025-03-07T12:03:15+00:00\",\"breadcrumb\":{\"@id\":\"https:\\\/\\\/oandgaccounting.com\\\/resources\\\/guide-to-late-c-corporation-election-for-foreign-owned-u-s-single-member-llcs\\\/#breadcrumb\"},\"inLanguage\":\"es\",\"potentialAction\":[{\"@type\":\"ReadAction\",\"target\":[\"https:\\\/\\\/oandgaccounting.com\\\/resources\\\/guide-to-late-c-corporation-election-for-foreign-owned-u-s-single-member-llcs\\\/\"]}]},{\"@type\":\"BreadcrumbList\",\"@id\":\"https:\\\/\\\/oandgaccounting.com\\\/resources\\\/guide-to-late-c-corporation-election-for-foreign-owned-u-s-single-member-llcs\\\/#breadcrumb\",\"itemListElement\":[{\"@type\":\"ListItem\",\"position\":1,\"name\":\"Resources\",\"item\":\"https:\\\/\\\/oandgaccounting.com\\\/resources\\\/\"},{\"@type\":\"ListItem\",\"position\":2,\"name\":\"Guide to Late C Corporation Election for Foreign-Owned U.S. Single-Member LLCs\"}]},{\"@type\":\"WebSite\",\"@id\":\"https:\\\/\\\/oandgaccounting.com\\\/#website\",\"url\":\"https:\\\/\\\/oandgaccounting.com\\\/\",\"name\":\"O&amp;G Tax and Accounting\",\"description\":\"\",\"publisher\":{\"@id\":\"https:\\\/\\\/oandgaccounting.com\\\/#organization\"},\"potentialAction\":[{\"@type\":\"SearchAction\",\"target\":{\"@type\":\"EntryPoint\",\"urlTemplate\":\"https:\\\/\\\/oandgaccounting.com\\\/?s={search_term_string}\"},\"query-input\":{\"@type\":\"PropertyValueSpecification\",\"valueRequired\":true,\"valueName\":\"search_term_string\"}}],\"inLanguage\":\"es\"},{\"@type\":\"Organization\",\"@id\":\"https:\\\/\\\/oandgaccounting.com\\\/#organization\",\"name\":\"O&amp;G Tax and Accounting\",\"url\":\"https:\\\/\\\/oandgaccounting.com\\\/\",\"logo\":{\"@type\":\"ImageObject\",\"inLanguage\":\"es\",\"@id\":\"https:\\\/\\\/oandgaccounting.com\\\/#\\\/schema\\\/logo\\\/image\\\/\",\"url\":\"https:\\\/\\\/oandgaccounting.com\\\/wp-content\\\/uploads\\\/2019\\\/07\\\/logo.png\",\"contentUrl\":\"https:\\\/\\\/oandgaccounting.com\\\/wp-content\\\/uploads\\\/2019\\\/07\\\/logo.png\",\"width\":123,\"height\":74,\"caption\":\"O&amp;G Tax and Accounting\"},\"image\":{\"@id\":\"https:\\\/\\\/oandgaccounting.com\\\/#\\\/schema\\\/logo\\\/image\\\/\"}}]}<\/script>\n<!-- \/ Yoast SEO plugin. -->","yoast_head_json":{"title":"Gu\u00eda para la elecci\u00f3n tard\u00eda de una corporaci\u00f3n C para sociedades de responsabilidad limitada (LLC) unipersonales estadounidenses de propiedad extranjera - Impuestos y contabilidad de petr\u00f3leo y gas","robots":{"index":"index","follow":"follow","max-snippet":"max-snippet:-1","max-image-preview":"max-image-preview:large","max-video-preview":"max-video-preview:-1"},"canonical":"https:\/\/oandgaccounting.com\/es\/resources\/guide-to-late-c-corporation-election-for-foreign-owned-u-s-single-member-llcs\/","og_locale":"es_ES","og_type":"article","og_title":"Guide to Late C Corporation Election for Foreign-Owned U.S. Single-Member LLCs - O&amp;G Tax and Accounting","og_description":"QUESTION: As a foreign owner of a U.S. single-member LLC, I am considering making a late election to be treated as a C Corporation. Can I still file this late election and return? Should I continue with the proforma 1120 and 5472, or should I prepare a new return as a C Corporation? Additionally, should &hellip; Continue reading \"Guide to Late C Corporation Election for Foreign-Owned U.S. Single-Member LLCs\"","og_url":"https:\/\/oandgaccounting.com\/es\/resources\/guide-to-late-c-corporation-election-for-foreign-owned-u-s-single-member-llcs\/","og_site_name":"O&amp;G Tax and Accounting","article_modified_time":"2025-03-07T12:03:15+00:00","og_image":[{"width":975,"height":975,"url":"https:\/\/oandgaccounting.com\/wp-content\/uploads\/2024\/04\/Rectangle-1419.jpg","type":"image\/jpeg"}],"twitter_card":"summary_large_image","twitter_misc":{"Tiempo de lectura":"3 minutos"},"schema":{"@context":"https:\/\/schema.org","@graph":[{"@type":"WebPage","@id":"https:\/\/oandgaccounting.com\/resources\/guide-to-late-c-corporation-election-for-foreign-owned-u-s-single-member-llcs\/","url":"https:\/\/oandgaccounting.com\/resources\/guide-to-late-c-corporation-election-for-foreign-owned-u-s-single-member-llcs\/","name":"Gu\u00eda para la elecci\u00f3n tard\u00eda de una corporaci\u00f3n C para sociedades de responsabilidad limitada (LLC) unipersonales estadounidenses de propiedad extranjera - Impuestos y contabilidad de petr\u00f3leo y gas","isPartOf":{"@id":"https:\/\/oandgaccounting.com\/#website"},"datePublished":"2024-04-22T10:10:49+00:00","dateModified":"2025-03-07T12:03:15+00:00","breadcrumb":{"@id":"https:\/\/oandgaccounting.com\/resources\/guide-to-late-c-corporation-election-for-foreign-owned-u-s-single-member-llcs\/#breadcrumb"},"inLanguage":"es","potentialAction":[{"@type":"ReadAction","target":["https:\/\/oandgaccounting.com\/resources\/guide-to-late-c-corporation-election-for-foreign-owned-u-s-single-member-llcs\/"]}]},{"@type":"BreadcrumbList","@id":"https:\/\/oandgaccounting.com\/resources\/guide-to-late-c-corporation-election-for-foreign-owned-u-s-single-member-llcs\/#breadcrumb","itemListElement":[{"@type":"ListItem","position":1,"name":"Resources","item":"https:\/\/oandgaccounting.com\/resources\/"},{"@type":"ListItem","position":2,"name":"Guide to Late C Corporation Election for Foreign-Owned U.S. Single-Member LLCs"}]},{"@type":"WebSite","@id":"https:\/\/oandgaccounting.com\/#website","url":"https:\/\/oandgaccounting.com\/","name":"Impuestos y contabilidad de petr\u00f3leo y gas","description":"","publisher":{"@id":"https:\/\/oandgaccounting.com\/#organization"},"potentialAction":[{"@type":"SearchAction","target":{"@type":"EntryPoint","urlTemplate":"https:\/\/oandgaccounting.com\/?s={search_term_string}"},"query-input":{"@type":"PropertyValueSpecification","valueRequired":true,"valueName":"search_term_string"}}],"inLanguage":"es"},{"@type":"Organization","@id":"https:\/\/oandgaccounting.com\/#organization","name":"Impuestos y contabilidad de petr\u00f3leo y gas","url":"https:\/\/oandgaccounting.com\/","logo":{"@type":"ImageObject","inLanguage":"es","@id":"https:\/\/oandgaccounting.com\/#\/schema\/logo\/image\/","url":"https:\/\/oandgaccounting.com\/wp-content\/uploads\/2019\/07\/logo.png","contentUrl":"https:\/\/oandgaccounting.com\/wp-content\/uploads\/2019\/07\/logo.png","width":123,"height":74,"caption":"O&amp;G Tax and Accounting"},"image":{"@id":"https:\/\/oandgaccounting.com\/#\/schema\/logo\/image\/"}}]}},"_links":{"self":[{"href":"https:\/\/oandgaccounting.com\/es\/wp-json\/wp\/v2\/pages\/5631","targetHints":{"allow":["GET"]}}],"collection":[{"href":"https:\/\/oandgaccounting.com\/es\/wp-json\/wp\/v2\/pages"}],"about":[{"href":"https:\/\/oandgaccounting.com\/es\/wp-json\/wp\/v2\/types\/page"}],"author":[{"embeddable":true,"href":"https:\/\/oandgaccounting.com\/es\/wp-json\/wp\/v2\/users\/1"}],"replies":[{"embeddable":true,"href":"https:\/\/oandgaccounting.com\/es\/wp-json\/wp\/v2\/comments?post=5631"}],"version-history":[{"count":0,"href":"https:\/\/oandgaccounting.com\/es\/wp-json\/wp\/v2\/pages\/5631\/revisions"}],"up":[{"embeddable":true,"href":"https:\/\/oandgaccounting.com\/es\/wp-json\/wp\/v2\/pages\/24"}],"wp:attachment":[{"href":"https:\/\/oandgaccounting.com\/es\/wp-json\/wp\/v2\/media?parent=5631"}],"curies":[{"name":"wp","href":"https:\/\/api.w.org\/{rel}","templated":true}]}}