{"id":5697,"date":"2024-04-29T06:33:28","date_gmt":"2024-04-29T06:33:28","guid":{"rendered":"https:\/\/oandgaccounting.com\/?page_id=5697"},"modified":"2025-03-07T12:39:36","modified_gmt":"2025-03-07T12:39:36","slug":"u-s-tax-exemptions-under-the-u-s-venezuela-tax-treaty-for-foreign-workers","status":"publish","type":"page","link":"https:\/\/oandgaccounting.com\/es\/resources\/u-s-tax-exemptions-under-the-u-s-venezuela-tax-treaty-for-foreign-workers\/","title":{"rendered":"Exenciones fiscales estadounidenses bajo el tratado fiscal entre Estados Unidos y Venezuela para trabajadores extranjeros"},"content":{"rendered":"<div class=\"onefivequestion\">\n<div class=\"container py-4 text-left\">\n<p>Soy Garc\u00eda, ciudadano venezolano residente, empleado de STOLEWAY LTD, empresa constituida y administrada desde Venezuela. Del 1 de septiembre al 31 de diciembre de este a\u00f1o fiscal, trabaj\u00e9 en Estados Unidos. Mi empleador tiene sucursales en EE. UU., que pagaron mi salario durante mi estancia. Sin embargo, la oficina central venezolana reembols\u00f3 mi compensaci\u00f3n a la sucursal estadounidense, lo que significa que el costo fue asumido finalmente por la oficina central. Me enter\u00e9 de que, seg\u00fan el Art\u00edculo 15(2) del Tratado entre EE. UU. y Venezuela, ciertas condiciones podr\u00edan permitirme excluir estos ingresos de los impuestos estadounidenses.<\/p>\n<h5>Preguntas:<\/h5>\n<ol>\n<li>\n<h5>\u00bfBajo qu\u00e9 condiciones el Art\u00edculo 15(2) del Tratado Fiscal entre Estados Unidos y Venezuela permite que un empleado extranjero como yo excluya mis ingresos estadounidenses de impuestos?<\/h5>\n<\/li>\n<li>\n<h5>\u00bfC\u00f3mo afecta el hecho de que mi empleador no sea residente de EE. UU. mi elegibilidad para la exenci\u00f3n de impuestos bajo el Tratado entre Estados Unidos y Venezuela?<\/h5>\n<\/li>\n<li>\n<h5>\u00bfQu\u00e9 significa que mi remuneraci\u00f3n \u2018no sea soportada por un establecimiento permanente\u2019 en EE.UU. y c\u00f3mo influye esto en mi situaci\u00f3n fiscal seg\u00fan el tratado?<\/h5>\n<\/li>\n<li>\n<h5>\u00bfPuede explicar c\u00f3mo el reembolso de mi salario por parte de la oficina venezolana impacta el tratamiento fiscal de mis ganancias en los EE.UU. seg\u00fan el tratado?<\/h5>\n<\/li>\n<\/ol>\n<h5>RESPUESTA DE LOS EXPERTOS:<\/h5>\n<p><strong>1. Condiciones para la exenci\u00f3n fiscal seg\u00fan el art\u00edculo 15(2):<\/strong> Garc\u00eda puede excluir sus ingresos estadounidenses de los impuestos estadounidenses seg\u00fan el Art\u00edculo 15(2) de la <a href=\"https:\/\/www.irs.gov\/businesses\/international-businesses\/venezuela-tax-treaty-documents\" rel=\"noopener\" target=\"_blank\">Tratado fiscal entre Estados Unidos y Venezuela<\/a> si:<\/p>\n<ul>\n<li>Ella est\u00e1 presente en los EE.UU. por menos de 183 d\u00edas en cualquier per\u00edodo de doce meses que comience o termine en el a\u00f1o fiscal en cuesti\u00f3n.<\/li>\n<li>Su compensaci\u00f3n es pagada por STOLEWAY LTD, un empleador que no se considera residente de EE. UU.<\/li>\n<li>Su remuneraci\u00f3n no corre a cargo de ning\u00fan establecimiento permanente ni de ninguna base fija que STOLEWAY tenga en EE.UU.<\/li>\n<\/ul>\n<p><strong>2. Impacto de la residencia no estadounidense del empleador:<\/strong> Dado que STOLEWAY no reside en EE. UU., sino que gestiona sus operaciones desde Venezuela, esto afecta significativamente la elegibilidad de Garc\u00eda para la exenci\u00f3n fiscal. Seg\u00fan el tratado, al ser STOLEWAY reconocida como residente venezolana, la remuneraci\u00f3n pagada a Garc\u00eda por los servicios prestados en EE. UU. no est\u00e1 sujeta a impuestos estadounidenses, siempre que se cumplan tambi\u00e9n las dem\u00e1s condiciones del Art\u00edculo 15(2).<\/p>\n<p><strong>3. Significado e impacto de &#039;No soportado por un establecimiento permanente&#039;:<\/strong> Para que la remuneraci\u00f3n de Garc\u00eda est\u00e9 exenta de impuestos en Estados Unidos, no debe ser soportada por un<a href=\"http:\/\/chrome-extension:\/\/efaidnbmnnnibpcajpcglclefindmkaj\/https:\/\/www.irs.gov\/pub\/int_practice_units\/TRE9450_06_02.pdf\" rel=\"noopener\" target=\"_blank\"> establecimiento permanente o base fija en EE. UU.<\/a> de STOLEWAY. Esto significa que la sucursal estadounidense no puede ser responsable financieramente de su compensaci\u00f3n de forma que afecte las ganancias de la sucursal sujeta a impuestos estadounidenses. Dado que la oficina venezolana reembolsa a la sucursal estadounidense, el costo se considera asumido por la entidad venezolana, cumpliendo as\u00ed esta condici\u00f3n del tratado.<\/p>\n<p><strong>4. Impacto del Reembolso Salarial por parte de la Oficina en Venezuela:<\/strong> El reembolso del salario de Garc\u00eda por parte de la oficina venezolana de STOLEWAY garantiza que su remuneraci\u00f3n no se considere a cargo de la sucursal estadounidense. Este tratamiento se ajusta a las disposiciones del tratado, lo que permite que sus ingresos est\u00e9n exentos de impuestos estadounidenses, ya que la responsabilidad financiera recae en \u00faltima instancia en la oficina venezolana y no en la sucursal estadounidense.<\/p>\n<p>Para obtener informaci\u00f3n m\u00e1s detallada sobre c\u00f3mo aplicar estas reglas a su situaci\u00f3n espec\u00edfica, o si necesita asesoramiento personalizado para optimizar sus obligaciones fiscales, considere explorar nuestro contenido premium o programar una consulta con un contador p\u00fablico especializado.<\/p>\n<p><strong>Programe una consulta:<\/strong> Si necesita mayor aclaraci\u00f3n sobre sus obligaciones tributarias en los Estados Unidos bajo el Tratado Fiscal entre Estados Unidos y Venezuela, haga clic aqu\u00ed para acceder a art\u00edculos y recursos m\u00e1s detallados o para reservar una consulta directa con nuestros expertos en impuestos en O&amp;G Tax and Accounting Services.<\/p>\n<p><a href=\"https:\/\/oandgaccounting.com\/appointment-booking-form\/\" target=\"_blank\" rel=\"noopener\">Reserve una consulta con O&amp;G Tax and Accounting Services<\/a><\/p>\n<p>Nuestro equipo est\u00e1 listo para brindarle asesoramiento y estrategias personalizadas para garantizar el cumplimiento y optimizar su estrategia fiscal transfronteriza.<\/p>\n<\/p><\/div>","protected":false},"excerpt":{"rendered":"<p>Soy Garc\u00eda, ciudadana venezolana residente, empleada por STOLEWAY LTD, empresa organizada y gestionada desde Venezuela. Del 1 de septiembre al 31 de diciembre del presente a\u00f1o fiscal, trabaj\u00e9 en Estados Unidos. Mi empleador tiene una sucursal en EE. UU., la cual pag\u00f3 mi salario durante mi estancia. Sin embargo, la oficina central venezolana\u2026 <a href=\"https:\/\/oandgaccounting.com\/es\/resources\/u-s-tax-exemptions-under-the-u-s-venezuela-tax-treaty-for-foreign-workers\/\" class=\"more-link\">Seguir leyendo<span class=\"screen-reader-text\"> \u201cExenciones fiscales estadounidenses para trabajadores extranjeros en virtud del tratado fiscal entre Estados Unidos y Venezuela\u201d<\/span><\/a><\/p>","protected":false},"author":1,"featured_media":0,"parent":24,"menu_order":0,"comment_status":"closed","ping_status":"closed","template":"default_withchat.php","meta":{"_acf_changed":false,"om_disable_all_campaigns":false,"_monsterinsights_skip_tracking":false,"_monsterinsights_sitenote_active":false,"_monsterinsights_sitenote_note":"","_monsterinsights_sitenote_category":0,"_uf_show_specific_survey":0,"_uf_disable_surveys":false,"footnotes":""},"class_list":["post-5697","page","type-page","status-publish","hentry"],"acf":[],"yoast_head":"<!-- This site is optimized with the Yoast SEO plugin v27.3 - https:\/\/yoast.com\/product\/yoast-seo-wordpress\/ -->\n<title>U.S. Tax Exemptions Under the U.S.-Venezuela Tax Treaty for Foreign Workers - O&amp;G Tax and Accounting<\/title>\n<meta name=\"robots\" content=\"index, follow, max-snippet:-1, max-image-preview:large, max-video-preview:-1\" \/>\n<link rel=\"canonical\" href=\"https:\/\/oandgaccounting.com\/es\/resources\/u-s-tax-exemptions-under-the-u-s-venezuela-tax-treaty-for-foreign-workers\/\" \/>\n<meta property=\"og:locale\" content=\"es_ES\" \/>\n<meta property=\"og:type\" content=\"article\" \/>\n<meta property=\"og:title\" content=\"U.S. Tax Exemptions Under the U.S.-Venezuela Tax Treaty for Foreign Workers - O&amp;G Tax and Accounting\" \/>\n<meta property=\"og:description\" content=\"I am Garcia, a Venezuelan national and resident employed by STOLEWAY LTD, a company organized and managed from Venezuela. From September 1 to December 31 of this tax year, I worked in the United States. My employer has branch operations in the U.S., which paid my salary during my stay. However, the Venezuelan home office &hellip; Continue reading &quot;U.S. Tax Exemptions Under the U.S.-Venezuela Tax Treaty for Foreign Workers&quot;\" \/>\n<meta property=\"og:url\" content=\"https:\/\/oandgaccounting.com\/es\/resources\/u-s-tax-exemptions-under-the-u-s-venezuela-tax-treaty-for-foreign-workers\/\" \/>\n<meta property=\"og:site_name\" content=\"O&amp;G Tax and Accounting\" \/>\n<meta property=\"article:modified_time\" content=\"2025-03-07T12:39:36+00:00\" \/>\n<meta property=\"og:image\" content=\"https:\/\/oandgaccounting.com\/wp-content\/uploads\/2024\/04\/Rectangle-1433.jpg\" \/>\n\t<meta property=\"og:image:width\" content=\"975\" \/>\n\t<meta property=\"og:image:height\" content=\"975\" \/>\n\t<meta property=\"og:image:type\" content=\"image\/jpeg\" \/>\n<meta name=\"twitter:card\" content=\"summary_large_image\" \/>\n<meta name=\"twitter:label1\" content=\"Tiempo de lectura\" \/>\n\t<meta name=\"twitter:data1\" content=\"3 minutos\" \/>\n<script type=\"application\/ld+json\" class=\"yoast-schema-graph\">{\"@context\":\"https:\\\/\\\/schema.org\",\"@graph\":[{\"@type\":\"WebPage\",\"@id\":\"https:\\\/\\\/oandgaccounting.com\\\/resources\\\/u-s-tax-exemptions-under-the-u-s-venezuela-tax-treaty-for-foreign-workers\\\/\",\"url\":\"https:\\\/\\\/oandgaccounting.com\\\/resources\\\/u-s-tax-exemptions-under-the-u-s-venezuela-tax-treaty-for-foreign-workers\\\/\",\"name\":\"U.S. Tax Exemptions Under the U.S.-Venezuela Tax Treaty for Foreign Workers - O&amp;G Tax and Accounting\",\"isPartOf\":{\"@id\":\"https:\\\/\\\/oandgaccounting.com\\\/#website\"},\"datePublished\":\"2024-04-29T06:33:28+00:00\",\"dateModified\":\"2025-03-07T12:39:36+00:00\",\"breadcrumb\":{\"@id\":\"https:\\\/\\\/oandgaccounting.com\\\/resources\\\/u-s-tax-exemptions-under-the-u-s-venezuela-tax-treaty-for-foreign-workers\\\/#breadcrumb\"},\"inLanguage\":\"es\",\"potentialAction\":[{\"@type\":\"ReadAction\",\"target\":[\"https:\\\/\\\/oandgaccounting.com\\\/resources\\\/u-s-tax-exemptions-under-the-u-s-venezuela-tax-treaty-for-foreign-workers\\\/\"]}]},{\"@type\":\"BreadcrumbList\",\"@id\":\"https:\\\/\\\/oandgaccounting.com\\\/resources\\\/u-s-tax-exemptions-under-the-u-s-venezuela-tax-treaty-for-foreign-workers\\\/#breadcrumb\",\"itemListElement\":[{\"@type\":\"ListItem\",\"position\":1,\"name\":\"Resources\",\"item\":\"https:\\\/\\\/oandgaccounting.com\\\/resources\\\/\"},{\"@type\":\"ListItem\",\"position\":2,\"name\":\"U.S. Tax Exemptions Under the U.S.-Venezuela Tax Treaty for Foreign Workers\"}]},{\"@type\":\"WebSite\",\"@id\":\"https:\\\/\\\/oandgaccounting.com\\\/#website\",\"url\":\"https:\\\/\\\/oandgaccounting.com\\\/\",\"name\":\"O&amp;G Tax and Accounting\",\"description\":\"\",\"publisher\":{\"@id\":\"https:\\\/\\\/oandgaccounting.com\\\/#organization\"},\"potentialAction\":[{\"@type\":\"SearchAction\",\"target\":{\"@type\":\"EntryPoint\",\"urlTemplate\":\"https:\\\/\\\/oandgaccounting.com\\\/?s={search_term_string}\"},\"query-input\":{\"@type\":\"PropertyValueSpecification\",\"valueRequired\":true,\"valueName\":\"search_term_string\"}}],\"inLanguage\":\"es\"},{\"@type\":\"Organization\",\"@id\":\"https:\\\/\\\/oandgaccounting.com\\\/#organization\",\"name\":\"O&amp;G Tax and Accounting\",\"url\":\"https:\\\/\\\/oandgaccounting.com\\\/\",\"logo\":{\"@type\":\"ImageObject\",\"inLanguage\":\"es\",\"@id\":\"https:\\\/\\\/oandgaccounting.com\\\/#\\\/schema\\\/logo\\\/image\\\/\",\"url\":\"https:\\\/\\\/oandgaccounting.com\\\/wp-content\\\/uploads\\\/2019\\\/07\\\/logo.png\",\"contentUrl\":\"https:\\\/\\\/oandgaccounting.com\\\/wp-content\\\/uploads\\\/2019\\\/07\\\/logo.png\",\"width\":123,\"height\":74,\"caption\":\"O&amp;G Tax and Accounting\"},\"image\":{\"@id\":\"https:\\\/\\\/oandgaccounting.com\\\/#\\\/schema\\\/logo\\\/image\\\/\"}}]}<\/script>\n<!-- \/ Yoast SEO plugin. -->","yoast_head_json":{"title":"Exenciones fiscales estadounidenses en virtud del tratado fiscal entre Estados Unidos y Venezuela para trabajadores extranjeros - Impuestos y contabilidad del sector del petr\u00f3leo y el gas","robots":{"index":"index","follow":"follow","max-snippet":"max-snippet:-1","max-image-preview":"max-image-preview:large","max-video-preview":"max-video-preview:-1"},"canonical":"https:\/\/oandgaccounting.com\/es\/resources\/u-s-tax-exemptions-under-the-u-s-venezuela-tax-treaty-for-foreign-workers\/","og_locale":"es_ES","og_type":"article","og_title":"U.S. Tax Exemptions Under the U.S.-Venezuela Tax Treaty for Foreign Workers - O&amp;G Tax and Accounting","og_description":"I am Garcia, a Venezuelan national and resident employed by STOLEWAY LTD, a company organized and managed from Venezuela. From September 1 to December 31 of this tax year, I worked in the United States. My employer has branch operations in the U.S., which paid my salary during my stay. However, the Venezuelan home office &hellip; Continue reading \"U.S. Tax Exemptions Under the U.S.-Venezuela Tax Treaty for Foreign Workers\"","og_url":"https:\/\/oandgaccounting.com\/es\/resources\/u-s-tax-exemptions-under-the-u-s-venezuela-tax-treaty-for-foreign-workers\/","og_site_name":"O&amp;G Tax and Accounting","article_modified_time":"2025-03-07T12:39:36+00:00","og_image":[{"width":975,"height":975,"url":"https:\/\/oandgaccounting.com\/wp-content\/uploads\/2024\/04\/Rectangle-1433.jpg","type":"image\/jpeg"}],"twitter_card":"summary_large_image","twitter_misc":{"Tiempo de lectura":"3 minutos"},"schema":{"@context":"https:\/\/schema.org","@graph":[{"@type":"WebPage","@id":"https:\/\/oandgaccounting.com\/resources\/u-s-tax-exemptions-under-the-u-s-venezuela-tax-treaty-for-foreign-workers\/","url":"https:\/\/oandgaccounting.com\/resources\/u-s-tax-exemptions-under-the-u-s-venezuela-tax-treaty-for-foreign-workers\/","name":"Exenciones fiscales estadounidenses en virtud del tratado fiscal entre Estados Unidos y Venezuela para trabajadores extranjeros - Impuestos y contabilidad del sector del petr\u00f3leo y el gas","isPartOf":{"@id":"https:\/\/oandgaccounting.com\/#website"},"datePublished":"2024-04-29T06:33:28+00:00","dateModified":"2025-03-07T12:39:36+00:00","breadcrumb":{"@id":"https:\/\/oandgaccounting.com\/resources\/u-s-tax-exemptions-under-the-u-s-venezuela-tax-treaty-for-foreign-workers\/#breadcrumb"},"inLanguage":"es","potentialAction":[{"@type":"ReadAction","target":["https:\/\/oandgaccounting.com\/resources\/u-s-tax-exemptions-under-the-u-s-venezuela-tax-treaty-for-foreign-workers\/"]}]},{"@type":"BreadcrumbList","@id":"https:\/\/oandgaccounting.com\/resources\/u-s-tax-exemptions-under-the-u-s-venezuela-tax-treaty-for-foreign-workers\/#breadcrumb","itemListElement":[{"@type":"ListItem","position":1,"name":"Resources","item":"https:\/\/oandgaccounting.com\/resources\/"},{"@type":"ListItem","position":2,"name":"U.S. Tax Exemptions Under the U.S.-Venezuela Tax Treaty for Foreign Workers"}]},{"@type":"WebSite","@id":"https:\/\/oandgaccounting.com\/#website","url":"https:\/\/oandgaccounting.com\/","name":"Impuestos y contabilidad de petr\u00f3leo y gas","description":"","publisher":{"@id":"https:\/\/oandgaccounting.com\/#organization"},"potentialAction":[{"@type":"SearchAction","target":{"@type":"EntryPoint","urlTemplate":"https:\/\/oandgaccounting.com\/?s={search_term_string}"},"query-input":{"@type":"PropertyValueSpecification","valueRequired":true,"valueName":"search_term_string"}}],"inLanguage":"es"},{"@type":"Organization","@id":"https:\/\/oandgaccounting.com\/#organization","name":"Impuestos y contabilidad de petr\u00f3leo y gas","url":"https:\/\/oandgaccounting.com\/","logo":{"@type":"ImageObject","inLanguage":"es","@id":"https:\/\/oandgaccounting.com\/#\/schema\/logo\/image\/","url":"https:\/\/oandgaccounting.com\/wp-content\/uploads\/2019\/07\/logo.png","contentUrl":"https:\/\/oandgaccounting.com\/wp-content\/uploads\/2019\/07\/logo.png","width":123,"height":74,"caption":"O&amp;G Tax and Accounting"},"image":{"@id":"https:\/\/oandgaccounting.com\/#\/schema\/logo\/image\/"}}]}},"_links":{"self":[{"href":"https:\/\/oandgaccounting.com\/es\/wp-json\/wp\/v2\/pages\/5697","targetHints":{"allow":["GET"]}}],"collection":[{"href":"https:\/\/oandgaccounting.com\/es\/wp-json\/wp\/v2\/pages"}],"about":[{"href":"https:\/\/oandgaccounting.com\/es\/wp-json\/wp\/v2\/types\/page"}],"author":[{"embeddable":true,"href":"https:\/\/oandgaccounting.com\/es\/wp-json\/wp\/v2\/users\/1"}],"replies":[{"embeddable":true,"href":"https:\/\/oandgaccounting.com\/es\/wp-json\/wp\/v2\/comments?post=5697"}],"version-history":[{"count":0,"href":"https:\/\/oandgaccounting.com\/es\/wp-json\/wp\/v2\/pages\/5697\/revisions"}],"up":[{"embeddable":true,"href":"https:\/\/oandgaccounting.com\/es\/wp-json\/wp\/v2\/pages\/24"}],"wp:attachment":[{"href":"https:\/\/oandgaccounting.com\/es\/wp-json\/wp\/v2\/media?parent=5697"}],"curies":[{"name":"wp","href":"https:\/\/api.w.org\/{rel}","templated":true}]}}