{"id":5698,"date":"2024-04-29T06:33:33","date_gmt":"2024-04-29T06:33:33","guid":{"rendered":"https:\/\/oandgaccounting.com\/?page_id=5698"},"modified":"2025-03-07T12:39:06","modified_gmt":"2025-03-07T12:39:06","slug":"dual-residency-u-s-tax-implication-for-corporations-under-the-u-s-indonesia-tax-treaty","status":"publish","type":"page","link":"https:\/\/oandgaccounting.com\/es\/resources\/dual-residency-u-s-tax-implication-for-corporations-under-the-u-s-indonesia-tax-treaty\/","title":{"rendered":"Doble residencia: implicaciones fiscales para las empresas en el marco del tratado fiscal entre Estados Unidos e Indonesia"},"content":{"rendered":"<div class=\"onefivequestion\">\n<div class=\"container py-4 text-left\">\n<p>Soy propietario de una empresa, STOLEWAY, Inc., constituida en Delaware, EE. UU., pero con sede central en Indonesia. Esta doble configuraci\u00f3n ha permitido que STOLEWAY sea reconocida como sociedad residente tanto en Estados Unidos como en Indonesia. Estoy tratando de comprender c\u00f3mo se aplica el Tratado Fiscal entre Estados Unidos e Indonesia a la situaci\u00f3n particular de mi empresa para garantizar el cumplimiento normativo y optimizar nuestras responsabilidades fiscales.<\/p>\n<h5>Preguntas:<\/h5>\n<ol>\n<li>\n<h5>\u00bfQu\u00e9 criterios utiliza el Tratado Fiscal entre Estados Unidos e Indonesia para determinar la residencia fiscal de corporaciones como STOLEWAY que son residentes duales?<\/h5>\n<\/li>\n<li>\n<h5>En virtud del Tratado Fiscal entre Estados Unidos e Indonesia, \u00bfc\u00f3mo se determina la residencia de una corporaci\u00f3n constituida en Estados Unidos pero administrada desde Indonesia?<\/h5>\n<\/li>\n<li>\n<h5>\u00bfCu\u00e1les son las implicaciones fiscales para STOLEWAY si se le considera residente de EE. UU. seg\u00fan el Tratado Fiscal entre EE. UU. e Indonesia?<\/h5>\n<\/li>\n<li>\n<h5>\u00bfPodr\u00eda aclarar el papel del lugar de constituci\u00f3n y el lugar de administraci\u00f3n de una corporaci\u00f3n a la hora de determinar su residencia fiscal de acuerdo con tratados fiscales internacionales como el Tratado entre Estados Unidos e Indonesia?<\/h5>\n<\/li>\n<\/ol>\n<h5>RESPUESTA DE LOS EXPERTOS:<\/h5>\n<p><strong>1. Criterios para determinar la residencia fiscal seg\u00fan el Tratado Fiscal entre Estados Unidos e Indonesia:<\/strong> El <a href=\"https:\/\/www.irs.gov\/businesses\/international-businesses\/indonesia-tax-treaty-documents\" rel=\"noopener\" target=\"_blank\">Tratado fiscal entre Estados Unidos e Indonesia<\/a> El tratado estipula que las sociedades con doble residencia se consideran residentes del pa\u00eds donde se constituyen. Por lo tanto, en el caso de STOLEWAY, Inc., constituida en Delaware, el tratado la designa como residente estadounidense a efectos fiscales, independientemente del lugar donde se gestionen sus operaciones.<\/p>\n<p><strong>2. Determinaci\u00f3n de residencia para empresas gestionadas en el extranjero:<\/strong> Bajo <a href=\"http:\/\/chrome-extension:\/\/efaidnbmnnnibpcajpcglclefindmkaj\/https:\/\/www.irs.gov\/pub\/irs-trty\/indo.pdf\" rel=\"noopener\" target=\"_blank\">Art\u00edculo 4(4) del Tratado entre Estados Unidos e Indonesia<\/a>, La residencia de una corporaci\u00f3n como STOLEWAY, constituida en EE. UU. pero administrada desde Indonesia, se determina seg\u00fan su lugar de constituci\u00f3n. Esto significa que STOLEWAY se considera residente en EE. UU. a efectos del tratado, lo que pone de relieve la primac\u00eda del lugar de constituci\u00f3n sobre la sede de administraci\u00f3n a la hora de determinar la residencia fiscal.<\/p>\n<p><strong>3. Implicaciones fiscales para que STOLEWAY sea considerado residente de EE. UU.:<\/strong> Como residente de EE. UU., STOLEWAY est\u00e1 sujeta a impuestos estadounidenses sobre sus ingresos mundiales. Esto incluye las ganancias generadas por sus operaciones en EE. UU. e Indonesia. Sin embargo, la empresa puede beneficiarse de... <a href=\"https:\/\/www.irs.gov\/taxtopics\/tc856\" rel=\"noopener\" target=\"_blank\">Cr\u00e9dito fiscal extranjero<\/a>, lo que le permite acreditar los impuestos pagados en Indonesia contra su obligaci\u00f3n tributaria en Estados Unidos, reduciendo potencialmente la doble imposici\u00f3n.<\/p>\n<p><strong>4. El papel de la constituci\u00f3n y la gesti\u00f3n en la residencia fiscal:<\/strong> El lugar de constituci\u00f3n es el factor principal para determinar la residencia fiscal de las empresas seg\u00fan el Tratado entre Estados Unidos e Indonesia. Esto contrasta con la sede de administraci\u00f3n, que puede influir en la residencia seg\u00fan diferentes tratados internacionales, pero es secundaria en este contexto espec\u00edfico.<\/p>\n<p>Comprender las complejidades de la residencia fiscal y sus implicaciones en virtud de los tratados internacionales puede ser un desaf\u00edo. Para obtener asesoramiento personalizado adaptado a las circunstancias espec\u00edficas de su empresa y explorar estrategias detalladas para gestionar eficazmente sus obligaciones fiscales internacionales, considere acceder a nuestros recursos premium.<\/p>\n<p>Para profundizar su comprensi\u00f3n y garantizar el cumplimiento normativo, le recomendamos consultar directamente con un Contador P\u00fablico Certificado (CPA) especializado en derecho tributario internacional. Nuestro equipo de Servicios Tributarios y Contables de O&amp;G est\u00e1 capacitado para brindarle la experiencia necesaria para abordar estos complejos asuntos.<\/p>\n<p><strong>Reserve una consulta hoy:<\/strong> D\u00e9 el siguiente paso para optimizar su estrategia fiscal programando una consulta con nuestros expertos. Visite nuestro formulario de reserva de citas aqu\u00ed: <a href=\"https:\/\/oandgaccounting.com\/appointment-booking-form\/\" target=\"_blank\" rel=\"noopener\">Reserva de citas para servicios contables e impositivos de petr\u00f3leo y gas<\/a>.<\/p>\n<\/p><\/div>","protected":false},"excerpt":{"rendered":"<p>Soy propietario de la empresa STOLEWAY, Inc., constituida en Delaware, EE. UU., pero con su sede central en Indonesia. Esta doble estructura ha provocado que STOLEWAY sea reconocida como sociedad residente tanto por la legislaci\u00f3n fiscal estadounidense como por la indonesia. Estoy intentando comprender c\u00f3mo se aplica el Tratado Fiscal entre EE. UU. e Indonesia a la situaci\u00f3n particular de mi empresa\u2026 <a href=\"https:\/\/oandgaccounting.com\/es\/resources\/dual-residency-u-s-tax-implication-for-corporations-under-the-u-s-indonesia-tax-treaty\/\" class=\"more-link\">Seguir leyendo<span class=\"screen-reader-text\"> \u201cDoble residencia: implicaciones fiscales estadounidenses para las empresas en virtud del tratado fiscal entre Estados Unidos e Indonesia\u201d<\/span><\/a><\/p>","protected":false},"author":1,"featured_media":0,"parent":24,"menu_order":0,"comment_status":"closed","ping_status":"closed","template":"default_withchat.php","meta":{"_acf_changed":false,"om_disable_all_campaigns":false,"_monsterinsights_skip_tracking":false,"_monsterinsights_sitenote_active":false,"_monsterinsights_sitenote_note":"","_monsterinsights_sitenote_category":0,"_uf_show_specific_survey":0,"_uf_disable_surveys":false,"footnotes":""},"class_list":["post-5698","page","type-page","status-publish","hentry"],"acf":[],"yoast_head":"<!-- This site is optimized with the Yoast SEO plugin v27.3 - https:\/\/yoast.com\/product\/yoast-seo-wordpress\/ -->\n<title>Dual Residency: U.S. Tax Implications for Corporations under the U.S.-Indonesia Tax Treaty - O&amp;G Tax and Accounting<\/title>\n<meta name=\"robots\" content=\"index, follow, max-snippet:-1, max-image-preview:large, max-video-preview:-1\" \/>\n<link rel=\"canonical\" href=\"https:\/\/oandgaccounting.com\/es\/resources\/dual-residency-u-s-tax-implication-for-corporations-under-the-u-s-indonesia-tax-treaty\/\" \/>\n<meta property=\"og:locale\" content=\"es_ES\" \/>\n<meta property=\"og:type\" content=\"article\" \/>\n<meta property=\"og:title\" content=\"Dual Residency: U.S. Tax Implications for Corporations under the U.S.-Indonesia Tax Treaty - O&amp;G Tax and Accounting\" \/>\n<meta property=\"og:description\" content=\"I own a company, STOLEWAY, Inc., which is incorporated in Delaware, USA but has its central management operations in Indonesia. This dual setup has resulted in STOLEWAY being recognized as a resident corporation under both U.S. and Indonesian tax laws. I am trying to understand how the U.S.-Indonesia Tax Treaty applies to my company&#8217;s unique &hellip; Continue reading &quot;Dual Residency: U.S. Tax Implications for Corporations under the U.S.-Indonesia Tax Treaty&quot;\" \/>\n<meta property=\"og:url\" content=\"https:\/\/oandgaccounting.com\/es\/resources\/dual-residency-u-s-tax-implication-for-corporations-under-the-u-s-indonesia-tax-treaty\/\" \/>\n<meta property=\"og:site_name\" content=\"O&amp;G Tax and Accounting\" \/>\n<meta property=\"article:modified_time\" content=\"2025-03-07T12:39:06+00:00\" \/>\n<meta property=\"og:image\" content=\"https:\/\/oandgaccounting.com\/wp-content\/uploads\/2024\/04\/Rectangle-1435.jpg\" \/>\n\t<meta property=\"og:image:width\" content=\"975\" \/>\n\t<meta property=\"og:image:height\" content=\"975\" \/>\n\t<meta property=\"og:image:type\" content=\"image\/jpeg\" \/>\n<meta name=\"twitter:card\" content=\"summary_large_image\" \/>\n<meta name=\"twitter:label1\" content=\"Tiempo de lectura\" \/>\n\t<meta name=\"twitter:data1\" content=\"3 minutos\" \/>\n<script type=\"application\/ld+json\" class=\"yoast-schema-graph\">{\"@context\":\"https:\\\/\\\/schema.org\",\"@graph\":[{\"@type\":\"WebPage\",\"@id\":\"https:\\\/\\\/oandgaccounting.com\\\/resources\\\/dual-residency-u-s-tax-implication-for-corporations-under-the-u-s-indonesia-tax-treaty\\\/\",\"url\":\"https:\\\/\\\/oandgaccounting.com\\\/resources\\\/dual-residency-u-s-tax-implication-for-corporations-under-the-u-s-indonesia-tax-treaty\\\/\",\"name\":\"Dual Residency: U.S. Tax Implications for Corporations under the U.S.-Indonesia Tax Treaty - O&amp;G Tax and Accounting\",\"isPartOf\":{\"@id\":\"https:\\\/\\\/oandgaccounting.com\\\/#website\"},\"datePublished\":\"2024-04-29T06:33:33+00:00\",\"dateModified\":\"2025-03-07T12:39:06+00:00\",\"breadcrumb\":{\"@id\":\"https:\\\/\\\/oandgaccounting.com\\\/resources\\\/dual-residency-u-s-tax-implication-for-corporations-under-the-u-s-indonesia-tax-treaty\\\/#breadcrumb\"},\"inLanguage\":\"es\",\"potentialAction\":[{\"@type\":\"ReadAction\",\"target\":[\"https:\\\/\\\/oandgaccounting.com\\\/resources\\\/dual-residency-u-s-tax-implication-for-corporations-under-the-u-s-indonesia-tax-treaty\\\/\"]}]},{\"@type\":\"BreadcrumbList\",\"@id\":\"https:\\\/\\\/oandgaccounting.com\\\/resources\\\/dual-residency-u-s-tax-implication-for-corporations-under-the-u-s-indonesia-tax-treaty\\\/#breadcrumb\",\"itemListElement\":[{\"@type\":\"ListItem\",\"position\":1,\"name\":\"Resources\",\"item\":\"https:\\\/\\\/oandgaccounting.com\\\/resources\\\/\"},{\"@type\":\"ListItem\",\"position\":2,\"name\":\"Dual Residency: U.S. Tax Implications for Corporations under the U.S.-Indonesia Tax Treaty\"}]},{\"@type\":\"WebSite\",\"@id\":\"https:\\\/\\\/oandgaccounting.com\\\/#website\",\"url\":\"https:\\\/\\\/oandgaccounting.com\\\/\",\"name\":\"O&amp;G Tax and Accounting\",\"description\":\"\",\"publisher\":{\"@id\":\"https:\\\/\\\/oandgaccounting.com\\\/#organization\"},\"potentialAction\":[{\"@type\":\"SearchAction\",\"target\":{\"@type\":\"EntryPoint\",\"urlTemplate\":\"https:\\\/\\\/oandgaccounting.com\\\/?s={search_term_string}\"},\"query-input\":{\"@type\":\"PropertyValueSpecification\",\"valueRequired\":true,\"valueName\":\"search_term_string\"}}],\"inLanguage\":\"es\"},{\"@type\":\"Organization\",\"@id\":\"https:\\\/\\\/oandgaccounting.com\\\/#organization\",\"name\":\"O&amp;G Tax and Accounting\",\"url\":\"https:\\\/\\\/oandgaccounting.com\\\/\",\"logo\":{\"@type\":\"ImageObject\",\"inLanguage\":\"es\",\"@id\":\"https:\\\/\\\/oandgaccounting.com\\\/#\\\/schema\\\/logo\\\/image\\\/\",\"url\":\"https:\\\/\\\/oandgaccounting.com\\\/wp-content\\\/uploads\\\/2019\\\/07\\\/logo.png\",\"contentUrl\":\"https:\\\/\\\/oandgaccounting.com\\\/wp-content\\\/uploads\\\/2019\\\/07\\\/logo.png\",\"width\":123,\"height\":74,\"caption\":\"O&amp;G Tax and Accounting\"},\"image\":{\"@id\":\"https:\\\/\\\/oandgaccounting.com\\\/#\\\/schema\\\/logo\\\/image\\\/\"}}]}<\/script>\n<!-- \/ Yoast SEO plugin. -->","yoast_head_json":{"title":"Doble residencia: Implicaciones fiscales estadounidenses para las corporaciones en virtud del Tratado Fiscal entre Estados Unidos e Indonesia - Impuestos y contabilidad del sector de petr\u00f3leo y gas","robots":{"index":"index","follow":"follow","max-snippet":"max-snippet:-1","max-image-preview":"max-image-preview:large","max-video-preview":"max-video-preview:-1"},"canonical":"https:\/\/oandgaccounting.com\/es\/resources\/dual-residency-u-s-tax-implication-for-corporations-under-the-u-s-indonesia-tax-treaty\/","og_locale":"es_ES","og_type":"article","og_title":"Dual Residency: U.S. Tax Implications for Corporations under the U.S.-Indonesia Tax Treaty - O&amp;G Tax and Accounting","og_description":"I own a company, STOLEWAY, Inc., which is incorporated in Delaware, USA but has its central management operations in Indonesia. This dual setup has resulted in STOLEWAY being recognized as a resident corporation under both U.S. and Indonesian tax laws. I am trying to understand how the U.S.-Indonesia Tax Treaty applies to my company&#8217;s unique &hellip; Continue reading \"Dual Residency: U.S. Tax Implications for Corporations under the U.S.-Indonesia Tax Treaty\"","og_url":"https:\/\/oandgaccounting.com\/es\/resources\/dual-residency-u-s-tax-implication-for-corporations-under-the-u-s-indonesia-tax-treaty\/","og_site_name":"O&amp;G Tax and Accounting","article_modified_time":"2025-03-07T12:39:06+00:00","og_image":[{"width":975,"height":975,"url":"https:\/\/oandgaccounting.com\/wp-content\/uploads\/2024\/04\/Rectangle-1435.jpg","type":"image\/jpeg"}],"twitter_card":"summary_large_image","twitter_misc":{"Tiempo de lectura":"3 minutos"},"schema":{"@context":"https:\/\/schema.org","@graph":[{"@type":"WebPage","@id":"https:\/\/oandgaccounting.com\/resources\/dual-residency-u-s-tax-implication-for-corporations-under-the-u-s-indonesia-tax-treaty\/","url":"https:\/\/oandgaccounting.com\/resources\/dual-residency-u-s-tax-implication-for-corporations-under-the-u-s-indonesia-tax-treaty\/","name":"Doble residencia: Implicaciones fiscales estadounidenses para las corporaciones en virtud del Tratado Fiscal entre Estados Unidos e Indonesia - Impuestos y contabilidad del sector de petr\u00f3leo y gas","isPartOf":{"@id":"https:\/\/oandgaccounting.com\/#website"},"datePublished":"2024-04-29T06:33:33+00:00","dateModified":"2025-03-07T12:39:06+00:00","breadcrumb":{"@id":"https:\/\/oandgaccounting.com\/resources\/dual-residency-u-s-tax-implication-for-corporations-under-the-u-s-indonesia-tax-treaty\/#breadcrumb"},"inLanguage":"es","potentialAction":[{"@type":"ReadAction","target":["https:\/\/oandgaccounting.com\/resources\/dual-residency-u-s-tax-implication-for-corporations-under-the-u-s-indonesia-tax-treaty\/"]}]},{"@type":"BreadcrumbList","@id":"https:\/\/oandgaccounting.com\/resources\/dual-residency-u-s-tax-implication-for-corporations-under-the-u-s-indonesia-tax-treaty\/#breadcrumb","itemListElement":[{"@type":"ListItem","position":1,"name":"Resources","item":"https:\/\/oandgaccounting.com\/resources\/"},{"@type":"ListItem","position":2,"name":"Dual Residency: U.S. Tax Implications for Corporations under the U.S.-Indonesia Tax Treaty"}]},{"@type":"WebSite","@id":"https:\/\/oandgaccounting.com\/#website","url":"https:\/\/oandgaccounting.com\/","name":"Impuestos y contabilidad de petr\u00f3leo y gas","description":"","publisher":{"@id":"https:\/\/oandgaccounting.com\/#organization"},"potentialAction":[{"@type":"SearchAction","target":{"@type":"EntryPoint","urlTemplate":"https:\/\/oandgaccounting.com\/?s={search_term_string}"},"query-input":{"@type":"PropertyValueSpecification","valueRequired":true,"valueName":"search_term_string"}}],"inLanguage":"es"},{"@type":"Organization","@id":"https:\/\/oandgaccounting.com\/#organization","name":"Impuestos y contabilidad de petr\u00f3leo y gas","url":"https:\/\/oandgaccounting.com\/","logo":{"@type":"ImageObject","inLanguage":"es","@id":"https:\/\/oandgaccounting.com\/#\/schema\/logo\/image\/","url":"https:\/\/oandgaccounting.com\/wp-content\/uploads\/2019\/07\/logo.png","contentUrl":"https:\/\/oandgaccounting.com\/wp-content\/uploads\/2019\/07\/logo.png","width":123,"height":74,"caption":"O&amp;G Tax and Accounting"},"image":{"@id":"https:\/\/oandgaccounting.com\/#\/schema\/logo\/image\/"}}]}},"_links":{"self":[{"href":"https:\/\/oandgaccounting.com\/es\/wp-json\/wp\/v2\/pages\/5698","targetHints":{"allow":["GET"]}}],"collection":[{"href":"https:\/\/oandgaccounting.com\/es\/wp-json\/wp\/v2\/pages"}],"about":[{"href":"https:\/\/oandgaccounting.com\/es\/wp-json\/wp\/v2\/types\/page"}],"author":[{"embeddable":true,"href":"https:\/\/oandgaccounting.com\/es\/wp-json\/wp\/v2\/users\/1"}],"replies":[{"embeddable":true,"href":"https:\/\/oandgaccounting.com\/es\/wp-json\/wp\/v2\/comments?post=5698"}],"version-history":[{"count":0,"href":"https:\/\/oandgaccounting.com\/es\/wp-json\/wp\/v2\/pages\/5698\/revisions"}],"up":[{"embeddable":true,"href":"https:\/\/oandgaccounting.com\/es\/wp-json\/wp\/v2\/pages\/24"}],"wp:attachment":[{"href":"https:\/\/oandgaccounting.com\/es\/wp-json\/wp\/v2\/media?parent=5698"}],"curies":[{"name":"wp","href":"https:\/\/api.w.org\/{rel}","templated":true}]}}