{"id":5829,"date":"2024-06-18T16:48:35","date_gmt":"2024-06-18T16:48:35","guid":{"rendered":"https:\/\/oandgaccounting.com\/?page_id=5829"},"modified":"2024-06-18T16:48:35","modified_gmt":"2024-06-18T16:48:35","slug":"can-u-s-source-royalties-be-exempt-from-u-s-income-tax-under-a-tax-treaty","status":"publish","type":"page","link":"https:\/\/oandgaccounting.com\/es\/resources\/can-u-s-source-royalties-be-exempt-from-u-s-income-tax-under-a-tax-treaty\/","title":{"rendered":"\u00bfPueden las regal\u00edas de fuente estadounidense estar exentas del impuesto a la renta de EE. UU. en virtud de un tratado fiscal?"},"content":{"rendered":"<div class=\"onefivequestion\">\n<div class=\"container py-4 text-left\">\n<p>El caso judicial <a href=\"https:\/\/casetext.com\/case\/simenon-v-commr-of-internal-revenue\" rel=\"noopener\" target=\"_blank\">Georges Simenon, peticionario, contra el Comisionado de Impuestos Internos (44 TC 820, 1965)<\/a> es un caso fiscal fundamental en Estados Unidos que aborda una cuesti\u00f3n importante: \u00bfMantener una oficina en una casa en Estados Unidos se considera tener una &#039;\u2018<a href=\"http:\/\/chrome-extension:\/\/efaidnbmnnnibpcajpcglclefindmkaj\/https:\/\/www.irs.gov\/pub\/int_practice_units\/TRE9450_06_02.pdf\" rel=\"noopener\" target=\"_blank\">establecimiento permanente<\/a>\u2018Este art\u00edculo profundiza en los detalles del caso, el tratado fiscal en cuesti\u00f3n, las posturas del demandante y del demandado, y el an\u00e1lisis del tribunal, centr\u00e1ndose especialmente en la relevancia de la cuesti\u00f3n del domicilio social.\n    <\/p>\n<p>    <script\n      async\n      src=\"https:\/\/pagead2.googlesyndication.com\/pagead\/js\/adsbygoogle.js?client=ca-pub-3039986354638252\"\n      crossorigin=\"anonymous\"\n    ><\/script><br \/>\n    <ins\n      class=\"adsbygoogle\"\n      style=\"display: block; text-align: center\"\n      data-ad-layout=\"in-article\"\n      data-ad-format=\"fluid\"\n      data-ad-client=\"ca-pub-3039986354638252\"\n      data-ad-slot=\"8101689985\"\n    ><br \/>\n    <\/ins><br \/>\n    <script>\n      (adsbygoogle = window.adsbygoogle || []).push({});\n    <\/script><\/p>\n<p><strong>Descripci\u00f3n general del caso<\/strong><\/p>\n<p><strong>Partes involucradas<\/strong><\/p>\n<ul>\n<li style=\"padding-bottom: 10px\">\n        Peticionario: <a href=\"https:\/\/en.wikipedia.org\/wiki\/Georges_Simenon\" rel=\"noopener\" target=\"_blank\">Georges Simenon<\/a>, ciudadano de B\u00e9lgica y escritor profesional que se ganaba la vida escribiendo ficci\u00f3n y concediendo diversos derechos sobre sus obras literarias a cambio de regal\u00edas.\n      <\/li>\n<li style=\"padding-bottom: 10px\">\n        Demandado: Comisionado de Rentas Internas, representado por Charles M. Greenspan.\n      <\/li>\n<\/ul>\n<p><strong>Tratado fiscal<\/strong><\/p>\n<p>\n      El tratado fiscal en cuesti\u00f3n es el convenio sobre impuesto a la renta entre Estados Unidos y Francia, vigente desde el 1 de enero de 1945. El art\u00edculo 7 de este convenio establece que las regal\u00edas derivadas de un estado contratante por un residente del otro estado contratante estar\u00e1n exentas de impuestos, siempre que el residente no tenga un establecimiento permanente en el primer estado.\n    <\/p>\n<p><strong>Detalles del caso<\/strong><\/p>\n<p><strong>Tipo de ingreso y per\u00edodo<\/strong><\/p>\n<p>Los ingresos en cuesti\u00f3n son del autor. <a href=\"https:\/\/www.irs.gov\/individuals\/international-taxpayers\/nonresident-aliens-source-of-income\" rel=\"noopener\" target=\"_blank\">regal\u00edas de fuentes estadounidenses<\/a>, ganados desde el 28 de marzo de 1955 hasta el 29 de noviembre de 1955. Simenon recibi\u00f3 un total de $25,291.95 en regal\u00edas durante este per\u00edodo.<\/p>\n<p>\n      <strong>Posici\u00f3n del peticionario<\/strong>\n    <\/p>\n<p>Simenon present\u00f3 su declaraci\u00f3n alegando que las regal\u00edas recibidas estaban exentas del impuesto sobre la renta estadounidense en virtud del Art\u00edculo 7 del convenio fiscal con Francia. Declar\u00f3 sus ingresos en una declaraci\u00f3n de corto plazo del 1 de enero al 19 de marzo de 1955, argumentando que resid\u00eda en Francia y no ten\u00eda establecimiento permanente en Estados Unidos despu\u00e9s del 19 de marzo.\n    <\/p>\n<p>\n      <strong>Posici\u00f3n del demandado<\/strong>\n    <\/p>\n<p>El Comisionado determin\u00f3 una deficiencia en el impuesto a la renta de Simenon para 1955, afirmando que Simenon tuvo un establecimiento permanente en los EE. UU. desde el 1 de enero hasta el 19 de marzo de 1955. El Comisionado argument\u00f3 que, dado que Simenon mantuvo una oficina en su casa de los EE. UU. durante parte de 1955, las regal\u00edas de fuente estadounidense estaban sujetas a impuestos.<\/p>\n<p><strong>An\u00e1lisis de la corte<\/strong><\/p>\n<p><strong>Establecimiento permanente<\/strong><\/p>\n<p>La cuesti\u00f3n principal era si los ingresos de Simenon procedentes de fuentes estadounidenses estaban sujetos a impuestos seg\u00fan la legislaci\u00f3n estadounidense. Una subcuesti\u00f3n importante era si la oficina central de Simenon en Connecticut constitu\u00eda un establecimiento permanente. El tribunal se refiri\u00f3 al Art\u00edculo III del Protocolo de la Convenci\u00f3n, que define un establecimiento permanente como oficinas y otros lugares fijos de negocios.<\/p>\n<p><strong>Argumentos del peticionario<\/strong><\/p>\n<p>Simenon argument\u00f3 que su oficina en casa no constitu\u00eda un establecimiento permanente. Sostuvo que el t\u00e9rmino \u2018establecimiento permanente\u2019 del tratado no deb\u00eda incluir una oficina en una residencia utilizada para actividades creativas.<\/p>\n<p><strong>Argumentos del demandado<\/strong><\/p>\n<p>El Comisionado sostuvo que la oficina en casa de Simenon era un lugar fijo de negocios, donde llevaba a cabo sus escritos y actividades comerciales relacionadas, por lo que calificaba como un establecimiento permanente en virtud del tratado.<\/p>\n<p><strong>Conclusi\u00f3n del Tribunal<\/strong><\/p>\n<p>Si bien el tribunal se centr\u00f3 principalmente en si las regal\u00edas de Simenon estaban exentas del impuesto sobre la renta estadounidense, tambi\u00e9n abord\u00f3 la cuesti\u00f3n de la oficina central. El tribunal confirm\u00f3 la postura del demandado, concluyendo que la oficina central de Simenon constitu\u00eda, efectivamente, un establecimiento permanente. El tribunal argument\u00f3 que las actividades de Simenon eran regulares, continuas y lo suficientemente sustanciales como para constituir un negocio realizado desde su oficina central.<\/p>\n<p><strong>Jurisprudencia y precedentes relevantes<\/strong><\/p>\n<ul>\n<li style=\"padding-bottom: 10px\"><a href=\"https:\/\/casetext.com\/case\/samann-v-commr-of-internal-revenue\" rel=\"noopener\" target=\"_blank\">Jules Samann contra el Comisionado (36 TC 1011, aff. 313 F.2d 461)<\/a>:Este caso apoy\u00f3 la validez de la regla &quot;en cualquier momento&quot;, que tambi\u00e9n se aplic\u00f3 en el caso de Simenon.<\/li>\n<li style=\"padding-bottom: 10px\">John Ernest Goldring (36 BTA 779): Este caso trat\u00f3 el abandono de la residencia en Estados Unidos, lo cual es relevante para el argumento de Simenon sobre su estatus de residencia.<\/li>\n<li style=\"padding-bottom: 10px\"><a href=\"https:\/\/casetext.com\/case\/van-der-elst-v-commr-of-internal-revenue\" rel=\"noopener\" target=\"_blank\">Van Der Elst contra el Comisionado (223 F.2d 771)<\/a>:Proporcion\u00f3 informaci\u00f3n sobre los per\u00edodos impositivos y el estado de residencia.<\/li>\n<li style=\"padding-bottom: 10px\"><a href=\"https:\/\/casetext.com\/case\/marsman-v-commissioner-of-internal-revenue\" rel=\"noopener\" target=\"_blank\">Marsman contra el Comisionado (205 F.2d 335)<\/a>:Se abord\u00f3 la cuesti\u00f3n de los a\u00f1os fiscales de doble estatus para los contribuyentes extranjeros.<\/li>\n<\/ul>\n<p><strong>Decisi\u00f3n final del Tribunal<\/strong><\/p>\n<p>El tribunal determin\u00f3 que:<\/p>\n<ul>\n<li style=\"padding-bottom: 10px\">Simenon no pudo demostrar que era residente en Francia a efectos fiscales en 1955.<\/li>\n<li style=\"padding-bottom: 10px\">Simenon tuvo un establecimiento permanente en los EE.UU. desde el 1 de enero hasta el 19 de marzo de 1955.<\/li>\n<li style=\"padding-bottom: 10px\">Por lo tanto, las regal\u00edas recibidas de fuentes estadounidenses durante 1955 estaban sujetas al impuesto sobre la renta de ese pa\u00eds.<\/li>\n<\/ul>\n<p>    <script\n      async\n      src=\"https:\/\/pagead2.googlesyndication.com\/pagead\/js\/adsbygoogle.js?client=ca-pub-3039986354638252\"\n      crossorigin=\"anonymous\"\n    ><\/script><br \/>\n    <ins\n      class=\"adsbygoogle\"\n      style=\"display: block; text-align: center\"\n      data-ad-layout=\"in-article\"\n      data-ad-format=\"fluid\"\n      data-ad-client=\"ca-pub-3039986354638252\"\n      data-ad-slot=\"8101689985\"\n    ><br \/>\n    <\/ins><br \/>\n    <script>\n      (adsbygoogle = window.adsbygoogle || []).push({});\n    <\/script><\/p>\n<p><strong>An\u00e1lisis de la historia legislativa y la interpretaci\u00f3n de las leyes<\/strong><\/p>\n<p>\n      El tribunal examin\u00f3 la historia legislativa de los convenios tributarios estadounidenses y el contexto del Art\u00edculo 7. Enfatiz\u00f3 la intenci\u00f3n de los estados contratantes de evitar la doble imposici\u00f3n, manteniendo al mismo tiempo sus respectivas jurisdicciones fiscales. La interpretaci\u00f3n estatutaria del tribunal sobre el concepto de \u2018establecimiento permanente\u2019 se aline\u00f3 con la definici\u00f3n amplia del tratado, respaldada por regulaciones de larga data e interpretaciones consistentes.<\/p>\n<p>El <strong>Georges Simenon contra el Comisionado de Impuestos Internos<\/strong> Este caso sienta un precedente para la comprensi\u00f3n del concepto de \u2018establecimiento permanente\u2019 en el contexto de los tratados fiscales estadounidenses. Subraya que mantener una oficina en una residencia puede considerarse un establecimiento permanente si las actividades realizadas son regulares, continuas y sustanciales. Este caso sigue siendo una referencia crucial para la interpretaci\u00f3n de las obligaciones tributarias en virtud de los tratados internacionales y pone de relieve el complejo equilibrio entre las leyes fiscales nacionales y los acuerdos internacionales.<\/p>\n<\/p><\/div>\n<\/div>","protected":false},"excerpt":{"rendered":"<p>The court case Georges Simenon, Petitioner, v. Commissioner of Internal Revenue (44 T.C. 820, 1965) is a seminal U.S. tax case that touches on the important question: Does maintaining an office in a home in the U.S. qualify as having a &#8216;permanent establishment&#8216;? This article delves into the details of the case, the tax treaty &hellip; <a href=\"https:\/\/oandgaccounting.com\/es\/resources\/can-u-s-source-royalties-be-exempt-from-u-s-income-tax-under-a-tax-treaty\/\" class=\"more-link\">Seguir leyendo<span class=\"screen-reader-text\"> &#8220;Can U.S. Source Royalties be Exempt from U.S. Income Tax Under a Tax Treaty?&#8221;<\/span><\/a><\/p>","protected":false},"author":1,"featured_media":0,"parent":24,"menu_order":0,"comment_status":"closed","ping_status":"closed","template":"default_withchat.php","meta":{"_acf_changed":false,"om_disable_all_campaigns":false,"_monsterinsights_skip_tracking":false,"_monsterinsights_sitenote_active":false,"_monsterinsights_sitenote_note":"","_monsterinsights_sitenote_category":0,"_uf_show_specific_survey":0,"_uf_disable_surveys":false,"footnotes":""},"class_list":["post-5829","page","type-page","status-publish","hentry"],"acf":[],"yoast_head":"<!-- This site is optimized with the Yoast SEO plugin v27.3 - https:\/\/yoast.com\/product\/yoast-seo-wordpress\/ -->\n<title>Can U.S. Source Royalties be Exempt from U.S. Income Tax Under a Tax Treaty? - O&amp;G Tax and Accounting<\/title>\n<meta name=\"robots\" content=\"index, follow, max-snippet:-1, max-image-preview:large, max-video-preview:-1\" \/>\n<link rel=\"canonical\" href=\"https:\/\/oandgaccounting.com\/es\/resources\/can-u-s-source-royalties-be-exempt-from-u-s-income-tax-under-a-tax-treaty\/\" \/>\n<meta property=\"og:locale\" content=\"es_ES\" \/>\n<meta property=\"og:type\" content=\"article\" \/>\n<meta property=\"og:title\" content=\"Can U.S. Source Royalties be Exempt from U.S. Income Tax Under a Tax Treaty? - O&amp;G Tax and Accounting\" \/>\n<meta property=\"og:description\" content=\"The court case Georges Simenon, Petitioner, v. Commissioner of Internal Revenue (44 T.C. 820, 1965) is a seminal U.S. tax case that touches on the important question: Does maintaining an office in a home in the U.S. qualify as having a &#8216;permanent establishment&#8216;? This article delves into the details of the case, the tax treaty &hellip; Continue reading &quot;Can U.S. Source Royalties be Exempt from U.S. Income Tax Under a Tax Treaty?&quot;\" \/>\n<meta property=\"og:url\" content=\"https:\/\/oandgaccounting.com\/es\/resources\/can-u-s-source-royalties-be-exempt-from-u-s-income-tax-under-a-tax-treaty\/\" \/>\n<meta property=\"og:site_name\" content=\"O&amp;G Tax and Accounting\" \/>\n<meta property=\"og:image\" content=\"https:\/\/oandgaccounting.com\/wp-content\/uploads\/2024\/06\/does.jpg\" \/>\n\t<meta property=\"og:image:width\" content=\"923\" \/>\n\t<meta property=\"og:image:height\" content=\"923\" \/>\n\t<meta property=\"og:image:type\" content=\"image\/jpeg\" \/>\n<meta name=\"twitter:card\" content=\"summary_large_image\" \/>\n<meta name=\"twitter:label1\" content=\"Tiempo de lectura\" \/>\n\t<meta name=\"twitter:data1\" content=\"4 minutos\" \/>\n<script type=\"application\/ld+json\" class=\"yoast-schema-graph\">{\"@context\":\"https:\\\/\\\/schema.org\",\"@graph\":[{\"@type\":\"WebPage\",\"@id\":\"https:\\\/\\\/oandgaccounting.com\\\/resources\\\/can-u-s-source-royalties-be-exempt-from-u-s-income-tax-under-a-tax-treaty\\\/\",\"url\":\"https:\\\/\\\/oandgaccounting.com\\\/resources\\\/can-u-s-source-royalties-be-exempt-from-u-s-income-tax-under-a-tax-treaty\\\/\",\"name\":\"Can U.S. Source Royalties be Exempt from U.S. Income Tax Under a Tax Treaty? - O&amp;G Tax and Accounting\",\"isPartOf\":{\"@id\":\"https:\\\/\\\/oandgaccounting.com\\\/#website\"},\"datePublished\":\"2024-06-18T16:48:35+00:00\",\"breadcrumb\":{\"@id\":\"https:\\\/\\\/oandgaccounting.com\\\/resources\\\/can-u-s-source-royalties-be-exempt-from-u-s-income-tax-under-a-tax-treaty\\\/#breadcrumb\"},\"inLanguage\":\"es\",\"potentialAction\":[{\"@type\":\"ReadAction\",\"target\":[\"https:\\\/\\\/oandgaccounting.com\\\/resources\\\/can-u-s-source-royalties-be-exempt-from-u-s-income-tax-under-a-tax-treaty\\\/\"]}]},{\"@type\":\"BreadcrumbList\",\"@id\":\"https:\\\/\\\/oandgaccounting.com\\\/resources\\\/can-u-s-source-royalties-be-exempt-from-u-s-income-tax-under-a-tax-treaty\\\/#breadcrumb\",\"itemListElement\":[{\"@type\":\"ListItem\",\"position\":1,\"name\":\"Resources\",\"item\":\"https:\\\/\\\/oandgaccounting.com\\\/resources\\\/\"},{\"@type\":\"ListItem\",\"position\":2,\"name\":\"Can U.S. Source Royalties be Exempt from U.S. Income Tax Under a Tax Treaty?\"}]},{\"@type\":\"WebSite\",\"@id\":\"https:\\\/\\\/oandgaccounting.com\\\/#website\",\"url\":\"https:\\\/\\\/oandgaccounting.com\\\/\",\"name\":\"O&amp;G Tax and Accounting\",\"description\":\"\",\"publisher\":{\"@id\":\"https:\\\/\\\/oandgaccounting.com\\\/#organization\"},\"potentialAction\":[{\"@type\":\"SearchAction\",\"target\":{\"@type\":\"EntryPoint\",\"urlTemplate\":\"https:\\\/\\\/oandgaccounting.com\\\/?s={search_term_string}\"},\"query-input\":{\"@type\":\"PropertyValueSpecification\",\"valueRequired\":true,\"valueName\":\"search_term_string\"}}],\"inLanguage\":\"es\"},{\"@type\":\"Organization\",\"@id\":\"https:\\\/\\\/oandgaccounting.com\\\/#organization\",\"name\":\"O&amp;G Tax and Accounting\",\"url\":\"https:\\\/\\\/oandgaccounting.com\\\/\",\"logo\":{\"@type\":\"ImageObject\",\"inLanguage\":\"es\",\"@id\":\"https:\\\/\\\/oandgaccounting.com\\\/#\\\/schema\\\/logo\\\/image\\\/\",\"url\":\"https:\\\/\\\/oandgaccounting.com\\\/wp-content\\\/uploads\\\/2019\\\/07\\\/logo.png\",\"contentUrl\":\"https:\\\/\\\/oandgaccounting.com\\\/wp-content\\\/uploads\\\/2019\\\/07\\\/logo.png\",\"width\":123,\"height\":74,\"caption\":\"O&amp;G Tax and Accounting\"},\"image\":{\"@id\":\"https:\\\/\\\/oandgaccounting.com\\\/#\\\/schema\\\/logo\\\/image\\\/\"}}]}<\/script>\n<!-- \/ Yoast SEO plugin. -->","yoast_head_json":{"title":"Can U.S. Source Royalties be Exempt from U.S. Income Tax Under a Tax Treaty? - O&amp;G Tax and Accounting","robots":{"index":"index","follow":"follow","max-snippet":"max-snippet:-1","max-image-preview":"max-image-preview:large","max-video-preview":"max-video-preview:-1"},"canonical":"https:\/\/oandgaccounting.com\/es\/resources\/can-u-s-source-royalties-be-exempt-from-u-s-income-tax-under-a-tax-treaty\/","og_locale":"es_ES","og_type":"article","og_title":"Can U.S. Source Royalties be Exempt from U.S. Income Tax Under a Tax Treaty? - O&amp;G Tax and Accounting","og_description":"The court case Georges Simenon, Petitioner, v. Commissioner of Internal Revenue (44 T.C. 820, 1965) is a seminal U.S. tax case that touches on the important question: Does maintaining an office in a home in the U.S. qualify as having a &#8216;permanent establishment&#8216;? This article delves into the details of the case, the tax treaty &hellip; Continue reading \"Can U.S. Source Royalties be Exempt from U.S. Income Tax Under a Tax Treaty?\"","og_url":"https:\/\/oandgaccounting.com\/es\/resources\/can-u-s-source-royalties-be-exempt-from-u-s-income-tax-under-a-tax-treaty\/","og_site_name":"O&amp;G Tax and Accounting","og_image":[{"width":923,"height":923,"url":"https:\/\/oandgaccounting.com\/wp-content\/uploads\/2024\/06\/does.jpg","type":"image\/jpeg"}],"twitter_card":"summary_large_image","twitter_misc":{"Tiempo de lectura":"4 minutos"},"schema":{"@context":"https:\/\/schema.org","@graph":[{"@type":"WebPage","@id":"https:\/\/oandgaccounting.com\/resources\/can-u-s-source-royalties-be-exempt-from-u-s-income-tax-under-a-tax-treaty\/","url":"https:\/\/oandgaccounting.com\/resources\/can-u-s-source-royalties-be-exempt-from-u-s-income-tax-under-a-tax-treaty\/","name":"Can U.S. Source Royalties be Exempt from U.S. Income Tax Under a Tax Treaty? - O&amp;G Tax and Accounting","isPartOf":{"@id":"https:\/\/oandgaccounting.com\/#website"},"datePublished":"2024-06-18T16:48:35+00:00","breadcrumb":{"@id":"https:\/\/oandgaccounting.com\/resources\/can-u-s-source-royalties-be-exempt-from-u-s-income-tax-under-a-tax-treaty\/#breadcrumb"},"inLanguage":"es","potentialAction":[{"@type":"ReadAction","target":["https:\/\/oandgaccounting.com\/resources\/can-u-s-source-royalties-be-exempt-from-u-s-income-tax-under-a-tax-treaty\/"]}]},{"@type":"BreadcrumbList","@id":"https:\/\/oandgaccounting.com\/resources\/can-u-s-source-royalties-be-exempt-from-u-s-income-tax-under-a-tax-treaty\/#breadcrumb","itemListElement":[{"@type":"ListItem","position":1,"name":"Resources","item":"https:\/\/oandgaccounting.com\/resources\/"},{"@type":"ListItem","position":2,"name":"Can U.S. Source Royalties be Exempt from U.S. Income Tax Under a Tax Treaty?"}]},{"@type":"WebSite","@id":"https:\/\/oandgaccounting.com\/#website","url":"https:\/\/oandgaccounting.com\/","name":"Impuestos y contabilidad de petr\u00f3leo y gas","description":"","publisher":{"@id":"https:\/\/oandgaccounting.com\/#organization"},"potentialAction":[{"@type":"SearchAction","target":{"@type":"EntryPoint","urlTemplate":"https:\/\/oandgaccounting.com\/?s={search_term_string}"},"query-input":{"@type":"PropertyValueSpecification","valueRequired":true,"valueName":"search_term_string"}}],"inLanguage":"es"},{"@type":"Organization","@id":"https:\/\/oandgaccounting.com\/#organization","name":"Impuestos y contabilidad de petr\u00f3leo y gas","url":"https:\/\/oandgaccounting.com\/","logo":{"@type":"ImageObject","inLanguage":"es","@id":"https:\/\/oandgaccounting.com\/#\/schema\/logo\/image\/","url":"https:\/\/oandgaccounting.com\/wp-content\/uploads\/2019\/07\/logo.png","contentUrl":"https:\/\/oandgaccounting.com\/wp-content\/uploads\/2019\/07\/logo.png","width":123,"height":74,"caption":"O&amp;G Tax and Accounting"},"image":{"@id":"https:\/\/oandgaccounting.com\/#\/schema\/logo\/image\/"}}]}},"_links":{"self":[{"href":"https:\/\/oandgaccounting.com\/es\/wp-json\/wp\/v2\/pages\/5829","targetHints":{"allow":["GET"]}}],"collection":[{"href":"https:\/\/oandgaccounting.com\/es\/wp-json\/wp\/v2\/pages"}],"about":[{"href":"https:\/\/oandgaccounting.com\/es\/wp-json\/wp\/v2\/types\/page"}],"author":[{"embeddable":true,"href":"https:\/\/oandgaccounting.com\/es\/wp-json\/wp\/v2\/users\/1"}],"replies":[{"embeddable":true,"href":"https:\/\/oandgaccounting.com\/es\/wp-json\/wp\/v2\/comments?post=5829"}],"version-history":[{"count":0,"href":"https:\/\/oandgaccounting.com\/es\/wp-json\/wp\/v2\/pages\/5829\/revisions"}],"up":[{"embeddable":true,"href":"https:\/\/oandgaccounting.com\/es\/wp-json\/wp\/v2\/pages\/24"}],"wp:attachment":[{"href":"https:\/\/oandgaccounting.com\/es\/wp-json\/wp\/v2\/media?parent=5829"}],"curies":[{"name":"wp","href":"https:\/\/api.w.org\/{rel}","templated":true}]}}