{"id":6097,"date":"2024-10-14T06:19:25","date_gmt":"2024-10-14T06:19:25","guid":{"rendered":"https:\/\/oandgaccounting.com\/?page_id=6097"},"modified":"2025-03-07T12:14:44","modified_gmt":"2025-03-07T12:14:44","slug":"u-s-federal-tax-obligations-for-foreign-owned-llcs-a-guide-for-international-entrepreneurs","status":"publish","type":"page","link":"https:\/\/oandgaccounting.com\/es\/resources\/u-s-federal-tax-obligations-for-foreign-owned-llcs-a-guide-for-international-entrepreneurs\/","title":{"rendered":"Obligaciones fiscales federales de EE. UU. para sociedades de responsabilidad limitada (LLC) de propiedad extranjera: una gu\u00eda para emprendedores internacionales"},"content":{"rendered":"<div class=\"onefivequestion\">\n<div class=\"container py-4 text-left\">\n<p>Estableciendo una <a href=\"https:\/\/www.irs.gov\/businesses\/small-businesses-self-employed\/limited-liability-company-llc\" rel=\"noopener\" target=\"_blank\">LLC con sede en EE. UU. <\/a>Ser propietario extranjero puede conllevar regulaciones fiscales complejas, especialmente al operar a nivel internacional. Este art\u00edculo ofrece una gu\u00eda paso a paso para comprender las obligaciones fiscales en EE. UU. <a href=\"https:\/\/oandgaccounting.com\/foreign-owned-us-llc\/what-forms-do-foreign-owned-single-member-llcs-have-to-file\/\" rel=\"noopener\" target=\"_blank\">Sociedades de responsabilidad limitada (LLC) unipersonales de propiedad extranjera<\/a>, incluyendo el pago a contratistas con sede en EE. UU., la comprensi\u00f3n de los riesgos comerciales o empresariales en EE. UU. y el cumplimiento de los requisitos de declaraci\u00f3n ante el IRS. Esta gu\u00eda, basada en un escenario real an\u00f3nimo, est\u00e1 dise\u00f1ada para ayudar a los empresarios extranjeros a gestionar eficazmente su cumplimiento tributario.<\/p>\n<p><strong>Introducci\u00f3n: Gesti\u00f3n de una LLC estadounidense de propiedad extranjera<\/strong><\/p>\n<p>Imagine a un empresario del Reino Unido, residente en M\u00e9xico, que forma una LLC unipersonal con sede en EE. UU. para ofrecer servicios de software offshore a clientes estadounidenses. El propietario trabaja con un contratista con sede en EE. UU. y transfiere fondos de la LLC a M\u00e9xico para n\u00f3mina y ganancias. Sus principales preocupaciones incluyen comprender las obligaciones fiscales en EE. UU. y evitar responsabilidades fiscales imprevistas.<\/p>\n<p>Las preguntas clave en este escenario incluyen:<\/p>\n<ul>\n<li style=\"padding-bottom: 10px\">\u00bfCu\u00e1les son las implicaciones fiscales en Estados Unidos para las LLC de propiedad extranjera?<\/li>\n<li style=\"padding-bottom: 10px\">\u00bfC\u00f3mo pueden los propietarios extranjeros pagar a contratistas radicados en Estados Unidos sin generar obligaciones fiscales en ese pa\u00eds?<\/li>\n<li style=\"padding-bottom: 10px\">\u00bfCu\u00e1les son los riesgos asociados con viajar a los EE. UU. para realizar actividades comerciales y c\u00f3mo afecta esto a las obligaciones tributarias de los EE. UU.?<\/li>\n<\/ul>\n<p>Este art\u00edculo proporciona respuestas a estas preguntas y ofrece orientaci\u00f3n para que los propietarios de LLC extranjeras puedan abordar sus responsabilidades fiscales en los EE. UU.<\/p>\n<h3>Conceptos y cuestiones clave<\/h3>\n<p><strong>1. Ingresos efectivamente conectados (ECI) y comercio o negocios en EE. UU.<\/strong><\/p>\n<p>Los propietarios de empresas extranjeras deben determinar si sus ingresos califican como <a href=\"https:\/\/www.irs.gov\/individuals\/international-taxpayers\/effectively-connected-income-eci#:~:text=Generally%2C%20when%20a%20foreign%20person,Effectively%20Connected%20Income%20(ECI).\" rel=\"noopener\" target=\"_blank\">Ingresos efectivamente conectados (ECI)<\/a>. El ECI est\u00e1 sujeto a impuestos en los EE. UU. (a menos que un tratado lo anule) y generalmente est\u00e1 relacionado con actividades comerciales o comerciales en los EE. UU.<\/p>\n<p>En el escenario descrito, la LLC de propiedad extranjera proporciona servicios offshore desde M\u00e9xico, y todo el trabajo se realiza fuera de los EE. UU. Si la actividad comercial permanece fuera de los EE. UU. y no est\u00e1 vinculada a una <a href=\"https:\/\/www.irs.gov\/publications\/p901\" rel=\"noopener\" target=\"_blank\">Base fija en EE. UU. (como oficinas, almacenes, empleados con base en EE. UU. o agentes dependientes)<\/a>, o no implica realizar trabajo f\u00edsicamente en los EE. UU., el ingreso probablemente no se clasificar\u00eda como ECI, lo que significa que EE. UU. no lo gravar\u00eda.<\/p>\n<p>Sin embargo, si se realizan actividades comerciales en los EE. UU. (por ejemplo, contratar empleados radicados en los EE. UU. o viajar a los EE. UU. para realizar trabajos), los ingresos podr\u00edan clasificarse como ECI, lo que los hace sujetos a impuestos en los EE. UU.<\/p>\n<p><strong>2. Contratista independiente vs. Contratista independiente exclusivo<\/strong><\/p>\n<p>En este ejemplo, el propietario de la LLC trabaja con un contratista independiente con sede en EE. UU. Una pregunta clave es si este acuerdo genera una actividad comercial o empresarial en EE. UU. para la LLC, especialmente si la funci\u00f3n del contratista se asemeja a la de un contratista independiente exclusivo.<\/p>\n<ul>\n<li style=\"padding-bottom: 10px\">Contratistas independientes: Cuando el contratista opera de forma independiente, con m\u00faltiples clientes y sin v\u00ednculos exclusivos con la LLC, es probable que la relaci\u00f3n no genere exposici\u00f3n fiscal en EE. UU. Sin embargo, si el contratista act\u00faa como...<a href=\"http:\/\/chrome-extension:\/\/efaidnbmnnnibpcajpcglclefindmkaj\/https:\/\/www.irs.gov\/pub\/default_path_no_value\/tre_t_016_07_02.pdf\" rel=\"noopener\" target=\"_blank\"> agente dependiente<\/a> o opera exclusivamente para la LLC, esto podr\u00eda crear una presencia en EE. UU. y generar obligaciones fiscales en EE. UU.<\/li>\n<\/ul>\n<p>Es fundamental definir claramente la independencia del contratista en los acuerdos formales y en la sustancia real y evitar cualquier control o exclusividad que pueda implicar una relaci\u00f3n empleador-empleado.<\/p>\n<h3>An\u00e1lisis paso a paso: Cumplimiento tributario en EE. UU. para sociedades de responsabilidad limitada (LLC) de propiedad extranjera<\/h3>\n<p><strong>1. Pago a contratistas estadounidenses<\/strong><\/p>\n<p>Una preocupaci\u00f3n com\u00fan para los propietarios de LLC extranjeros es si pagar a contratistas con sede en EE. UU. podr\u00eda generar obligaciones fiscales en ese pa\u00eds. En este caso, la LLC de propiedad extranjera puede pagar legalmente a un contratista con sede en EE. UU. por sus servicios, siempre que la relaci\u00f3n est\u00e9 claramente estructurada.<\/p>\n<ul>\n<li style=\"padding-bottom: 10px\">Documentar las relaciones con los contratistas: El contratista debe ser reconocido como un <a href=\"https:\/\/www.irs.gov\/businesses\/small-businesses-self-employed\/independent-contractor-defined\" rel=\"noopener\" target=\"_blank\">contratista independiente<\/a> con la libertad de trabajar para otros clientes, y la LLC debe evitar controlar c\u00f3mo, cu\u00e1ndo o d\u00f3nde el contratista realiza su trabajo.<\/li>\n<\/ul>\n<p><strong>2. Viajar a los EE. UU. por negocios<\/strong><\/p>\n<p>Los propietarios de LLC extranjeros pueden viajar a EE. UU. para reuniones, exposiciones o desarrollo empresarial. Sin embargo, viajar a EE. UU. con fines comerciales puede exponer al propietario de la LLC a obligaciones fiscales estadounidenses si las actividades contribuyen significativamente a los ingresos de la empresa.<\/p>\n<ul>\n<li style=\"padding-bottom: 10px\">Riesgos comerciales o empresariales en EE. UU.: Participar en actividades comerciales importantes en EE. UU. (como negociar, firmar o concluir contratos, realizar trabajos o administrar una oficina con sede en EE. UU.) puede generar ingresos efectivamente conectados (ECI), que est\u00e1n sujetos a impuestos en EE. UU. Por lo tanto, los propietarios extranjeros deben ser cautelosos sobre el alcance de sus actividades comerciales en EE. UU. y considerar c\u00f3mo estas actividades podr\u00edan desencadenar la exposici\u00f3n fiscal en EE. UU.<\/li>\n<li style=\"padding-bottom: 10px\">Declaraciones de protecci\u00f3n: si existe alguna incertidumbre sobre si las actividades de la empresa en los EE. UU. cumplen con el umbral para el comercio o negocio en los EE. UU., el propietario puede presentar una declaraci\u00f3n de protecci\u00f3n. <a href=\"https:\/\/www.irs.gov\/forms-pubs\/about-form-1040-nr\" rel=\"noopener\" target=\"_blank\">declaraci\u00f3n protectora (formulario 1040-NR)<\/a>. Esto proporciona transparencia al IRS y protege al propietario de la LLC de sanciones si el IRS determina posteriormente que los ingresos del negocio son ECI.<\/li>\n<\/ul>\n<p><strong>3. Uso de una oficina virtual y un agente registrado<\/strong><\/p>\n<p>Los propietarios de empresas extranjeras pueden considerar usar una direcci\u00f3n de oficina virtual como su direcci\u00f3n comercial en EE. UU. Sin embargo, las LLC deben cumplir con <a href=\"https:\/\/www.wolterskluwer.com\/en\/expert-insights\/what-is-required-to-become-a-registered-agent\" rel=\"noopener\" target=\"_blank\">requisitos del agente registrado<\/a>.<\/p>\n<ul>\n<li style=\"padding-bottom: 10px\">Requisitos del Agente Registrado: La mayor\u00eda de los estados de EE. UU. exigen que las LLC designen un agente registrado, quien debe ser residente de EE. UU. o una corporaci\u00f3n con sede en EE. UU. autorizada para operar en el estado. El propietario extranjero de una empresa no puede actuar como su propio agente registrado a menos que resida en EE. UU. Muchas empresas utilizan los servicios de un agente registrado para cumplir con este requisito legal.<\/li>\n<\/ul>\n<p><strong>4. Requisitos de presentaci\u00f3n para sociedades de responsabilidad limitada (LLC) de propiedad extranjera<\/strong><\/p>\n<p>Incluso si los ingresos de la LLC no est\u00e1n sujetos a impuestos en los EE. UU., las LLC de un solo miembro de propiedad extranjera a\u00fan deben cumplir con requisitos de presentaci\u00f3n espec\u00edficos ante el IRS.<\/p>\n<ul>\n<li style=\"padding-bottom: 10px\">Formulario 5472: Las LLC de propiedad extranjera deben presentar este formulario para informar <a href=\"https:\/\/oandgaccounting.com\/resources\/u-s-tax-compliance-for-foreign-owned-single-member-llcs-essential-filing-requirements-and-key-insights\/\" rel=\"noopener\" target=\"_blank\">transacciones entre partes relacionadas<\/a> con propietarios extranjeros, incluyendo aportaciones de capital, pr\u00e9stamos y distribuciones.<\/li>\n<li style=\"padding-bottom: 10px\">Formulario pro forma 1120: Mientras que el Formulario 5472 informa las transacciones financieras, <a href=\"https:\/\/oandgaccounting.com\/foreign-owned-us-llc\/how-to-file-forms-5472-and-1120-for-a-foreign-owned-single-member-llc\/\" rel=\"noopener\" target=\"_blank\">Formulario proforma 1120 <\/a>Act\u00faa como formulario de cobertura. Este formulario provisional debe acompa\u00f1ar al Formulario 5472 para cumplir con las regulaciones del IRS, aunque la LLC no declare ingresos ni pague impuestos en EE. UU.<\/li>\n<li style=\"padding-bottom: 10px\">1040-NR (Declaraci\u00f3n de Impuestos sobre la Renta de Extranjeros No Residentes): El titular de una LLC podr\u00eda tener que presentar este formulario si sus actividades generan Ingresos Efectivamente Conectados (ECI). Se recomienda presentar una declaraci\u00f3n preventiva si el titular no est\u00e1 seguro de la situaci\u00f3n fiscal de sus actividades en EE. UU.<\/li>\n<\/ul>\n<h3>Soluciones y recomendaciones<\/h3>\n<p>1. Definir claramente los contratos de contratista independiente: Describir claramente la relaci\u00f3n con el contratista independiente tanto en los contratos formales como en el fondo, garantizando que el contratista tenga libertad para trabajar para otros clientes y no sea controlado como un empleado. Esto ayuda a minimizar el riesgo de exposici\u00f3n fiscal en EE. UU.<\/p>\n<p>2. Evite actividades que generen ingresos extracontractuales (ECI): Para minimizar las obligaciones tributarias en EE. UU., limite las actividades comerciales que se realizan dentro del pa\u00eds, como la negociaci\u00f3n y firma de contratos, el trabajo presencial o los viajes de negocios extensos. Si estas actividades son necesarias, considere presentar una declaraci\u00f3n preventiva para proteger su derecho a deducir ingresos en caso de que el IRS determine que los ingresos son gravables.<\/p>\n<p>3. Presente declaraciones protectoras en caso de duda: si no est\u00e1 seguro de si sus actividades comerciales en EE. UU. crean una actividad comercial o negocio en EE. UU., presente una declaraci\u00f3n protectora (formulario 1040-NR) para proteger a la LLC de sanciones y asegurarse de poder reclamar deducciones si el IRS determina posteriormente que los ingresos est\u00e1n sujetos a impuestos.<\/p>\n<p>4. Cumplir con las obligaciones de presentaci\u00f3n ante el IRS: Aseg\u00farese de que la LLC presente <a href=\"https:\/\/oandgaccounting.com\/foreign-owned-us-llc\/how-to-file-forms-5472-and-1120-for-a-foreign-owned-single-member-llc\/\" rel=\"noopener\" target=\"_blank\">Formulario 5472 y formulario proforma 1120 <\/a>Para reportar transacciones con partes vinculadas. La presentaci\u00f3n oportuna es esencial para evitar sanciones, que pueden alcanzar entre 1TP y 25.000 T por incumplimiento.<\/p>\n<h3>Consideraciones adicionales<\/h3>\n<ul>\n<li style=\"padding-bottom: 10px\">Cumplimiento de n\u00f3minas extranjeras: si la actividad o los ingresos generados por la LLC estadounidense de propiedad extranjera no son ECI, Estados Unidos generalmente no se preocupa por las deducciones de la LLC para la n\u00f3mina relacionada con los empleados ubicados fuera de Estados Unidos. Sin embargo, la LLC debe cumplir con las regulaciones impositivas y de n\u00f3mina del pa\u00eds donde se encuentran los empleados.<\/li>\n<li style=\"padding-bottom: 10px\">Riesgo de auditor\u00eda: Transferir fondos a cuentas extranjeras no aumenta autom\u00e1ticamente el riesgo de una auditor\u00eda, pero mantener una documentaci\u00f3n clara de todas las transacciones es esencial para demostrar el cumplimiento de las leyes fiscales de EE. UU. en caso de auditor\u00eda.<\/li>\n<\/ul>\n<p><strong>Conclusi\u00f3n: Gesti\u00f3n del cumplimiento tributario en EE. UU. para sociedades de responsabilidad limitada (LLC) de propiedad extranjera<\/strong><\/p>\n<p>Los propietarios de empresas extranjeras con LLC con sede en EE. UU. deben gestionar cuidadosamente sus obligaciones tributarias en ese pa\u00eds, especialmente al colaborar con contratistas estadounidenses o al viajar por motivos de negocios. Al comprender las normas que rigen los Ingresos Efectivamente Conectados (ECI), mantener relaciones con contratistas independientes y cumplir con los requisitos de presentaci\u00f3n ante el IRS, los propietarios de LLC extranjeras pueden minimizar sus obligaciones tributarias y evitar sanciones.<\/p>\n<p>Si est\u00e1 listo para presentar sus impuestos o necesita ayuda para gestionar las complejidades de la legislaci\u00f3n fiscal de EE. UU., programe una <a href=\"https:\/\/oandgaccounting.com\/appointment-booking-form\/\" rel=\"noopener\" target=\"_blank\">Consulta con O &amp; G Tax and Accounting Services hoy<\/a>.<\/p>\n<p>Adem\u00e1s, los propietarios de LLC extranjeros deben ser conscientes de sus obligaciones bajo la <a href=\"https:\/\/oandgaccounting.com\/corporate-transparency-act-cta-filing-service\/\" rel=\"noopener\" target=\"_blank\">Ley de Transparencia Corporativa (CTA)<\/a>, que requiere que ciertas entidades estadounidenses informen <a href=\"https:\/\/fincen.gov\/boi\" rel=\"noopener\" target=\"_blank\">informaci\u00f3n sobre la titularidad real<\/a>. Para obtener m\u00e1s detalles o asistencia con la presentaci\u00f3n del CTA, cont\u00e1ctenos para garantizar el cumplimiento de esta importante regulaci\u00f3n.<\/p>\n<\/p><\/div>\n<\/div>","protected":false},"excerpt":{"rendered":"<p>Establishing a U.S.-based LLC as a foreign owner can lead to complex tax regulations, particularly when operating internationally. This article provides a step-by-step guide to understanding U.S. tax obligations for foreign-owned single-member LLCs, including paying U.S.-based contractors, understanding U.S. trade or business risks, and meeting IRS filing requirements. Using an anonymized real-world scenario, this guide &hellip; <a href=\"https:\/\/oandgaccounting.com\/es\/resources\/u-s-federal-tax-obligations-for-foreign-owned-llcs-a-guide-for-international-entrepreneurs\/\" class=\"more-link\">Seguir leyendo<span class=\"screen-reader-text\"> &#8220;U.S. Federal Tax Obligations for Foreign-Owned LLCs: A Guide for International Entrepreneurs&#8221;<\/span><\/a><\/p>","protected":false},"author":1,"featured_media":0,"parent":24,"menu_order":0,"comment_status":"closed","ping_status":"closed","template":"default_withchat.php","meta":{"_acf_changed":false,"om_disable_all_campaigns":false,"_monsterinsights_skip_tracking":false,"_monsterinsights_sitenote_active":false,"_monsterinsights_sitenote_note":"","_monsterinsights_sitenote_category":0,"_uf_show_specific_survey":0,"_uf_disable_surveys":false,"footnotes":""},"class_list":["post-6097","page","type-page","status-publish","hentry"],"acf":[],"yoast_head":"<!-- This site is optimized with the Yoast SEO plugin v27.3 - https:\/\/yoast.com\/product\/yoast-seo-wordpress\/ -->\n<title>U.S. Federal Tax Obligations for Foreign-Owned LLCs: A Guide for International Entrepreneurs - O&amp;G Tax and Accounting<\/title>\n<meta name=\"robots\" content=\"index, follow, max-snippet:-1, max-image-preview:large, max-video-preview:-1\" \/>\n<link rel=\"canonical\" href=\"https:\/\/oandgaccounting.com\/es\/resources\/u-s-federal-tax-obligations-for-foreign-owned-llcs-a-guide-for-international-entrepreneurs\/\" \/>\n<meta property=\"og:locale\" content=\"es_ES\" \/>\n<meta property=\"og:type\" content=\"article\" \/>\n<meta property=\"og:title\" content=\"U.S. Federal Tax Obligations for Foreign-Owned LLCs: A Guide for International Entrepreneurs - O&amp;G Tax and Accounting\" \/>\n<meta property=\"og:description\" content=\"Establishing a U.S.-based LLC as a foreign owner can lead to complex tax regulations, particularly when operating internationally. This article provides a step-by-step guide to understanding U.S. tax obligations for foreign-owned single-member LLCs, including paying U.S.-based contractors, understanding U.S. trade or business risks, and meeting IRS filing requirements. Using an anonymized real-world scenario, this guide &hellip; Continue reading &quot;U.S. Federal Tax Obligations for Foreign-Owned LLCs: A Guide for International Entrepreneurs&quot;\" \/>\n<meta property=\"og:url\" content=\"https:\/\/oandgaccounting.com\/es\/resources\/u-s-federal-tax-obligations-for-foreign-owned-llcs-a-guide-for-international-entrepreneurs\/\" \/>\n<meta property=\"og:site_name\" content=\"O&amp;G Tax and Accounting\" \/>\n<meta property=\"article:modified_time\" content=\"2025-03-07T12:14:44+00:00\" \/>\n<meta property=\"og:image\" content=\"https:\/\/oandgaccounting.com\/wp-content\/uploads\/2024\/10\/usfederal.jpg\" \/>\n\t<meta property=\"og:image:width\" content=\"1256\" \/>\n\t<meta property=\"og:image:height\" content=\"1256\" \/>\n\t<meta property=\"og:image:type\" content=\"image\/jpeg\" \/>\n<meta name=\"twitter:card\" content=\"summary_large_image\" \/>\n<meta name=\"twitter:label1\" content=\"Tiempo de lectura\" \/>\n\t<meta name=\"twitter:data1\" content=\"7 minutos\" \/>\n<script type=\"application\/ld+json\" class=\"yoast-schema-graph\">{\"@context\":\"https:\\\/\\\/schema.org\",\"@graph\":[{\"@type\":\"WebPage\",\"@id\":\"https:\\\/\\\/oandgaccounting.com\\\/resources\\\/u-s-federal-tax-obligations-for-foreign-owned-llcs-a-guide-for-international-entrepreneurs\\\/\",\"url\":\"https:\\\/\\\/oandgaccounting.com\\\/resources\\\/u-s-federal-tax-obligations-for-foreign-owned-llcs-a-guide-for-international-entrepreneurs\\\/\",\"name\":\"U.S. Federal Tax Obligations for Foreign-Owned LLCs: A Guide for International Entrepreneurs - O&amp;G Tax and Accounting\",\"isPartOf\":{\"@id\":\"https:\\\/\\\/oandgaccounting.com\\\/#website\"},\"datePublished\":\"2024-10-14T06:19:25+00:00\",\"dateModified\":\"2025-03-07T12:14:44+00:00\",\"breadcrumb\":{\"@id\":\"https:\\\/\\\/oandgaccounting.com\\\/resources\\\/u-s-federal-tax-obligations-for-foreign-owned-llcs-a-guide-for-international-entrepreneurs\\\/#breadcrumb\"},\"inLanguage\":\"es\",\"potentialAction\":[{\"@type\":\"ReadAction\",\"target\":[\"https:\\\/\\\/oandgaccounting.com\\\/resources\\\/u-s-federal-tax-obligations-for-foreign-owned-llcs-a-guide-for-international-entrepreneurs\\\/\"]}]},{\"@type\":\"BreadcrumbList\",\"@id\":\"https:\\\/\\\/oandgaccounting.com\\\/resources\\\/u-s-federal-tax-obligations-for-foreign-owned-llcs-a-guide-for-international-entrepreneurs\\\/#breadcrumb\",\"itemListElement\":[{\"@type\":\"ListItem\",\"position\":1,\"name\":\"Resources\",\"item\":\"https:\\\/\\\/oandgaccounting.com\\\/resources\\\/\"},{\"@type\":\"ListItem\",\"position\":2,\"name\":\"U.S. Federal Tax Obligations for Foreign-Owned LLCs: A Guide for International Entrepreneurs\"}]},{\"@type\":\"WebSite\",\"@id\":\"https:\\\/\\\/oandgaccounting.com\\\/#website\",\"url\":\"https:\\\/\\\/oandgaccounting.com\\\/\",\"name\":\"O&amp;G Tax and Accounting\",\"description\":\"\",\"publisher\":{\"@id\":\"https:\\\/\\\/oandgaccounting.com\\\/#organization\"},\"potentialAction\":[{\"@type\":\"SearchAction\",\"target\":{\"@type\":\"EntryPoint\",\"urlTemplate\":\"https:\\\/\\\/oandgaccounting.com\\\/?s={search_term_string}\"},\"query-input\":{\"@type\":\"PropertyValueSpecification\",\"valueRequired\":true,\"valueName\":\"search_term_string\"}}],\"inLanguage\":\"es\"},{\"@type\":\"Organization\",\"@id\":\"https:\\\/\\\/oandgaccounting.com\\\/#organization\",\"name\":\"O&amp;G Tax and Accounting\",\"url\":\"https:\\\/\\\/oandgaccounting.com\\\/\",\"logo\":{\"@type\":\"ImageObject\",\"inLanguage\":\"es\",\"@id\":\"https:\\\/\\\/oandgaccounting.com\\\/#\\\/schema\\\/logo\\\/image\\\/\",\"url\":\"https:\\\/\\\/oandgaccounting.com\\\/wp-content\\\/uploads\\\/2019\\\/07\\\/logo.png\",\"contentUrl\":\"https:\\\/\\\/oandgaccounting.com\\\/wp-content\\\/uploads\\\/2019\\\/07\\\/logo.png\",\"width\":123,\"height\":74,\"caption\":\"O&amp;G Tax and Accounting\"},\"image\":{\"@id\":\"https:\\\/\\\/oandgaccounting.com\\\/#\\\/schema\\\/logo\\\/image\\\/\"}}]}<\/script>\n<!-- \/ Yoast SEO plugin. -->","yoast_head_json":{"title":"U.S. Federal Tax Obligations for Foreign-Owned LLCs: A Guide for International Entrepreneurs - O&amp;G Tax and Accounting","robots":{"index":"index","follow":"follow","max-snippet":"max-snippet:-1","max-image-preview":"max-image-preview:large","max-video-preview":"max-video-preview:-1"},"canonical":"https:\/\/oandgaccounting.com\/es\/resources\/u-s-federal-tax-obligations-for-foreign-owned-llcs-a-guide-for-international-entrepreneurs\/","og_locale":"es_ES","og_type":"article","og_title":"U.S. Federal Tax Obligations for Foreign-Owned LLCs: A Guide for International Entrepreneurs - O&amp;G Tax and Accounting","og_description":"Establishing a U.S.-based LLC as a foreign owner can lead to complex tax regulations, particularly when operating internationally. This article provides a step-by-step guide to understanding U.S. tax obligations for foreign-owned single-member LLCs, including paying U.S.-based contractors, understanding U.S. trade or business risks, and meeting IRS filing requirements. Using an anonymized real-world scenario, this guide &hellip; Continue reading \"U.S. Federal Tax Obligations for Foreign-Owned LLCs: A Guide for International Entrepreneurs\"","og_url":"https:\/\/oandgaccounting.com\/es\/resources\/u-s-federal-tax-obligations-for-foreign-owned-llcs-a-guide-for-international-entrepreneurs\/","og_site_name":"O&amp;G Tax and Accounting","article_modified_time":"2025-03-07T12:14:44+00:00","og_image":[{"width":1256,"height":1256,"url":"https:\/\/oandgaccounting.com\/wp-content\/uploads\/2024\/10\/usfederal.jpg","type":"image\/jpeg"}],"twitter_card":"summary_large_image","twitter_misc":{"Tiempo de lectura":"7 minutos"},"schema":{"@context":"https:\/\/schema.org","@graph":[{"@type":"WebPage","@id":"https:\/\/oandgaccounting.com\/resources\/u-s-federal-tax-obligations-for-foreign-owned-llcs-a-guide-for-international-entrepreneurs\/","url":"https:\/\/oandgaccounting.com\/resources\/u-s-federal-tax-obligations-for-foreign-owned-llcs-a-guide-for-international-entrepreneurs\/","name":"U.S. Federal Tax Obligations for Foreign-Owned LLCs: A Guide for International Entrepreneurs - O&amp;G Tax and Accounting","isPartOf":{"@id":"https:\/\/oandgaccounting.com\/#website"},"datePublished":"2024-10-14T06:19:25+00:00","dateModified":"2025-03-07T12:14:44+00:00","breadcrumb":{"@id":"https:\/\/oandgaccounting.com\/resources\/u-s-federal-tax-obligations-for-foreign-owned-llcs-a-guide-for-international-entrepreneurs\/#breadcrumb"},"inLanguage":"es","potentialAction":[{"@type":"ReadAction","target":["https:\/\/oandgaccounting.com\/resources\/u-s-federal-tax-obligations-for-foreign-owned-llcs-a-guide-for-international-entrepreneurs\/"]}]},{"@type":"BreadcrumbList","@id":"https:\/\/oandgaccounting.com\/resources\/u-s-federal-tax-obligations-for-foreign-owned-llcs-a-guide-for-international-entrepreneurs\/#breadcrumb","itemListElement":[{"@type":"ListItem","position":1,"name":"Resources","item":"https:\/\/oandgaccounting.com\/resources\/"},{"@type":"ListItem","position":2,"name":"U.S. Federal Tax Obligations for Foreign-Owned LLCs: A Guide for International Entrepreneurs"}]},{"@type":"WebSite","@id":"https:\/\/oandgaccounting.com\/#website","url":"https:\/\/oandgaccounting.com\/","name":"Impuestos y contabilidad de petr\u00f3leo y gas","description":"","publisher":{"@id":"https:\/\/oandgaccounting.com\/#organization"},"potentialAction":[{"@type":"SearchAction","target":{"@type":"EntryPoint","urlTemplate":"https:\/\/oandgaccounting.com\/?s={search_term_string}"},"query-input":{"@type":"PropertyValueSpecification","valueRequired":true,"valueName":"search_term_string"}}],"inLanguage":"es"},{"@type":"Organization","@id":"https:\/\/oandgaccounting.com\/#organization","name":"Impuestos y contabilidad de petr\u00f3leo y gas","url":"https:\/\/oandgaccounting.com\/","logo":{"@type":"ImageObject","inLanguage":"es","@id":"https:\/\/oandgaccounting.com\/#\/schema\/logo\/image\/","url":"https:\/\/oandgaccounting.com\/wp-content\/uploads\/2019\/07\/logo.png","contentUrl":"https:\/\/oandgaccounting.com\/wp-content\/uploads\/2019\/07\/logo.png","width":123,"height":74,"caption":"O&amp;G Tax and Accounting"},"image":{"@id":"https:\/\/oandgaccounting.com\/#\/schema\/logo\/image\/"}}]}},"_links":{"self":[{"href":"https:\/\/oandgaccounting.com\/es\/wp-json\/wp\/v2\/pages\/6097","targetHints":{"allow":["GET"]}}],"collection":[{"href":"https:\/\/oandgaccounting.com\/es\/wp-json\/wp\/v2\/pages"}],"about":[{"href":"https:\/\/oandgaccounting.com\/es\/wp-json\/wp\/v2\/types\/page"}],"author":[{"embeddable":true,"href":"https:\/\/oandgaccounting.com\/es\/wp-json\/wp\/v2\/users\/1"}],"replies":[{"embeddable":true,"href":"https:\/\/oandgaccounting.com\/es\/wp-json\/wp\/v2\/comments?post=6097"}],"version-history":[{"count":0,"href":"https:\/\/oandgaccounting.com\/es\/wp-json\/wp\/v2\/pages\/6097\/revisions"}],"up":[{"embeddable":true,"href":"https:\/\/oandgaccounting.com\/es\/wp-json\/wp\/v2\/pages\/24"}],"wp:attachment":[{"href":"https:\/\/oandgaccounting.com\/es\/wp-json\/wp\/v2\/media?parent=6097"}],"curies":[{"name":"wp","href":"https:\/\/api.w.org\/{rel}","templated":true}]}}