{"id":6571,"date":"2025-12-30T06:30:17","date_gmt":"2025-12-30T06:30:17","guid":{"rendered":"https:\/\/oandgaccounting.com\/?page_id=6571"},"modified":"2025-12-30T06:30:17","modified_gmt":"2025-12-30T06:30:17","slug":"foreign-owned-wyoming-llc-with-u-s-rental-property-and-a-global-online-business-a-plain-english-tax-structuring-faq","status":"publish","type":"page","link":"https:\/\/oandgaccounting.com\/es\/resources\/foreign-owned-wyoming-llc-with-u-s-rental-property-and-a-global-online-business-a-plain-english-tax-structuring-faq\/","title":{"rendered":"Sociedad de responsabilidad limitada (LLC) de propiedad extranjera en Wyoming con propiedad de alquiler en EE. UU. (y un negocio global en l\u00ednea): Preguntas frecuentes sobre impuestos y estructuraci\u00f3n en un lenguaje sencillo"},"content":{"rendered":"<div class=\"onefivequestion\">\n<div class=\"container py-4 text-left\">\n<p><i>Contenido \u00fanicamente educativo; no se ofrece asesoramiento legal ni fiscal para sus datos espec\u00edficos. Los resultados transfronterizos dependen de detalles como el lugar donde se prestan los servicios, la ubicaci\u00f3n de los servidores\/equipos, la forma en que se firman los contratos, si tiene agentes\/empleados estadounidenses y c\u00f3mo grava su pa\u00eds de origen a las entidades extranjeras y los ingresos de origen extranjero.<\/i><\/p>\n<p>\u00bfA qui\u00e9n van dirigidas estas preguntas frecuentes?<\/p>\n<ul>\n<li>Este documento est\u00e1 dirigido a propietarios no estadounidenses (personas f\u00edsicas o empresas extranjeras) que:<\/li>\n<li>ser propietario de una LLC de un solo miembro en Wyoming (o cualquier LLC de un solo miembro en EE. UU.),<\/li>\n<li>administrar un negocio global en l\u00ednea (alojamiento, SaaS, consultor\u00eda, comercio electr\u00f3nico, etc.) y\/o<\/li>\n<li>La LLC posee bienes ra\u00edces en EE. UU. (como un alquiler en Pensilvania),<\/li>\n<li>y est\u00e1 tratando de entender si debe seguir siendo una entidad ignorada o elegir pagar impuestos como una corporaci\u00f3n, y qu\u00e9 significa eso para la exposici\u00f3n al impuesto a la renta de EE. UU. + al impuesto al patrimonio de EE. UU.<\/li>\n<\/ul>\n<p>Idea clave para entender primero<\/p>\n<ul>\n<li>La \u201cclasificaci\u00f3n fiscal\u201d de una LLC estadounidense es independiente de su \u201cexistencia legal\u201d.\u201d<\/li>\n<li>Su LLC existe legalmente seg\u00fan la ley estatal (Wyoming, Delaware, etc.).<\/li>\n<li>Para el impuesto federal, el IRS lo clasifica (por defecto o por elecci\u00f3n) como:<\/li>\n<li>Entidad ignorada (propietario \u00fanico), o<\/li>\n<li>Sociedad (2+ propietarios), o<\/li>\n<li>Corporaci\u00f3n (si es elegida o si una corporaci\u00f3n la posee de determinadas maneras).<\/li>\n<\/ul>\n<p>Preguntas frecuentes<\/p>\n<ul>\n<li>1) Si no soy residente de EE. UU., \u00bfdebo pagar impuestos en EE. UU. si mi LLC posee una propiedad en alquiler en EE. UU.?<\/li>\n<li>Muy a menudo, s\u00ed. El sector inmobiliario estadounidense es uno de los puntos de contacto m\u00e1s claros en Estados Unidos. Si obtiene ingresos por alquiler de una propiedad estadounidense, normalmente se requiere la declaraci\u00f3n de impuestos en Estados Unidos (y generalmente se requiere la declaraci\u00f3n estatal en el estado donde se encuentra la propiedad).<\/li>\n<\/ul>\n<ul>\n<li>2) Mi LLC de Wyoming es unipersonal y de propiedad extranjera. \u00bfSigue siendo una &quot;entidad ignorada&quot; a pesar de poseer bienes inmuebles en EE. UU.?<\/li>\n<li>S\u00ed, por defecto. Ser propietario de bienes ra\u00edces en EE. UU. no modifica autom\u00e1ticamente la clasificaci\u00f3n federal predeterminada de la LLC.<\/li>\n<\/ul>\n<p>3) Si mi LLC es ignorada, \u00bfqu\u00e9 declaraciones de EE. UU. podr\u00eda necesitar presentar?<\/p>\n<ul>\n<li>A) Declaraciones de impuestos sobre la renta relacionadas con la propiedad en alquiler<\/li>\n<li>Muchos propietarios individuales no estadounidenses presentan el Formulario 1040-NR y el Anexo E para informar la actividad de alquiler en EE. UU. (a menudo junto con una declaraci\u00f3n de no residente del estado donde se encuentra la propiedad).<\/li>\n<\/ul>\n<ul>\n<li>4) \u00bfNecesito un ITIN?<\/li>\n<li>Si debe presentar una declaraci\u00f3n de impuestos individual en los EE. UU. (como el Formulario 1040-NR) y no tiene un N\u00famero de Seguro Social, generalmente necesitar\u00e1 un ITIN.<\/li>\n<\/ul>\n<p>5) \u00bfDeber\u00eda \u201csolucionar\u201d el problema de la entidad ignorada agregando a un amigo ciudadano estadounidense como socio?<\/p>\n<ul>\n<li>Generalmente no es la primera opci\u00f3n. A\u00f1adir un segundo socio suele convertir la LLC en una sociedad colectiva a efectos fiscales, lo que suele aumentar considerablemente la complejidad.<\/li>\n<\/ul>\n<ul>\n<li>6) \u00bfQu\u00e9 significa \u201celegir pagar impuestos como corporaci\u00f3n\u201d?<\/li>\n<li>Significa que mantiene la LLC como una LLC legalmente, pero presenta una elecci\u00f3n de impuesto federal (com\u00fanmente el Formulario 8832) para que para el impuesto federal la LLC sea tratada como una corporaci\u00f3n en el futuro.<\/li>\n<\/ul>\n<p>7) \u00bfCu\u00e1l es el mayor problema al elegir un tratamiento corporativo?<\/p>\n<ul>\n<li>Una corporaci\u00f3n estadounidense generalmente paga impuestos como contribuyente estadounidense sobre su ingreso mundial.<\/li>\n<\/ul>\n<ul>\n<li>8) \u00bfLa elecci\u00f3n de un impuesto corporativo elimina las preocupaciones por la \u201cdoble imposici\u00f3n\u201d?<\/li>\n<li>Puede reducir o aumentar su costo fiscal general dependiendo de c\u00f3mo retire el dinero.<\/li>\n<\/ul>\n<p>9) Si s\u00f3lo me importa evitar que mi pa\u00eds de origen grave mis ingresos personalmente, \u00bfla elecci\u00f3n corporativa es autom\u00e1ticamente la respuesta?<\/p>\n<ul>\n<li>No autom\u00e1ticamente. Los pa\u00edses de origen var\u00edan enormemente en el trato que dan a las corporaciones extranjeras que controlan.<\/li>\n<\/ul>\n<ul>\n<li>10) \u00bfQu\u00e9 suceder\u00e1 con la exposici\u00f3n al impuesto al patrimonio en EE. UU. si muero siendo propietario de una propiedad en alquiler en EE. UU.?<\/li>\n<li>Este es un problema importante para muchos propietarios no estadounidenses. El requisito de presentaci\u00f3n puede ser bajo para los no ciudadanos no residentes.<\/li>\n<\/ul>\n<p>11) \u00bfSon \u00fatiles los tratados sobre impuestos al patrimonio?<\/p>\n<ul>\n<li>A veces, pero s\u00f3lo para ciertos pa\u00edses y s\u00f3lo bajo t\u00e9rminos espec\u00edficos del tratado.<\/li>\n<\/ul>\n<ul>\n<li>12) \u00bfPuedo evitar el impuesto al patrimonio en Estados Unidos simplemente escribiendo un testamento que le otorga la propiedad\/LLC a otra persona?<\/li>\n<li>Un testamento ayuda a decidir qui\u00e9n recibir\u00e1 los activos, pero generalmente no elimina por s\u00ed solo la exposici\u00f3n al impuesto al patrimonio.<\/li>\n<\/ul>\n<p>13) \u00bfCu\u00e1les son los enfoques de planificaci\u00f3n patrimonial m\u00e1s comunes que los extranjeros consideran (a un alto nivel)?<\/p>\n<ul>\n<li>Estas estrategias var\u00edan ampliamente y cada una de ellas puede generar nuevas consecuencias en t\u00e9rminos de impuestos a la renta y de cumplimiento.<\/li>\n<\/ul>\n<ul>\n<li>14) Si gestiono un negocio de alojamiento global a trav\u00e9s de una LLC de Wyoming, \u00bfeso significa autom\u00e1ticamente que estoy involucrado en un negocio o comercio en EE. UU.?<\/li>\n<li>No autom\u00e1ticamente. Para las empresas en l\u00ednea, el resultado fiscal en EE. UU. suele depender de factores como el lugar donde se prestan los servicios.<\/li>\n<\/ul>\n<p>Si desea un an\u00e1lisis claro y por escrito de los hechos y circunstancias (exposici\u00f3n a USTB\/ECI para el negocio en l\u00ednea, la mejor clasificaci\u00f3n de entidad para sus objetivos, estructuraci\u00f3n de alquileres y descripci\u00f3n general del riesgo patrimonial), reserve una consulta paga aqu\u00ed: https:\/\/oandgaccounting.com\/appointment-booking-form\/<\/p>\n<p><img loading=\"lazy\" decoding=\"async\" src=\"https:\/\/oandgaccounting.com\/wp-content\/uploads\/2025\/12\/newog2.jpg\" alt=\"\" width=\"975\" height=\"650\" class=\"aligncenter size-full wp-image-6572\" srcset=\"https:\/\/oandgaccounting.com\/wp-content\/uploads\/2025\/12\/newog2.jpg 975w, https:\/\/oandgaccounting.com\/wp-content\/uploads\/2025\/12\/newog2-300x200.jpg 300w, https:\/\/oandgaccounting.com\/wp-content\/uploads\/2025\/12\/newog2-768x512.jpg 768w\" sizes=\"auto, (max-width: 709px) 85vw, (max-width: 909px) 67vw, (max-width: 1362px) 62vw, 840px\" \/><\/p><\/div>\n<\/div>","protected":false},"excerpt":{"rendered":"<p>Educational content only \u2014 not legal or tax advice for your specific facts. Cross-border outcomes depend on details like where services are performed, where servers\/equipment sit, how contracts are signed, whether you have U.S. agents\/employees, and how your home country taxes foreign entities and foreign-source income. Who this FAQ is for This is written for &hellip; <a href=\"https:\/\/oandgaccounting.com\/es\/resources\/foreign-owned-wyoming-llc-with-u-s-rental-property-and-a-global-online-business-a-plain-english-tax-structuring-faq\/\" class=\"more-link\">Seguir leyendo<span class=\"screen-reader-text\"> &#8220;Foreign-Owned Wyoming LLC With U.S. Rental Property (and a Global Online Business): A Plain-English Tax &#038; Structuring FAQ&#8221;<\/span><\/a><\/p>","protected":false},"author":1,"featured_media":0,"parent":24,"menu_order":0,"comment_status":"closed","ping_status":"closed","template":"default_withchat.php","meta":{"_acf_changed":false,"om_disable_all_campaigns":false,"_monsterinsights_skip_tracking":false,"_monsterinsights_sitenote_active":false,"_monsterinsights_sitenote_note":"","_monsterinsights_sitenote_category":0,"_uf_show_specific_survey":0,"_uf_disable_surveys":false,"footnotes":""},"class_list":["post-6571","page","type-page","status-publish","hentry"],"acf":[],"yoast_head":"<!-- This site is optimized with the Yoast SEO plugin v27.3 - https:\/\/yoast.com\/product\/yoast-seo-wordpress\/ -->\n<title>Foreign-Owned Wyoming LLC With U.S. Rental Property (and a Global Online Business): A Plain-English Tax &amp; Structuring FAQ - O&amp;G Tax and Accounting<\/title>\n<meta name=\"robots\" content=\"index, follow, max-snippet:-1, max-image-preview:large, max-video-preview:-1\" \/>\n<link rel=\"canonical\" href=\"https:\/\/oandgaccounting.com\/es\/resources\/foreign-owned-wyoming-llc-with-u-s-rental-property-and-a-global-online-business-a-plain-english-tax-structuring-faq\/\" \/>\n<meta property=\"og:locale\" content=\"es_ES\" \/>\n<meta property=\"og:type\" content=\"article\" \/>\n<meta property=\"og:title\" content=\"Foreign-Owned Wyoming LLC With U.S. Rental Property (and a Global Online Business): A Plain-English Tax &amp; Structuring FAQ - O&amp;G Tax and Accounting\" \/>\n<meta property=\"og:description\" content=\"Educational content only \u2014 not legal or tax advice for your specific facts. Cross-border outcomes depend on details like where services are performed, where servers\/equipment sit, how contracts are signed, whether you have U.S. agents\/employees, and how your home country taxes foreign entities and foreign-source income. Who this FAQ is for This is written for &hellip; Continue reading &quot;Foreign-Owned Wyoming LLC With U.S. Rental Property (and a Global Online Business): A Plain-English Tax &#038; Structuring FAQ&quot;\" \/>\n<meta property=\"og:url\" content=\"https:\/\/oandgaccounting.com\/es\/resources\/foreign-owned-wyoming-llc-with-u-s-rental-property-and-a-global-online-business-a-plain-english-tax-structuring-faq\/\" \/>\n<meta property=\"og:site_name\" content=\"O&amp;G Tax and Accounting\" \/>\n<meta property=\"og:image\" content=\"https:\/\/oandgaccounting.com\/wp-content\/uploads\/2025\/10\/llc2.jpg\" \/>\n\t<meta property=\"og:image:width\" content=\"624\" \/>\n\t<meta property=\"og:image:height\" content=\"624\" \/>\n\t<meta property=\"og:image:type\" content=\"image\/jpeg\" \/>\n<meta name=\"twitter:card\" content=\"summary_large_image\" \/>\n<meta name=\"twitter:label1\" content=\"Tiempo de lectura\" \/>\n\t<meta name=\"twitter:data1\" content=\"5 minutos\" \/>\n<script type=\"application\/ld+json\" class=\"yoast-schema-graph\">{\"@context\":\"https:\\\/\\\/schema.org\",\"@graph\":[{\"@type\":\"WebPage\",\"@id\":\"https:\\\/\\\/oandgaccounting.com\\\/resources\\\/foreign-owned-wyoming-llc-with-u-s-rental-property-and-a-global-online-business-a-plain-english-tax-structuring-faq\\\/\",\"url\":\"https:\\\/\\\/oandgaccounting.com\\\/resources\\\/foreign-owned-wyoming-llc-with-u-s-rental-property-and-a-global-online-business-a-plain-english-tax-structuring-faq\\\/\",\"name\":\"Foreign-Owned Wyoming LLC With U.S. Rental Property (and a Global Online Business): A Plain-English Tax & Structuring FAQ - O&amp;G Tax and Accounting\",\"isPartOf\":{\"@id\":\"https:\\\/\\\/oandgaccounting.com\\\/#website\"},\"primaryImageOfPage\":{\"@id\":\"https:\\\/\\\/oandgaccounting.com\\\/resources\\\/foreign-owned-wyoming-llc-with-u-s-rental-property-and-a-global-online-business-a-plain-english-tax-structuring-faq\\\/#primaryimage\"},\"image\":{\"@id\":\"https:\\\/\\\/oandgaccounting.com\\\/resources\\\/foreign-owned-wyoming-llc-with-u-s-rental-property-and-a-global-online-business-a-plain-english-tax-structuring-faq\\\/#primaryimage\"},\"thumbnailUrl\":\"https:\\\/\\\/oandgaccounting.com\\\/wp-content\\\/uploads\\\/2025\\\/12\\\/newog2.jpg\",\"datePublished\":\"2025-12-30T06:30:17+00:00\",\"breadcrumb\":{\"@id\":\"https:\\\/\\\/oandgaccounting.com\\\/resources\\\/foreign-owned-wyoming-llc-with-u-s-rental-property-and-a-global-online-business-a-plain-english-tax-structuring-faq\\\/#breadcrumb\"},\"inLanguage\":\"es\",\"potentialAction\":[{\"@type\":\"ReadAction\",\"target\":[\"https:\\\/\\\/oandgaccounting.com\\\/resources\\\/foreign-owned-wyoming-llc-with-u-s-rental-property-and-a-global-online-business-a-plain-english-tax-structuring-faq\\\/\"]}]},{\"@type\":\"ImageObject\",\"inLanguage\":\"es\",\"@id\":\"https:\\\/\\\/oandgaccounting.com\\\/resources\\\/foreign-owned-wyoming-llc-with-u-s-rental-property-and-a-global-online-business-a-plain-english-tax-structuring-faq\\\/#primaryimage\",\"url\":\"https:\\\/\\\/oandgaccounting.com\\\/wp-content\\\/uploads\\\/2025\\\/12\\\/newog2.jpg\",\"contentUrl\":\"https:\\\/\\\/oandgaccounting.com\\\/wp-content\\\/uploads\\\/2025\\\/12\\\/newog2.jpg\"},{\"@type\":\"BreadcrumbList\",\"@id\":\"https:\\\/\\\/oandgaccounting.com\\\/resources\\\/foreign-owned-wyoming-llc-with-u-s-rental-property-and-a-global-online-business-a-plain-english-tax-structuring-faq\\\/#breadcrumb\",\"itemListElement\":[{\"@type\":\"ListItem\",\"position\":1,\"name\":\"Resources\",\"item\":\"https:\\\/\\\/oandgaccounting.com\\\/resources\\\/\"},{\"@type\":\"ListItem\",\"position\":2,\"name\":\"Foreign-Owned Wyoming LLC With U.S. Rental Property (and a Global Online Business): A Plain-English Tax &#038; Structuring FAQ\"}]},{\"@type\":\"WebSite\",\"@id\":\"https:\\\/\\\/oandgaccounting.com\\\/#website\",\"url\":\"https:\\\/\\\/oandgaccounting.com\\\/\",\"name\":\"O&amp;G Tax and Accounting\",\"description\":\"\",\"publisher\":{\"@id\":\"https:\\\/\\\/oandgaccounting.com\\\/#organization\"},\"potentialAction\":[{\"@type\":\"SearchAction\",\"target\":{\"@type\":\"EntryPoint\",\"urlTemplate\":\"https:\\\/\\\/oandgaccounting.com\\\/?s={search_term_string}\"},\"query-input\":{\"@type\":\"PropertyValueSpecification\",\"valueRequired\":true,\"valueName\":\"search_term_string\"}}],\"inLanguage\":\"es\"},{\"@type\":\"Organization\",\"@id\":\"https:\\\/\\\/oandgaccounting.com\\\/#organization\",\"name\":\"O&amp;G Tax and Accounting\",\"url\":\"https:\\\/\\\/oandgaccounting.com\\\/\",\"logo\":{\"@type\":\"ImageObject\",\"inLanguage\":\"es\",\"@id\":\"https:\\\/\\\/oandgaccounting.com\\\/#\\\/schema\\\/logo\\\/image\\\/\",\"url\":\"https:\\\/\\\/oandgaccounting.com\\\/wp-content\\\/uploads\\\/2019\\\/07\\\/logo.png\",\"contentUrl\":\"https:\\\/\\\/oandgaccounting.com\\\/wp-content\\\/uploads\\\/2019\\\/07\\\/logo.png\",\"width\":123,\"height\":74,\"caption\":\"O&amp;G Tax and Accounting\"},\"image\":{\"@id\":\"https:\\\/\\\/oandgaccounting.com\\\/#\\\/schema\\\/logo\\\/image\\\/\"}}]}<\/script>\n<!-- \/ Yoast SEO plugin. -->","yoast_head_json":{"title":"Foreign-Owned Wyoming LLC With U.S. Rental Property (and a Global Online Business): A Plain-English Tax & Structuring FAQ - O&amp;G Tax and Accounting","robots":{"index":"index","follow":"follow","max-snippet":"max-snippet:-1","max-image-preview":"max-image-preview:large","max-video-preview":"max-video-preview:-1"},"canonical":"https:\/\/oandgaccounting.com\/es\/resources\/foreign-owned-wyoming-llc-with-u-s-rental-property-and-a-global-online-business-a-plain-english-tax-structuring-faq\/","og_locale":"es_ES","og_type":"article","og_title":"Foreign-Owned Wyoming LLC With U.S. Rental Property (and a Global Online Business): A Plain-English Tax & Structuring FAQ - O&amp;G Tax and Accounting","og_description":"Educational content only \u2014 not legal or tax advice for your specific facts. Cross-border outcomes depend on details like where services are performed, where servers\/equipment sit, how contracts are signed, whether you have U.S. agents\/employees, and how your home country taxes foreign entities and foreign-source income. Who this FAQ is for This is written for &hellip; Continue reading \"Foreign-Owned Wyoming LLC With U.S. Rental Property (and a Global Online Business): A Plain-English Tax &#038; Structuring FAQ\"","og_url":"https:\/\/oandgaccounting.com\/es\/resources\/foreign-owned-wyoming-llc-with-u-s-rental-property-and-a-global-online-business-a-plain-english-tax-structuring-faq\/","og_site_name":"O&amp;G Tax and Accounting","og_image":[{"width":624,"height":624,"url":"https:\/\/oandgaccounting.com\/wp-content\/uploads\/2025\/10\/llc2.jpg","type":"image\/jpeg"}],"twitter_card":"summary_large_image","twitter_misc":{"Tiempo de lectura":"5 minutos"},"schema":{"@context":"https:\/\/schema.org","@graph":[{"@type":"WebPage","@id":"https:\/\/oandgaccounting.com\/resources\/foreign-owned-wyoming-llc-with-u-s-rental-property-and-a-global-online-business-a-plain-english-tax-structuring-faq\/","url":"https:\/\/oandgaccounting.com\/resources\/foreign-owned-wyoming-llc-with-u-s-rental-property-and-a-global-online-business-a-plain-english-tax-structuring-faq\/","name":"Foreign-Owned Wyoming LLC With U.S. Rental Property (and a Global Online Business): A Plain-English Tax & Structuring FAQ - O&amp;G Tax and Accounting","isPartOf":{"@id":"https:\/\/oandgaccounting.com\/#website"},"primaryImageOfPage":{"@id":"https:\/\/oandgaccounting.com\/resources\/foreign-owned-wyoming-llc-with-u-s-rental-property-and-a-global-online-business-a-plain-english-tax-structuring-faq\/#primaryimage"},"image":{"@id":"https:\/\/oandgaccounting.com\/resources\/foreign-owned-wyoming-llc-with-u-s-rental-property-and-a-global-online-business-a-plain-english-tax-structuring-faq\/#primaryimage"},"thumbnailUrl":"https:\/\/oandgaccounting.com\/wp-content\/uploads\/2025\/12\/newog2.jpg","datePublished":"2025-12-30T06:30:17+00:00","breadcrumb":{"@id":"https:\/\/oandgaccounting.com\/resources\/foreign-owned-wyoming-llc-with-u-s-rental-property-and-a-global-online-business-a-plain-english-tax-structuring-faq\/#breadcrumb"},"inLanguage":"es","potentialAction":[{"@type":"ReadAction","target":["https:\/\/oandgaccounting.com\/resources\/foreign-owned-wyoming-llc-with-u-s-rental-property-and-a-global-online-business-a-plain-english-tax-structuring-faq\/"]}]},{"@type":"ImageObject","inLanguage":"es","@id":"https:\/\/oandgaccounting.com\/resources\/foreign-owned-wyoming-llc-with-u-s-rental-property-and-a-global-online-business-a-plain-english-tax-structuring-faq\/#primaryimage","url":"https:\/\/oandgaccounting.com\/wp-content\/uploads\/2025\/12\/newog2.jpg","contentUrl":"https:\/\/oandgaccounting.com\/wp-content\/uploads\/2025\/12\/newog2.jpg"},{"@type":"BreadcrumbList","@id":"https:\/\/oandgaccounting.com\/resources\/foreign-owned-wyoming-llc-with-u-s-rental-property-and-a-global-online-business-a-plain-english-tax-structuring-faq\/#breadcrumb","itemListElement":[{"@type":"ListItem","position":1,"name":"Resources","item":"https:\/\/oandgaccounting.com\/resources\/"},{"@type":"ListItem","position":2,"name":"Foreign-Owned Wyoming LLC With U.S. Rental Property (and a Global Online Business): A Plain-English Tax &#038; Structuring FAQ"}]},{"@type":"WebSite","@id":"https:\/\/oandgaccounting.com\/#website","url":"https:\/\/oandgaccounting.com\/","name":"Impuestos y contabilidad de petr\u00f3leo y gas","description":"","publisher":{"@id":"https:\/\/oandgaccounting.com\/#organization"},"potentialAction":[{"@type":"SearchAction","target":{"@type":"EntryPoint","urlTemplate":"https:\/\/oandgaccounting.com\/?s={search_term_string}"},"query-input":{"@type":"PropertyValueSpecification","valueRequired":true,"valueName":"search_term_string"}}],"inLanguage":"es"},{"@type":"Organization","@id":"https:\/\/oandgaccounting.com\/#organization","name":"Impuestos y contabilidad de petr\u00f3leo y gas","url":"https:\/\/oandgaccounting.com\/","logo":{"@type":"ImageObject","inLanguage":"es","@id":"https:\/\/oandgaccounting.com\/#\/schema\/logo\/image\/","url":"https:\/\/oandgaccounting.com\/wp-content\/uploads\/2019\/07\/logo.png","contentUrl":"https:\/\/oandgaccounting.com\/wp-content\/uploads\/2019\/07\/logo.png","width":123,"height":74,"caption":"O&amp;G Tax and Accounting"},"image":{"@id":"https:\/\/oandgaccounting.com\/#\/schema\/logo\/image\/"}}]}},"_links":{"self":[{"href":"https:\/\/oandgaccounting.com\/es\/wp-json\/wp\/v2\/pages\/6571","targetHints":{"allow":["GET"]}}],"collection":[{"href":"https:\/\/oandgaccounting.com\/es\/wp-json\/wp\/v2\/pages"}],"about":[{"href":"https:\/\/oandgaccounting.com\/es\/wp-json\/wp\/v2\/types\/page"}],"author":[{"embeddable":true,"href":"https:\/\/oandgaccounting.com\/es\/wp-json\/wp\/v2\/users\/1"}],"replies":[{"embeddable":true,"href":"https:\/\/oandgaccounting.com\/es\/wp-json\/wp\/v2\/comments?post=6571"}],"version-history":[{"count":0,"href":"https:\/\/oandgaccounting.com\/es\/wp-json\/wp\/v2\/pages\/6571\/revisions"}],"up":[{"embeddable":true,"href":"https:\/\/oandgaccounting.com\/es\/wp-json\/wp\/v2\/pages\/24"}],"wp:attachment":[{"href":"https:\/\/oandgaccounting.com\/es\/wp-json\/wp\/v2\/media?parent=6571"}],"curies":[{"name":"wp","href":"https:\/\/api.w.org\/{rel}","templated":true}]}}