{"id":6592,"date":"2025-12-30T08:19:31","date_gmt":"2025-12-30T08:19:31","guid":{"rendered":"https:\/\/oandgaccounting.com\/?page_id=6592"},"modified":"2026-01-05T03:25:13","modified_gmt":"2026-01-05T03:25:13","slug":"foreign-owned-u-s-llc-selling-products-in-the-u-s","status":"publish","type":"page","link":"https:\/\/oandgaccounting.com\/es\/resources\/foreign-owned-u-s-llc-selling-products-in-the-u-s\/","title":{"rendered":"LLC estadounidense de propiedad extranjera que vende productos en EE. UU."},"content":{"rendered":"<div class=\"onefivequestion\">\n<div class=\"container py-4 text-left\">\n<p><strong>Preguntas frecuentes para fundadores no estadounidenses (comercio electr\u00f3nico, suscripciones, Stripe, fabricaci\u00f3n y log\u00edstica en EE. UU.)<\/strong><\/p>\n<p>Si tu <a href=\"https:\/\/oandgaccounting.com\/foreign-owned-us-llc\/7-common-questions-about-foreign-owned-u-s-llcs-answered-by-a-cpa\/\" rel=\"noopener\" target=\"_blank\">La LLC estadounidense es propiedad de una persona f\u00edsica o empresa extranjera<\/a> y vende productos a clientes estadounidenses (incluso a trav\u00e9s de un fabricante o socio log\u00edstico estadounidense), es posible que tenga obligaciones de presentaci\u00f3n en EE. UU. como <a href=\"https:\/\/oandgaccounting.com\/foreign-owned-us-llc\/how-to-file-forms-5472-and-1120-for-a-foreign-owned-single-member-llc\/\" rel=\"noopener\" target=\"_blank\">Formulario 5472 + Formulario proforma 1120<\/a>, Adem\u00e1s, se requiere el registro del impuesto sobre las ventas en varios estados. Estas preguntas frecuentes explican los requisitos, qu\u00e9 genera el impuesto sobre la renta en EE. UU. y c\u00f3mo configurar la contabilidad correctamente.<\/p>\n<hr>\n<p><strong>Definiciones r\u00e1pidas<\/strong><\/p>\n<p>LLC estadounidense de propiedad extranjera (un solo miembro): una LLC estadounidense con un propietario que es <a href=\"https:\/\/www.irs.gov\/individuals\/international-taxpayers\/nonresident-aliens\" rel=\"noopener\" target=\"_blank\">no es una persona estadounidense <\/a>(ya sea una persona f\u00edsica no estadounidense o una corporaci\u00f3n extranjera). Para el impuesto sobre la renta de EE. UU., un <a href=\"https:\/\/www.irs.gov\/businesses\/small-businesses-self-employed\/single-member-limited-liability-companies\" rel=\"noopener\" target=\"_blank\">La LLC de un solo miembro se ignora por defecto <\/a>(lo que significa que el IRS mira \u201ca trav\u00e9s\u201d de la LLC al propietario, a menos que se haga una elecci\u00f3n).<\/p>\n<ul>\n<li>Negocio de productos de comercio electr\u00f3nico\/suscripci\u00f3n: vende productos f\u00edsicos (como joyas), a menudo utilizando:<\/li>\n<li>Stripe (pagos),<\/li>\n<li>un fabricante por contrato (produce sus bienes), y\/o<\/li>\n<li>un centro 3PL\/cumplimiento (almacena\/env\u00eda a los clientes).<\/li>\n<\/ul>\n<hr>\n<p><strong>Preguntas frecuentes 1) Mi LLC estadounidense es 100%, propiedad de una empresa extranjera. \u00bfQu\u00e9 debo presentar anualmente?<\/strong><\/p>\n<p>En muchos casos comunes <a href=\"https:\/\/oandgaccounting.com\/foreign-owned-us-llc\/what-forms-do-foreign-owned-single-member-llcs-have-to-file\/\" rel=\"noopener\" target=\"_blank\">LLC de propiedad extranjera de un solo miembro<\/a> En las configuraciones, el elemento &quot;imprescindible&quot; m\u00e1s pasado por alto es:<\/p>\n<ul>\n<li><a href=\"https:\/\/oandgaccounting.com\/foreign-owned-us-llc\/how-to-file-forms-5472-and-1120-for-a-foreign-owned-single-member-llc\/\" rel=\"noopener\" target=\"_blank\">Formulario 5472 + un formulario proforma 1120 <\/a>(archivo de informaci\u00f3n)<\/li>\n<\/ul>\n<p>Si una persona extranjera es propietaria de una entidad estadounidense que se considera una \u201ccorporaci\u00f3n informante\u201d para los fines del Formulario 5472, el IRS generalmente espera <a href=\"https:\/\/www.irs.gov\/forms-pubs\/about-form-5472\" rel=\"noopener\" target=\"_blank\">Formulario 5472 <\/a>archivado con un <a href=\"https:\/\/oandgaccounting.com\/resources\/essential-information-reporting-for-new-foreign-owned-single-member-llcs-understanding-proforma-1120-and-form-5472-requirements\/\" rel=\"noopener\" target=\"_blank\">Formulario proforma 1120<\/a> cuando hay <a href=\"https:\/\/www.law.cornell.edu\/cfr\/text\/26\/1.6038A-2\" rel=\"noopener\" target=\"_blank\">transacciones reportables con el propietario extranjero<\/a> (m\u00e1s sobre esto a continuaci\u00f3n).<\/p>\n<hr>\n<p><strong>Por qu\u00e9 esto es importante<\/strong><\/p>\n<p>El Formulario 5472 no es un formulario de &quot;impuesto sobre la renta&quot;. Es una declaraci\u00f3n informativa destinada a revelar la actividad de partes relacionadas. El IRS puede imponer multas significativas por no presentarlo correctamente y a tiempo.<\/p>\n<hr>\n<p><strong>Preguntas frecuentes 2) \u00bfQu\u00e9 es una \u201ctransacci\u00f3n reportable\u201d para el Formulario 5472?<\/strong><\/p>\n<p>En el caso de las estructuras de propiedad extranjera, las transacciones declarables m\u00e1s comunes incluyen:<\/p>\n<ul>\n<li>Contribuciones de capital del propietario (dinero que el propietario extranjero inyecta en la LLC estadounidense)<\/li>\n<li>Retiros\/distribuciones del propietario (dinero que se mueve de la LLC al propietario extranjero)<\/li>\n<li>Cargos entre empresas (tarifas de gesti\u00f3n, tarifas de propiedad intelectual\/licencia, reembolsos, asignaciones de costos)<\/li>\n<li>Pr\u00e9stamos entre el propietario extranjero y la LLC estadounidense<\/li>\n<\/ul>\n<p>Incluso si sus ingresos son bajos, o incluso cero, estos movimientos de efectivo del propietario a la LLC a\u00fan pueden crear una obligaci\u00f3n de presentaci\u00f3n del Formulario 5472.<\/p>\n<hr>\n<p><strong>3) \u00bfCu\u00e1l es la penalidad si no presentamos el Formulario 5472?<\/strong><\/p>\n<p>La multa del IRS es elevada y puede agravarse:<\/p>\n<ul>\n<li>$25,000 por no presentar (o presentar una declaraci\u00f3n sustancialmente incompleta), y<\/li>\n<li>$25,000 adicionales por cada per\u00edodo de 30 d\u00edas que la falla contin\u00fae despu\u00e9s del aviso del IRS (hasta ciertos l\u00edmites\/condiciones).<\/li>\n<\/ul>\n<p>Esta es la raz\u00f3n por la que el cumplimiento de las LLC de propiedad extranjera suele ser \u201cuna pena alta y un drama bajo\u201d: la presentaci\u00f3n en s\u00ed puede ser simple, pero no realizarla puede ser costoso.<\/p>\n<hr>\n<p><strong>4) \u00bfDebemos pagar impuestos sobre la renta en Estados Unidos si vendemos productos a clientes estadounidenses?<\/strong><\/p>\n<p>Depende, aqu\u00ed es donde <a href=\"https:\/\/www.irs.gov\/individuals\/international-taxpayers\/effectively-connected-income-eci\" rel=\"noopener\" target=\"_blank\">An\u00e1lisis USTB\/ECI <\/a>asuntos.<\/p>\n<p>La regla honesta: El impuesto sobre la renta de EE. UU. no se determina \u00fanicamente por la ubicaci\u00f3n del cliente. Se analiza si el propietario extranjero (a trav\u00e9s de la LLC) realiza una actividad comercial o empresarial en EE. UU. (USTB) y si los ingresos est\u00e1n efectivamente vinculados (ECI).<\/p>\n<hr>\n<p><strong>Factores de riesgo pr\u00e1cticos que a menudo impulsan la exposici\u00f3n al impuesto sobre la renta de EE. UU.<\/strong><\/p>\n<ul>\n<li>Tiene empleados estadounidenses o un agente dependiente que pueda vincular el negocio<\/li>\n<li>La empresa tiene una oficina\/ubicaci\u00f3n en EE. UU. (aunque sea peque\u00f1a)<\/li>\n<li>Una entidad estadounidense realiza m\u00e1s que \u201cservicios rutinarios\u201d y opera de manera efectiva su negocio en EE. UU.<\/li>\n<\/ul>\n<p>Matiz importante: utilizar un verdadero fabricante por contrato\/proveedor de cumplimiento independiente puede reducir el riesgo, pero no elimina autom\u00e1ticamente la exposici\u00f3n al impuesto a las ganancias de EE. UU., especialmente cuando est\u00e1n involucrados el inventario, el env\u00edo y el control operativo en EE. UU.<\/p>\n<hr>\n<p><strong>5) Si no debemos impuestos sobre la renta en Estados Unidos, \u00bfa\u00fan necesitamos llevar contabilidad?<\/strong><\/p>\n<p>S\u00ed, una buena contabilidad no es opcional para las entidades estadounidenses de propiedad extranjera porque:<\/p>\n<ul>\n<li>Debe realizar un seguimiento de las contribuciones\/retiros del propietario (informe del Formulario 5472),<\/li>\n<li>Se necesitan libros limpios para respaldar cualquier posici\u00f3n que se adopte sobre el impuesto a la renta en Estados Unidos (o su no tributaci\u00f3n).,<\/li>\n<li>Es posible que necesite presentaciones estatales, declaraciones de impuestos sobre las ventas, informes de contratistas o n\u00f3minas m\u00e1s adelante.<\/li>\n<\/ul>\n<p>Para las empresas de productos, la contabilidad tambi\u00e9n debe separar claramente:<\/p>\n<ul>\n<li>Ingresos (ventas de Stripe, suscripciones, reembolsos\/devoluciones de cargos)<\/li>\n<li>COGS (facturas de fabricaci\u00f3n, costos de entrega, embalaje)<\/li>\n<li>Tarifas de cumplimiento (recolecci\u00f3n\/embalaje\/env\u00edo, almacenamiento, procesamiento de devoluciones)<\/li>\n<li>Tarifas de comerciante (tarifas de Stripe)<\/li>\n<li>Pagos por publicidad\/afiliados<\/li>\n<\/ul>\n<hr>\n<p><strong>6) Impuesto sobre las ventas: \u00bfnecesitamos registrarnos en todos los estados?<\/strong><\/p>\n<p>Potencialmente s\u00ed, con el tiempo.<\/p>\n<p>La mayor\u00eda de los estados aplican <a href=\"https:\/\/www.salestaxinstitute.com\/resources\/economic-nexus-state-guide\" rel=\"noopener\" target=\"_blank\">normas de nexo econ\u00f3mico (post-Wayfair)<\/a> y exigen que los vendedores de otros estados se registren una vez que superan un umbral, a menudo basado en ventas en d\u00f3lares y, a veces, en el n\u00famero de transacciones. Un umbral com\u00fan es de $100,000, pero los umbrales var\u00edan seg\u00fan el estado. <\/p>\n<hr>\n<p><strong>El flujo de trabajo del mundo real<\/strong><\/p>\n<ul>\n<li>Realice un seguimiento de las ventas por estado utilizando la direcci\u00f3n de env\u00edo.<\/li>\n<li>Cuando supere el umbral de un estado, reg\u00edstrese para obtener un permiso de impuesto sobre las ventas.<\/li>\n<li>Comenzar a recaudar y remitir el impuesto sobre las ventas sobre las ventas gravables de ese estado.<\/li>\n<li>Archivo en la frecuencia asignada (mensual\/trimestral\/anual).<\/li>\n<\/ul>\n<p><strong>\u00bfExiste un atajo entre varios estados?<\/strong><\/p>\n<p>Algunos estados participan en el <a href=\"https:\/\/www.salestaxinstitute.com\/sales_tax_faqs\/streamlined_sales_tax_project_sstp\" rel=\"noopener\" target=\"_blank\">Sistema simplificado de impuesto sobre las ventas<\/a>, lo que puede simplificar el registro y la administraci\u00f3n para los Estados miembros.<\/p>\n<p><strong>\u00bfDeber\u00edamos hacer esto manualmente?<\/strong><\/p>\n<p>Si vende en varios estados, las declaraciones manuales se vuelven propensas a errores r\u00e1pidamente. Muchos operadores de comercio electr\u00f3nico utilizan herramientas de automatizaci\u00f3n (o un especialista) para gestionar el c\u00e1lculo de tasas y la presentaci\u00f3n de declaraciones, ya que la omisi\u00f3n de la presentaci\u00f3n de declaraciones de impuestos sobre las ventas puede generar multas y notificaciones.<\/p>\n<hr>\n<p><strong>7) Si nuestra empresa matriz extranjera es propietaria de la LLC estadounidense, \u00bfpuede el equipo financiero de la empresa matriz acceder a los libros estadounidenses?<\/strong><\/p>\n<p>S\u00ed. La mayor\u00eda de las plataformas de contabilidad permiten m\u00faltiples usuarios con acceso basado en roles. Normalmente se otorga:<\/p>\n<ul>\n<li>Su contador estadounidense tiene acceso para conciliaci\u00f3n\/informes, y<\/li>\n<li>Su equipo de finanzas en el extranjero tiene acceso para informes, consolidaci\u00f3n y registro de auditor\u00eda.<\/li>\n<\/ul>\n<hr>\n<p><strong>Preguntas frecuentes 8) \u00bfDeber\u00edamos? <a href=\"https:\/\/www.irs.gov\/businesses\/small-businesses-self-employed\/llc-filing-as-a-corporation-or-partnership\" rel=\"noopener\" target=\"_blank\">Elegir que la LLC estadounidense sea gravada como una corporaci\u00f3n<\/a>?<\/strong><\/p>\n<p>Se trata de una cuesti\u00f3n de estrategia, a menudo motivada por consecuencias fiscales no estadounidenses, consideraciones de retenci\u00f3n y preferencias administrativas.<\/p>\n<hr>\n<p><strong>9) \u00bfQu\u00e9 debe hacer una empresa de productos de propiedad extranjera en los primeros 30 d\u00edas?<\/strong><\/p>\n<p>A continuaci\u00f3n se muestra una lista de verificaci\u00f3n de lanzamiento pr\u00e1ctica:<\/p>\n<p><strong>Cumplimiento + postura fiscal<\/strong><\/p>\n<ul>\n<li>Confirmar la cadena de propiedad y la clasificaci\u00f3n de la entidad<\/li>\n<li>Mapa de puntos de contacto en EE. UU. (ubicaci\u00f3n del inventario, cumplimiento, qui\u00e9n realiza env\u00edos, qui\u00e9n controla qu\u00e9)<\/li>\n<li>Decida si necesita un an\u00e1lisis USTB\/ECI ahora o despu\u00e9s de 60 a 90 d\u00edas de actividad<\/li>\n<\/ul>\n<p><strong>Libros<\/strong><\/p>\n<ul>\n<li>Implementar software de contabilidad + un plan de cuentas b\u00e1sico para ecommerce<\/li>\n<li>Conectar banco + Stripe + feeds de gastos<\/li>\n<li>Realice un seguimiento claro de las contribuciones\/distribuciones del propietario desde el primer d\u00eda (compatible con el Formulario 5472)<\/li>\n<\/ul>\n<p><strong>Impuesto sobre las ventas<\/strong><\/p>\n<ul>\n<li>Configurar informes de ventas estado por estado<\/li>\n<li>Identificar los estados objetivo donde se espera un nexo r\u00e1pido<\/li>\n<li>Elija un m\u00e9todo de automatizaci\u00f3n con anticipaci\u00f3n si est\u00e1 escalando r\u00e1pidamente<\/li>\n<\/ul>\n<hr>\n<p><strong>\u00bfQuieres que esto se configure correctamente (libros + archivos + un plan de cumplimiento claro)?<\/strong><\/p>\n<p>Una configuraci\u00f3n limpia ahora evita costosas reparaciones posteriores, especialmente con la exposici\u00f3n a multas del Formulario 5472 y el impuesto sobre las ventas multiestatal. Reserve una consulta paga aqu\u00ed: <\/p>\n<p><a href=\"https:\/\/oandgaccounting.com\/appointment-booking-form\/\">https:\/\/oandgaccounting.com\/appointment-booking-form\/<\/a><\/p>\n<p><img loading=\"lazy\" decoding=\"async\" src=\"https:\/\/oandgaccounting.com\/wp-content\/uploads\/2025\/12\/newog2.jpg\" alt=\"\" width=\"975\" height=\"650\" class=\"aligncenter size-full wp-image-6572\" srcset=\"https:\/\/oandgaccounting.com\/wp-content\/uploads\/2025\/12\/newog2.jpg 975w, https:\/\/oandgaccounting.com\/wp-content\/uploads\/2025\/12\/newog2-300x200.jpg 300w, https:\/\/oandgaccounting.com\/wp-content\/uploads\/2025\/12\/newog2-768x512.jpg 768w\" sizes=\"auto, (max-width: 709px) 85vw, (max-width: 909px) 67vw, (max-width: 1362px) 62vw, 840px\" \/><\/p><\/div>\n<\/div>","protected":false},"excerpt":{"rendered":"<p>FAQ for Non-U.S. Founders (Ecommerce, Subscriptions, Stripe, U.S. Manufacturing\/Fulfillment) If your U.S. LLC is owned by a foreign individual or foreign company and you sell products to U.S. customers (even via a U.S. manufacturer or fulfillment partner), you may have U.S. filing obligations like Form 5472 + pro-forma Form 1120, plus sales tax registration in &hellip; <a href=\"https:\/\/oandgaccounting.com\/es\/resources\/foreign-owned-u-s-llc-selling-products-in-the-u-s\/\" class=\"more-link\">Seguir leyendo<span class=\"screen-reader-text\"> &#8220;Foreign-Owned U.S. LLC Selling Products in the U.S.&#8221;<\/span><\/a><\/p>","protected":false},"author":1,"featured_media":0,"parent":24,"menu_order":0,"comment_status":"closed","ping_status":"closed","template":"default_withchat.php","meta":{"_acf_changed":false,"om_disable_all_campaigns":false,"_monsterinsights_skip_tracking":false,"_monsterinsights_sitenote_active":false,"_monsterinsights_sitenote_note":"","_monsterinsights_sitenote_category":0,"_uf_show_specific_survey":0,"_uf_disable_surveys":false,"footnotes":""},"class_list":["post-6592","page","type-page","status-publish","hentry"],"acf":[],"yoast_head":"<!-- This site is optimized with the Yoast SEO plugin v27.5 - https:\/\/yoast.com\/product\/yoast-seo-wordpress\/ -->\n<title>Foreign-Owned U.S. LLC Selling Products in the U.S. - O&amp;G Tax and Accounting<\/title>\n<meta name=\"robots\" content=\"index, follow, max-snippet:-1, max-image-preview:large, max-video-preview:-1\" \/>\n<link rel=\"canonical\" href=\"https:\/\/oandgaccounting.com\/es\/resources\/foreign-owned-u-s-llc-selling-products-in-the-u-s\/\" \/>\n<meta property=\"og:locale\" content=\"es_ES\" \/>\n<meta property=\"og:type\" content=\"article\" \/>\n<meta property=\"og:title\" content=\"Foreign-Owned U.S. LLC Selling Products in the U.S. - O&amp;G Tax and Accounting\" \/>\n<meta property=\"og:description\" content=\"FAQ for Non-U.S. Founders (Ecommerce, Subscriptions, Stripe, U.S. Manufacturing\/Fulfillment) If your U.S. LLC is owned by a foreign individual or foreign company and you sell products to U.S. customers (even via a U.S. manufacturer or fulfillment partner), you may have U.S. filing obligations like Form 5472 + pro-forma Form 1120, plus sales tax registration in &hellip; Continue reading &quot;Foreign-Owned U.S. LLC Selling Products in the U.S.&quot;\" \/>\n<meta property=\"og:url\" content=\"https:\/\/oandgaccounting.com\/es\/resources\/foreign-owned-u-s-llc-selling-products-in-the-u-s\/\" \/>\n<meta property=\"og:site_name\" content=\"O&amp;G Tax and Accounting\" \/>\n<meta property=\"article:modified_time\" content=\"2026-01-05T03:25:13+00:00\" \/>\n<meta property=\"og:image\" content=\"https:\/\/oandgaccounting.com\/wp-content\/uploads\/2025\/10\/llc2.jpg\" \/>\n\t<meta property=\"og:image:width\" content=\"624\" \/>\n\t<meta property=\"og:image:height\" content=\"624\" \/>\n\t<meta property=\"og:image:type\" content=\"image\/jpeg\" \/>\n<meta name=\"twitter:card\" content=\"summary_large_image\" \/>\n<meta name=\"twitter:label1\" content=\"Tiempo de lectura\" \/>\n\t<meta name=\"twitter:data1\" content=\"5 minutos\" \/>\n<script type=\"application\/ld+json\" class=\"yoast-schema-graph\">{\"@context\":\"https:\\\/\\\/schema.org\",\"@graph\":[{\"@type\":\"WebPage\",\"@id\":\"https:\\\/\\\/oandgaccounting.com\\\/resources\\\/foreign-owned-u-s-llc-selling-products-in-the-u-s\\\/\",\"url\":\"https:\\\/\\\/oandgaccounting.com\\\/resources\\\/foreign-owned-u-s-llc-selling-products-in-the-u-s\\\/\",\"name\":\"Foreign-Owned U.S. LLC Selling Products in the U.S. - O&amp;G Tax and Accounting\",\"isPartOf\":{\"@id\":\"https:\\\/\\\/oandgaccounting.com\\\/#website\"},\"primaryImageOfPage\":{\"@id\":\"https:\\\/\\\/oandgaccounting.com\\\/resources\\\/foreign-owned-u-s-llc-selling-products-in-the-u-s\\\/#primaryimage\"},\"image\":{\"@id\":\"https:\\\/\\\/oandgaccounting.com\\\/resources\\\/foreign-owned-u-s-llc-selling-products-in-the-u-s\\\/#primaryimage\"},\"thumbnailUrl\":\"https:\\\/\\\/oandgaccounting.com\\\/wp-content\\\/uploads\\\/2025\\\/12\\\/newog2.jpg\",\"datePublished\":\"2025-12-30T08:19:31+00:00\",\"dateModified\":\"2026-01-05T03:25:13+00:00\",\"breadcrumb\":{\"@id\":\"https:\\\/\\\/oandgaccounting.com\\\/resources\\\/foreign-owned-u-s-llc-selling-products-in-the-u-s\\\/#breadcrumb\"},\"inLanguage\":\"es\",\"potentialAction\":[{\"@type\":\"ReadAction\",\"target\":[\"https:\\\/\\\/oandgaccounting.com\\\/resources\\\/foreign-owned-u-s-llc-selling-products-in-the-u-s\\\/\"]}]},{\"@type\":\"ImageObject\",\"inLanguage\":\"es\",\"@id\":\"https:\\\/\\\/oandgaccounting.com\\\/resources\\\/foreign-owned-u-s-llc-selling-products-in-the-u-s\\\/#primaryimage\",\"url\":\"https:\\\/\\\/oandgaccounting.com\\\/wp-content\\\/uploads\\\/2025\\\/12\\\/newog2.jpg\",\"contentUrl\":\"https:\\\/\\\/oandgaccounting.com\\\/wp-content\\\/uploads\\\/2025\\\/12\\\/newog2.jpg\"},{\"@type\":\"BreadcrumbList\",\"@id\":\"https:\\\/\\\/oandgaccounting.com\\\/resources\\\/foreign-owned-u-s-llc-selling-products-in-the-u-s\\\/#breadcrumb\",\"itemListElement\":[{\"@type\":\"ListItem\",\"position\":1,\"name\":\"Resources\",\"item\":\"https:\\\/\\\/oandgaccounting.com\\\/resources\\\/\"},{\"@type\":\"ListItem\",\"position\":2,\"name\":\"Foreign-Owned U.S. LLC Selling Products in the U.S.\"}]},{\"@type\":\"WebSite\",\"@id\":\"https:\\\/\\\/oandgaccounting.com\\\/#website\",\"url\":\"https:\\\/\\\/oandgaccounting.com\\\/\",\"name\":\"O&amp;G Tax and Accounting\",\"description\":\"\",\"publisher\":{\"@id\":\"https:\\\/\\\/oandgaccounting.com\\\/#organization\"},\"potentialAction\":[{\"@type\":\"SearchAction\",\"target\":{\"@type\":\"EntryPoint\",\"urlTemplate\":\"https:\\\/\\\/oandgaccounting.com\\\/?s={search_term_string}\"},\"query-input\":{\"@type\":\"PropertyValueSpecification\",\"valueRequired\":true,\"valueName\":\"search_term_string\"}}],\"inLanguage\":\"es\"},{\"@type\":\"Organization\",\"@id\":\"https:\\\/\\\/oandgaccounting.com\\\/#organization\",\"name\":\"O&amp;G Tax and Accounting\",\"url\":\"https:\\\/\\\/oandgaccounting.com\\\/\",\"logo\":{\"@type\":\"ImageObject\",\"inLanguage\":\"es\",\"@id\":\"https:\\\/\\\/oandgaccounting.com\\\/#\\\/schema\\\/logo\\\/image\\\/\",\"url\":\"https:\\\/\\\/oandgaccounting.com\\\/wp-content\\\/uploads\\\/2019\\\/07\\\/logo.png\",\"contentUrl\":\"https:\\\/\\\/oandgaccounting.com\\\/wp-content\\\/uploads\\\/2019\\\/07\\\/logo.png\",\"width\":123,\"height\":74,\"caption\":\"O&amp;G Tax and Accounting\"},\"image\":{\"@id\":\"https:\\\/\\\/oandgaccounting.com\\\/#\\\/schema\\\/logo\\\/image\\\/\"}}]}<\/script>\n<!-- \/ Yoast SEO plugin. -->","yoast_head_json":{"title":"Foreign-Owned U.S. LLC Selling Products in the U.S. - O&amp;G Tax and Accounting","robots":{"index":"index","follow":"follow","max-snippet":"max-snippet:-1","max-image-preview":"max-image-preview:large","max-video-preview":"max-video-preview:-1"},"canonical":"https:\/\/oandgaccounting.com\/es\/resources\/foreign-owned-u-s-llc-selling-products-in-the-u-s\/","og_locale":"es_ES","og_type":"article","og_title":"Foreign-Owned U.S. LLC Selling Products in the U.S. - O&amp;G Tax and Accounting","og_description":"FAQ for Non-U.S. Founders (Ecommerce, Subscriptions, Stripe, U.S. Manufacturing\/Fulfillment) If your U.S. LLC is owned by a foreign individual or foreign company and you sell products to U.S. customers (even via a U.S. manufacturer or fulfillment partner), you may have U.S. filing obligations like Form 5472 + pro-forma Form 1120, plus sales tax registration in &hellip; Continue reading \"Foreign-Owned U.S. LLC Selling Products in the U.S.\"","og_url":"https:\/\/oandgaccounting.com\/es\/resources\/foreign-owned-u-s-llc-selling-products-in-the-u-s\/","og_site_name":"O&amp;G Tax and Accounting","article_modified_time":"2026-01-05T03:25:13+00:00","og_image":[{"width":624,"height":624,"url":"https:\/\/oandgaccounting.com\/wp-content\/uploads\/2025\/10\/llc2.jpg","type":"image\/jpeg"}],"twitter_card":"summary_large_image","twitter_misc":{"Tiempo de lectura":"5 minutos"},"schema":{"@context":"https:\/\/schema.org","@graph":[{"@type":"WebPage","@id":"https:\/\/oandgaccounting.com\/resources\/foreign-owned-u-s-llc-selling-products-in-the-u-s\/","url":"https:\/\/oandgaccounting.com\/resources\/foreign-owned-u-s-llc-selling-products-in-the-u-s\/","name":"Foreign-Owned U.S. LLC Selling Products in the U.S. - O&amp;G Tax and Accounting","isPartOf":{"@id":"https:\/\/oandgaccounting.com\/#website"},"primaryImageOfPage":{"@id":"https:\/\/oandgaccounting.com\/resources\/foreign-owned-u-s-llc-selling-products-in-the-u-s\/#primaryimage"},"image":{"@id":"https:\/\/oandgaccounting.com\/resources\/foreign-owned-u-s-llc-selling-products-in-the-u-s\/#primaryimage"},"thumbnailUrl":"https:\/\/oandgaccounting.com\/wp-content\/uploads\/2025\/12\/newog2.jpg","datePublished":"2025-12-30T08:19:31+00:00","dateModified":"2026-01-05T03:25:13+00:00","breadcrumb":{"@id":"https:\/\/oandgaccounting.com\/resources\/foreign-owned-u-s-llc-selling-products-in-the-u-s\/#breadcrumb"},"inLanguage":"es","potentialAction":[{"@type":"ReadAction","target":["https:\/\/oandgaccounting.com\/resources\/foreign-owned-u-s-llc-selling-products-in-the-u-s\/"]}]},{"@type":"ImageObject","inLanguage":"es","@id":"https:\/\/oandgaccounting.com\/resources\/foreign-owned-u-s-llc-selling-products-in-the-u-s\/#primaryimage","url":"https:\/\/oandgaccounting.com\/wp-content\/uploads\/2025\/12\/newog2.jpg","contentUrl":"https:\/\/oandgaccounting.com\/wp-content\/uploads\/2025\/12\/newog2.jpg"},{"@type":"BreadcrumbList","@id":"https:\/\/oandgaccounting.com\/resources\/foreign-owned-u-s-llc-selling-products-in-the-u-s\/#breadcrumb","itemListElement":[{"@type":"ListItem","position":1,"name":"Resources","item":"https:\/\/oandgaccounting.com\/resources\/"},{"@type":"ListItem","position":2,"name":"Foreign-Owned U.S. LLC Selling Products in the U.S."}]},{"@type":"WebSite","@id":"https:\/\/oandgaccounting.com\/#website","url":"https:\/\/oandgaccounting.com\/","name":"Impuestos y contabilidad de petr\u00f3leo y gas","description":"","publisher":{"@id":"https:\/\/oandgaccounting.com\/#organization"},"potentialAction":[{"@type":"SearchAction","target":{"@type":"EntryPoint","urlTemplate":"https:\/\/oandgaccounting.com\/?s={search_term_string}"},"query-input":{"@type":"PropertyValueSpecification","valueRequired":true,"valueName":"search_term_string"}}],"inLanguage":"es"},{"@type":"Organization","@id":"https:\/\/oandgaccounting.com\/#organization","name":"Impuestos y contabilidad de petr\u00f3leo y gas","url":"https:\/\/oandgaccounting.com\/","logo":{"@type":"ImageObject","inLanguage":"es","@id":"https:\/\/oandgaccounting.com\/#\/schema\/logo\/image\/","url":"https:\/\/oandgaccounting.com\/wp-content\/uploads\/2019\/07\/logo.png","contentUrl":"https:\/\/oandgaccounting.com\/wp-content\/uploads\/2019\/07\/logo.png","width":123,"height":74,"caption":"O&amp;G Tax and Accounting"},"image":{"@id":"https:\/\/oandgaccounting.com\/#\/schema\/logo\/image\/"}}]}},"_links":{"self":[{"href":"https:\/\/oandgaccounting.com\/es\/wp-json\/wp\/v2\/pages\/6592","targetHints":{"allow":["GET"]}}],"collection":[{"href":"https:\/\/oandgaccounting.com\/es\/wp-json\/wp\/v2\/pages"}],"about":[{"href":"https:\/\/oandgaccounting.com\/es\/wp-json\/wp\/v2\/types\/page"}],"author":[{"embeddable":true,"href":"https:\/\/oandgaccounting.com\/es\/wp-json\/wp\/v2\/users\/1"}],"replies":[{"embeddable":true,"href":"https:\/\/oandgaccounting.com\/es\/wp-json\/wp\/v2\/comments?post=6592"}],"version-history":[{"count":0,"href":"https:\/\/oandgaccounting.com\/es\/wp-json\/wp\/v2\/pages\/6592\/revisions"}],"up":[{"embeddable":true,"href":"https:\/\/oandgaccounting.com\/es\/wp-json\/wp\/v2\/pages\/24"}],"wp:attachment":[{"href":"https:\/\/oandgaccounting.com\/es\/wp-json\/wp\/v2\/media?parent=6592"}],"curies":[{"name":"wp","href":"https:\/\/api.w.org\/{rel}","templated":true}]}}