{"id":6629,"date":"2026-01-05T05:59:30","date_gmt":"2026-01-05T05:59:30","guid":{"rendered":"https:\/\/oandgaccounting.com\/?page_id=6629"},"modified":"2026-01-05T05:59:30","modified_gmt":"2026-01-05T05:59:30","slug":"foreign-owned-u-s-llc-selling-products-in-the-u-s-2","status":"publish","type":"page","link":"https:\/\/oandgaccounting.com\/es\/resources\/foreign-owned-u-s-llc-selling-products-in-the-u-s-2\/","title":{"rendered":"LLC estadounidense de propiedad extranjera que vende productos en EE. UU."},"content":{"rendered":"<div class=\"onefivequestion\">\n<div class=\"container py-4 text-left\">\n<p><strong>Preguntas frecuentes pr\u00e1cticas para fundadores no estadounidenses (comercio electr\u00f3nico, suscripciones, Stripe, fabricaci\u00f3n y cumplimiento en EE. UU.)<\/strong><\/p>\n<p>\n      Si su LLC estadounidense pertenece a una persona o empresa extranjera y vende productos a clientes estadounidenses (incluso a trav\u00e9s de un fabricante o socio log\u00edstico estadounidense), podr\u00eda tener obligaciones tributarias en Estados Unidos, como el Formulario 5472 y el Formulario proforma 1120, adem\u00e1s del registro del impuesto sobre las ventas en varios estados. Estas preguntas frecuentes explican los requisitos, qu\u00e9 da lugar al impuesto sobre la renta estadounidense y c\u00f3mo llevar la contabilidad correctamente.\n    <\/p>\n<hr>\n<p><strong>Definiciones r\u00e1pidas<\/strong><\/p>\n<p>\n      <strong>Sociedad de responsabilidad limitada estadounidense de propiedad extranjera (un solo miembro):<\/strong> Una LLC estadounidense con un propietario que no es estadounidense (ya sea una persona f\u00edsica no estadounidense o una corporaci\u00f3n extranjera). A efectos del impuesto sobre la renta estadounidense, una LLC unipersonal se ignora por defecto (lo que significa que el IRS ignora la LLC y busca al propietario, a menos que este lo elija).\n    <\/p>\n<p>\n      <strong>Negocio de productos de comercio electr\u00f3nico\/suscripci\u00f3n:<\/strong> Vendes bienes f\u00edsicos (como joyas), a menudo utilizando:\n    <\/p>\n<ul>\n<li>Stripe (pagos)<\/li>\n<li>un fabricante por contrato (produce sus productos)<\/li>\n<li>un centro log\u00edstico\/3PL (almacena\/env\u00eda a los clientes)<\/li>\n<\/ul>\n<hr>\n<p><strong>Preguntas frecuentes 1) Mi LLC estadounidense es 100%, propiedad de una empresa extranjera. \u00bfQu\u00e9 debo presentar anualmente?<\/strong><\/p>\n<p>\n      En muchas configuraciones comunes de LLC de un solo miembro de propiedad extranjera, el elemento &quot;imprescindible&quot; m\u00e1s pasado por alto es:<\/p>\n<p>      \u2705 Formulario 5472 + un formulario proforma 1120 (presentaci\u00f3n de informaci\u00f3n)\n    <\/p>\n<p>\n      Si una persona extranjera posee una entidad estadounidense que se considera una \u201ccorporaci\u00f3n informante\u201d a los efectos del Formulario 5472, el IRS generalmente espera que el Formulario 5472 se presente junto con un Formulario 1120 proforma cuando existan transacciones declarables con el propietario extranjero.\n    <\/p>\n<hr>\n<p><strong>Por qu\u00e9 esto es importante<\/strong><\/p>\n<p>\n      El Formulario 5472 no es una declaraci\u00f3n de impuestos sobre la renta. Es una declaraci\u00f3n informativa que revela la actividad de partes relacionadas. El IRS puede imponer multas significativas por no presentarlo correctamente y a tiempo.\n    <\/p>\n<hr>\n<p><strong>Preguntas frecuentes 2) \u00bfQu\u00e9 es una \u201ctransacci\u00f3n reportable\u201d para el Formulario 5472?<\/strong><\/p>\n<p>En el caso de las estructuras de propiedad extranjera, las transacciones declarables m\u00e1s comunes incluyen:<\/p>\n<ul>\n<li>Contribuciones de capital del propietario (dinero que el propietario extranjero inyecta en la LLC estadounidense)<\/li>\n<li>Retiros\/distribuciones del propietario (dinero que se mueve de la LLC al propietario extranjero)<\/li>\n<li>Cargos entre empresas (tarifas de gesti\u00f3n, tarifas de propiedad intelectual\/licencia, reembolsos, asignaciones de costos)<\/li>\n<li>Pr\u00e9stamos entre el propietario extranjero y la LLC estadounidense<\/li>\n<\/ul>\n<p>\n      Incluso si sus ingresos son bajos, o incluso cero, estos movimientos de efectivo del propietario a la LLC a\u00fan pueden crear una obligaci\u00f3n de presentaci\u00f3n del Formulario 5472.\n    <\/p>\n<hr>\n<p><strong>3) \u00bfCu\u00e1l es la penalidad si no presentamos el Formulario 5472?<\/strong><\/p>\n<p>La multa del IRS es elevada y puede agravarse:<\/p>\n<ul>\n<li>$25,000 por no presentar (o presentar una declaraci\u00f3n sustancialmente incompleta)<\/li>\n<li>$25,000 adicionales por cada per\u00edodo de 30 d\u00edas que la falla contin\u00fae despu\u00e9s del aviso del IRS<\/li>\n<\/ul>\n<p>\n      Esta es la raz\u00f3n por la que el cumplimiento de las LLC de propiedad extranjera suele ser \u201cuna pena alta y un drama bajo\u201d: la presentaci\u00f3n en s\u00ed puede ser simple, pero no realizarla puede ser costoso.\n    <\/p>\n<hr>\n<p><strong>4) \u00bfDebemos pagar impuestos sobre la renta en Estados Unidos si vendemos productos a clientes estadounidenses?<\/strong><\/p>\n<p>\n      Depende. El impuesto sobre la renta estadounidense no se determina \u00fanicamente por la ubicaci\u00f3n del cliente. Se examina si el propietario extranjero (a trav\u00e9s de la LLC) realiza una actividad comercial o empresarial en Estados Unidos (USTB) y si los ingresos est\u00e1n efectivamente vinculados (ECI).\n    <\/p>\n<p><strong>Factores de riesgo pr\u00e1cticos que a menudo impulsan la exposici\u00f3n al impuesto sobre la renta de EE. UU.<\/strong><\/p>\n<ul>\n<li>Tiene empleados estadounidenses o un agente dependiente que pueda vincular el negocio<\/li>\n<li>La empresa tiene una oficina o ubicaci\u00f3n en EE. UU.<\/li>\n<li>Una entidad estadounidense realiza m\u00e1s que servicios rutinarios y opera eficazmente su negocio en EE. UU.<\/li>\n<\/ul>\n<p>\n      El uso de un verdadero fabricante por contrato independiente o un proveedor de cumplimiento puede reducir el riesgo, pero no elimina autom\u00e1ticamente la exposici\u00f3n al impuesto a la renta de EE. UU.\n    <\/p>\n<hr>\n<p><strong>5) Si no debemos impuestos sobre la renta en Estados Unidos, \u00bfa\u00fan necesitamos llevar contabilidad?<\/strong><\/p>\n<p>S\u00ed. Una buena contabilidad no es opcional para las entidades estadounidenses de propiedad extranjera.<\/p>\n<ul>\n<li>Seguimiento de las contribuciones y retiros del propietario (Formulario 5472)<\/li>\n<li>Apoyar las posiciones sobre impuestos a la renta en Estados Unidos o sobre otros impuestos.<\/li>\n<li>Prep\u00e1rese para futuras presentaciones estatales, de n\u00f3mina o de contratistas<\/li>\n<\/ul>\n<p><strong>Para las empresas de productos, la contabilidad debe separar:<\/strong><\/p>\n<ul>\n<li>Ingresos (ventas de Stripe, suscripciones, reembolsos)<\/li>\n<li>COGS (facturas de fabricaci\u00f3n, costos de entrega)<\/li>\n<li>Tarifas de cumplimiento<\/li>\n<li>Tarifas de comerciante<\/li>\n<li>Publicidad y pagos de afiliados<\/li>\n<\/ul>\n<hr>\n<p><strong>6) Impuesto sobre las ventas: \u00bfnecesitamos registrarnos en todos los estados?<\/strong><\/p>\n<p>\n      Potencialmente, s\u00ed. La mayor\u00eda de los estados aplican normas de nexo econ\u00f3mico y exigen el registro una vez superados los umbrales.\n    <\/p>\n<p><strong>El flujo de trabajo del mundo real<\/strong><\/p>\n<ul>\n<li>Seguimiento de ventas por estado<\/li>\n<li>Registrar cuando se superan los umbrales<\/li>\n<li>Recaudar y remitir el impuesto sobre las ventas<\/li>\n<li>Archivo en el horario asignado<\/li>\n<\/ul>\n<hr>\n<p><strong>7) Si nuestra empresa matriz extranjera es propietaria de la LLC estadounidense, \u00bfpuede el equipo financiero de la empresa matriz acceder a los libros estadounidenses?<\/strong><\/p>\n<p>\n      S\u00ed. La mayor\u00eda de las plataformas de contabilidad permiten el acceso basado en roles para contadores estadounidenses y equipos financieros en el extranjero.\n    <\/p>\n<hr>\n<p><strong>8) \u00bfDeber\u00edamos elegir que la LLC estadounidense sea gravada como una corporaci\u00f3n?<\/strong><\/p>\n<p>\n      Esta es una decisi\u00f3n estrat\u00e9gica basada en la postura fiscal de EE. UU. y el trato en el pa\u00eds de origen. Las elecciones suelen realizarse mediante el Formulario 8832.\n    <\/p>\n<hr>\n<p><strong>9) \u00bfQu\u00e9 debe hacer una empresa de productos de propiedad extranjera en los primeros 30 d\u00edas?<\/strong><\/p>\n<p><strong>Cumplimiento y postura fiscal<\/strong><\/p>\n<ul>\n<li>Confirmar propiedad y clasificaci\u00f3n<\/li>\n<li>Mapa de puntos de contacto de EE. UU.<\/li>\n<li>Decidir el momento del an\u00e1lisis de USTB o ECI<\/li>\n<\/ul>\n<p><strong>Libros<\/strong><\/p>\n<ul>\n<li>Configurar el software de contabilidad<\/li>\n<li>Conectar banco y Stripe<\/li>\n<li>Realice un seguimiento limpio de los movimientos del propietario<\/li>\n<\/ul>\n<p><strong>Impuesto sobre las ventas<\/strong><\/p>\n<ul>\n<li>Habilitar el seguimiento estado por estado<\/li>\n<li>Identificar estados de nexo de alto riesgo<\/li>\n<li>Elija la automatizaci\u00f3n con anticipaci\u00f3n<\/li>\n<\/ul>\n<hr>\n<p><strong>\u00bfQuieres que esto se configure correctamente?<\/strong><\/p>\n<p>\n      Una instalaci\u00f3n limpia ahora evita costosas limpiezas posteriores. Reserve una consulta paga aqu\u00ed:<br \/>\n      <br \/>\n      <a href=\"https:\/\/oandgaccounting.com\/appointment-booking-form\/\" target=\"_blank\" rel=\"noopener\"><br \/>\n        https:\/\/oandgaccounting.com\/appointment-booking-form\/<br \/>\n      <\/a>\n    <\/p>\n<\/p><\/div>\n<\/div>\n<p><img loading=\"lazy\" decoding=\"async\" src=\"https:\/\/oandgaccounting.com\/wp-content\/uploads\/2026\/01\/og4-1024x683.jpg\" alt=\"\" width=\"840\" height=\"560\" class=\"aligncenter size-large wp-image-6630\" srcset=\"https:\/\/oandgaccounting.com\/wp-content\/uploads\/2026\/01\/og4-1024x683.jpg 1024w, https:\/\/oandgaccounting.com\/wp-content\/uploads\/2026\/01\/og4-300x200.jpg 300w, https:\/\/oandgaccounting.com\/wp-content\/uploads\/2026\/01\/og4-768x512.jpg 768w, https:\/\/oandgaccounting.com\/wp-content\/uploads\/2026\/01\/og4-1200x800.jpg 1200w, https:\/\/oandgaccounting.com\/wp-content\/uploads\/2026\/01\/og4.jpg 1432w\" sizes=\"auto, (max-width: 709px) 85vw, (max-width: 909px) 67vw, (max-width: 1362px) 62vw, 840px\" \/><\/p>","protected":false},"excerpt":{"rendered":"<p>A practical FAQ for non-U.S. founders (ecommerce, subscriptions, Stripe, U.S. manufacturing\/fulfillment) If your U.S. LLC is owned by a foreign individual or foreign company and you sell products to U.S. customers (even via a U.S. manufacturer or fulfillment partner), you may have U.S. filing obligations like Form 5472 + pro-forma Form 1120, plus sales tax &hellip; <a href=\"https:\/\/oandgaccounting.com\/es\/resources\/foreign-owned-u-s-llc-selling-products-in-the-u-s-2\/\" class=\"more-link\">Seguir leyendo<span class=\"screen-reader-text\"> &#8220;Foreign-Owned U.S. LLC Selling Products in the U.S.&#8221;<\/span><\/a><\/p>","protected":false},"author":1,"featured_media":0,"parent":24,"menu_order":0,"comment_status":"closed","ping_status":"closed","template":"default_withchat.php","meta":{"_acf_changed":false,"om_disable_all_campaigns":false,"_monsterinsights_skip_tracking":false,"_monsterinsights_sitenote_active":false,"_monsterinsights_sitenote_note":"","_monsterinsights_sitenote_category":0,"_uf_show_specific_survey":0,"_uf_disable_surveys":false,"footnotes":""},"class_list":["post-6629","page","type-page","status-publish","hentry"],"acf":[],"yoast_head":"<!-- This site is optimized with the Yoast SEO plugin v27.3 - https:\/\/yoast.com\/product\/yoast-seo-wordpress\/ -->\n<title>Foreign-Owned U.S. LLC Selling Products in the U.S. - O&amp;G Tax and Accounting<\/title>\n<meta name=\"robots\" content=\"index, follow, max-snippet:-1, max-image-preview:large, max-video-preview:-1\" \/>\n<link rel=\"canonical\" href=\"https:\/\/oandgaccounting.com\/es\/resources\/foreign-owned-u-s-llc-selling-products-in-the-u-s-2\/\" \/>\n<meta property=\"og:locale\" content=\"es_ES\" \/>\n<meta property=\"og:type\" content=\"article\" \/>\n<meta property=\"og:title\" content=\"Foreign-Owned U.S. LLC Selling Products in the U.S. - O&amp;G Tax and Accounting\" \/>\n<meta property=\"og:description\" content=\"A practical FAQ for non-U.S. founders (ecommerce, subscriptions, Stripe, U.S. manufacturing\/fulfillment) If your U.S. LLC is owned by a foreign individual or foreign company and you sell products to U.S. customers (even via a U.S. manufacturer or fulfillment partner), you may have U.S. filing obligations like Form 5472 + pro-forma Form 1120, plus sales tax &hellip; Continue reading &quot;Foreign-Owned U.S. LLC Selling Products in the U.S.&quot;\" \/>\n<meta property=\"og:url\" content=\"https:\/\/oandgaccounting.com\/es\/resources\/foreign-owned-u-s-llc-selling-products-in-the-u-s-2\/\" \/>\n<meta property=\"og:site_name\" content=\"O&amp;G Tax and Accounting\" \/>\n<meta property=\"og:image\" content=\"https:\/\/oandgaccounting.com\/wp-content\/uploads\/2025\/10\/llc2.jpg\" \/>\n\t<meta property=\"og:image:width\" content=\"624\" \/>\n\t<meta property=\"og:image:height\" content=\"624\" \/>\n\t<meta property=\"og:image:type\" content=\"image\/jpeg\" \/>\n<meta name=\"twitter:card\" content=\"summary_large_image\" \/>\n<meta name=\"twitter:label1\" content=\"Tiempo de lectura\" \/>\n\t<meta name=\"twitter:data1\" content=\"4 minutos\" \/>\n<script type=\"application\/ld+json\" class=\"yoast-schema-graph\">{\"@context\":\"https:\\\/\\\/schema.org\",\"@graph\":[{\"@type\":\"WebPage\",\"@id\":\"https:\\\/\\\/oandgaccounting.com\\\/resources\\\/foreign-owned-u-s-llc-selling-products-in-the-u-s-2\\\/\",\"url\":\"https:\\\/\\\/oandgaccounting.com\\\/resources\\\/foreign-owned-u-s-llc-selling-products-in-the-u-s-2\\\/\",\"name\":\"Foreign-Owned U.S. LLC Selling Products in the U.S. - O&amp;G Tax and Accounting\",\"isPartOf\":{\"@id\":\"https:\\\/\\\/oandgaccounting.com\\\/#website\"},\"primaryImageOfPage\":{\"@id\":\"https:\\\/\\\/oandgaccounting.com\\\/resources\\\/foreign-owned-u-s-llc-selling-products-in-the-u-s-2\\\/#primaryimage\"},\"image\":{\"@id\":\"https:\\\/\\\/oandgaccounting.com\\\/resources\\\/foreign-owned-u-s-llc-selling-products-in-the-u-s-2\\\/#primaryimage\"},\"thumbnailUrl\":\"https:\\\/\\\/oandgaccounting.com\\\/wp-content\\\/uploads\\\/2026\\\/01\\\/og4-1024x683.jpg\",\"datePublished\":\"2026-01-05T05:59:30+00:00\",\"breadcrumb\":{\"@id\":\"https:\\\/\\\/oandgaccounting.com\\\/resources\\\/foreign-owned-u-s-llc-selling-products-in-the-u-s-2\\\/#breadcrumb\"},\"inLanguage\":\"es\",\"potentialAction\":[{\"@type\":\"ReadAction\",\"target\":[\"https:\\\/\\\/oandgaccounting.com\\\/resources\\\/foreign-owned-u-s-llc-selling-products-in-the-u-s-2\\\/\"]}]},{\"@type\":\"ImageObject\",\"inLanguage\":\"es\",\"@id\":\"https:\\\/\\\/oandgaccounting.com\\\/resources\\\/foreign-owned-u-s-llc-selling-products-in-the-u-s-2\\\/#primaryimage\",\"url\":\"https:\\\/\\\/oandgaccounting.com\\\/wp-content\\\/uploads\\\/2026\\\/01\\\/og4-1024x683.jpg\",\"contentUrl\":\"https:\\\/\\\/oandgaccounting.com\\\/wp-content\\\/uploads\\\/2026\\\/01\\\/og4-1024x683.jpg\"},{\"@type\":\"BreadcrumbList\",\"@id\":\"https:\\\/\\\/oandgaccounting.com\\\/resources\\\/foreign-owned-u-s-llc-selling-products-in-the-u-s-2\\\/#breadcrumb\",\"itemListElement\":[{\"@type\":\"ListItem\",\"position\":1,\"name\":\"Resources\",\"item\":\"https:\\\/\\\/oandgaccounting.com\\\/resources\\\/\"},{\"@type\":\"ListItem\",\"position\":2,\"name\":\"Foreign-Owned U.S. LLC Selling Products in the U.S.\"}]},{\"@type\":\"WebSite\",\"@id\":\"https:\\\/\\\/oandgaccounting.com\\\/#website\",\"url\":\"https:\\\/\\\/oandgaccounting.com\\\/\",\"name\":\"O&amp;G Tax and Accounting\",\"description\":\"\",\"publisher\":{\"@id\":\"https:\\\/\\\/oandgaccounting.com\\\/#organization\"},\"potentialAction\":[{\"@type\":\"SearchAction\",\"target\":{\"@type\":\"EntryPoint\",\"urlTemplate\":\"https:\\\/\\\/oandgaccounting.com\\\/?s={search_term_string}\"},\"query-input\":{\"@type\":\"PropertyValueSpecification\",\"valueRequired\":true,\"valueName\":\"search_term_string\"}}],\"inLanguage\":\"es\"},{\"@type\":\"Organization\",\"@id\":\"https:\\\/\\\/oandgaccounting.com\\\/#organization\",\"name\":\"O&amp;G Tax and Accounting\",\"url\":\"https:\\\/\\\/oandgaccounting.com\\\/\",\"logo\":{\"@type\":\"ImageObject\",\"inLanguage\":\"es\",\"@id\":\"https:\\\/\\\/oandgaccounting.com\\\/#\\\/schema\\\/logo\\\/image\\\/\",\"url\":\"https:\\\/\\\/oandgaccounting.com\\\/wp-content\\\/uploads\\\/2019\\\/07\\\/logo.png\",\"contentUrl\":\"https:\\\/\\\/oandgaccounting.com\\\/wp-content\\\/uploads\\\/2019\\\/07\\\/logo.png\",\"width\":123,\"height\":74,\"caption\":\"O&amp;G Tax and Accounting\"},\"image\":{\"@id\":\"https:\\\/\\\/oandgaccounting.com\\\/#\\\/schema\\\/logo\\\/image\\\/\"}}]}<\/script>\n<!-- \/ Yoast SEO plugin. -->","yoast_head_json":{"title":"Foreign-Owned U.S. LLC Selling Products in the U.S. - O&amp;G Tax and Accounting","robots":{"index":"index","follow":"follow","max-snippet":"max-snippet:-1","max-image-preview":"max-image-preview:large","max-video-preview":"max-video-preview:-1"},"canonical":"https:\/\/oandgaccounting.com\/es\/resources\/foreign-owned-u-s-llc-selling-products-in-the-u-s-2\/","og_locale":"es_ES","og_type":"article","og_title":"Foreign-Owned U.S. LLC Selling Products in the U.S. - O&amp;G Tax and Accounting","og_description":"A practical FAQ for non-U.S. founders (ecommerce, subscriptions, Stripe, U.S. manufacturing\/fulfillment) If your U.S. LLC is owned by a foreign individual or foreign company and you sell products to U.S. customers (even via a U.S. manufacturer or fulfillment partner), you may have U.S. filing obligations like Form 5472 + pro-forma Form 1120, plus sales tax &hellip; Continue reading \"Foreign-Owned U.S. LLC Selling Products in the U.S.\"","og_url":"https:\/\/oandgaccounting.com\/es\/resources\/foreign-owned-u-s-llc-selling-products-in-the-u-s-2\/","og_site_name":"O&amp;G Tax and Accounting","og_image":[{"width":624,"height":624,"url":"https:\/\/oandgaccounting.com\/wp-content\/uploads\/2025\/10\/llc2.jpg","type":"image\/jpeg"}],"twitter_card":"summary_large_image","twitter_misc":{"Tiempo de lectura":"4 minutos"},"schema":{"@context":"https:\/\/schema.org","@graph":[{"@type":"WebPage","@id":"https:\/\/oandgaccounting.com\/resources\/foreign-owned-u-s-llc-selling-products-in-the-u-s-2\/","url":"https:\/\/oandgaccounting.com\/resources\/foreign-owned-u-s-llc-selling-products-in-the-u-s-2\/","name":"Foreign-Owned U.S. LLC Selling Products in the U.S. - O&amp;G Tax and Accounting","isPartOf":{"@id":"https:\/\/oandgaccounting.com\/#website"},"primaryImageOfPage":{"@id":"https:\/\/oandgaccounting.com\/resources\/foreign-owned-u-s-llc-selling-products-in-the-u-s-2\/#primaryimage"},"image":{"@id":"https:\/\/oandgaccounting.com\/resources\/foreign-owned-u-s-llc-selling-products-in-the-u-s-2\/#primaryimage"},"thumbnailUrl":"https:\/\/oandgaccounting.com\/wp-content\/uploads\/2026\/01\/og4-1024x683.jpg","datePublished":"2026-01-05T05:59:30+00:00","breadcrumb":{"@id":"https:\/\/oandgaccounting.com\/resources\/foreign-owned-u-s-llc-selling-products-in-the-u-s-2\/#breadcrumb"},"inLanguage":"es","potentialAction":[{"@type":"ReadAction","target":["https:\/\/oandgaccounting.com\/resources\/foreign-owned-u-s-llc-selling-products-in-the-u-s-2\/"]}]},{"@type":"ImageObject","inLanguage":"es","@id":"https:\/\/oandgaccounting.com\/resources\/foreign-owned-u-s-llc-selling-products-in-the-u-s-2\/#primaryimage","url":"https:\/\/oandgaccounting.com\/wp-content\/uploads\/2026\/01\/og4-1024x683.jpg","contentUrl":"https:\/\/oandgaccounting.com\/wp-content\/uploads\/2026\/01\/og4-1024x683.jpg"},{"@type":"BreadcrumbList","@id":"https:\/\/oandgaccounting.com\/resources\/foreign-owned-u-s-llc-selling-products-in-the-u-s-2\/#breadcrumb","itemListElement":[{"@type":"ListItem","position":1,"name":"Resources","item":"https:\/\/oandgaccounting.com\/resources\/"},{"@type":"ListItem","position":2,"name":"Foreign-Owned U.S. LLC Selling Products in the U.S."}]},{"@type":"WebSite","@id":"https:\/\/oandgaccounting.com\/#website","url":"https:\/\/oandgaccounting.com\/","name":"Impuestos y contabilidad de petr\u00f3leo y gas","description":"","publisher":{"@id":"https:\/\/oandgaccounting.com\/#organization"},"potentialAction":[{"@type":"SearchAction","target":{"@type":"EntryPoint","urlTemplate":"https:\/\/oandgaccounting.com\/?s={search_term_string}"},"query-input":{"@type":"PropertyValueSpecification","valueRequired":true,"valueName":"search_term_string"}}],"inLanguage":"es"},{"@type":"Organization","@id":"https:\/\/oandgaccounting.com\/#organization","name":"Impuestos y contabilidad de petr\u00f3leo y gas","url":"https:\/\/oandgaccounting.com\/","logo":{"@type":"ImageObject","inLanguage":"es","@id":"https:\/\/oandgaccounting.com\/#\/schema\/logo\/image\/","url":"https:\/\/oandgaccounting.com\/wp-content\/uploads\/2019\/07\/logo.png","contentUrl":"https:\/\/oandgaccounting.com\/wp-content\/uploads\/2019\/07\/logo.png","width":123,"height":74,"caption":"O&amp;G Tax and Accounting"},"image":{"@id":"https:\/\/oandgaccounting.com\/#\/schema\/logo\/image\/"}}]}},"_links":{"self":[{"href":"https:\/\/oandgaccounting.com\/es\/wp-json\/wp\/v2\/pages\/6629","targetHints":{"allow":["GET"]}}],"collection":[{"href":"https:\/\/oandgaccounting.com\/es\/wp-json\/wp\/v2\/pages"}],"about":[{"href":"https:\/\/oandgaccounting.com\/es\/wp-json\/wp\/v2\/types\/page"}],"author":[{"embeddable":true,"href":"https:\/\/oandgaccounting.com\/es\/wp-json\/wp\/v2\/users\/1"}],"replies":[{"embeddable":true,"href":"https:\/\/oandgaccounting.com\/es\/wp-json\/wp\/v2\/comments?post=6629"}],"version-history":[{"count":0,"href":"https:\/\/oandgaccounting.com\/es\/wp-json\/wp\/v2\/pages\/6629\/revisions"}],"up":[{"embeddable":true,"href":"https:\/\/oandgaccounting.com\/es\/wp-json\/wp\/v2\/pages\/24"}],"wp:attachment":[{"href":"https:\/\/oandgaccounting.com\/es\/wp-json\/wp\/v2\/media?parent=6629"}],"curies":[{"name":"wp","href":"https:\/\/api.w.org\/{rel}","templated":true}]}}