{"id":6632,"date":"2026-01-05T06:05:05","date_gmt":"2026-01-05T06:05:05","guid":{"rendered":"https:\/\/oandgaccounting.com\/?page_id=6632"},"modified":"2026-01-05T06:05:05","modified_gmt":"2026-01-05T06:05:05","slug":"amazon-kdp-taxes-for-non-u-s-creators-faq-royalties-u-s-withholding-llc-vs-corporation-and-treaty-planning","status":"publish","type":"page","link":"https:\/\/oandgaccounting.com\/es\/resources\/amazon-kdp-taxes-for-non-u-s-creators-faq-royalties-u-s-withholding-llc-vs-corporation-and-treaty-planning\/","title":{"rendered":"Impuestos de Amazon KDP para creadores no estadounidenses (Preguntas frecuentes): Regal\u00edas, Retenciones en EE. UU., LLC vs. Corporaci\u00f3n y Planificaci\u00f3n de Tratados"},"content":{"rendered":"<div class=\"onefivequestion\">\n<div class=\"container py-4 text-left\">\n<p><strong>Estas preguntas frecuentes est\u00e1n escritas para ciudadanos no estadounidenses o residentes no estadounidenses que obtienen ingresos de Amazon KDP (Kindle Direct Publishing) y est\u00e1n confundidos acerca de por qu\u00e9 Amazon retiene impuestos estadounidenses, si una LLC estadounidense lo soluciona y qu\u00e9 opciones de planificaci\u00f3n leg\u00edtimas existen.<\/strong><\/p>\n<p>Solo con fines educativos (no se ofrece asesoramiento legal ni fiscal). Las respuestas sobre impuestos transfronterizos cambian r\u00e1pidamente seg\u00fan el lugar de residencia, la residencia fiscal, las condiciones del contrato y el lugar de trabajo.<\/p>\n<hr>\n<p><strong>1) \u00bfPor qu\u00e9 Amazon KDP retiene impuestos estadounidenses a creadores no estadounidenses?<\/strong><\/p>\n<p>Dado que muchos pagos de KDP se consideran regal\u00edas, que a menudo se incluyen en la categor\u00eda sujeta a retenci\u00f3n en EE. UU., denominada ingresos FDAP (Fijos, Determinables, Anuales o Peri\u00f3dicos), para las personas extranjeras, los ingresos FDAP de origen estadounidense generalmente est\u00e1n sujetos a retenci\u00f3n en la fuente a una tasa legal del 30 % sobre el importe bruto, a menos que se reduzcan mediante un tratado fiscal.<\/p>\n<p>Idea clave: La retenci\u00f3n la cobra el pagador (Amazon o su agente de retenci\u00f3n) por adelantado. No se obtienen los gastos netos primero a menos que se est\u00e9 en una estructura que modifique el tratamiento fiscal.<\/p>\n<hr>\n<p><strong>2) \u00bfQu\u00e9 es exactamente el FDAP y en qu\u00e9 se diferencia del ingreso comercial?<\/strong><\/p>\n<p>Para las personas no estadounidenses, los impuestos estadounidenses generalmente se dividen en dos categor\u00edas:<\/p>\n<ul>\n<li><strong>FDAP (cubo de retenci\u00f3n)<\/strong> Piense en intereses, dividendos, regal\u00edas y ciertas rentas. Estos suelen estar sujetos a impuestos mediante retenci\u00f3n sobre los pagos brutos.<\/li>\n<li><strong>ECI (grupo empresarial conectado activamente)<\/strong> Considere los ingresos efectivamente vinculados a un negocio o actividad comercial en EE. UU. El ECI generalmente se grava sobre una base neta a trav\u00e9s de una declaraci\u00f3n en EE. UU.<\/li>\n<\/ul>\n<p>La mayor\u00eda de los vendedores de Amazon FBA se preocupan m\u00e1s por las ganancias comerciales y las cuestiones de nexo. La mayor\u00eda de los creadores de KDP lidian con problemas de retenci\u00f3n de regal\u00edas.<\/p>\n<hr>\n<p><strong>3) Si formo una LLC en EE.UU., \u00bfdesaparece la retenci\u00f3n?<\/strong><\/p>\n<p>Generalmente no.<\/p>\n<p>Una LLC unipersonal suele ser una entidad excluida del impuesto estadounidense por defecto. Una LLC multipersonal suele ser una sociedad colectiva por defecto. En cualquier caso, el sistema tributario estadounidense suele pasar por la LLC al propietario extranjero para fines de retenci\u00f3n.<\/p>\n<p>Entonces, si Amazon retiene porque est\u00e1 pagando regal\u00edas a una persona extranjera, enviar el pago a trav\u00e9s de una LLC a menudo no cambia el resultado.<\/p>\n<p>En resumen: una LLC unipersonal estadounidense suele ser una herramienta legal o comercial, no una herramienta de eliminaci\u00f3n de retenciones para las regal\u00edas de KDP.<\/p>\n<hr>\n<p><strong>4) \u00bfLa retenci\u00f3n por defecto es realmente del 30 por ciento?<\/strong><\/p>\n<p>Para el FDAP de fuente estadounidense pagado a personas extranjeras, la tasa legal general es del 30 por ciento, a menos que se reduzca por un tratado fiscal aplicable.<\/p>\n<p>Nota importante: Las regal\u00edas generalmente se obtienen seg\u00fan el lugar de uso del intangible. Muchas plataformas asignan internamente la fuente de regal\u00edas de EE. UU. y de otros pa\u00edses. La retenci\u00f3n podr\u00eda aplicarse solo a la parte de origen estadounidense, seg\u00fan los informes de Amazon y las respuestas de su entrevista fiscal.<\/p>\n<hr>\n<p><strong>5) \u00bfPuede un tratado fiscal reducir la retenci\u00f3n sobre las regal\u00edas del KDP?<\/strong><\/p>\n<p>S\u00ed, si califica para los beneficios del tratado.<\/p>\n<p>Los tratados suelen reducir significativamente la retenci\u00f3n de regal\u00edas. Por ejemplo, el tratado entre Estados Unidos y Australia hist\u00f3ricamente establec\u00eda un l\u00edmite del 5 % para las regal\u00edas en su texto.<\/p>\n<p>La tasa del tratado solo se aplica si usted reside efectivamente en el pa\u00eds del tratado a efectos del mismo. La ciudadan\u00eda por s\u00ed sola no es suficiente.<\/p>\n<hr>\n<p><strong>6) Soy ciudadano australiano, pero vivo en Paraguay. \u00bfPuedo reclamar el tratado con Australia?<\/strong><\/p>\n<p>Quiz\u00e1s, quiz\u00e1s no.<\/p>\n<p>Los beneficios del tratado generalmente requieren que usted sea residente fiscal del pa\u00eds del tratado, seg\u00fan las normas de dicho pa\u00eds y la definici\u00f3n de residente del tratado. Si no es residente fiscal de Australia, solicitar la tasa del tratado australiano bas\u00e1ndose \u00fanicamente en el pasaporte genera riesgo de tergiversaci\u00f3n.<\/p>\n<p>Si vive en un pa\u00eds que no tiene un tratado sobre el impuesto a la renta con EE. UU., generalmente volver\u00e1 a aplicar la retenci\u00f3n FDAP legal del 30 por ciento.<\/p>\n<hr>\n<p><strong>7) \u00bfQu\u00e9 formularios emite Amazon para las regal\u00edas de KDP?<\/strong><\/p>\n<p>Lo m\u00e1s com\u00fan es que los creadores extranjeros que reciben pagos FDAP de origen estadounidense reciban el Formulario 1042-S.<\/p>\n<p>Este formulario muestra:<\/p>\n<ul>\n<li>Regal\u00edas brutas reportadas<\/li>\n<li>La tasa de retenci\u00f3n aplicada<\/li>\n<li>La cantidad retenida y remitida<\/li>\n<\/ul>\n<hr>\n<p><strong>8) Si una LLC no ayuda, \u00bfqu\u00e9 estructura puede reducir el impacto?<\/strong><\/p>\n<p><strong>Opci\u00f3n A: Permanecer como est\u00e1 y aceptar la retenci\u00f3n<\/strong><\/p>\n<p>Si su residencia o posici\u00f3n en el tratado no le permite una retenci\u00f3n reducida, es posible que tenga que pagar retenciones predeterminadas sobre regal\u00edas de fuente estadounidense.<\/p>\n<p><strong>Opci\u00f3n B: Utilizar una corporaci\u00f3n C de EE. UU.<\/strong><\/p>\n<p>Si una corporaci\u00f3n estadounidense recibe las regal\u00edas, normalmente no se aplica la retenci\u00f3n del 30% de la NRA. La corporaci\u00f3n paga el impuesto sobre la renta corporativa estadounidense sobre la renta neta imponible despu\u00e9s de gastos. El impuesto corporativo federal se considera com\u00fanmente del 21%. Los dividendos a accionistas extranjeros pueden generar una segunda capa impositiva.<\/p>\n<p><strong>Opci\u00f3n C: Cambiar el modelo de negocio<\/strong><\/p>\n<p>Algunos creadores se reestructuran para que sus ingresos no se consideren regal\u00edas. Esto depende en gran medida de los contratos de la plataforma y de las circunstancias operativas.<\/p>\n<hr>\n<p><strong>9) \u00bfQu\u00e9 es el impuesto sobre sociedades holding personales y se aplica?<\/strong><\/p>\n<p>Una Sociedad de Holding Personal (SHP) es una sociedad an\u00f3nima cerrada que genera ingresos pasivos sustanciales. Las normas de SHP pueden imponer un impuesto adicional sobre los ingresos no distribuidos.<\/p>\n<p>Las corporaciones con altos niveles de regal\u00edas pueden generar inquietudes en materia de PHC dependiendo de la propiedad, la composici\u00f3n de los ingresos y las distribuciones.<\/p>\n<hr>\n<p><strong>10) \u00bfQu\u00e9 pasa si vendo mi cuenta KDP en lugar de recibir regal\u00edas?<\/strong><\/p>\n<p>Algunos contribuyentes no estadounidenses venden el negocio para detener las retenciones recurrentes.<\/p>\n<p>Si la venta est\u00e1 sujeta a impuestos en los EE. UU. depende de lo que se vende, d\u00f3nde reside el vendedor, si los pagos se asemejan a regal\u00edas y si existe una actividad comercial o negocio en los EE. UU.<\/p>\n<hr>\n<p><strong>11) Lista de verificaci\u00f3n pr\u00e1ctica de cumplimiento<\/strong><\/p>\n<ul>\n<li>Confirma c\u00f3mo Amazon clasifica tus pagos<\/li>\n<li>Confirme su residencia fiscal<\/li>\n<li>Complete la entrevista de impuestos W-8 correcta<\/li>\n<li>Conserve todos los formularios 1042-S<\/li>\n<li>Modelar cuidadosamente los escenarios corporativos<\/li>\n<li>Evite comprar tratados sin sustancia<\/li>\n<\/ul>\n<hr>\n<p><strong>\u00bfNecesita ayuda para decidir entre LLC o Corporaci\u00f3n para las regal\u00edas de KDP?<\/strong><\/p>\n<p>Si desea una revisi\u00f3n profesional de su residencia, exposici\u00f3n a retenciones y si una C-Corp de EE. UU. realmente reduce sus impuestos totales, reserve una consulta aqu\u00ed:<\/p>\n<p><a href=\"https:\/\/oandgaccounting.com\/appointment-booking-form\/\" target=\"_blank\" rel=\"noopener\">https:\/\/oandgaccounting.com\/appointment-booking-form\/<\/a><\/p>\n<\/p><\/div>\n<\/div>\n<p><img loading=\"lazy\" decoding=\"async\" src=\"https:\/\/oandgaccounting.com\/wp-content\/uploads\/2026\/01\/og5-1024x683.jpg\" alt=\"\" width=\"840\" height=\"560\" class=\"aligncenter size-large wp-image-6633\" srcset=\"https:\/\/oandgaccounting.com\/wp-content\/uploads\/2026\/01\/og5-1024x683.jpg 1024w, https:\/\/oandgaccounting.com\/wp-content\/uploads\/2026\/01\/og5-300x200.jpg 300w, https:\/\/oandgaccounting.com\/wp-content\/uploads\/2026\/01\/og5-768x512.jpg 768w, https:\/\/oandgaccounting.com\/wp-content\/uploads\/2026\/01\/og5-1200x800.jpg 1200w, https:\/\/oandgaccounting.com\/wp-content\/uploads\/2026\/01\/og5.jpg 1432w\" sizes=\"auto, (max-width: 709px) 85vw, (max-width: 909px) 67vw, (max-width: 1362px) 62vw, 840px\" \/><\/p>","protected":false},"excerpt":{"rendered":"<p>This FAQ is written for non-U.S. citizens \/ non-U.S. residents who earn income from Amazon KDP (Kindle Direct Publishing) and are confused about why Amazon withholds U.S. tax, whether a U.S. LLC fixes it, and what legitimate planning options exist. Educational only (not legal or tax advice). Cross-border tax answers change fast based on where &hellip; <a href=\"https:\/\/oandgaccounting.com\/es\/resources\/amazon-kdp-taxes-for-non-u-s-creators-faq-royalties-u-s-withholding-llc-vs-corporation-and-treaty-planning\/\" class=\"more-link\">Seguir leyendo<span class=\"screen-reader-text\"> &#8220;Amazon KDP Taxes for Non-U.S. Creators (FAQ): Royalties, U.S. Withholding, LLC vs Corporation, and Treaty Planning&#8221;<\/span><\/a><\/p>","protected":false},"author":1,"featured_media":0,"parent":24,"menu_order":0,"comment_status":"closed","ping_status":"closed","template":"default_withchat.php","meta":{"_acf_changed":false,"om_disable_all_campaigns":false,"_monsterinsights_skip_tracking":false,"_monsterinsights_sitenote_active":false,"_monsterinsights_sitenote_note":"","_monsterinsights_sitenote_category":0,"_uf_show_specific_survey":0,"_uf_disable_surveys":false,"footnotes":""},"class_list":["post-6632","page","type-page","status-publish","hentry"],"acf":[],"yoast_head":"<!-- This site is optimized with the Yoast SEO plugin v27.3 - https:\/\/yoast.com\/product\/yoast-seo-wordpress\/ -->\n<title>Amazon KDP Taxes for Non-U.S. Creators (FAQ): Royalties, U.S. Withholding, LLC vs Corporation, and Treaty Planning - O&amp;G Tax and Accounting<\/title>\n<meta name=\"robots\" content=\"index, follow, max-snippet:-1, max-image-preview:large, max-video-preview:-1\" \/>\n<link rel=\"canonical\" href=\"https:\/\/oandgaccounting.com\/es\/resources\/amazon-kdp-taxes-for-non-u-s-creators-faq-royalties-u-s-withholding-llc-vs-corporation-and-treaty-planning\/\" \/>\n<meta property=\"og:locale\" content=\"es_ES\" \/>\n<meta property=\"og:type\" content=\"article\" \/>\n<meta property=\"og:title\" content=\"Amazon KDP Taxes for Non-U.S. Creators (FAQ): Royalties, U.S. Withholding, LLC vs Corporation, and Treaty Planning - O&amp;G Tax and Accounting\" \/>\n<meta property=\"og:description\" content=\"This FAQ is written for non-U.S. citizens \/ non-U.S. residents who earn income from Amazon KDP (Kindle Direct Publishing) and are confused about why Amazon withholds U.S. tax, whether a U.S. LLC fixes it, and what legitimate planning options exist. Educational only (not legal or tax advice). Cross-border tax answers change fast based on where &hellip; Continue reading &quot;Amazon KDP Taxes for Non-U.S. Creators (FAQ): Royalties, U.S. Withholding, LLC vs Corporation, and Treaty Planning&quot;\" \/>\n<meta property=\"og:url\" content=\"https:\/\/oandgaccounting.com\/es\/resources\/amazon-kdp-taxes-for-non-u-s-creators-faq-royalties-u-s-withholding-llc-vs-corporation-and-treaty-planning\/\" \/>\n<meta property=\"og:site_name\" content=\"O&amp;G Tax and Accounting\" \/>\n<meta property=\"og:image\" content=\"https:\/\/oandgaccounting.com\/wp-content\/uploads\/2025\/10\/llc2.jpg\" \/>\n\t<meta property=\"og:image:width\" content=\"624\" \/>\n\t<meta property=\"og:image:height\" content=\"624\" \/>\n\t<meta property=\"og:image:type\" content=\"image\/jpeg\" \/>\n<meta name=\"twitter:card\" content=\"summary_large_image\" \/>\n<meta name=\"twitter:label1\" content=\"Tiempo de lectura\" \/>\n\t<meta name=\"twitter:data1\" content=\"4 minutos\" \/>\n<script type=\"application\/ld+json\" class=\"yoast-schema-graph\">{\"@context\":\"https:\\\/\\\/schema.org\",\"@graph\":[{\"@type\":\"WebPage\",\"@id\":\"https:\\\/\\\/oandgaccounting.com\\\/resources\\\/amazon-kdp-taxes-for-non-u-s-creators-faq-royalties-u-s-withholding-llc-vs-corporation-and-treaty-planning\\\/\",\"url\":\"https:\\\/\\\/oandgaccounting.com\\\/resources\\\/amazon-kdp-taxes-for-non-u-s-creators-faq-royalties-u-s-withholding-llc-vs-corporation-and-treaty-planning\\\/\",\"name\":\"Amazon KDP Taxes for Non-U.S. Creators (FAQ): Royalties, U.S. Withholding, LLC vs Corporation, and Treaty Planning - O&amp;G Tax and Accounting\",\"isPartOf\":{\"@id\":\"https:\\\/\\\/oandgaccounting.com\\\/#website\"},\"primaryImageOfPage\":{\"@id\":\"https:\\\/\\\/oandgaccounting.com\\\/resources\\\/amazon-kdp-taxes-for-non-u-s-creators-faq-royalties-u-s-withholding-llc-vs-corporation-and-treaty-planning\\\/#primaryimage\"},\"image\":{\"@id\":\"https:\\\/\\\/oandgaccounting.com\\\/resources\\\/amazon-kdp-taxes-for-non-u-s-creators-faq-royalties-u-s-withholding-llc-vs-corporation-and-treaty-planning\\\/#primaryimage\"},\"thumbnailUrl\":\"https:\\\/\\\/oandgaccounting.com\\\/wp-content\\\/uploads\\\/2026\\\/01\\\/og5-1024x683.jpg\",\"datePublished\":\"2026-01-05T06:05:05+00:00\",\"breadcrumb\":{\"@id\":\"https:\\\/\\\/oandgaccounting.com\\\/resources\\\/amazon-kdp-taxes-for-non-u-s-creators-faq-royalties-u-s-withholding-llc-vs-corporation-and-treaty-planning\\\/#breadcrumb\"},\"inLanguage\":\"es\",\"potentialAction\":[{\"@type\":\"ReadAction\",\"target\":[\"https:\\\/\\\/oandgaccounting.com\\\/resources\\\/amazon-kdp-taxes-for-non-u-s-creators-faq-royalties-u-s-withholding-llc-vs-corporation-and-treaty-planning\\\/\"]}]},{\"@type\":\"ImageObject\",\"inLanguage\":\"es\",\"@id\":\"https:\\\/\\\/oandgaccounting.com\\\/resources\\\/amazon-kdp-taxes-for-non-u-s-creators-faq-royalties-u-s-withholding-llc-vs-corporation-and-treaty-planning\\\/#primaryimage\",\"url\":\"https:\\\/\\\/oandgaccounting.com\\\/wp-content\\\/uploads\\\/2026\\\/01\\\/og5-1024x683.jpg\",\"contentUrl\":\"https:\\\/\\\/oandgaccounting.com\\\/wp-content\\\/uploads\\\/2026\\\/01\\\/og5-1024x683.jpg\"},{\"@type\":\"BreadcrumbList\",\"@id\":\"https:\\\/\\\/oandgaccounting.com\\\/resources\\\/amazon-kdp-taxes-for-non-u-s-creators-faq-royalties-u-s-withholding-llc-vs-corporation-and-treaty-planning\\\/#breadcrumb\",\"itemListElement\":[{\"@type\":\"ListItem\",\"position\":1,\"name\":\"Resources\",\"item\":\"https:\\\/\\\/oandgaccounting.com\\\/resources\\\/\"},{\"@type\":\"ListItem\",\"position\":2,\"name\":\"Amazon KDP Taxes for Non-U.S. Creators (FAQ): Royalties, U.S. Withholding, LLC vs Corporation, and Treaty Planning\"}]},{\"@type\":\"WebSite\",\"@id\":\"https:\\\/\\\/oandgaccounting.com\\\/#website\",\"url\":\"https:\\\/\\\/oandgaccounting.com\\\/\",\"name\":\"O&amp;G Tax and Accounting\",\"description\":\"\",\"publisher\":{\"@id\":\"https:\\\/\\\/oandgaccounting.com\\\/#organization\"},\"potentialAction\":[{\"@type\":\"SearchAction\",\"target\":{\"@type\":\"EntryPoint\",\"urlTemplate\":\"https:\\\/\\\/oandgaccounting.com\\\/?s={search_term_string}\"},\"query-input\":{\"@type\":\"PropertyValueSpecification\",\"valueRequired\":true,\"valueName\":\"search_term_string\"}}],\"inLanguage\":\"es\"},{\"@type\":\"Organization\",\"@id\":\"https:\\\/\\\/oandgaccounting.com\\\/#organization\",\"name\":\"O&amp;G Tax and Accounting\",\"url\":\"https:\\\/\\\/oandgaccounting.com\\\/\",\"logo\":{\"@type\":\"ImageObject\",\"inLanguage\":\"es\",\"@id\":\"https:\\\/\\\/oandgaccounting.com\\\/#\\\/schema\\\/logo\\\/image\\\/\",\"url\":\"https:\\\/\\\/oandgaccounting.com\\\/wp-content\\\/uploads\\\/2019\\\/07\\\/logo.png\",\"contentUrl\":\"https:\\\/\\\/oandgaccounting.com\\\/wp-content\\\/uploads\\\/2019\\\/07\\\/logo.png\",\"width\":123,\"height\":74,\"caption\":\"O&amp;G Tax and Accounting\"},\"image\":{\"@id\":\"https:\\\/\\\/oandgaccounting.com\\\/#\\\/schema\\\/logo\\\/image\\\/\"}}]}<\/script>\n<!-- \/ Yoast SEO plugin. -->","yoast_head_json":{"title":"Amazon KDP Taxes for Non-U.S. Creators (FAQ): Royalties, U.S. Withholding, LLC vs Corporation, and Treaty Planning - O&amp;G Tax and Accounting","robots":{"index":"index","follow":"follow","max-snippet":"max-snippet:-1","max-image-preview":"max-image-preview:large","max-video-preview":"max-video-preview:-1"},"canonical":"https:\/\/oandgaccounting.com\/es\/resources\/amazon-kdp-taxes-for-non-u-s-creators-faq-royalties-u-s-withholding-llc-vs-corporation-and-treaty-planning\/","og_locale":"es_ES","og_type":"article","og_title":"Amazon KDP Taxes for Non-U.S. Creators (FAQ): Royalties, U.S. Withholding, LLC vs Corporation, and Treaty Planning - O&amp;G Tax and Accounting","og_description":"This FAQ is written for non-U.S. citizens \/ non-U.S. residents who earn income from Amazon KDP (Kindle Direct Publishing) and are confused about why Amazon withholds U.S. tax, whether a U.S. LLC fixes it, and what legitimate planning options exist. Educational only (not legal or tax advice). Cross-border tax answers change fast based on where &hellip; Continue reading \"Amazon KDP Taxes for Non-U.S. Creators (FAQ): Royalties, U.S. Withholding, LLC vs Corporation, and Treaty Planning\"","og_url":"https:\/\/oandgaccounting.com\/es\/resources\/amazon-kdp-taxes-for-non-u-s-creators-faq-royalties-u-s-withholding-llc-vs-corporation-and-treaty-planning\/","og_site_name":"O&amp;G Tax and Accounting","og_image":[{"width":624,"height":624,"url":"https:\/\/oandgaccounting.com\/wp-content\/uploads\/2025\/10\/llc2.jpg","type":"image\/jpeg"}],"twitter_card":"summary_large_image","twitter_misc":{"Tiempo de lectura":"4 minutos"},"schema":{"@context":"https:\/\/schema.org","@graph":[{"@type":"WebPage","@id":"https:\/\/oandgaccounting.com\/resources\/amazon-kdp-taxes-for-non-u-s-creators-faq-royalties-u-s-withholding-llc-vs-corporation-and-treaty-planning\/","url":"https:\/\/oandgaccounting.com\/resources\/amazon-kdp-taxes-for-non-u-s-creators-faq-royalties-u-s-withholding-llc-vs-corporation-and-treaty-planning\/","name":"Amazon KDP Taxes for Non-U.S. Creators (FAQ): Royalties, U.S. Withholding, LLC vs Corporation, and Treaty Planning - O&amp;G Tax and Accounting","isPartOf":{"@id":"https:\/\/oandgaccounting.com\/#website"},"primaryImageOfPage":{"@id":"https:\/\/oandgaccounting.com\/resources\/amazon-kdp-taxes-for-non-u-s-creators-faq-royalties-u-s-withholding-llc-vs-corporation-and-treaty-planning\/#primaryimage"},"image":{"@id":"https:\/\/oandgaccounting.com\/resources\/amazon-kdp-taxes-for-non-u-s-creators-faq-royalties-u-s-withholding-llc-vs-corporation-and-treaty-planning\/#primaryimage"},"thumbnailUrl":"https:\/\/oandgaccounting.com\/wp-content\/uploads\/2026\/01\/og5-1024x683.jpg","datePublished":"2026-01-05T06:05:05+00:00","breadcrumb":{"@id":"https:\/\/oandgaccounting.com\/resources\/amazon-kdp-taxes-for-non-u-s-creators-faq-royalties-u-s-withholding-llc-vs-corporation-and-treaty-planning\/#breadcrumb"},"inLanguage":"es","potentialAction":[{"@type":"ReadAction","target":["https:\/\/oandgaccounting.com\/resources\/amazon-kdp-taxes-for-non-u-s-creators-faq-royalties-u-s-withholding-llc-vs-corporation-and-treaty-planning\/"]}]},{"@type":"ImageObject","inLanguage":"es","@id":"https:\/\/oandgaccounting.com\/resources\/amazon-kdp-taxes-for-non-u-s-creators-faq-royalties-u-s-withholding-llc-vs-corporation-and-treaty-planning\/#primaryimage","url":"https:\/\/oandgaccounting.com\/wp-content\/uploads\/2026\/01\/og5-1024x683.jpg","contentUrl":"https:\/\/oandgaccounting.com\/wp-content\/uploads\/2026\/01\/og5-1024x683.jpg"},{"@type":"BreadcrumbList","@id":"https:\/\/oandgaccounting.com\/resources\/amazon-kdp-taxes-for-non-u-s-creators-faq-royalties-u-s-withholding-llc-vs-corporation-and-treaty-planning\/#breadcrumb","itemListElement":[{"@type":"ListItem","position":1,"name":"Resources","item":"https:\/\/oandgaccounting.com\/resources\/"},{"@type":"ListItem","position":2,"name":"Amazon KDP Taxes for Non-U.S. Creators (FAQ): Royalties, U.S. Withholding, LLC vs Corporation, and Treaty Planning"}]},{"@type":"WebSite","@id":"https:\/\/oandgaccounting.com\/#website","url":"https:\/\/oandgaccounting.com\/","name":"Impuestos y contabilidad de petr\u00f3leo y gas","description":"","publisher":{"@id":"https:\/\/oandgaccounting.com\/#organization"},"potentialAction":[{"@type":"SearchAction","target":{"@type":"EntryPoint","urlTemplate":"https:\/\/oandgaccounting.com\/?s={search_term_string}"},"query-input":{"@type":"PropertyValueSpecification","valueRequired":true,"valueName":"search_term_string"}}],"inLanguage":"es"},{"@type":"Organization","@id":"https:\/\/oandgaccounting.com\/#organization","name":"Impuestos y contabilidad de petr\u00f3leo y gas","url":"https:\/\/oandgaccounting.com\/","logo":{"@type":"ImageObject","inLanguage":"es","@id":"https:\/\/oandgaccounting.com\/#\/schema\/logo\/image\/","url":"https:\/\/oandgaccounting.com\/wp-content\/uploads\/2019\/07\/logo.png","contentUrl":"https:\/\/oandgaccounting.com\/wp-content\/uploads\/2019\/07\/logo.png","width":123,"height":74,"caption":"O&amp;G Tax and Accounting"},"image":{"@id":"https:\/\/oandgaccounting.com\/#\/schema\/logo\/image\/"}}]}},"_links":{"self":[{"href":"https:\/\/oandgaccounting.com\/es\/wp-json\/wp\/v2\/pages\/6632","targetHints":{"allow":["GET"]}}],"collection":[{"href":"https:\/\/oandgaccounting.com\/es\/wp-json\/wp\/v2\/pages"}],"about":[{"href":"https:\/\/oandgaccounting.com\/es\/wp-json\/wp\/v2\/types\/page"}],"author":[{"embeddable":true,"href":"https:\/\/oandgaccounting.com\/es\/wp-json\/wp\/v2\/users\/1"}],"replies":[{"embeddable":true,"href":"https:\/\/oandgaccounting.com\/es\/wp-json\/wp\/v2\/comments?post=6632"}],"version-history":[{"count":0,"href":"https:\/\/oandgaccounting.com\/es\/wp-json\/wp\/v2\/pages\/6632\/revisions"}],"up":[{"embeddable":true,"href":"https:\/\/oandgaccounting.com\/es\/wp-json\/wp\/v2\/pages\/24"}],"wp:attachment":[{"href":"https:\/\/oandgaccounting.com\/es\/wp-json\/wp\/v2\/media?parent=6632"}],"curies":[{"name":"wp","href":"https:\/\/api.w.org\/{rel}","templated":true}]}}