{"id":6702,"date":"2026-01-08T10:09:40","date_gmt":"2026-01-08T10:09:40","guid":{"rendered":"https:\/\/oandgaccounting.com\/?page_id=6702"},"modified":"2026-01-17T19:53:25","modified_gmt":"2026-01-17T19:53:25","slug":"irs-tax-forms-on-demand-2","status":"publish","type":"page","link":"https:\/\/oandgaccounting.com\/es\/","title":{"rendered":"Cumplimiento tributario en EE. UU. para particulares y empresas (nacionales y extranjeras)"},"content":{"rendered":"<p>Servicios de Impuestos y Contabilidad O &amp; G ofrece servicios de cumplimiento y asesor\u00eda tributaria estadounidense con garant\u00eda de auditor\u00eda para particulares, familias, inversores y empresas. Ya sea que opere una LLC estadounidense, est\u00e9 gestionando la residencia permanente legal o gestione sus obligaciones tributarias transfronterizas en EE. UU., le ayudamos a garantizar que el sistema tributario estadounidense funcione a su favor, no en su contra.<\/p>","protected":false},"excerpt":{"rendered":"<p>Servicios de Impuestos y Contabilidad O &amp; G ofrece servicios de cumplimiento y asesor\u00eda tributaria estadounidense con garant\u00eda de auditor\u00eda para particulares, familias, inversores y empresas. Ya sea que opere una LLC estadounidense, est\u00e9 gestionando la residencia permanente legal o gestione sus obligaciones tributarias transfronterizas en EE. UU., le ayudamos a garantizar que el sistema tributario estadounidense funcione a su favor, no en su contra.<\/p>","protected":false},"author":1,"featured_media":0,"parent":0,"menu_order":0,"comment_status":"closed","ping_status":"closed","template":"home_backupdesign_new.php","meta":{"_acf_changed":false,"om_disable_all_campaigns":false,"_monsterinsights_skip_tracking":false,"_monsterinsights_sitenote_active":false,"_monsterinsights_sitenote_note":"","_monsterinsights_sitenote_category":0,"_uf_show_specific_survey":0,"_uf_disable_surveys":false,"footnotes":""},"class_list":["post-6702","page","type-page","status-publish","hentry"],"acf":[],"yoast_head":"<!-- This site is optimized with the Yoast SEO plugin v27.3 - https:\/\/yoast.com\/product\/yoast-seo-wordpress\/ -->\n<title>U.S. Tax Compliance for Individuals &amp; Businesses (Domestic and Foreign) - O&amp;G Tax and Accounting<\/title>\n<meta name=\"description\" content=\"U.S. tax strategy for foreign owners, immigrants, and expats. Attorney-CPA defense for Form 5472, FBAR, ECI, treaties, and cross-border compliance.\" \/>\n<meta name=\"robots\" content=\"index, follow, max-snippet:-1, max-image-preview:large, max-video-preview:-1\" \/>\n<link rel=\"canonical\" href=\"https:\/\/oandgaccounting.com\/es\/\" \/>\n<meta property=\"og:locale\" content=\"es_ES\" \/>\n<meta property=\"og:type\" content=\"article\" \/>\n<meta property=\"og:title\" content=\"U.S. Tax Compliance for Individuals &amp; Businesses (Domestic and Foreign) - O&amp;G Tax and Accounting\" \/>\n<meta property=\"og:description\" content=\"U.S. tax strategy for foreign owners, immigrants, and expats. Attorney-CPA defense for Form 5472, FBAR, ECI, treaties, and cross-border compliance.\" \/>\n<meta property=\"og:url\" content=\"https:\/\/oandgaccounting.com\/es\/\" \/>\n<meta property=\"og:site_name\" content=\"O&amp;G Tax and Accounting\" \/>\n<meta property=\"article:modified_time\" content=\"2026-01-17T19:53:25+00:00\" \/>\n<meta name=\"twitter:card\" content=\"summary_large_image\" \/>\n<meta name=\"twitter:label1\" content=\"Tiempo de lectura\" \/>\n\t<meta name=\"twitter:data1\" content=\"1 minuto\" \/>\n<script type=\"application\/ld+json\" class=\"yoast-schema-graph\">{\"@context\":\"https:\\\/\\\/schema.org\",\"@graph\":[{\"@type\":\"WebPage\",\"@id\":\"https:\\\/\\\/oandgaccounting.com\\\/\",\"url\":\"https:\\\/\\\/oandgaccounting.com\\\/\",\"name\":\"U.S. Tax Compliance for Individuals & Businesses (Domestic and Foreign) - O&amp;G Tax and Accounting\",\"isPartOf\":{\"@id\":\"https:\\\/\\\/oandgaccounting.com\\\/#website\"},\"datePublished\":\"2026-01-08T10:09:40+00:00\",\"dateModified\":\"2026-01-17T19:53:25+00:00\",\"description\":\"U.S. tax strategy for foreign owners, immigrants, and expats. Attorney-CPA defense for Form 5472, FBAR, ECI, treaties, and cross-border compliance.\",\"inLanguage\":\"es\",\"potentialAction\":[{\"@type\":\"ReadAction\",\"target\":[\"https:\\\/\\\/oandgaccounting.com\\\/\"]}]},{\"@type\":\"WebSite\",\"@id\":\"https:\\\/\\\/oandgaccounting.com\\\/#website\",\"url\":\"https:\\\/\\\/oandgaccounting.com\\\/\",\"name\":\"O&amp;G Tax and Accounting\",\"description\":\"\",\"publisher\":{\"@id\":\"https:\\\/\\\/oandgaccounting.com\\\/#organization\"},\"potentialAction\":[{\"@type\":\"SearchAction\",\"target\":{\"@type\":\"EntryPoint\",\"urlTemplate\":\"https:\\\/\\\/oandgaccounting.com\\\/?s={search_term_string}\"},\"query-input\":{\"@type\":\"PropertyValueSpecification\",\"valueRequired\":true,\"valueName\":\"search_term_string\"}}],\"inLanguage\":\"es\"},{\"@type\":\"Organization\",\"@id\":\"https:\\\/\\\/oandgaccounting.com\\\/#organization\",\"name\":\"O&amp;G Tax and Accounting\",\"url\":\"https:\\\/\\\/oandgaccounting.com\\\/\",\"logo\":{\"@type\":\"ImageObject\",\"inLanguage\":\"es\",\"@id\":\"https:\\\/\\\/oandgaccounting.com\\\/#\\\/schema\\\/logo\\\/image\\\/\",\"url\":\"https:\\\/\\\/oandgaccounting.com\\\/wp-content\\\/uploads\\\/2019\\\/07\\\/logo.png\",\"contentUrl\":\"https:\\\/\\\/oandgaccounting.com\\\/wp-content\\\/uploads\\\/2019\\\/07\\\/logo.png\",\"width\":123,\"height\":74,\"caption\":\"O&amp;G Tax and Accounting\"},\"image\":{\"@id\":\"https:\\\/\\\/oandgaccounting.com\\\/#\\\/schema\\\/logo\\\/image\\\/\"}}]}<\/script>\n<!-- \/ Yoast SEO plugin. -->","yoast_head_json":{"title":"Cumplimiento tributario en EE. UU. para particulares y empresas (nacionales y extranjeras) - Impuestos y contabilidad de petr\u00f3leo y gas","description":"Estrategia fiscal estadounidense para propietarios extranjeros, inmigrantes y expatriados. Defensa de abogados y contadores p\u00fablicos para el Formulario 5472, FBAR, ECI, tratados y cumplimiento transfronterizo.","robots":{"index":"index","follow":"follow","max-snippet":"max-snippet:-1","max-image-preview":"max-image-preview:large","max-video-preview":"max-video-preview:-1"},"canonical":"https:\/\/oandgaccounting.com\/es\/","og_locale":"es_ES","og_type":"article","og_title":"U.S. Tax Compliance for Individuals & Businesses (Domestic and Foreign) - O&amp;G Tax and Accounting","og_description":"U.S. tax strategy for foreign owners, immigrants, and expats. Attorney-CPA defense for Form 5472, FBAR, ECI, treaties, and cross-border compliance.","og_url":"https:\/\/oandgaccounting.com\/es\/","og_site_name":"O&amp;G Tax and Accounting","article_modified_time":"2026-01-17T19:53:25+00:00","twitter_card":"summary_large_image","twitter_misc":{"Tiempo de lectura":"1 minuto"},"schema":{"@context":"https:\/\/schema.org","@graph":[{"@type":"WebPage","@id":"https:\/\/oandgaccounting.com\/","url":"https:\/\/oandgaccounting.com\/","name":"Cumplimiento tributario en EE. UU. para particulares y empresas (nacionales y extranjeras) - Impuestos y contabilidad de petr\u00f3leo y gas","isPartOf":{"@id":"https:\/\/oandgaccounting.com\/#website"},"datePublished":"2026-01-08T10:09:40+00:00","dateModified":"2026-01-17T19:53:25+00:00","description":"Estrategia fiscal estadounidense para propietarios extranjeros, inmigrantes y expatriados. Defensa de abogados y contadores p\u00fablicos para el Formulario 5472, FBAR, ECI, tratados y cumplimiento transfronterizo.","inLanguage":"es","potentialAction":[{"@type":"ReadAction","target":["https:\/\/oandgaccounting.com\/"]}]},{"@type":"WebSite","@id":"https:\/\/oandgaccounting.com\/#website","url":"https:\/\/oandgaccounting.com\/","name":"Impuestos y contabilidad de petr\u00f3leo y gas","description":"","publisher":{"@id":"https:\/\/oandgaccounting.com\/#organization"},"potentialAction":[{"@type":"SearchAction","target":{"@type":"EntryPoint","urlTemplate":"https:\/\/oandgaccounting.com\/?s={search_term_string}"},"query-input":{"@type":"PropertyValueSpecification","valueRequired":true,"valueName":"search_term_string"}}],"inLanguage":"es"},{"@type":"Organization","@id":"https:\/\/oandgaccounting.com\/#organization","name":"Impuestos y contabilidad de petr\u00f3leo y gas","url":"https:\/\/oandgaccounting.com\/","logo":{"@type":"ImageObject","inLanguage":"es","@id":"https:\/\/oandgaccounting.com\/#\/schema\/logo\/image\/","url":"https:\/\/oandgaccounting.com\/wp-content\/uploads\/2019\/07\/logo.png","contentUrl":"https:\/\/oandgaccounting.com\/wp-content\/uploads\/2019\/07\/logo.png","width":123,"height":74,"caption":"O&amp;G Tax and Accounting"},"image":{"@id":"https:\/\/oandgaccounting.com\/#\/schema\/logo\/image\/"}}]}},"_links":{"self":[{"href":"https:\/\/oandgaccounting.com\/es\/wp-json\/wp\/v2\/pages\/6702","targetHints":{"allow":["GET"]}}],"collection":[{"href":"https:\/\/oandgaccounting.com\/es\/wp-json\/wp\/v2\/pages"}],"about":[{"href":"https:\/\/oandgaccounting.com\/es\/wp-json\/wp\/v2\/types\/page"}],"author":[{"embeddable":true,"href":"https:\/\/oandgaccounting.com\/es\/wp-json\/wp\/v2\/users\/1"}],"replies":[{"embeddable":true,"href":"https:\/\/oandgaccounting.com\/es\/wp-json\/wp\/v2\/comments?post=6702"}],"version-history":[{"count":0,"href":"https:\/\/oandgaccounting.com\/es\/wp-json\/wp\/v2\/pages\/6702\/revisions"}],"wp:attachment":[{"href":"https:\/\/oandgaccounting.com\/es\/wp-json\/wp\/v2\/media?parent=6702"}],"curies":[{"name":"wp","href":"https:\/\/api.w.org\/{rel}","templated":true}]}}