{"id":6719,"date":"2026-01-14T06:12:37","date_gmt":"2026-01-14T06:12:37","guid":{"rendered":"https:\/\/oandgaccounting.com\/?page_id=6719"},"modified":"2026-01-26T00:55:15","modified_gmt":"2026-01-26T00:55:15","slug":"foreign-owned-u-s-llc-tax-compliance-faq","status":"publish","type":"page","link":"https:\/\/oandgaccounting.com\/es\/resources\/foreign-owned-u-s-llc-tax-compliance-faq\/","title":{"rendered":"Preguntas frecuentes sobre impuestos y cumplimiento normativo para sociedades de responsabilidad limitada (LLC) estadounidenses de propiedad extranjera"},"content":{"rendered":"<div class=\"onefivequestion\">\n<div class=\"container py-4 text-left\">\n<p><strong>Orientaci\u00f3n para fundadores no estadounidenses que utilizan una LLC estadounidense para pagos, comercio electr\u00f3nico, consultor\u00eda o clientes estadounidenses, redactada desde la perspectiva de un contador p\u00fablico certificado y un abogado fiscal.<\/strong><\/p>\n<p><em>Importante: esto es educaci\u00f3n general y no asesoramiento legal ni fiscal para sus datos espec\u00edficos.<\/em><\/p>\n<hr>\n<p><strong>1) \u201cNo soy residente de EE. UU. Si formo una LLC en EE. UU., \u00bfdebo autom\u00e1ticamente pagar impuestos sobre la renta de EE. UU.?\u201d<\/strong><\/p>\n<p>No. Formar una LLC en EE. UU. (o tener una cuenta bancaria en EE. UU., Stripe o PayPal) no genera autom\u00e1ticamente impuestos federales sobre la renta en EE. UU.<\/p>\n<p>Lo que generalmente controla la exposici\u00f3n al impuesto sobre la renta de EE. UU. es si su empresa tiene una <a href=\"https:\/\/www.irs.gov\/individuals\/international-taxpayers\/effectively-connected-income-eci#:~:text=Generally%2C%20when%20a%20foreign%20person,be%20Effectively%20Connected%20Income%20(ECI).\" rel=\"noopener\" target=\"_blank\">Comercio o negocio en EE. UU. y\/o ingresos efectivamente conectados (ECI)<\/a>. Esto a menudo depende de d\u00f3nde se realiza el trabajo, qui\u00e9n lo realiza y si hay personas en los EE. UU. que generan ingresos en su nombre.<\/p>\n<hr>\n<p><strong>2) \u00bfCu\u00e1l es el error #1 que cometen los propietarios extranjeros con el cumplimiento de las LLC en EE. UU.?<\/strong><\/p>\n<p>Suponiendo que \u201csin ingresos\u201d significa \u201csin presentaci\u00f3n de declaraciones\u201d.\u201d<\/p>\n<p>Para muchas estructuras de LLC de propiedad extranjera, la declaraci\u00f3n al IRS se centra en la divulgaci\u00f3n, no en las ganancias. El ejemplo m\u00e1s com\u00fan es <a href=\"https:\/\/oandgaccounting.com\/foreign-owned-us-llc\/how-to-file-forms-5472-and-1120-for-a-foreign-owned-single-member-llc\/\" rel=\"noopener\" target=\"_blank\">Formulario 5472 con un formulario proforma 1120 <\/a>para una entidad ignorada de propiedad extranjera.<\/p>\n<ul>\n<li>Financiaci\u00f3n del propietario o aportaciones de capital<\/li>\n<li>Reembolsos pagados personalmente en nombre de la LLC<\/li>\n<li>Distribuciones devueltas al propietario<\/li>\n<li>Actividad de formaci\u00f3n o disoluci\u00f3n<\/li>\n<\/ul>\n<p>El IRS trata estas espec\u00edficamente como categor\u00edas de transacciones reportables.<\/p>\n<hr>\n<p><strong>3) \u00bfQu\u00e9 formulario de impuestos de EE. UU. debo presentar? (Estructuras de propietarios extranjeros m\u00e1s comunes)<\/strong><\/p>\n<p><strong>A) Sociedad de responsabilidad limitada estadounidense de propiedad extranjera y unipersonal (entidad ignorada)<\/strong><\/p>\n<ul>\n<li>Formulario 5472 (informe de transacciones entre partes relacionadas)<\/li>\n<li><a href=\"https:\/\/oandgaccounting.com\/resources\/essential-information-reporting-for-new-foreign-owned-single-member-llcs-understanding-proforma-1120-and-form-5472-requirements\/\" rel=\"noopener\" target=\"_blank\">Formulario proforma 1120 <\/a>(utilizado como portada de archivo)<\/li>\n<\/ul>\n<p>Esto suele requerirse incluso con cero ingresos si se producen transferencias de propietarios.<\/p>\n<p><strong>B) Sociedad de responsabilidad limitada (LLC) estadounidense de propiedad extranjera y con varios miembros<\/strong><\/p>\n<ul>\n<li><a href=\"https:\/\/www.irs.gov\/forms-pubs\/about-form-1065\" rel=\"noopener\" target=\"_blank\">Formulario 1065<<\/a>\/li&gt;\n<li>Formularios de socio K-1 (a menudo K-2\/K-3 seg\u00fan los hechos)<\/li>\n<\/ul>\n<p><strong>C) LLC estadounidense propiedad de una corporaci\u00f3n extranjera<\/strong><\/p>\n<ul>\n<li>LLC de EE. UU.: <a href=\"https:\/\/oandgaccounting.com\/foreign-owned-us-llc\/how-to-file-forms-5472-and-1120-for-a-foreign-owned-single-member-llc\/\" rel=\"noopener\" target=\"_blank\">Formulario 5472 + proforma 1120<\/a> (si se ignora)<\/li>\n<li>Corporaci\u00f3n extranjera: potencialmente <a href=\"https:\/\/www.irs.gov\/forms-pubs\/about-form-1120-f\" rel=\"noopener\" target=\"_blank\">Formulario 1120-F o una estrategia de declaraci\u00f3n protectora<\/a><\/li>\n<\/ul>\n<hr>\n<p><strong>4) Cambi\u00e9 de propietario, de una persona f\u00edsica extranjera a una empresa extranjera. \u00bfCambian mis declaraciones en EE. UU.?<\/strong><\/p>\n<p>Por lo general, el marco de divulgaci\u00f3n se mantiene igual. Lo que cambia es qui\u00e9n es el propietario extranjero a efectos de la declaraci\u00f3n.<\/p>\n<p>Tambi\u00e9n debe actualizar su acuerdo operativo y sus registros de membres\u00eda.<\/p>\n<hr>\n<p><strong>5) Disolv\u00ed mi LLC estadounidense. \u00bfA\u00fan tengo que presentar alg\u00fan documento?<\/strong><\/p>\n<p>A menudo, s\u00ed.<\/p>\n<p>La disoluci\u00f3n del estado no elimina las obligaciones de presentaci\u00f3n federal. Una <a href=\"https:\/\/oandgaccounting.com\/foreign-owned-us-llc\/how-to-file-forms-5472-and-1120-for-a-foreign-owned-single-member-llc\/\" rel=\"noopener\" target=\"_blank\">Formulario 5472 con formulario proforma 1120 <\/a>Se requiere com\u00fanmente.<\/p>\n<p>Algunos propietarios tambi\u00e9n solicitan <a href=\"https:\/\/www.irs.gov\/businesses\/small-businesses-self-employed\/if-you-no-longer-need-your-ein#:~:text=To%20deactivate%20your%20EIN%2C%20send,reason%20for%20deactivating%20your%20EIN\" rel=\"noopener\" target=\"_blank\">Cierre del EIN por carta<\/a>, lo cual es opcional.<\/p>\n<hr>\n<p><strong>6) \u00bfQu\u00e9 informa realmente el Formulario 5472?<\/strong><\/p>\n<p>El formulario 5472 es un formulario de divulgaci\u00f3n de transacciones entre partes relacionadas.<\/p>\n<ul>\n<li>Aportaciones de capital del propietario<\/li>\n<li>Distribuciones<\/li>\n<li>Reembolsos<\/li>\n<li>Transferencias entre empresas<\/li>\n<li>Actividad de formaci\u00f3n o disoluci\u00f3n<\/li>\n<\/ul>\n<hr>\n<p><strong>7) Recib\u00ed un formulario 1099 o 1099-K. \u00bfEso significa que debo impuestos en Estados Unidos?<\/strong><\/p>\n<p>No autom\u00e1ticamente.<\/p>\n<p>El formulario 1099-K informa el volumen de pagos, no la obligaci\u00f3n tributaria. Los umbrales y las directrices del IRS han cambiado, incluyendo actualizaciones a finales de 2025.<\/p>\n<ul>\n<li>Identificar qu\u00e9 representan los pagos<\/li>\n<li>Determinar el ingreso de fuente estadounidense o la exposici\u00f3n al ECI<\/li>\n<li>Concilie los totales de la plataforma con sus libros<\/li>\n<\/ul>\n<hr>\n<p><strong>8) W-9 vs W-8: \u00bfQu\u00e9 deber\u00edan dar los propietarios extranjeros a los clientes estadounidenses?<\/strong><\/p>\n<ul>\n<li><a href=\"https:\/\/www.irs.gov\/forms-pubs\/about-form-w-9\" rel=\"noopener\" target=\"_blank\">Formulario W-9<\/a> es para personas estadounidenses<\/li>\n<li><a href=\"https:\/\/www.irs.gov\/forms-pubs\/about-form-w-8-ben\" rel=\"noopener\" target=\"_blank\">W-8BEN <\/a>es para personas extranjeras<\/li>\n<li><a href=\"https:\/\/www.irs.gov\/forms-pubs\/about-form-w-8-ben-e\" rel=\"noopener\" target=\"_blank\">W-8BEN-E <\/a>es para entidades extranjeras<\/li>\n<\/ul>\n<p>Las LLC ignoradas suelen confundir a los pagadores. Errores en este aspecto suelen provocar informes 1099 incorrectos.<\/p>\n<hr>\n<p><strong>9) \u00bfNecesito constituirme en Delaware o Wyoming?<\/strong><\/p>\n<p>Centr\u00e9monos menos en los mitos online y m\u00e1s en la realidad operativa:<\/p>\n<ul>\n<li>D\u00f3nde se gestiona el negocio<\/li>\n<li>D\u00f3nde se realiza el trabajo generador de ingresos<\/li>\n<li>D\u00f3nde se encuentran los activos o inventarios<\/li>\n<\/ul>\n<p>Operar en otro lugar a\u00fan puede generar registro estatal e impuestos.<\/p>\n<hr>\n<p><strong>10) Advertencia de California<\/strong><\/p>\n<p>Si su empresa realiza negocios en California, es posible que deba impuestos LLC de California incluso si se constituy\u00f3 en otro estado.<\/p>\n<p><a href=\"https:\/\/www.ftb.ca.gov\/file\/business\/doing-business-in-california.html#:~:text=If%20you%20are%20doing%20business,subject%20to%20our%20tax%20laws.&#038;text=We%20consider%20you%20to%20be,meet%20any%20of%20the%20following%3A\" rel=\"noopener\" target=\"_blank\">California tiene sus propios umbrales para \u201chacer negocios\u201d<\/a>.<\/p>\n<hr>\n<p><strong>11) \u00bfUna elecci\u00f3n de declaraci\u00f3n conjunta federal convierte a mi c\u00f3nyuge extranjero en residente de California?<\/strong><\/p>\n<p>Generalmente no.<\/p>\n<p>Las elecciones federales afectan \u00fanicamente el tratamiento fiscal federal. La residencia en California depende del domicilio y la presencia f\u00edsica.<\/p>\n<p>California tiene mecanismos de presentaci\u00f3n separados, como el Formulario 540NR.<\/p>\n<hr>\n<p><strong>12) \u00bfNecesito permisos para vender libros electr\u00f3nicos o productos digitales?<\/strong><\/p>\n<p>Generalmente no se requieren permisos especiales para vender libros electr\u00f3nicos.<\/p>\n<ul>\n<li>Estructura de la entidad<\/li>\n<li>M\u00e9todo de declaraci\u00f3n de ingresos<\/li>\n<li>Nexo fiscal estatal<\/li>\n<\/ul>\n<hr>\n<p><strong>13) Impuesto sobre las ventas: \u00bfLas empresas extranjeras deben registrarse en todas partes?<\/strong><\/p>\n<p>Eso depende.<\/p>\n<p>El impuesto sobre las ventas es espec\u00edfico de cada estado y se basa en ambos <a href=\"https:\/\/www.salestaxinstitute.com\/resources\/economic-nexus-state-guide\" rel=\"noopener\" target=\"_blank\">umbrales del nexo econ\u00f3mico f\u00edsico<\/a>. Es necesario registrarse antes de la recogida.<\/p>\n<p>Los productos digitales y el software a menudo cambian el an\u00e1lisis.<\/p>\n<hr>\n<p><strong>14) Informe BOI: \u00bfEs esta una presentaci\u00f3n ante el IRS?<\/strong><\/p>\n<p>No. Los informes de BOI son gestionados por <a href=\"https:\/\/www.fincen.gov\/boi#:~:text=Alert%3A%20Ongoing%20Litigation%20%E2%80%93%20National\" rel=\"noopener\" target=\"_blank\">FinCEN, no el IRS<\/a>.<\/p>\n<p>Las reglas han cambiado. <a href=\"https:\/\/www.fincen.gov\/boi#:~:text=Existing%20foreign%20companies%20that%20must,for%20most%20companies%E2%80%94to%20do%20so.\" rel=\"noopener\" target=\"_blank\">Las entidades nacionales generalmente est\u00e1n exentas, pero algunas entidades extranjeras a\u00fan tienen obligaciones.<\/a><\/p>\n<p>Confirme siempre las reglas actuales.<\/p>\n<hr>\n<p><strong>15) \u00bfQu\u00e9 debo hacer a continuaci\u00f3n? (Flujo de trabajo de cumplimiento simple)<\/strong><\/p>\n<ul>\n<li>Confirme su tipo de entidad y propiedad<\/li>\n<li>Mapear los movimientos de efectivo<\/li>\n<li>Evaluar el riesgo comercial o empresarial de EE. UU.<\/li>\n<li>Presentar los formularios federales requeridos a tiempo<\/li>\n<li>Agregar an\u00e1lisis de estado solo si existe nexo<\/li>\n<\/ul>\n<hr>\n<p><strong>\u00bfEst\u00e1s listo para manejar esto correctamente?<\/strong><\/p>\n<p>Si desea que un contador p\u00fablico o un abogado fiscal revise su estructura y confirme que las presentaciones son correctas, reserve una cita. <a href=\"https:\/\/oandgaccounting.com\/appointment-booking-form\/\" rel=\"noopener\" target=\"_blank\">cita pagada aqu\u00ed<\/a>:<\/p>\n<p><a href=\"https:\/\/oandgaccounting.com\/appointment-booking-form\/\" target=\"_blank\" rel=\"noopener\">https:\/\/oandgaccounting.com\/appointment-booking-form\/<\/a><\/p>\n<p><img loading=\"lazy\" decoding=\"async\" src=\"https:\/\/oandgaccounting.com\/wp-content\/uploads\/2026\/01\/oand2-1024x683.jpg\" alt=\"\" width=\"840\" height=\"560\" class=\"aligncenter size-large wp-image-6720\" srcset=\"https:\/\/oandgaccounting.com\/wp-content\/uploads\/2026\/01\/oand2-1024x683.jpg 1024w, https:\/\/oandgaccounting.com\/wp-content\/uploads\/2026\/01\/oand2-300x200.jpg 300w, https:\/\/oandgaccounting.com\/wp-content\/uploads\/2026\/01\/oand2-768x512.jpg 768w, https:\/\/oandgaccounting.com\/wp-content\/uploads\/2026\/01\/oand2-1200x800.jpg 1200w, https:\/\/oandgaccounting.com\/wp-content\/uploads\/2026\/01\/oand2.jpg 1432w\" sizes=\"auto, (max-width: 709px) 85vw, (max-width: 909px) 67vw, (max-width: 1362px) 62vw, 840px\" \/><\/p><\/div>\n<\/div>","protected":false},"excerpt":{"rendered":"<p>Guidance for non-U.S. founders using a U.S. LLC for payments, ecommerce, consulting, or U.S. customers \u2014 written from a CPA\/tax attorney perspective. Important: This is general education, not legal or tax advice for your specific facts. 1) \u201cI\u2019m not a U.S. resident. If I form a U.S. LLC, do I automatically owe U.S. income tax?\u201d &hellip; <a href=\"https:\/\/oandgaccounting.com\/es\/resources\/foreign-owned-u-s-llc-tax-compliance-faq\/\" class=\"more-link\">Seguir leyendo<span class=\"screen-reader-text\"> &#8220;Foreign-Owned U.S. LLC Tax &#038; Compliance FAQ&#8221;<\/span><\/a><\/p>","protected":false},"author":1,"featured_media":0,"parent":24,"menu_order":0,"comment_status":"closed","ping_status":"closed","template":"default_withchat.php","meta":{"_acf_changed":false,"om_disable_all_campaigns":false,"_monsterinsights_skip_tracking":false,"_monsterinsights_sitenote_active":false,"_monsterinsights_sitenote_note":"","_monsterinsights_sitenote_category":0,"_uf_show_specific_survey":0,"_uf_disable_surveys":false,"footnotes":""},"class_list":["post-6719","page","type-page","status-publish","hentry"],"acf":[],"yoast_head":"<!-- This site is optimized with the Yoast SEO plugin v27.3 - https:\/\/yoast.com\/product\/yoast-seo-wordpress\/ -->\n<title>Foreign-Owned U.S. LLC Tax &amp; Compliance FAQ - O&amp;G Tax and Accounting<\/title>\n<meta name=\"robots\" content=\"index, follow, max-snippet:-1, max-image-preview:large, max-video-preview:-1\" \/>\n<link rel=\"canonical\" href=\"https:\/\/oandgaccounting.com\/es\/resources\/foreign-owned-u-s-llc-tax-compliance-faq\/\" \/>\n<meta property=\"og:locale\" content=\"es_ES\" \/>\n<meta property=\"og:type\" content=\"article\" \/>\n<meta property=\"og:title\" content=\"Foreign-Owned U.S. LLC Tax &amp; Compliance FAQ - O&amp;G Tax and Accounting\" \/>\n<meta property=\"og:description\" content=\"Guidance for non-U.S. founders using a U.S. LLC for payments, ecommerce, consulting, or U.S. customers \u2014 written from a CPA\/tax attorney perspective. Important: This is general education, not legal or tax advice for your specific facts. 1) \u201cI\u2019m not a U.S. resident. If I form a U.S. LLC, do I automatically owe U.S. income tax?\u201d &hellip; Continue reading &quot;Foreign-Owned U.S. LLC Tax &#038; Compliance FAQ&quot;\" \/>\n<meta property=\"og:url\" content=\"https:\/\/oandgaccounting.com\/es\/resources\/foreign-owned-u-s-llc-tax-compliance-faq\/\" \/>\n<meta property=\"og:site_name\" content=\"O&amp;G Tax and Accounting\" \/>\n<meta property=\"article:modified_time\" content=\"2026-01-26T00:55:15+00:00\" \/>\n<meta property=\"og:image\" content=\"https:\/\/oandgaccounting.com\/wp-content\/uploads\/2025\/10\/llc2.jpg\" \/>\n\t<meta property=\"og:image:width\" content=\"624\" \/>\n\t<meta property=\"og:image:height\" content=\"624\" \/>\n\t<meta property=\"og:image:type\" content=\"image\/jpeg\" \/>\n<meta name=\"twitter:card\" content=\"summary_large_image\" \/>\n<meta name=\"twitter:label1\" content=\"Tiempo de lectura\" \/>\n\t<meta name=\"twitter:data1\" content=\"4 minutos\" \/>\n<script type=\"application\/ld+json\" class=\"yoast-schema-graph\">{\"@context\":\"https:\\\/\\\/schema.org\",\"@graph\":[{\"@type\":\"WebPage\",\"@id\":\"https:\\\/\\\/oandgaccounting.com\\\/resources\\\/foreign-owned-u-s-llc-tax-compliance-faq\\\/\",\"url\":\"https:\\\/\\\/oandgaccounting.com\\\/resources\\\/foreign-owned-u-s-llc-tax-compliance-faq\\\/\",\"name\":\"Foreign-Owned U.S. LLC Tax & Compliance FAQ - O&amp;G Tax and Accounting\",\"isPartOf\":{\"@id\":\"https:\\\/\\\/oandgaccounting.com\\\/#website\"},\"primaryImageOfPage\":{\"@id\":\"https:\\\/\\\/oandgaccounting.com\\\/resources\\\/foreign-owned-u-s-llc-tax-compliance-faq\\\/#primaryimage\"},\"image\":{\"@id\":\"https:\\\/\\\/oandgaccounting.com\\\/resources\\\/foreign-owned-u-s-llc-tax-compliance-faq\\\/#primaryimage\"},\"thumbnailUrl\":\"https:\\\/\\\/oandgaccounting.com\\\/wp-content\\\/uploads\\\/2026\\\/01\\\/oand2-1024x683.jpg\",\"datePublished\":\"2026-01-14T06:12:37+00:00\",\"dateModified\":\"2026-01-26T00:55:15+00:00\",\"breadcrumb\":{\"@id\":\"https:\\\/\\\/oandgaccounting.com\\\/resources\\\/foreign-owned-u-s-llc-tax-compliance-faq\\\/#breadcrumb\"},\"inLanguage\":\"es\",\"potentialAction\":[{\"@type\":\"ReadAction\",\"target\":[\"https:\\\/\\\/oandgaccounting.com\\\/resources\\\/foreign-owned-u-s-llc-tax-compliance-faq\\\/\"]}]},{\"@type\":\"ImageObject\",\"inLanguage\":\"es\",\"@id\":\"https:\\\/\\\/oandgaccounting.com\\\/resources\\\/foreign-owned-u-s-llc-tax-compliance-faq\\\/#primaryimage\",\"url\":\"https:\\\/\\\/oandgaccounting.com\\\/wp-content\\\/uploads\\\/2026\\\/01\\\/oand2-1024x683.jpg\",\"contentUrl\":\"https:\\\/\\\/oandgaccounting.com\\\/wp-content\\\/uploads\\\/2026\\\/01\\\/oand2-1024x683.jpg\"},{\"@type\":\"BreadcrumbList\",\"@id\":\"https:\\\/\\\/oandgaccounting.com\\\/resources\\\/foreign-owned-u-s-llc-tax-compliance-faq\\\/#breadcrumb\",\"itemListElement\":[{\"@type\":\"ListItem\",\"position\":1,\"name\":\"Resources\",\"item\":\"https:\\\/\\\/oandgaccounting.com\\\/resources\\\/\"},{\"@type\":\"ListItem\",\"position\":2,\"name\":\"Foreign-Owned U.S. LLC Tax &#038; Compliance FAQ\"}]},{\"@type\":\"WebSite\",\"@id\":\"https:\\\/\\\/oandgaccounting.com\\\/#website\",\"url\":\"https:\\\/\\\/oandgaccounting.com\\\/\",\"name\":\"O&amp;G Tax and Accounting\",\"description\":\"\",\"publisher\":{\"@id\":\"https:\\\/\\\/oandgaccounting.com\\\/#organization\"},\"potentialAction\":[{\"@type\":\"SearchAction\",\"target\":{\"@type\":\"EntryPoint\",\"urlTemplate\":\"https:\\\/\\\/oandgaccounting.com\\\/?s={search_term_string}\"},\"query-input\":{\"@type\":\"PropertyValueSpecification\",\"valueRequired\":true,\"valueName\":\"search_term_string\"}}],\"inLanguage\":\"es\"},{\"@type\":\"Organization\",\"@id\":\"https:\\\/\\\/oandgaccounting.com\\\/#organization\",\"name\":\"O&amp;G Tax and Accounting\",\"url\":\"https:\\\/\\\/oandgaccounting.com\\\/\",\"logo\":{\"@type\":\"ImageObject\",\"inLanguage\":\"es\",\"@id\":\"https:\\\/\\\/oandgaccounting.com\\\/#\\\/schema\\\/logo\\\/image\\\/\",\"url\":\"https:\\\/\\\/oandgaccounting.com\\\/wp-content\\\/uploads\\\/2019\\\/07\\\/logo.png\",\"contentUrl\":\"https:\\\/\\\/oandgaccounting.com\\\/wp-content\\\/uploads\\\/2019\\\/07\\\/logo.png\",\"width\":123,\"height\":74,\"caption\":\"O&amp;G Tax and Accounting\"},\"image\":{\"@id\":\"https:\\\/\\\/oandgaccounting.com\\\/#\\\/schema\\\/logo\\\/image\\\/\"}}]}<\/script>\n<!-- \/ Yoast SEO plugin. -->","yoast_head_json":{"title":"Foreign-Owned U.S. LLC Tax & Compliance FAQ - O&amp;G Tax and Accounting","robots":{"index":"index","follow":"follow","max-snippet":"max-snippet:-1","max-image-preview":"max-image-preview:large","max-video-preview":"max-video-preview:-1"},"canonical":"https:\/\/oandgaccounting.com\/es\/resources\/foreign-owned-u-s-llc-tax-compliance-faq\/","og_locale":"es_ES","og_type":"article","og_title":"Foreign-Owned U.S. LLC Tax & Compliance FAQ - O&amp;G Tax and Accounting","og_description":"Guidance for non-U.S. founders using a U.S. LLC for payments, ecommerce, consulting, or U.S. customers \u2014 written from a CPA\/tax attorney perspective. Important: This is general education, not legal or tax advice for your specific facts. 1) \u201cI\u2019m not a U.S. resident. If I form a U.S. LLC, do I automatically owe U.S. income tax?\u201d &hellip; Continue reading \"Foreign-Owned U.S. LLC Tax &#038; Compliance FAQ\"","og_url":"https:\/\/oandgaccounting.com\/es\/resources\/foreign-owned-u-s-llc-tax-compliance-faq\/","og_site_name":"O&amp;G Tax and Accounting","article_modified_time":"2026-01-26T00:55:15+00:00","og_image":[{"width":624,"height":624,"url":"https:\/\/oandgaccounting.com\/wp-content\/uploads\/2025\/10\/llc2.jpg","type":"image\/jpeg"}],"twitter_card":"summary_large_image","twitter_misc":{"Tiempo de lectura":"4 minutos"},"schema":{"@context":"https:\/\/schema.org","@graph":[{"@type":"WebPage","@id":"https:\/\/oandgaccounting.com\/resources\/foreign-owned-u-s-llc-tax-compliance-faq\/","url":"https:\/\/oandgaccounting.com\/resources\/foreign-owned-u-s-llc-tax-compliance-faq\/","name":"Foreign-Owned U.S. LLC Tax & Compliance FAQ - O&amp;G Tax and Accounting","isPartOf":{"@id":"https:\/\/oandgaccounting.com\/#website"},"primaryImageOfPage":{"@id":"https:\/\/oandgaccounting.com\/resources\/foreign-owned-u-s-llc-tax-compliance-faq\/#primaryimage"},"image":{"@id":"https:\/\/oandgaccounting.com\/resources\/foreign-owned-u-s-llc-tax-compliance-faq\/#primaryimage"},"thumbnailUrl":"https:\/\/oandgaccounting.com\/wp-content\/uploads\/2026\/01\/oand2-1024x683.jpg","datePublished":"2026-01-14T06:12:37+00:00","dateModified":"2026-01-26T00:55:15+00:00","breadcrumb":{"@id":"https:\/\/oandgaccounting.com\/resources\/foreign-owned-u-s-llc-tax-compliance-faq\/#breadcrumb"},"inLanguage":"es","potentialAction":[{"@type":"ReadAction","target":["https:\/\/oandgaccounting.com\/resources\/foreign-owned-u-s-llc-tax-compliance-faq\/"]}]},{"@type":"ImageObject","inLanguage":"es","@id":"https:\/\/oandgaccounting.com\/resources\/foreign-owned-u-s-llc-tax-compliance-faq\/#primaryimage","url":"https:\/\/oandgaccounting.com\/wp-content\/uploads\/2026\/01\/oand2-1024x683.jpg","contentUrl":"https:\/\/oandgaccounting.com\/wp-content\/uploads\/2026\/01\/oand2-1024x683.jpg"},{"@type":"BreadcrumbList","@id":"https:\/\/oandgaccounting.com\/resources\/foreign-owned-u-s-llc-tax-compliance-faq\/#breadcrumb","itemListElement":[{"@type":"ListItem","position":1,"name":"Resources","item":"https:\/\/oandgaccounting.com\/resources\/"},{"@type":"ListItem","position":2,"name":"Foreign-Owned U.S. LLC Tax &#038; Compliance FAQ"}]},{"@type":"WebSite","@id":"https:\/\/oandgaccounting.com\/#website","url":"https:\/\/oandgaccounting.com\/","name":"Impuestos y contabilidad de petr\u00f3leo y gas","description":"","publisher":{"@id":"https:\/\/oandgaccounting.com\/#organization"},"potentialAction":[{"@type":"SearchAction","target":{"@type":"EntryPoint","urlTemplate":"https:\/\/oandgaccounting.com\/?s={search_term_string}"},"query-input":{"@type":"PropertyValueSpecification","valueRequired":true,"valueName":"search_term_string"}}],"inLanguage":"es"},{"@type":"Organization","@id":"https:\/\/oandgaccounting.com\/#organization","name":"Impuestos y contabilidad de petr\u00f3leo y gas","url":"https:\/\/oandgaccounting.com\/","logo":{"@type":"ImageObject","inLanguage":"es","@id":"https:\/\/oandgaccounting.com\/#\/schema\/logo\/image\/","url":"https:\/\/oandgaccounting.com\/wp-content\/uploads\/2019\/07\/logo.png","contentUrl":"https:\/\/oandgaccounting.com\/wp-content\/uploads\/2019\/07\/logo.png","width":123,"height":74,"caption":"O&amp;G Tax and Accounting"},"image":{"@id":"https:\/\/oandgaccounting.com\/#\/schema\/logo\/image\/"}}]}},"_links":{"self":[{"href":"https:\/\/oandgaccounting.com\/es\/wp-json\/wp\/v2\/pages\/6719","targetHints":{"allow":["GET"]}}],"collection":[{"href":"https:\/\/oandgaccounting.com\/es\/wp-json\/wp\/v2\/pages"}],"about":[{"href":"https:\/\/oandgaccounting.com\/es\/wp-json\/wp\/v2\/types\/page"}],"author":[{"embeddable":true,"href":"https:\/\/oandgaccounting.com\/es\/wp-json\/wp\/v2\/users\/1"}],"replies":[{"embeddable":true,"href":"https:\/\/oandgaccounting.com\/es\/wp-json\/wp\/v2\/comments?post=6719"}],"version-history":[{"count":0,"href":"https:\/\/oandgaccounting.com\/es\/wp-json\/wp\/v2\/pages\/6719\/revisions"}],"up":[{"embeddable":true,"href":"https:\/\/oandgaccounting.com\/es\/wp-json\/wp\/v2\/pages\/24"}],"wp:attachment":[{"href":"https:\/\/oandgaccounting.com\/es\/wp-json\/wp\/v2\/media?parent=6719"}],"curies":[{"name":"wp","href":"https:\/\/api.w.org\/{rel}","templated":true}]}}