{"id":691,"date":"2024-01-01T09:20:18","date_gmt":"2024-01-01T09:20:18","guid":{"rendered":"https:\/\/oandgaccounting.com\/?page_id=691"},"modified":"2024-01-03T21:49:04","modified_gmt":"2024-01-03T21:49:04","slug":"7-common-questions-about-foreign-owned-u-s-llcs-answered-by-a-cpa-2","status":"publish","type":"page","link":"https:\/\/oandgaccounting.com\/es\/foreign-owned-us-llc\/7-common-questions-about-foreign-owned-u-s-llcs-answered-by-a-cpa-2\/","title":{"rendered":"7 preguntas frecuentes sobre las LLC estadounidenses de propiedad extranjera respondidas por un contador p\u00fablico"},"content":{"rendered":"<div class=\"section py-5\">\n<div class=\"container py-4 text-left\">\n<p>A lo largo de mis a\u00f1os de experiencia profesional como contador p\u00fablico, he trabajado con innumerables sociedades de responsabilidad limitada (LLC) unipersonales de propiedad extranjera. Con frecuencia, comienzan bastante confusas.<\/p>\n<p>\u00bfQu\u00e9 informaci\u00f3n fiscal deben presentar? \u00bfC\u00f3mo la presentan? \u00bfC\u00f3mo obtienen una <a href=\"https:\/\/www.irs.gov\/businesses\/small-businesses-self-employed\/apply-for-an-employer-identification-number-ein-online\">N\u00famero de identificaci\u00f3n del empleador<\/a> (EIN, o n\u00famero de identificaci\u00f3n fiscal federal)?<\/p>\n<p>Para facilitar las cosas a todos, he compilado una lista de algunas de las preguntas m\u00e1s importantes que escucho.<\/p>\n<\/div>\n<\/div>\n<div class=\"section py-5 blue_bg\">\n<div class=\"container py-4 text-center\">\n<h3 class=\"text-white text-uppercase m-0\">Aqu\u00ed est\u00e1n las respuestas:<\/h3>\n<\/div>\n<\/div>\n<div class=\"section py-5 light_gray_bg\">\n<div class=\"container py-4 text-left\">\n<h5>1. \u00bfPuede una persona extranjera ser propietaria de una LLC en Estados Unidos?<\/h5>\n<p>S\u00ed. Generalmente, no existen restricciones a la propiedad extranjera de ninguna empresa formada en los Estados Unidos, excepto <a href=\"https:\/\/www.irs.gov\/businesses\/small-businesses-self-employed\/s-corporations\">Corporaciones S<\/a>. No es necesario ser ciudadano estadounidense ni tener una tarjeta verde para ser propietario de una sociedad de responsabilidad limitada o una corporaci\u00f3n formada en los Estados Unidos.<\/p>\n<p>Es m\u00e1s, el procedimiento para que un ciudadano extranjero forme una empresa en EE.UU. es exactamente el mismo que para un ciudadano estadounidense.<\/p>\n<\/div>\n<\/div>\n<div class=\"section py-5\">\n<div class=\"container py-4 text-left\">\n<h5>2. \u00bfUna LLC de propiedad extranjera tiene que pagar impuestos?<\/h5>\n<p>\u00a1Depende! Cualquier Sociedad de Responsabilidad Limitada (SRL) Unipersonal, ya sea de propiedad extranjera o no, que no haya optado por ser considerada una corporaci\u00f3n es autom\u00e1ticamente una &quot;entidad ignorada&quot;. Las entidades ignoradas existen legalmente, pero no tienen que pagar impuestos sobre la renta a menos que las SMLLC de propiedad extranjera generen ingresos que... <a href=\"https:\/\/www.irs.gov\/individuals\/international-taxpayers\/fixed-determinable-annual-periodical-fdap-income\">FDAP<\/a> o <a href=\"https:\/\/www.irs.gov\/individuals\/international-taxpayers\/effectively-connected-income-eci\">efectivamente conectado con el comercio o los negocios de EE. UU.<\/a>.<\/p>\n<p>As\u00ed que, aunque el papeleo puede ser un poco complicado, los extranjeros que poseen una SMLLC estadounidense no pierden dinero al presentar los formularios correspondientes. (Aunque podr\u00edan acabar pagando multas cuantiosas si no lo hacen; m\u00e1s informaci\u00f3n al respecto a continuaci\u00f3n).<\/p>\n<p>Esa es parte de la raz\u00f3n por la que tantos ciudadanos extranjeros forman SMLLC en lugar de corporaciones C. Todas las ganancias de una corporaci\u00f3n C est\u00e1n sujetas a <a href=\"https:\/\/www.law.cornell.edu\/wex\/double_taxation\">doble imposici\u00f3n <\/a> seg\u00fan la legislaci\u00f3n fiscal de Estados Unidos. <a href=\"https:\/\/www.law.cornell.edu\/wex\/double_taxation\">Impuesto doble<\/a> en el sentido de que las ganancias se gravan a nivel corporativo, y los dividendos pagados a los accionistas tambi\u00e9n est\u00e1n sujetos a impuestos.<\/p>\n<p>Por otro lado, una SMLLC de propiedad extranjera env\u00eda distribuciones de ganancias directamente al propietario o propietarios (en el caso de sociedades).<\/p>\n<p>Las LLC son claramente la mejor opci\u00f3n.<\/p>\n<\/div>\n<\/div>\n<div class=\"section py-5 light_gray_bg\">\n<div class=\"container py-4 text-left\">\n<h5>3. \u00bfQu\u00e9 debe hacer una LLC de propiedad extranjera para presentar los formularios correctos?<\/h5>\n<p>Todas las LLC de un solo miembro de propiedad extranjera deben:<\/p>\n<ul class=\"single border-0 pb-0 mb-0\">\n<li>Obtenga un N\u00famero de Identificaci\u00f3n de Empleador (EIN, o n\u00famero de identificaci\u00f3n fiscal federal)<\/li>\n<li>Formulario de archivo <a href=\"https:\/\/www.irs.gov\/forms-pubs\/about-form-5472\">5472<\/a> si ha habido alguna \u201ctransacci\u00f3n declarable\u201d durante el a\u00f1o fiscal anterior (las presentaciones de constituci\u00f3n y disoluci\u00f3n se consideran transacciones declarables)<\/li>\n<li>Presentar formulario pro forma <a href=\"https:\/\/www.irs.gov\/pub\/irs-pdf\/f1120.pdf\">1120<\/a><\/li>\n<li>Mantenga libros y registros para respaldar las afirmaciones que realiza en el Formulario 5472<\/li>\n<\/ul>\n<p>Nota: El IRS trata cada LLC no considerada de propiedad extranjera como una entidad independiente. Esto significa que si una persona extranjera posee m\u00e1s de una LLC, debe declarar cada una por separado. (De lo contrario, cada LLC recibe una multa por separado).<\/p>\n<\/div>\n<\/div>\n<div class=\"section py-5\">\n<div class=\"container py-4 text-left\">\n<h5>4. \u00bfC\u00f3mo obtiene una LLC de propiedad extranjera un N\u00famero de Identificaci\u00f3n de Empleador (EIN)?<\/h5>\n<p>Al igual que cualquier otra empresa, el propietario de una peque\u00f1a empresa de responsabilidad limitada (SMLLC) debe solicitar un EIN mediante la preparaci\u00f3n y presentaci\u00f3n de un formulario llamado &quot;SS4&quot;. Este formulario de solicitud de EIN debe estar firmado por lo que el IRS denomina &quot;Parte Responsable&quot;.\u201c<\/p>\n<p>Seg\u00fan el IRS, una parte responsable es \u201cel individuo que tiene un nivel de control sobre, o derecho a, los fondos o activos de la entidad que, en la pr\u00e1ctica, le permite al individuo, directa o indirectamente, controlar, administrar o dirigir la entidad y la disposici\u00f3n de sus fondos y activos\u201d.\u201d<\/p>\n<p>Si esta Parte Responsable no tiene una <a href=\"https:\/\/www.ssa.gov\/ssnumber\/\">N\u00famero de Seguro Social<\/a> o <a href=\"https:\/\/www.irs.gov\/individuals\/individual-taxpayer-identification-number\">ITIN<\/a>, el <a href=\"https:\/\/www.irs.gov\/pub\/irs-pdf\/iss4.pdf\">SS4<\/a> Debe presentarse ante una unidad especial del IRS. Dicha unidad gestionar\u00e1 la solicitud y emitir\u00e1 un EIN en un plazo de 30 d\u00edas. Enviar\u00e1n la notificaci\u00f3n oficial directamente a la direcci\u00f3n indicada en el formulario SS4.<\/p>\n<\/div>\n<\/div>\n<div class=\"section py-5 light_gray_bg\">\n<div class=\"container py-4 text-left\">\n<h5>5. \u00bfCu\u00e1nto dinero debe ganar una LLC de propiedad extranjera antes de presentar el Formulario 5472?<\/h5>\n<p>Siempre que una SMLLC sea de propiedad extranjera, al menos, seg\u00fan la norma 25%, debe presentar el Formulario 5472 para todas las transacciones declarables. No hay un monto m\u00ednimo para declarar. Incluso si los montos son excepcionalmente peque\u00f1os, debe declararlos al IRS mediante el Formulario 5472.<\/p>\n<\/div>\n<\/div>\n<div class=\"section py-5\">\n<div class=\"container py-4 text-left\">\n<h5>6. \u00bfQu\u00e9 pasa si no presento lo que debo?<\/h5>\n<p>Suceden cosas malas.<\/p>\n<p>Si una SMLLC es propiedad de al menos 25% por personas extranjeras y no presenta el Formulario 5472, las sanciones no son leves. La multa est\u00e1ndar sol\u00eda ser de 10.000 TP4T, pero ahora se ha elevado a 25.000 TP4T, y esto aplica solo para una LLC.<\/p>\n<p>La sanci\u00f3n tambi\u00e9n se aplica por no mantener los registros requeridos por la secci\u00f3n del Reglamento. <a href=\"https:\/\/www.law.cornell.edu\/cfr\/text\/26\/1.6038A-3\">1.6038A-3<\/a>.<\/p>\n<p>Si el incumplimiento persiste durante m\u00e1s de 90 d\u00edas tras la notificaci\u00f3n del IRS, se aplicar\u00e1 una multa adicional de $25,000. Esta multa se aplica a cada parte relacionada que presente un incumplimiento por cada per\u00edodo de 30 d\u00edas (o parte de un per\u00edodo de 30 d\u00edas) durante el cual el incumplimiento persista una vez finalizado el per\u00edodo de 90 d\u00edas.<\/p>\n<p>Sanciones penales en virtud de los art\u00edculos <a href=\"https:\/\/www.law.cornell.edu\/uscode\/text\/26\/7203\">7203<\/a>, <a href=\"https:\/\/www.law.cornell.edu\/uscode\/text\/26\/7206\">7206<\/a>, y <a href=\"https:\/\/www.law.cornell.edu\/uscode\/text\/26\/7207\">7207<\/a> Tambi\u00e9n podr\u00e1 solicitarse por falta de presentaci\u00f3n de informaci\u00f3n o por presentaci\u00f3n de informaci\u00f3n falsa o fraudulenta.<\/p>\n<p>Si tiene varios, se enfrentar\u00e1 a una multa adicional por cada uno de ellos.<\/p>\n<p>Cr\u00e9eme, puede acumularse r\u00e1pidamente.<\/p>\n<p>As\u00ed que, si alguna vez sientes la tentaci\u00f3n de evitarte la molestia de presentar la declaraci\u00f3n, no lo hagas. O al menos, busca a alguien que te ayude a quit\u00e1rtelo de encima.<\/p>\n<p>Hablando de eso\u2026<\/p>\n<\/div>\n<\/div>\n<div class=\"section py-5 light_gray_bg\">\n<div class=\"container py-4 text-left\">\n<h5>7. \u00bfPuede alguien ayudarme?<\/h5>\n<p>S\u00ed. Y si buscas un poco de ayuda, tampoco est\u00e1s solo.<\/p>\n<p>Cada a\u00f1o, legiones de extranjeros recurren a contadores p\u00fablicos para que les ayuden a presentar sus LLC unipersonales. Y no es de extra\u00f1ar, considerando las severas sanciones por incumplir la ley.<\/p>\n<p>Si tiene m\u00e1s preguntas, con gusto las responder\u00e9. Ya tengo varios clientes con sociedades de responsabilidad limitada (LLC) unipersonales de propiedad extranjera. Obviamente, he aprendido un par de cosas.<\/p>\n<p><a href=\"https:\/\/oandgaccounting.com\/contact\/\"><strong>Haga clic aqu\u00ed<\/strong><\/a> Para contactarme. Reunir\u00e9 todos los documentos y preparar\u00e9 los formularios necesarios. Incluso los enviar\u00e9 por fax o correo postal.<\/p>\n<p>\u00bfSuena bien? Pens\u00e9 que s\u00ed.<\/p>\n<p>Vamos a hablar.\n<\/p>\n<\/ol>\n<p> <strong>\u00a1\u00a1Nueva alerta de cumplimiento!!:<\/strong> El 1 de enero de 2024, el<a href=\"https:\/\/www.fincen.gov\/news\/news-releases\/us-beneficial-ownership-information-registry-now-accepting-reports\" rel=\"noopener\" target=\"_blank\"> Red de Control de Delitos Financieros (FinCEN)<\/a> anunci\u00f3 el inicio de <a href=\"https:\/\/www.fincen.gov\/boi\" rel=\"noopener\" target=\"_blank\">Informe de informaci\u00f3n sobre propiedad beneficiosa (BOI)<\/a> bajo la Ley de Transparencia Corporativa (CTA). Este avance crucial garantiza una mayor transparencia y contribuye a la lucha contra las actividades financieras il\u00edcitas. Las empresas establecidas o registradas en EE. UU. deben cumplir con estas normas de informaci\u00f3n, lo que contribuye a un entorno corporativo m\u00e1s responsable.<a href=\"https:\/\/www.fincen.gov\/news\/news-releases\/us-beneficial-ownership-information-registry-now-accepting-reports\" rel=\"noopener\" target=\"_blank\">M\u00e1s informaci\u00f3n<\/a> y <a href=\"https:\/\/oandgaccounting.com\/corporate-transparency-act-cta-filing-service\/\" rel=\"noopener\" target=\"_blank\">busca orientaci\u00f3n aqu\u00ed<\/a>.<\/p>\n<\/ol>\n<p>Si necesita servicios profesionales de contabilidad, le recomendamos visitar nuestra subsidiaria, <a href=\"https:\/\/ursaservicesllc.com\/\" rel=\"noopener\" target=\"_blank\">Servicios URSA LLC<\/a>. Nos especializamos en mantener sus finanzas en orden para que usted pueda concentrarse en el crecimiento de su negocio. No se preocupe, seguiremos aqu\u00ed para atender todas sus necesidades fiscales. <a href=\"https:\/\/ursaservicesllc.com\/\">Visita URSA Services LLC<\/a> \u00a1\u00a1\u00a1Hoy para aprender m\u00e1s!!!<\/p>\n<\/div>\n<\/div>\n<div class=\"section py-5\">\n<div class=\"container py-4 text-left\">\n<h5> <a href=\"https:\/\/oandgtax.thinkific.com\/courses\/do-it-yourself-proforma-1120-and-form-5472-for-foreign-owned-u-s-single-member-llc\" rel=\"noopener\" target=\"_blank\">Obtenga su copia hoy: C\u00f3mo presentar el Proforma 1120 y el Formulario 5472 para peque\u00f1as y medianas empresas (SMLLC) estadounidenses de propiedad extranjera<\/a> <\/h5>\n<p>La mera formaci\u00f3n de una LLC es una transacci\u00f3n declarable que debe ser informada por el propietario extranjero de una LLC de un solo miembro de EE. UU.<\/h5>\n<p>Este curso le proporciona la informaci\u00f3n m\u00e1s completa necesaria para presentar con \u00e9xito los Formularios Proforma 1120 y 5472 iniciales o del primer a\u00f1o.<\/h5>\n<p>Tenga en cuenta que la cobertura de este curso se limita solo a los formularios proforma 1120 y 5472 iniciales o de primer a\u00f1o, tambi\u00e9n es limitado y m\u00e1s adecuado para propietarios extranjeros de LLC de un solo miembro de EE. UU. donde la LLC:<\/p>\n<ul class=\"single border-0 pb-0 mb-0\">\n<li>No ten\u00eda ingresos ni gastos.<\/li>\n<li>No ten\u00eda empleados, agentes ni contratistas exclusivos en EE. UU.<\/li>\n<li>No ten\u00eda almacenes, oficinas ni ning\u00fan tipo de presencia f\u00edsica en Estados Unidos.<\/li>\n<li>No recib\u00ed un formulario 1099 ni ning\u00fan formulario de impuestos del procesador de pagos o del mercado de comercio electr\u00f3nico.<\/li>\n<\/div>\n<\/div>\n<div class=\"bookingblogsecsn\">\n<div class=\"row\">\n<div class=\"col-sm-12\">\n<div class=\"blgsectxtrt\">\n<p>Reserva una consulta paga <br \/> <a href=\"https:\/\/oandgaccounting.com\/appointment-booking-form\/\" class=\"bookbutn btn_style\">S\u00ed, reserva mi espacio<\/a><\/p>\n<\/div>","protected":false},"excerpt":{"rendered":"<p>A lo largo de mis a\u00f1os de experiencia profesional como contador p\u00fablico, he trabajado con innumerables sociedades de responsabilidad limitada (LLC) unipersonales de propiedad extranjera. Con frecuencia, empiezan con bastante confusi\u00f3n. \u00bfQu\u00e9 informaci\u00f3n fiscal deben presentar? \u00bfC\u00f3mo la presentan? \u00bfC\u00f3mo obtienen un N\u00famero de Identificaci\u00f3n Patronal (EIN, o n\u00famero de identificaci\u00f3n fiscal federal)? <a href=\"https:\/\/oandgaccounting.com\/es\/foreign-owned-us-llc\/7-common-questions-about-foreign-owned-u-s-llcs-answered-by-a-cpa-2\/\" class=\"more-link\">Seguir leyendo<span class=\"screen-reader-text\"> \u201c7 preguntas frecuentes sobre las LLC estadounidenses de propiedad extranjera, respondidas por un contador p\u00fablico\u201d<\/span><\/a><\/p>","protected":false},"author":1,"featured_media":0,"parent":30,"menu_order":0,"comment_status":"closed","ping_status":"closed","template":"","meta":{"_acf_changed":false,"om_disable_all_campaigns":false,"_monsterinsights_skip_tracking":false,"_monsterinsights_sitenote_active":false,"_monsterinsights_sitenote_note":"","_monsterinsights_sitenote_category":0,"_uf_show_specific_survey":0,"_uf_disable_surveys":false,"footnotes":""},"class_list":["post-691","page","type-page","status-publish","hentry"],"acf":[],"yoast_head":"<!-- This site is optimized with the Yoast SEO plugin v27.3 - https:\/\/yoast.com\/product\/yoast-seo-wordpress\/ -->\n<title>7 Common Questions about Foreign-Owned U.S. LLCs Answered\u2014by a CPA - O&amp;G Tax and Accounting<\/title>\n<meta name=\"robots\" content=\"index, follow, max-snippet:-1, max-image-preview:large, max-video-preview:-1\" \/>\n<link rel=\"canonical\" href=\"https:\/\/oandgaccounting.com\/es\/foreign-owned-us-llc\/7-common-questions-about-foreign-owned-u-s-llcs-answered-by-a-cpa-2\/\" \/>\n<meta property=\"og:locale\" content=\"es_ES\" \/>\n<meta property=\"og:type\" content=\"article\" \/>\n<meta property=\"og:title\" content=\"7 Common Questions about Foreign-Owned U.S. LLCs Answered\u2014by a CPA - O&amp;G Tax and Accounting\" \/>\n<meta property=\"og:description\" content=\"Throughout my years of professional experience as a CPA, I\u2019ve worked with countless foreign-owned single member LLCs. More often than not, they start out more than a little confused. What tax information do they have to file? How do they file it? How do they get an Employer Identification Number (EIN, or federal tax number)? &hellip; Continue reading &quot;7 Common Questions about Foreign-Owned U.S. LLCs Answered\u2014by a CPA&quot;\" \/>\n<meta property=\"og:url\" content=\"https:\/\/oandgaccounting.com\/es\/foreign-owned-us-llc\/7-common-questions-about-foreign-owned-u-s-llcs-answered-by-a-cpa-2\/\" \/>\n<meta property=\"og:site_name\" content=\"O&amp;G Tax and Accounting\" \/>\n<meta property=\"article:modified_time\" content=\"2024-01-03T21:49:04+00:00\" \/>\n<meta name=\"twitter:card\" content=\"summary_large_image\" \/>\n<meta name=\"twitter:label1\" content=\"Tiempo de lectura\" \/>\n\t<meta name=\"twitter:data1\" content=\"6 minutos\" \/>\n<script type=\"application\/ld+json\" class=\"yoast-schema-graph\">{\"@context\":\"https:\\\/\\\/schema.org\",\"@graph\":[{\"@type\":\"WebPage\",\"@id\":\"https:\\\/\\\/oandgaccounting.com\\\/foreign-owned-us-llc\\\/7-common-questions-about-foreign-owned-u-s-llcs-answered-by-a-cpa-2\\\/\",\"url\":\"https:\\\/\\\/oandgaccounting.com\\\/foreign-owned-us-llc\\\/7-common-questions-about-foreign-owned-u-s-llcs-answered-by-a-cpa-2\\\/\",\"name\":\"7 Common Questions about Foreign-Owned U.S. LLCs Answered\u2014by a CPA - O&amp;G Tax and Accounting\",\"isPartOf\":{\"@id\":\"https:\\\/\\\/oandgaccounting.com\\\/#website\"},\"datePublished\":\"2024-01-01T09:20:18+00:00\",\"dateModified\":\"2024-01-03T21:49:04+00:00\",\"breadcrumb\":{\"@id\":\"https:\\\/\\\/oandgaccounting.com\\\/foreign-owned-us-llc\\\/7-common-questions-about-foreign-owned-u-s-llcs-answered-by-a-cpa-2\\\/#breadcrumb\"},\"inLanguage\":\"es\",\"potentialAction\":[{\"@type\":\"ReadAction\",\"target\":[\"https:\\\/\\\/oandgaccounting.com\\\/foreign-owned-us-llc\\\/7-common-questions-about-foreign-owned-u-s-llcs-answered-by-a-cpa-2\\\/\"]}]},{\"@type\":\"BreadcrumbList\",\"@id\":\"https:\\\/\\\/oandgaccounting.com\\\/foreign-owned-us-llc\\\/7-common-questions-about-foreign-owned-u-s-llcs-answered-by-a-cpa-2\\\/#breadcrumb\",\"itemListElement\":[{\"@type\":\"ListItem\",\"position\":1,\"name\":\"Foreign Owned US LLC\",\"item\":\"https:\\\/\\\/oandgaccounting.com\\\/foreign-owned-us-llc\\\/\"},{\"@type\":\"ListItem\",\"position\":2,\"name\":\"7 Common Questions about Foreign-Owned U.S. LLCs Answered\u2014by a CPA\"}]},{\"@type\":\"WebSite\",\"@id\":\"https:\\\/\\\/oandgaccounting.com\\\/#website\",\"url\":\"https:\\\/\\\/oandgaccounting.com\\\/\",\"name\":\"O&amp;G Tax and Accounting\",\"description\":\"\",\"publisher\":{\"@id\":\"https:\\\/\\\/oandgaccounting.com\\\/#organization\"},\"potentialAction\":[{\"@type\":\"SearchAction\",\"target\":{\"@type\":\"EntryPoint\",\"urlTemplate\":\"https:\\\/\\\/oandgaccounting.com\\\/?s={search_term_string}\"},\"query-input\":{\"@type\":\"PropertyValueSpecification\",\"valueRequired\":true,\"valueName\":\"search_term_string\"}}],\"inLanguage\":\"es\"},{\"@type\":\"Organization\",\"@id\":\"https:\\\/\\\/oandgaccounting.com\\\/#organization\",\"name\":\"O&amp;G Tax and Accounting\",\"url\":\"https:\\\/\\\/oandgaccounting.com\\\/\",\"logo\":{\"@type\":\"ImageObject\",\"inLanguage\":\"es\",\"@id\":\"https:\\\/\\\/oandgaccounting.com\\\/#\\\/schema\\\/logo\\\/image\\\/\",\"url\":\"https:\\\/\\\/oandgaccounting.com\\\/wp-content\\\/uploads\\\/2019\\\/07\\\/logo.png\",\"contentUrl\":\"https:\\\/\\\/oandgaccounting.com\\\/wp-content\\\/uploads\\\/2019\\\/07\\\/logo.png\",\"width\":123,\"height\":74,\"caption\":\"O&amp;G Tax and Accounting\"},\"image\":{\"@id\":\"https:\\\/\\\/oandgaccounting.com\\\/#\\\/schema\\\/logo\\\/image\\\/\"}}]}<\/script>\n<!-- \/ Yoast SEO plugin. -->","yoast_head_json":{"title":"7 preguntas frecuentes sobre las LLC estadounidenses de propiedad extranjera respondidas por un contador p\u00fablico - Impuestos y contabilidad de petr\u00f3leo y gas","robots":{"index":"index","follow":"follow","max-snippet":"max-snippet:-1","max-image-preview":"max-image-preview:large","max-video-preview":"max-video-preview:-1"},"canonical":"https:\/\/oandgaccounting.com\/es\/foreign-owned-us-llc\/7-common-questions-about-foreign-owned-u-s-llcs-answered-by-a-cpa-2\/","og_locale":"es_ES","og_type":"article","og_title":"7 Common Questions about Foreign-Owned U.S. LLCs Answered\u2014by a CPA - O&amp;G Tax and Accounting","og_description":"Throughout my years of professional experience as a CPA, I\u2019ve worked with countless foreign-owned single member LLCs. More often than not, they start out more than a little confused. What tax information do they have to file? How do they file it? How do they get an Employer Identification Number (EIN, or federal tax number)? &hellip; Continue reading \"7 Common Questions about Foreign-Owned U.S. LLCs Answered\u2014by a CPA\"","og_url":"https:\/\/oandgaccounting.com\/es\/foreign-owned-us-llc\/7-common-questions-about-foreign-owned-u-s-llcs-answered-by-a-cpa-2\/","og_site_name":"O&amp;G Tax and Accounting","article_modified_time":"2024-01-03T21:49:04+00:00","twitter_card":"summary_large_image","twitter_misc":{"Tiempo de lectura":"6 minutos"},"schema":{"@context":"https:\/\/schema.org","@graph":[{"@type":"WebPage","@id":"https:\/\/oandgaccounting.com\/foreign-owned-us-llc\/7-common-questions-about-foreign-owned-u-s-llcs-answered-by-a-cpa-2\/","url":"https:\/\/oandgaccounting.com\/foreign-owned-us-llc\/7-common-questions-about-foreign-owned-u-s-llcs-answered-by-a-cpa-2\/","name":"7 preguntas frecuentes sobre las LLC estadounidenses de propiedad extranjera respondidas por un contador p\u00fablico - Impuestos y contabilidad de petr\u00f3leo y gas","isPartOf":{"@id":"https:\/\/oandgaccounting.com\/#website"},"datePublished":"2024-01-01T09:20:18+00:00","dateModified":"2024-01-03T21:49:04+00:00","breadcrumb":{"@id":"https:\/\/oandgaccounting.com\/foreign-owned-us-llc\/7-common-questions-about-foreign-owned-u-s-llcs-answered-by-a-cpa-2\/#breadcrumb"},"inLanguage":"es","potentialAction":[{"@type":"ReadAction","target":["https:\/\/oandgaccounting.com\/foreign-owned-us-llc\/7-common-questions-about-foreign-owned-u-s-llcs-answered-by-a-cpa-2\/"]}]},{"@type":"BreadcrumbList","@id":"https:\/\/oandgaccounting.com\/foreign-owned-us-llc\/7-common-questions-about-foreign-owned-u-s-llcs-answered-by-a-cpa-2\/#breadcrumb","itemListElement":[{"@type":"ListItem","position":1,"name":"Foreign Owned US LLC","item":"https:\/\/oandgaccounting.com\/foreign-owned-us-llc\/"},{"@type":"ListItem","position":2,"name":"7 Common Questions about Foreign-Owned U.S. LLCs Answered\u2014by a CPA"}]},{"@type":"WebSite","@id":"https:\/\/oandgaccounting.com\/#website","url":"https:\/\/oandgaccounting.com\/","name":"Impuestos y contabilidad de petr\u00f3leo y gas","description":"","publisher":{"@id":"https:\/\/oandgaccounting.com\/#organization"},"potentialAction":[{"@type":"SearchAction","target":{"@type":"EntryPoint","urlTemplate":"https:\/\/oandgaccounting.com\/?s={search_term_string}"},"query-input":{"@type":"PropertyValueSpecification","valueRequired":true,"valueName":"search_term_string"}}],"inLanguage":"es"},{"@type":"Organization","@id":"https:\/\/oandgaccounting.com\/#organization","name":"Impuestos y contabilidad de petr\u00f3leo y gas","url":"https:\/\/oandgaccounting.com\/","logo":{"@type":"ImageObject","inLanguage":"es","@id":"https:\/\/oandgaccounting.com\/#\/schema\/logo\/image\/","url":"https:\/\/oandgaccounting.com\/wp-content\/uploads\/2019\/07\/logo.png","contentUrl":"https:\/\/oandgaccounting.com\/wp-content\/uploads\/2019\/07\/logo.png","width":123,"height":74,"caption":"O&amp;G Tax and Accounting"},"image":{"@id":"https:\/\/oandgaccounting.com\/#\/schema\/logo\/image\/"}}]}},"_links":{"self":[{"href":"https:\/\/oandgaccounting.com\/es\/wp-json\/wp\/v2\/pages\/691","targetHints":{"allow":["GET"]}}],"collection":[{"href":"https:\/\/oandgaccounting.com\/es\/wp-json\/wp\/v2\/pages"}],"about":[{"href":"https:\/\/oandgaccounting.com\/es\/wp-json\/wp\/v2\/types\/page"}],"author":[{"embeddable":true,"href":"https:\/\/oandgaccounting.com\/es\/wp-json\/wp\/v2\/users\/1"}],"replies":[{"embeddable":true,"href":"https:\/\/oandgaccounting.com\/es\/wp-json\/wp\/v2\/comments?post=691"}],"version-history":[{"count":0,"href":"https:\/\/oandgaccounting.com\/es\/wp-json\/wp\/v2\/pages\/691\/revisions"}],"up":[{"embeddable":true,"href":"https:\/\/oandgaccounting.com\/es\/wp-json\/wp\/v2\/pages\/30"}],"wp:attachment":[{"href":"https:\/\/oandgaccounting.com\/es\/wp-json\/wp\/v2\/media?parent=691"}],"curies":[{"name":"wp","href":"https:\/\/api.w.org\/{rel}","templated":true}]}}