{"id":1057,"date":"2024-01-01T07:43:36","date_gmt":"2024-01-01T07:43:36","guid":{"rendered":"https:\/\/oandgaccounting.com\/staging\/?page_id=1057"},"modified":"2025-11-20T05:25:54","modified_gmt":"2025-11-20T05:25:54","slug":"choosing-your-business-structure-the-pros-and-cons-of-llcs","status":"publish","type":"page","link":"https:\/\/oandgaccounting.com\/staging\/es\/choosing-your-business-structure-the-pros-and-cons-of-llcs\/","title":{"rendered":"C\u00f3mo elegir la estructura de su empresa: ventajas y desventajas de las LLC"},"content":{"rendered":"<div class=\"onefivequestion\">\n<div class=\"section container\">\n<div class=\"row py-3\">\n<div class=\"container text-left\">\n<h2>C\u00f3mo elegir la estructura de su empresa: ventajas y desventajas de las LLC<\/h2>\n<p>Sociedades de responsabilidad limitada, o <a href=\"https:\/\/www.irs.gov\/businesses\/small-businesses-self-employed\/limited-liability-company-llc\">Sociedades de responsabilidad limitada (LLC)<\/a>, Son una opci\u00f3n popular para la constituci\u00f3n de entidades comerciales, especialmente para propietarios de peque\u00f1as empresas. Y hay buenas razones para ello. Ofrecen protecci\u00f3n de responsabilidad civil, flexibilidad administrativa y ventajas fiscales. Sin embargo, esto no significa que no existan posibles desventajas. Comprender... <a>Pros y contras de las LLC<\/a> es una parte importante de decidir si son <a>Adecuado para su negocio.<\/a><\/p>\n<p>Aqu\u00ed est\u00e1n los <a>Ventajas y desventajas de las LLC.<\/a><\/p>\n<\/div>\n<\/div>\n<\/div>\n<div class=\"section\">\n<div class=\"container text-left\">\n<h4>Ventajas de las LLC<\/h4>\n<h2>1. Responsabilidad limitada<\/h2>\n<p>La ventaja m\u00e1s obvia de una LLC est\u00e1 en el nombre:<a href=\"https:\/\/www.law.cornell.edu\/wex\/limited_liability\">responsabilidad limitada<\/a>. La estructura de una LLC limita la responsabilidad potencial del propietario. Dado que una LLC es una entidad legal independiente de su propietario, posee sus propios activos, celebra sus propios contratos y es responsable de sus propias deudas, no el propietario ni los propietarios.<\/p>\n<p>Por ejemplo, un propietario no puede ser considerado personalmente responsable de los da\u00f1os causados por la empresa o relacionados con ella. Si alguien resulta herido en la propiedad de la empresa o al usar uno de los productos de la LLC, no pueden reclamar los bienes personales del propietario.<\/p>\n<p>Algunos otros factores potenciales por los cuales no podr\u00edan ser considerados personalmente responsables son:<\/p>\n<ul class=\"single border-0 pb-0 mb-0\">\n<li>Deudas comerciales impagas (a menos que usted las garantice personalmente)<\/li>\n<li>Disputas entre proveedores<\/li>\n<\/ul>\n<p>Sin embargo, existen algunas excepciones. Se trata de responsabilidad limitada, no de responsabilidad cero. Las excepciones suelen aplicarse cuando existe una actividad delictiva o il\u00edcita, en cuyo caso... <a href=\"https:\/\/www.law.cornell.edu\/wex\/piercing_the_corporate_veil\">El velo corporativo puede ser perforado<\/a> y responsabilizar al propietario. Esto podr\u00eda incluir a las sociedades de responsabilidad limitada (LLC).<\/p>\n<ul class=\"single border-0 pb-0 mb-0\">\n<li>Cuyo prop\u00f3sito derrota el inter\u00e9s p\u00fablico<\/li>\n<li>Que comete fraude<\/li>\n<li>Evita la ley federal o estatal<\/li>\n<li>Los refugios abusan de los impuestos y la evasi\u00f3n fiscal<\/li>\n<\/ul>\n<p>Tambi\u00e9n podr\u00eda ocurrir debido a:<\/p>\n<ul class=\"single border-0 pb-0 mb-0\">\n<li>Subcapitalizaci\u00f3n<\/li>\n<li>No cumplir con las formalidades de la LLC<\/li>\n<li>No informar a un tercero que se est\u00e1 tratando con una LLC<\/li>\n<li>No establecer una separaci\u00f3n suficiente entre los miembros de la LLC y la entidad misma<\/li>\n<\/ul>\n<p>Los miembros tambi\u00e9n pueden ser responsables de:<\/p>\n<ul class=\"single border-0 pb-0 mb-0\">\n<li>Promesa escrita de aportar dinero y bienes o de realizar servicios<\/li>\n<li>Impuestos estatales<\/li>\n<li>Agravios ambientales de la entidad<\/li>\n<li>Distribuciones err\u00f3neas<\/li>\n<\/ul>\n<p>Pero siempre que el propietario cumpla con sus obligaciones personales y no participe en ninguna actividad ilegal, generalmente estar\u00e1 protegido de responsabilidades personales.<\/p>\n<\/div>\n<\/div>\n<div class=\"section\">\n<div class=\"container text-left\">\n<h2>2. Facilidad y simplicidad<\/h2>\n<p>Crear y administrar una LLC es mucho m\u00e1s sencillo que la mayor\u00eda de las entidades comerciales. Las LLC se crean bajo la ley estatal, y la mayor\u00eda de los estados permiten su constituci\u00f3n para cualquier prop\u00f3sito legal.<\/p>\n<p>Para formar una LLC, debe presentar la <a href=\"https:\/\/en.wikipedia.org\/wiki\/Articles_of_organization\">art\u00edculos de organizaci\u00f3n<\/a> Con el secretario de estado. Estos solo deben contener informaci\u00f3n general sobre la LLC, como su nombre, agente registrado, domicilio social, prop\u00f3sito comercial y duraci\u00f3n. Generalmente, se pueden presentar en l\u00ednea de forma r\u00e1pida y sencilla.<\/p>\n<p>Una vez que el estado aprueba sus estatutos, la LLC se convierte en una entidad legal independiente. La mayor\u00eda de los estados imponen una cuota anual de registro o renovaci\u00f3n, pero al igual que la creaci\u00f3n de la LLC, este proceso es sencillo.<\/p>\n<\/div>\n<\/div>\n<div class=\"section\">\n<div class=\"container text-left\">\n<h2>3. Estructura fiscal flexible<\/h2>\n<p>A diferencia de la mayor\u00eda de las dem\u00e1s estructuras empresariales, los propietarios de una LLC pueden optar por tributar como una de varias entidades empresariales. Estas incluyen:<\/p>\n<ul class=\"single border-0 pb-0 mb-0\">\n<li>Entidad ignorada (si es propiedad de una sola persona o de una pareja casada en <a href=\"https:\/\/www.thebalance.com\/community-property-states-3193432\">estados de propiedad comunitaria<\/a>)<\/li>\n<li><a href=\"https:\/\/www.irs.gov\/businesses\/small-businesses-self-employed\/partnerships\">Asociaci\u00f3n<\/a> (Si hay dos o m\u00e1s propietarios)<\/li>\n<li><a href=\"https:\/\/www.irs.gov\/businesses\/small-businesses-self-employed\/forming-a-corporation\">Corporaci\u00f3n C<\/a> \u2013 si marca la casilla en el formulario <a href=\"https:\/\/www.irs.gov\/forms-pubs\/about-form-8832\">8832<\/a><\/li>\n<li><a href=\"https:\/\/www.irs.gov\/businesses\/small-businesses-self-employed\/s-corporations\">Corporaci\u00f3n S<\/a> \u2013 si se hace la elecci\u00f3n en el formulario <a href=\"https:\/\/www.irs.gov\/pub\/irs-pdf\/f2553.pdf\">2553<\/a><\/li>\n<\/ul>\n<p>Una LLC de un solo miembro tributa como una entidad ignorada, lo que ofrece importantes ventajas. Cualquier ingreso o p\u00e9rdida comercial es... <a href=\"https:\/\/www.law.cornell.edu\/wex\/pass-through_taxation\">de paso<\/a>\u201d a los propietarios, se reportan en sus declaraciones de impuestos sobre la renta personal y tributan a nivel individual. Sin embargo, incluso al elegir una de las otras opciones, las LLC pueden ofrecer ventajas sobre otras entidades.<\/p>\n<\/div>\n<\/div>\n<div class=\"section\">\n<div class=\"container text-left\">\n<h2>4. Miembros o socios sin restricciones<\/h2>\n<p><a href=\"https:\/\/www.irs.gov\/businesses\/small-businesses-self-employed\/single-member-limited-liability-companies\">Sociedades de responsabilidad limitada de un solo miembro<\/a> Son muy comunes. Incluso pueden pertenecer a otras LLC, ya sean unipersonales o no. Esta estrategia de empresa multicapa se emplea a menudo en ciertas industrias, como:<\/p>\n<ul class=\"single border-0 pb-0 mb-0\">\n<li>Bienes ra\u00edces<\/li>\n<li>Segregaci\u00f3n de l\u00edneas de productos y servicios<\/li>\n<li>Productos minoristas de marca<\/li>\n<li>Farmac\u00e9utico<\/li>\n<\/ul>\n<p>Si bien las sociedades de responsabilidad limitada (LLC) unipersonales son comunes, no existe restricci\u00f3n en el n\u00famero de socios o propietarios involucrados. Esto contrasta con otras entidades comerciales, como:<\/p>\n<ul class=\"single border-0 pb-0 mb-0\">\n<li>sociedades en comandita simple (LP), que deben tener al menos un socio general<\/li>\n<li>Corporaciones S, que no pueden tener m\u00e1s de 100 propietarios y restringen la propiedad extranjera<\/li>\n<\/ul>\n<p>Adem\u00e1s, en el caso de las LLC multisociedad, existen normas flexibles sobre c\u00f3mo los socios reciben la distribuci\u00f3n del capital y las ganancias empresariales. Todos los socios pueden recibir un pago inferior o superior a su respectiva participaci\u00f3n. Incluso existe la posibilidad de deducciones fiscales por gastos empresariales o reembolsos si los socios deciden recibir pagos garantizados en lugar de las distribuciones normales.<\/p>\n<\/div>\n<\/div>\n<div class=\"section\">\n<div class=\"container text-left\">\n<h2>6. Menos requisitos estatales<\/h2>\n<p>Las LLC enfrentan menos requisitos de cumplimiento impuestos por el estado que las corporaciones, sociedades generales o corporaciones S.<\/p>\n<p>En la mayor\u00eda de los estados, no existe ning\u00fan requisito legal para que una LLC celebre reuniones anuales.<a>.<\/a> Las LLC tampoco est\u00e1n obligadas a tener una junta directiva, realizar tanto papeleo o mantener tantos registros como lo har\u00eda una corporaci\u00f3n.<\/p>\n<p>Otros aspectos ofrecen mayor flexibilidad, como permitir que los inversores de la LLC tengan poca o ninguna participaci\u00f3n en las decisiones diarias del negocio, siempre que esto se indique en el contrato. <a href=\"https:\/\/www.sba.gov\/blog\/basic-information-about-operating-agreements\">acuerdo operativo.<\/a><\/p>\n<\/div>\n<\/div>\n<div class=\"section\">\n<div class=\"container text-left\">\n<h4>Desventajas de las LLC<\/h4>\n<h2>1. Tarifas de presentaci\u00f3n y licencia<\/h2>\n<p>Existe una tarifa para presentar cualquier LLC nueva ante un estado y, generalmente, una tarifa de presentaci\u00f3n anual para mantener la LLC al d\u00eda.<\/p>\n<ul class=\"single border-0 pb-0 mb-0\">\n<li>La inicial <a href=\"https:\/\/www.llcuniversity.com\/llc-filing-fees-by-state\/\">tasa de presentaci\u00f3n<\/a> Por lo general var\u00eda entre $50 y $500.<\/li>\n<li>El <a href=\"https:\/\/www.llcuniversity.com\/llc-filing-fees-by-state\/\">tarifa de presentaci\u00f3n anual<\/a> rango de $0 a $820.<\/li>\n<\/ul>\n<p>Como puede ver, puede haber una gran diferencia entre estados. Algunos estados tambi\u00e9n tienen requisitos adicionales, como un agente local, lo que puede incrementar los costos de registro estatal. Es importante investigar las particularidades del estado donde desea constituir su LLC. Puede encontrar esa informaci\u00f3n en el sitio web de la secretar\u00eda de estado de su estado.<\/p>\n<p>De todos modos, el costo de establecer y mantener una LLC suele ser mucho menor que el de otras estructuras como una corporaci\u00f3n C o una corporaci\u00f3n S.<\/p>\n<\/div>\n<\/div>\n<div class=\"section\">\n<div class=\"container text-left\">\n<h2>2. M\u00e1s formularios de impuestos para sociedades de responsabilidad limitada (LLC) multimiembro<\/h2>\n<p>El proceso de preparaci\u00f3n de impuestos para una LLC de varios miembros puede ser complicado. Incluso si su LLC tributa como una entidad de transferencia, e incluso si no hay ingresos ni salidas de dinero de la empresa, la LLC deber\u00e1 presentar la declaraci\u00f3n. <a href=\"https:\/\/www.irs.gov\/pub\/irs-pdf\/f1065.pdf\">Formulario 1065<\/a> y despacho <a href=\"https:\/\/www.irs.gov\/forms-pubs\/about-schedule-k-1-form-1065\">Anexos K-1<\/a> A cada miembro de la LLC. Estos formularios K-1 se presentan junto con la declaraci\u00f3n de impuestos personal de cada propietario.<\/p>\n<p>Todos los formularios de impuestos para una LLC pueden incluir:<\/p>\n<ul class=\"single border-0 pb-0 mb-0\">\n<li>Declaraci\u00f3n de impuestos de sociedades<\/li>\n<li>K-1<\/li>\n<li>Impuestos de franquicia e impuestos especiales (si corresponde)<\/li>\n<\/ul>\n<p>Muchos estados, como California, Nueva York y Texas, tambi\u00e9n exigen que las LLC paguen un impuesto de franquicia o \u201cimpuesto al valor del capital\u201d.\u201d<\/p>\n<\/div>\n<\/div>\n<div class=\"section\">\n<div class=\"container text-left\">\n<h2>3. Los salarios de los miembros pueden complicar los impuestos<\/h2>\n<p>Actualmente, en materia fiscal, los socios o propietarios de una LLC no pueden cobrar salarios de su LLC. Pueden seguir recibiendo dinero de la LLC, pero en forma de distribuciones. En ese caso, los socios tributan sobre su parte de las ganancias, no sobre la cantidad que realmente recibieron.<\/p>\n<p><a href=\"https:\/\/www.investopedia.com\/terms\/g\/guaranteed-payments-partners.asp\">Pagos garantizados<\/a> Se puede crear una excepci\u00f3n a esto. Esto ocurre cuando una LLC paga a sus socios para reembolsarlos por el uso de su capital o por un servicio u otro beneficio que prestan a la empresa.<\/p>\n<\/div>\n<\/div>\n<div class=\"section\">\n<div class=\"container text-left\">\n<h2>4. Recaudaci\u00f3n de fondos<\/h2>\n<p>Al establecer una empresa, es posible que desee obtener financiaci\u00f3n de inversores externos. Operar una LLC puede dificultar esta tarea. Debido a la naturaleza de transferencia de las LLC, junto con la flexibilidad de sus socios administradores y su responsabilidad limitada, los inversores externos pueden considerarlas una apuesta m\u00e1s arriesgada que una empresa con una estructura m\u00e1s tradicional, como una C-Corp.<\/p>\n<p>Y debido a que las LLC no pueden emitir acciones, los inversores externos solo pueden invertir en una LLC a trav\u00e9s de una compra como miembro o mediante la compra de <a href=\"https:\/\/www.upcounsel.com\/llc-membership-interest\">inter\u00e9s de membres\u00eda.<\/a> Esto hace que sea dif\u00edcil conseguir capital social como normalmente lo har\u00eda un empresario principiante.<\/p>\n<p>Sin embargo, si eso no es una preocupaci\u00f3n, entonces esta desventaja potencial no es realmente un problema.<\/p>\n<\/div>\n<\/div>\n<div class=\"section\">\n<div class=\"container text-left\">\n<h4>\u00bfEs una LLC adecuada para usted?<\/h4>\n<p>Las LLC tienen muchas ventajas y desventajas inherentes. Sin embargo, en muchos casos, las ventajas superan a las desventajas. La estructura empresarial de una LLC suele ser ideal para emprendedores que desean establecer un negocio como entidad legal independiente, pero que conservan la responsabilidad limitada y tienen la opci\u00f3n de transferir impuestos.<\/p>\n<p>Las ventajas y desventajas de las LLC dejan claro que, para la mayor\u00eda de los emprendedores, es la decisi\u00f3n correcta. En definitiva, casi siempre son la forma m\u00e1s econ\u00f3mica, f\u00e1cil y segura de crear y mantener.<\/p>\n<p>Existen posibles desventajas, s\u00ed. Pero, en general, eso significa que hay que investigar un poco m\u00e1s para evitarlas. Las sociedades de responsabilidad limitada (LLC) ofrecen una excelente oportunidad para personalizar el enfoque, destacando las ventajas y minimizando los posibles riesgos o gastos.<\/p>\n<\/div>\n<\/div>\n<div class=\"section\">\n<div class=\"container text-left\">\n<h4>Estoy aqu\u00ed para ayudar.<\/h4>\n<p>Si no est\u00e1 seguro de si una LLC es la estructura adecuada para su negocio, o si necesita ayuda con el proceso de creaci\u00f3n, siempre estoy disponible. He ayudado a innumerables empresarios con sus LLC y puedo ayudarle a usted tambi\u00e9n.<\/p>\n<p><a href=\"https:\/\/oandgaccounting.com\/staging\/contact\/\">Haga clic aqu\u00ed<\/a> Para ponerme en contacto. \u00a1Estoy deseando hablar contigo!<\/p>\n<p> <strong>\u00a1\u00a1Nueva alerta de cumplimiento!!:<\/strong> El 1 de enero de 2024, el<a href=\"https:\/\/www.fincen.gov\/news\/news-releases\/us-beneficial-ownership-information-registry-now-accepting-reports\" rel=\"noopener\" target=\"_blank\"> Red de Control de Delitos Financieros (FinCEN)<\/a> anunci\u00f3 el inicio de <a href=\"https:\/\/www.fincen.gov\/boi\" rel=\"noopener\" target=\"_blank\">Informe de informaci\u00f3n sobre propiedad beneficiosa (BOI)<\/a> bajo la Ley de Transparencia Corporativa (CTA). Este avance crucial garantiza una mayor transparencia y contribuye a la lucha contra las actividades financieras il\u00edcitas. Las empresas establecidas o registradas en EE. UU. deben cumplir con estas normas de informaci\u00f3n, lo que contribuye a un entorno corporativo m\u00e1s responsable.<a href=\"https:\/\/www.fincen.gov\/news\/news-releases\/us-beneficial-ownership-information-registry-now-accepting-reports\" rel=\"noopener\" target=\"_blank\">M\u00e1s informaci\u00f3n<\/a> y <a href=\"https:\/\/oandgaccounting.com\/staging\/corporate-transparency-act-cta-filing-service\/\" rel=\"noopener\" target=\"_blank\">busca orientaci\u00f3n aqu\u00ed<\/a>.<\/p>\n<\/div>\n<\/div>\n<div class=\"bookingblogsecsn\">\n<div class=\"row\">\n<div class=\"col-sm-12\">\n<div class=\"blgsectxtrt\">\nReserva una consulta paga<br \/>\n<a class=\"bookbutn btn_style\" href=\"https:\/\/oandgaccounting.com\/staging\/appointment-booking-form\/\">S\u00ed, reserva mi espacio<\/a><\/p>\n<\/div>\n<\/div>\n<\/div>\n<\/div>\n<\/div>","protected":false},"excerpt":{"rendered":"<p>Choosing Your Business Structure: The Pros and Cons of LLCs Limited liability companies, or LLCs, are a popular choice for business entity formation, especially for small business owners. There are good reasons for that, too. They offer liability protection, management flexibility, and tax advantages. However, that doesn\u2019t mean there aren\u2019t any potential downsides. Understanding the &hellip; <a href=\"https:\/\/oandgaccounting.com\/staging\/es\/choosing-your-business-structure-the-pros-and-cons-of-llcs\/\" class=\"more-link\">Continue reading<span class=\"screen-reader-text\"> &#8220;Choosing Your Business Structure: The Pros and Cons of LLCs&#8221;<\/span><\/a><\/p>","protected":false},"author":1,"featured_media":0,"parent":0,"menu_order":0,"comment_status":"closed","ping_status":"closed","template":"default_withchat.php","meta":{"om_disable_all_campaigns":false,"_monsterinsights_skip_tracking":false,"_monsterinsights_sitenote_active":false,"_monsterinsights_sitenote_note":"","_monsterinsights_sitenote_category":0,"footnotes":""},"acf":[],"yoast_head":"<!-- This site is optimized with the Yoast SEO plugin v22.6 - https:\/\/yoast.com\/wordpress\/plugins\/seo\/ -->\n<title>Choosing Your Business Structure: The Pros and Cons of LLCs - O&amp;G Tax and Accounting<\/title>\n<meta name=\"robots\" content=\"index, follow, max-snippet:-1, max-image-preview:large, max-video-preview:-1\" \/>\n<link rel=\"canonical\" href=\"https:\/\/oandgaccounting.com\/staging\/es\/choosing-your-business-structure-the-pros-and-cons-of-llcs\/\" \/>\n<meta property=\"og:locale\" content=\"es_ES\" \/>\n<meta property=\"og:type\" content=\"article\" \/>\n<meta property=\"og:title\" content=\"Choosing Your Business Structure: The Pros and Cons of LLCs - O&amp;G Tax and Accounting\" \/>\n<meta property=\"og:description\" content=\"Choosing Your Business Structure: The Pros and Cons of LLCs Limited liability companies, or LLCs, are a popular choice for business entity formation, especially for small business owners. There are good reasons for that, too. They offer liability protection, management flexibility, and tax advantages. However, that doesn\u2019t mean there aren\u2019t any potential downsides. Understanding the &hellip; Continue reading &quot;Choosing Your Business Structure: The Pros and Cons of LLCs&quot;\" \/>\n<meta property=\"og:url\" content=\"https:\/\/oandgaccounting.com\/staging\/es\/choosing-your-business-structure-the-pros-and-cons-of-llcs\/\" \/>\n<meta property=\"og:site_name\" content=\"O&amp;G Tax and Accounting\" \/>\n<meta property=\"article:modified_time\" content=\"2025-11-20T05:25:54+00:00\" \/>\n<meta name=\"twitter:card\" content=\"summary_large_image\" \/>\n<meta name=\"twitter:label1\" content=\"Tiempo de lectura\" \/>\n\t<meta name=\"twitter:data1\" content=\"7 minutos\" \/>\n<script type=\"application\/ld+json\" class=\"yoast-schema-graph\">{\"@context\":\"https:\/\/schema.org\",\"@graph\":[{\"@type\":\"WebPage\",\"@id\":\"https:\/\/oandgaccounting.com\/staging\/choosing-your-business-structure-the-pros-and-cons-of-llcs\/\",\"url\":\"https:\/\/oandgaccounting.com\/staging\/choosing-your-business-structure-the-pros-and-cons-of-llcs\/\",\"name\":\"Choosing Your Business Structure: The Pros and Cons of LLCs - O&amp;G Tax and Accounting\",\"isPartOf\":{\"@id\":\"https:\/\/oandgaccounting.com\/staging\/#website\"},\"datePublished\":\"2024-01-01T07:43:36+00:00\",\"dateModified\":\"2025-11-20T05:25:54+00:00\",\"inLanguage\":\"es\",\"potentialAction\":[{\"@type\":\"ReadAction\",\"target\":[\"https:\/\/oandgaccounting.com\/staging\/choosing-your-business-structure-the-pros-and-cons-of-llcs\/\"]}]},{\"@type\":\"WebSite\",\"@id\":\"https:\/\/oandgaccounting.com\/staging\/#website\",\"url\":\"https:\/\/oandgaccounting.com\/staging\/\",\"name\":\"O&amp;G Tax and Accounting\",\"description\":\"\",\"publisher\":{\"@id\":\"https:\/\/oandgaccounting.com\/staging\/#organization\"},\"potentialAction\":[{\"@type\":\"SearchAction\",\"target\":{\"@type\":\"EntryPoint\",\"urlTemplate\":\"https:\/\/oandgaccounting.com\/staging\/?s={search_term_string}\"},\"query-input\":\"required name=search_term_string\"}],\"inLanguage\":\"es\"},{\"@type\":\"Organization\",\"@id\":\"https:\/\/oandgaccounting.com\/staging\/#organization\",\"name\":\"O&amp;G Tax and Accounting\",\"url\":\"https:\/\/oandgaccounting.com\/staging\/\",\"logo\":{\"@type\":\"ImageObject\",\"inLanguage\":\"es\",\"@id\":\"https:\/\/oandgaccounting.com\/staging\/#\/schema\/logo\/image\/\",\"url\":\"https:\/\/oandgaccounting.com\/staging\/wp-content\/uploads\/2019\/07\/logo.png\",\"contentUrl\":\"https:\/\/oandgaccounting.com\/staging\/wp-content\/uploads\/2019\/07\/logo.png\",\"width\":123,\"height\":74,\"caption\":\"O&amp;G Tax and Accounting\"},\"image\":{\"@id\":\"https:\/\/oandgaccounting.com\/staging\/#\/schema\/logo\/image\/\"}}]}<\/script>\n<!-- \/ Yoast SEO plugin. -->","yoast_head_json":{"title":"Choosing Your Business Structure: The Pros and Cons of LLCs - O&amp;G Tax and Accounting","robots":{"index":"index","follow":"follow","max-snippet":"max-snippet:-1","max-image-preview":"max-image-preview:large","max-video-preview":"max-video-preview:-1"},"canonical":"https:\/\/oandgaccounting.com\/staging\/es\/choosing-your-business-structure-the-pros-and-cons-of-llcs\/","og_locale":"es_ES","og_type":"article","og_title":"Choosing Your Business Structure: The Pros and Cons of LLCs - O&amp;G Tax and Accounting","og_description":"Choosing Your Business Structure: The Pros and Cons of LLCs Limited liability companies, or LLCs, are a popular choice for business entity formation, especially for small business owners. There are good reasons for that, too. They offer liability protection, management flexibility, and tax advantages. However, that doesn\u2019t mean there aren\u2019t any potential downsides. Understanding the &hellip; Continue reading \"Choosing Your Business Structure: The Pros and Cons of LLCs\"","og_url":"https:\/\/oandgaccounting.com\/staging\/es\/choosing-your-business-structure-the-pros-and-cons-of-llcs\/","og_site_name":"O&amp;G Tax and Accounting","article_modified_time":"2025-11-20T05:25:54+00:00","twitter_card":"summary_large_image","twitter_misc":{"Tiempo de lectura":"7 minutos"},"schema":{"@context":"https:\/\/schema.org","@graph":[{"@type":"WebPage","@id":"https:\/\/oandgaccounting.com\/staging\/choosing-your-business-structure-the-pros-and-cons-of-llcs\/","url":"https:\/\/oandgaccounting.com\/staging\/choosing-your-business-structure-the-pros-and-cons-of-llcs\/","name":"Choosing Your Business Structure: The Pros and Cons of LLCs - O&amp;G Tax and Accounting","isPartOf":{"@id":"https:\/\/oandgaccounting.com\/staging\/#website"},"datePublished":"2024-01-01T07:43:36+00:00","dateModified":"2025-11-20T05:25:54+00:00","inLanguage":"es","potentialAction":[{"@type":"ReadAction","target":["https:\/\/oandgaccounting.com\/staging\/choosing-your-business-structure-the-pros-and-cons-of-llcs\/"]}]},{"@type":"WebSite","@id":"https:\/\/oandgaccounting.com\/staging\/#website","url":"https:\/\/oandgaccounting.com\/staging\/","name":"O&amp;G Tax and Accounting","description":"","publisher":{"@id":"https:\/\/oandgaccounting.com\/staging\/#organization"},"potentialAction":[{"@type":"SearchAction","target":{"@type":"EntryPoint","urlTemplate":"https:\/\/oandgaccounting.com\/staging\/?s={search_term_string}"},"query-input":"required name=search_term_string"}],"inLanguage":"es"},{"@type":"Organization","@id":"https:\/\/oandgaccounting.com\/staging\/#organization","name":"O&amp;G Tax and Accounting","url":"https:\/\/oandgaccounting.com\/staging\/","logo":{"@type":"ImageObject","inLanguage":"es","@id":"https:\/\/oandgaccounting.com\/staging\/#\/schema\/logo\/image\/","url":"https:\/\/oandgaccounting.com\/staging\/wp-content\/uploads\/2019\/07\/logo.png","contentUrl":"https:\/\/oandgaccounting.com\/staging\/wp-content\/uploads\/2019\/07\/logo.png","width":123,"height":74,"caption":"O&amp;G Tax and Accounting"},"image":{"@id":"https:\/\/oandgaccounting.com\/staging\/#\/schema\/logo\/image\/"}}]}},"_links":{"self":[{"href":"https:\/\/oandgaccounting.com\/staging\/es\/wp-json\/wp\/v2\/pages\/1057"}],"collection":[{"href":"https:\/\/oandgaccounting.com\/staging\/es\/wp-json\/wp\/v2\/pages"}],"about":[{"href":"https:\/\/oandgaccounting.com\/staging\/es\/wp-json\/wp\/v2\/types\/page"}],"author":[{"embeddable":true,"href":"https:\/\/oandgaccounting.com\/staging\/es\/wp-json\/wp\/v2\/users\/1"}],"replies":[{"embeddable":true,"href":"https:\/\/oandgaccounting.com\/staging\/es\/wp-json\/wp\/v2\/comments?post=1057"}],"version-history":[{"count":22,"href":"https:\/\/oandgaccounting.com\/staging\/es\/wp-json\/wp\/v2\/pages\/1057\/revisions"}],"predecessor-version":[{"id":6245,"href":"https:\/\/oandgaccounting.com\/staging\/es\/wp-json\/wp\/v2\/pages\/1057\/revisions\/6245"}],"wp:attachment":[{"href":"https:\/\/oandgaccounting.com\/staging\/es\/wp-json\/wp\/v2\/media?parent=1057"}],"curies":[{"name":"wp","href":"https:\/\/api.w.org\/{rel}","templated":true}]}}