{"id":1058,"date":"2020-04-07T19:42:31","date_gmt":"2020-04-07T19:42:31","guid":{"rendered":"https:\/\/oandgaccounting.com\/staging\/?page_id=1058"},"modified":"2020-09-08T18:33:57","modified_gmt":"2020-09-08T18:33:57","slug":"coronavirus-economic-stimulus-rebate-check-scams-tigta-urges-taxpayers-to-be-on-high-alert","status":"publish","type":"page","link":"https:\/\/oandgaccounting.com\/staging\/es\/resources\/coronavirus-economic-stimulus-rebate-check-scams-tigta-urges-taxpayers-to-be-on-high-alert\/","title":{"rendered":"Estafas con cheques de est\u00edmulo econ\u00f3mico y reembolso por coronavirus: TIGTA insta a los contribuyentes a estar en alerta m\u00e1xima\u201c"},"content":{"rendered":"<div class=\"onefivequestion\">\n<div class=\"section container\">\n<div class=\"row py-3\">\n<div class=\"container text-left\">\n<p><img decoding=\"async\" style=\"float: right;\" src=\"https:\/\/oandgaccounting.com\/staging\/wp-content\/uploads\/2020\/04\/220px-TIGTA_seal_from_U.S._Department_of_the_Treasury_website.gif\" \/><br \/>\n<strong>7 de abril de 2020<\/strong><br \/>\nTIGTA-2020-2<\/p>\n<p>El Inspector General del Tesoro para la Administraci\u00f3n Tributaria (TIGTA) inst\u00f3 hoy a los contribuyentes a estar en alerta m\u00e1xima ante posibles estafas relacionadas con la asistencia gubernamental a los contribuyentes afectados por el coronavirus.<\/p>\n<p>\u201cLa Ley de Ayuda, Alivio y Seguridad Econ\u00f3mica por el Coronavirus autoriza pagos a los contribuyentes para compensar el impacto econ\u00f3mico del coronavirus\u201d, declar\u00f3 J. Russell George, Inspector General del Tesoro para la Administraci\u00f3n Tributaria. \u201cLas anteriores iniciativas de asistencia gubernamental han sido utilizadas por delincuentes y estafadores que ven esto como una oportunidad para defraudar a los contribuyentes por todos los medios posibles\u201d.\u201d<\/p>\n<p>Desde 2013, TIGTA ha investigado estafas en las que individuos se hacen pasar por funcionarios del Servicio de Impuestos Internos (IRS) para obtener informaci\u00f3n de identificaci\u00f3n personal de contribuyentes desprevenidos o para obligarlos a realizar pagos para saldar supuestas deudas tributarias impagas.<\/p>\n<p>TIGTA tambi\u00e9n ha investigado intentos de phishing en los que los contribuyentes reciben correos electr\u00f3nicos fraudulentos que dicen provenir del IRS. Los estafadores utilizan correos electr\u00f3nicos y mensajes de texto de phishing para enga\u00f1ar a los contribuyentes de diversas maneras, como instalar software malicioso en sus computadoras y utilizar la informaci\u00f3n de las v\u00edctimas para presentar declaraciones de impuestos fraudulentas.<\/p>\n<p>Si recibe cartas, llamadas, correos electr\u00f3nicos u otras comunicaciones de personas que dicen ser del IRS y le ofrecen pagos de est\u00edmulo por el coronavirus a cambio de informaci\u00f3n financiera personal, un anticipo o cualquier otro cargo, incluyendo la compra de tarjetas de regalo, no responda. Son estafas. Comun\u00edquese con TIGTA para que podamos identificar y detener a estos estafadores.<\/p>\n<p>El Inspector General George ofreci\u00f3 los siguientes consejos a los contribuyentes:<\/p>\n<p>El IRS no se comunicar\u00e1 con usted por tel\u00e9fono para solicitarle su identificaci\u00f3n personal o informaci\u00f3n financiera para poder proporcionarle un pago de impacto econ\u00f3mico.<\/p>\n<p>El IRS nunca se comunicar\u00e1 con usted ni le pedir\u00e1 que realice ning\u00fan tipo de pago utilizando una tarjeta iTunes, una tarjeta de regalo, una tarjeta de d\u00e9bito prepaga, un giro postal o una transferencia bancaria.<\/p>\n<p>El IRS nunca solicitar\u00e1 informaci\u00f3n personal o financiera por correo electr\u00f3nico, mensajes de texto, cartas o cualquier red social.<\/p>\n<p>Si recibe una llamada de alguien que dice ser del IRS y le pide su identificaci\u00f3n personal o informaci\u00f3n financiera a cambio de un pago de impacto econ\u00f3mico, tome la siguiente acci\u00f3n:<\/p>\n<p>Colgar.<\/p>\n<p>Si adeuda impuestos federales o cree que podr\u00eda adeudarlos, llame al IRS al 1-800-829-1040. Nuestros empleados pueden ayudarle con sus preguntas sobre pagos.<\/p>\n<p>El Inspector General George recomienda a los contribuyentes estar alerta ante estafas telef\u00f3nicas y por correo electr\u00f3nico que utilizan el nombre y el logotipo del IRS. Reenv\u00eden los correos electr\u00f3nicos sospechosos de ser fraudulentos a phishing@irs.gov. No abran archivos adjuntos ni hagan clic en los enlaces incluidos en dichos correos. Adem\u00e1s, tengan cuidado con otras estafas no relacionadas (como afirmar haber ganado una loter\u00eda o un sorteo) y solicitudes (como ofertas de alivio de deudas) que afirman fraudulentamente provenir del IRS.<\/p>\n<p>Cr\u00e9dito: https:\/\/www.treasury.gov\/tigta\/<\/p>\n<\/div>\n<\/div>\n<\/div>\n<div class=\"bookingblogsecsn\">\n<div class=\"row\">\n<div class=\"col-sm-12\">\n<div class=\"blgsectxtrt\">\n<p>Reserva una consulta paga<br \/>\n<a class=\"bookbutn btn_style\" href=\"https:\/\/oandgaccounting.com\/staging\/appointment-booking-form\/\">S\u00ed, reserva mi espacio<\/a><\/p>\n<\/div>\n<\/div>\n<\/div>\n<\/div>\n<\/div>","protected":false},"excerpt":{"rendered":"<p>April 7, 2020 TIGTA-2020-2 The Treasury Inspector General for Tax Administration (TIGTA) today urged taxpayers to be on high alert for potential scams related to government assistance to taxpayers impacted by the coronavirus. \u201cThe Coronavirus Aid, Relief, and Economic Security Act authorizes payments to taxpayers to offset the economic impact of the coronavirus,\u201d said J. &hellip; <a href=\"https:\/\/oandgaccounting.com\/staging\/es\/resources\/coronavirus-economic-stimulus-rebate-check-scams-tigta-urges-taxpayers-to-be-on-high-alert\/\" class=\"more-link\">Continue reading<span class=\"screen-reader-text\"> &#8220;Coronavirus Economic Stimulus\/Rebate Check Scams , TIGTA Urges Taxpayers to \u201cBe On High Alert\u201d&#8221;<\/span><\/a><\/p>","protected":false},"author":1,"featured_media":0,"parent":24,"menu_order":0,"comment_status":"closed","ping_status":"closed","template":"default_withchat.php","meta":{"om_disable_all_campaigns":false,"_monsterinsights_skip_tracking":false,"_monsterinsights_sitenote_active":false,"_monsterinsights_sitenote_note":"","_monsterinsights_sitenote_category":0,"footnotes":""},"acf":[],"yoast_head":"<!-- This site is optimized with the Yoast SEO plugin v22.6 - https:\/\/yoast.com\/wordpress\/plugins\/seo\/ -->\n<title>Coronavirus Economic Stimulus\/Rebate Check Scams , TIGTA Urges Taxpayers to \u201cBe On High Alert\u201d - O&amp;G Tax and Accounting<\/title>\n<meta name=\"robots\" content=\"index, follow, max-snippet:-1, max-image-preview:large, max-video-preview:-1\" \/>\n<link rel=\"canonical\" href=\"https:\/\/oandgaccounting.com\/staging\/es\/resources\/coronavirus-economic-stimulus-rebate-check-scams-tigta-urges-taxpayers-to-be-on-high-alert\/\" \/>\n<meta property=\"og:locale\" content=\"es_ES\" \/>\n<meta property=\"og:type\" content=\"article\" \/>\n<meta property=\"og:title\" content=\"Coronavirus Economic Stimulus\/Rebate Check Scams , TIGTA Urges Taxpayers to \u201cBe On High Alert\u201d - O&amp;G Tax and Accounting\" \/>\n<meta property=\"og:description\" content=\"April 7, 2020 TIGTA-2020-2 The Treasury Inspector General for Tax Administration (TIGTA) today urged taxpayers to be on high alert for potential scams related to government assistance to taxpayers impacted by the coronavirus. \u201cThe Coronavirus Aid, Relief, and Economic Security Act authorizes payments to taxpayers to offset the economic impact of the coronavirus,\u201d said J. &hellip; Continue reading &quot;Coronavirus Economic Stimulus\/Rebate Check Scams , TIGTA Urges Taxpayers to \u201cBe On High Alert\u201d&quot;\" \/>\n<meta property=\"og:url\" content=\"https:\/\/oandgaccounting.com\/staging\/es\/resources\/coronavirus-economic-stimulus-rebate-check-scams-tigta-urges-taxpayers-to-be-on-high-alert\/\" \/>\n<meta property=\"og:site_name\" content=\"O&amp;G Tax and Accounting\" \/>\n<meta property=\"article:modified_time\" content=\"2020-09-08T18:33:57+00:00\" \/>\n<meta property=\"og:image\" content=\"https:\/\/oandgaccounting.com\/staging\/wp-content\/uploads\/2020\/04\/220px-TIGTA_seal_from_U.S._Department_of_the_Treasury_website.gif\" \/>\n<meta name=\"twitter:card\" content=\"summary_large_image\" \/>\n<meta name=\"twitter:label1\" content=\"Tiempo de lectura\" \/>\n\t<meta name=\"twitter:data1\" content=\"2 minutos\" \/>\n<script type=\"application\/ld+json\" class=\"yoast-schema-graph\">{\"@context\":\"https:\/\/schema.org\",\"@graph\":[{\"@type\":\"WebPage\",\"@id\":\"https:\/\/oandgaccounting.com\/staging\/resources\/coronavirus-economic-stimulus-rebate-check-scams-tigta-urges-taxpayers-to-be-on-high-alert\/\",\"url\":\"https:\/\/oandgaccounting.com\/staging\/resources\/coronavirus-economic-stimulus-rebate-check-scams-tigta-urges-taxpayers-to-be-on-high-alert\/\",\"name\":\"Coronavirus Economic Stimulus\/Rebate Check Scams , TIGTA Urges Taxpayers to \u201cBe On High Alert\u201d - O&amp;G Tax and Accounting\",\"isPartOf\":{\"@id\":\"https:\/\/oandgaccounting.com\/staging\/#website\"},\"primaryImageOfPage\":{\"@id\":\"https:\/\/oandgaccounting.com\/staging\/resources\/coronavirus-economic-stimulus-rebate-check-scams-tigta-urges-taxpayers-to-be-on-high-alert\/#primaryimage\"},\"image\":{\"@id\":\"https:\/\/oandgaccounting.com\/staging\/resources\/coronavirus-economic-stimulus-rebate-check-scams-tigta-urges-taxpayers-to-be-on-high-alert\/#primaryimage\"},\"thumbnailUrl\":\"https:\/\/oandgaccounting.com\/staging\/wp-content\/uploads\/2020\/04\/220px-TIGTA_seal_from_U.S._Department_of_the_Treasury_website.gif\",\"datePublished\":\"2020-04-07T19:42:31+00:00\",\"dateModified\":\"2020-09-08T18:33:57+00:00\",\"breadcrumb\":{\"@id\":\"https:\/\/oandgaccounting.com\/staging\/resources\/coronavirus-economic-stimulus-rebate-check-scams-tigta-urges-taxpayers-to-be-on-high-alert\/#breadcrumb\"},\"inLanguage\":\"es\",\"potentialAction\":[{\"@type\":\"ReadAction\",\"target\":[\"https:\/\/oandgaccounting.com\/staging\/resources\/coronavirus-economic-stimulus-rebate-check-scams-tigta-urges-taxpayers-to-be-on-high-alert\/\"]}]},{\"@type\":\"ImageObject\",\"inLanguage\":\"es\",\"@id\":\"https:\/\/oandgaccounting.com\/staging\/resources\/coronavirus-economic-stimulus-rebate-check-scams-tigta-urges-taxpayers-to-be-on-high-alert\/#primaryimage\",\"url\":\"https:\/\/oandgaccounting.com\/staging\/wp-content\/uploads\/2020\/04\/220px-TIGTA_seal_from_U.S._Department_of_the_Treasury_website.gif\",\"contentUrl\":\"https:\/\/oandgaccounting.com\/staging\/wp-content\/uploads\/2020\/04\/220px-TIGTA_seal_from_U.S._Department_of_the_Treasury_website.gif\"},{\"@type\":\"BreadcrumbList\",\"@id\":\"https:\/\/oandgaccounting.com\/staging\/resources\/coronavirus-economic-stimulus-rebate-check-scams-tigta-urges-taxpayers-to-be-on-high-alert\/#breadcrumb\",\"itemListElement\":[{\"@type\":\"ListItem\",\"position\":1,\"name\":\"Resources\",\"item\":\"https:\/\/oandgaccounting.com\/staging\/resources\/\"},{\"@type\":\"ListItem\",\"position\":2,\"name\":\"Coronavirus Economic Stimulus\/Rebate Check Scams , TIGTA Urges Taxpayers to \u201cBe On High Alert\u201d\"}]},{\"@type\":\"WebSite\",\"@id\":\"https:\/\/oandgaccounting.com\/staging\/#website\",\"url\":\"https:\/\/oandgaccounting.com\/staging\/\",\"name\":\"O&amp;G Tax and Accounting\",\"description\":\"\",\"publisher\":{\"@id\":\"https:\/\/oandgaccounting.com\/staging\/#organization\"},\"potentialAction\":[{\"@type\":\"SearchAction\",\"target\":{\"@type\":\"EntryPoint\",\"urlTemplate\":\"https:\/\/oandgaccounting.com\/staging\/?s={search_term_string}\"},\"query-input\":\"required name=search_term_string\"}],\"inLanguage\":\"es\"},{\"@type\":\"Organization\",\"@id\":\"https:\/\/oandgaccounting.com\/staging\/#organization\",\"name\":\"O&amp;G Tax and Accounting\",\"url\":\"https:\/\/oandgaccounting.com\/staging\/\",\"logo\":{\"@type\":\"ImageObject\",\"inLanguage\":\"es\",\"@id\":\"https:\/\/oandgaccounting.com\/staging\/#\/schema\/logo\/image\/\",\"url\":\"https:\/\/oandgaccounting.com\/staging\/wp-content\/uploads\/2019\/07\/logo.png\",\"contentUrl\":\"https:\/\/oandgaccounting.com\/staging\/wp-content\/uploads\/2019\/07\/logo.png\",\"width\":123,\"height\":74,\"caption\":\"O&amp;G Tax and Accounting\"},\"image\":{\"@id\":\"https:\/\/oandgaccounting.com\/staging\/#\/schema\/logo\/image\/\"}}]}<\/script>\n<!-- \/ Yoast SEO plugin. -->","yoast_head_json":{"title":"Coronavirus Economic Stimulus\/Rebate Check Scams , TIGTA Urges Taxpayers to \u201cBe On High Alert\u201d - O&amp;G Tax and Accounting","robots":{"index":"index","follow":"follow","max-snippet":"max-snippet:-1","max-image-preview":"max-image-preview:large","max-video-preview":"max-video-preview:-1"},"canonical":"https:\/\/oandgaccounting.com\/staging\/es\/resources\/coronavirus-economic-stimulus-rebate-check-scams-tigta-urges-taxpayers-to-be-on-high-alert\/","og_locale":"es_ES","og_type":"article","og_title":"Coronavirus Economic Stimulus\/Rebate Check Scams , TIGTA Urges Taxpayers to \u201cBe On High Alert\u201d - O&amp;G Tax and Accounting","og_description":"April 7, 2020 TIGTA-2020-2 The Treasury Inspector General for Tax Administration (TIGTA) today urged taxpayers to be on high alert for potential scams related to government assistance to taxpayers impacted by the coronavirus. \u201cThe Coronavirus Aid, Relief, and Economic Security Act authorizes payments to taxpayers to offset the economic impact of the coronavirus,\u201d said J. &hellip; Continue reading \"Coronavirus Economic Stimulus\/Rebate Check Scams , TIGTA Urges Taxpayers to \u201cBe On High Alert\u201d\"","og_url":"https:\/\/oandgaccounting.com\/staging\/es\/resources\/coronavirus-economic-stimulus-rebate-check-scams-tigta-urges-taxpayers-to-be-on-high-alert\/","og_site_name":"O&amp;G Tax and Accounting","article_modified_time":"2020-09-08T18:33:57+00:00","og_image":[{"url":"https:\/\/oandgaccounting.com\/staging\/wp-content\/uploads\/2020\/04\/220px-TIGTA_seal_from_U.S._Department_of_the_Treasury_website.gif"}],"twitter_card":"summary_large_image","twitter_misc":{"Tiempo de lectura":"2 minutos"},"schema":{"@context":"https:\/\/schema.org","@graph":[{"@type":"WebPage","@id":"https:\/\/oandgaccounting.com\/staging\/resources\/coronavirus-economic-stimulus-rebate-check-scams-tigta-urges-taxpayers-to-be-on-high-alert\/","url":"https:\/\/oandgaccounting.com\/staging\/resources\/coronavirus-economic-stimulus-rebate-check-scams-tigta-urges-taxpayers-to-be-on-high-alert\/","name":"Coronavirus Economic Stimulus\/Rebate Check Scams , TIGTA Urges Taxpayers to \u201cBe On High Alert\u201d - O&amp;G Tax and Accounting","isPartOf":{"@id":"https:\/\/oandgaccounting.com\/staging\/#website"},"primaryImageOfPage":{"@id":"https:\/\/oandgaccounting.com\/staging\/resources\/coronavirus-economic-stimulus-rebate-check-scams-tigta-urges-taxpayers-to-be-on-high-alert\/#primaryimage"},"image":{"@id":"https:\/\/oandgaccounting.com\/staging\/resources\/coronavirus-economic-stimulus-rebate-check-scams-tigta-urges-taxpayers-to-be-on-high-alert\/#primaryimage"},"thumbnailUrl":"https:\/\/oandgaccounting.com\/staging\/wp-content\/uploads\/2020\/04\/220px-TIGTA_seal_from_U.S._Department_of_the_Treasury_website.gif","datePublished":"2020-04-07T19:42:31+00:00","dateModified":"2020-09-08T18:33:57+00:00","breadcrumb":{"@id":"https:\/\/oandgaccounting.com\/staging\/resources\/coronavirus-economic-stimulus-rebate-check-scams-tigta-urges-taxpayers-to-be-on-high-alert\/#breadcrumb"},"inLanguage":"es","potentialAction":[{"@type":"ReadAction","target":["https:\/\/oandgaccounting.com\/staging\/resources\/coronavirus-economic-stimulus-rebate-check-scams-tigta-urges-taxpayers-to-be-on-high-alert\/"]}]},{"@type":"ImageObject","inLanguage":"es","@id":"https:\/\/oandgaccounting.com\/staging\/resources\/coronavirus-economic-stimulus-rebate-check-scams-tigta-urges-taxpayers-to-be-on-high-alert\/#primaryimage","url":"https:\/\/oandgaccounting.com\/staging\/wp-content\/uploads\/2020\/04\/220px-TIGTA_seal_from_U.S._Department_of_the_Treasury_website.gif","contentUrl":"https:\/\/oandgaccounting.com\/staging\/wp-content\/uploads\/2020\/04\/220px-TIGTA_seal_from_U.S._Department_of_the_Treasury_website.gif"},{"@type":"BreadcrumbList","@id":"https:\/\/oandgaccounting.com\/staging\/resources\/coronavirus-economic-stimulus-rebate-check-scams-tigta-urges-taxpayers-to-be-on-high-alert\/#breadcrumb","itemListElement":[{"@type":"ListItem","position":1,"name":"Resources","item":"https:\/\/oandgaccounting.com\/staging\/resources\/"},{"@type":"ListItem","position":2,"name":"Coronavirus Economic Stimulus\/Rebate Check Scams , TIGTA Urges Taxpayers to \u201cBe On High Alert\u201d"}]},{"@type":"WebSite","@id":"https:\/\/oandgaccounting.com\/staging\/#website","url":"https:\/\/oandgaccounting.com\/staging\/","name":"O&amp;G Tax and Accounting","description":"","publisher":{"@id":"https:\/\/oandgaccounting.com\/staging\/#organization"},"potentialAction":[{"@type":"SearchAction","target":{"@type":"EntryPoint","urlTemplate":"https:\/\/oandgaccounting.com\/staging\/?s={search_term_string}"},"query-input":"required name=search_term_string"}],"inLanguage":"es"},{"@type":"Organization","@id":"https:\/\/oandgaccounting.com\/staging\/#organization","name":"O&amp;G Tax and Accounting","url":"https:\/\/oandgaccounting.com\/staging\/","logo":{"@type":"ImageObject","inLanguage":"es","@id":"https:\/\/oandgaccounting.com\/staging\/#\/schema\/logo\/image\/","url":"https:\/\/oandgaccounting.com\/staging\/wp-content\/uploads\/2019\/07\/logo.png","contentUrl":"https:\/\/oandgaccounting.com\/staging\/wp-content\/uploads\/2019\/07\/logo.png","width":123,"height":74,"caption":"O&amp;G Tax and Accounting"},"image":{"@id":"https:\/\/oandgaccounting.com\/staging\/#\/schema\/logo\/image\/"}}]}},"_links":{"self":[{"href":"https:\/\/oandgaccounting.com\/staging\/es\/wp-json\/wp\/v2\/pages\/1058"}],"collection":[{"href":"https:\/\/oandgaccounting.com\/staging\/es\/wp-json\/wp\/v2\/pages"}],"about":[{"href":"https:\/\/oandgaccounting.com\/staging\/es\/wp-json\/wp\/v2\/types\/page"}],"author":[{"embeddable":true,"href":"https:\/\/oandgaccounting.com\/staging\/es\/wp-json\/wp\/v2\/users\/1"}],"replies":[{"embeddable":true,"href":"https:\/\/oandgaccounting.com\/staging\/es\/wp-json\/wp\/v2\/comments?post=1058"}],"version-history":[{"count":4,"href":"https:\/\/oandgaccounting.com\/staging\/es\/wp-json\/wp\/v2\/pages\/1058\/revisions"}],"predecessor-version":[{"id":1428,"href":"https:\/\/oandgaccounting.com\/staging\/es\/wp-json\/wp\/v2\/pages\/1058\/revisions\/1428"}],"up":[{"embeddable":true,"href":"https:\/\/oandgaccounting.com\/staging\/es\/wp-json\/wp\/v2\/pages\/24"}],"wp:attachment":[{"href":"https:\/\/oandgaccounting.com\/staging\/es\/wp-json\/wp\/v2\/media?parent=1058"}],"curies":[{"name":"wp","href":"https:\/\/api.w.org\/{rel}","templated":true}]}}