{"id":1108,"date":"2020-04-16T05:23:39","date_gmt":"2020-04-16T05:23:39","guid":{"rendered":"https:\/\/oandgaccounting.com\/staging\/?page_id=1108"},"modified":"2020-09-08T18:35:46","modified_gmt":"2020-09-08T18:35:46","slug":"coronavirus-check-use-the-new-tool-to-check-payment-date-and-update-direct-deposit","status":"publish","type":"page","link":"https:\/\/oandgaccounting.com\/staging\/es\/resources\/coronavirus-check-use-the-new-tool-to-check-payment-date-and-update-direct-deposit\/","title":{"rendered":"Chequeo de Coronavirus \u2013 Nueva herramienta disponible para consultar fecha de pago y actualizar datos bancarios"},"content":{"rendered":"<div class=\"onefivequestion\">\n<div class=\"section container\">\n<div class=\"row py-3\">\n<div class=\"container text-left\">\n<p><img decoding=\"async\" style=\"float: right; padding-left: 21px;\" src=\"https:\/\/oandgaccounting.com\/staging\/wp-content\/uploads\/2020\/04\/getpayment.png\" \/>El Departamento del Tesoro ha comenzado a depositar cheques de Coronavirus en las cuentas bancarias de los contribuyentes durante el fin de semana y durante toda la semana.<\/p>\n<p>El <a href=\"https:\/\/sa.www4.irs.gov\/irfof-wmsp\/login\" target=\"_blank\" rel=\"noopener noreferrer\">nueva herramienta<\/a> ayudar\u00e1 a abordar preguntas comunes clave, como las fechas proyectadas en las que se program\u00f3 un dep\u00f3sito, similar a la &quot;\u201c<a href=\"https:\/\/sa.www4.irs.gov\/irfof\/lang\/en\/irfofgetstatus.jsp\" target=\"_blank\" rel=\"noopener noreferrer\">\u00bfD\u00f3nde est\u00e1 mi herramienta de reembolso?<\/a>\u201d&quot; con el que quiz\u00e1s est\u00e9 familiarizado.<\/p>\n<p><a href=\"https:\/\/sa.www4.irs.gov\/irfof-wmsp\/login\" target=\"_blank\" rel=\"noopener noreferrer\">Obtener mi pago<\/a> Tambi\u00e9n permite a las personas proporcionar su informaci\u00f3n bancaria. Quienes no hayan utilizado el dep\u00f3sito directo en su \u00faltima declaraci\u00f3n de impuestos podr\u00e1n ingresar informaci\u00f3n para recibir el pago mediante dep\u00f3sito directo en su cuenta bancaria, agilizando as\u00ed su recepci\u00f3n.<\/p>\n<\/div>\n<\/div>\n<\/div>\n<div class=\"section\">\n<div class=\"container text-left\">\n<h2>C\u00f3mo utilizar Obtener mi pago<\/h2>\n<p><strong>Disponible s\u00f3lo en IRS.gov <\/strong>, La aplicaci\u00f3n en l\u00ednea es segura. Los contribuyentes solo necesitan unos pocos datos para obtener r\u00e1pidamente el estado de su pago y, de ser necesario, proporcionar la informaci\u00f3n de su cuenta bancaria. Tener una copia de su declaraci\u00f3n de impuestos m\u00e1s reciente puede agilizar el proceso.<\/p>\n<p>La mayor\u00eda de los contribuyentes estadounidenses elegibles recibir\u00e1n autom\u00e1ticamente su <a href=\"https:\/\/www.irs.gov\/coronavirus\/economic-impact-payments\" target=\"_blank\" rel=\"noopener noreferrer\">Pagos de impacto econ\u00f3mico<\/a> incluido:<\/p>\n<ul class=\"single border-0 pb-0 mb-0\">\n<li><strong>Para que los contribuyentes puedan seguir el estado de su pago<\/strong>, Esta funci\u00f3n mostrar\u00e1 a los contribuyentes el monto del pago, la fecha de entrega programada por dep\u00f3sito directo o cheque, y si no se ha programado un pago. Deber\u00e1n ingresar informaci\u00f3n b\u00e1sica, como:\n<ul>\n<li>N\u00famero de seguro social<\/li>\n<li>Fecha de nacimiento, y<\/li>\n<li>Direcci\u00f3n postal utilizada en su declaraci\u00f3n de impuestos.<\/li>\n<\/ul>\n<\/li>\n<li><strong>Contribuyentes que necesitan agregar la informaci\u00f3n de su cuenta bancaria<\/strong> Para agilizar la recepci\u00f3n de su pago tambi\u00e9n deber\u00e1 proporcionar la siguiente informaci\u00f3n adicional:\n<ul>\n<li>Su ingreso bruto ajustado de su declaraci\u00f3n de impuestos m\u00e1s reciente presentada, ya sea 2019 o 2018<\/li>\n<li>El reembolso o monto adeudado de su \u00faltima declaraci\u00f3n de impuestos presentada<\/li>\n<li>Tipo de cuenta bancaria, n\u00fameros de cuenta y ruta<\/li>\n<\/ul>\n<\/li>\n<\/ul>\n<p>Obtener mi pago no puede actualizar la informaci\u00f3n de la cuenta bancaria despu\u00e9s de un <a href=\"https:\/\/www.irs.gov\/coronavirus\/economic-impact-payments\" target=\"_blank\" rel=\"noopener noreferrer\">Pago de Impacto Econ\u00f3mico<\/a> Se ha programado su entrega. Para protegerse contra posibles fraudes, la herramienta tampoco permite cambiar la informaci\u00f3n de la cuenta bancaria que ya se encuentra registrada en el IRS.<\/p>\n<\/div>\n<\/div>\n<div class=\"bookingblogsecsn\">\n<div class=\"row\">\n<div class=\"col-sm-12\">\n<div class=\"blgsectxtrt\">\n<p>Reserva una consulta paga<br \/>\n<a class=\"bookbutn btn_style\" href=\"https:\/\/oandgaccounting.com\/staging\/appointment-booking-form\/\">S\u00ed, reserva mi espacio<\/a><\/p>\n<\/div>\n<\/div>\n<\/div>\n<\/div>\n<\/div>","protected":false},"excerpt":{"rendered":"<p>The Treasury Department has started depositing Coronavirus checks to Taxpayers bank accounts over the weekend and throughout the week. The new tool will help address key common questions such as projected dates on when a deposit has been scheduled, similar to the \u201cWhere\u2019s My Refund tool\u201d which you may be familiar with. Get My Payment &hellip; <a href=\"https:\/\/oandgaccounting.com\/staging\/es\/resources\/coronavirus-check-use-the-new-tool-to-check-payment-date-and-update-direct-deposit\/\" class=\"more-link\">Continue reading<span class=\"screen-reader-text\"> &#8220;Coronavirus check \u2013New tool available to check Payment date and Update Bank Details&#8221;<\/span><\/a><\/p>","protected":false},"author":1,"featured_media":0,"parent":24,"menu_order":0,"comment_status":"closed","ping_status":"closed","template":"default_withchat.php","meta":{"om_disable_all_campaigns":false,"_monsterinsights_skip_tracking":false,"_monsterinsights_sitenote_active":false,"_monsterinsights_sitenote_note":"","_monsterinsights_sitenote_category":0,"footnotes":""},"acf":[],"yoast_head":"<!-- This site is optimized with the Yoast SEO plugin v22.6 - https:\/\/yoast.com\/wordpress\/plugins\/seo\/ -->\n<title>Coronavirus check \u2013New tool available to check Payment date and Update Bank Details - O&amp;G Tax and Accounting<\/title>\n<meta name=\"robots\" content=\"index, follow, max-snippet:-1, max-image-preview:large, max-video-preview:-1\" \/>\n<link rel=\"canonical\" href=\"https:\/\/oandgaccounting.com\/staging\/es\/resources\/coronavirus-check-use-the-new-tool-to-check-payment-date-and-update-direct-deposit\/\" \/>\n<meta property=\"og:locale\" content=\"es_ES\" \/>\n<meta property=\"og:type\" content=\"article\" \/>\n<meta property=\"og:title\" content=\"Coronavirus check \u2013New tool available to check Payment date and Update Bank Details - O&amp;G Tax and Accounting\" \/>\n<meta property=\"og:description\" content=\"The Treasury Department has started depositing Coronavirus checks to Taxpayers bank accounts over the weekend and throughout the week. The new tool will help address key common questions such as projected dates on when a deposit has been scheduled, similar to the \u201cWhere\u2019s My Refund tool\u201d which you may be familiar with. Get My Payment &hellip; Continue reading &quot;Coronavirus check \u2013New tool available to check Payment date and Update Bank Details&quot;\" \/>\n<meta property=\"og:url\" content=\"https:\/\/oandgaccounting.com\/staging\/es\/resources\/coronavirus-check-use-the-new-tool-to-check-payment-date-and-update-direct-deposit\/\" \/>\n<meta property=\"og:site_name\" content=\"O&amp;G Tax and Accounting\" \/>\n<meta property=\"article:modified_time\" content=\"2020-09-08T18:35:46+00:00\" \/>\n<meta property=\"og:image\" content=\"https:\/\/oandgaccounting.com\/staging\/wp-content\/uploads\/2020\/04\/getpayment.png\" \/>\n<meta name=\"twitter:card\" content=\"summary_large_image\" \/>\n<meta name=\"twitter:label1\" content=\"Tiempo de lectura\" \/>\n\t<meta name=\"twitter:data1\" content=\"2 minutos\" \/>\n<script type=\"application\/ld+json\" class=\"yoast-schema-graph\">{\"@context\":\"https:\/\/schema.org\",\"@graph\":[{\"@type\":\"WebPage\",\"@id\":\"https:\/\/oandgaccounting.com\/staging\/resources\/coronavirus-check-use-the-new-tool-to-check-payment-date-and-update-direct-deposit\/\",\"url\":\"https:\/\/oandgaccounting.com\/staging\/resources\/coronavirus-check-use-the-new-tool-to-check-payment-date-and-update-direct-deposit\/\",\"name\":\"Coronavirus check \u2013New tool available to check Payment date and Update Bank Details - O&amp;G Tax and Accounting\",\"isPartOf\":{\"@id\":\"https:\/\/oandgaccounting.com\/staging\/#website\"},\"primaryImageOfPage\":{\"@id\":\"https:\/\/oandgaccounting.com\/staging\/resources\/coronavirus-check-use-the-new-tool-to-check-payment-date-and-update-direct-deposit\/#primaryimage\"},\"image\":{\"@id\":\"https:\/\/oandgaccounting.com\/staging\/resources\/coronavirus-check-use-the-new-tool-to-check-payment-date-and-update-direct-deposit\/#primaryimage\"},\"thumbnailUrl\":\"https:\/\/oandgaccounting.com\/staging\/wp-content\/uploads\/2020\/04\/getpayment.png\",\"datePublished\":\"2020-04-16T05:23:39+00:00\",\"dateModified\":\"2020-09-08T18:35:46+00:00\",\"breadcrumb\":{\"@id\":\"https:\/\/oandgaccounting.com\/staging\/resources\/coronavirus-check-use-the-new-tool-to-check-payment-date-and-update-direct-deposit\/#breadcrumb\"},\"inLanguage\":\"es\",\"potentialAction\":[{\"@type\":\"ReadAction\",\"target\":[\"https:\/\/oandgaccounting.com\/staging\/resources\/coronavirus-check-use-the-new-tool-to-check-payment-date-and-update-direct-deposit\/\"]}]},{\"@type\":\"ImageObject\",\"inLanguage\":\"es\",\"@id\":\"https:\/\/oandgaccounting.com\/staging\/resources\/coronavirus-check-use-the-new-tool-to-check-payment-date-and-update-direct-deposit\/#primaryimage\",\"url\":\"https:\/\/oandgaccounting.com\/staging\/wp-content\/uploads\/2020\/04\/getpayment.png\",\"contentUrl\":\"https:\/\/oandgaccounting.com\/staging\/wp-content\/uploads\/2020\/04\/getpayment.png\"},{\"@type\":\"BreadcrumbList\",\"@id\":\"https:\/\/oandgaccounting.com\/staging\/resources\/coronavirus-check-use-the-new-tool-to-check-payment-date-and-update-direct-deposit\/#breadcrumb\",\"itemListElement\":[{\"@type\":\"ListItem\",\"position\":1,\"name\":\"Resources\",\"item\":\"https:\/\/oandgaccounting.com\/staging\/resources\/\"},{\"@type\":\"ListItem\",\"position\":2,\"name\":\"Coronavirus check \u2013New tool available to check Payment date and Update Bank Details\"}]},{\"@type\":\"WebSite\",\"@id\":\"https:\/\/oandgaccounting.com\/staging\/#website\",\"url\":\"https:\/\/oandgaccounting.com\/staging\/\",\"name\":\"O&amp;G Tax and Accounting\",\"description\":\"\",\"publisher\":{\"@id\":\"https:\/\/oandgaccounting.com\/staging\/#organization\"},\"potentialAction\":[{\"@type\":\"SearchAction\",\"target\":{\"@type\":\"EntryPoint\",\"urlTemplate\":\"https:\/\/oandgaccounting.com\/staging\/?s={search_term_string}\"},\"query-input\":\"required name=search_term_string\"}],\"inLanguage\":\"es\"},{\"@type\":\"Organization\",\"@id\":\"https:\/\/oandgaccounting.com\/staging\/#organization\",\"name\":\"O&amp;G Tax and Accounting\",\"url\":\"https:\/\/oandgaccounting.com\/staging\/\",\"logo\":{\"@type\":\"ImageObject\",\"inLanguage\":\"es\",\"@id\":\"https:\/\/oandgaccounting.com\/staging\/#\/schema\/logo\/image\/\",\"url\":\"https:\/\/oandgaccounting.com\/staging\/wp-content\/uploads\/2019\/07\/logo.png\",\"contentUrl\":\"https:\/\/oandgaccounting.com\/staging\/wp-content\/uploads\/2019\/07\/logo.png\",\"width\":123,\"height\":74,\"caption\":\"O&amp;G Tax and Accounting\"},\"image\":{\"@id\":\"https:\/\/oandgaccounting.com\/staging\/#\/schema\/logo\/image\/\"}}]}<\/script>\n<!-- \/ Yoast SEO plugin. -->","yoast_head_json":{"title":"Coronavirus check \u2013New tool available to check Payment date and Update Bank Details - O&amp;G Tax and Accounting","robots":{"index":"index","follow":"follow","max-snippet":"max-snippet:-1","max-image-preview":"max-image-preview:large","max-video-preview":"max-video-preview:-1"},"canonical":"https:\/\/oandgaccounting.com\/staging\/es\/resources\/coronavirus-check-use-the-new-tool-to-check-payment-date-and-update-direct-deposit\/","og_locale":"es_ES","og_type":"article","og_title":"Coronavirus check \u2013New tool available to check Payment date and Update Bank Details - O&amp;G Tax and Accounting","og_description":"The Treasury Department has started depositing Coronavirus checks to Taxpayers bank accounts over the weekend and throughout the week. The new tool will help address key common questions such as projected dates on when a deposit has been scheduled, similar to the \u201cWhere\u2019s My Refund tool\u201d which you may be familiar with. Get My Payment &hellip; Continue reading \"Coronavirus check \u2013New tool available to check Payment date and Update Bank Details\"","og_url":"https:\/\/oandgaccounting.com\/staging\/es\/resources\/coronavirus-check-use-the-new-tool-to-check-payment-date-and-update-direct-deposit\/","og_site_name":"O&amp;G Tax and Accounting","article_modified_time":"2020-09-08T18:35:46+00:00","og_image":[{"url":"https:\/\/oandgaccounting.com\/staging\/wp-content\/uploads\/2020\/04\/getpayment.png"}],"twitter_card":"summary_large_image","twitter_misc":{"Tiempo de lectura":"2 minutos"},"schema":{"@context":"https:\/\/schema.org","@graph":[{"@type":"WebPage","@id":"https:\/\/oandgaccounting.com\/staging\/resources\/coronavirus-check-use-the-new-tool-to-check-payment-date-and-update-direct-deposit\/","url":"https:\/\/oandgaccounting.com\/staging\/resources\/coronavirus-check-use-the-new-tool-to-check-payment-date-and-update-direct-deposit\/","name":"Coronavirus check \u2013New tool available to check Payment date and Update Bank Details - O&amp;G Tax and Accounting","isPartOf":{"@id":"https:\/\/oandgaccounting.com\/staging\/#website"},"primaryImageOfPage":{"@id":"https:\/\/oandgaccounting.com\/staging\/resources\/coronavirus-check-use-the-new-tool-to-check-payment-date-and-update-direct-deposit\/#primaryimage"},"image":{"@id":"https:\/\/oandgaccounting.com\/staging\/resources\/coronavirus-check-use-the-new-tool-to-check-payment-date-and-update-direct-deposit\/#primaryimage"},"thumbnailUrl":"https:\/\/oandgaccounting.com\/staging\/wp-content\/uploads\/2020\/04\/getpayment.png","datePublished":"2020-04-16T05:23:39+00:00","dateModified":"2020-09-08T18:35:46+00:00","breadcrumb":{"@id":"https:\/\/oandgaccounting.com\/staging\/resources\/coronavirus-check-use-the-new-tool-to-check-payment-date-and-update-direct-deposit\/#breadcrumb"},"inLanguage":"es","potentialAction":[{"@type":"ReadAction","target":["https:\/\/oandgaccounting.com\/staging\/resources\/coronavirus-check-use-the-new-tool-to-check-payment-date-and-update-direct-deposit\/"]}]},{"@type":"ImageObject","inLanguage":"es","@id":"https:\/\/oandgaccounting.com\/staging\/resources\/coronavirus-check-use-the-new-tool-to-check-payment-date-and-update-direct-deposit\/#primaryimage","url":"https:\/\/oandgaccounting.com\/staging\/wp-content\/uploads\/2020\/04\/getpayment.png","contentUrl":"https:\/\/oandgaccounting.com\/staging\/wp-content\/uploads\/2020\/04\/getpayment.png"},{"@type":"BreadcrumbList","@id":"https:\/\/oandgaccounting.com\/staging\/resources\/coronavirus-check-use-the-new-tool-to-check-payment-date-and-update-direct-deposit\/#breadcrumb","itemListElement":[{"@type":"ListItem","position":1,"name":"Resources","item":"https:\/\/oandgaccounting.com\/staging\/resources\/"},{"@type":"ListItem","position":2,"name":"Coronavirus check \u2013New tool available to check Payment date and Update Bank Details"}]},{"@type":"WebSite","@id":"https:\/\/oandgaccounting.com\/staging\/#website","url":"https:\/\/oandgaccounting.com\/staging\/","name":"O&amp;G Tax and Accounting","description":"","publisher":{"@id":"https:\/\/oandgaccounting.com\/staging\/#organization"},"potentialAction":[{"@type":"SearchAction","target":{"@type":"EntryPoint","urlTemplate":"https:\/\/oandgaccounting.com\/staging\/?s={search_term_string}"},"query-input":"required name=search_term_string"}],"inLanguage":"es"},{"@type":"Organization","@id":"https:\/\/oandgaccounting.com\/staging\/#organization","name":"O&amp;G Tax and Accounting","url":"https:\/\/oandgaccounting.com\/staging\/","logo":{"@type":"ImageObject","inLanguage":"es","@id":"https:\/\/oandgaccounting.com\/staging\/#\/schema\/logo\/image\/","url":"https:\/\/oandgaccounting.com\/staging\/wp-content\/uploads\/2019\/07\/logo.png","contentUrl":"https:\/\/oandgaccounting.com\/staging\/wp-content\/uploads\/2019\/07\/logo.png","width":123,"height":74,"caption":"O&amp;G Tax and Accounting"},"image":{"@id":"https:\/\/oandgaccounting.com\/staging\/#\/schema\/logo\/image\/"}}]}},"_links":{"self":[{"href":"https:\/\/oandgaccounting.com\/staging\/es\/wp-json\/wp\/v2\/pages\/1108"}],"collection":[{"href":"https:\/\/oandgaccounting.com\/staging\/es\/wp-json\/wp\/v2\/pages"}],"about":[{"href":"https:\/\/oandgaccounting.com\/staging\/es\/wp-json\/wp\/v2\/types\/page"}],"author":[{"embeddable":true,"href":"https:\/\/oandgaccounting.com\/staging\/es\/wp-json\/wp\/v2\/users\/1"}],"replies":[{"embeddable":true,"href":"https:\/\/oandgaccounting.com\/staging\/es\/wp-json\/wp\/v2\/comments?post=1108"}],"version-history":[{"count":7,"href":"https:\/\/oandgaccounting.com\/staging\/es\/wp-json\/wp\/v2\/pages\/1108\/revisions"}],"predecessor-version":[{"id":1430,"href":"https:\/\/oandgaccounting.com\/staging\/es\/wp-json\/wp\/v2\/pages\/1108\/revisions\/1430"}],"up":[{"embeddable":true,"href":"https:\/\/oandgaccounting.com\/staging\/es\/wp-json\/wp\/v2\/pages\/24"}],"wp:attachment":[{"href":"https:\/\/oandgaccounting.com\/staging\/es\/wp-json\/wp\/v2\/media?parent=1108"}],"curies":[{"name":"wp","href":"https:\/\/api.w.org\/{rel}","templated":true}]}}