{"id":2620,"date":"2021-07-06T05:53:51","date_gmt":"2021-07-06T05:53:51","guid":{"rendered":"https:\/\/oandgaccounting.com\/staging\/?page_id=2620"},"modified":"2025-11-27T04:44:29","modified_gmt":"2025-11-27T04:44:29","slug":"about-me","status":"publish","type":"page","link":"https:\/\/oandgaccounting.com\/staging\/es\/about-me\/","title":{"rendered":"Acerca de m\u00ed"},"content":{"rendered":"<div class=\"onefivequestion\">\n<div class=\"section\">\n<div class=\"text-left\">\n<div class=\"author_name\"><span>Alex Oware, Contador P\u00fablico Certificado, Esq. (Massachusetts \u2013 #31644 y Colorado \u2013 #9037137, Abogado \u2013 #356544 (California))<\/span><\/div>\n<div class=\"author_name\" style=\"color: rgba(0,108,255,1);\">Miembro \u2013 <a href=\"https:\/\/www.mscpaonline.org\/\" rel=\"noopener\" target=\"_blank\">Sociedad de Contadores P\u00fablicos de Massachusetts<\/a><\/div>\n<div class=\"author_name\" style=\"color: rgba(0,108,255,1);\">Miembro pleno de la Sociedad Nacional de Contadores P\u00fablicos Certificados Negros, Inc.<\/div>\n<div class=\"author_name\" style=\"margin-top: 10px; margin-bottom: 10px;\"><img decoding=\"async\" src=\"https:\/\/oandgaccounting.com\/staging\/wp-content\/uploads\/2021\/01\/BLACK-CPA-LOGO.png\" style=\"width: 244px;\" ><\/div>\n<p><\/p>\n<div class=\"author_name\" style=\"color: rgba(0,108,255,1);\">Compa\u00f1ero Miembro \u2013 <a href=\"https:\/\/www.cocpa.org\/\" rel=\"noopener\" target=\"_blank\">Sociedad de Contadores P\u00fablicos Certificados de Colorado<\/a><\/div>\n<div class=\"author_name\" style=\"margin-top: 10px; margin-bottom: 10px;\"><img decoding=\"async\" src=\"https:\/\/oandgaccounting.com\/staging\/wp-content\/uploads\/2021\/04\/cocpa.png\" style=\"width: 244px;\" ><\/div>\n<p><\/p>\n<p style=\"clear: both; padding-top: 15px;\">O &amp; G Tax and Accounting es una agencia de contabilidad de servicio completo, propiedad y operada por Alex Oware, CPA, Esq.<\/p>\n<p>Alex asisti\u00f3 a la <a href=\"https:\/\/www.presbyuniversity.edu.gh\/site\/\" rel=\"noopener\" target=\"_blank\">Colegio Universitario Presbiteriano de Ghana<\/a>, donde obtuvo una Licenciatura en Ciencias en Contabilidad y Finanzas. Posteriormente, obtuvo una Maestr\u00eda en Administraci\u00f3n de Empresas en Contabilidad y Finanzas de <a href=\"https:\/\/en.wikipedia.org\/wiki\/Colorado_Heights_University\" rel=\"noopener\" target=\"_blank\">Universidad de Colorado Heights <\/a>y se convirti\u00f3 en Contador P\u00fablico Certificado.<\/p>\n<p>Se gradu\u00f3 con un Doctorado en Derecho por la <a href=\"https:\/\/www.purduegloballawschool.edu\/online-degrees?source=SF55067&#038;ve=62295&#038;utm_source=Google&#038;utm_medium=CPC&#038;utm_campaign=cls_lg_mer_BR_PG_PURDUELAWSCHOOL_EXT_NEW-VQ2-g-VQ6-680252478229-VQ16-c-Target-kwd-339319149746-campaignid-20755911300-adgroupid-156307666238&#038;adid=1000000&#038;gad_source=1&#038;gclid=CjwKCAjw48-vBhBbEiwAzqrZVF9N0H6zPXPuRaaCsKBY8xPogB4BAvG0zMCREEhvBJAkFOoIl-NkghoCzh8QAvD_BwE&#038;gclsrc=aw.ds\" rel=\"noopener\" target=\"_blank\">Facultad de Derecho Global de Purdue<\/a> en diciembre de 2023, y se convirti\u00f3 en abogado admitido en la <a href=\"https:\/\/apps.calbar.ca.gov\/attorney\/Licensee\/Detail\/356544\" rel=\"noopener\" target=\"_blank\">Colegio de Abogados del Estado de California<\/a><\/p>\n<p>En 2015, Alex fund\u00f3 O &amp; G Tax and Accounting para brindar asesoramiento financiero experto a particulares y empresas de todo el mundo. Desde entonces, ha ayudado a innumerables clientes, tanto nacionales como internacionales, con sus necesidades contables, de tenedur\u00eda de libros y de impuestos.<\/p>\n<p>Y como O &amp; G es una firma peque\u00f1a, Alex puede brindar a cada cliente la atenci\u00f3n cercana y personalizada que necesita para sacar el m\u00e1ximo provecho de sus estrategias financieras. Hay una raz\u00f3n por la que tantos de sus clientes recurren a \u00e9l una y otra vez en busca de ayuda.<\/p>\n<p>Alex representa a individuos y empresas en asuntos tributarios ante el IRS y los departamentos de ingresos estatales, tiene una experiencia significativa en <a href=\"https:\/\/oandgaccounting.com\/staging\/success-stories\/\" rel=\"noopener\" target=\"_blank\">Auditor\u00edas de impuestos sobre ventas\/uso, auditor\u00edas de impuestos sobre la renta<\/a>, Rese\u00f1as de Franchise and Income Tax Nexus, Opciones de pago y acuerdos de pago a plazos, <a href=\"https:\/\/oandgaccounting.com\/staging\/success-stories\/\" rel=\"noopener\" target=\"_blank\">Tributaci\u00f3n transfronteriza<\/a>, Cuestiones de residencia fiscal y domicilio, <a href=\"https:\/\/oandgaccounting.com\/staging\/success-stories\/\" rel=\"noopener\" target=\"_blank\">Solicitudes de reducci\u00f3n y exenci\u00f3n de sanciones<\/a>.<\/p>\n<p>Como especialista experimentado en su campo, Alex ha aparecido en varias publicaciones de noticias, entre ellas:<\/p>\n<ul class=\"padding-custom-zero\">\n<li><a href=\"https:\/\/www.denverpost.com\/2021\/03\/18\/unemployment-tax-break\/amp\/\">El Denver Post<\/a><\/li>\n<li><a href=\"https:\/\/wtop.com\/news\/2021\/10\/should-you-be-making-quarterly-tax-payments-2\/\" rel=\"noopener\" target=\"_blank\">WTOP | Las principales noticias de Washington<\/a><\/a><\/li>\n<li><a href=\"https:\/\/money.usnews.com\/money\/personal-finance\/articles\/2015\/11\/05\/should-you-be-making-quarterly-tax-payments\" rel=\"noopener\" target=\"_blank\">Noticias de EE. UU. y reporte mundial<\/a><\/a><\/li>\n<li><a href=\"https:\/\/news.yahoo.com\/making-quarterly-tax-payments-135149636.html\" rel=\"noopener\" target=\"_blank\">Yahoo Noticias<\/a><\/li>\n<li><a href=\"https:\/\/www.realsimple.com\/work-life\/money\/money-planning\/how-to-prepare-to-call-irs\">Revista en l\u00ednea Real Simple<\/a><\/li>\n<li> <a href=\"https:\/\/www.wsj.com\/articles\/taxes-filing-irs-2023-tax-credit-ev-tesla-11674168088\" rel=\"noopener\" target=\"_blank\">El Wall Street Journal<\/a> <\/li>\n<li><a href=\"https:\/\/www.bloomberg.com\/news\/articles\/2021-10-11\/small-business-tips-to-make-filing-your-taxes-easier?srnd=businessweek-v2\" rel=\"noopener\" target=\"_blank\">Bloomberg Businessweek<\/a><\/a><\/li>\n<li><a href=\"https:\/\/www.wsj.com\/articles\/taxes-filing-irs-2023-tax-credit-ev-tesla-11674168088\" rel=\"noopener\" target=\"_blank\">El Wall Street Journal <\/a><\/li>\n<li> <a href=\"https:\/\/www.theladders.com\/career-advice\/everything-you-need-to-know-about-tax-evasion\" rel=\"noopener\" target=\"_blank\">Noticias sobre escaleras<\/a><\/a><\/li>\n<p>Tambi\u00e9n es autor de numerosos art\u00edculos de divulgaci\u00f3n, como:<\/p>\n<ul class=\"padding-custom-zero\">\n<li><a href=\"https:\/\/oandgaccounting.com\/staging\/tax-treaty-information-for-f1-and-j1-visa-holders-from-india\/\">Tratado fiscal entre EE. UU. e India (F-1 y J-1) (estudiantes y aprendices de negocios) <\/a><\/li>\n<li><a href=\"https:\/\/oandgaccounting.com\/staging\/foreign-owned-us-llc\/7-common-questions-about-foreign-owned-u-s-llcs-answered-by-a-cpa\/\">7 preguntas frecuentes sobre las LLC estadounidenses de propiedad extranjera respondidas por un contador p\u00fablico<\/a><\/li>\n<li><a href=\"https:\/\/oandgaccounting.com\/staging\/foreign-owned-us-llc\/how-to-file-forms-5472-and-1120-for-a-foreign-owned-single-member-llc\/\">C\u00f3mo presentar los formularios 5472 y 1120 para una LLC de un solo miembro de propiedad extranjera<\/a><\/li>\n<li><a href=\"https:\/\/oandgaccounting.com\/staging\/amazon-foreign-sellers-irs-taxes-and-1099-k-reporting\/\">Vendedores extranjeros de Amazon, impuestos en EE. UU. y presentaci\u00f3n de informes 1099-K<\/a><\/li>\n<li><a href=\"https:\/\/oandgaccounting.com\/staging\/15-common-questions-about-expatriation-form-8854-and-the-exit-tax-answered-by-a-cpa\/\">15 preguntas frecuentes sobre la expatriaci\u00f3n, el formulario 8854 y el impuesto de salida (respondidas por un contador p\u00fablico)<br \/>\n<\/a><\/li>\n<\/ul>\n<p>El asesoramiento de Alex est\u00e1 respaldado por una formaci\u00f3n especializada y a\u00f1os de experiencia profesional. Se mantiene fiel a los m\u00e1s altos est\u00e1ndares y siempre se esfuerza al m\u00e1ximo para garantizar la satisfacci\u00f3n de sus clientes.<\/p>\n<p>Adem\u00e1s, como Alex es Agente de Tramitaci\u00f3n Certificador, est\u00e1 autorizado para trabajar con residentes y no residentes de EE. UU., as\u00ed como con otros contribuyentes extranjeros. Por ello, muchos de los clientes de O&amp;G residen en otros pa\u00edses, entre ellos:<\/p>\n<ul class=\"padding-custom-zero\">\n<li>India<\/li>\n<li>Canad\u00e1<\/li>\n<li>Reino Unido<\/li>\n<li>Pavo<\/li>\n<li>Porcelana<\/li>\n<li>Alemania<\/li>\n<li>Argentina<\/li>\n<li>M\u00e9xico<\/li>\n<li>Pakist\u00e1n<\/li>\n<li>Singapur<\/li>\n<\/ul>\n<p>Ya sea que viva en los EE. UU. o en otro lugar, O &amp; G Tax and Accounting est\u00e1 listo para ayudarlo a optimizar sus finanzas y cumplir con sus obligaciones fiscales.<\/p>\n<h2>Preparaci\u00f3n, auditor\u00eda, alivio y resoluci\u00f3n de impuestos<\/h2>\n<p>Sin importar los detalles de sus obligaciones tributarias en los Estados Unidos, examinaremos su situaci\u00f3n particular, lo guiaremos a trav\u00e9s del proceso de presentaci\u00f3n e incluso prepararemos o enviaremos formularios en su nombre.<\/p>\n<p>Si debe multas o impuestos atrasados al IRS, O &amp; G est\u00e1 equipado para ayudarlo a resolver la situaci\u00f3n lo m\u00e1s r\u00e1pido y sin dolor posible.<\/p>\n<h2>Contabilidad y tenedur\u00eda de libros<\/h2>\n<p>Como su asesor de confianza, tenemos la experiencia necesaria para mejorar sus ganancias y mantener sus finanzas en orden.<\/p>\n<h2>Formaci\u00f3n, incorporaci\u00f3n y disoluci\u00f3n de entidades<\/h2>\n<p>O &amp; G es su ventanilla \u00fanica para servicios de formaci\u00f3n de entidades r\u00e1pidos y confiables al iniciar un nuevo negocio o reestructurar una entidad existente.<\/p>\n<h2>Recursos humanos<\/h2>\n<p>O &amp; G ofrece servicios de consultor\u00eda de RRHH para garantizar las pol\u00edticas de n\u00f3mina y personal m\u00e1s eficientes para su peque\u00f1a empresa.<\/p>\n<\/div>\n<\/div>\n<\/div>","protected":false},"excerpt":{"rendered":"<p>Alex Oware, CPA, Esq. ( MA &#8211; #31644 &#038; CO &#8211; #9037137, Attorney at Law \u2013 #356544 (California) Member &#8211; Massachusetts Society of CPAs Full Member of National Society of Black Certified Public Accountants, Inc. Fellow Member &#8211; Colorado Society of Certified Public Accountants O &#038; G Tax and Accounting is a full-service accounting agency &hellip; <a href=\"https:\/\/oandgaccounting.com\/staging\/es\/about-me\/\" class=\"more-link\">Continue reading<span class=\"screen-reader-text\"> &#8220;About Me&#8221;<\/span><\/a><\/p>","protected":false},"author":1,"featured_media":2593,"parent":0,"menu_order":0,"comment_status":"closed","ping_status":"closed","template":"about_new.php","meta":{"om_disable_all_campaigns":false,"_monsterinsights_skip_tracking":false,"_monsterinsights_sitenote_active":false,"_monsterinsights_sitenote_note":"","_monsterinsights_sitenote_category":0,"footnotes":""},"acf":[],"yoast_head":"<!-- This site is optimized with the Yoast SEO plugin v22.6 - https:\/\/yoast.com\/wordpress\/plugins\/seo\/ -->\n<title>About Me - O&amp;G Tax and Accounting<\/title>\n<meta name=\"robots\" content=\"index, follow, max-snippet:-1, max-image-preview:large, max-video-preview:-1\" \/>\n<link rel=\"canonical\" href=\"https:\/\/oandgaccounting.com\/staging\/es\/about-me\/\" \/>\n<meta property=\"og:locale\" content=\"es_ES\" \/>\n<meta property=\"og:type\" content=\"article\" \/>\n<meta property=\"og:title\" content=\"About Me - O&amp;G Tax and Accounting\" \/>\n<meta property=\"og:description\" content=\"Alex Oware, CPA, Esq. ( MA &#8211; #31644 &#038; CO &#8211; #9037137, Attorney at Law \u2013 #356544 (California) Member &#8211; Massachusetts Society of CPAs Full Member of National Society of Black Certified Public Accountants, Inc. Fellow Member &#8211; Colorado Society of Certified Public Accountants O &#038; G Tax and Accounting is a full-service accounting agency &hellip; Continue reading &quot;About Me&quot;\" \/>\n<meta property=\"og:url\" content=\"https:\/\/oandgaccounting.com\/staging\/es\/about-me\/\" \/>\n<meta property=\"og:site_name\" content=\"O&amp;G Tax and Accounting\" \/>\n<meta property=\"article:modified_time\" content=\"2025-11-27T04:44:29+00:00\" \/>\n<meta property=\"og:image\" content=\"https:\/\/oandgaccounting.com\/staging\/wp-content\/uploads\/2021\/06\/2021-06-25-1.jpg\" \/>\n\t<meta property=\"og:image:width\" content=\"618\" \/>\n\t<meta property=\"og:image:height\" content=\"595\" \/>\n\t<meta property=\"og:image:type\" content=\"image\/jpeg\" \/>\n<meta name=\"twitter:card\" content=\"summary_large_image\" \/>\n<meta name=\"twitter:label1\" content=\"Tiempo de lectura\" \/>\n\t<meta name=\"twitter:data1\" content=\"4 minutos\" \/>\n<script type=\"application\/ld+json\" class=\"yoast-schema-graph\">{\"@context\":\"https:\/\/schema.org\",\"@graph\":[{\"@type\":\"WebPage\",\"@id\":\"https:\/\/oandgaccounting.com\/staging\/about-me\/\",\"url\":\"https:\/\/oandgaccounting.com\/staging\/about-me\/\",\"name\":\"About Me - O&amp;G Tax and Accounting\",\"isPartOf\":{\"@id\":\"https:\/\/oandgaccounting.com\/staging\/#website\"},\"primaryImageOfPage\":{\"@id\":\"https:\/\/oandgaccounting.com\/staging\/about-me\/#primaryimage\"},\"image\":{\"@id\":\"https:\/\/oandgaccounting.com\/staging\/about-me\/#primaryimage\"},\"thumbnailUrl\":\"https:\/\/oandgaccounting.com\/staging\/wp-content\/uploads\/2021\/06\/2021-06-25-1.jpg\",\"datePublished\":\"2021-07-06T05:53:51+00:00\",\"dateModified\":\"2025-11-27T04:44:29+00:00\",\"inLanguage\":\"es\",\"potentialAction\":[{\"@type\":\"ReadAction\",\"target\":[\"https:\/\/oandgaccounting.com\/staging\/about-me\/\"]}]},{\"@type\":\"ImageObject\",\"inLanguage\":\"es\",\"@id\":\"https:\/\/oandgaccounting.com\/staging\/about-me\/#primaryimage\",\"url\":\"https:\/\/oandgaccounting.com\/staging\/wp-content\/uploads\/2021\/06\/2021-06-25-1.jpg\",\"contentUrl\":\"https:\/\/oandgaccounting.com\/staging\/wp-content\/uploads\/2021\/06\/2021-06-25-1.jpg\",\"width\":618,\"height\":595},{\"@type\":\"WebSite\",\"@id\":\"https:\/\/oandgaccounting.com\/staging\/#website\",\"url\":\"https:\/\/oandgaccounting.com\/staging\/\",\"name\":\"O&amp;G Tax and Accounting\",\"description\":\"\",\"publisher\":{\"@id\":\"https:\/\/oandgaccounting.com\/staging\/#organization\"},\"potentialAction\":[{\"@type\":\"SearchAction\",\"target\":{\"@type\":\"EntryPoint\",\"urlTemplate\":\"https:\/\/oandgaccounting.com\/staging\/?s={search_term_string}\"},\"query-input\":\"required name=search_term_string\"}],\"inLanguage\":\"es\"},{\"@type\":\"Organization\",\"@id\":\"https:\/\/oandgaccounting.com\/staging\/#organization\",\"name\":\"O&amp;G Tax and Accounting\",\"url\":\"https:\/\/oandgaccounting.com\/staging\/\",\"logo\":{\"@type\":\"ImageObject\",\"inLanguage\":\"es\",\"@id\":\"https:\/\/oandgaccounting.com\/staging\/#\/schema\/logo\/image\/\",\"url\":\"https:\/\/oandgaccounting.com\/staging\/wp-content\/uploads\/2019\/07\/logo.png\",\"contentUrl\":\"https:\/\/oandgaccounting.com\/staging\/wp-content\/uploads\/2019\/07\/logo.png\",\"width\":123,\"height\":74,\"caption\":\"O&amp;G Tax and Accounting\"},\"image\":{\"@id\":\"https:\/\/oandgaccounting.com\/staging\/#\/schema\/logo\/image\/\"}}]}<\/script>\n<!-- \/ Yoast SEO plugin. -->","yoast_head_json":{"title":"About Me - O&amp;G Tax and Accounting","robots":{"index":"index","follow":"follow","max-snippet":"max-snippet:-1","max-image-preview":"max-image-preview:large","max-video-preview":"max-video-preview:-1"},"canonical":"https:\/\/oandgaccounting.com\/staging\/es\/about-me\/","og_locale":"es_ES","og_type":"article","og_title":"About Me - O&amp;G Tax and Accounting","og_description":"Alex Oware, CPA, Esq. ( MA &#8211; #31644 &#038; CO &#8211; #9037137, Attorney at Law \u2013 #356544 (California) Member &#8211; Massachusetts Society of CPAs Full Member of National Society of Black Certified Public Accountants, Inc. Fellow Member &#8211; Colorado Society of Certified Public Accountants O &#038; G Tax and Accounting is a full-service accounting agency &hellip; Continue reading \"About Me\"","og_url":"https:\/\/oandgaccounting.com\/staging\/es\/about-me\/","og_site_name":"O&amp;G Tax and Accounting","article_modified_time":"2025-11-27T04:44:29+00:00","og_image":[{"width":618,"height":595,"url":"https:\/\/oandgaccounting.com\/staging\/wp-content\/uploads\/2021\/06\/2021-06-25-1.jpg","type":"image\/jpeg"}],"twitter_card":"summary_large_image","twitter_misc":{"Tiempo de lectura":"4 minutos"},"schema":{"@context":"https:\/\/schema.org","@graph":[{"@type":"WebPage","@id":"https:\/\/oandgaccounting.com\/staging\/about-me\/","url":"https:\/\/oandgaccounting.com\/staging\/about-me\/","name":"About Me - O&amp;G Tax and Accounting","isPartOf":{"@id":"https:\/\/oandgaccounting.com\/staging\/#website"},"primaryImageOfPage":{"@id":"https:\/\/oandgaccounting.com\/staging\/about-me\/#primaryimage"},"image":{"@id":"https:\/\/oandgaccounting.com\/staging\/about-me\/#primaryimage"},"thumbnailUrl":"https:\/\/oandgaccounting.com\/staging\/wp-content\/uploads\/2021\/06\/2021-06-25-1.jpg","datePublished":"2021-07-06T05:53:51+00:00","dateModified":"2025-11-27T04:44:29+00:00","inLanguage":"es","potentialAction":[{"@type":"ReadAction","target":["https:\/\/oandgaccounting.com\/staging\/about-me\/"]}]},{"@type":"ImageObject","inLanguage":"es","@id":"https:\/\/oandgaccounting.com\/staging\/about-me\/#primaryimage","url":"https:\/\/oandgaccounting.com\/staging\/wp-content\/uploads\/2021\/06\/2021-06-25-1.jpg","contentUrl":"https:\/\/oandgaccounting.com\/staging\/wp-content\/uploads\/2021\/06\/2021-06-25-1.jpg","width":618,"height":595},{"@type":"WebSite","@id":"https:\/\/oandgaccounting.com\/staging\/#website","url":"https:\/\/oandgaccounting.com\/staging\/","name":"O&amp;G Tax and Accounting","description":"","publisher":{"@id":"https:\/\/oandgaccounting.com\/staging\/#organization"},"potentialAction":[{"@type":"SearchAction","target":{"@type":"EntryPoint","urlTemplate":"https:\/\/oandgaccounting.com\/staging\/?s={search_term_string}"},"query-input":"required name=search_term_string"}],"inLanguage":"es"},{"@type":"Organization","@id":"https:\/\/oandgaccounting.com\/staging\/#organization","name":"O&amp;G Tax and Accounting","url":"https:\/\/oandgaccounting.com\/staging\/","logo":{"@type":"ImageObject","inLanguage":"es","@id":"https:\/\/oandgaccounting.com\/staging\/#\/schema\/logo\/image\/","url":"https:\/\/oandgaccounting.com\/staging\/wp-content\/uploads\/2019\/07\/logo.png","contentUrl":"https:\/\/oandgaccounting.com\/staging\/wp-content\/uploads\/2019\/07\/logo.png","width":123,"height":74,"caption":"O&amp;G Tax and Accounting"},"image":{"@id":"https:\/\/oandgaccounting.com\/staging\/#\/schema\/logo\/image\/"}}]}},"_links":{"self":[{"href":"https:\/\/oandgaccounting.com\/staging\/es\/wp-json\/wp\/v2\/pages\/2620"}],"collection":[{"href":"https:\/\/oandgaccounting.com\/staging\/es\/wp-json\/wp\/v2\/pages"}],"about":[{"href":"https:\/\/oandgaccounting.com\/staging\/es\/wp-json\/wp\/v2\/types\/page"}],"author":[{"embeddable":true,"href":"https:\/\/oandgaccounting.com\/staging\/es\/wp-json\/wp\/v2\/users\/1"}],"replies":[{"embeddable":true,"href":"https:\/\/oandgaccounting.com\/staging\/es\/wp-json\/wp\/v2\/comments?post=2620"}],"version-history":[{"count":45,"href":"https:\/\/oandgaccounting.com\/staging\/es\/wp-json\/wp\/v2\/pages\/2620\/revisions"}],"predecessor-version":[{"id":6548,"href":"https:\/\/oandgaccounting.com\/staging\/es\/wp-json\/wp\/v2\/pages\/2620\/revisions\/6548"}],"wp:featuredmedia":[{"embeddable":true,"href":"https:\/\/oandgaccounting.com\/staging\/es\/wp-json\/wp\/v2\/media\/2593"}],"wp:attachment":[{"href":"https:\/\/oandgaccounting.com\/staging\/es\/wp-json\/wp\/v2\/media?parent=2620"}],"curies":[{"name":"wp","href":"https:\/\/api.w.org\/{rel}","templated":true}]}}