{"id":3633,"date":"2022-11-14T10:50:35","date_gmt":"2022-11-14T10:50:35","guid":{"rendered":"https:\/\/oandgaccounting.com\/staging\/?page_id=3633"},"modified":"2022-11-14T11:07:34","modified_gmt":"2022-11-14T11:07:34","slug":"privacy-policy-2","status":"publish","type":"page","link":"https:\/\/oandgaccounting.com\/staging\/es\/privacy-policy-2\/","title":{"rendered":"pol\u00edtica de privacidad"},"content":{"rendered":"<h5>Privacidad<\/h5>\n<p>Nos comprometemos a proteger su privacidad y a proteger la informaci\u00f3n personal que nos proporciona cuando visita nuestro sitio web. Esta Pol\u00edtica de Privacidad explica nuestras pr\u00e1cticas de informaci\u00f3n en l\u00ednea. No recopilaremos informaci\u00f3n personal sobre usted solo por visitar este sitio.<\/p>\n<p>Algunas aplicaciones de este sitio web le ofrecen la oportunidad de completar un cuestionario fiscal, formular preguntas que requieren respuesta y suscribirse a nuestros boletines informativos. El uso de estos servicios es voluntario y podr\u00eda requerir que nos proporcione informaci\u00f3n personal adicional. Al proporcionar la informaci\u00f3n solicitada, usted consiente que utilicemos estos datos para responder a su solicitud espec\u00edfica.<\/p>\n<h5>Informaci\u00f3n que podemos recopilar<\/h5>\n<p>Si se comunica con nosotros por correo electr\u00f3nico, su direcci\u00f3n de correo electr\u00f3nico podr\u00eda conservarse para futuras comunicaciones con usted en relaci\u00f3n con el procesamiento de su solicitud o seg\u00fan lo dispuesto por la ley. No env\u00ede informaci\u00f3n sensible o confidencial en el cuerpo ni como archivo adjunto de un mensaje de correo electr\u00f3nico a menos que se lo hayamos indicado. <\/p>\n<p>Los datos enviados por correo electr\u00f3nico no est\u00e1n protegidos ni cifrados de forma inherente. Esta firma podr\u00e1 conservar y almacenar cualquier informaci\u00f3n contenida en un mensaje de correo electr\u00f3nico o archivo adjunto de conformidad con el plazo de conservaci\u00f3n aplicable o seg\u00fan lo dispuesto por la ley. O &amp; G recopila las direcciones de correo electr\u00f3nico de los visitantes que las proporcionan voluntariamente en este sitio y en otras plataformas, como nuestro canal de YouTube o Facebook.<\/p>\n<p>Adem\u00e1s, las direcciones de correo electr\u00f3nico y otra informaci\u00f3n proporcionada voluntariamente podr\u00e1n utilizarse para enviar boletines informativos y otra informaci\u00f3n a quienes la soliciten. <\/p>\n<p>Utilizamos Google Analytics para recopilar informaci\u00f3n sobre la eficacia de estos sitios web. Google Analytics recopila informaci\u00f3n de su navegador, como la configuraci\u00f3n de idioma, el tipo de navegador (como Chrome o Safari), el dispositivo y el sistema operativo en el que se ejecuta. Incluso puede recopilar la fuente de tr\u00e1fico que lo trajo a este sitio.<\/p>\n<p>Google Analytics instala una cookie permanente en su navegador web para identificarle como usuario \u00fanico la pr\u00f3xima vez que visite este sitio. Sin embargo, esta cookie solo puede ser utilizada por Google. La capacidad de Google para usar y compartir la informaci\u00f3n recopilada por Google Analytics sobre sus visitas a este sitio est\u00e1 restringida por las Condiciones de Uso de Google Analytics (en su versi\u00f3n modificada para sitios web gubernamentales) y la Pol\u00edtica de Privacidad de Google. Puede evitar que Google Analytics le reconozca en sus pr\u00f3ximas visitas a este sitio desactivando las cookies en su navegador.<\/p>\n<h5>Divulgaci\u00f3n p\u00fablica<\/h5>\n<p>No divulgaremos ninguna informaci\u00f3n de identificaci\u00f3n personal recopilada en l\u00ednea a terceros, excepto cuando usted nos haya dado permiso o cuando la informaci\u00f3n sea informaci\u00f3n p\u00fablica y est\u00e9 f\u00e1cilmente disponible para inspecci\u00f3n p\u00fablica.<\/p>\n<h5>Seguridad<\/h5>\n<p>Se utilizan diversas herramientas, pol\u00edticas y protocolos para proteger el env\u00edo de informaci\u00f3n a trav\u00e9s de este sitio web. Se han integrado medidas de seguridad en el dise\u00f1o, la implementaci\u00f3n y las operaciones diarias de todo el entorno operativo como parte de nuestro compromiso continuo con la seguridad del contenido electr\u00f3nico, as\u00ed como de la transmisi\u00f3n electr\u00f3nica de informaci\u00f3n.<\/p>\n<p>Para los servicios que requieren transacciones financieras, este sitio utiliza el protocolo de cifrado Secure Sockets Layer (SSL) para proteger su informaci\u00f3n personal confidencial, incluido el n\u00famero de su tarjeta de cr\u00e9dito. La informaci\u00f3n se cifra desde su ordenador hasta el ordenador del Portal que procesa su solicitud.<\/p>\n<p>Para proteger a\u00fan m\u00e1s su privacidad, no revele contrase\u00f1as ni informaci\u00f3n confidencial (por ejemplo, el n\u00famero de su tarjeta de cr\u00e9dito) a nadie por tel\u00e9fono ni por correo electr\u00f3nico. Al terminar de usar las aplicaciones protegidas con contrase\u00f1a o que requieren la informaci\u00f3n de su tarjeta de cr\u00e9dito, cierre siempre la p\u00e1gina del navegador.<\/p>","protected":false},"excerpt":{"rendered":"<p>Privacy We are committed to protecting your privacy and securing the personal information made available to us when you visit our website. This Privacy Policy explains our online information practices. We won&#8217;t collect personal information about you just because you visit this site. Some applications on this website provide you with the opportunity to complete &hellip; <a href=\"https:\/\/oandgaccounting.com\/staging\/es\/privacy-policy-2\/\" class=\"more-link\">Continue reading<span class=\"screen-reader-text\"> &#8220;Privacy Policy&#8221;<\/span><\/a><\/p>","protected":false},"author":1,"featured_media":0,"parent":0,"menu_order":0,"comment_status":"closed","ping_status":"closed","template":"privacy.php","meta":{"om_disable_all_campaigns":false,"_monsterinsights_skip_tracking":false,"_monsterinsights_sitenote_active":false,"_monsterinsights_sitenote_note":"","_monsterinsights_sitenote_category":0,"footnotes":""},"acf":[],"yoast_head":"<!-- This site is optimized with the Yoast SEO plugin v22.6 - https:\/\/yoast.com\/wordpress\/plugins\/seo\/ -->\n<title>Privacy Policy - O&amp;G Tax and Accounting<\/title>\n<meta name=\"robots\" content=\"index, follow, max-snippet:-1, max-image-preview:large, max-video-preview:-1\" \/>\n<link rel=\"canonical\" href=\"https:\/\/oandgaccounting.com\/staging\/es\/privacy-policy-2\/\" \/>\n<meta property=\"og:locale\" content=\"es_ES\" \/>\n<meta property=\"og:type\" content=\"article\" \/>\n<meta property=\"og:title\" content=\"Privacy Policy - O&amp;G Tax and Accounting\" \/>\n<meta property=\"og:description\" content=\"Privacy We are committed to protecting your privacy and securing the personal information made available to us when you visit our website. This Privacy Policy explains our online information practices. We won&#8217;t collect personal information about you just because you visit this site. Some applications on this website provide you with the opportunity to complete &hellip; Continue reading &quot;Privacy Policy&quot;\" \/>\n<meta property=\"og:url\" content=\"https:\/\/oandgaccounting.com\/staging\/es\/privacy-policy-2\/\" \/>\n<meta property=\"og:site_name\" content=\"O&amp;G Tax and Accounting\" \/>\n<meta property=\"article:modified_time\" content=\"2022-11-14T11:07:34+00:00\" \/>\n<meta name=\"twitter:card\" content=\"summary_large_image\" \/>\n<meta name=\"twitter:label1\" content=\"Tiempo de lectura\" \/>\n\t<meta name=\"twitter:data1\" content=\"3 minutos\" \/>\n<script type=\"application\/ld+json\" class=\"yoast-schema-graph\">{\"@context\":\"https:\/\/schema.org\",\"@graph\":[{\"@type\":\"WebPage\",\"@id\":\"https:\/\/oandgaccounting.com\/staging\/privacy-policy-2\/\",\"url\":\"https:\/\/oandgaccounting.com\/staging\/privacy-policy-2\/\",\"name\":\"Privacy Policy - O&amp;G Tax and Accounting\",\"isPartOf\":{\"@id\":\"https:\/\/oandgaccounting.com\/staging\/#website\"},\"datePublished\":\"2022-11-14T10:50:35+00:00\",\"dateModified\":\"2022-11-14T11:07:34+00:00\",\"inLanguage\":\"es\",\"potentialAction\":[{\"@type\":\"ReadAction\",\"target\":[\"https:\/\/oandgaccounting.com\/staging\/privacy-policy-2\/\"]}]},{\"@type\":\"WebSite\",\"@id\":\"https:\/\/oandgaccounting.com\/staging\/#website\",\"url\":\"https:\/\/oandgaccounting.com\/staging\/\",\"name\":\"O&amp;G Tax and Accounting\",\"description\":\"\",\"publisher\":{\"@id\":\"https:\/\/oandgaccounting.com\/staging\/#organization\"},\"potentialAction\":[{\"@type\":\"SearchAction\",\"target\":{\"@type\":\"EntryPoint\",\"urlTemplate\":\"https:\/\/oandgaccounting.com\/staging\/?s={search_term_string}\"},\"query-input\":\"required name=search_term_string\"}],\"inLanguage\":\"es\"},{\"@type\":\"Organization\",\"@id\":\"https:\/\/oandgaccounting.com\/staging\/#organization\",\"name\":\"O&amp;G Tax and Accounting\",\"url\":\"https:\/\/oandgaccounting.com\/staging\/\",\"logo\":{\"@type\":\"ImageObject\",\"inLanguage\":\"es\",\"@id\":\"https:\/\/oandgaccounting.com\/staging\/#\/schema\/logo\/image\/\",\"url\":\"https:\/\/oandgaccounting.com\/staging\/wp-content\/uploads\/2019\/07\/logo.png\",\"contentUrl\":\"https:\/\/oandgaccounting.com\/staging\/wp-content\/uploads\/2019\/07\/logo.png\",\"width\":123,\"height\":74,\"caption\":\"O&amp;G Tax and Accounting\"},\"image\":{\"@id\":\"https:\/\/oandgaccounting.com\/staging\/#\/schema\/logo\/image\/\"}}]}<\/script>\n<!-- \/ Yoast SEO plugin. -->","yoast_head_json":{"title":"Privacy Policy - O&amp;G Tax and Accounting","robots":{"index":"index","follow":"follow","max-snippet":"max-snippet:-1","max-image-preview":"max-image-preview:large","max-video-preview":"max-video-preview:-1"},"canonical":"https:\/\/oandgaccounting.com\/staging\/es\/privacy-policy-2\/","og_locale":"es_ES","og_type":"article","og_title":"Privacy Policy - O&amp;G Tax and Accounting","og_description":"Privacy We are committed to protecting your privacy and securing the personal information made available to us when you visit our website. This Privacy Policy explains our online information practices. We won&#8217;t collect personal information about you just because you visit this site. Some applications on this website provide you with the opportunity to complete &hellip; Continue reading \"Privacy Policy\"","og_url":"https:\/\/oandgaccounting.com\/staging\/es\/privacy-policy-2\/","og_site_name":"O&amp;G Tax and Accounting","article_modified_time":"2022-11-14T11:07:34+00:00","twitter_card":"summary_large_image","twitter_misc":{"Tiempo de lectura":"3 minutos"},"schema":{"@context":"https:\/\/schema.org","@graph":[{"@type":"WebPage","@id":"https:\/\/oandgaccounting.com\/staging\/privacy-policy-2\/","url":"https:\/\/oandgaccounting.com\/staging\/privacy-policy-2\/","name":"Privacy Policy - O&amp;G Tax and Accounting","isPartOf":{"@id":"https:\/\/oandgaccounting.com\/staging\/#website"},"datePublished":"2022-11-14T10:50:35+00:00","dateModified":"2022-11-14T11:07:34+00:00","inLanguage":"es","potentialAction":[{"@type":"ReadAction","target":["https:\/\/oandgaccounting.com\/staging\/privacy-policy-2\/"]}]},{"@type":"WebSite","@id":"https:\/\/oandgaccounting.com\/staging\/#website","url":"https:\/\/oandgaccounting.com\/staging\/","name":"O&amp;G Tax and Accounting","description":"","publisher":{"@id":"https:\/\/oandgaccounting.com\/staging\/#organization"},"potentialAction":[{"@type":"SearchAction","target":{"@type":"EntryPoint","urlTemplate":"https:\/\/oandgaccounting.com\/staging\/?s={search_term_string}"},"query-input":"required name=search_term_string"}],"inLanguage":"es"},{"@type":"Organization","@id":"https:\/\/oandgaccounting.com\/staging\/#organization","name":"O&amp;G Tax and Accounting","url":"https:\/\/oandgaccounting.com\/staging\/","logo":{"@type":"ImageObject","inLanguage":"es","@id":"https:\/\/oandgaccounting.com\/staging\/#\/schema\/logo\/image\/","url":"https:\/\/oandgaccounting.com\/staging\/wp-content\/uploads\/2019\/07\/logo.png","contentUrl":"https:\/\/oandgaccounting.com\/staging\/wp-content\/uploads\/2019\/07\/logo.png","width":123,"height":74,"caption":"O&amp;G Tax and Accounting"},"image":{"@id":"https:\/\/oandgaccounting.com\/staging\/#\/schema\/logo\/image\/"}}]}},"_links":{"self":[{"href":"https:\/\/oandgaccounting.com\/staging\/es\/wp-json\/wp\/v2\/pages\/3633"}],"collection":[{"href":"https:\/\/oandgaccounting.com\/staging\/es\/wp-json\/wp\/v2\/pages"}],"about":[{"href":"https:\/\/oandgaccounting.com\/staging\/es\/wp-json\/wp\/v2\/types\/page"}],"author":[{"embeddable":true,"href":"https:\/\/oandgaccounting.com\/staging\/es\/wp-json\/wp\/v2\/users\/1"}],"replies":[{"embeddable":true,"href":"https:\/\/oandgaccounting.com\/staging\/es\/wp-json\/wp\/v2\/comments?post=3633"}],"version-history":[{"count":4,"href":"https:\/\/oandgaccounting.com\/staging\/es\/wp-json\/wp\/v2\/pages\/3633\/revisions"}],"predecessor-version":[{"id":3639,"href":"https:\/\/oandgaccounting.com\/staging\/es\/wp-json\/wp\/v2\/pages\/3633\/revisions\/3639"}],"wp:attachment":[{"href":"https:\/\/oandgaccounting.com\/staging\/es\/wp-json\/wp\/v2\/media?parent=3633"}],"curies":[{"name":"wp","href":"https:\/\/api.w.org\/{rel}","templated":true}]}}