{"id":4788,"date":"2023-08-23T09:17:08","date_gmt":"2023-08-23T09:17:08","guid":{"rendered":"https:\/\/oandgaccounting.com\/staging\/?page_id=4788"},"modified":"2025-03-07T11:04:29","modified_gmt":"2025-03-07T11:04:29","slug":"non-resident-owners-of-single-member-llcs-and-the-complexities-of-form-w9-and-form-w8","status":"publish","type":"page","link":"https:\/\/oandgaccounting.com\/staging\/es\/resources\/non-resident-owners-of-single-member-llcs-and-the-complexities-of-form-w9-and-form-w8\/","title":{"rendered":"Propietarios no residentes de sociedades de responsabilidad limitada de un solo miembro y las complejidades de los formularios W-9 y W-8"},"content":{"rendered":"<div class=\"onefivequestion\">\n<div class=\"section container\">\n<div class=\"row py-3\">\n<div class=\"container text-left\">\n<h2>Propietarios no residentes de sociedades de responsabilidad limitada de un solo miembro y las complejidades de los formularios W-9 y W-8<\/h2>\n<p>Uno de los principales desaf\u00edos que enfrenta <a href=\"https:\/\/www.irs.gov\/individuals\/international-taxpayers\/nonresident-aliens\" rel=\"noopener\" target=\"_blank\">no residente<\/a> Los propietarios de LLC deben proporcionar la documentaci\u00f3n fiscal correcta a los clientes estadounidenses que remiten pagos por servicios prestados. Este art\u00edculo pretende desglosar las complejidades asociadas con... <a href=\"https:\/\/www.irs.gov\/forms-pubs\/about-form-w-9\" rel=\"noopener\" target=\"_blank\">Formulario W-9<\/a> y <a href=\"https:\/\/www.irs.gov\/forms-pubs\/about-form-w-8-ben\" rel=\"noopener\" target=\"_blank\">Formulario W-8<\/a>, arrojando luz sobre las consecuencias de proporcionar el formulario incorrecto.<\/p>\n<p>Profundicemos en un escenario que ejemplifica las complejidades de este tema. Supongamos que usted es un extranjero no residente que posee una <a href=\"https:\/\/www.irs.gov\/businesses\/small-businesses-self-employed\/single-member-limited-liability-companies\" rel=\"noopener\" target=\"_blank\">LLC de un solo miembro <\/a>En EE. UU., su LLC no se considera a efectos fiscales estadounidenses, lo que significa que no se considera una entidad separada de su propietario a efectos de declaraci\u00f3n de impuestos. Un cliente en EE. UU. solicit\u00f3 un Formulario W-9, pero como no residente, no est\u00e1 seguro de si debe proporcionar un Formulario W-9 o un Formulario W-8.<\/p>\n<h5>Formulario W-9: \u00bfQu\u00e9 es y qui\u00e9n debe presentarlo?<\/h5>\n<p>El formulario W-9 es utilizado por <a href=\"https:\/\/www.irs.gov\/individuals\/international-taxpayers\/classification-of-taxpayers-for-us-tax-purposes\" rel=\"noopener\" target=\"_blank\">Personas de los Estados Unidos,<\/a> Incluyendo ciudadanos, residentes y entidades nacionales, para proporcionar informaci\u00f3n de identificaci\u00f3n, como nombre, direcci\u00f3n y n\u00famero de identificaci\u00f3n fiscal (TIN), a contribuyentes de ciertos tipos de ingresos, como intereses, dividendos y remuneraciones a no empleados. Al firmar este formulario, el beneficiario certifica su condici\u00f3n de persona estadounidense y su exenci\u00f3n de la retenci\u00f3n adicional en la fuente o la declaraci\u00f3n de la FATCA.<\/p>\n<h5>Formulario W-8: \u00bfQu\u00e9 es y qui\u00e9n debe presentarlo?<\/h5>\n<p>Por el contrario, el Formulario W-8 es utilizado por personas o entidades extranjeras para certificar su condici\u00f3n de no residente y reclamar los beneficios de los tratados fiscales aplicables que podr\u00edan reducir o eliminar la retenci\u00f3n de impuestos sobre los ingresos de fuente estadounidense. Hay varias versiones del Formulario W-8 disponibles, incluyendo el Formulario <a href=\"https:\/\/www.irs.gov\/forms-pubs\/about-form-w-8-ben\" rel=\"noopener\" target=\"_blank\">W-8BEN<\/a> para los beneficiarios reales de ingresos y Formulario <a href=\"https:\/\/www.irs.gov\/forms-pubs\/about-form-w-8-eci\" rel=\"noopener\" target=\"_blank\">W-8ECI<\/a> para aquellos con ingresos efectivamente vinculados a un comercio o negocio en EE.UU.<\/p>\n<h5>Propietarios extranjeros no residentes de LLC ignoradas: \u00bfQu\u00e9 formulario de impuestos deber\u00eda utilizar?<\/h5>\n<p>Como propietario extranjero no residente de una LLC ignorada, no es aconsejable proporcionar un Formulario W-9 a sus clientes estadounidenses, ya que no es un<a href=\"https:\/\/www.irs.gov\/individuals\/international-taxpayers\/classification-of-taxpayers-for-us-tax-purposes\" rel=\"noopener\" target=\"_blank\"> Persona estadounidense a efectos fiscales<\/a>. En su lugar, debe proporcionar el Formulario W-8 correspondiente, adaptado a sus circunstancias espec\u00edficas y tipo de ingresos. Por ejemplo, si sus ingresos est\u00e1n efectivamente vinculados a una actividad comercial o empresarial en EE. UU., debe presentar un Formulario W-8ECI, con su nombre, direcci\u00f3n y n\u00famero de identificaci\u00f3n fiscal (TIN) extranjero (si corresponde).<br \/>\nPresentar un Formulario W-9 en lugar de un Formulario W-8 puede resultar en proporcionar informaci\u00f3n inexacta o fraudulenta al IRS o a sus clientes. Por lo tanto, es crucial proporcionar el formulario tributario correcto seg\u00fan su estatus migratorio y tipo de ingreso. Si no est\u00e1 seguro de qu\u00e9 formulario usar o c\u00f3mo completarlo correctamente, consulte a un <a href=\"https:\/\/oandgaccounting.com\/staging\/appointment-booking-form\/\" rel=\"noopener\" target=\"_blank\">profesional de impuestos calificado<\/a> Es muy recomendable para evitar posibles errores.<\/p>\n<p>Los asuntos tributarios para los propietarios de empresas no residentes con LLC unipersonales en EE. UU. son complejos y multifac\u00e9ticos. Para desenvolverse en este panorama, es necesario comprender a fondo las leyes y regulaciones tributarias estadounidenses, en particular las aplicables a las transacciones internacionales y las pol\u00edticas tributarias estadounidenses. Como propietario de una empresa no residente, es fundamental proporcionar la documentaci\u00f3n tributaria correcta a los clientes estadounidenses para garantizar el cumplimiento de las leyes tributarias estadounidenses.<\/p>\n<h5>\u00bfNecesita ayuda con sus obligaciones fiscales?<\/h5>\n<p>Si tiene m\u00e1s preguntas o necesita ayuda para comprender sus obligaciones fiscales como propietario no residente de una LLC de un solo miembro, reserve una consulta paga conmigo utilizando el siguiente enlace: <a href=\"https:\/\/oandgaccounting.com\/staging\/appointment-booking-form\/\" rel=\"noopener\" target=\"_blank\">https:\/\/oandgaccounting.com\/staging\/appointment-booking-form\/<\/a>. Mi amplia experiencia y profundo conocimiento de las leyes y regulaciones tributarias estadounidenses, en particular en materia de transacciones internacionales y pol\u00edticas tributarias estadounidenses, me posicionan para brindarle asesoramiento experto adaptado a sus circunstancias particulares. Perm\u00edtame ayudarle a comprender las complejidades de la tributaci\u00f3n estadounidense y garantizar su cumplimiento con las leyes tributarias estadounidenses.<\/p>\n<\/div>\n<\/div>\n<\/div>\n<\/div>","protected":false},"excerpt":{"rendered":"<p>Non-Resident Owners of Single-Member LLCs and The Complexities of Form W-9 and Form W-8 One of the primary challenges faced by non-resident LLC owners is the requirement to provide correct tax documentation to U.S. clients who remit payments for services provided. This article aims to breakdown the complexities associated with Form W-9 and Form W-8, &hellip; <a href=\"https:\/\/oandgaccounting.com\/staging\/es\/resources\/non-resident-owners-of-single-member-llcs-and-the-complexities-of-form-w9-and-form-w8\/\" class=\"more-link\">Continue reading<span class=\"screen-reader-text\"> &#8220;Non-Resident Owners of Single-Member LLCs and The Complexities of Form W-9 and Form W-8&#8221;<\/span><\/a><\/p>","protected":false},"author":1,"featured_media":0,"parent":24,"menu_order":0,"comment_status":"closed","ping_status":"closed","template":"default_withchat.php","meta":{"om_disable_all_campaigns":false,"_monsterinsights_skip_tracking":false,"_monsterinsights_sitenote_active":false,"_monsterinsights_sitenote_note":"","_monsterinsights_sitenote_category":0,"footnotes":""},"acf":[],"yoast_head":"<!-- This site is optimized with the Yoast SEO plugin v22.6 - https:\/\/yoast.com\/wordpress\/plugins\/seo\/ -->\n<title>Non-Resident Owners of Single-Member LLCs and The Complexities of Form W-9 and Form W-8 - O&amp;G Tax and Accounting<\/title>\n<meta name=\"robots\" content=\"index, follow, max-snippet:-1, max-image-preview:large, max-video-preview:-1\" \/>\n<link rel=\"canonical\" href=\"https:\/\/oandgaccounting.com\/staging\/es\/resources\/non-resident-owners-of-single-member-llcs-and-the-complexities-of-form-w9-and-form-w8\/\" \/>\n<meta property=\"og:locale\" content=\"es_ES\" \/>\n<meta property=\"og:type\" content=\"article\" \/>\n<meta property=\"og:title\" content=\"Non-Resident Owners of Single-Member LLCs and The Complexities of Form W-9 and Form W-8 - O&amp;G Tax and Accounting\" \/>\n<meta property=\"og:description\" content=\"Non-Resident Owners of Single-Member LLCs and The Complexities of Form W-9 and Form W-8 One of the primary challenges faced by non-resident LLC owners is the requirement to provide correct tax documentation to U.S. clients who remit payments for services provided. This article aims to breakdown the complexities associated with Form W-9 and Form W-8, &hellip; Continue reading &quot;Non-Resident Owners of Single-Member LLCs and The Complexities of Form W-9 and Form W-8&quot;\" \/>\n<meta property=\"og:url\" content=\"https:\/\/oandgaccounting.com\/staging\/es\/resources\/non-resident-owners-of-single-member-llcs-and-the-complexities-of-form-w9-and-form-w8\/\" \/>\n<meta property=\"og:site_name\" content=\"O&amp;G Tax and Accounting\" \/>\n<meta property=\"article:modified_time\" content=\"2025-03-07T11:04:29+00:00\" \/>\n<meta name=\"twitter:card\" content=\"summary_large_image\" \/>\n<meta name=\"twitter:label1\" content=\"Tiempo de lectura\" \/>\n\t<meta name=\"twitter:data1\" content=\"3 minutos\" \/>\n<script type=\"application\/ld+json\" class=\"yoast-schema-graph\">{\"@context\":\"https:\/\/schema.org\",\"@graph\":[{\"@type\":\"WebPage\",\"@id\":\"https:\/\/oandgaccounting.com\/staging\/resources\/non-resident-owners-of-single-member-llcs-and-the-complexities-of-form-w9-and-form-w8\/\",\"url\":\"https:\/\/oandgaccounting.com\/staging\/resources\/non-resident-owners-of-single-member-llcs-and-the-complexities-of-form-w9-and-form-w8\/\",\"name\":\"Non-Resident Owners of Single-Member LLCs and The Complexities of Form W-9 and Form W-8 - O&amp;G Tax and Accounting\",\"isPartOf\":{\"@id\":\"https:\/\/oandgaccounting.com\/staging\/#website\"},\"datePublished\":\"2023-08-23T09:17:08+00:00\",\"dateModified\":\"2025-03-07T11:04:29+00:00\",\"breadcrumb\":{\"@id\":\"https:\/\/oandgaccounting.com\/staging\/resources\/non-resident-owners-of-single-member-llcs-and-the-complexities-of-form-w9-and-form-w8\/#breadcrumb\"},\"inLanguage\":\"es\",\"potentialAction\":[{\"@type\":\"ReadAction\",\"target\":[\"https:\/\/oandgaccounting.com\/staging\/resources\/non-resident-owners-of-single-member-llcs-and-the-complexities-of-form-w9-and-form-w8\/\"]}]},{\"@type\":\"BreadcrumbList\",\"@id\":\"https:\/\/oandgaccounting.com\/staging\/resources\/non-resident-owners-of-single-member-llcs-and-the-complexities-of-form-w9-and-form-w8\/#breadcrumb\",\"itemListElement\":[{\"@type\":\"ListItem\",\"position\":1,\"name\":\"Resources\",\"item\":\"https:\/\/oandgaccounting.com\/staging\/resources\/\"},{\"@type\":\"ListItem\",\"position\":2,\"name\":\"Non-Resident Owners of Single-Member LLCs and The Complexities of Form W-9 and Form W-8\"}]},{\"@type\":\"WebSite\",\"@id\":\"https:\/\/oandgaccounting.com\/staging\/#website\",\"url\":\"https:\/\/oandgaccounting.com\/staging\/\",\"name\":\"O&amp;G Tax and Accounting\",\"description\":\"\",\"publisher\":{\"@id\":\"https:\/\/oandgaccounting.com\/staging\/#organization\"},\"potentialAction\":[{\"@type\":\"SearchAction\",\"target\":{\"@type\":\"EntryPoint\",\"urlTemplate\":\"https:\/\/oandgaccounting.com\/staging\/?s={search_term_string}\"},\"query-input\":\"required name=search_term_string\"}],\"inLanguage\":\"es\"},{\"@type\":\"Organization\",\"@id\":\"https:\/\/oandgaccounting.com\/staging\/#organization\",\"name\":\"O&amp;G Tax and Accounting\",\"url\":\"https:\/\/oandgaccounting.com\/staging\/\",\"logo\":{\"@type\":\"ImageObject\",\"inLanguage\":\"es\",\"@id\":\"https:\/\/oandgaccounting.com\/staging\/#\/schema\/logo\/image\/\",\"url\":\"https:\/\/oandgaccounting.com\/staging\/wp-content\/uploads\/2019\/07\/logo.png\",\"contentUrl\":\"https:\/\/oandgaccounting.com\/staging\/wp-content\/uploads\/2019\/07\/logo.png\",\"width\":123,\"height\":74,\"caption\":\"O&amp;G Tax and Accounting\"},\"image\":{\"@id\":\"https:\/\/oandgaccounting.com\/staging\/#\/schema\/logo\/image\/\"}}]}<\/script>\n<!-- \/ Yoast SEO plugin. -->","yoast_head_json":{"title":"Non-Resident Owners of Single-Member LLCs and The Complexities of Form W-9 and Form W-8 - O&amp;G Tax and Accounting","robots":{"index":"index","follow":"follow","max-snippet":"max-snippet:-1","max-image-preview":"max-image-preview:large","max-video-preview":"max-video-preview:-1"},"canonical":"https:\/\/oandgaccounting.com\/staging\/es\/resources\/non-resident-owners-of-single-member-llcs-and-the-complexities-of-form-w9-and-form-w8\/","og_locale":"es_ES","og_type":"article","og_title":"Non-Resident Owners of Single-Member LLCs and The Complexities of Form W-9 and Form W-8 - O&amp;G Tax and Accounting","og_description":"Non-Resident Owners of Single-Member LLCs and The Complexities of Form W-9 and Form W-8 One of the primary challenges faced by non-resident LLC owners is the requirement to provide correct tax documentation to U.S. clients who remit payments for services provided. This article aims to breakdown the complexities associated with Form W-9 and Form W-8, &hellip; Continue reading \"Non-Resident Owners of Single-Member LLCs and The Complexities of Form W-9 and Form W-8\"","og_url":"https:\/\/oandgaccounting.com\/staging\/es\/resources\/non-resident-owners-of-single-member-llcs-and-the-complexities-of-form-w9-and-form-w8\/","og_site_name":"O&amp;G Tax and Accounting","article_modified_time":"2025-03-07T11:04:29+00:00","twitter_card":"summary_large_image","twitter_misc":{"Tiempo de lectura":"3 minutos"},"schema":{"@context":"https:\/\/schema.org","@graph":[{"@type":"WebPage","@id":"https:\/\/oandgaccounting.com\/staging\/resources\/non-resident-owners-of-single-member-llcs-and-the-complexities-of-form-w9-and-form-w8\/","url":"https:\/\/oandgaccounting.com\/staging\/resources\/non-resident-owners-of-single-member-llcs-and-the-complexities-of-form-w9-and-form-w8\/","name":"Non-Resident Owners of Single-Member LLCs and The Complexities of Form W-9 and Form W-8 - O&amp;G Tax and Accounting","isPartOf":{"@id":"https:\/\/oandgaccounting.com\/staging\/#website"},"datePublished":"2023-08-23T09:17:08+00:00","dateModified":"2025-03-07T11:04:29+00:00","breadcrumb":{"@id":"https:\/\/oandgaccounting.com\/staging\/resources\/non-resident-owners-of-single-member-llcs-and-the-complexities-of-form-w9-and-form-w8\/#breadcrumb"},"inLanguage":"es","potentialAction":[{"@type":"ReadAction","target":["https:\/\/oandgaccounting.com\/staging\/resources\/non-resident-owners-of-single-member-llcs-and-the-complexities-of-form-w9-and-form-w8\/"]}]},{"@type":"BreadcrumbList","@id":"https:\/\/oandgaccounting.com\/staging\/resources\/non-resident-owners-of-single-member-llcs-and-the-complexities-of-form-w9-and-form-w8\/#breadcrumb","itemListElement":[{"@type":"ListItem","position":1,"name":"Resources","item":"https:\/\/oandgaccounting.com\/staging\/resources\/"},{"@type":"ListItem","position":2,"name":"Non-Resident Owners of Single-Member LLCs and The Complexities of Form W-9 and Form W-8"}]},{"@type":"WebSite","@id":"https:\/\/oandgaccounting.com\/staging\/#website","url":"https:\/\/oandgaccounting.com\/staging\/","name":"O&amp;G Tax and Accounting","description":"","publisher":{"@id":"https:\/\/oandgaccounting.com\/staging\/#organization"},"potentialAction":[{"@type":"SearchAction","target":{"@type":"EntryPoint","urlTemplate":"https:\/\/oandgaccounting.com\/staging\/?s={search_term_string}"},"query-input":"required name=search_term_string"}],"inLanguage":"es"},{"@type":"Organization","@id":"https:\/\/oandgaccounting.com\/staging\/#organization","name":"O&amp;G Tax and Accounting","url":"https:\/\/oandgaccounting.com\/staging\/","logo":{"@type":"ImageObject","inLanguage":"es","@id":"https:\/\/oandgaccounting.com\/staging\/#\/schema\/logo\/image\/","url":"https:\/\/oandgaccounting.com\/staging\/wp-content\/uploads\/2019\/07\/logo.png","contentUrl":"https:\/\/oandgaccounting.com\/staging\/wp-content\/uploads\/2019\/07\/logo.png","width":123,"height":74,"caption":"O&amp;G Tax and Accounting"},"image":{"@id":"https:\/\/oandgaccounting.com\/staging\/#\/schema\/logo\/image\/"}}]}},"_links":{"self":[{"href":"https:\/\/oandgaccounting.com\/staging\/es\/wp-json\/wp\/v2\/pages\/4788"}],"collection":[{"href":"https:\/\/oandgaccounting.com\/staging\/es\/wp-json\/wp\/v2\/pages"}],"about":[{"href":"https:\/\/oandgaccounting.com\/staging\/es\/wp-json\/wp\/v2\/types\/page"}],"author":[{"embeddable":true,"href":"https:\/\/oandgaccounting.com\/staging\/es\/wp-json\/wp\/v2\/users\/1"}],"replies":[{"embeddable":true,"href":"https:\/\/oandgaccounting.com\/staging\/es\/wp-json\/wp\/v2\/comments?post=4788"}],"version-history":[{"count":8,"href":"https:\/\/oandgaccounting.com\/staging\/es\/wp-json\/wp\/v2\/pages\/4788\/revisions"}],"predecessor-version":[{"id":6263,"href":"https:\/\/oandgaccounting.com\/staging\/es\/wp-json\/wp\/v2\/pages\/4788\/revisions\/6263"}],"up":[{"embeddable":true,"href":"https:\/\/oandgaccounting.com\/staging\/es\/wp-json\/wp\/v2\/pages\/24"}],"wp:attachment":[{"href":"https:\/\/oandgaccounting.com\/staging\/es\/wp-json\/wp\/v2\/media?parent=4788"}],"curies":[{"name":"wp","href":"https:\/\/api.w.org\/{rel}","templated":true}]}}