{"id":4814,"date":"2023-08-23T11:33:44","date_gmt":"2023-08-23T11:33:44","guid":{"rendered":"https:\/\/oandgaccounting.com\/staging\/?page_id=4814"},"modified":"2025-03-07T11:09:43","modified_gmt":"2025-03-07T11:09:43","slug":"exploring-u-s-tax-requirements-for-nonresident-owned-llcs-2","status":"publish","type":"page","link":"https:\/\/oandgaccounting.com\/staging\/es\/resources\/exploring-u-s-tax-requirements-for-nonresident-owned-llcs-2\/","title":{"rendered":"Exploraci\u00f3n de los requisitos fiscales de EE. UU. para las LLC propiedad de no residentes"},"content":{"rendered":"<div class=\"onefivequestion\">\n<div class=\"section container\">\n<div class=\"row py-3\">\n<div class=\"container text-left\">\n<p>\u00bfEs usted una empresa no residente que opera fuera de los EE. UU., con una <a href=\"https:\/\/www.irs.gov\/businesses\/small-businesses-self-employed\/single-member-limited-liability-companies\" rel=\"noopener\" target=\"_blank\">Sociedad de responsabilidad limitada (LLC) unipersonal<\/a> \u00bfSe constituy\u00f3 en EE. UU.? Si es as\u00ed, quiz\u00e1s se pregunte sobre sus obligaciones tributarias en EE. UU. En esta gu\u00eda, exploramos las complejidades del cumplimiento tributario para <a href=\"https:\/\/oandgaccounting.com\/staging\/foreign-owned-us-llc\/7-common-questions-about-foreign-owned-u-s-llcs-answered-by-a-cpa\/\" rel=\"noopener\" target=\"_blank\">sociedades de responsabilidad limitada (LLC) de propiedad extranjera<\/a> y ayudarle a comprender sus responsabilidades.<\/p>\n<h5>Obligaciones fiscales de las sociedades de responsabilidad limitada de propiedad extranjera<\/h5>\n<p>Un error muy com\u00fan es creer que <a href=\"https:\/\/www.irs.gov\/individuals\/international-taxpayers\/nonresident-aliens\" rel=\"noopener\" target=\"_blank\">no residentes <\/a>Operar un negocio en el extranjero est\u00e1 sujeto a impuestos en los EE. UU. si su negocio se forma como una LLC en los EE. UU. Sin embargo, como no residente con una LLC de un solo miembro que vive y opera el negocio en el extranjero, no paga impuestos en los EE. UU. a menos que tenga una oficina, un almac\u00e9n, empleados, agentes independientes dependientes o exclusivos en los EE. UU.<\/p>\n<p>Aunque puede estar exento de pagar impuestos estadounidenses en estas circunstancias, a\u00fan debe <a href=\"https:\/\/oandgaccounting.com\/staging\/foreign-owned-us-llc\/how-to-file-forms-5472-and-1120-for-a-foreign-owned-single-member-llc\/\" rel=\"noopener\" target=\"_blank\">Presentar el Formulario 5472 y un formulario pro forma 1120 <\/a>Para fines informativos cada a\u00f1o fiscal. El cumplimiento de estos requisitos es crucial, ya que no presentarlos podr\u00eda resultar en multas cuantiosas. Puede encontrar m\u00e1s informaci\u00f3n en el Formulario 5472 y el proceso de presentaci\u00f3n. <a href=\"https:\/\/oandgaccounting.com\/staging\/foreign-owned-us-llc\/how-to-file-forms-5472-and-1120-for-a-foreign-owned-single-member-llc\/\" rel=\"noopener\" target=\"_blank\">aqu\u00ed<\/a>. <\/p>\n<h5>Comprensi\u00f3n de los impuestos estatales y su cumplimiento<\/h5>\n<p>Es fundamental tener en cuenta que este art\u00edculo no aborda los impuestos estatales ni los requisitos de cumplimiento, que pueden variar significativamente entre los 50 estados de EE. UU. Si opera en un estado en particular, es posible que deba registrarse para la recaudaci\u00f3n y el pago de impuestos sobre las ventas, pagar el impuesto estatal de franquicia o cumplir con las obligaciones fiscales estatales sobre la renta, seg\u00fan su nivel de actividad en ese estado. Le recomendamos consultar con un <a href=\"https:\/\/oandgaccounting.com\/staging\/appointment-booking-form\/\" rel=\"noopener\" target=\"_blank\">asesor fiscal competente<\/a> para determinar sus obligaciones fiscales estatales y federales espec\u00edficas.<\/p>\n<h5>La Ley de Transparencia Corporativa<\/h5>\n<p>Las LLC de propiedad extranjera tambi\u00e9n deben ser conscientes de las <a href=\"https:\/\/oandgaccounting.com\/staging\/beginning-2024-domestic-and-certain-foreign-entities-are-required-to-disclose-ownership-information\/\" rel=\"noopener\" target=\"_blank\">Ley de Transparencia Corporativa (CTA)<\/a>, que establece requisitos uniformes de informaci\u00f3n sobre propiedad beneficiosa para ciertas corporaciones, compa\u00f1\u00edas de responsabilidad limitada y otras entidades similares creadas o registradas para hacer negocios en los EE. UU. La CTA es parte de la <a href=\"https:\/\/www.fincen.gov\/anti-money-laundering-act-2020\" rel=\"noopener\" target=\"_blank\">Ley contra el lavado de dinero de 2020<\/a> y tiene como objetivo evitar que criminales, terroristas e individuos corruptos oculten dinero o propiedades il\u00edcitas en los EE. UU.<\/p>\n<p>Para las empresas que presentan informes creadas o registradas antes del 1 de enero de 2024, el informe inicial de informaci\u00f3n sobre propiedad beneficiosa debe presentarse antes del 1 de enero de 2025. Si su empresa se crea o registra a partir del 1 de enero de 2024, tiene 30 d\u00edas para presentar el informe inicial a partir del 1 de enero de 2024.<\/p>\n<h5>Factores que afectan las transferencias de dinero entre cuentas personales y LLC<\/h5>\n<p>Para los propietarios de empresas no residentes, la transferencia de dinero entre cuentas personales y de LLC generalmente est\u00e1 permitida, siempre que ambos bancos aprueben la transacci\u00f3n. Sin embargo, debe considerar varios factores, como las regulaciones bancarias, las obligaciones de declaraci\u00f3n, las estipulaciones del acuerdo operativo y los tipos de cambio y comisiones.<\/p>\n<p>Lidiar con las complejidades de los requisitos fiscales estadounidenses como propietario de una empresa no residente puede ser una tarea abrumadora. Cumplir con las diversas obligaciones de declaraci\u00f3n es esencial para evitar sanciones y garantizar el buen funcionamiento de su negocio. Si es no residente y propietario de una LLC unipersonal en EE. UU., esta gu\u00eda le servir\u00e1 como un recurso valioso para comprender sus obligaciones y responsabilidades fiscales.<\/p>\n<p>Para explorar este tema m\u00e1s a fondo y recibir asesoramiento experto adaptado a su situaci\u00f3n particular, reserve una consulta paga con nosotros en <a href=\"https:\/\/oandgaccounting.com\/staging\/appointment-booking-form\/\">Contabilidad O&amp;G.<\/a><\/p><\/div>\n<\/p><\/div>\n<\/p><\/div>\n<\/div>","protected":false},"excerpt":{"rendered":"<p>Are you a nonresident operating business outside of the U.S, with a single-member Limited Liability Company (LLC) formed in the U.S.? If so, you may be wondering about your tax obligations in the U.S. In this guide, we explore the complexities of tax compliance for foreign-owned LLCs and help you understand your responsibilities. Tax Obligations &hellip; <a href=\"https:\/\/oandgaccounting.com\/staging\/es\/resources\/exploring-u-s-tax-requirements-for-nonresident-owned-llcs-2\/\" class=\"more-link\">Continue reading<span class=\"screen-reader-text\"> &#8220;Exploring U.S. Tax Requirements for Nonresident-Owned LLCs&#8221;<\/span><\/a><\/p>","protected":false},"author":1,"featured_media":0,"parent":24,"menu_order":0,"comment_status":"closed","ping_status":"closed","template":"default_withchat.php","meta":{"om_disable_all_campaigns":false,"_monsterinsights_skip_tracking":false,"_monsterinsights_sitenote_active":false,"_monsterinsights_sitenote_note":"","_monsterinsights_sitenote_category":0,"footnotes":""},"acf":[],"yoast_head":"<!-- This site is optimized with the Yoast SEO plugin v22.6 - https:\/\/yoast.com\/wordpress\/plugins\/seo\/ -->\n<title>Exploring U.S. Tax Requirements for Nonresident-Owned LLCs - O&amp;G Tax and Accounting<\/title>\n<meta name=\"robots\" content=\"index, follow, max-snippet:-1, max-image-preview:large, max-video-preview:-1\" \/>\n<link rel=\"canonical\" href=\"https:\/\/oandgaccounting.com\/staging\/es\/resources\/exploring-u-s-tax-requirements-for-nonresident-owned-llcs-2\/\" \/>\n<meta property=\"og:locale\" content=\"es_ES\" \/>\n<meta property=\"og:type\" content=\"article\" \/>\n<meta property=\"og:title\" content=\"Exploring U.S. Tax Requirements for Nonresident-Owned LLCs - O&amp;G Tax and Accounting\" \/>\n<meta property=\"og:description\" content=\"Are you a nonresident operating business outside of the U.S, with a single-member Limited Liability Company (LLC) formed in the U.S.? If so, you may be wondering about your tax obligations in the U.S. In this guide, we explore the complexities of tax compliance for foreign-owned LLCs and help you understand your responsibilities. Tax Obligations &hellip; Continue reading &quot;Exploring U.S. Tax Requirements for Nonresident-Owned LLCs&quot;\" \/>\n<meta property=\"og:url\" content=\"https:\/\/oandgaccounting.com\/staging\/es\/resources\/exploring-u-s-tax-requirements-for-nonresident-owned-llcs-2\/\" \/>\n<meta property=\"og:site_name\" content=\"O&amp;G Tax and Accounting\" \/>\n<meta property=\"article:modified_time\" content=\"2025-03-07T11:09:43+00:00\" \/>\n<meta name=\"twitter:card\" content=\"summary_large_image\" \/>\n<meta name=\"twitter:label1\" content=\"Tiempo de lectura\" \/>\n\t<meta name=\"twitter:data1\" content=\"3 minutos\" \/>\n<script type=\"application\/ld+json\" class=\"yoast-schema-graph\">{\"@context\":\"https:\/\/schema.org\",\"@graph\":[{\"@type\":\"WebPage\",\"@id\":\"https:\/\/oandgaccounting.com\/staging\/resources\/exploring-u-s-tax-requirements-for-nonresident-owned-llcs-2\/\",\"url\":\"https:\/\/oandgaccounting.com\/staging\/resources\/exploring-u-s-tax-requirements-for-nonresident-owned-llcs-2\/\",\"name\":\"Exploring U.S. Tax Requirements for Nonresident-Owned LLCs - O&amp;G Tax and Accounting\",\"isPartOf\":{\"@id\":\"https:\/\/oandgaccounting.com\/staging\/#website\"},\"datePublished\":\"2023-08-23T11:33:44+00:00\",\"dateModified\":\"2025-03-07T11:09:43+00:00\",\"breadcrumb\":{\"@id\":\"https:\/\/oandgaccounting.com\/staging\/resources\/exploring-u-s-tax-requirements-for-nonresident-owned-llcs-2\/#breadcrumb\"},\"inLanguage\":\"es\",\"potentialAction\":[{\"@type\":\"ReadAction\",\"target\":[\"https:\/\/oandgaccounting.com\/staging\/resources\/exploring-u-s-tax-requirements-for-nonresident-owned-llcs-2\/\"]}]},{\"@type\":\"BreadcrumbList\",\"@id\":\"https:\/\/oandgaccounting.com\/staging\/resources\/exploring-u-s-tax-requirements-for-nonresident-owned-llcs-2\/#breadcrumb\",\"itemListElement\":[{\"@type\":\"ListItem\",\"position\":1,\"name\":\"Resources\",\"item\":\"https:\/\/oandgaccounting.com\/staging\/resources\/\"},{\"@type\":\"ListItem\",\"position\":2,\"name\":\"Exploring U.S. Tax Requirements for Nonresident-Owned LLCs\"}]},{\"@type\":\"WebSite\",\"@id\":\"https:\/\/oandgaccounting.com\/staging\/#website\",\"url\":\"https:\/\/oandgaccounting.com\/staging\/\",\"name\":\"O&amp;G Tax and Accounting\",\"description\":\"\",\"publisher\":{\"@id\":\"https:\/\/oandgaccounting.com\/staging\/#organization\"},\"potentialAction\":[{\"@type\":\"SearchAction\",\"target\":{\"@type\":\"EntryPoint\",\"urlTemplate\":\"https:\/\/oandgaccounting.com\/staging\/?s={search_term_string}\"},\"query-input\":\"required name=search_term_string\"}],\"inLanguage\":\"es\"},{\"@type\":\"Organization\",\"@id\":\"https:\/\/oandgaccounting.com\/staging\/#organization\",\"name\":\"O&amp;G Tax and Accounting\",\"url\":\"https:\/\/oandgaccounting.com\/staging\/\",\"logo\":{\"@type\":\"ImageObject\",\"inLanguage\":\"es\",\"@id\":\"https:\/\/oandgaccounting.com\/staging\/#\/schema\/logo\/image\/\",\"url\":\"https:\/\/oandgaccounting.com\/staging\/wp-content\/uploads\/2019\/07\/logo.png\",\"contentUrl\":\"https:\/\/oandgaccounting.com\/staging\/wp-content\/uploads\/2019\/07\/logo.png\",\"width\":123,\"height\":74,\"caption\":\"O&amp;G Tax and Accounting\"},\"image\":{\"@id\":\"https:\/\/oandgaccounting.com\/staging\/#\/schema\/logo\/image\/\"}}]}<\/script>\n<!-- \/ Yoast SEO plugin. -->","yoast_head_json":{"title":"Exploring U.S. Tax Requirements for Nonresident-Owned LLCs - O&amp;G Tax and Accounting","robots":{"index":"index","follow":"follow","max-snippet":"max-snippet:-1","max-image-preview":"max-image-preview:large","max-video-preview":"max-video-preview:-1"},"canonical":"https:\/\/oandgaccounting.com\/staging\/es\/resources\/exploring-u-s-tax-requirements-for-nonresident-owned-llcs-2\/","og_locale":"es_ES","og_type":"article","og_title":"Exploring U.S. Tax Requirements for Nonresident-Owned LLCs - O&amp;G Tax and Accounting","og_description":"Are you a nonresident operating business outside of the U.S, with a single-member Limited Liability Company (LLC) formed in the U.S.? If so, you may be wondering about your tax obligations in the U.S. In this guide, we explore the complexities of tax compliance for foreign-owned LLCs and help you understand your responsibilities. Tax Obligations &hellip; Continue reading \"Exploring U.S. Tax Requirements for Nonresident-Owned LLCs\"","og_url":"https:\/\/oandgaccounting.com\/staging\/es\/resources\/exploring-u-s-tax-requirements-for-nonresident-owned-llcs-2\/","og_site_name":"O&amp;G Tax and Accounting","article_modified_time":"2025-03-07T11:09:43+00:00","twitter_card":"summary_large_image","twitter_misc":{"Tiempo de lectura":"3 minutos"},"schema":{"@context":"https:\/\/schema.org","@graph":[{"@type":"WebPage","@id":"https:\/\/oandgaccounting.com\/staging\/resources\/exploring-u-s-tax-requirements-for-nonresident-owned-llcs-2\/","url":"https:\/\/oandgaccounting.com\/staging\/resources\/exploring-u-s-tax-requirements-for-nonresident-owned-llcs-2\/","name":"Exploring U.S. Tax Requirements for Nonresident-Owned LLCs - O&amp;G Tax and Accounting","isPartOf":{"@id":"https:\/\/oandgaccounting.com\/staging\/#website"},"datePublished":"2023-08-23T11:33:44+00:00","dateModified":"2025-03-07T11:09:43+00:00","breadcrumb":{"@id":"https:\/\/oandgaccounting.com\/staging\/resources\/exploring-u-s-tax-requirements-for-nonresident-owned-llcs-2\/#breadcrumb"},"inLanguage":"es","potentialAction":[{"@type":"ReadAction","target":["https:\/\/oandgaccounting.com\/staging\/resources\/exploring-u-s-tax-requirements-for-nonresident-owned-llcs-2\/"]}]},{"@type":"BreadcrumbList","@id":"https:\/\/oandgaccounting.com\/staging\/resources\/exploring-u-s-tax-requirements-for-nonresident-owned-llcs-2\/#breadcrumb","itemListElement":[{"@type":"ListItem","position":1,"name":"Resources","item":"https:\/\/oandgaccounting.com\/staging\/resources\/"},{"@type":"ListItem","position":2,"name":"Exploring U.S. Tax Requirements for Nonresident-Owned LLCs"}]},{"@type":"WebSite","@id":"https:\/\/oandgaccounting.com\/staging\/#website","url":"https:\/\/oandgaccounting.com\/staging\/","name":"O&amp;G Tax and Accounting","description":"","publisher":{"@id":"https:\/\/oandgaccounting.com\/staging\/#organization"},"potentialAction":[{"@type":"SearchAction","target":{"@type":"EntryPoint","urlTemplate":"https:\/\/oandgaccounting.com\/staging\/?s={search_term_string}"},"query-input":"required name=search_term_string"}],"inLanguage":"es"},{"@type":"Organization","@id":"https:\/\/oandgaccounting.com\/staging\/#organization","name":"O&amp;G Tax and Accounting","url":"https:\/\/oandgaccounting.com\/staging\/","logo":{"@type":"ImageObject","inLanguage":"es","@id":"https:\/\/oandgaccounting.com\/staging\/#\/schema\/logo\/image\/","url":"https:\/\/oandgaccounting.com\/staging\/wp-content\/uploads\/2019\/07\/logo.png","contentUrl":"https:\/\/oandgaccounting.com\/staging\/wp-content\/uploads\/2019\/07\/logo.png","width":123,"height":74,"caption":"O&amp;G Tax and Accounting"},"image":{"@id":"https:\/\/oandgaccounting.com\/staging\/#\/schema\/logo\/image\/"}}]}},"_links":{"self":[{"href":"https:\/\/oandgaccounting.com\/staging\/es\/wp-json\/wp\/v2\/pages\/4814"}],"collection":[{"href":"https:\/\/oandgaccounting.com\/staging\/es\/wp-json\/wp\/v2\/pages"}],"about":[{"href":"https:\/\/oandgaccounting.com\/staging\/es\/wp-json\/wp\/v2\/types\/page"}],"author":[{"embeddable":true,"href":"https:\/\/oandgaccounting.com\/staging\/es\/wp-json\/wp\/v2\/users\/1"}],"replies":[{"embeddable":true,"href":"https:\/\/oandgaccounting.com\/staging\/es\/wp-json\/wp\/v2\/comments?post=4814"}],"version-history":[{"count":5,"href":"https:\/\/oandgaccounting.com\/staging\/es\/wp-json\/wp\/v2\/pages\/4814\/revisions"}],"predecessor-version":[{"id":6268,"href":"https:\/\/oandgaccounting.com\/staging\/es\/wp-json\/wp\/v2\/pages\/4814\/revisions\/6268"}],"up":[{"embeddable":true,"href":"https:\/\/oandgaccounting.com\/staging\/es\/wp-json\/wp\/v2\/pages\/24"}],"wp:attachment":[{"href":"https:\/\/oandgaccounting.com\/staging\/es\/wp-json\/wp\/v2\/media?parent=4814"}],"curies":[{"name":"wp","href":"https:\/\/api.w.org\/{rel}","templated":true}]}}