{"id":4937,"date":"2023-12-26T08:09:43","date_gmt":"2023-12-26T08:09:43","guid":{"rendered":"https:\/\/oandgaccounting.com\/staging\/?page_id=4937"},"modified":"2025-03-07T11:17:36","modified_gmt":"2025-03-07T11:17:36","slug":"unlocking-tax-compliance-for-foreign-owned-llc-in-wyoming-your-guide-to-forms-5472-and-proforma-1120","status":"publish","type":"page","link":"https:\/\/oandgaccounting.com\/staging\/es\/resources\/unlocking-tax-compliance-for-foreign-owned-llc-in-wyoming-your-guide-to-forms-5472-and-proforma-1120\/","title":{"rendered":"C\u00f3mo facilitar el cumplimiento tributario para las LLC de propiedad extranjera en Wyoming: Gu\u00eda para los formularios 5472 y Proforma 1120"},"content":{"rendered":"<div class=\"onefivequestion\">\n<div class=\"container py-4 text-left\">\n<h5>PREGUNTA: \u00bfC\u00f3mo presentar los formularios 5472 y 1120 del IRS para una LLC de un solo miembro de propiedad extranjera en Wyoming?<\/h5>\n<h5>Soy un residente no estadounidense que constituy\u00f3 una LLC unipersonal en Wyoming el 29 de mayo de 2023. A\u00fan no he generado ingresos con mi negocio, pero descubr\u00ed que debo presentar los formularios 5472 y Proforma 1120 del IRS todos los a\u00f1os. No estoy seguro de c\u00f3mo completarlos, especialmente la parte sobre la declaraci\u00f3n de transacciones entre mi LLC y yo o cualquier parte relacionada. \u00bfPodr\u00edan explicarme los requisitos y el proceso para completar estos formularios, y cu\u00e1nto cobrar\u00edan por sus servicios?<\/h5>\n<p><strong>RESPUESTA DEL EXPERTO:<\/strong> Como un <a href=\"https:\/\/www.youtube.com\/watch?v=WFp1dPS4e2k&#038;t=147s\" rel=\"noopener\" target=\"_blank\">residente no estadounidense que posee una LLC de un solo miembro en Wyoming<\/a>, debe presentar los formularios 5472 y 1120 del IRS todos los a\u00f1os; si tiene un <a href=\"https:\/\/oandgaccounting.com\/staging\/resources\/ensure-your-wyoming-llcs-stay-compliant-with-us-tax-laws-discover-the-essential-steps-for-filing-forms-5472-and-1120-even-with-no-income\/\" rel=\"noopener\" target=\"_blank\">transacci\u00f3n reportable o entre partes relacionadas<\/a>, incluso si no tiene ingresos ni gastos de su negocio. Estos formularios son necesarios para <a href=\"https:\/\/oandgaccounting.com\/staging\/resources\/ensure-your-wyoming-llcs-stay-compliant-with-us-tax-laws-discover-the-essential-steps-for-filing-forms-5472-and-1120-even-with-no-income\/\" rel=\"noopener\" target=\"_blank\">Informar sobre transacciones declarables o con partes relacionadas<\/a>y para cumplir con las leyes y regulaciones fiscales de EE. UU. Si no presenta estos formularios, podr\u00eda enfrentar una multa de hasta $25,000 al a\u00f1o.<\/p>\n<p>En este art\u00edculo, explicar\u00e9 los requisitos y el proceso para presentar estos formularios, as\u00ed como nuestro precio por servicio. Tambi\u00e9n le brindar\u00e9 consejos y recursos para ayudarle a comprender los complejos conceptos y normas tributarias aplicables a su situaci\u00f3n.<\/p>\n<h5>\u00bfQu\u00e9 son los formularios 5472 y Proforma 1120 del IRS?<\/h5>\n<p>El Formulario 5472 del IRS es una declaraci\u00f3n informativa que proporciona informaci\u00f3n sobre <a href=\"https:\/\/oandgaccounting.com\/staging\/resources\/ensure-your-wyoming-llcs-stay-compliant-with-us-tax-laws-discover-the-essential-steps-for-filing-forms-5472-and-1120-even-with-no-income\/\" rel=\"noopener\" target=\"_blank\">transacciones entre una LLC estadounidense de un solo miembro de propiedad extranjera<\/a>, Corporaci\u00f3n o corporaci\u00f3n extranjera dedicada a actividades comerciales o empresariales en Estados Unidos y sus partes relacionadas. Una parte relacionada es cualquier persona o entidad que posea, directa o indirectamente, al menos el 25% de la corporaci\u00f3n, o cualquier persona o entidad que tenga control o influencia sobre la corporaci\u00f3n, o viceversa.<\/p>\n<p>Si bien una DE estadounidense de propiedad extranjera no tiene el requisito de presentar una declaraci\u00f3n de impuestos sobre la renta, ahora se requiere presentar un Formulario 1120 pro forma con el Formulario 5472 adjunto antes de la fecha de vencimiento (incluidas las extensiones) de ese Formulario 1120. La \u00fanica informaci\u00f3n que se requiere completar en el Formulario 1120 es el nombre y la direcci\u00f3n de la DE estadounidense de propiedad extranjera y los art\u00edculos <strong>B <\/strong>y <strong>E <\/strong>en la primera p\u00e1gina.<\/p>\n<h5>\u00bfPor qu\u00e9 necesita presentar los formularios 5472 y Proforma 1120 del IRS?<\/h5>\n<p>Como un <a href=\"https:\/\/www.youtube.com\/watch?v=WFp1dPS4e2k&#038;t=147s\" rel=\"noopener\" target=\"_blank\">residente no estadounidense que posee una LLC de un solo miembro en Wyoming<\/a>, Se le considera una persona extranjera a efectos fiscales estadounidenses. Su LLC tambi\u00e9n se considera una entidad no considerada (DE) estadounidense de propiedad extranjera, lo que significa que se trata como una sucursal o divisi\u00f3n de su propietario y no como una entidad legal independiente.<\/p>\n<p>Sin embargo, <a href=\"https:\/\/www.law.cornell.edu\/uscode\/text\/26\/6038A\" rel=\"noopener\" target=\"_blank\">bajo las regulaciones del IRS<\/a>, una DE estadounidense de propiedad extranjera se considera una corporaci\u00f3n estadounidense a los efectos de <a href=\"https:\/\/oandgaccounting.com\/staging\/foreign-owned-us-llc\/how-to-file-forms-5472-and-1120-for-a-foreign-owned-single-member-llc\/\" rel=\"noopener\" target=\"_blank\">presentaci\u00f3n del Formulario 5472 y el Formulario Proforma 1120<\/a>. Esto significa que usted tiene que presentar estos formularios cada a\u00f1o cuando hay un <a href=\"https:\/\/oandgaccounting.com\/staging\/resources\/ensure-your-wyoming-llcs-stay-compliant-with-us-tax-laws-discover-the-essential-steps-for-filing-forms-5472-and-1120-even-with-no-income\/\" rel=\"noopener\" target=\"_blank\">parte relacionada o transacci\u00f3n reportable<\/a>, independientemente de si su LLC tiene ingresos o gastos o si tiene presencia f\u00edsica o actividad en los EE. UU.<\/p>\n<p>Este requisito se aplica para prevenir la evasi\u00f3n y el abuso fiscal por parte de extranjeros que utilizan entidades estadounidenses para ocultar sus ingresos o activos al IRS o a las autoridades fiscales de su pa\u00eds de origen. Al presentar estos formularios, usted proporciona al IRS informaci\u00f3n sobre las transacciones y actividades de su LLC entre partes relacionadas, lo que le permite verificar su cumplimiento con las leyes y regulaciones fiscales de EE. UU.<\/p>\n<h5>\u00bfC\u00f3mo presentar los formularios 5472 y Proforma 1120 del IRS?<\/h5>\n<p>El proceso de completar estos formularios no es muy complicado, pero requiere atenci\u00f3n y precisi\u00f3n. El enlace a continuaci\u00f3n contiene una gu\u00eda completa para completarlos.<\/p>\n<p><a href=\"https:\/\/oandgaccounting.com\/staging\/foreign-owned-us-llc\/how-to-file-forms-5472-and-1120-for-a-foreign-owned-single-member-llc\/\" rel=\"noopener\" target=\"_blank\">C\u00f3mo presentar los formularios 5472 y 1120 para una LLC de un solo miembro de propiedad extranjera<\/a><\/p>\n<h5>Informaci\u00f3n clave para la presentaci\u00f3n<\/h5>\n<h5>1. Obtenga formularios e instrucciones:<\/h5>\n<ul style=\"list-style-type:circle;\">\n<li>Descargue el Formulario 5472 aqu\u00ed: <a href=\"https:\/\/www.irs.gov\/forms-pubs\/about-form-5472\" rel=\"noopener\" target=\"_blank\">https:\/\/www.irs.gov\/forms-pubs\/about-form-5472<\/a><\/li>\n<li>Descargue el Formulario 1120 aqu\u00ed: <a href=\"https:\/\/www.irs.gov\/forms-pubs\/about-form-1120\" rel=\"noopener\" target=\"_blank\">https:\/\/www.irs.gov\/forms-pubs\/about-form-1120<\/a><\/li>\n<li>Revise cuidadosamente las instrucciones para ambos formularios.<\/li>\n<\/ul>\n<h5>2. Complete la Parte V del Formulario 5472:<\/h5>\n<ul style=\"list-style-type:circle;\">\n<li>Describa cualquier \u201cotra transacci\u00f3n\u201d seg\u00fan se define en la secci\u00f3n 1.482-1(i)(7) del Reglamento, tales como:\n<ul style=\"list-style-type:square;\">\n<li>Cantidades pagadas o recibidas en relaci\u00f3n con la formaci\u00f3n, disoluci\u00f3n, adquisici\u00f3n y disposici\u00f3n de la entidad.<\/li>\n<li>Aportaciones y distribuciones desde la entidad.<\/li>\n<\/ul>\n<\/li>\n<\/ul>\n<h5>3. Revisar recursos \u00fatiles:<\/h5>\n<ul style=\"list-style-type:circle;\">\n<li>Acceda a explicaciones en video sobre transacciones reportables: <a href=\"https:\/\/www.youtube.com\/channel\/UC1cHWiuR6MB224UTETeQMQQ\" rel=\"noopener\" target=\"_blank\">(enlaces a v\u00eddeos)<\/a><\/li>\n<li>Lea un art\u00edculo completo sobre la presentaci\u00f3n de los formularios 5472 y 1120 para sociedades de responsabilidad limitada (LLC) de un solo miembro: <a href=\"https:\/\/oandgaccounting.com\/staging\/foreign-owned-us-llc\/how-to-file-forms-5472-and-1120-for-a-foreign-owned-single-member-llc\/\" rel=\"noopener\" target=\"_blank\">https:\/\/oandgaccounting.com\/staging\/foreign-owned-us-llc\/how-to-file-forms-5472-and-1120-for-a-foreign-owned-single-member-llc\/<\/a><\/li>\n<\/ul>\n<h5>\u00bfCu\u00e1nto cobramos por nuestro servicio?<\/h5>\n<p>Si necesita ayuda para presentar los Formularios 5472 y 1120 para su LLC, ofrecemos un servicio profesional y econ\u00f3mico que le ahorrar\u00e1 tiempo y molestias. Contamos con un equipo de contadores p\u00fablicos cualificados y con experiencia, especializados en impuestos y contabilidad internacional. Podemos preparar y presentar estos formularios por usted, adem\u00e1s de asesorarle sobre las mejores estrategias y soluciones fiscales para su situaci\u00f3n.<\/p>\n<p>Nuestras tarifas para presentar el Formulario 5472 y el Formulario 1120 para una LLC de un solo miembro de propiedad extranjera en Wyoming se pueden encontrar en el siguiente enlace.<\/p>\n<p><a href=\"https:\/\/oandgaccounting.com\/staging\/single-member\/\" rel=\"noopener\" target=\"_blank\"> LLC estadounidense de un solo miembro de propiedad extranjera (entidad ignorada estadounidense)<\/a><\/p>\n<h5>Considere la ayuda profesional:<\/h5>\n<ul style=\"list-style-type:circle;\">\n<li>Aseg\u00farese de presentar sus declaraciones de manera precisa y oportuna con la orientaci\u00f3n experta de un contador p\u00fablico autorizado.<\/li>\n<li>Explore los servicios y tarifas de asistencia de CPA aqu\u00ed: <a href=\"https:\/\/oandgaccounting.com\/staging\/single-member\/\" rel=\"noopener\" target=\"_blank\">https:\/\/oandgaccounting.com\/staging\/single-member\/<\/a><\/li>\n<li>Reserve una consulta con un experto en impuestos internacionales: <a href=\"https:\/\/oandgaccounting.com\/staging\/appointment-booking-form\/\" rel=\"noopener\" target=\"_blank\">https:\/\/oandgaccounting.com\/staging\/appointment-booking-form\/<\/a><\/li>\n<\/ul><\/div>","protected":false},"excerpt":{"rendered":"<p>QUESTION: How to File IRS Forms 5472 and 1120 for a Foreign-Owned Single-Member LLC in Wyoming? I am a non-US resident who formed a single-member LLC in Wyoming on May 29, 2023. I have not generated any income from my business yet, but I learned that I need to file IRS Forms 5472 and Proforma &hellip; <a href=\"https:\/\/oandgaccounting.com\/staging\/es\/resources\/unlocking-tax-compliance-for-foreign-owned-llc-in-wyoming-your-guide-to-forms-5472-and-proforma-1120\/\" class=\"more-link\">Continue reading<span class=\"screen-reader-text\"> &#8220;Unlocking Tax Compliance for Foreign-Owned LLCs in Wyoming: Your Guide to Forms 5472 and Proforma 1120&#8221;<\/span><\/a><\/p>","protected":false},"author":1,"featured_media":0,"parent":24,"menu_order":0,"comment_status":"closed","ping_status":"closed","template":"default_withchat.php","meta":{"om_disable_all_campaigns":false,"_monsterinsights_skip_tracking":false,"_monsterinsights_sitenote_active":false,"_monsterinsights_sitenote_note":"","_monsterinsights_sitenote_category":0,"footnotes":""},"acf":[],"yoast_head":"<!-- This site is optimized with the Yoast SEO plugin v22.6 - https:\/\/yoast.com\/wordpress\/plugins\/seo\/ -->\n<title>Unlocking Tax Compliance for Foreign-Owned LLCs in Wyoming: Your Guide to Forms 5472 and Proforma 1120 - O&amp;G Tax and Accounting<\/title>\n<meta name=\"robots\" content=\"index, follow, max-snippet:-1, max-image-preview:large, max-video-preview:-1\" \/>\n<link rel=\"canonical\" href=\"https:\/\/oandgaccounting.com\/staging\/es\/resources\/unlocking-tax-compliance-for-foreign-owned-llc-in-wyoming-your-guide-to-forms-5472-and-proforma-1120\/\" \/>\n<meta property=\"og:locale\" content=\"es_ES\" \/>\n<meta property=\"og:type\" content=\"article\" \/>\n<meta property=\"og:title\" content=\"Unlocking Tax Compliance for Foreign-Owned LLCs in Wyoming: Your Guide to Forms 5472 and Proforma 1120 - O&amp;G Tax and Accounting\" \/>\n<meta property=\"og:description\" content=\"QUESTION: How to File IRS Forms 5472 and 1120 for a Foreign-Owned Single-Member LLC in Wyoming? I am a non-US resident who formed a single-member LLC in Wyoming on May 29, 2023. I have not generated any income from my business yet, but I learned that I need to file IRS Forms 5472 and Proforma &hellip; Continue reading &quot;Unlocking Tax Compliance for Foreign-Owned LLCs in Wyoming: Your Guide to Forms 5472 and Proforma 1120&quot;\" \/>\n<meta property=\"og:url\" content=\"https:\/\/oandgaccounting.com\/staging\/es\/resources\/unlocking-tax-compliance-for-foreign-owned-llc-in-wyoming-your-guide-to-forms-5472-and-proforma-1120\/\" \/>\n<meta property=\"og:site_name\" content=\"O&amp;G Tax and Accounting\" \/>\n<meta property=\"article:modified_time\" content=\"2025-03-07T11:17:36+00:00\" \/>\n<meta property=\"og:image\" content=\"https:\/\/oandgaccounting.com\/staging\/wp-content\/uploads\/2023\/12\/WhatsApp-Image-2023-12-26-at-13.37.51.jpeg\" \/>\n\t<meta property=\"og:image:width\" content=\"975\" \/>\n\t<meta property=\"og:image:height\" content=\"975\" \/>\n\t<meta property=\"og:image:type\" content=\"image\/jpeg\" \/>\n<meta name=\"twitter:card\" content=\"summary_large_image\" \/>\n<meta name=\"twitter:label1\" content=\"Tiempo de lectura\" \/>\n\t<meta name=\"twitter:data1\" content=\"4 minutos\" \/>\n<script type=\"application\/ld+json\" class=\"yoast-schema-graph\">{\"@context\":\"https:\/\/schema.org\",\"@graph\":[{\"@type\":\"WebPage\",\"@id\":\"https:\/\/oandgaccounting.com\/staging\/resources\/unlocking-tax-compliance-for-foreign-owned-llc-in-wyoming-your-guide-to-forms-5472-and-proforma-1120\/\",\"url\":\"https:\/\/oandgaccounting.com\/staging\/resources\/unlocking-tax-compliance-for-foreign-owned-llc-in-wyoming-your-guide-to-forms-5472-and-proforma-1120\/\",\"name\":\"Unlocking Tax Compliance for Foreign-Owned LLCs in Wyoming: Your Guide to Forms 5472 and Proforma 1120 - O&amp;G Tax and Accounting\",\"isPartOf\":{\"@id\":\"https:\/\/oandgaccounting.com\/staging\/#website\"},\"datePublished\":\"2023-12-26T08:09:43+00:00\",\"dateModified\":\"2025-03-07T11:17:36+00:00\",\"breadcrumb\":{\"@id\":\"https:\/\/oandgaccounting.com\/staging\/resources\/unlocking-tax-compliance-for-foreign-owned-llc-in-wyoming-your-guide-to-forms-5472-and-proforma-1120\/#breadcrumb\"},\"inLanguage\":\"es\",\"potentialAction\":[{\"@type\":\"ReadAction\",\"target\":[\"https:\/\/oandgaccounting.com\/staging\/resources\/unlocking-tax-compliance-for-foreign-owned-llc-in-wyoming-your-guide-to-forms-5472-and-proforma-1120\/\"]}]},{\"@type\":\"BreadcrumbList\",\"@id\":\"https:\/\/oandgaccounting.com\/staging\/resources\/unlocking-tax-compliance-for-foreign-owned-llc-in-wyoming-your-guide-to-forms-5472-and-proforma-1120\/#breadcrumb\",\"itemListElement\":[{\"@type\":\"ListItem\",\"position\":1,\"name\":\"Resources\",\"item\":\"https:\/\/oandgaccounting.com\/staging\/resources\/\"},{\"@type\":\"ListItem\",\"position\":2,\"name\":\"Unlocking Tax Compliance for Foreign-Owned LLCs in Wyoming: Your Guide to Forms 5472 and Proforma 1120\"}]},{\"@type\":\"WebSite\",\"@id\":\"https:\/\/oandgaccounting.com\/staging\/#website\",\"url\":\"https:\/\/oandgaccounting.com\/staging\/\",\"name\":\"O&amp;G Tax and Accounting\",\"description\":\"\",\"publisher\":{\"@id\":\"https:\/\/oandgaccounting.com\/staging\/#organization\"},\"potentialAction\":[{\"@type\":\"SearchAction\",\"target\":{\"@type\":\"EntryPoint\",\"urlTemplate\":\"https:\/\/oandgaccounting.com\/staging\/?s={search_term_string}\"},\"query-input\":\"required name=search_term_string\"}],\"inLanguage\":\"es\"},{\"@type\":\"Organization\",\"@id\":\"https:\/\/oandgaccounting.com\/staging\/#organization\",\"name\":\"O&amp;G Tax and Accounting\",\"url\":\"https:\/\/oandgaccounting.com\/staging\/\",\"logo\":{\"@type\":\"ImageObject\",\"inLanguage\":\"es\",\"@id\":\"https:\/\/oandgaccounting.com\/staging\/#\/schema\/logo\/image\/\",\"url\":\"https:\/\/oandgaccounting.com\/staging\/wp-content\/uploads\/2019\/07\/logo.png\",\"contentUrl\":\"https:\/\/oandgaccounting.com\/staging\/wp-content\/uploads\/2019\/07\/logo.png\",\"width\":123,\"height\":74,\"caption\":\"O&amp;G Tax and Accounting\"},\"image\":{\"@id\":\"https:\/\/oandgaccounting.com\/staging\/#\/schema\/logo\/image\/\"}}]}<\/script>\n<!-- \/ Yoast SEO plugin. -->","yoast_head_json":{"title":"Unlocking Tax Compliance for Foreign-Owned LLCs in Wyoming: Your Guide to Forms 5472 and Proforma 1120 - O&amp;G Tax and Accounting","robots":{"index":"index","follow":"follow","max-snippet":"max-snippet:-1","max-image-preview":"max-image-preview:large","max-video-preview":"max-video-preview:-1"},"canonical":"https:\/\/oandgaccounting.com\/staging\/es\/resources\/unlocking-tax-compliance-for-foreign-owned-llc-in-wyoming-your-guide-to-forms-5472-and-proforma-1120\/","og_locale":"es_ES","og_type":"article","og_title":"Unlocking Tax Compliance for Foreign-Owned LLCs in Wyoming: Your Guide to Forms 5472 and Proforma 1120 - O&amp;G Tax and Accounting","og_description":"QUESTION: How to File IRS Forms 5472 and 1120 for a Foreign-Owned Single-Member LLC in Wyoming? I am a non-US resident who formed a single-member LLC in Wyoming on May 29, 2023. I have not generated any income from my business yet, but I learned that I need to file IRS Forms 5472 and Proforma &hellip; Continue reading \"Unlocking Tax Compliance for Foreign-Owned LLCs in Wyoming: Your Guide to Forms 5472 and Proforma 1120\"","og_url":"https:\/\/oandgaccounting.com\/staging\/es\/resources\/unlocking-tax-compliance-for-foreign-owned-llc-in-wyoming-your-guide-to-forms-5472-and-proforma-1120\/","og_site_name":"O&amp;G Tax and Accounting","article_modified_time":"2025-03-07T11:17:36+00:00","og_image":[{"width":975,"height":975,"url":"https:\/\/oandgaccounting.com\/staging\/wp-content\/uploads\/2023\/12\/WhatsApp-Image-2023-12-26-at-13.37.51.jpeg","type":"image\/jpeg"}],"twitter_card":"summary_large_image","twitter_misc":{"Tiempo de lectura":"4 minutos"},"schema":{"@context":"https:\/\/schema.org","@graph":[{"@type":"WebPage","@id":"https:\/\/oandgaccounting.com\/staging\/resources\/unlocking-tax-compliance-for-foreign-owned-llc-in-wyoming-your-guide-to-forms-5472-and-proforma-1120\/","url":"https:\/\/oandgaccounting.com\/staging\/resources\/unlocking-tax-compliance-for-foreign-owned-llc-in-wyoming-your-guide-to-forms-5472-and-proforma-1120\/","name":"Unlocking Tax Compliance for Foreign-Owned LLCs in Wyoming: Your Guide to Forms 5472 and Proforma 1120 - O&amp;G Tax and Accounting","isPartOf":{"@id":"https:\/\/oandgaccounting.com\/staging\/#website"},"datePublished":"2023-12-26T08:09:43+00:00","dateModified":"2025-03-07T11:17:36+00:00","breadcrumb":{"@id":"https:\/\/oandgaccounting.com\/staging\/resources\/unlocking-tax-compliance-for-foreign-owned-llc-in-wyoming-your-guide-to-forms-5472-and-proforma-1120\/#breadcrumb"},"inLanguage":"es","potentialAction":[{"@type":"ReadAction","target":["https:\/\/oandgaccounting.com\/staging\/resources\/unlocking-tax-compliance-for-foreign-owned-llc-in-wyoming-your-guide-to-forms-5472-and-proforma-1120\/"]}]},{"@type":"BreadcrumbList","@id":"https:\/\/oandgaccounting.com\/staging\/resources\/unlocking-tax-compliance-for-foreign-owned-llc-in-wyoming-your-guide-to-forms-5472-and-proforma-1120\/#breadcrumb","itemListElement":[{"@type":"ListItem","position":1,"name":"Resources","item":"https:\/\/oandgaccounting.com\/staging\/resources\/"},{"@type":"ListItem","position":2,"name":"Unlocking Tax Compliance for Foreign-Owned LLCs in Wyoming: Your Guide to Forms 5472 and Proforma 1120"}]},{"@type":"WebSite","@id":"https:\/\/oandgaccounting.com\/staging\/#website","url":"https:\/\/oandgaccounting.com\/staging\/","name":"O&amp;G Tax and Accounting","description":"","publisher":{"@id":"https:\/\/oandgaccounting.com\/staging\/#organization"},"potentialAction":[{"@type":"SearchAction","target":{"@type":"EntryPoint","urlTemplate":"https:\/\/oandgaccounting.com\/staging\/?s={search_term_string}"},"query-input":"required name=search_term_string"}],"inLanguage":"es"},{"@type":"Organization","@id":"https:\/\/oandgaccounting.com\/staging\/#organization","name":"O&amp;G Tax and Accounting","url":"https:\/\/oandgaccounting.com\/staging\/","logo":{"@type":"ImageObject","inLanguage":"es","@id":"https:\/\/oandgaccounting.com\/staging\/#\/schema\/logo\/image\/","url":"https:\/\/oandgaccounting.com\/staging\/wp-content\/uploads\/2019\/07\/logo.png","contentUrl":"https:\/\/oandgaccounting.com\/staging\/wp-content\/uploads\/2019\/07\/logo.png","width":123,"height":74,"caption":"O&amp;G Tax and Accounting"},"image":{"@id":"https:\/\/oandgaccounting.com\/staging\/#\/schema\/logo\/image\/"}}]}},"_links":{"self":[{"href":"https:\/\/oandgaccounting.com\/staging\/es\/wp-json\/wp\/v2\/pages\/4937"}],"collection":[{"href":"https:\/\/oandgaccounting.com\/staging\/es\/wp-json\/wp\/v2\/pages"}],"about":[{"href":"https:\/\/oandgaccounting.com\/staging\/es\/wp-json\/wp\/v2\/types\/page"}],"author":[{"embeddable":true,"href":"https:\/\/oandgaccounting.com\/staging\/es\/wp-json\/wp\/v2\/users\/1"}],"replies":[{"embeddable":true,"href":"https:\/\/oandgaccounting.com\/staging\/es\/wp-json\/wp\/v2\/comments?post=4937"}],"version-history":[{"count":13,"href":"https:\/\/oandgaccounting.com\/staging\/es\/wp-json\/wp\/v2\/pages\/4937\/revisions"}],"predecessor-version":[{"id":6275,"href":"https:\/\/oandgaccounting.com\/staging\/es\/wp-json\/wp\/v2\/pages\/4937\/revisions\/6275"}],"up":[{"embeddable":true,"href":"https:\/\/oandgaccounting.com\/staging\/es\/wp-json\/wp\/v2\/pages\/24"}],"wp:attachment":[{"href":"https:\/\/oandgaccounting.com\/staging\/es\/wp-json\/wp\/v2\/media?parent=4937"}],"curies":[{"name":"wp","href":"https:\/\/api.w.org\/{rel}","templated":true}]}}