{"id":4947,"date":"2023-12-26T09:57:59","date_gmt":"2023-12-26T09:57:59","guid":{"rendered":"https:\/\/oandgaccounting.com\/staging\/?page_id=4947"},"modified":"2025-03-07T11:16:07","modified_gmt":"2025-03-07T11:16:07","slug":"winding-down-your-delaware-llcs-a-guide-for-foreign-owners-with-no-income","status":"publish","type":"page","link":"https:\/\/oandgaccounting.com\/staging\/es\/resources\/winding-down-your-delaware-llcs-a-guide-for-foreign-owners-with-no-income\/","title":{"rendered":"Liquidaci\u00f3n de su LLC en Delaware: Gu\u00eda para propietarios extranjeros sin ingresos"},"content":{"rendered":"<div class=\"onefivequestion\">\n<div class=\"container py-4 text-left\">\n<h5>PREGUNTA: \u00bfC\u00f3mo disolver una LLC de Delaware como propietario extranjero sin ingresos?<\/h5>\n<h5>Soy propietario extranjero de una LLC en Delaware que utilizaba para gestionar una tienda en l\u00ednea. Cerr\u00e9 la tienda y quiero disolverla. Sin embargo, no quiero pagar comisiones ni impuestos, ya que no obtuve ingresos de la tienda. \u00bfCu\u00e1les son los pasos y requisitos para disolver una LLC en Delaware como propietario extranjero sin ingresos?<\/h5>\n<p><strong>RESPUESTA DEL EXPERTO:<\/strong> Si eres un <a href=\"https:\/\/www.youtube.com\/watch?v=tw7Xak1Kej0&#038;t=7s\" rel=\"noopener\" target=\"_blank\">propietario extranjero de una sociedad de responsabilidad limitada (LLC) de Delaware<\/a> Si sol\u00edas tener una tienda en l\u00ednea, pero has cerrado la tienda y quieres finalizar tu negocio, es posible que te preguntes c\u00f3mo <a href=\"https:\/\/corp.delaware.gov\/disso09\/\" rel=\"noopener\" target=\"_blank\">disolver su LLC<\/a> Sin pagar tasas ni impuestos. Disolver su LLC significa dar por terminada oficialmente su existencia como entidad legal registrada en el estado de Delaware. Este art\u00edculo explicar\u00e1 los pasos y requisitos para disolver una LLC de Delaware como propietario extranjero sin ingresos, as\u00ed como las consecuencias fiscales que pueden derivarse de este proceso.<\/p>\n<h5>\u00bfPor qu\u00e9 disolver su LLC?<\/h5>\n<p>Existen varias razones por las que podr\u00eda querer disolver su LLC, tales como:<\/p>\n<ul>\n<li>Ha dejado de realizar negocios y no tiene planes de reanudarlos en el futuro.<\/li>\n<li>Quiere evitar pagar tasas e impuestos anuales al estado de Delaware y al gobierno federal.<\/li>\n<li>Desea protegerse de posibles responsabilidades y demandas que puedan surgir de las actividades o deudas de su LLC.<\/li>\n<\/ul>\n<p>Al disolver su LLC, puede cerrar su negocio de manera legal y ordenada, y evitar los riesgos y costos de mantener una LLC inactiva o que no cumple con las normas.<\/p>\n<h5>C\u00f3mo disolver su LLC en Delaware<\/h5>\n<p>Para disolver su LLC en Delaware, debe seguir estos pasos:<\/p>\n<h5>1. Presentar y pagar las cuotas de franquicia pendientes y finales.<\/h5>\n<p>Antes de disolver su LLC, debe presentar la declaraci\u00f3n final del impuesto de franquicia y pagar cualquier impuesto de franquicia pendiente al estado de Delaware. El impuesto de franquicia es una tarifa que Delaware cobra a las LLC por el privilegio de operar en el estado. El impuesto de franquicia m\u00ednimo para las LLC es de $300 al a\u00f1o, y la fecha l\u00edmite para presentarlo y pagarlo es el 1 de junio de cada a\u00f1o.<\/p>\n<p>Si no declara y paga su impuesto de franquicia a tiempo, podr\u00eda incurrir en multas e intereses, y su LLC podr\u00eda perder su estatus de buena reputaci\u00f3n ante el estado. Esto podr\u00eda afectar su capacidad para disolver su LLC, as\u00ed como su capacidad para operar en otros estados o pa\u00edses.<\/p>\n<p>Para presentar y pagar su impuesto de franquicia, puede utilizar el <a href=\"https:\/\/corp.delaware.gov\/document-upload-service-information\/\" rel=\"noopener\" target=\"_blank\">Servicios en l\u00ednea de la Divisi\u00f3n de Corporaciones de Delaware<\/a> o env\u00ede por correo un formulario impreso y un cheque a la Divisi\u00f3n. Tambi\u00e9n puede comunicarse con la Divisi\u00f3n por tel\u00e9fono o correo electr\u00f3nico si tiene alguna pregunta o necesita ayuda.<\/p>\n<h5>2. Celebrar una reuni\u00f3n de miembros (opcional):<\/h5>\n<p>Como propietario de la LLC, debe convocar una reuni\u00f3n de socios para votar sobre la decisi\u00f3n de disolverla. La reuni\u00f3n debe documentarse mediante un acta, que debe incluir la fecha, la hora, el lugar, los asistentes, el orden del d\u00eda, las resoluciones y las votaciones. Debe conservar una copia del acta en los registros de su LLC, as\u00ed como cualquier consentimiento o representaci\u00f3n por escrito de los socios que no pudieron asistir.<\/p>\n<p>En Delaware, las LLC se rigen por la <a href=\"https:\/\/delcode.delaware.gov\/title6\/c018\/\" rel=\"noopener\" target=\"_blank\">Ley de Sociedades de Responsabilidad Limitada de Delaware (Ley LLC),<\/a> Lo cual no exige espec\u00edficamente la celebraci\u00f3n de una asamblea de socios para disolver una LLC. Seg\u00fan la Ley de Sociedades de Responsabilidad Limitada (LLC), una LLC puede disolverse ante ciertos eventos, incluyendo la aprobaci\u00f3n de una resoluci\u00f3n por parte de los socios. La resoluci\u00f3n debe documentarse debidamente en los registros de la LLC, pero no necesariamente tiene que realizarse mediante una asamblea formal.<\/p>\n<p>Por lo tanto, es posible disolver su LLC en Delaware mediante una resoluci\u00f3n en lugar de celebrar una asamblea de socios. Sin embargo, debe verificar su... <a href=\"https:\/\/corp.delaware.gov\/corpformsllc09\/\" rel=\"noopener\" target=\"_blank\">Art\u00edculos de organizaci\u00f3n de la LLC<\/a> y <a href=\"https:\/\/www.sba.gov\/blog\/basic-information-about-operating-agreements\" rel=\"noopener\" target=\"_blank\">acuerdo operativo<\/a>, que son los documentos que establecen y rigen su LLC, para verificar si existen reglas o procedimientos espec\u00edficos para su disoluci\u00f3n. Por ejemplo, su acuerdo operativo podr\u00eda exigir que un cierto porcentaje de socios apruebe la disoluci\u00f3n, o un plazo de preaviso antes de que esta entre en vigor. Debe seguir dichas reglas o procedimientos para evitar disputas o problemas legales con sus copropietarios o acreedores.<\/p>\n<h5>3. Presentar Certificado de Cancelaci\u00f3n<\/h5>\n<p>Despu\u00e9s de que los miembros de la LLC aprueben una resoluci\u00f3n para disolver la LLC, debe presentar una <a href=\"https:\/\/corpfiles.delaware.gov\/webllc-can09.pdf\" rel=\"noopener\" target=\"_blank\">Certificado de Cancelaci\u00f3n<\/a> Con la Divisi\u00f3n de Corporaciones de Delaware. El Certificado de Cancelaci\u00f3n es un formulario que notifica al estado que su LLC termina su existencia y cesa sus operaciones comerciales. El formulario requiere la siguiente informaci\u00f3n:<\/p>\n<ul>\n<li>El nombre de la LLC<\/li>\n<li>La fecha de presentaci\u00f3n del certificado de constituci\u00f3n original de la LLC<\/li>\n<li>La fecha de presentaci\u00f3n del certificado de cancelaci\u00f3n de la LLC<\/li>\n<li>La fecha efectiva del certificado de cancelaci\u00f3n<\/li>\n<li>El nombre, la direcci\u00f3n y la firma de la persona autorizada que presenta el certificado de cancelaci\u00f3n.<\/li>\n<\/ul>\n<p>Puede descargar el formulario de Certificado de Cancelaci\u00f3n del sitio web de la Divisi\u00f3n o utilizar un proveedor de servicios para preparar y presentar el formulario por usted. <a href=\"https:\/\/corpfiles.delaware.gov\/Augustfee2020.pdf\" rel=\"noopener\" target=\"_blank\">La tarifa actual<\/a> (Al momento de este art\u00edculo) el costo de presentar el Certificado de Cancelaci\u00f3n ante la Divisi\u00f3n es de $200.00. Puede pagar la tarifa con cheque, giro postal o tarjeta de cr\u00e9dito. Puede presentar el formulario en l\u00ednea o por correo postal.<\/p>\n<p>Es importante asegurarse de pagar la tarifa en su totalidad y de completar y enviar el formulario correctamente para disolver la LLC de acuerdo con las leyes del estado de Delaware. Si no presenta el Certificado de Cancelaci\u00f3n, su LLC podr\u00eda permanecer activa y sujeta al pago de tarifas e impuestos anuales.<\/p>\n<h5>4. Presentar cualquier declaraci\u00f3n de impuestos federales final o declaraciones informativas<\/h5>\n<p>Adem\u00e1s de presentar las declaraciones finales de impuestos de franquicia y pagar cualquier impuesto de franquicia pendiente al estado de Delaware, tambi\u00e9n es importante presentar las declaraciones finales de impuestos federales o declaraciones informativas al Servicio de Impuestos Internos (IRS). El tipo y la cantidad de formularios que debe presentar dependen de la clasificaci\u00f3n fiscal y la estructura de propiedad de su LLC. A continuaci\u00f3n, se presenta un resumen de algunos de los formularios que podr\u00edan requerirse:<\/p>\n<ul>\n<li><strong><a href=\"https:\/\/oandgaccounting.com\/staging\/foreign-owned-us-llc\/how-to-file-forms-5472-and-1120-for-a-foreign-owned-single-member-llc\/\" rel=\"noopener\" target=\"_blank\">Proforma 1120 y 5472<\/a>:<\/strong> Si su LLC es una LLC unipersonal de propiedad extranjera, lo que significa que usted es el \u00fanico propietario de la LLC y no es ciudadano ni residente estadounidense, es posible que deba presentar un formulario proforma 1120 y el Formulario 5472 ante el IRS. El formulario proforma 1120 es una declaraci\u00f3n de impuestos ficticia que muestra cero ingresos y cero obligaciones tributarias para la LLC, pero proporciona al IRS informaci\u00f3n sobre el nombre, la direcci\u00f3n, el EIN y el a\u00f1o fiscal de la LLC. El Formulario 5472 es una declaraci\u00f3n informativa que informa sobre las transacciones entre la LLC y su propietario extranjero, como contribuciones, distribuciones, pr\u00e9stamos o pagos.<\/li>\n<li><strong><a href=\"https:\/\/oandgaccounting.com\/staging\/resources\/untangle-the-complexities-of-itin-application-for-non-us-residents-follow-our-clear-instructions-to-complete-form-w-7-submit-required-documents-and-successfully-obtain-your-itin\/\" rel=\"noopener\" target=\"_blank\">Formulario 1065<\/a>:<\/strong> Si su LLC se considera una sociedad colectiva a efectos fiscales federales, lo que significa que tiene al menos otro copropietario de la LLC y no ha optado por tributar como corporaci\u00f3n, deber\u00e1 presentar un Formulario 1065 final ante el IRS. El Formulario 1065 es una declaraci\u00f3n de impuestos que informa los ingresos, gastos, ganancias, p\u00e9rdidas, cr\u00e9ditos y deducciones de la LLC y los asigna a cada socio seg\u00fan su participaci\u00f3n. Tambi\u00e9n debe adjuntar un <a href=\"https:\/\/www.irs.gov\/businesses\/schedules-k-2-and-k-3-frequently-asked-questions-forms-1065-1120s-and-8865\" rel=\"noopener\" target=\"_blank\">Anexo K-1. K-2 y K-<\/a>3 para cada miembro, que muestre su parte de los ingresos y deducciones de la LLC, y proporcione una copia del Anexo K-1, K-2 y K-3 a cada miembro.<\/li>\n<li><strong><a href=\"https:\/\/www.irs.gov\/forms-pubs\/about-form-1120\" rel=\"noopener\" target=\"_blank\">Formulario 1120<\/a>:<\/strong> Si tu <a href=\"https:\/\/www.irs.gov\/businesses\/small-businesses-self-employed\/llc-filing-as-a-corporation-or-partnership\" rel=\"noopener\" target=\"_blank\">La LLC ha elegido ser tratada como una corporaci\u00f3n C para fines fiscales federales.<\/a>, Si ha optado por que su LLC se grave como una entidad separada de sus propietarios, deber\u00e1 presentar el Formulario 1120 final ante el IRS. El Formulario 1120 es una declaraci\u00f3n de impuestos que informa los ingresos, gastos, ganancias, p\u00e9rdidas, cr\u00e9ditos y deducciones de la LLC, y calcula su obligaci\u00f3n tributaria. Tambi\u00e9n debe declarar cualquier <a href=\"https:\/\/www.lexisnexis.com\/uk\/lexispsl\/corporate\/document\/391387\/55YB-2GD1-F186-H4RG-00000-00\/Dividends_and_distributions_overview\" rel=\"noopener\" target=\"_blank\">dividendos o distribuciones<\/a> que ha recibido de la LLC y paga el impuesto sobre la renta personal sobre ellos.<\/li>\n<\/ul>\n<h5>5. Cerrar cuenta EIN<\/h5>\n<p>Si su LLC tiene una <a href=\"https:\/\/www.irs.gov\/taxtopics\/tc755#:~:text=More%20In%20Help&#038;text=An%20employer%20identification%20number%20(EIN,file%20various%20business%20tax%20returns.\" rel=\"noopener\" target=\"_blank\">N\u00famero de identificaci\u00f3n del empleador (EIN)<\/a>, que es un n\u00famero de nueve d\u00edgitos que identifica su LLC para fines fiscales, debe <a href=\"https:\/\/www.irs.gov\/businesses\/small-businesses-self-employed\/closing-a-business#:~:text=Cancel%20your%20EIN%20and%20close%20your%20IRS%20business%20account,-The%20employer%20identification&#038;text=To%20cancel%20your%20EIN%20and,The%20business%20address\" rel=\"noopener\" target=\"_blank\">cerrar su cuenta EIN<\/a> Como parte del proceso de disoluci\u00f3n. Para cerrar su cuenta EIN, debe enviar una carta al IRS que incluya la siguiente informaci\u00f3n:<\/p>\n<ul>\n<li>El nombre legal de la LLC<\/li>\n<li>El EIN de la LLC<\/li>\n<li>La direcci\u00f3n comercial de la LLC<\/li>\n<li>El motivo del cierre de la cuenta<\/li>\n<li>La fecha en que la LLC ces\u00f3 sus operaciones comerciales<\/li>\n<\/ul>\n<p>Tambi\u00e9n debe asegurarse de que se hayan cumplido todas las obligaciones fiscales federales asociadas con el EIN antes de cerrar la cuenta, como presentar y pagar cualquier declaraci\u00f3n de impuestos final o declaraci\u00f3n de informaci\u00f3n e informar y pagar cualquier <a href=\"https:\/\/www.irs.gov\/businesses\/small-businesses-self-employed\/employment-taxes\" rel=\"noopener\" target=\"_blank\">impuestos sobre el empleo<\/a><\/p>\n<h5>Paso 6: Notificaci\u00f3n a los acreedores y cierre de cuentas<\/h5>\n<p>Informe a los acreedores o proveedores asociados con su LLC sobre su disoluci\u00f3n. Esto ayuda a garantizar que no haya obligaciones financieras pendientes ni confusi\u00f3n en el futuro. Adem\u00e1s, cierre cualquier cuenta bancaria o l\u00ednea de cr\u00e9dito comercial vinculada a la LLC.<\/p>\n<h5>Escenario alternativo: dejar que la LLC caduque<\/h5>\n<p>El proceso de completar estos formularios no es muy complicado, pero requiere atenci\u00f3n y precisi\u00f3n. El enlace a continuaci\u00f3n contiene una gu\u00eda completa para completarlos.<\/p>\n<ul>\n<li><strong>Sanciones por impuestos morosos:<\/strong> Delaware aplicar\u00e1 cargos por pagos atrasados y multas por impuestos de franquicia no pagados, que pueden acumularse con el tiempo.<\/li>\n<li><strong>Disoluci\u00f3n administrativa:<\/strong> Tras un per\u00edodo de incumplimiento, Delaware podr\u00eda disolver administrativamente su LLC, lo que podr\u00eda generar una situaci\u00f3n legal compleja. La disoluci\u00f3n administrativa de una LLC de Delaware conlleva importantes implicaciones legales. En primer lugar, se pierde la protecci\u00f3n de la responsabilidad limitada, lo que puede exponer el patrimonio personal de los socios a las reclamaciones de los acreedores. Adem\u00e1s, la LLC disuelta pierde su capacidad legal para operar, lo que invalida o no autoriza cualquier actividad comercial posterior a la disoluci\u00f3n. Esta situaci\u00f3n tambi\u00e9n genera complejidad en las relaciones contractuales, ya que la LLC podr\u00eda percibirse como incapaz de cumplir o celebrar nuevos contratos.<\/li>\n<li><strong>Disponibilidad de nombre:<\/strong> El nombre de su LLC queda disponible para que otros lo reclamen, lo que podr\u00eda causar confusi\u00f3n o incluso robo de identidad.<\/li>\n<\/ul>\n<h5>Buscando ayuda profesional: cu\u00e1ndo considerar un contador p\u00fablico certificado<\/h5>\n<p>Si bien disolver una LLC de Delaware sin ingresos puede ser una tarea que pueda llevar a cabo usted mismo, es necesario consultar a un abogado. <a href=\"https:\/\/oandgaccounting.com\/staging\/about-me\/\" rel=\"noopener\" target=\"_blank\">Contador P\u00fablico Certificado (CPA) <\/a>Puede ofrecer una valiosa orientaci\u00f3n y tranquilidad, especialmente si:<\/p>\n<ul>\n<li>Tiene situaciones fiscales complejas.<\/li>\n<li>No est\u00e1 seguro acerca de los formularios o procedimientos espec\u00edficos involucrados.<\/li>\n<li>Quiere minimizar el riesgo de errores o pasos omitidos.<\/li>\n<\/ul>\n<p>Si bien disolver una LLC de Delaware sin ingresos puede ser una tarea que pueda realizar usted mismo, consultar a un Contador P\u00fablico Certificado (CPA) puede ofrecerle orientaci\u00f3n valiosa y tranquilidad, especialmente si:<\/p>\n<p>Haga clic aqu\u00ed para <a href=\"https:\/\/oandgaccounting.com\/staging\/appointment-booking-form\/\" rel=\"noopener\" target=\"_blank\">programar una consulta <\/a>con uno de nuestros contadores p\u00fablicos y explore c\u00f3mo podemos ayudarlo a navegar el cap\u00edtulo final de su viaje de LLC<\/p>\n<\/p><\/div>","protected":false},"excerpt":{"rendered":"<p>QUESTION: How to Dissolve a Delaware LLC as a Foreign Owner with No Income? I am a foreign owner of a Delaware LLC that I used to run an online store. I closed the store and I want to dissolve the LLC. However, I do not want to pay any fees or taxes, as I &hellip; <a href=\"https:\/\/oandgaccounting.com\/staging\/es\/resources\/winding-down-your-delaware-llcs-a-guide-for-foreign-owners-with-no-income\/\" class=\"more-link\">Continue reading<span class=\"screen-reader-text\"> &#8220;Winding Down Your Delaware LLC: A Guide for Foreign Owners with No Income&#8221;<\/span><\/a><\/p>","protected":false},"author":1,"featured_media":0,"parent":24,"menu_order":0,"comment_status":"closed","ping_status":"closed","template":"default_withchat.php","meta":{"om_disable_all_campaigns":false,"_monsterinsights_skip_tracking":false,"_monsterinsights_sitenote_active":false,"_monsterinsights_sitenote_note":"","_monsterinsights_sitenote_category":0,"footnotes":""},"acf":[],"yoast_head":"<!-- This site is optimized with the Yoast SEO plugin v22.6 - https:\/\/yoast.com\/wordpress\/plugins\/seo\/ -->\n<title>Winding Down Your Delaware LLC: A Guide for Foreign Owners with No Income - O&amp;G Tax and Accounting<\/title>\n<meta name=\"robots\" content=\"index, follow, max-snippet:-1, max-image-preview:large, max-video-preview:-1\" \/>\n<link rel=\"canonical\" href=\"https:\/\/oandgaccounting.com\/staging\/es\/resources\/winding-down-your-delaware-llcs-a-guide-for-foreign-owners-with-no-income\/\" \/>\n<meta property=\"og:locale\" content=\"es_ES\" \/>\n<meta property=\"og:type\" content=\"article\" \/>\n<meta property=\"og:title\" content=\"Winding Down Your Delaware LLC: A Guide for Foreign Owners with No Income - O&amp;G Tax and Accounting\" \/>\n<meta property=\"og:description\" content=\"QUESTION: How to Dissolve a Delaware LLC as a Foreign Owner with No Income? I am a foreign owner of a Delaware LLC that I used to run an online store. I closed the store and I want to dissolve the LLC. However, I do not want to pay any fees or taxes, as I &hellip; Continue reading &quot;Winding Down Your Delaware LLC: A Guide for Foreign Owners with No Income&quot;\" \/>\n<meta property=\"og:url\" content=\"https:\/\/oandgaccounting.com\/staging\/es\/resources\/winding-down-your-delaware-llcs-a-guide-for-foreign-owners-with-no-income\/\" \/>\n<meta property=\"og:site_name\" content=\"O&amp;G Tax and Accounting\" \/>\n<meta property=\"article:modified_time\" content=\"2025-03-07T11:16:07+00:00\" \/>\n<meta property=\"og:image\" content=\"https:\/\/oandgaccounting.com\/staging\/wp-content\/uploads\/2023\/12\/WhatsApp-Image-2023-12-26-at-13.38.03.jpeg\" \/>\n\t<meta property=\"og:image:width\" content=\"975\" \/>\n\t<meta property=\"og:image:height\" content=\"975\" \/>\n\t<meta property=\"og:image:type\" content=\"image\/jpeg\" \/>\n<meta name=\"twitter:card\" content=\"summary_large_image\" \/>\n<meta name=\"twitter:label1\" content=\"Tiempo de lectura\" \/>\n\t<meta name=\"twitter:data1\" content=\"8 minutos\" \/>\n<script type=\"application\/ld+json\" class=\"yoast-schema-graph\">{\"@context\":\"https:\/\/schema.org\",\"@graph\":[{\"@type\":\"WebPage\",\"@id\":\"https:\/\/oandgaccounting.com\/staging\/resources\/winding-down-your-delaware-llcs-a-guide-for-foreign-owners-with-no-income\/\",\"url\":\"https:\/\/oandgaccounting.com\/staging\/resources\/winding-down-your-delaware-llcs-a-guide-for-foreign-owners-with-no-income\/\",\"name\":\"Winding Down Your Delaware LLC: A Guide for Foreign Owners with No Income - O&amp;G Tax and Accounting\",\"isPartOf\":{\"@id\":\"https:\/\/oandgaccounting.com\/staging\/#website\"},\"datePublished\":\"2023-12-26T09:57:59+00:00\",\"dateModified\":\"2025-03-07T11:16:07+00:00\",\"breadcrumb\":{\"@id\":\"https:\/\/oandgaccounting.com\/staging\/resources\/winding-down-your-delaware-llcs-a-guide-for-foreign-owners-with-no-income\/#breadcrumb\"},\"inLanguage\":\"es\",\"potentialAction\":[{\"@type\":\"ReadAction\",\"target\":[\"https:\/\/oandgaccounting.com\/staging\/resources\/winding-down-your-delaware-llcs-a-guide-for-foreign-owners-with-no-income\/\"]}]},{\"@type\":\"BreadcrumbList\",\"@id\":\"https:\/\/oandgaccounting.com\/staging\/resources\/winding-down-your-delaware-llcs-a-guide-for-foreign-owners-with-no-income\/#breadcrumb\",\"itemListElement\":[{\"@type\":\"ListItem\",\"position\":1,\"name\":\"Resources\",\"item\":\"https:\/\/oandgaccounting.com\/staging\/resources\/\"},{\"@type\":\"ListItem\",\"position\":2,\"name\":\"Winding Down Your Delaware LLC: A Guide for Foreign Owners with No Income\"}]},{\"@type\":\"WebSite\",\"@id\":\"https:\/\/oandgaccounting.com\/staging\/#website\",\"url\":\"https:\/\/oandgaccounting.com\/staging\/\",\"name\":\"O&amp;G Tax and Accounting\",\"description\":\"\",\"publisher\":{\"@id\":\"https:\/\/oandgaccounting.com\/staging\/#organization\"},\"potentialAction\":[{\"@type\":\"SearchAction\",\"target\":{\"@type\":\"EntryPoint\",\"urlTemplate\":\"https:\/\/oandgaccounting.com\/staging\/?s={search_term_string}\"},\"query-input\":\"required name=search_term_string\"}],\"inLanguage\":\"es\"},{\"@type\":\"Organization\",\"@id\":\"https:\/\/oandgaccounting.com\/staging\/#organization\",\"name\":\"O&amp;G Tax and Accounting\",\"url\":\"https:\/\/oandgaccounting.com\/staging\/\",\"logo\":{\"@type\":\"ImageObject\",\"inLanguage\":\"es\",\"@id\":\"https:\/\/oandgaccounting.com\/staging\/#\/schema\/logo\/image\/\",\"url\":\"https:\/\/oandgaccounting.com\/staging\/wp-content\/uploads\/2019\/07\/logo.png\",\"contentUrl\":\"https:\/\/oandgaccounting.com\/staging\/wp-content\/uploads\/2019\/07\/logo.png\",\"width\":123,\"height\":74,\"caption\":\"O&amp;G Tax and Accounting\"},\"image\":{\"@id\":\"https:\/\/oandgaccounting.com\/staging\/#\/schema\/logo\/image\/\"}}]}<\/script>\n<!-- \/ Yoast SEO plugin. -->","yoast_head_json":{"title":"Winding Down Your Delaware LLC: A Guide for Foreign Owners with No Income - O&amp;G Tax and Accounting","robots":{"index":"index","follow":"follow","max-snippet":"max-snippet:-1","max-image-preview":"max-image-preview:large","max-video-preview":"max-video-preview:-1"},"canonical":"https:\/\/oandgaccounting.com\/staging\/es\/resources\/winding-down-your-delaware-llcs-a-guide-for-foreign-owners-with-no-income\/","og_locale":"es_ES","og_type":"article","og_title":"Winding Down Your Delaware LLC: A Guide for Foreign Owners with No Income - O&amp;G Tax and Accounting","og_description":"QUESTION: How to Dissolve a Delaware LLC as a Foreign Owner with No Income? I am a foreign owner of a Delaware LLC that I used to run an online store. I closed the store and I want to dissolve the LLC. However, I do not want to pay any fees or taxes, as I &hellip; Continue reading \"Winding Down Your Delaware LLC: A Guide for Foreign Owners with No Income\"","og_url":"https:\/\/oandgaccounting.com\/staging\/es\/resources\/winding-down-your-delaware-llcs-a-guide-for-foreign-owners-with-no-income\/","og_site_name":"O&amp;G Tax and Accounting","article_modified_time":"2025-03-07T11:16:07+00:00","og_image":[{"width":975,"height":975,"url":"https:\/\/oandgaccounting.com\/staging\/wp-content\/uploads\/2023\/12\/WhatsApp-Image-2023-12-26-at-13.38.03.jpeg","type":"image\/jpeg"}],"twitter_card":"summary_large_image","twitter_misc":{"Tiempo de lectura":"8 minutos"},"schema":{"@context":"https:\/\/schema.org","@graph":[{"@type":"WebPage","@id":"https:\/\/oandgaccounting.com\/staging\/resources\/winding-down-your-delaware-llcs-a-guide-for-foreign-owners-with-no-income\/","url":"https:\/\/oandgaccounting.com\/staging\/resources\/winding-down-your-delaware-llcs-a-guide-for-foreign-owners-with-no-income\/","name":"Winding Down Your Delaware LLC: A Guide for Foreign Owners with No Income - O&amp;G Tax and Accounting","isPartOf":{"@id":"https:\/\/oandgaccounting.com\/staging\/#website"},"datePublished":"2023-12-26T09:57:59+00:00","dateModified":"2025-03-07T11:16:07+00:00","breadcrumb":{"@id":"https:\/\/oandgaccounting.com\/staging\/resources\/winding-down-your-delaware-llcs-a-guide-for-foreign-owners-with-no-income\/#breadcrumb"},"inLanguage":"es","potentialAction":[{"@type":"ReadAction","target":["https:\/\/oandgaccounting.com\/staging\/resources\/winding-down-your-delaware-llcs-a-guide-for-foreign-owners-with-no-income\/"]}]},{"@type":"BreadcrumbList","@id":"https:\/\/oandgaccounting.com\/staging\/resources\/winding-down-your-delaware-llcs-a-guide-for-foreign-owners-with-no-income\/#breadcrumb","itemListElement":[{"@type":"ListItem","position":1,"name":"Resources","item":"https:\/\/oandgaccounting.com\/staging\/resources\/"},{"@type":"ListItem","position":2,"name":"Winding Down Your Delaware LLC: A Guide for Foreign Owners with No Income"}]},{"@type":"WebSite","@id":"https:\/\/oandgaccounting.com\/staging\/#website","url":"https:\/\/oandgaccounting.com\/staging\/","name":"O&amp;G Tax and Accounting","description":"","publisher":{"@id":"https:\/\/oandgaccounting.com\/staging\/#organization"},"potentialAction":[{"@type":"SearchAction","target":{"@type":"EntryPoint","urlTemplate":"https:\/\/oandgaccounting.com\/staging\/?s={search_term_string}"},"query-input":"required name=search_term_string"}],"inLanguage":"es"},{"@type":"Organization","@id":"https:\/\/oandgaccounting.com\/staging\/#organization","name":"O&amp;G Tax and Accounting","url":"https:\/\/oandgaccounting.com\/staging\/","logo":{"@type":"ImageObject","inLanguage":"es","@id":"https:\/\/oandgaccounting.com\/staging\/#\/schema\/logo\/image\/","url":"https:\/\/oandgaccounting.com\/staging\/wp-content\/uploads\/2019\/07\/logo.png","contentUrl":"https:\/\/oandgaccounting.com\/staging\/wp-content\/uploads\/2019\/07\/logo.png","width":123,"height":74,"caption":"O&amp;G Tax and Accounting"},"image":{"@id":"https:\/\/oandgaccounting.com\/staging\/#\/schema\/logo\/image\/"}}]}},"_links":{"self":[{"href":"https:\/\/oandgaccounting.com\/staging\/es\/wp-json\/wp\/v2\/pages\/4947"}],"collection":[{"href":"https:\/\/oandgaccounting.com\/staging\/es\/wp-json\/wp\/v2\/pages"}],"about":[{"href":"https:\/\/oandgaccounting.com\/staging\/es\/wp-json\/wp\/v2\/types\/page"}],"author":[{"embeddable":true,"href":"https:\/\/oandgaccounting.com\/staging\/es\/wp-json\/wp\/v2\/users\/1"}],"replies":[{"embeddable":true,"href":"https:\/\/oandgaccounting.com\/staging\/es\/wp-json\/wp\/v2\/comments?post=4947"}],"version-history":[{"count":7,"href":"https:\/\/oandgaccounting.com\/staging\/es\/wp-json\/wp\/v2\/pages\/4947\/revisions"}],"predecessor-version":[{"id":6274,"href":"https:\/\/oandgaccounting.com\/staging\/es\/wp-json\/wp\/v2\/pages\/4947\/revisions\/6274"}],"up":[{"embeddable":true,"href":"https:\/\/oandgaccounting.com\/staging\/es\/wp-json\/wp\/v2\/pages\/24"}],"wp:attachment":[{"href":"https:\/\/oandgaccounting.com\/staging\/es\/wp-json\/wp\/v2\/media?parent=4947"}],"curies":[{"name":"wp","href":"https:\/\/api.w.org\/{rel}","templated":true}]}}