{"id":4949,"date":"2023-12-26T10:44:33","date_gmt":"2023-12-26T10:44:33","guid":{"rendered":"https:\/\/oandgaccounting.com\/staging\/?page_id=4949"},"modified":"2025-03-07T11:14:49","modified_gmt":"2025-03-07T11:14:49","slug":"finding-the-perfect-fit-how-non-us-residents-with-wyoming-llc-can-secure-top-tier-accounting","status":"publish","type":"page","link":"https:\/\/oandgaccounting.com\/staging\/es\/resources\/finding-the-perfect-fit-how-non-us-residents-with-wyoming-llc-can-secure-top-tier-accounting\/","title":{"rendered":"Encontrar la soluci\u00f3n ideal: c\u00f3mo los residentes no estadounidenses con LLC en Wyoming pueden obtener una contabilidad de primer nivel"},"content":{"rendered":"<div class=\"onefivequestion\">\n<div class=\"container py-4 text-left\">\n<h5>PREGUNTA: \u00bfC\u00f3mo encontrar un contador para un residente no estadounidense con una LLC en Wyoming?<\/h5>\n<p><strong>RESPUESTA DEL EXPERTO:<\/strong> Si eres un <a href=\"https:\/\/www.irs.gov\/individuals\/international-taxpayers\/nonresident-aliens#:~:text=An%20alien%20is%20any%20individual,or%20the%20substantial%20presence%20test.\" rel=\"noopener\" target=\"_blank\">no residente en EE. UU.<\/a> \u00bfQui\u00e9n es due\u00f1o de un negocio en l\u00ednea y ha formado una <a href=\"https:\/\/www.irs.gov\/businesses\/small-businesses-self-employed\/limited-liability-company-llc\" rel=\"noopener\" target=\"_blank\">sociedad de responsabilidad limitada (LLC)<\/a> En Wyoming, quiz\u00e1s se pregunte c\u00f3mo gestionar sus obligaciones fiscales en EE. UU. En este art\u00edculo, explicaremos la clasificaci\u00f3n fiscal y los requisitos de presentaci\u00f3n para su LLC, y c\u00f3mo encontrar una entidad legal calificada. <a href=\"https:\/\/irs.treasury.gov\/rpo\/help_cpa.html\" rel=\"noopener\" target=\"_blank\">contador p\u00fablico certificado (CPA)<\/a> que puede ayudarle con sus necesidades contables e impositivas.<\/p>\n<h5>Clasificaci\u00f3n fiscal de su LLC<\/h5>\n<p>Una LLC es un tipo de entidad comercial que ofrece protecci\u00f3n de responsabilidad limitada a sus propietarios, llamados socios. Una LLC puede tener uno o m\u00e1s socios y puede ser propiedad de particulares, corporaciones u otras entidades.<\/p>\n<p>Para efectos fiscales en los EE. UU., una LLC puede clasificarse como una <a href=\"https:\/\/www.irs.gov\/businesses\/small-businesses-self-employed\/single-member-limited-liability-companies\" rel=\"noopener\" target=\"_blank\">entidad ignorada<\/a>, a <a href=\"https:\/\/www.irs.gov\/businesses\/partnerships#:~:text=A%20partnership%20is%20the%20relationship,Form%20a%20partnership\" rel=\"noopener\" target=\"_blank\">asociaci\u00f3n<\/a>, o<a href=\"https:\/\/www.irs.gov\/charities-non-profits\/definition-of-a-corporation\" rel=\"noopener\" target=\"_blank\"> una corporaci\u00f3n<\/a>, dependiendo del n\u00famero y tipo de sus socios. La clasificaci\u00f3n fiscal predeterminada de una LLC es la siguiente:<\/p>\n<ul>\n<li>Una LLC de un solo miembro se considera una entidad ignorada, a menos que elija pagar impuestos como una corporaci\u00f3n.<\/li>\n<li>Una LLC de varios miembros se considera una sociedad, a menos que opte por tributar como una corporaci\u00f3n.<\/li>\n<\/ul>\n<p>Una entidad excluida no es una entidad fiscal independiente de su propietario. Esto significa que los ingresos y gastos de la LLC se declaran en la declaraci\u00f3n de impuestos personal del propietario, como si la LLC no existiera.<\/p>\n<p>Una sociedad colectiva es una entidad fiscal independiente de sus propietarios, pero no paga impuestos sobre la renta. En su lugar, presenta una declaraci\u00f3n informativa (formularios 1065, K-1, K-2 y K-3) y transfiere sus ingresos y p\u00e9rdidas a sus socios, quienes los declaran en sus declaraciones de impuestos personales.<\/p>\n<p>Una corporaci\u00f3n es una entidad fiscal separada de sus propietarios y paga impuestos sobre la renta sobre sus ganancias. Los propietarios de una corporaci\u00f3n declaran su participaci\u00f3n en <a href=\"https:\/\/www.irs.gov\/forms-pubs\/about-form-1099-div\" rel=\"noopener\" target=\"_blank\">dividendos o distribuciones <\/a>de la corporaci\u00f3n en sus declaraciones de impuestos personales.<\/p>\n<p>Si usted es un residente no estadounidense y posee una LLC unipersonal en Wyoming, se le clasifica como una entidad no considerada de propiedad extranjera (FDE) a efectos fiscales estadounidenses. Esto significa que, si bien su LLC es legalmente independiente de usted, no se considera una entidad independiente a efectos de la declaraci\u00f3n de impuestos. Los ingresos y gastos de su LLC se transfieren a su declaraci\u00f3n de impuestos personal, y usted est\u00e1 sujeto al impuesto estadounidense sobre su... <a href=\"https:\/\/www.irs.gov\/individuals\/international-taxpayers\/effectively-connected-income-eci#:~:text=Generally%2C%20when%20a%20foreign%20person,Effectively%20Connected%20Income%20(ECI).\" rel=\"noopener\" target=\"_blank\">Ingresos efectivamente conectados (ECI)<\/a> de sus actividades comerciales en los EE. UU., a menos que <a href=\"https:\/\/www.irs.gov\/individuals\/international-taxpayers\/tax-treaties\" rel=\"noopener\" target=\"_blank\">tratado fiscal <\/a>se aplica.<\/p>\n<h5>Requisitos de presentaci\u00f3n para su LLC<\/h5>\n<p>Como entidad ignorada de propiedad extranjera, su LLC tiene requisitos de presentaci\u00f3n espec\u00edficos que debe cumplir, tales como:<\/p>\n<ul>\n<li><strong><a href=\"https:\/\/oandgaccounting.com\/staging\/foreign-owned-us-llc\/how-to-file-forms-5472-and-1120-for-a-foreign-owned-single-member-llc\/\" rel=\"noopener\" target=\"_blank\">Formulario proforma 1120<\/a>:<\/strong> Esta es una declaraci\u00f3n informativa ficticia o portada que debe presentar para su LLC, aunque no est\u00e9 gravada como corporaci\u00f3n. El prop\u00f3sito de este formulario es identificar su LLC como una entidad ignorada de propiedad extranjera y cumplir con las normas. <a href=\"https:\/\/www.law.cornell.edu\/cfr\/text\/26\/1.6038A-1#:~:text=Section%206038A(a)%20and%20this,terms%20used%20in%20section%206038A.\" rel=\"noopener\" target=\"_blank\">requisito de presentaci\u00f3n de informaci\u00f3n<\/a>. Debe presentar este formulario antes del d\u00eda 15 del cuarto mes posterior al final del a\u00f1o fiscal de su LLC, que suele ser el 31 de diciembre. Puede solicitar una extensi\u00f3n de seis meses presentando <a href=\"https:\/\/www.irs.gov\/forms-pubs\/about-form-7004\" rel=\"noopener\" target=\"_blank\">Formulario 7004.<\/a><\/li>\n<li><strong><a href=\"https:\/\/www.irs.gov\/forms-pubs\/about-form-5472\" rel=\"noopener\" target=\"_blank\">Formulario 5472<\/a>:<\/strong> Esta es una declaraci\u00f3n de informaci\u00f3n que debe presentar para su LLC junto con el formulario proforma 1120 mencionado anteriormente, para informar sus transacciones con usted como su propietario extranjero y con cualquier otro <a href=\"https:\/\/www.law.cornell.edu\/cfr\/text\/26\/1.6038A-1\" rel=\"noopener\" target=\"_blank\">partes relacionadas extranjeras<\/a>. Debe presentar este formulario junto con su Formulario 1120 proforma y adjuntar un Formulario 5472 por cada parte extranjera relacionada. Tambi\u00e9n debe mantener registros de las transacciones que declara en el Formulario 5472 y ponerlos a disposici\u00f3n del IRS cuando se lo soliciten.<\/li>\n<li><strong>La Ley de Transparencia Corporativa:<\/strong> Las LLC de propiedad extranjera tambi\u00e9n deben ser conscientes de las <a href=\"https:\/\/oandgaccounting.com\/staging\/beginning-2024-domestic-and-certain-foreign-entities-are-required-to-disclose-ownership-information\/\" rel=\"noopener\" target=\"_blank\">Ley de Transparencia Corporativa (CTA)<\/a>, que establece requisitos uniformes de informaci\u00f3n sobre propiedad beneficiosa para ciertas corporaciones, compa\u00f1\u00edas de responsabilidad limitada y otras entidades similares creadas o registradas para hacer negocios en los EE. UU. La CTA es parte de la <a href=\"https:\/\/www.fincen.gov\/anti-money-laundering-act-2020\" rel=\"noopener\" target=\"_blank\">Ley contra el lavado de dinero de 2020<\/a> y tiene como objetivo evitar que criminales, terroristas e individuos corruptos oculten dinero o propiedades il\u00edcitas en los EE. UU.<\/li>\n<\/ul>\n<p>Para las empresas que presentan informes creadas o registradas antes del 1 de enero de 2024, el informe inicial de informaci\u00f3n sobre propiedad beneficiosa debe presentarse antes del 1 de enero de 2025. Si su empresa se crea o registra a partir del 1 de enero de 2024, tiene 90 d\u00edas para presentar el informe inicial a partir del 1 de enero de 2024.<\/p>\n<p>Si no presenta alguno de estos formularios a tiempo, o lo hace de forma incorrecta o incompleta, podr\u00eda enfrentar sanciones considerables. Por lo tanto, es importante cumplir con estos requisitos de presentaci\u00f3n y mantener registros precisos y completos de los ingresos, gastos y transacciones de su LLC.<\/p>\n<h5>C\u00f3mo encontrar un contador p\u00fablico calificado para su LLC<\/h5>\n<p>Trabajando con un <a href=\"https:\/\/oandgaccounting.com\/staging\/about-me\/\" rel=\"noopener\" target=\"_blank\">contador p\u00fablico calificado<\/a> Un profesional que comprenda las complejidades de las FDE es esencial para garantizar que cumpla con todos los requisitos de cumplimiento y tome decisiones financieras informadas. Aqu\u00ed tiene algunos consejos para encontrar el contador p\u00fablico certificado (CPA) adecuado para su LLC en Wyoming:<\/p>\n<ul>\n<li><strong>Busque experiencia especializada:<\/strong> Necesita un contador p\u00fablico certificado (CPA) con experiencia y conocimiento en el trabajo con empresas extranjeras, especialmente LLC de un solo socio en EE. UU. Debe estar familiarizado con la clasificaci\u00f3n fiscal y los requisitos de declaraci\u00f3n para las FDE, as\u00ed como con las leyes y regulaciones fiscales internacionales de EE. UU. que afectan a su LLC. Puede solicitar referencias a otros empresarios en situaciones similares o buscar en l\u00ednea firmas de CPA especializadas en este campo.<\/li>\n<li><strong>Considere los servicios ofrecidos:<\/strong> Usted desea un contador p\u00fablico certificado que pueda brindar una variedad de servicios para respaldar sus necesidades contables e impositivas, tales como:<\/li>\n<li><strong>Presentaci\u00f3n de impuestos:<\/strong> Deber\u00edan poder hacerlo <a href=\"https:\/\/oandgaccounting.com\/staging\/foreign-owned-us-llc\/how-to-file-forms-5472-and-1120-for-a-foreign-owned-single-member-llc\/\" rel=\"noopener\" target=\"_blank\">Prepare y presente su Formulario proforma 1120, Formulario 5472<\/a>, y <a href=\"https:\/\/www.irs.gov\/businesses\/small-businesses-self-employed\/report-of-foreign-bank-and-financial-accounts-fbar\" rel=\"noopener\" target=\"_blank\">FBAR<\/a>, as\u00ed como cualquier otro formulario de impuestos que pueda aplicarse a su situaci\u00f3n, como <a href=\"https:\/\/www.irs.gov\/forms-pubs\/about-form-1040-nr\" rel=\"noopener\" target=\"_blank\">Formulario 1040NR<\/a>, <a href=\"https:\/\/www.irs.gov\/forms-pubs\/about-form-8833\" rel=\"noopener\" target=\"_blank\">Formulario 8833<\/a>, o <a href=\"https:\/\/www.irs.gov\/forms-pubs\/about-form-w-8\" rel=\"noopener\" target=\"_blank\">Serie de formularios W-8<\/a>, etc. <\/li>\n<li><strong>Contabilidad y tenedur\u00eda de libros:<\/strong> Deber\u00edan poder ayudarle con <a href=\"https:\/\/oandgaccounting.com\/staging\/service-packages\/#monthly-bookkeeping-package\" rel=\"noopener\" target=\"_blank\">contabilidad mensual<\/a>, balances, estados de ganancias y p\u00e9rdidas o recomendaciones de software de contabilidad, para ayudarle a realizar un seguimiento del desempe\u00f1o y la posici\u00f3n financiera de su LLC.<\/li>\n<li><strong>Comprobar reputaci\u00f3n y rese\u00f1as:<\/strong> Necesita un contador p\u00fablico certificado (CPA) con buena reputaci\u00f3n y buenas rese\u00f1as de sus clientes. Puede investigar sus credenciales y licencias, as\u00ed como sus valoraciones y testimonios en l\u00ednea, para hacerse una idea de su profesionalismo y calidad de servicio.<\/li>\n<li><strong>Compare tarifas y transparencia de precios:<\/strong> Busca un contador p\u00fablico certificado (CPA) que ofrezca honorarios y precios razonables y transparentes por sus servicios. Debe consultar su estructura de honorarios y precios para los servicios espec\u00edficos que necesita. Tambi\u00e9n debe preguntar sobre cualquier cargo o tarifa adicional que pueda aplicarse, como consultas, revisiones o pr\u00f3rrogas.<\/li>\n<\/ul>\n<h5>Firma de CPA recomendada: <a href=\"https:\/\/oandgaccounting.com\/staging\/\" rel=\"noopener\" target=\"_blank\">Impuestos y contabilidad de petr\u00f3leo y gas<\/a><\/h5>\n<p>Si busca una firma de contabilidad p\u00fablica que cumpla con todos los criterios anteriores, le recomendamos nuestra firma: O&amp;G Tax and Accounting. Somos una <a href=\"https:\/\/www.google.com\/search?q=firm+that+focuses+on+serving+foreign-owned+single-member+LLCs&#038;rlz=1C1SQJL_enUS904US904&#038;sourceid=chrome&#038;ie=UTF-8#ip=1\" rel=\"noopener\" target=\"_blank\">Firma que se centra en servir a sociedades de responsabilidad limitada (LLC) unipersonales de propiedad extranjera.<\/a> En los EE. UU., y ofrecemos una amplia gama de servicios, que incluyen:<\/p>\n<ul>\n<li>Preparaci\u00f3n de <a href=\"https:\/\/oandgaccounting.com\/staging\/single-member\/\" rel=\"noopener\" target=\"_blank\">Formulario proforma 1120, Formulario 5472<\/a>, BOI, FBAR, etc.<\/li>\n<li><a href=\"https:\/\/oandgaccounting.com\/staging\/service-packages\/#monthly-bookkeeping-package\" rel=\"noopener\" target=\"_blank\">Contabilidad y contabilidad mensual<\/a><\/li>\n<li>Recomendaciones de software de contabilidad<\/li>\n<li>Servicios de contabilidad general<\/li>\n<li><a href=\"https:\/\/oandgaccounting.com\/staging\/appointment-booking-form\/\" rel=\"noopener\" target=\"_blank\">Consultas y asesoramiento personalizado<\/a><\/li>\n<\/ul>\n<p>Contamos con amplia experiencia trabajando con <a href=\"https:\/\/www.youtube.com\/watch?v=WFp1dPS4e2k&#038;t=147s\" rel=\"noopener\" target=\"_blank\">FDE en Wyoming<\/a> y otros estados, y podemos ayudarle a comprender las leyes y regulaciones fiscales de EE. UU. Tambi\u00e9n ofrecemos precios competitivos y transparentes, y garantizamos su satisfacci\u00f3n con nuestro servicio.<\/p>\n<p>Cont\u00e1ctanos hoy para <a href=\"https:\/\/oandgaccounting.com\/staging\/appointment-booking-form\/\" rel=\"noopener\" target=\"_blank\">programar una consulta<\/a> y conversaremos sobre sus necesidades espec\u00edficas. Esperamos trabajar con usted y ayudarle a alcanzar sus objetivos comerciales.<\/p>\n<\/p><\/div>","protected":false},"excerpt":{"rendered":"<p>QUESTION: How to Find an Accountant for a Non-US Resident with a Wyoming LLC? EXPERT\u2019S RESPONSE: If you are a non-US resident who owns an online business and you have formed a limited liability company (LLC) in Wyoming, you may be wondering how to handle your US tax obligations. In this article, we will explain &hellip; <a href=\"https:\/\/oandgaccounting.com\/staging\/es\/resources\/finding-the-perfect-fit-how-non-us-residents-with-wyoming-llc-can-secure-top-tier-accounting\/\" class=\"more-link\">Continue reading<span class=\"screen-reader-text\"> &#8220;Finding the Perfect Fit: How Non-US Residents with Wyoming LLCs Can Secure Top-Tier Accounting&#8221;<\/span><\/a><\/p>","protected":false},"author":1,"featured_media":0,"parent":24,"menu_order":0,"comment_status":"closed","ping_status":"closed","template":"default_withchat.php","meta":{"om_disable_all_campaigns":false,"_monsterinsights_skip_tracking":false,"_monsterinsights_sitenote_active":false,"_monsterinsights_sitenote_note":"","_monsterinsights_sitenote_category":0,"footnotes":""},"acf":[],"yoast_head":"<!-- This site is optimized with the Yoast SEO plugin v22.6 - https:\/\/yoast.com\/wordpress\/plugins\/seo\/ -->\n<title>Finding the Perfect Fit: How Non-US Residents with Wyoming LLCs Can Secure Top-Tier Accounting - O&amp;G Tax and Accounting<\/title>\n<meta name=\"robots\" content=\"index, follow, max-snippet:-1, max-image-preview:large, max-video-preview:-1\" \/>\n<link rel=\"canonical\" href=\"https:\/\/oandgaccounting.com\/staging\/es\/resources\/finding-the-perfect-fit-how-non-us-residents-with-wyoming-llc-can-secure-top-tier-accounting\/\" \/>\n<meta property=\"og:locale\" content=\"es_ES\" \/>\n<meta property=\"og:type\" content=\"article\" \/>\n<meta property=\"og:title\" content=\"Finding the Perfect Fit: How Non-US Residents with Wyoming LLCs Can Secure Top-Tier Accounting - O&amp;G Tax and Accounting\" \/>\n<meta property=\"og:description\" content=\"QUESTION: How to Find an Accountant for a Non-US Resident with a Wyoming LLC? EXPERT\u2019S RESPONSE: If you are a non-US resident who owns an online business and you have formed a limited liability company (LLC) in Wyoming, you may be wondering how to handle your US tax obligations. In this article, we will explain &hellip; Continue reading &quot;Finding the Perfect Fit: How Non-US Residents with Wyoming LLCs Can Secure Top-Tier Accounting&quot;\" \/>\n<meta property=\"og:url\" content=\"https:\/\/oandgaccounting.com\/staging\/es\/resources\/finding-the-perfect-fit-how-non-us-residents-with-wyoming-llc-can-secure-top-tier-accounting\/\" \/>\n<meta property=\"og:site_name\" content=\"O&amp;G Tax and Accounting\" \/>\n<meta property=\"article:modified_time\" content=\"2025-03-07T11:14:49+00:00\" \/>\n<meta property=\"og:image\" content=\"https:\/\/oandgaccounting.com\/staging\/wp-content\/uploads\/2023\/12\/WhatsApp-Image-2023-12-26-at-13.38.48.jpeg\" \/>\n\t<meta property=\"og:image:width\" content=\"975\" \/>\n\t<meta property=\"og:image:height\" content=\"975\" \/>\n\t<meta property=\"og:image:type\" content=\"image\/jpeg\" \/>\n<meta name=\"twitter:card\" content=\"summary_large_image\" \/>\n<meta name=\"twitter:label1\" content=\"Tiempo de lectura\" \/>\n\t<meta name=\"twitter:data1\" content=\"6 minutos\" \/>\n<script type=\"application\/ld+json\" class=\"yoast-schema-graph\">{\"@context\":\"https:\/\/schema.org\",\"@graph\":[{\"@type\":\"WebPage\",\"@id\":\"https:\/\/oandgaccounting.com\/staging\/resources\/finding-the-perfect-fit-how-non-us-residents-with-wyoming-llc-can-secure-top-tier-accounting\/\",\"url\":\"https:\/\/oandgaccounting.com\/staging\/resources\/finding-the-perfect-fit-how-non-us-residents-with-wyoming-llc-can-secure-top-tier-accounting\/\",\"name\":\"Finding the Perfect Fit: How Non-US Residents with Wyoming LLCs Can Secure Top-Tier Accounting - O&amp;G Tax and Accounting\",\"isPartOf\":{\"@id\":\"https:\/\/oandgaccounting.com\/staging\/#website\"},\"datePublished\":\"2023-12-26T10:44:33+00:00\",\"dateModified\":\"2025-03-07T11:14:49+00:00\",\"breadcrumb\":{\"@id\":\"https:\/\/oandgaccounting.com\/staging\/resources\/finding-the-perfect-fit-how-non-us-residents-with-wyoming-llc-can-secure-top-tier-accounting\/#breadcrumb\"},\"inLanguage\":\"es\",\"potentialAction\":[{\"@type\":\"ReadAction\",\"target\":[\"https:\/\/oandgaccounting.com\/staging\/resources\/finding-the-perfect-fit-how-non-us-residents-with-wyoming-llc-can-secure-top-tier-accounting\/\"]}]},{\"@type\":\"BreadcrumbList\",\"@id\":\"https:\/\/oandgaccounting.com\/staging\/resources\/finding-the-perfect-fit-how-non-us-residents-with-wyoming-llc-can-secure-top-tier-accounting\/#breadcrumb\",\"itemListElement\":[{\"@type\":\"ListItem\",\"position\":1,\"name\":\"Resources\",\"item\":\"https:\/\/oandgaccounting.com\/staging\/resources\/\"},{\"@type\":\"ListItem\",\"position\":2,\"name\":\"Finding the Perfect Fit: How Non-US Residents with Wyoming LLCs Can Secure Top-Tier Accounting\"}]},{\"@type\":\"WebSite\",\"@id\":\"https:\/\/oandgaccounting.com\/staging\/#website\",\"url\":\"https:\/\/oandgaccounting.com\/staging\/\",\"name\":\"O&amp;G Tax and Accounting\",\"description\":\"\",\"publisher\":{\"@id\":\"https:\/\/oandgaccounting.com\/staging\/#organization\"},\"potentialAction\":[{\"@type\":\"SearchAction\",\"target\":{\"@type\":\"EntryPoint\",\"urlTemplate\":\"https:\/\/oandgaccounting.com\/staging\/?s={search_term_string}\"},\"query-input\":\"required name=search_term_string\"}],\"inLanguage\":\"es\"},{\"@type\":\"Organization\",\"@id\":\"https:\/\/oandgaccounting.com\/staging\/#organization\",\"name\":\"O&amp;G Tax and Accounting\",\"url\":\"https:\/\/oandgaccounting.com\/staging\/\",\"logo\":{\"@type\":\"ImageObject\",\"inLanguage\":\"es\",\"@id\":\"https:\/\/oandgaccounting.com\/staging\/#\/schema\/logo\/image\/\",\"url\":\"https:\/\/oandgaccounting.com\/staging\/wp-content\/uploads\/2019\/07\/logo.png\",\"contentUrl\":\"https:\/\/oandgaccounting.com\/staging\/wp-content\/uploads\/2019\/07\/logo.png\",\"width\":123,\"height\":74,\"caption\":\"O&amp;G Tax and Accounting\"},\"image\":{\"@id\":\"https:\/\/oandgaccounting.com\/staging\/#\/schema\/logo\/image\/\"}}]}<\/script>\n<!-- \/ Yoast SEO plugin. -->","yoast_head_json":{"title":"Finding the Perfect Fit: How Non-US Residents with Wyoming LLCs Can Secure Top-Tier Accounting - O&amp;G Tax and Accounting","robots":{"index":"index","follow":"follow","max-snippet":"max-snippet:-1","max-image-preview":"max-image-preview:large","max-video-preview":"max-video-preview:-1"},"canonical":"https:\/\/oandgaccounting.com\/staging\/es\/resources\/finding-the-perfect-fit-how-non-us-residents-with-wyoming-llc-can-secure-top-tier-accounting\/","og_locale":"es_ES","og_type":"article","og_title":"Finding the Perfect Fit: How Non-US Residents with Wyoming LLCs Can Secure Top-Tier Accounting - O&amp;G Tax and Accounting","og_description":"QUESTION: How to Find an Accountant for a Non-US Resident with a Wyoming LLC? EXPERT\u2019S RESPONSE: If you are a non-US resident who owns an online business and you have formed a limited liability company (LLC) in Wyoming, you may be wondering how to handle your US tax obligations. In this article, we will explain &hellip; Continue reading \"Finding the Perfect Fit: How Non-US Residents with Wyoming LLCs Can Secure Top-Tier Accounting\"","og_url":"https:\/\/oandgaccounting.com\/staging\/es\/resources\/finding-the-perfect-fit-how-non-us-residents-with-wyoming-llc-can-secure-top-tier-accounting\/","og_site_name":"O&amp;G Tax and Accounting","article_modified_time":"2025-03-07T11:14:49+00:00","og_image":[{"width":975,"height":975,"url":"https:\/\/oandgaccounting.com\/staging\/wp-content\/uploads\/2023\/12\/WhatsApp-Image-2023-12-26-at-13.38.48.jpeg","type":"image\/jpeg"}],"twitter_card":"summary_large_image","twitter_misc":{"Tiempo de lectura":"6 minutos"},"schema":{"@context":"https:\/\/schema.org","@graph":[{"@type":"WebPage","@id":"https:\/\/oandgaccounting.com\/staging\/resources\/finding-the-perfect-fit-how-non-us-residents-with-wyoming-llc-can-secure-top-tier-accounting\/","url":"https:\/\/oandgaccounting.com\/staging\/resources\/finding-the-perfect-fit-how-non-us-residents-with-wyoming-llc-can-secure-top-tier-accounting\/","name":"Finding the Perfect Fit: How Non-US Residents with Wyoming LLCs Can Secure Top-Tier Accounting - O&amp;G Tax and Accounting","isPartOf":{"@id":"https:\/\/oandgaccounting.com\/staging\/#website"},"datePublished":"2023-12-26T10:44:33+00:00","dateModified":"2025-03-07T11:14:49+00:00","breadcrumb":{"@id":"https:\/\/oandgaccounting.com\/staging\/resources\/finding-the-perfect-fit-how-non-us-residents-with-wyoming-llc-can-secure-top-tier-accounting\/#breadcrumb"},"inLanguage":"es","potentialAction":[{"@type":"ReadAction","target":["https:\/\/oandgaccounting.com\/staging\/resources\/finding-the-perfect-fit-how-non-us-residents-with-wyoming-llc-can-secure-top-tier-accounting\/"]}]},{"@type":"BreadcrumbList","@id":"https:\/\/oandgaccounting.com\/staging\/resources\/finding-the-perfect-fit-how-non-us-residents-with-wyoming-llc-can-secure-top-tier-accounting\/#breadcrumb","itemListElement":[{"@type":"ListItem","position":1,"name":"Resources","item":"https:\/\/oandgaccounting.com\/staging\/resources\/"},{"@type":"ListItem","position":2,"name":"Finding the Perfect Fit: How Non-US Residents with Wyoming LLCs Can Secure Top-Tier Accounting"}]},{"@type":"WebSite","@id":"https:\/\/oandgaccounting.com\/staging\/#website","url":"https:\/\/oandgaccounting.com\/staging\/","name":"O&amp;G Tax and Accounting","description":"","publisher":{"@id":"https:\/\/oandgaccounting.com\/staging\/#organization"},"potentialAction":[{"@type":"SearchAction","target":{"@type":"EntryPoint","urlTemplate":"https:\/\/oandgaccounting.com\/staging\/?s={search_term_string}"},"query-input":"required name=search_term_string"}],"inLanguage":"es"},{"@type":"Organization","@id":"https:\/\/oandgaccounting.com\/staging\/#organization","name":"O&amp;G Tax and Accounting","url":"https:\/\/oandgaccounting.com\/staging\/","logo":{"@type":"ImageObject","inLanguage":"es","@id":"https:\/\/oandgaccounting.com\/staging\/#\/schema\/logo\/image\/","url":"https:\/\/oandgaccounting.com\/staging\/wp-content\/uploads\/2019\/07\/logo.png","contentUrl":"https:\/\/oandgaccounting.com\/staging\/wp-content\/uploads\/2019\/07\/logo.png","width":123,"height":74,"caption":"O&amp;G Tax and Accounting"},"image":{"@id":"https:\/\/oandgaccounting.com\/staging\/#\/schema\/logo\/image\/"}}]}},"_links":{"self":[{"href":"https:\/\/oandgaccounting.com\/staging\/es\/wp-json\/wp\/v2\/pages\/4949"}],"collection":[{"href":"https:\/\/oandgaccounting.com\/staging\/es\/wp-json\/wp\/v2\/pages"}],"about":[{"href":"https:\/\/oandgaccounting.com\/staging\/es\/wp-json\/wp\/v2\/types\/page"}],"author":[{"embeddable":true,"href":"https:\/\/oandgaccounting.com\/staging\/es\/wp-json\/wp\/v2\/users\/1"}],"replies":[{"embeddable":true,"href":"https:\/\/oandgaccounting.com\/staging\/es\/wp-json\/wp\/v2\/comments?post=4949"}],"version-history":[{"count":6,"href":"https:\/\/oandgaccounting.com\/staging\/es\/wp-json\/wp\/v2\/pages\/4949\/revisions"}],"predecessor-version":[{"id":6273,"href":"https:\/\/oandgaccounting.com\/staging\/es\/wp-json\/wp\/v2\/pages\/4949\/revisions\/6273"}],"up":[{"embeddable":true,"href":"https:\/\/oandgaccounting.com\/staging\/es\/wp-json\/wp\/v2\/pages\/24"}],"wp:attachment":[{"href":"https:\/\/oandgaccounting.com\/staging\/es\/wp-json\/wp\/v2\/media?parent=4949"}],"curies":[{"name":"wp","href":"https:\/\/api.w.org\/{rel}","templated":true}]}}