{"id":5045,"date":"2024-01-02T13:04:11","date_gmt":"2024-01-02T13:04:11","guid":{"rendered":"https:\/\/oandgaccounting.com\/staging\/?page_id=5045"},"modified":"2025-03-07T11:19:01","modified_gmt":"2025-03-07T11:19:01","slug":"how-to-file-and-comply-with-u-s-tax-laws-for-a-foreign-owned-llc-that-exports-furniture-to-the-u-s","status":"publish","type":"page","link":"https:\/\/oandgaccounting.com\/staging\/es\/resources\/how-to-file-and-comply-with-u-s-tax-laws-for-a-foreign-owned-llc-that-exports-furniture-to-the-u-s\/","title":{"rendered":"C\u00f3mo presentar y cumplir con las leyes fiscales de EE. UU. para una LLC de propiedad extranjera que exporta muebles a EE. UU."},"content":{"rendered":"<div class=\"onefivequestion\">\n<div class=\"container py-4 text-left\">\n<h5>PREGUNTA: Soy ciudadano del Reino Unido y vivo en Vietnam. Estoy pensando en constituir una sociedad de responsabilidad limitada (LLC) en EE. UU. para vender muebles a clientes estadounidenses. Quiero saber cu\u00e1les son las implicaciones fiscales y los requisitos de presentaci\u00f3n de mi LLC, y si tendr\u00e9 que pagar impuestos sobre la renta en EE. UU. sobre mis ganancias. Tambi\u00e9n busco un servicio de contabilidad confiable y asequible que me ayude con las necesidades fiscales de mi LLC. \u00bfPodr\u00edan asesorarme sobre estos asuntos?<\/h5>\n<p><strong>RESPUESTA DEL EXPERTO:<\/strong> Como ciudadano del Reino Unido radicado en Vietnam y que busca formar una <a href=\"https:\/\/oandgaccounting.com\/staging\/foreign-owned-us-llc\/7-common-questions-about-foreign-owned-u-s-llcs-answered-by-a-cpa\/\" rel=\"noopener\" target=\"_blank\">Sociedad de responsabilidad limitada (LLC) de propiedad extranjera<\/a> Para vender muebles en Estados Unidos, quiz\u00e1s se pregunte sobre los desaf\u00edos de cumplimiento tributario que podr\u00eda enfrentar. Es fundamental comprender claramente las implicaciones fiscales y los requisitos de declaraci\u00f3n, y aqu\u00ed es donde interviene O&amp;G Tax and Accounting. Nuestro objetivo es desglosar estos aspectos y brindarle informaci\u00f3n pr\u00e1ctica a trav\u00e9s de esta gu\u00eda.<\/p>\n<h5>Evaluaci\u00f3n de la responsabilidad fiscal<\/h5>\n<p>Una de las preguntas m\u00e1s frecuentes para empresarios extranjeros como usted es si deben pagar impuestos sobre la renta en Estados Unidos. Le alegrar\u00e1 saber que, por lo general, est\u00e1 exento de impuestos en Estados Unidos si su LLC o su propietario cumple las siguientes condiciones:<\/p>\n<ul>\n<li><strong>Sin presencia f\u00edsica en los EE.UU.:<\/strong> El simple hecho de tener una cuenta bancaria o formar una LLC no constituye una presencia f\u00edsica.<\/li>\n<li><strong>Sin empleados ni agentes en EE. UU.:<\/strong> Si su LLC opera sin empleados o representantes de ventas radicados en EE. UU.<\/li>\n<li><strong>No hay almacenes ni oficinas en EE.UU.:<\/strong> La ausencia de ubicaciones comerciales f\u00edsicas, como almacenes u oficinas, en EE. UU., lo exime a\u00fan m\u00e1s de ciertas obligaciones fiscales.<\/li>\n<\/ul>\n<h5>Requisitos de presentaci\u00f3n<\/h5>\n<p>A pesar de estas exenciones, su LLC debe cumplir con requisitos de presentaci\u00f3n espec\u00edficos. <a href=\"https:\/\/oandgaccounting.com\/staging\/foreign-owned-us-llc\/how-to-file-forms-5472-and-1120-for-a-foreign-owned-single-member-llc\/\" rel=\"noopener\" target=\"_blank\">Proforma 1120 y 5472<\/a> Entre estos, son clave. Los formularios Proforma 1120 y 5472, una declaraci\u00f3n informativa, ofrecen una descripci\u00f3n general de las actividades financieras de su LLC e informan sobre las transacciones entre su LLC de propiedad extranjera y partes relacionadas en el extranjero.<\/p>\n<p><strong>La Ley de Transparencia Corporativa: Extranjero<\/strong>Las LLC de propiedad privada tambi\u00e9n deben ser conscientes de la <a href=\"https:\/\/oandgaccounting.com\/staging\/beginning-2024-domestic-and-certain-foreign-entities-are-required-to-disclose-ownership-information\/\" rel=\"noopener\" target=\"_blank\">Ley de Transparencia Corporativa (CTA)<\/a>, que establece requisitos uniformes de informaci\u00f3n sobre propiedad beneficiosa para ciertas corporaciones, compa\u00f1\u00edas de responsabilidad limitada y otras entidades similares creadas o registradas para hacer negocios en los EE. UU. La CTA es parte de la <a href=\"https:\/\/www.fincen.gov\/anti-money-laundering-act-2020\" rel=\"noopener\" target=\"_blank\">Ley contra el lavado de dinero de 2020<\/a> y tiene como objetivo evitar que criminales, terroristas e individuos corruptos oculten dinero o propiedades il\u00edcitas en los EE. UU.<\/p>\n<p>Para las empresas que presentan informes creadas o registradas antes del 1 de enero de 2024, el informe inicial de informaci\u00f3n sobre propiedad beneficiosa debe presentarse antes del 1 de enero de 2025. Si su empresa se crea o registra a partir del 1 de enero de 2024, tiene 90 d\u00edas para presentar el informe inicial a partir del 1 de enero de 2024.<a href=\"https:\/\/www.fincen.gov\/news\/news-releases\/us-beneficial-ownership-information-registry-now-accepting-reports\" rel=\"noopener\" target=\"_blank\">M\u00e1s informaci\u00f3n<\/a> y <a href=\"https:\/\/oandgaccounting.com\/staging\/corporate-transparency-act-cta-filing-service\/\" rel=\"noopener\" target=\"_blank\">busca orientaci\u00f3n aqu\u00ed<\/a>.<\/p>\n<\/p>\n<h5>Procedimiento y Documentaci\u00f3n<\/h5>\n<p>Entendemos que este proceso puede ser complicado, por eso ofrecemos un <a href=\"https:\/\/oandgaccounting.com\/staging\/single-member\/\" rel=\"noopener\" target=\"_blank\">Servicio de tarifa fija para preparar los formularios 1120 y 5472<\/a>. Nuestro procedimiento implica completar un organizador para recopilar toda la informaci\u00f3n necesaria. Para orientaci\u00f3n, hay disponible un video tutorial, y para cualquier aclaraci\u00f3n, le invitamos a programar una cita. <a href=\"https:\/\/oandgaccounting.com\/staging\/appointment-booking-form\/\" rel=\"noopener\" target=\"_blank\">consulta <\/a>con nosotros a trav\u00e9s de este enlace.<\/p>\n<h5>Nuestros servicios en O&amp;G Impuestos y Contabilidad<\/h5>\n<p>Nos especializamos en brindar servicios a sociedades de responsabilidad limitada (LLC) unipersonales de propiedad extranjera y ofrecemos servicios como:<\/p>\n<ul>\n<li>Preparaci\u00f3n de los formularios 1120, 5472, BOI y FBAR<\/li>\n<li><a href=\"https:\/\/oandgaccounting.com\/staging\/service-packages\/#monthly-bookkeeping-package\" rel=\"noopener\" target=\"_blank\">Contabilidad y contabilidad mensual<\/a>.<\/li>\n<li>Recomendaciones de software de contabilidad personalizado.<\/li>\n<li><a href=\"https:\/\/oandgaccounting.com\/staging\/appointment-booking-form\/\" rel=\"noopener\" target=\"_blank\">Servicios de contabilidad general y consultas personalizadas<\/a>.<\/li>\n<\/ul>\n<p>Contamos con amplia experiencia trabajando con LLC unipersonales de propiedad extranjera en EE. UU. y podemos ayudarle a comprender las complejidades de la legislaci\u00f3n fiscal estadounidense. Tambi\u00e9n podemos ayudarle a ahorrar tiempo y dinero brind\u00e1ndole soluciones eficientes y asequibles para sus necesidades fiscales.<\/p>\n<p>Cobramos una tarifa fija por la preparaci\u00f3n del Formulario 1120 y el Formulario 5472 para cada entidad. Puede consultar nuestra <a href=\"https:\/\/oandgaccounting.com\/staging\/single-member\/\" rel=\"noopener\" target=\"_blank\">p\u00e1gina de precios aqu\u00ed<\/a>.<\/p>\n<p>Para iniciar nuestros servicios, por favor siga estos pasos al establecer contacto con nuestro equipo:<\/p>\n<p>&nbsp;<strong>1. Completa el Organizador:<\/strong> Le proporcionaremos un documento organizador. Est\u00e1 dise\u00f1ado para recopilar informaci\u00f3n esencial sobre su negocio. Por favor, compl\u00e9telo meticulosamente.<\/p>\n<p>&nbsp;<strong>2. Re\u00fana la documentaci\u00f3n necesaria:<\/strong> Junto con el organizador completo, recopile y env\u00edenos los siguientes documentos cruciales:<\/p>\n<ul>\n<li><strong>Documentos de formaci\u00f3n de LLC:<\/strong> Estos son los documentos oficiales que marcan el establecimiento de su LLC.<\/li>\n<li><strong>Carta de confirmaci\u00f3n del EIN del IRS:<\/strong> Este documento sirve como prueba del N\u00famero de Identificaci\u00f3n de Empleador de su LLC.<\/li>\n<li><strong>Copias de todas las declaraciones federales anteriores:<\/strong> Si su LLC ha presentado declaraciones federales en el pasado, necesitamos copias de estas para nuestros registros y revisi\u00f3n.<\/li>\n<\/ul>\n<p>Una vez que recibamos su informaci\u00f3n, le facturaremos y procederemos a preparar su declaraci\u00f3n de impuestos. Le enviaremos un borrador para su revisi\u00f3n y aprobaci\u00f3n. Despu\u00e9s de firmarla, puede enviarla por fax o correo postal al IRS, o podemos ayudarle a enviarla por fax si lo solicita.<\/p>\n<h5>Abordar los impuestos estatales y su cumplimiento<\/h5>\n<p>Tenga en cuenta que esta gu\u00eda no cubre los impuestos estatales. Estados Unidos est\u00e1 compuesto por 50 estados, cada uno con sus propias regulaciones fiscales. Dependiendo de sus actividades comerciales, podr\u00eda tener que cumplir con los impuestos espec\u00edficos de cada estado, incluyendo el impuesto sobre las ventas y el impuesto sobre la renta. Consulte siempre con un asesor fiscal competente para comprender sus obligaciones.<\/p>\n<p>Cumplir con las leyes fiscales estadounidenses es fundamental para el \u00e9xito de su LLC de propiedad extranjera. Esperamos que nuestra gu\u00eda le haya simplificado el proceso y le haya proporcionado un camino claro hacia el cumplimiento. En O&amp;G Tax and Accounting, nos comprometemos a ayudarle a cumplir con estos requisitos y a garantizar el \u00e9xito de su negocio. Si necesita asistencia m\u00e1s detallada o desea saber c\u00f3mo podemos ayudarle, no dude en contactarnos.<\/p>\n<\/p><\/div>","protected":false},"excerpt":{"rendered":"<p>QUESTION: I am a UK citizen living in Vietnam, and I am thinking of forming a limited liability company (LLC) in the U.S. to sell furniture to U.S. customers. I want to know what the tax implications are and filing requirements for my LLC, and whether I would have to pay any U.S. income tax &hellip; <a href=\"https:\/\/oandgaccounting.com\/staging\/es\/resources\/how-to-file-and-comply-with-u-s-tax-laws-for-a-foreign-owned-llc-that-exports-furniture-to-the-u-s\/\" class=\"more-link\">Continue reading<span class=\"screen-reader-text\"> &#8220;How to File and Comply with U.S. Tax Laws for a Foreign-Owned LLC that Exports Furniture to the U.S.&#8221;<\/span><\/a><\/p>","protected":false},"author":1,"featured_media":0,"parent":24,"menu_order":0,"comment_status":"closed","ping_status":"closed","template":"default_withchat.php","meta":{"om_disable_all_campaigns":false,"_monsterinsights_skip_tracking":false,"_monsterinsights_sitenote_active":false,"_monsterinsights_sitenote_note":"","_monsterinsights_sitenote_category":0,"footnotes":""},"acf":[],"yoast_head":"<!-- This site is optimized with the Yoast SEO plugin v22.6 - https:\/\/yoast.com\/wordpress\/plugins\/seo\/ -->\n<title>How to File and Comply with U.S. Tax Laws for a Foreign-Owned LLC that Exports Furniture to the U.S. - O&amp;G Tax and Accounting<\/title>\n<meta name=\"robots\" content=\"index, follow, max-snippet:-1, max-image-preview:large, max-video-preview:-1\" \/>\n<link rel=\"canonical\" href=\"https:\/\/oandgaccounting.com\/staging\/es\/resources\/how-to-file-and-comply-with-u-s-tax-laws-for-a-foreign-owned-llc-that-exports-furniture-to-the-u-s\/\" \/>\n<meta property=\"og:locale\" content=\"es_ES\" \/>\n<meta property=\"og:type\" content=\"article\" \/>\n<meta property=\"og:title\" content=\"How to File and Comply with U.S. Tax Laws for a Foreign-Owned LLC that Exports Furniture to the U.S. - O&amp;G Tax and Accounting\" \/>\n<meta property=\"og:description\" content=\"QUESTION: I am a UK citizen living in Vietnam, and I am thinking of forming a limited liability company (LLC) in the U.S. to sell furniture to U.S. customers. I want to know what the tax implications are and filing requirements for my LLC, and whether I would have to pay any U.S. income tax &hellip; Continue reading &quot;How to File and Comply with U.S. Tax Laws for a Foreign-Owned LLC that Exports Furniture to the U.S.&quot;\" \/>\n<meta property=\"og:url\" content=\"https:\/\/oandgaccounting.com\/staging\/es\/resources\/how-to-file-and-comply-with-u-s-tax-laws-for-a-foreign-owned-llc-that-exports-furniture-to-the-u-s\/\" \/>\n<meta property=\"og:site_name\" content=\"O&amp;G Tax and Accounting\" \/>\n<meta property=\"article:modified_time\" content=\"2025-03-07T11:19:01+00:00\" \/>\n<meta property=\"og:image\" content=\"https:\/\/oandgaccounting.com\/staging\/wp-content\/uploads\/2024\/01\/WhatsApp-Image-2024-01-02-at-15.32.37.jpeg\" \/>\n\t<meta property=\"og:image:width\" content=\"975\" \/>\n\t<meta property=\"og:image:height\" content=\"975\" \/>\n\t<meta property=\"og:image:type\" content=\"image\/jpeg\" \/>\n<meta name=\"twitter:card\" content=\"summary_large_image\" \/>\n<meta name=\"twitter:label1\" content=\"Tiempo de lectura\" \/>\n\t<meta name=\"twitter:data1\" content=\"5 minutos\" \/>\n<script type=\"application\/ld+json\" class=\"yoast-schema-graph\">{\"@context\":\"https:\/\/schema.org\",\"@graph\":[{\"@type\":\"WebPage\",\"@id\":\"https:\/\/oandgaccounting.com\/staging\/resources\/how-to-file-and-comply-with-u-s-tax-laws-for-a-foreign-owned-llc-that-exports-furniture-to-the-u-s\/\",\"url\":\"https:\/\/oandgaccounting.com\/staging\/resources\/how-to-file-and-comply-with-u-s-tax-laws-for-a-foreign-owned-llc-that-exports-furniture-to-the-u-s\/\",\"name\":\"How to File and Comply with U.S. Tax Laws for a Foreign-Owned LLC that Exports Furniture to the U.S. - O&amp;G Tax and Accounting\",\"isPartOf\":{\"@id\":\"https:\/\/oandgaccounting.com\/staging\/#website\"},\"datePublished\":\"2024-01-02T13:04:11+00:00\",\"dateModified\":\"2025-03-07T11:19:01+00:00\",\"breadcrumb\":{\"@id\":\"https:\/\/oandgaccounting.com\/staging\/resources\/how-to-file-and-comply-with-u-s-tax-laws-for-a-foreign-owned-llc-that-exports-furniture-to-the-u-s\/#breadcrumb\"},\"inLanguage\":\"es\",\"potentialAction\":[{\"@type\":\"ReadAction\",\"target\":[\"https:\/\/oandgaccounting.com\/staging\/resources\/how-to-file-and-comply-with-u-s-tax-laws-for-a-foreign-owned-llc-that-exports-furniture-to-the-u-s\/\"]}]},{\"@type\":\"BreadcrumbList\",\"@id\":\"https:\/\/oandgaccounting.com\/staging\/resources\/how-to-file-and-comply-with-u-s-tax-laws-for-a-foreign-owned-llc-that-exports-furniture-to-the-u-s\/#breadcrumb\",\"itemListElement\":[{\"@type\":\"ListItem\",\"position\":1,\"name\":\"Resources\",\"item\":\"https:\/\/oandgaccounting.com\/staging\/resources\/\"},{\"@type\":\"ListItem\",\"position\":2,\"name\":\"How to File and Comply with U.S. Tax Laws for a Foreign-Owned LLC that Exports Furniture to the U.S.\"}]},{\"@type\":\"WebSite\",\"@id\":\"https:\/\/oandgaccounting.com\/staging\/#website\",\"url\":\"https:\/\/oandgaccounting.com\/staging\/\",\"name\":\"O&amp;G Tax and Accounting\",\"description\":\"\",\"publisher\":{\"@id\":\"https:\/\/oandgaccounting.com\/staging\/#organization\"},\"potentialAction\":[{\"@type\":\"SearchAction\",\"target\":{\"@type\":\"EntryPoint\",\"urlTemplate\":\"https:\/\/oandgaccounting.com\/staging\/?s={search_term_string}\"},\"query-input\":\"required name=search_term_string\"}],\"inLanguage\":\"es\"},{\"@type\":\"Organization\",\"@id\":\"https:\/\/oandgaccounting.com\/staging\/#organization\",\"name\":\"O&amp;G Tax and Accounting\",\"url\":\"https:\/\/oandgaccounting.com\/staging\/\",\"logo\":{\"@type\":\"ImageObject\",\"inLanguage\":\"es\",\"@id\":\"https:\/\/oandgaccounting.com\/staging\/#\/schema\/logo\/image\/\",\"url\":\"https:\/\/oandgaccounting.com\/staging\/wp-content\/uploads\/2019\/07\/logo.png\",\"contentUrl\":\"https:\/\/oandgaccounting.com\/staging\/wp-content\/uploads\/2019\/07\/logo.png\",\"width\":123,\"height\":74,\"caption\":\"O&amp;G Tax and Accounting\"},\"image\":{\"@id\":\"https:\/\/oandgaccounting.com\/staging\/#\/schema\/logo\/image\/\"}}]}<\/script>\n<!-- \/ Yoast SEO plugin. -->","yoast_head_json":{"title":"How to File and Comply with U.S. Tax Laws for a Foreign-Owned LLC that Exports Furniture to the U.S. - O&amp;G Tax and Accounting","robots":{"index":"index","follow":"follow","max-snippet":"max-snippet:-1","max-image-preview":"max-image-preview:large","max-video-preview":"max-video-preview:-1"},"canonical":"https:\/\/oandgaccounting.com\/staging\/es\/resources\/how-to-file-and-comply-with-u-s-tax-laws-for-a-foreign-owned-llc-that-exports-furniture-to-the-u-s\/","og_locale":"es_ES","og_type":"article","og_title":"How to File and Comply with U.S. Tax Laws for a Foreign-Owned LLC that Exports Furniture to the U.S. - O&amp;G Tax and Accounting","og_description":"QUESTION: I am a UK citizen living in Vietnam, and I am thinking of forming a limited liability company (LLC) in the U.S. to sell furniture to U.S. customers. I want to know what the tax implications are and filing requirements for my LLC, and whether I would have to pay any U.S. income tax &hellip; Continue reading \"How to File and Comply with U.S. Tax Laws for a Foreign-Owned LLC that Exports Furniture to the U.S.\"","og_url":"https:\/\/oandgaccounting.com\/staging\/es\/resources\/how-to-file-and-comply-with-u-s-tax-laws-for-a-foreign-owned-llc-that-exports-furniture-to-the-u-s\/","og_site_name":"O&amp;G Tax and Accounting","article_modified_time":"2025-03-07T11:19:01+00:00","og_image":[{"width":975,"height":975,"url":"https:\/\/oandgaccounting.com\/staging\/wp-content\/uploads\/2024\/01\/WhatsApp-Image-2024-01-02-at-15.32.37.jpeg","type":"image\/jpeg"}],"twitter_card":"summary_large_image","twitter_misc":{"Tiempo de lectura":"5 minutos"},"schema":{"@context":"https:\/\/schema.org","@graph":[{"@type":"WebPage","@id":"https:\/\/oandgaccounting.com\/staging\/resources\/how-to-file-and-comply-with-u-s-tax-laws-for-a-foreign-owned-llc-that-exports-furniture-to-the-u-s\/","url":"https:\/\/oandgaccounting.com\/staging\/resources\/how-to-file-and-comply-with-u-s-tax-laws-for-a-foreign-owned-llc-that-exports-furniture-to-the-u-s\/","name":"How to File and Comply with U.S. Tax Laws for a Foreign-Owned LLC that Exports Furniture to the U.S. - O&amp;G Tax and Accounting","isPartOf":{"@id":"https:\/\/oandgaccounting.com\/staging\/#website"},"datePublished":"2024-01-02T13:04:11+00:00","dateModified":"2025-03-07T11:19:01+00:00","breadcrumb":{"@id":"https:\/\/oandgaccounting.com\/staging\/resources\/how-to-file-and-comply-with-u-s-tax-laws-for-a-foreign-owned-llc-that-exports-furniture-to-the-u-s\/#breadcrumb"},"inLanguage":"es","potentialAction":[{"@type":"ReadAction","target":["https:\/\/oandgaccounting.com\/staging\/resources\/how-to-file-and-comply-with-u-s-tax-laws-for-a-foreign-owned-llc-that-exports-furniture-to-the-u-s\/"]}]},{"@type":"BreadcrumbList","@id":"https:\/\/oandgaccounting.com\/staging\/resources\/how-to-file-and-comply-with-u-s-tax-laws-for-a-foreign-owned-llc-that-exports-furniture-to-the-u-s\/#breadcrumb","itemListElement":[{"@type":"ListItem","position":1,"name":"Resources","item":"https:\/\/oandgaccounting.com\/staging\/resources\/"},{"@type":"ListItem","position":2,"name":"How to File and Comply with U.S. Tax Laws for a Foreign-Owned LLC that Exports Furniture to the U.S."}]},{"@type":"WebSite","@id":"https:\/\/oandgaccounting.com\/staging\/#website","url":"https:\/\/oandgaccounting.com\/staging\/","name":"O&amp;G Tax and Accounting","description":"","publisher":{"@id":"https:\/\/oandgaccounting.com\/staging\/#organization"},"potentialAction":[{"@type":"SearchAction","target":{"@type":"EntryPoint","urlTemplate":"https:\/\/oandgaccounting.com\/staging\/?s={search_term_string}"},"query-input":"required name=search_term_string"}],"inLanguage":"es"},{"@type":"Organization","@id":"https:\/\/oandgaccounting.com\/staging\/#organization","name":"O&amp;G Tax and Accounting","url":"https:\/\/oandgaccounting.com\/staging\/","logo":{"@type":"ImageObject","inLanguage":"es","@id":"https:\/\/oandgaccounting.com\/staging\/#\/schema\/logo\/image\/","url":"https:\/\/oandgaccounting.com\/staging\/wp-content\/uploads\/2019\/07\/logo.png","contentUrl":"https:\/\/oandgaccounting.com\/staging\/wp-content\/uploads\/2019\/07\/logo.png","width":123,"height":74,"caption":"O&amp;G Tax and Accounting"},"image":{"@id":"https:\/\/oandgaccounting.com\/staging\/#\/schema\/logo\/image\/"}}]}},"_links":{"self":[{"href":"https:\/\/oandgaccounting.com\/staging\/es\/wp-json\/wp\/v2\/pages\/5045"}],"collection":[{"href":"https:\/\/oandgaccounting.com\/staging\/es\/wp-json\/wp\/v2\/pages"}],"about":[{"href":"https:\/\/oandgaccounting.com\/staging\/es\/wp-json\/wp\/v2\/types\/page"}],"author":[{"embeddable":true,"href":"https:\/\/oandgaccounting.com\/staging\/es\/wp-json\/wp\/v2\/users\/1"}],"replies":[{"embeddable":true,"href":"https:\/\/oandgaccounting.com\/staging\/es\/wp-json\/wp\/v2\/comments?post=5045"}],"version-history":[{"count":6,"href":"https:\/\/oandgaccounting.com\/staging\/es\/wp-json\/wp\/v2\/pages\/5045\/revisions"}],"predecessor-version":[{"id":6277,"href":"https:\/\/oandgaccounting.com\/staging\/es\/wp-json\/wp\/v2\/pages\/5045\/revisions\/6277"}],"up":[{"embeddable":true,"href":"https:\/\/oandgaccounting.com\/staging\/es\/wp-json\/wp\/v2\/pages\/24"}],"wp:attachment":[{"href":"https:\/\/oandgaccounting.com\/staging\/es\/wp-json\/wp\/v2\/media?parent=5045"}],"curies":[{"name":"wp","href":"https:\/\/api.w.org\/{rel}","templated":true}]}}