{"id":5050,"date":"2024-01-02T13:03:36","date_gmt":"2024-01-02T13:03:36","guid":{"rendered":"https:\/\/oandgaccounting.com\/staging\/?page_id=5050"},"modified":"2025-03-07T11:20:07","modified_gmt":"2025-03-07T11:20:07","slug":"own-a-us-llc-as-an-offshore-company-tax-legal-guide-for-foreign-business-owners","status":"publish","type":"page","link":"https:\/\/oandgaccounting.com\/staging\/es\/resources\/own-a-us-llc-as-an-offshore-company-tax-legal-guide-for-foreign-business-owners\/","title":{"rendered":"\u00bfTiene una LLC estadounidense como empresa offshore? Gu\u00eda fiscal y legal para empresarios extranjeros."},"content":{"rendered":"<div class=\"onefivequestion\">\n<div class=\"container py-4 text-left\">\n<h5>PREGUNTA: \u00bfCu\u00e1les son las implicaciones fiscales y legales de formar una LLC estadounidense propiedad de una empresa offshore?<\/h5>\n<p><strong>RESPUESTA DEL EXPERTO:<\/strong> Dirigir una empresa en los EE. UU. puede ser incre\u00edblemente gratificante y formar una <a href=\"https:\/\/www.irs.gov\/businesses\/small-businesses-self-employed\/limited-liability-company-llc\" rel=\"noopener\" target=\"_blank\">Sociedad de responsabilidad limitada (LLC) <\/a>Es una opci\u00f3n popular por su flexibilidad y facilidad de configuraci\u00f3n. Pero \u00bfqu\u00e9 sucede si usted, como empresario extranjero, desea establecer una LLC en EE. UU.? Esto puede implicar consideraciones fiscales \u00fanicas que debe comprender para evitar sanciones y garantizar el cumplimiento normativo.<\/p>\n<h5>Tributaci\u00f3n de las sociedades de responsabilidad limitada estadounidenses propiedad de empresas offshore:<\/h5>\n<p>La buena noticia es que puede tener una LLC estadounidense como sociedad offshore. Sin embargo, el IRS clasifica su LLC como una Entidad Desconsiderada de Propiedad Extranjera (FDE, por sus siglas en ingl\u00e9s) si es propiedad de una persona o de una sola corporaci\u00f3n extranjera. Esto significa que la LLC en s\u00ed no paga impuestos, pero los ingresos y gastos se transfieren a su declaraci\u00f3n de impuestos personal. En esencia, el IRS trata la LLC como una extensi\u00f3n de usted a efectos fiscales.<\/p>\n<h5>Clasificaci\u00f3n fiscal de su LLC<\/h5>\n<p>Una LLC es un tipo de entidad comercial que proporciona <a href=\"https:\/\/www.law.cornell.edu\/wex\/limited_liability\" rel=\"noopener\" target=\"_blank\">protecci\u00f3n de responsabilidad limitada<\/a> A sus propietarios, llamados socios. Una LLC puede tener uno o m\u00e1s socios y ser propiedad de particulares, corporaciones u otras entidades.<\/p>\n<p>Para efectos fiscales en los EE. UU., una LLC puede clasificarse como una <a href=\"https:\/\/www.irs.gov\/businesses\/small-businesses-self-employed\/single-member-limited-liability-companies\" rel=\"noopener\" target=\"_blank\">entidad ignorada<\/a>, a <a href=\"https:\/\/www.irs.gov\/businesses\/partnerships#:~:text=A%20partnership%20is%20the%20relationship,and%20losses%20of%20the%20business.\" rel=\"noopener\" target=\"_blank\">asociaci\u00f3n<\/a>, o una <a href=\"https:\/\/www.irs.gov\/charities-non-profits\/definition-of-a-corporation\" rel=\"noopener\" target=\"_blank\">corporaci\u00f3n<\/a>, dependiendo del n\u00famero y tipo de sus socios. La clasificaci\u00f3n fiscal predeterminada de una LLC es la siguiente:<\/p>\n<ul>\n<li>Una LLC de un solo miembro se considera una entidad ignorada, a menos que <a href=\"https:\/\/www.irs.gov\/businesses\/small-businesses-self-employed\/llc-filing-as-a-corporation-or-partnership\" rel=\"noopener\" target=\"_blank\">elige pagar impuestos como corporaci\u00f3n<\/a>. Una entidad excluida no es una entidad fiscal independiente de su propietario. Esto significa que los ingresos y gastos de la LLC se declaran en la declaraci\u00f3n de impuestos personal del propietario, como si la LLC no existiera.<\/li>\n<li>Una LLC de varios miembros se considera una sociedad a menos que opte por tributar como una corporaci\u00f3n.<br \/>\nUna sociedad colectiva es una entidad fiscal independiente de sus socios, pero no paga impuestos sobre la renta. En su lugar, presenta una declaraci\u00f3n informativa y transfiere sus ingresos y p\u00e9rdidas a sus socios, quienes los declaran en sus declaraciones de impuestos personales.\n<\/li>\n<\/ul>\n<p>Una corporaci\u00f3n es una entidad fiscal independiente de sus propietarios y paga impuestos sobre la renta sobre sus ganancias. Los propietarios de una corporaci\u00f3n declaran su participaci\u00f3n en los dividendos o distribuciones de la corporaci\u00f3n en sus declaraciones de impuestos personales.<\/p>\n<p>Si usted es un residente no estadounidense que posee una LLC de un solo miembro en los EE. UU., se le clasifica como <a href=\"https:\/\/oandgaccounting.com\/staging\/foreign-owned-us-llc\/what-forms-do-foreign-owned-single-member-llcs-have-to-file\/\" rel=\"noopener\" target=\"_blank\">entidad ignorada de propiedad extranjera (FDE)<\/a> Para efectos fiscales en EE. UU. Esto significa que, si bien su LLC es legalmente independiente de usted, no se considera una entidad independiente a efectos de la declaraci\u00f3n de impuestos. Los ingresos y gastos de su LLC se trasladan a su declaraci\u00f3n de impuestos personal, y usted est\u00e1 sujeto al impuesto estadounidense sobre los ingresos efectivamente vinculados (ECI) provenientes de sus actividades comerciales en EE. UU.<\/p>\n<h5>Requisitos de presentaci\u00f3n para FDE:<\/h5>\n<p>Ser propietario de una FDE conlleva requisitos de presentaci\u00f3n espec\u00edficos:<\/p>\n<ul>\n<li><strong>Formulario Proforma 1120:<\/strong> Este formulario, si bien no requiere el pago de impuestos, identifica a su LLC como una FDE y cumple con los requisitos de presentaci\u00f3n de informaci\u00f3n.<\/li>\n<li><strong>Formulario 5472:<\/strong> Este formulario informa las transacciones entre sus <a href=\"https:\/\/oandgaccounting.com\/staging\/resources\/ensure-your-wyoming-llcs-stay-compliant-with-us-tax-laws-discover-the-essential-steps-for-filing-forms-5472-and-1120-even-with-no-income\/\" rel=\"noopener\" target=\"_blank\">FDE y usted (el propietario extranjero) y cualquier parte extranjera relacionada<\/a>.<\/li>\n<li><strong>La Ley de Transparencia Corporativa: Extranjero<\/strong>Las LLC de propiedad privada tambi\u00e9n deben ser conscientes de la <a href=\"https:\/\/oandgaccounting.com\/staging\/beginning-2024-domestic-and-certain-foreign-entities-are-required-to-disclose-ownership-information\/\" rel=\"noopener\" target=\"_blank\">Ley de Transparencia Corporativa (CTA)<\/a>, que establece requisitos uniformes de informaci\u00f3n sobre propiedad beneficiosa para ciertas corporaciones, compa\u00f1\u00edas de responsabilidad limitada y otras entidades similares creadas o registradas para hacer negocios en los EE. UU. La CTA es parte de la <a href=\"https:\/\/www.fincen.gov\/anti-money-laundering-act-2020\" rel=\"noopener\" target=\"_blank\">Ley contra el lavado de dinero de 2020<\/a> y tiene como objetivo evitar que criminales, terroristas e individuos corruptos oculten dinero o propiedades il\u00edcitas en los EE. UU.<\/li>\n<\/ul>\n<p>Para las empresas que presentan informes creadas o registradas antes del 1 de enero de 2024, el informe inicial de informaci\u00f3n sobre propiedad beneficiosa debe presentarse antes del 1 de enero de 2025. Si su empresa se crea o registra a partir del 1 de enero de 2024, tiene 90 d\u00edas para presentar el informe inicial a partir del 1 de enero de 2024.<a href=\"https:\/\/www.fincen.gov\/news\/news-releases\/us-beneficial-ownership-information-registry-now-accepting-reports\" rel=\"noopener\" target=\"_blank\">M\u00e1s informaci\u00f3n<\/a> y <a href=\"https:\/\/oandgaccounting.com\/staging\/corporate-transparency-act-cta-filing-service\/\" rel=\"noopener\" target=\"_blank\">busca orientaci\u00f3n aqu\u00ed<\/a>.<\/p>\n<\/p>\n<p>Si no presenta alguno de estos formularios a tiempo, o lo hace de forma incorrecta o incompleta, podr\u00eda enfrentar sanciones considerables. Por lo tanto, es importante cumplir con estos requisitos de presentaci\u00f3n y mantener registros precisos y completos de los ingresos, gastos y transacciones de su LLC.<\/p>\n<h5>Entendiendo sus obligaciones tributarias:<\/h5>\n<p>Como propietario de una FDE, est\u00e1 sujeto a impuestos estadounidenses sobre cualquier <a href=\"https:\/\/www.irs.gov\/individuals\/international-taxpayers\/effectively-connected-income-eci#:~:text=Generally%2C%20when%20a%20foreign%20person,Effectively%20Connected%20Income%20(ECI).\" rel=\"noopener\" target=\"_blank\">Ingresos efectivamente conectados (ECI)<\/a> generado por las actividades comerciales de su LLC en EE. UU.<\/p>\n<h5>Busque ayuda profesional:<\/h5>\n<p>Comprender las leyes fiscales estadounidenses como propietario de una empresa extranjera puede ser complejo. Asociarse con un contador p\u00fablico certificado (CPA) especializado en empresas extranjeras de desarrollo (FDE) es crucial para garantizar el cumplimiento y evitar errores costosos. Un CPA puede:<\/p>\n<ul>\n<li>Lo guiar\u00e9 a trav\u00e9s de los requisitos espec\u00edficos de impuestos y presentaci\u00f3n para su FDE<\/li>\n<li>Preparar y presentar los formularios necesarios de forma precisa y a tiempo.<\/li>\n<li>Asesorarle sobre estrategias fiscales eficientes para minimizar su obligaci\u00f3n tributaria<\/li>\n<li>Ayudarle a mantener registros contables e informes financieros adecuados<\/li>\n<li>Ayudar con cualquier auditor\u00eda fiscal o consulta del IRS.<\/li>\n<\/ul>\n<h5>Impuestos y contabilidad de petr\u00f3leo y gas: su socio de confianza:<\/h5>\n<p>O&amp;G Tax and Accounting cuenta con una amplia experiencia trabajando con sociedades de responsabilidad limitada (LLC) unipersonales de propiedad extranjera en EE. UU. Ofrecemos una gama integral de servicios para ayudarle a comprender las complejidades de la legislaci\u00f3n fiscal estadounidense, incluyendo:<\/p>\n<ul>\n<li>Preparaci\u00f3n de formularios proforma 1120, Formulario 5472, BOI, FBAR, etc.<\/li>\n<li>Mensual <a href=\"https:\/\/oandgaccounting.com\/staging\/service-packages\/#monthly-bookkeeping-package\" rel=\"noopener\" target=\"_blank\">contabilidad y tenedur\u00eda de libros<\/a><\/li>\n<li>Recomendaciones de software de contabilidad<\/li>\n<li>Servicios de contabilidad general<\/li>\n<li><a href=\"https:\/\/oandgaccounting.com\/staging\/appointment-booking-form\/\" rel=\"noopener\" target=\"_blank\">Consultas y asesoramiento personalizado<\/a><\/li>\n<\/ul>\n<p>Hacer clic <a href=\"https:\/\/oandgaccounting.com\/staging\/service-packages\/#tax-preparation-pricing-package\" rel=\"noopener\" target=\"_blank\">aqu\u00ed <\/a>Para conocer m\u00e1s sobre nuestros servicios y programar una cita <a href=\"https:\/\/oandgaccounting.com\/staging\/appointment-booking-form\/\" rel=\"noopener\" target=\"_blank\">consulta<\/a> con uno de nuestros expertos en FDE.<\/p>\n<p>Ser propietario de una LLC estadounidense como empresa offshore ofrece oportunidades interesantes, pero comprender sus obligaciones fiscales es crucial. Al trabajar con un contador p\u00fablico certificado (CPA) como O&amp;G Tax and Accounting, puede garantizar el cumplimiento, minimizar su carga fiscal y concentrarse en el crecimiento de su negocio.<\/p>\n<\/p><\/div>","protected":false},"excerpt":{"rendered":"<p>QUESTION: What are the tax and legal implications of forming a US LLC owned by an offshore company? EXPERT\u2019S RESPONSE: Running a business in the US can be incredibly rewarding, and forming a Limited Liability Company (LLC) is a popular choice for its flexibility and ease of setup. But what happens when you, a foreign &hellip; <a href=\"https:\/\/oandgaccounting.com\/staging\/es\/resources\/own-a-us-llc-as-an-offshore-company-tax-legal-guide-for-foreign-business-owners\/\" class=\"more-link\">Continue reading<span class=\"screen-reader-text\"> &#8220;Own a US LLC as an Offshore Company? Tax &#038; Legal Guide for Foreign Business Owners&#8221;<\/span><\/a><\/p>","protected":false},"author":1,"featured_media":0,"parent":24,"menu_order":0,"comment_status":"closed","ping_status":"closed","template":"default_withchat.php","meta":{"om_disable_all_campaigns":false,"_monsterinsights_skip_tracking":false,"_monsterinsights_sitenote_active":false,"_monsterinsights_sitenote_note":"","_monsterinsights_sitenote_category":0,"footnotes":""},"acf":[],"yoast_head":"<!-- This site is optimized with the Yoast SEO plugin v22.6 - https:\/\/yoast.com\/wordpress\/plugins\/seo\/ -->\n<title>Own a US LLC as an Offshore Company? Tax &amp; Legal Guide for Foreign Business Owners - O&amp;G Tax and Accounting<\/title>\n<meta name=\"robots\" content=\"index, follow, max-snippet:-1, max-image-preview:large, max-video-preview:-1\" \/>\n<link rel=\"canonical\" href=\"https:\/\/oandgaccounting.com\/staging\/es\/resources\/own-a-us-llc-as-an-offshore-company-tax-legal-guide-for-foreign-business-owners\/\" \/>\n<meta property=\"og:locale\" content=\"es_ES\" \/>\n<meta property=\"og:type\" content=\"article\" \/>\n<meta property=\"og:title\" content=\"Own a US LLC as an Offshore Company? Tax &amp; Legal Guide for Foreign Business Owners - O&amp;G Tax and Accounting\" \/>\n<meta property=\"og:description\" content=\"QUESTION: What are the tax and legal implications of forming a US LLC owned by an offshore company? EXPERT\u2019S RESPONSE: Running a business in the US can be incredibly rewarding, and forming a Limited Liability Company (LLC) is a popular choice for its flexibility and ease of setup. But what happens when you, a foreign &hellip; Continue reading &quot;Own a US LLC as an Offshore Company? Tax &#038; Legal Guide for Foreign Business Owners&quot;\" \/>\n<meta property=\"og:url\" content=\"https:\/\/oandgaccounting.com\/staging\/es\/resources\/own-a-us-llc-as-an-offshore-company-tax-legal-guide-for-foreign-business-owners\/\" \/>\n<meta property=\"og:site_name\" content=\"O&amp;G Tax and Accounting\" \/>\n<meta property=\"article:modified_time\" content=\"2025-03-07T11:20:07+00:00\" \/>\n<meta property=\"og:image\" content=\"https:\/\/oandgaccounting.com\/staging\/wp-content\/uploads\/2024\/01\/WhatsApp-Image-2024-01-02-at-15.33.02.jpeg\" \/>\n\t<meta property=\"og:image:width\" content=\"975\" \/>\n\t<meta property=\"og:image:height\" content=\"975\" \/>\n\t<meta property=\"og:image:type\" content=\"image\/jpeg\" \/>\n<meta name=\"twitter:card\" content=\"summary_large_image\" \/>\n<meta name=\"twitter:label1\" content=\"Tiempo de lectura\" \/>\n\t<meta name=\"twitter:data1\" content=\"5 minutos\" \/>\n<script type=\"application\/ld+json\" class=\"yoast-schema-graph\">{\"@context\":\"https:\/\/schema.org\",\"@graph\":[{\"@type\":\"WebPage\",\"@id\":\"https:\/\/oandgaccounting.com\/staging\/resources\/own-a-us-llc-as-an-offshore-company-tax-legal-guide-for-foreign-business-owners\/\",\"url\":\"https:\/\/oandgaccounting.com\/staging\/resources\/own-a-us-llc-as-an-offshore-company-tax-legal-guide-for-foreign-business-owners\/\",\"name\":\"Own a US LLC as an Offshore Company? Tax & Legal Guide for Foreign Business Owners - O&amp;G Tax and Accounting\",\"isPartOf\":{\"@id\":\"https:\/\/oandgaccounting.com\/staging\/#website\"},\"datePublished\":\"2024-01-02T13:03:36+00:00\",\"dateModified\":\"2025-03-07T11:20:07+00:00\",\"breadcrumb\":{\"@id\":\"https:\/\/oandgaccounting.com\/staging\/resources\/own-a-us-llc-as-an-offshore-company-tax-legal-guide-for-foreign-business-owners\/#breadcrumb\"},\"inLanguage\":\"es\",\"potentialAction\":[{\"@type\":\"ReadAction\",\"target\":[\"https:\/\/oandgaccounting.com\/staging\/resources\/own-a-us-llc-as-an-offshore-company-tax-legal-guide-for-foreign-business-owners\/\"]}]},{\"@type\":\"BreadcrumbList\",\"@id\":\"https:\/\/oandgaccounting.com\/staging\/resources\/own-a-us-llc-as-an-offshore-company-tax-legal-guide-for-foreign-business-owners\/#breadcrumb\",\"itemListElement\":[{\"@type\":\"ListItem\",\"position\":1,\"name\":\"Resources\",\"item\":\"https:\/\/oandgaccounting.com\/staging\/resources\/\"},{\"@type\":\"ListItem\",\"position\":2,\"name\":\"Own a US LLC as an Offshore Company? Tax &#038; Legal Guide for Foreign Business Owners\"}]},{\"@type\":\"WebSite\",\"@id\":\"https:\/\/oandgaccounting.com\/staging\/#website\",\"url\":\"https:\/\/oandgaccounting.com\/staging\/\",\"name\":\"O&amp;G Tax and Accounting\",\"description\":\"\",\"publisher\":{\"@id\":\"https:\/\/oandgaccounting.com\/staging\/#organization\"},\"potentialAction\":[{\"@type\":\"SearchAction\",\"target\":{\"@type\":\"EntryPoint\",\"urlTemplate\":\"https:\/\/oandgaccounting.com\/staging\/?s={search_term_string}\"},\"query-input\":\"required name=search_term_string\"}],\"inLanguage\":\"es\"},{\"@type\":\"Organization\",\"@id\":\"https:\/\/oandgaccounting.com\/staging\/#organization\",\"name\":\"O&amp;G Tax and Accounting\",\"url\":\"https:\/\/oandgaccounting.com\/staging\/\",\"logo\":{\"@type\":\"ImageObject\",\"inLanguage\":\"es\",\"@id\":\"https:\/\/oandgaccounting.com\/staging\/#\/schema\/logo\/image\/\",\"url\":\"https:\/\/oandgaccounting.com\/staging\/wp-content\/uploads\/2019\/07\/logo.png\",\"contentUrl\":\"https:\/\/oandgaccounting.com\/staging\/wp-content\/uploads\/2019\/07\/logo.png\",\"width\":123,\"height\":74,\"caption\":\"O&amp;G Tax and Accounting\"},\"image\":{\"@id\":\"https:\/\/oandgaccounting.com\/staging\/#\/schema\/logo\/image\/\"}}]}<\/script>\n<!-- \/ Yoast SEO plugin. -->","yoast_head_json":{"title":"Own a US LLC as an Offshore Company? Tax & Legal Guide for Foreign Business Owners - O&amp;G Tax and Accounting","robots":{"index":"index","follow":"follow","max-snippet":"max-snippet:-1","max-image-preview":"max-image-preview:large","max-video-preview":"max-video-preview:-1"},"canonical":"https:\/\/oandgaccounting.com\/staging\/es\/resources\/own-a-us-llc-as-an-offshore-company-tax-legal-guide-for-foreign-business-owners\/","og_locale":"es_ES","og_type":"article","og_title":"Own a US LLC as an Offshore Company? Tax & Legal Guide for Foreign Business Owners - O&amp;G Tax and Accounting","og_description":"QUESTION: What are the tax and legal implications of forming a US LLC owned by an offshore company? EXPERT\u2019S RESPONSE: Running a business in the US can be incredibly rewarding, and forming a Limited Liability Company (LLC) is a popular choice for its flexibility and ease of setup. But what happens when you, a foreign &hellip; Continue reading \"Own a US LLC as an Offshore Company? Tax &#038; Legal Guide for Foreign Business Owners\"","og_url":"https:\/\/oandgaccounting.com\/staging\/es\/resources\/own-a-us-llc-as-an-offshore-company-tax-legal-guide-for-foreign-business-owners\/","og_site_name":"O&amp;G Tax and Accounting","article_modified_time":"2025-03-07T11:20:07+00:00","og_image":[{"width":975,"height":975,"url":"https:\/\/oandgaccounting.com\/staging\/wp-content\/uploads\/2024\/01\/WhatsApp-Image-2024-01-02-at-15.33.02.jpeg","type":"image\/jpeg"}],"twitter_card":"summary_large_image","twitter_misc":{"Tiempo de lectura":"5 minutos"},"schema":{"@context":"https:\/\/schema.org","@graph":[{"@type":"WebPage","@id":"https:\/\/oandgaccounting.com\/staging\/resources\/own-a-us-llc-as-an-offshore-company-tax-legal-guide-for-foreign-business-owners\/","url":"https:\/\/oandgaccounting.com\/staging\/resources\/own-a-us-llc-as-an-offshore-company-tax-legal-guide-for-foreign-business-owners\/","name":"Own a US LLC as an Offshore Company? Tax & Legal Guide for Foreign Business Owners - O&amp;G Tax and Accounting","isPartOf":{"@id":"https:\/\/oandgaccounting.com\/staging\/#website"},"datePublished":"2024-01-02T13:03:36+00:00","dateModified":"2025-03-07T11:20:07+00:00","breadcrumb":{"@id":"https:\/\/oandgaccounting.com\/staging\/resources\/own-a-us-llc-as-an-offshore-company-tax-legal-guide-for-foreign-business-owners\/#breadcrumb"},"inLanguage":"es","potentialAction":[{"@type":"ReadAction","target":["https:\/\/oandgaccounting.com\/staging\/resources\/own-a-us-llc-as-an-offshore-company-tax-legal-guide-for-foreign-business-owners\/"]}]},{"@type":"BreadcrumbList","@id":"https:\/\/oandgaccounting.com\/staging\/resources\/own-a-us-llc-as-an-offshore-company-tax-legal-guide-for-foreign-business-owners\/#breadcrumb","itemListElement":[{"@type":"ListItem","position":1,"name":"Resources","item":"https:\/\/oandgaccounting.com\/staging\/resources\/"},{"@type":"ListItem","position":2,"name":"Own a US LLC as an Offshore Company? Tax &#038; Legal Guide for Foreign Business Owners"}]},{"@type":"WebSite","@id":"https:\/\/oandgaccounting.com\/staging\/#website","url":"https:\/\/oandgaccounting.com\/staging\/","name":"O&amp;G Tax and Accounting","description":"","publisher":{"@id":"https:\/\/oandgaccounting.com\/staging\/#organization"},"potentialAction":[{"@type":"SearchAction","target":{"@type":"EntryPoint","urlTemplate":"https:\/\/oandgaccounting.com\/staging\/?s={search_term_string}"},"query-input":"required name=search_term_string"}],"inLanguage":"es"},{"@type":"Organization","@id":"https:\/\/oandgaccounting.com\/staging\/#organization","name":"O&amp;G Tax and Accounting","url":"https:\/\/oandgaccounting.com\/staging\/","logo":{"@type":"ImageObject","inLanguage":"es","@id":"https:\/\/oandgaccounting.com\/staging\/#\/schema\/logo\/image\/","url":"https:\/\/oandgaccounting.com\/staging\/wp-content\/uploads\/2019\/07\/logo.png","contentUrl":"https:\/\/oandgaccounting.com\/staging\/wp-content\/uploads\/2019\/07\/logo.png","width":123,"height":74,"caption":"O&amp;G Tax and Accounting"},"image":{"@id":"https:\/\/oandgaccounting.com\/staging\/#\/schema\/logo\/image\/"}}]}},"_links":{"self":[{"href":"https:\/\/oandgaccounting.com\/staging\/es\/wp-json\/wp\/v2\/pages\/5050"}],"collection":[{"href":"https:\/\/oandgaccounting.com\/staging\/es\/wp-json\/wp\/v2\/pages"}],"about":[{"href":"https:\/\/oandgaccounting.com\/staging\/es\/wp-json\/wp\/v2\/types\/page"}],"author":[{"embeddable":true,"href":"https:\/\/oandgaccounting.com\/staging\/es\/wp-json\/wp\/v2\/users\/1"}],"replies":[{"embeddable":true,"href":"https:\/\/oandgaccounting.com\/staging\/es\/wp-json\/wp\/v2\/comments?post=5050"}],"version-history":[{"count":4,"href":"https:\/\/oandgaccounting.com\/staging\/es\/wp-json\/wp\/v2\/pages\/5050\/revisions"}],"predecessor-version":[{"id":6279,"href":"https:\/\/oandgaccounting.com\/staging\/es\/wp-json\/wp\/v2\/pages\/5050\/revisions\/6279"}],"up":[{"embeddable":true,"href":"https:\/\/oandgaccounting.com\/staging\/es\/wp-json\/wp\/v2\/pages\/24"}],"wp:attachment":[{"href":"https:\/\/oandgaccounting.com\/staging\/es\/wp-json\/wp\/v2\/media?parent=5050"}],"curies":[{"name":"wp","href":"https:\/\/api.w.org\/{rel}","templated":true}]}}