{"id":5173,"date":"2024-01-15T07:06:32","date_gmt":"2024-01-15T07:06:32","guid":{"rendered":"https:\/\/oandgaccounting.com\/staging\/?page_id=5173"},"modified":"2025-03-07T11:30:06","modified_gmt":"2025-03-07T11:30:06","slug":"bulgarian-ecommerce-on-amazon-us-should-you-switch-to-a-us-entity-for-tax-optimization","status":"publish","type":"page","link":"https:\/\/oandgaccounting.com\/staging\/es\/resources\/bulgarian-ecommerce-on-amazon-us-should-you-switch-to-a-us-entity-for-tax-optimization\/","title":{"rendered":"Comercio electr\u00f3nico b\u00falgaro en Amazon EE. UU.: \u00bfDeber\u00eda cambiar a una entidad estadounidense para optimizar sus impuestos?"},"content":{"rendered":"<div class=\"onefivequestion\">\n<div class=\"container py-4 text-left\">\n<h5>PREGUNTA: Como propietario de un negocio de comercio electr\u00f3nico registrado en Bulgaria que vende principalmente en Amazon y tiene mi propia tienda web en EE. UU., \u00bfpuedo optimizar mi situaci\u00f3n fiscal cambi\u00e1ndome a una entidad con sede en EE. UU.?<\/h5>\n<p><strong>RESPUESTA DEL EXPERTO:<\/strong> Como empresa de comercio electr\u00f3nico registrada en Bulgaria que vende principalmente en Amazon y su propia tienda web en EE. UU., probablemente ya est\u00e9 familiarizado con la presentaci\u00f3n de la solicitud. <a href=\"http:\/\/irs.gov\/forms-pubs\/about-form-w-8-ben\" rel=\"noopener\" target=\"_blank\">Serie W8BEN<\/a> Durante el proceso de registro en Amazon. Esto puede eximirlo de las retenciones de impuestos federales de EE. UU. en ciertas circunstancias, siempre que sus actividades en Amazon no constituyan una <a href=\"https:\/\/www.irs.gov\/pub\/irs-utl\/USBCUP_14_1_01.pdf\" rel=\"noopener\" target=\"_blank\">Comercio o Negocios de EE. UU. (USTB)<\/a> generando <a href=\"https:\/\/www.irs.gov\/individuals\/international-taxpayers\/effectively-connected-income-eci#:~:text=Generally%2C%20when%20a%20foreign%20person,Effectively%20Connected%20Income%20(ECI).\" rel=\"noopener\" target=\"_blank\">ingresos efectivamente conectados<\/a>. Esto generalmente significa evitar factores como:<\/p>\n<ul>\n<li><strong>Presencia f\u00edsica en EE.UU.:<\/strong> Poseer oficinas, almacenes o emplear personal dentro de los EE.UU.<\/li>\n<li><strong>Agentes dependientes:<\/strong> Confiar en personas o entidades dentro de los EE. UU. para que act\u00faen en su nombre con significativa autonom\u00eda.<\/li>\n<li><strong>Agentes independientes exclusivos:<\/strong> Utilizando agentes dentro de los EE. UU. con la autoridad exclusiva para negociar o concluir contratos para su negocio.<\/li>\n<li><strong>Visitas f\u00edsicas a los EE.UU.:<\/strong> Realizar actividades comerciales (negociar contratos, realizar trabajos) durante visitas f\u00edsicas a los EE. UU.<\/li>\n<\/ul>\n<p><strong>Criterios y factores determinantes de la USTB:<\/strong> La ausencia de factores como una presencia f\u00edsica en los EE. UU., empleados o agentes en el terreno, agentes independientes exclusivos, viajes a los EE. UU. con fines comerciales y oficinas o almacenes para actividades comerciales a menudo significa la no participaci\u00f3n en un USTB y generalmente implica que usted puede no estar sujeto a los impuestos federales de los EE. UU.<\/p>\n<h5>Cambiar a una entidad con sede en EE. UU.<\/h5>\n<p>Si bien cambiarse a una entidad con sede en EE. UU. puede ofrecer posibles beneficios fiscales, no es una soluci\u00f3n universal y requiere una cuidadosa consideraci\u00f3n, ya que las implicaciones fiscales var\u00edan seg\u00fan la entidad. Por ejemplo:<\/p>\n<ol>\n<li><strong>Corporaci\u00f3n estadounidense:<\/strong> Si la tasa impositiva corporativa en los EE. UU. (actualmente 21%) ofrece una opci\u00f3n m\u00e1s favorable que la tasa impositiva de su pa\u00eds de origen, formar una corporaci\u00f3n estadounidense podr\u00eda ser ventajoso.<\/li>\n<li><strong>Opciones de LLC:<\/strong> Para aquellos que no tienen intenci\u00f3n de pagar impuestos federales en los EE. UU., una LLC de uno o varios miembros podr\u00eda ser adecuada, siempre que opere sin desencadenantes de USTB como presencia f\u00edsica, empleados o actividades comerciales en los EE. UU.<\/li>\n<\/ol>\n<h5>Obligaciones fiscales estatales<\/h5>\n<p>Tambi\u00e9n es fundamental considerar los impuestos estatales. Estados Unidos cuenta con 50 estados, cada uno con sus propias obligaciones tributarias, incluyendo el registro, la recaudaci\u00f3n y la remisi\u00f3n del impuesto sobre las ventas, la franquicia estatal y el impuesto sobre la renta, seg\u00fan las actividades comerciales que realice en cada estado.<\/p>\n<h5>Medidas pr\u00e1cticas y consulta<\/h5>\n<ol>\n<li>Evaluaci\u00f3n integral: para tomar una decisi\u00f3n informada, es esencial realizar una evaluaci\u00f3n exhaustiva de sus escenarios fiscales actuales y potenciales bajo diferentes estructuras de entidades estadounidenses.<\/li>\n<li>Asistencia experta: En O&amp;G Accounting, nos especializamos en brindar asesoramiento y soluciones personalizadas para situaciones fiscales internacionales como la suya. Nuestra experiencia en la legislaci\u00f3n fiscal estadounidense nos capacita para guiarle en las complejidades de la transici\u00f3n a una entidad con sede en EE. UU. y optimizar su situaci\u00f3n fiscal. En O&amp;G Accounting, nos especializamos en asuntos fiscales internacionales y contamos con una amplia experiencia asesorando a empresas extranjeras que operan en EE. UU. Ofrecemos servicios integrales, que incluyen:<\/li>\n<\/ol>\n<ul style=\"list-style:none !important; padding-bottom: 0px;margin-bottom:0px;\">\n<ul>\n<li><strong>Planificaci\u00f3n y estructuraci\u00f3n fiscal:<\/strong> Desarrolle estrategias fiscalmente eficientes para sus operaciones comerciales en EE. UU.<\/li>\n<li><strong>Formaci\u00f3n y registro de entidades:<\/strong> Guiarlo a trav\u00e9s del proceso de creaci\u00f3n de una entidad en EE. UU.<\/li>\n<li><strong>Cumplimiento de impuestos estatales y federales:<\/strong> Garantizar la presentaci\u00f3n precisa y oportuna de todas las declaraciones de impuestos requeridas.<\/li>\n<li><strong>Representaci\u00f3n ante las autoridades fiscales:<\/strong> Defender sus intereses en caso de auditor\u00edas o disputas.<\/li>\n<\/ul>\n<\/ul>\n<p><strong>Programe una consulta:<\/strong> Te invitamos a reservar una <a href=\"https:\/\/oandgaccounting.com\/staging\/appointment-booking-form\/\" rel=\"noopener\" target=\"_blank\">consulta<\/a> Con nuestro equipo. Durante esta sesi\u00f3n, analizaremos su situaci\u00f3n espec\u00edfica, analizaremos los posibles beneficios y consideraciones de diversas entidades estadounidenses y desarrollaremos un plan estrat\u00e9gico adaptado a sus necesidades espec\u00edficas.<\/p>\n<\/p><\/div>","protected":false},"excerpt":{"rendered":"<p>QUESTION: As a Bulgaria-registered e-commerce business owner selling primarily on Amazon and my own webshop in the USA, can I optimize my tax situation by switching to a US-based entity? EXPERT\u2019S RESPONSE: As a Bulgaria-registered e-commerce business selling primarily on Amazon and your own webshop in the USA, you&#8217;re likely already familiar with filing the &hellip; <a href=\"https:\/\/oandgaccounting.com\/staging\/es\/resources\/bulgarian-ecommerce-on-amazon-us-should-you-switch-to-a-us-entity-for-tax-optimization\/\" class=\"more-link\">Continue reading<span class=\"screen-reader-text\"> &#8220;Bulgarian E-commerce on Amazon US: Should You Switch to a US Entity for Tax Optimization?&#8221;<\/span><\/a><\/p>","protected":false},"author":1,"featured_media":0,"parent":24,"menu_order":0,"comment_status":"closed","ping_status":"closed","template":"default_withchat.php","meta":{"om_disable_all_campaigns":false,"_monsterinsights_skip_tracking":false,"_monsterinsights_sitenote_active":false,"_monsterinsights_sitenote_note":"","_monsterinsights_sitenote_category":0,"footnotes":""},"acf":[],"yoast_head":"<!-- This site is optimized with the Yoast SEO plugin v22.6 - https:\/\/yoast.com\/wordpress\/plugins\/seo\/ -->\n<title>Bulgarian E-commerce on Amazon US: Should You Switch to a US Entity for Tax Optimization? - O&amp;G Tax and Accounting<\/title>\n<meta name=\"robots\" content=\"index, follow, max-snippet:-1, max-image-preview:large, max-video-preview:-1\" \/>\n<link rel=\"canonical\" href=\"https:\/\/oandgaccounting.com\/staging\/es\/resources\/bulgarian-ecommerce-on-amazon-us-should-you-switch-to-a-us-entity-for-tax-optimization\/\" \/>\n<meta property=\"og:locale\" content=\"es_ES\" \/>\n<meta property=\"og:type\" content=\"article\" \/>\n<meta property=\"og:title\" content=\"Bulgarian E-commerce on Amazon US: Should You Switch to a US Entity for Tax Optimization? - O&amp;G Tax and Accounting\" \/>\n<meta property=\"og:description\" content=\"QUESTION: As a Bulgaria-registered e-commerce business owner selling primarily on Amazon and my own webshop in the USA, can I optimize my tax situation by switching to a US-based entity? EXPERT\u2019S RESPONSE: As a Bulgaria-registered e-commerce business selling primarily on Amazon and your own webshop in the USA, you&#8217;re likely already familiar with filing the &hellip; Continue reading &quot;Bulgarian E-commerce on Amazon US: Should You Switch to a US Entity for Tax Optimization?&quot;\" \/>\n<meta property=\"og:url\" content=\"https:\/\/oandgaccounting.com\/staging\/es\/resources\/bulgarian-ecommerce-on-amazon-us-should-you-switch-to-a-us-entity-for-tax-optimization\/\" \/>\n<meta property=\"og:site_name\" content=\"O&amp;G Tax and Accounting\" \/>\n<meta property=\"article:modified_time\" content=\"2025-03-07T11:30:06+00:00\" \/>\n<meta property=\"og:image\" content=\"https:\/\/oandgaccounting.com\/staging\/wp-content\/uploads\/2024\/01\/WhatsApp-Image-2024-01-15-at-12.11.00.jpeg\" \/>\n\t<meta property=\"og:image:width\" content=\"975\" \/>\n\t<meta property=\"og:image:height\" content=\"975\" \/>\n\t<meta property=\"og:image:type\" content=\"image\/jpeg\" \/>\n<meta name=\"twitter:card\" content=\"summary_large_image\" \/>\n<meta name=\"twitter:label1\" content=\"Tiempo de lectura\" \/>\n\t<meta name=\"twitter:data1\" content=\"3 minutos\" \/>\n<script type=\"application\/ld+json\" class=\"yoast-schema-graph\">{\"@context\":\"https:\/\/schema.org\",\"@graph\":[{\"@type\":\"WebPage\",\"@id\":\"https:\/\/oandgaccounting.com\/staging\/resources\/bulgarian-ecommerce-on-amazon-us-should-you-switch-to-a-us-entity-for-tax-optimization\/\",\"url\":\"https:\/\/oandgaccounting.com\/staging\/resources\/bulgarian-ecommerce-on-amazon-us-should-you-switch-to-a-us-entity-for-tax-optimization\/\",\"name\":\"Bulgarian E-commerce on Amazon US: Should You Switch to a US Entity for Tax Optimization? - O&amp;G Tax and Accounting\",\"isPartOf\":{\"@id\":\"https:\/\/oandgaccounting.com\/staging\/#website\"},\"datePublished\":\"2024-01-15T07:06:32+00:00\",\"dateModified\":\"2025-03-07T11:30:06+00:00\",\"breadcrumb\":{\"@id\":\"https:\/\/oandgaccounting.com\/staging\/resources\/bulgarian-ecommerce-on-amazon-us-should-you-switch-to-a-us-entity-for-tax-optimization\/#breadcrumb\"},\"inLanguage\":\"es\",\"potentialAction\":[{\"@type\":\"ReadAction\",\"target\":[\"https:\/\/oandgaccounting.com\/staging\/resources\/bulgarian-ecommerce-on-amazon-us-should-you-switch-to-a-us-entity-for-tax-optimization\/\"]}]},{\"@type\":\"BreadcrumbList\",\"@id\":\"https:\/\/oandgaccounting.com\/staging\/resources\/bulgarian-ecommerce-on-amazon-us-should-you-switch-to-a-us-entity-for-tax-optimization\/#breadcrumb\",\"itemListElement\":[{\"@type\":\"ListItem\",\"position\":1,\"name\":\"Resources\",\"item\":\"https:\/\/oandgaccounting.com\/staging\/resources\/\"},{\"@type\":\"ListItem\",\"position\":2,\"name\":\"Bulgarian E-commerce on Amazon US: Should You Switch to a US Entity for Tax Optimization?\"}]},{\"@type\":\"WebSite\",\"@id\":\"https:\/\/oandgaccounting.com\/staging\/#website\",\"url\":\"https:\/\/oandgaccounting.com\/staging\/\",\"name\":\"O&amp;G Tax and Accounting\",\"description\":\"\",\"publisher\":{\"@id\":\"https:\/\/oandgaccounting.com\/staging\/#organization\"},\"potentialAction\":[{\"@type\":\"SearchAction\",\"target\":{\"@type\":\"EntryPoint\",\"urlTemplate\":\"https:\/\/oandgaccounting.com\/staging\/?s={search_term_string}\"},\"query-input\":\"required name=search_term_string\"}],\"inLanguage\":\"es\"},{\"@type\":\"Organization\",\"@id\":\"https:\/\/oandgaccounting.com\/staging\/#organization\",\"name\":\"O&amp;G Tax and Accounting\",\"url\":\"https:\/\/oandgaccounting.com\/staging\/\",\"logo\":{\"@type\":\"ImageObject\",\"inLanguage\":\"es\",\"@id\":\"https:\/\/oandgaccounting.com\/staging\/#\/schema\/logo\/image\/\",\"url\":\"https:\/\/oandgaccounting.com\/staging\/wp-content\/uploads\/2019\/07\/logo.png\",\"contentUrl\":\"https:\/\/oandgaccounting.com\/staging\/wp-content\/uploads\/2019\/07\/logo.png\",\"width\":123,\"height\":74,\"caption\":\"O&amp;G Tax and Accounting\"},\"image\":{\"@id\":\"https:\/\/oandgaccounting.com\/staging\/#\/schema\/logo\/image\/\"}}]}<\/script>\n<!-- \/ Yoast SEO plugin. -->","yoast_head_json":{"title":"Bulgarian E-commerce on Amazon US: Should You Switch to a US Entity for Tax Optimization? - O&amp;G Tax and Accounting","robots":{"index":"index","follow":"follow","max-snippet":"max-snippet:-1","max-image-preview":"max-image-preview:large","max-video-preview":"max-video-preview:-1"},"canonical":"https:\/\/oandgaccounting.com\/staging\/es\/resources\/bulgarian-ecommerce-on-amazon-us-should-you-switch-to-a-us-entity-for-tax-optimization\/","og_locale":"es_ES","og_type":"article","og_title":"Bulgarian E-commerce on Amazon US: Should You Switch to a US Entity for Tax Optimization? - O&amp;G Tax and Accounting","og_description":"QUESTION: As a Bulgaria-registered e-commerce business owner selling primarily on Amazon and my own webshop in the USA, can I optimize my tax situation by switching to a US-based entity? EXPERT\u2019S RESPONSE: As a Bulgaria-registered e-commerce business selling primarily on Amazon and your own webshop in the USA, you&#8217;re likely already familiar with filing the &hellip; Continue reading \"Bulgarian E-commerce on Amazon US: Should You Switch to a US Entity for Tax Optimization?\"","og_url":"https:\/\/oandgaccounting.com\/staging\/es\/resources\/bulgarian-ecommerce-on-amazon-us-should-you-switch-to-a-us-entity-for-tax-optimization\/","og_site_name":"O&amp;G Tax and Accounting","article_modified_time":"2025-03-07T11:30:06+00:00","og_image":[{"width":975,"height":975,"url":"https:\/\/oandgaccounting.com\/staging\/wp-content\/uploads\/2024\/01\/WhatsApp-Image-2024-01-15-at-12.11.00.jpeg","type":"image\/jpeg"}],"twitter_card":"summary_large_image","twitter_misc":{"Tiempo de lectura":"3 minutos"},"schema":{"@context":"https:\/\/schema.org","@graph":[{"@type":"WebPage","@id":"https:\/\/oandgaccounting.com\/staging\/resources\/bulgarian-ecommerce-on-amazon-us-should-you-switch-to-a-us-entity-for-tax-optimization\/","url":"https:\/\/oandgaccounting.com\/staging\/resources\/bulgarian-ecommerce-on-amazon-us-should-you-switch-to-a-us-entity-for-tax-optimization\/","name":"Bulgarian E-commerce on Amazon US: Should You Switch to a US Entity for Tax Optimization? - O&amp;G Tax and Accounting","isPartOf":{"@id":"https:\/\/oandgaccounting.com\/staging\/#website"},"datePublished":"2024-01-15T07:06:32+00:00","dateModified":"2025-03-07T11:30:06+00:00","breadcrumb":{"@id":"https:\/\/oandgaccounting.com\/staging\/resources\/bulgarian-ecommerce-on-amazon-us-should-you-switch-to-a-us-entity-for-tax-optimization\/#breadcrumb"},"inLanguage":"es","potentialAction":[{"@type":"ReadAction","target":["https:\/\/oandgaccounting.com\/staging\/resources\/bulgarian-ecommerce-on-amazon-us-should-you-switch-to-a-us-entity-for-tax-optimization\/"]}]},{"@type":"BreadcrumbList","@id":"https:\/\/oandgaccounting.com\/staging\/resources\/bulgarian-ecommerce-on-amazon-us-should-you-switch-to-a-us-entity-for-tax-optimization\/#breadcrumb","itemListElement":[{"@type":"ListItem","position":1,"name":"Resources","item":"https:\/\/oandgaccounting.com\/staging\/resources\/"},{"@type":"ListItem","position":2,"name":"Bulgarian E-commerce on Amazon US: Should You Switch to a US Entity for Tax Optimization?"}]},{"@type":"WebSite","@id":"https:\/\/oandgaccounting.com\/staging\/#website","url":"https:\/\/oandgaccounting.com\/staging\/","name":"O&amp;G Tax and Accounting","description":"","publisher":{"@id":"https:\/\/oandgaccounting.com\/staging\/#organization"},"potentialAction":[{"@type":"SearchAction","target":{"@type":"EntryPoint","urlTemplate":"https:\/\/oandgaccounting.com\/staging\/?s={search_term_string}"},"query-input":"required name=search_term_string"}],"inLanguage":"es"},{"@type":"Organization","@id":"https:\/\/oandgaccounting.com\/staging\/#organization","name":"O&amp;G Tax and Accounting","url":"https:\/\/oandgaccounting.com\/staging\/","logo":{"@type":"ImageObject","inLanguage":"es","@id":"https:\/\/oandgaccounting.com\/staging\/#\/schema\/logo\/image\/","url":"https:\/\/oandgaccounting.com\/staging\/wp-content\/uploads\/2019\/07\/logo.png","contentUrl":"https:\/\/oandgaccounting.com\/staging\/wp-content\/uploads\/2019\/07\/logo.png","width":123,"height":74,"caption":"O&amp;G Tax and Accounting"},"image":{"@id":"https:\/\/oandgaccounting.com\/staging\/#\/schema\/logo\/image\/"}}]}},"_links":{"self":[{"href":"https:\/\/oandgaccounting.com\/staging\/es\/wp-json\/wp\/v2\/pages\/5173"}],"collection":[{"href":"https:\/\/oandgaccounting.com\/staging\/es\/wp-json\/wp\/v2\/pages"}],"about":[{"href":"https:\/\/oandgaccounting.com\/staging\/es\/wp-json\/wp\/v2\/types\/page"}],"author":[{"embeddable":true,"href":"https:\/\/oandgaccounting.com\/staging\/es\/wp-json\/wp\/v2\/users\/1"}],"replies":[{"embeddable":true,"href":"https:\/\/oandgaccounting.com\/staging\/es\/wp-json\/wp\/v2\/comments?post=5173"}],"version-history":[{"count":11,"href":"https:\/\/oandgaccounting.com\/staging\/es\/wp-json\/wp\/v2\/pages\/5173\/revisions"}],"predecessor-version":[{"id":6291,"href":"https:\/\/oandgaccounting.com\/staging\/es\/wp-json\/wp\/v2\/pages\/5173\/revisions\/6291"}],"up":[{"embeddable":true,"href":"https:\/\/oandgaccounting.com\/staging\/es\/wp-json\/wp\/v2\/pages\/24"}],"wp:attachment":[{"href":"https:\/\/oandgaccounting.com\/staging\/es\/wp-json\/wp\/v2\/media?parent=5173"}],"curies":[{"name":"wp","href":"https:\/\/api.w.org\/{rel}","templated":true}]}}