{"id":5385,"date":"2024-04-10T05:02:30","date_gmt":"2024-04-10T05:02:30","guid":{"rendered":"https:\/\/oandgaccounting.com\/staging\/?page_id=5385"},"modified":"2025-03-07T12:31:34","modified_gmt":"2025-03-07T12:31:34","slug":"u-s-tax-obligations-for-citizens-residing-abroad-insights-from-cook-v-tait","status":"publish","type":"page","link":"https:\/\/oandgaccounting.com\/staging\/es\/resources\/u-s-tax-obligations-for-citizens-residing-abroad-insights-from-cook-v-tait\/","title":{"rendered":"Obligaciones tributarias estadounidenses para ciudadanos residentes en el extranjero: Perspectivas del caso Cook vs. Tait"},"content":{"rendered":"<div class=\"onefivequestion\">\n<div class=\"container py-4 text-left\">\n<h5>Preguntas<\/h5>\n<ol>\n<li>\n<h5>\u00bfPuede Estados Unidos gravar los ingresos de los ciudadanos que viven en el extranjero?<\/h5>\n<p>Como residente extranjero y ciudadano estadounidense, intento comprender c\u00f3mo se aplica el sistema tributario estadounidense a mis ingresos derivados de propiedades ubicadas fuera de Estados Unidos. \u00bfPuede el gobierno estadounidense gravar los ingresos que recibo de mis bienes personales e inmuebles ubicados en un pa\u00eds extranjero?<\/p>\n<\/li>\n<li>\n<h5>\u00bfQu\u00e9 precedentes legales respaldan la tributaci\u00f3n de los ingresos extranjeros en Estados Unidos?<\/h5>\n<p>He o\u00eddo hablar del caso Cook v. Tait de la Corte Suprema, que involucra a un ciudadano estadounidense residente en M\u00e9xico y su argumento contra la tributaci\u00f3n estadounidense sobre sus ingresos de origen extranjero. \u00bfC\u00f3mo justifica este caso hist\u00f3rico la facultad del gobierno estadounidense para gravar a los ciudadanos sobre los ingresos obtenidos en el extranjero, independientemente de su lugar de residencia o la ubicaci\u00f3n de sus bienes?<\/p>\n<\/li>\n<li>\n<h5>\u00bfC\u00f3mo considera la legislaci\u00f3n estadounidense la jurisdicci\u00f3n fiscal sobre los ciudadanos en el extranjero?<\/h5>\n<p>Dado mi estatus como ciudadano estadounidense residente fuera de Estados Unidos, tengo curiosidad por saber en qu\u00e9 se basa la legislaci\u00f3n fiscal estadounidense que permite al gobierno federal gravar mis ingresos de origen extranjero. \u00bfCu\u00e1les son los argumentos o principios legales que permiten a Estados Unidos mantener la jurisdicci\u00f3n fiscal sobre sus ciudadanos, independientemente del origen geogr\u00e1fico de sus ingresos globales?<\/p>\n<\/li>\n<\/ol>\n<h5>Respuestas de los expertos:<\/h5>\n<ol>\n<li>\n<h5>\u00bfPuede Estados Unidos gravar los ingresos de los ciudadanos que viven en el extranjero?<\/h5>\n<p>S\u00ed, el<a href=\"http:\/\/irs.gov\/individuals\/international-taxpayers\/us-citizens-and-resident-aliens-abroad#:~:text=You%20are%20subject%20to%20tax,to%20the%20Internal%20Revenue%20Code.\" rel=\"noopener\" target=\"_blank\"> Estados Unidos puede gravar los ingresos de sus ciudadanos que viven en el extranjero<\/a>. Esto se basa en el principio de que los ciudadanos estadounidenses se benefician de su ciudadan\u00eda en formas como la protecci\u00f3n consular y el derecho a entrar y vivir en el pa\u00eds, independientemente de su residencia. <a href=\"https:\/\/www.law.cornell.edu\/supremecourt\/text\/265\/47\" rel=\"noopener\" target=\"_blank\">Cook contra Tait (265 US 47, 1924)<\/a> Sirve como precedente legal fundamental, al afirmar la autoridad del Congreso para gravar los ingresos obtenidos por ciudadanos estadounidenses provenientes de propiedades ubicadas en pa\u00edses extranjeros. Esta decisi\u00f3n subraya la idea de que las obligaciones tributarias de Estados Unidos se extienden a nivel mundial, ya que los beneficios de la ciudadan\u00eda estadounidense son universales.<\/p>\n<\/li>\n<li>\n<h5>\u00bfQu\u00e9 precedentes legales respaldan la tributaci\u00f3n de los ingresos extranjeros en Estados Unidos?<\/h5>\n<p>El caso Cook v. Tait constituye el precedente jur\u00eddico fundamental que sustenta la tributaci\u00f3n estadounidense de los ingresos extranjeros. En este caso, la Corte Suprema rechaz\u00f3 el argumento de que Estados Unidos carece de jurisdicci\u00f3n para gravar los ingresos de un ciudadano. <a href=\"http:\/\/chrome-extension:\/\/efaidnbmnnnibpcajpcglclefindmkaj\/https:\/\/www.irs.gov\/pub\/int_practice_units\/ftc_c_10_02_05.pdf\" rel=\"noopener\" target=\"_blank\">ingresos de fuente extranjera<\/a>, enfatizando que los beneficios y las protecciones que brinda la ciudadan\u00eda estadounidense se extienden m\u00e1s all\u00e1 de sus fronteras. Esta sentencia establece una base clara para la autoridad del gobierno estadounidense para gravar a los... <a href=\"https:\/\/www.irs.gov\/individuals\/international-taxpayers\/frequently-asked-questions-about-international-individual-tax-matters\" rel=\"noopener\" target=\"_blank\">ingresos mundiales de sus ciudadanos<\/a>, reforzando el concepto de jurisdicci\u00f3n fiscal global bajo la legislaci\u00f3n estadounidense.<\/p>\n<\/li>\n<li>\n<h5>\u00bfC\u00f3mo considera la legislaci\u00f3n estadounidense la jurisdicci\u00f3n fiscal sobre los ciudadanos en el extranjero?<\/h5>\n<p>El derecho estadounidense ejerce jurisdicci\u00f3n sobre los ingresos globales de sus ciudadanos mediante una combinaci\u00f3n de marco legislativo e interpretaci\u00f3n judicial. El caso Cook contra Tait ilustra la postura del poder judicial de que los beneficios de la ciudadan\u00eda estadounidense justifican la tributaci\u00f3n mundial sobre la renta. El fundamento jur\u00eddico es que los ciudadanos estadounidenses, independientemente de su residencia, gozan de las protecciones y ventajas de la ciudadan\u00eda, lo que los obliga a contribuir al Tesoro estadounidense sobre sus ingresos globales. Esta amplia jurisdicci\u00f3n fiscal garantiza que todos los ciudadanos contribuyan equitativamente a los costos de los servicios p\u00fablicos, tanto a nivel nacional como internacional.<\/p>\n<\/li>\n<\/ol>\n<h5>Explorar m\u00e1s:<\/h5>\n<p>\u00bfBusca claridad sobre sus obligaciones tributarias como ciudadano estadounidense residente en el extranjero? O&amp;G Tax and Accounting Services ofrece asesoramiento experto y estrategias personalizadas para comprender eficazmente las leyes tributarias estadounidenses. Haga clic aqu\u00ed. <a href=\"https:\/\/oandgaccounting.com\/staging\/appointment-booking-form\/\" target=\"_blank\" rel=\"noopener\">aqu\u00ed<\/a> para programar una consulta con nuestros profesionales de CPA y garantizar el cumplimiento de sus requisitos fiscales en EE. UU.<\/p>\n<\/p><\/div>","protected":false},"excerpt":{"rendered":"<p>Questions Can the U.S. Tax Income of Citizens Living Abroad? As a foreign resident who is also a U.S. citizen, I am trying to understand how the U.S. tax system applies to my income derived from property located outside the United States. Can the U.S. government tax the income I receive from my personal and &hellip; <a href=\"https:\/\/oandgaccounting.com\/staging\/es\/resources\/u-s-tax-obligations-for-citizens-residing-abroad-insights-from-cook-v-tait\/\" class=\"more-link\">Continue reading<span class=\"screen-reader-text\"> &#8220;U.S. Tax Obligations for Citizens Residing Abroad: Insights from Cook v. Tait&#8221;<\/span><\/a><\/p>","protected":false},"author":1,"featured_media":0,"parent":24,"menu_order":0,"comment_status":"closed","ping_status":"closed","template":"default_withchat.php","meta":{"om_disable_all_campaigns":false,"_monsterinsights_skip_tracking":false,"_monsterinsights_sitenote_active":false,"_monsterinsights_sitenote_note":"","_monsterinsights_sitenote_category":0,"footnotes":""},"acf":[],"yoast_head":"<!-- This site is optimized with the Yoast SEO plugin v22.6 - https:\/\/yoast.com\/wordpress\/plugins\/seo\/ -->\n<title>U.S. Tax Obligations for Citizens Residing Abroad: Insights from Cook v. Tait - O&amp;G Tax and Accounting<\/title>\n<meta name=\"robots\" content=\"index, follow, max-snippet:-1, max-image-preview:large, max-video-preview:-1\" \/>\n<link rel=\"canonical\" href=\"https:\/\/oandgaccounting.com\/staging\/es\/resources\/u-s-tax-obligations-for-citizens-residing-abroad-insights-from-cook-v-tait\/\" \/>\n<meta property=\"og:locale\" content=\"es_ES\" \/>\n<meta property=\"og:type\" content=\"article\" \/>\n<meta property=\"og:title\" content=\"U.S. Tax Obligations for Citizens Residing Abroad: Insights from Cook v. Tait - O&amp;G Tax and Accounting\" \/>\n<meta property=\"og:description\" content=\"Questions Can the U.S. Tax Income of Citizens Living Abroad? As a foreign resident who is also a U.S. citizen, I am trying to understand how the U.S. tax system applies to my income derived from property located outside the United States. Can the U.S. government tax the income I receive from my personal and &hellip; Continue reading &quot;U.S. Tax Obligations for Citizens Residing Abroad: Insights from Cook v. Tait&quot;\" \/>\n<meta property=\"og:url\" content=\"https:\/\/oandgaccounting.com\/staging\/es\/resources\/u-s-tax-obligations-for-citizens-residing-abroad-insights-from-cook-v-tait\/\" \/>\n<meta property=\"og:site_name\" content=\"O&amp;G Tax and Accounting\" \/>\n<meta property=\"article:modified_time\" content=\"2025-03-07T12:31:34+00:00\" \/>\n<meta property=\"og:image\" content=\"https:\/\/oandgaccounting.com\/staging\/wp-content\/uploads\/2024\/04\/og1.jpg\" \/>\n\t<meta property=\"og:image:width\" content=\"1024\" \/>\n\t<meta property=\"og:image:height\" content=\"1024\" \/>\n\t<meta property=\"og:image:type\" content=\"image\/jpeg\" \/>\n<meta name=\"twitter:card\" content=\"summary_large_image\" \/>\n<meta name=\"twitter:label1\" content=\"Tiempo de lectura\" \/>\n\t<meta name=\"twitter:data1\" content=\"3 minutos\" \/>\n<script type=\"application\/ld+json\" class=\"yoast-schema-graph\">{\"@context\":\"https:\/\/schema.org\",\"@graph\":[{\"@type\":\"WebPage\",\"@id\":\"https:\/\/oandgaccounting.com\/staging\/resources\/u-s-tax-obligations-for-citizens-residing-abroad-insights-from-cook-v-tait\/\",\"url\":\"https:\/\/oandgaccounting.com\/staging\/resources\/u-s-tax-obligations-for-citizens-residing-abroad-insights-from-cook-v-tait\/\",\"name\":\"U.S. Tax Obligations for Citizens Residing Abroad: Insights from Cook v. Tait - O&amp;G Tax and Accounting\",\"isPartOf\":{\"@id\":\"https:\/\/oandgaccounting.com\/staging\/#website\"},\"datePublished\":\"2024-04-10T05:02:30+00:00\",\"dateModified\":\"2025-03-07T12:31:34+00:00\",\"breadcrumb\":{\"@id\":\"https:\/\/oandgaccounting.com\/staging\/resources\/u-s-tax-obligations-for-citizens-residing-abroad-insights-from-cook-v-tait\/#breadcrumb\"},\"inLanguage\":\"es\",\"potentialAction\":[{\"@type\":\"ReadAction\",\"target\":[\"https:\/\/oandgaccounting.com\/staging\/resources\/u-s-tax-obligations-for-citizens-residing-abroad-insights-from-cook-v-tait\/\"]}]},{\"@type\":\"BreadcrumbList\",\"@id\":\"https:\/\/oandgaccounting.com\/staging\/resources\/u-s-tax-obligations-for-citizens-residing-abroad-insights-from-cook-v-tait\/#breadcrumb\",\"itemListElement\":[{\"@type\":\"ListItem\",\"position\":1,\"name\":\"Resources\",\"item\":\"https:\/\/oandgaccounting.com\/staging\/resources\/\"},{\"@type\":\"ListItem\",\"position\":2,\"name\":\"U.S. Tax Obligations for Citizens Residing Abroad: Insights from Cook v. Tait\"}]},{\"@type\":\"WebSite\",\"@id\":\"https:\/\/oandgaccounting.com\/staging\/#website\",\"url\":\"https:\/\/oandgaccounting.com\/staging\/\",\"name\":\"O&amp;G Tax and Accounting\",\"description\":\"\",\"publisher\":{\"@id\":\"https:\/\/oandgaccounting.com\/staging\/#organization\"},\"potentialAction\":[{\"@type\":\"SearchAction\",\"target\":{\"@type\":\"EntryPoint\",\"urlTemplate\":\"https:\/\/oandgaccounting.com\/staging\/?s={search_term_string}\"},\"query-input\":\"required name=search_term_string\"}],\"inLanguage\":\"es\"},{\"@type\":\"Organization\",\"@id\":\"https:\/\/oandgaccounting.com\/staging\/#organization\",\"name\":\"O&amp;G Tax and Accounting\",\"url\":\"https:\/\/oandgaccounting.com\/staging\/\",\"logo\":{\"@type\":\"ImageObject\",\"inLanguage\":\"es\",\"@id\":\"https:\/\/oandgaccounting.com\/staging\/#\/schema\/logo\/image\/\",\"url\":\"https:\/\/oandgaccounting.com\/staging\/wp-content\/uploads\/2019\/07\/logo.png\",\"contentUrl\":\"https:\/\/oandgaccounting.com\/staging\/wp-content\/uploads\/2019\/07\/logo.png\",\"width\":123,\"height\":74,\"caption\":\"O&amp;G Tax and Accounting\"},\"image\":{\"@id\":\"https:\/\/oandgaccounting.com\/staging\/#\/schema\/logo\/image\/\"}}]}<\/script>\n<!-- \/ Yoast SEO plugin. -->","yoast_head_json":{"title":"U.S. Tax Obligations for Citizens Residing Abroad: Insights from Cook v. Tait - O&amp;G Tax and Accounting","robots":{"index":"index","follow":"follow","max-snippet":"max-snippet:-1","max-image-preview":"max-image-preview:large","max-video-preview":"max-video-preview:-1"},"canonical":"https:\/\/oandgaccounting.com\/staging\/es\/resources\/u-s-tax-obligations-for-citizens-residing-abroad-insights-from-cook-v-tait\/","og_locale":"es_ES","og_type":"article","og_title":"U.S. Tax Obligations for Citizens Residing Abroad: Insights from Cook v. Tait - O&amp;G Tax and Accounting","og_description":"Questions Can the U.S. Tax Income of Citizens Living Abroad? As a foreign resident who is also a U.S. citizen, I am trying to understand how the U.S. tax system applies to my income derived from property located outside the United States. Can the U.S. government tax the income I receive from my personal and &hellip; Continue reading \"U.S. Tax Obligations for Citizens Residing Abroad: Insights from Cook v. Tait\"","og_url":"https:\/\/oandgaccounting.com\/staging\/es\/resources\/u-s-tax-obligations-for-citizens-residing-abroad-insights-from-cook-v-tait\/","og_site_name":"O&amp;G Tax and Accounting","article_modified_time":"2025-03-07T12:31:34+00:00","og_image":[{"width":1024,"height":1024,"url":"https:\/\/oandgaccounting.com\/staging\/wp-content\/uploads\/2024\/04\/og1.jpg","type":"image\/jpeg"}],"twitter_card":"summary_large_image","twitter_misc":{"Tiempo de lectura":"3 minutos"},"schema":{"@context":"https:\/\/schema.org","@graph":[{"@type":"WebPage","@id":"https:\/\/oandgaccounting.com\/staging\/resources\/u-s-tax-obligations-for-citizens-residing-abroad-insights-from-cook-v-tait\/","url":"https:\/\/oandgaccounting.com\/staging\/resources\/u-s-tax-obligations-for-citizens-residing-abroad-insights-from-cook-v-tait\/","name":"U.S. Tax Obligations for Citizens Residing Abroad: Insights from Cook v. Tait - O&amp;G Tax and Accounting","isPartOf":{"@id":"https:\/\/oandgaccounting.com\/staging\/#website"},"datePublished":"2024-04-10T05:02:30+00:00","dateModified":"2025-03-07T12:31:34+00:00","breadcrumb":{"@id":"https:\/\/oandgaccounting.com\/staging\/resources\/u-s-tax-obligations-for-citizens-residing-abroad-insights-from-cook-v-tait\/#breadcrumb"},"inLanguage":"es","potentialAction":[{"@type":"ReadAction","target":["https:\/\/oandgaccounting.com\/staging\/resources\/u-s-tax-obligations-for-citizens-residing-abroad-insights-from-cook-v-tait\/"]}]},{"@type":"BreadcrumbList","@id":"https:\/\/oandgaccounting.com\/staging\/resources\/u-s-tax-obligations-for-citizens-residing-abroad-insights-from-cook-v-tait\/#breadcrumb","itemListElement":[{"@type":"ListItem","position":1,"name":"Resources","item":"https:\/\/oandgaccounting.com\/staging\/resources\/"},{"@type":"ListItem","position":2,"name":"U.S. Tax Obligations for Citizens Residing Abroad: Insights from Cook v. Tait"}]},{"@type":"WebSite","@id":"https:\/\/oandgaccounting.com\/staging\/#website","url":"https:\/\/oandgaccounting.com\/staging\/","name":"O&amp;G Tax and Accounting","description":"","publisher":{"@id":"https:\/\/oandgaccounting.com\/staging\/#organization"},"potentialAction":[{"@type":"SearchAction","target":{"@type":"EntryPoint","urlTemplate":"https:\/\/oandgaccounting.com\/staging\/?s={search_term_string}"},"query-input":"required name=search_term_string"}],"inLanguage":"es"},{"@type":"Organization","@id":"https:\/\/oandgaccounting.com\/staging\/#organization","name":"O&amp;G Tax and Accounting","url":"https:\/\/oandgaccounting.com\/staging\/","logo":{"@type":"ImageObject","inLanguage":"es","@id":"https:\/\/oandgaccounting.com\/staging\/#\/schema\/logo\/image\/","url":"https:\/\/oandgaccounting.com\/staging\/wp-content\/uploads\/2019\/07\/logo.png","contentUrl":"https:\/\/oandgaccounting.com\/staging\/wp-content\/uploads\/2019\/07\/logo.png","width":123,"height":74,"caption":"O&amp;G Tax and Accounting"},"image":{"@id":"https:\/\/oandgaccounting.com\/staging\/#\/schema\/logo\/image\/"}}]}},"_links":{"self":[{"href":"https:\/\/oandgaccounting.com\/staging\/es\/wp-json\/wp\/v2\/pages\/5385"}],"collection":[{"href":"https:\/\/oandgaccounting.com\/staging\/es\/wp-json\/wp\/v2\/pages"}],"about":[{"href":"https:\/\/oandgaccounting.com\/staging\/es\/wp-json\/wp\/v2\/types\/page"}],"author":[{"embeddable":true,"href":"https:\/\/oandgaccounting.com\/staging\/es\/wp-json\/wp\/v2\/users\/1"}],"replies":[{"embeddable":true,"href":"https:\/\/oandgaccounting.com\/staging\/es\/wp-json\/wp\/v2\/comments?post=5385"}],"version-history":[{"count":6,"href":"https:\/\/oandgaccounting.com\/staging\/es\/wp-json\/wp\/v2\/pages\/5385\/revisions"}],"predecessor-version":[{"id":6344,"href":"https:\/\/oandgaccounting.com\/staging\/es\/wp-json\/wp\/v2\/pages\/5385\/revisions\/6344"}],"up":[{"embeddable":true,"href":"https:\/\/oandgaccounting.com\/staging\/es\/wp-json\/wp\/v2\/pages\/24"}],"wp:attachment":[{"href":"https:\/\/oandgaccounting.com\/staging\/es\/wp-json\/wp\/v2\/media?parent=5385"}],"curies":[{"name":"wp","href":"https:\/\/api.w.org\/{rel}","templated":true}]}}