{"id":5395,"date":"2024-04-10T05:48:33","date_gmt":"2024-04-10T05:48:33","guid":{"rendered":"https:\/\/oandgaccounting.com\/staging\/?page_id=5395"},"modified":"2025-03-07T12:32:55","modified_gmt":"2025-03-07T12:32:55","slug":"u-s-taxation-of-foreign-source-income-for-general-partnerships-and-individual-owners","status":"publish","type":"page","link":"https:\/\/oandgaccounting.com\/staging\/es\/resources\/u-s-taxation-of-foreign-source-income-for-general-partnerships-and-individual-owners\/","title":{"rendered":"Tributaci\u00f3n en EE. UU. de ingresos de fuente extranjera para sociedades colectivas y propietarios individuales"},"content":{"rendered":"<div class=\"onefivequestion\">\n<div class=\"container py-4 text-left\">\n<h5>Preguntas<\/h5>\n<ol>\n<li>\n<p><strong>Tributaci\u00f3n de las ganancias de fuente extranjera para ciudadanos estadounidenses en una sociedad colectiva:<\/strong> Como persona extranjera que explora oportunidades de asociaci\u00f3n en EE. UU., \u00bfc\u00f3mo grava el IRS los ingresos de origen extranjero de los ciudadanos estadounidenses que participan en una sociedad colectiva? En concreto, si un socio es ciudadano estadounidense y el otro extranjero, \u00bfc\u00f3mo se grava la parte de las ganancias de origen extranjero que le corresponde al ciudadano estadounidense?<\/p>\n<\/li>\n<li>\n<p><strong>Implicaciones fiscales para los socios extranjeros en una sociedad colectiva con sede en EE. UU.:<\/strong> \u00bfCu\u00e1les son las implicaciones fiscales para un socio extranjero en una sociedad colectiva con sede en EE. UU. que obtiene ingresos de fuentes extranjeras? \u00bfEstados Unidos grava su parte de los ingresos de fuente extranjera de la sociedad, y bajo qu\u00e9 condiciones?<\/p>\n<\/li>\n<\/ol>\n<h5>Respuestas de los expertos:<\/h5>\n<p>A continuaci\u00f3n, perfeccionamos y ampliamos los conocimientos de los expertos, centr\u00e1ndonos en la tributaci\u00f3n estadounidense de <a href=\"http:\/\/chrome-extension:\/\/efaidnbmnnnibpcajpcglclefindmkaj\/https:\/\/www.irs.gov\/pub\/int_practice_units\/ftc_c_10_02_05.pdf\" rel=\"noopener\" target=\"_blank\">ingresos de fuente extranjera<\/a> para sociedades colectivas y propietarios individuales, con especial atenci\u00f3n a ciudadanos estadounidenses y extranjeros involucrados en dichas sociedades.<\/p>\n<ol>\n<li>\n<h5>Tributaci\u00f3n de las ganancias de fuente extranjera para ciudadanos estadounidenses en una sociedad colectiva<\/h5>\n<p>Cuando un ciudadano estadounidense est\u00e1 involucrado en un <a href=\"https:\/\/www.irs.gov\/businesses\/partnerships\" rel=\"noopener\" target=\"_blank\">sociedad colectiva<\/a> Si obtiene ganancias de fuentes extranjeras, el IRS grava estos ingresos globalmente. Esto significa que todos los ingresos de un ciudadano estadounidense, independientemente de d\u00f3nde se obtengan, est\u00e1n sujetos a impuestos estadounidenses. El tratamiento fiscal se determina en funci\u00f3n de la participaci\u00f3n de cada individuo en los ingresos de la sociedad.<\/p>\n<p>Por ejemplo, en el caso de ACME GP, una sociedad colectiva que obtuvo $500,000 en ganancias de fuente extranjera durante el a\u00f1o en curso, si la sociedad est\u00e1 compuesta por dos propietarios individuales, John (ciudadano estadounidense) y Jane (ciudadana y residente de Ghana), Estados Unidos tiene jurisdicci\u00f3n para gravar la parte de John en las ganancias. Suponiendo un acuerdo de participaci\u00f3n en las ganancias al 50\/50 entre John y Jane, la parte de John de $250,000 en las ganancias de fuente extranjera estar\u00eda sujeta a impuestos en Estados Unidos, de acuerdo con las leyes fiscales estadounidenses que rigen la renta global para los ciudadanos estadounidenses.<\/p>\n<\/li>\n<li>\n<h5>Implicaciones fiscales para los socios extranjeros en una sociedad colectiva con sede en EE. UU.<\/h5>\n<p>Para los socios extranjeros en una sociedad colectiva con sede en los EE. UU. que obtiene ingresos de fuentes extranjeras, las implicaciones fiscales en los EE. UU. generalmente se limitan a: <a href=\"https:\/\/www.irs.gov\/individuals\/international-taxpayers\/effectively-connected-income-eci#:~:text=Generally%2C%20when%20a%20foreign%20person,Effectively%20Connected%20Income%20(ECI).\" rel=\"noopener\" target=\"_blank\">ingresos efectivamente relacionados con un comercio o negocio en los EE. UU.<\/a>. Los ingresos provenientes de fuentes extranjeras que no est\u00e9n efectivamente conectados con una actividad comercial o negocio en los EE. UU. generalmente no est\u00e1n sujetos a impuestos en los EE. UU. para un ciudadano extranjero.<\/p>\n<p>En el contexto de ACME GP, dado que la ciudadan\u00eda y residencia de Jane son ghanesas, y asumiendo que su participaci\u00f3n en las ganancias de la sociedad no est\u00e1 vinculada efectivamente con una actividad comercial o empresarial estadounidense, su participaci\u00f3n en los ingresos de fuente extranjera ($250,000) no estar\u00eda sujeta a impuestos estadounidenses. Los extranjeros deben determinar el alcance de sus actividades y la naturaleza de sus ingresos en relaci\u00f3n con las obligaciones tributarias estadounidenses.<\/p>\n<p>Le recomendamos explorar nuestras opciones premium para obtener asesoramiento personalizado y garantizar el cumplimiento de todas las leyes fiscales aplicables de EE. UU. Nuestro equipo de expertos en Servicios Fiscales y Contables de O&amp;G est\u00e1 listo para brindarle asesoramiento y estrategias personalizadas para su situaci\u00f3n particular. Para una consulta detallada y para abordar cualquier inquietud espec\u00edfica, reserve una cita con nosotros a trav\u00e9s del siguiente enlace: <a href=\"https:\/\/oandgaccounting.com\/staging\/appointment-booking-form\/\" target=\"_blank\" rel=\"noopener\">Reserve su consulta con O&amp;G Tax and Accounting Services.<\/a><\/p>\n<p>Esta oportunidad de hablar directamente con un contador p\u00fablico puede aclarar cualquier complejidad y optimizar su estrategia fiscal, garantizando que navegue las complejidades de la legislaci\u00f3n fiscal estadounidense e internacional con confianza y eficiencia.<\/p>\n<\/li>\n<\/ol><\/div>","protected":false},"excerpt":{"rendered":"<p>Questions Taxation of Foreign Source Profit for U.S. Citizens in a General Partnership: As a foreign individual exploring partnership opportunities in the U.S., how does the IRS tax foreign source income for U.S. citizens involved in a general partnership? Specifically, if one partner is a U.S. citizen and the other is a foreign national, how &hellip; <a href=\"https:\/\/oandgaccounting.com\/staging\/es\/resources\/u-s-taxation-of-foreign-source-income-for-general-partnerships-and-individual-owners\/\" class=\"more-link\">Continue reading<span class=\"screen-reader-text\"> &#8220;U.S. Taxation of Foreign Source Income for General Partnerships and Individual Owners&#8221;<\/span><\/a><\/p>","protected":false},"author":1,"featured_media":0,"parent":24,"menu_order":0,"comment_status":"closed","ping_status":"closed","template":"default_withchat.php","meta":{"om_disable_all_campaigns":false,"_monsterinsights_skip_tracking":false,"_monsterinsights_sitenote_active":false,"_monsterinsights_sitenote_note":"","_monsterinsights_sitenote_category":0,"footnotes":""},"acf":[],"yoast_head":"<!-- This site is optimized with the Yoast SEO plugin v22.6 - https:\/\/yoast.com\/wordpress\/plugins\/seo\/ -->\n<title>U.S. Taxation of Foreign Source Income for General Partnerships and Individual Owners - O&amp;G Tax and Accounting<\/title>\n<meta name=\"robots\" content=\"index, follow, max-snippet:-1, max-image-preview:large, max-video-preview:-1\" \/>\n<link rel=\"canonical\" href=\"https:\/\/oandgaccounting.com\/staging\/es\/resources\/u-s-taxation-of-foreign-source-income-for-general-partnerships-and-individual-owners\/\" \/>\n<meta property=\"og:locale\" content=\"es_ES\" \/>\n<meta property=\"og:type\" content=\"article\" \/>\n<meta property=\"og:title\" content=\"U.S. Taxation of Foreign Source Income for General Partnerships and Individual Owners - O&amp;G Tax and Accounting\" \/>\n<meta property=\"og:description\" content=\"Questions Taxation of Foreign Source Profit for U.S. Citizens in a General Partnership: As a foreign individual exploring partnership opportunities in the U.S., how does the IRS tax foreign source income for U.S. citizens involved in a general partnership? Specifically, if one partner is a U.S. citizen and the other is a foreign national, how &hellip; Continue reading &quot;U.S. Taxation of Foreign Source Income for General Partnerships and Individual Owners&quot;\" \/>\n<meta property=\"og:url\" content=\"https:\/\/oandgaccounting.com\/staging\/es\/resources\/u-s-taxation-of-foreign-source-income-for-general-partnerships-and-individual-owners\/\" \/>\n<meta property=\"og:site_name\" content=\"O&amp;G Tax and Accounting\" \/>\n<meta property=\"article:modified_time\" content=\"2025-03-07T12:32:55+00:00\" \/>\n<meta property=\"og:image\" content=\"https:\/\/oandgaccounting.com\/staging\/wp-content\/uploads\/2024\/04\/cqw1.jpg\" \/>\n\t<meta property=\"og:image:width\" content=\"1024\" \/>\n\t<meta property=\"og:image:height\" content=\"1024\" \/>\n\t<meta property=\"og:image:type\" content=\"image\/jpeg\" \/>\n<meta name=\"twitter:card\" content=\"summary_large_image\" \/>\n<meta name=\"twitter:label1\" content=\"Tiempo de lectura\" \/>\n\t<meta name=\"twitter:data1\" content=\"3 minutos\" \/>\n<script type=\"application\/ld+json\" class=\"yoast-schema-graph\">{\"@context\":\"https:\/\/schema.org\",\"@graph\":[{\"@type\":\"WebPage\",\"@id\":\"https:\/\/oandgaccounting.com\/staging\/resources\/u-s-taxation-of-foreign-source-income-for-general-partnerships-and-individual-owners\/\",\"url\":\"https:\/\/oandgaccounting.com\/staging\/resources\/u-s-taxation-of-foreign-source-income-for-general-partnerships-and-individual-owners\/\",\"name\":\"U.S. Taxation of Foreign Source Income for General Partnerships and Individual Owners - O&amp;G Tax and Accounting\",\"isPartOf\":{\"@id\":\"https:\/\/oandgaccounting.com\/staging\/#website\"},\"datePublished\":\"2024-04-10T05:48:33+00:00\",\"dateModified\":\"2025-03-07T12:32:55+00:00\",\"breadcrumb\":{\"@id\":\"https:\/\/oandgaccounting.com\/staging\/resources\/u-s-taxation-of-foreign-source-income-for-general-partnerships-and-individual-owners\/#breadcrumb\"},\"inLanguage\":\"es\",\"potentialAction\":[{\"@type\":\"ReadAction\",\"target\":[\"https:\/\/oandgaccounting.com\/staging\/resources\/u-s-taxation-of-foreign-source-income-for-general-partnerships-and-individual-owners\/\"]}]},{\"@type\":\"BreadcrumbList\",\"@id\":\"https:\/\/oandgaccounting.com\/staging\/resources\/u-s-taxation-of-foreign-source-income-for-general-partnerships-and-individual-owners\/#breadcrumb\",\"itemListElement\":[{\"@type\":\"ListItem\",\"position\":1,\"name\":\"Resources\",\"item\":\"https:\/\/oandgaccounting.com\/staging\/resources\/\"},{\"@type\":\"ListItem\",\"position\":2,\"name\":\"U.S. Taxation of Foreign Source Income for General Partnerships and Individual Owners\"}]},{\"@type\":\"WebSite\",\"@id\":\"https:\/\/oandgaccounting.com\/staging\/#website\",\"url\":\"https:\/\/oandgaccounting.com\/staging\/\",\"name\":\"O&amp;G Tax and Accounting\",\"description\":\"\",\"publisher\":{\"@id\":\"https:\/\/oandgaccounting.com\/staging\/#organization\"},\"potentialAction\":[{\"@type\":\"SearchAction\",\"target\":{\"@type\":\"EntryPoint\",\"urlTemplate\":\"https:\/\/oandgaccounting.com\/staging\/?s={search_term_string}\"},\"query-input\":\"required name=search_term_string\"}],\"inLanguage\":\"es\"},{\"@type\":\"Organization\",\"@id\":\"https:\/\/oandgaccounting.com\/staging\/#organization\",\"name\":\"O&amp;G Tax and Accounting\",\"url\":\"https:\/\/oandgaccounting.com\/staging\/\",\"logo\":{\"@type\":\"ImageObject\",\"inLanguage\":\"es\",\"@id\":\"https:\/\/oandgaccounting.com\/staging\/#\/schema\/logo\/image\/\",\"url\":\"https:\/\/oandgaccounting.com\/staging\/wp-content\/uploads\/2019\/07\/logo.png\",\"contentUrl\":\"https:\/\/oandgaccounting.com\/staging\/wp-content\/uploads\/2019\/07\/logo.png\",\"width\":123,\"height\":74,\"caption\":\"O&amp;G Tax and Accounting\"},\"image\":{\"@id\":\"https:\/\/oandgaccounting.com\/staging\/#\/schema\/logo\/image\/\"}}]}<\/script>\n<!-- \/ Yoast SEO plugin. -->","yoast_head_json":{"title":"U.S. Taxation of Foreign Source Income for General Partnerships and Individual Owners - O&amp;G Tax and Accounting","robots":{"index":"index","follow":"follow","max-snippet":"max-snippet:-1","max-image-preview":"max-image-preview:large","max-video-preview":"max-video-preview:-1"},"canonical":"https:\/\/oandgaccounting.com\/staging\/es\/resources\/u-s-taxation-of-foreign-source-income-for-general-partnerships-and-individual-owners\/","og_locale":"es_ES","og_type":"article","og_title":"U.S. Taxation of Foreign Source Income for General Partnerships and Individual Owners - O&amp;G Tax and Accounting","og_description":"Questions Taxation of Foreign Source Profit for U.S. Citizens in a General Partnership: As a foreign individual exploring partnership opportunities in the U.S., how does the IRS tax foreign source income for U.S. citizens involved in a general partnership? Specifically, if one partner is a U.S. citizen and the other is a foreign national, how &hellip; Continue reading \"U.S. Taxation of Foreign Source Income for General Partnerships and Individual Owners\"","og_url":"https:\/\/oandgaccounting.com\/staging\/es\/resources\/u-s-taxation-of-foreign-source-income-for-general-partnerships-and-individual-owners\/","og_site_name":"O&amp;G Tax and Accounting","article_modified_time":"2025-03-07T12:32:55+00:00","og_image":[{"width":1024,"height":1024,"url":"https:\/\/oandgaccounting.com\/staging\/wp-content\/uploads\/2024\/04\/cqw1.jpg","type":"image\/jpeg"}],"twitter_card":"summary_large_image","twitter_misc":{"Tiempo de lectura":"3 minutos"},"schema":{"@context":"https:\/\/schema.org","@graph":[{"@type":"WebPage","@id":"https:\/\/oandgaccounting.com\/staging\/resources\/u-s-taxation-of-foreign-source-income-for-general-partnerships-and-individual-owners\/","url":"https:\/\/oandgaccounting.com\/staging\/resources\/u-s-taxation-of-foreign-source-income-for-general-partnerships-and-individual-owners\/","name":"U.S. Taxation of Foreign Source Income for General Partnerships and Individual Owners - O&amp;G Tax and Accounting","isPartOf":{"@id":"https:\/\/oandgaccounting.com\/staging\/#website"},"datePublished":"2024-04-10T05:48:33+00:00","dateModified":"2025-03-07T12:32:55+00:00","breadcrumb":{"@id":"https:\/\/oandgaccounting.com\/staging\/resources\/u-s-taxation-of-foreign-source-income-for-general-partnerships-and-individual-owners\/#breadcrumb"},"inLanguage":"es","potentialAction":[{"@type":"ReadAction","target":["https:\/\/oandgaccounting.com\/staging\/resources\/u-s-taxation-of-foreign-source-income-for-general-partnerships-and-individual-owners\/"]}]},{"@type":"BreadcrumbList","@id":"https:\/\/oandgaccounting.com\/staging\/resources\/u-s-taxation-of-foreign-source-income-for-general-partnerships-and-individual-owners\/#breadcrumb","itemListElement":[{"@type":"ListItem","position":1,"name":"Resources","item":"https:\/\/oandgaccounting.com\/staging\/resources\/"},{"@type":"ListItem","position":2,"name":"U.S. Taxation of Foreign Source Income for General Partnerships and Individual Owners"}]},{"@type":"WebSite","@id":"https:\/\/oandgaccounting.com\/staging\/#website","url":"https:\/\/oandgaccounting.com\/staging\/","name":"O&amp;G Tax and Accounting","description":"","publisher":{"@id":"https:\/\/oandgaccounting.com\/staging\/#organization"},"potentialAction":[{"@type":"SearchAction","target":{"@type":"EntryPoint","urlTemplate":"https:\/\/oandgaccounting.com\/staging\/?s={search_term_string}"},"query-input":"required name=search_term_string"}],"inLanguage":"es"},{"@type":"Organization","@id":"https:\/\/oandgaccounting.com\/staging\/#organization","name":"O&amp;G Tax and Accounting","url":"https:\/\/oandgaccounting.com\/staging\/","logo":{"@type":"ImageObject","inLanguage":"es","@id":"https:\/\/oandgaccounting.com\/staging\/#\/schema\/logo\/image\/","url":"https:\/\/oandgaccounting.com\/staging\/wp-content\/uploads\/2019\/07\/logo.png","contentUrl":"https:\/\/oandgaccounting.com\/staging\/wp-content\/uploads\/2019\/07\/logo.png","width":123,"height":74,"caption":"O&amp;G Tax and Accounting"},"image":{"@id":"https:\/\/oandgaccounting.com\/staging\/#\/schema\/logo\/image\/"}}]}},"_links":{"self":[{"href":"https:\/\/oandgaccounting.com\/staging\/es\/wp-json\/wp\/v2\/pages\/5395"}],"collection":[{"href":"https:\/\/oandgaccounting.com\/staging\/es\/wp-json\/wp\/v2\/pages"}],"about":[{"href":"https:\/\/oandgaccounting.com\/staging\/es\/wp-json\/wp\/v2\/types\/page"}],"author":[{"embeddable":true,"href":"https:\/\/oandgaccounting.com\/staging\/es\/wp-json\/wp\/v2\/users\/1"}],"replies":[{"embeddable":true,"href":"https:\/\/oandgaccounting.com\/staging\/es\/wp-json\/wp\/v2\/comments?post=5395"}],"version-history":[{"count":4,"href":"https:\/\/oandgaccounting.com\/staging\/es\/wp-json\/wp\/v2\/pages\/5395\/revisions"}],"predecessor-version":[{"id":6346,"href":"https:\/\/oandgaccounting.com\/staging\/es\/wp-json\/wp\/v2\/pages\/5395\/revisions\/6346"}],"up":[{"embeddable":true,"href":"https:\/\/oandgaccounting.com\/staging\/es\/wp-json\/wp\/v2\/pages\/24"}],"wp:attachment":[{"href":"https:\/\/oandgaccounting.com\/staging\/es\/wp-json\/wp\/v2\/media?parent=5395"}],"curies":[{"name":"wp","href":"https:\/\/api.w.org\/{rel}","templated":true}]}}