{"id":5566,"date":"2024-04-22T06:00:02","date_gmt":"2024-04-22T06:00:02","guid":{"rendered":"https:\/\/oandgaccounting.com\/staging\/?page_id=5566"},"modified":"2025-03-07T11:33:57","modified_gmt":"2025-03-07T11:33:57","slug":"u-s-tax-requirement-for-foreign-owned-u-s-single-member-llcs","status":"publish","type":"page","link":"https:\/\/oandgaccounting.com\/staging\/es\/resources\/u-s-tax-requirement-for-foreign-owned-u-s-single-member-llcs\/","title":{"rendered":"Requisitos fiscales de EE. UU. para sociedades de responsabilidad limitada (LLC) unipersonales estadounidenses de propiedad extranjera"},"content":{"rendered":"<div class=\"onefivequestion\">\n<div class=\"container py-4 text-left\">\n<h5>PREGUNTA: Como propietario de una LLC estadounidense de un solo miembro de propiedad extranjera, entiendo que como no realizo ning\u00fan negocio en los EE. UU., no estoy obligado a informar ingresos y gastos en el Formulario proforma 1120 y el Formulario 5472. \u00bfEs esto correcto?<\/h5>\n<h5>RESPUESTA DE LOS EXPERTOS: <\/h5>\n<p>S\u00ed, tu comprensi\u00f3n es correcta. Como propietario de una <a href=\"https:\/\/oandgaccounting.com\/staging\/foreign-owned-us-llc\/7-common-questions-about-foreign-owned-u-s-llcs-answered-by-a-cpa\/\" rel=\"noopener\" target=\"_blank\">LLC estadounidense de propiedad extranjera y unipersonal<\/a> que no realiza ning\u00fan negocio en los EE. UU., no est\u00e1 obligado a declarar ingresos y gastos en el <a href=\"https:\/\/oandgaccounting.com\/staging\/foreign-owned-us-llc\/how-to-file-forms-5472-and-1120-for-a-foreign-owned-single-member-llc\/\" rel=\"noopener\" target=\"_blank\">Formulario proforma 1120 o Formulario 5472<\/a>. Estos formularios est\u00e1n dise\u00f1ados principalmente para informar transacciones con partes relacionadas, no para detallar ingresos y gastos regulares.<\/p>\n<p>Sin embargo, si alguno de sus ingresos est\u00e1 potencialmente sujeto a impuestos en EE. UU., se deben utilizar diferentes formularios:<\/p>\n<ul>\n<li><strong>Para personas extranjeras:<\/strong> El formato apropiado es Formulario <a href=\"https:\/\/www.irs.gov\/forms-pubs\/about-form-1040-nr\" rel=\"noopener\" target=\"_blank\">1040-NR.<\/a><\/li>\n<li><strong>Para corporaciones extranjeras:<\/strong> La forma correcta es <a href=\"https:\/\/www.irs.gov\/forms-pubs\/about-form-1120-f\" rel=\"noopener\" target=\"_blank\">Formulario 1120-F<\/a>.<\/li>\n<\/ul>\n<p>Es fundamental consultar con un contador local en su pa\u00eds de residencia para verificar sus responsabilidades fiscales. Adem\u00e1s, considere las implicaciones fiscales a nivel estatal en EE. UU., ya que cada uno de los 50 estados puede tener diferentes requisitos en cuanto al impuesto sobre las ventas, el impuesto sobre el uso, el impuesto de franquicia, el impuesto estatal sobre la renta y el impuesto sobre los ingresos brutos.<\/p>\n<p>Para obtener informaci\u00f3n completa y garantizar el correcto cumplimiento de todas sus obligaciones tributarias, explore las opciones premium disponibles a trav\u00e9s de consultas con expertos. Hable directamente con un contador p\u00fablico para aclarar cualquier duda o situaci\u00f3n compleja relacionada con su situaci\u00f3n tributaria.<\/p>\n<p><a href=\"https:\/\/oandgaccounting.com\/staging\/appointment-booking-form\/\" rel=\"noopener\" target=\"_blank\">Haga clic aqu\u00ed para reservar una consulta con O&amp;G Tax and Accounting Services para obtener asesoramiento fiscal detallado y personalizado.<\/a><\/p>\n<\/p><\/div>","protected":false},"excerpt":{"rendered":"<p>QUESTION: As an owner of a foreign owned U.S single member LLC, I understand that as I do not conduct any business in the US, I am not required to report income and expenses on the proforma Form 1120 and Form 5472. Is this correct? EXPERTS ANSWER: Yes, your understanding is correct. As the owner &hellip; <a href=\"https:\/\/oandgaccounting.com\/staging\/es\/resources\/u-s-tax-requirement-for-foreign-owned-u-s-single-member-llcs\/\" class=\"more-link\">Continue reading<span class=\"screen-reader-text\"> &#8220;U.S. Tax Requirements for Foreign-Owned U.S. Single Member LLCs&#8221;<\/span><\/a><\/p>","protected":false},"author":1,"featured_media":0,"parent":24,"menu_order":0,"comment_status":"closed","ping_status":"closed","template":"default_withchat.php","meta":{"om_disable_all_campaigns":false,"_monsterinsights_skip_tracking":false,"_monsterinsights_sitenote_active":false,"_monsterinsights_sitenote_note":"","_monsterinsights_sitenote_category":0,"footnotes":""},"acf":[],"yoast_head":"<!-- This site is optimized with the Yoast SEO plugin v22.6 - https:\/\/yoast.com\/wordpress\/plugins\/seo\/ -->\n<title>U.S. Tax Requirements for Foreign-Owned U.S. Single Member LLCs - O&amp;G Tax and Accounting<\/title>\n<meta name=\"robots\" content=\"index, follow, max-snippet:-1, max-image-preview:large, max-video-preview:-1\" \/>\n<link rel=\"canonical\" href=\"https:\/\/oandgaccounting.com\/staging\/es\/resources\/u-s-tax-requirement-for-foreign-owned-u-s-single-member-llcs\/\" \/>\n<meta property=\"og:locale\" content=\"es_ES\" \/>\n<meta property=\"og:type\" content=\"article\" \/>\n<meta property=\"og:title\" content=\"U.S. Tax Requirements for Foreign-Owned U.S. Single Member LLCs - O&amp;G Tax and Accounting\" \/>\n<meta property=\"og:description\" content=\"QUESTION: As an owner of a foreign owned U.S single member LLC, I understand that as I do not conduct any business in the US, I am not required to report income and expenses on the proforma Form 1120 and Form 5472. Is this correct? EXPERTS ANSWER: Yes, your understanding is correct. As the owner &hellip; Continue reading &quot;U.S. Tax Requirements for Foreign-Owned U.S. Single Member LLCs&quot;\" \/>\n<meta property=\"og:url\" content=\"https:\/\/oandgaccounting.com\/staging\/es\/resources\/u-s-tax-requirement-for-foreign-owned-u-s-single-member-llcs\/\" \/>\n<meta property=\"og:site_name\" content=\"O&amp;G Tax and Accounting\" \/>\n<meta property=\"article:modified_time\" content=\"2025-03-07T11:33:57+00:00\" \/>\n<meta property=\"og:image\" content=\"https:\/\/oandgaccounting.com\/staging\/wp-content\/uploads\/2024\/04\/Rectangle-1420.jpg\" \/>\n\t<meta property=\"og:image:width\" content=\"975\" \/>\n\t<meta property=\"og:image:height\" content=\"975\" \/>\n\t<meta property=\"og:image:type\" content=\"image\/jpeg\" \/>\n<meta name=\"twitter:card\" content=\"summary_large_image\" \/>\n<meta name=\"twitter:label1\" content=\"Tiempo de lectura\" \/>\n\t<meta name=\"twitter:data1\" content=\"2 minutos\" \/>\n<script type=\"application\/ld+json\" class=\"yoast-schema-graph\">{\"@context\":\"https:\/\/schema.org\",\"@graph\":[{\"@type\":\"WebPage\",\"@id\":\"https:\/\/oandgaccounting.com\/staging\/resources\/u-s-tax-requirement-for-foreign-owned-u-s-single-member-llcs\/\",\"url\":\"https:\/\/oandgaccounting.com\/staging\/resources\/u-s-tax-requirement-for-foreign-owned-u-s-single-member-llcs\/\",\"name\":\"U.S. Tax Requirements for Foreign-Owned U.S. Single Member LLCs - O&amp;G Tax and Accounting\",\"isPartOf\":{\"@id\":\"https:\/\/oandgaccounting.com\/staging\/#website\"},\"datePublished\":\"2024-04-22T06:00:02+00:00\",\"dateModified\":\"2025-03-07T11:33:57+00:00\",\"breadcrumb\":{\"@id\":\"https:\/\/oandgaccounting.com\/staging\/resources\/u-s-tax-requirement-for-foreign-owned-u-s-single-member-llcs\/#breadcrumb\"},\"inLanguage\":\"es\",\"potentialAction\":[{\"@type\":\"ReadAction\",\"target\":[\"https:\/\/oandgaccounting.com\/staging\/resources\/u-s-tax-requirement-for-foreign-owned-u-s-single-member-llcs\/\"]}]},{\"@type\":\"BreadcrumbList\",\"@id\":\"https:\/\/oandgaccounting.com\/staging\/resources\/u-s-tax-requirement-for-foreign-owned-u-s-single-member-llcs\/#breadcrumb\",\"itemListElement\":[{\"@type\":\"ListItem\",\"position\":1,\"name\":\"Resources\",\"item\":\"https:\/\/oandgaccounting.com\/staging\/resources\/\"},{\"@type\":\"ListItem\",\"position\":2,\"name\":\"U.S. Tax Requirements for Foreign-Owned U.S. Single Member LLCs\"}]},{\"@type\":\"WebSite\",\"@id\":\"https:\/\/oandgaccounting.com\/staging\/#website\",\"url\":\"https:\/\/oandgaccounting.com\/staging\/\",\"name\":\"O&amp;G Tax and Accounting\",\"description\":\"\",\"publisher\":{\"@id\":\"https:\/\/oandgaccounting.com\/staging\/#organization\"},\"potentialAction\":[{\"@type\":\"SearchAction\",\"target\":{\"@type\":\"EntryPoint\",\"urlTemplate\":\"https:\/\/oandgaccounting.com\/staging\/?s={search_term_string}\"},\"query-input\":\"required name=search_term_string\"}],\"inLanguage\":\"es\"},{\"@type\":\"Organization\",\"@id\":\"https:\/\/oandgaccounting.com\/staging\/#organization\",\"name\":\"O&amp;G Tax and Accounting\",\"url\":\"https:\/\/oandgaccounting.com\/staging\/\",\"logo\":{\"@type\":\"ImageObject\",\"inLanguage\":\"es\",\"@id\":\"https:\/\/oandgaccounting.com\/staging\/#\/schema\/logo\/image\/\",\"url\":\"https:\/\/oandgaccounting.com\/staging\/wp-content\/uploads\/2019\/07\/logo.png\",\"contentUrl\":\"https:\/\/oandgaccounting.com\/staging\/wp-content\/uploads\/2019\/07\/logo.png\",\"width\":123,\"height\":74,\"caption\":\"O&amp;G Tax and Accounting\"},\"image\":{\"@id\":\"https:\/\/oandgaccounting.com\/staging\/#\/schema\/logo\/image\/\"}}]}<\/script>\n<!-- \/ Yoast SEO plugin. -->","yoast_head_json":{"title":"U.S. Tax Requirements for Foreign-Owned U.S. Single Member LLCs - O&amp;G Tax and Accounting","robots":{"index":"index","follow":"follow","max-snippet":"max-snippet:-1","max-image-preview":"max-image-preview:large","max-video-preview":"max-video-preview:-1"},"canonical":"https:\/\/oandgaccounting.com\/staging\/es\/resources\/u-s-tax-requirement-for-foreign-owned-u-s-single-member-llcs\/","og_locale":"es_ES","og_type":"article","og_title":"U.S. Tax Requirements for Foreign-Owned U.S. Single Member LLCs - O&amp;G Tax and Accounting","og_description":"QUESTION: As an owner of a foreign owned U.S single member LLC, I understand that as I do not conduct any business in the US, I am not required to report income and expenses on the proforma Form 1120 and Form 5472. Is this correct? EXPERTS ANSWER: Yes, your understanding is correct. As the owner &hellip; Continue reading \"U.S. Tax Requirements for Foreign-Owned U.S. Single Member LLCs\"","og_url":"https:\/\/oandgaccounting.com\/staging\/es\/resources\/u-s-tax-requirement-for-foreign-owned-u-s-single-member-llcs\/","og_site_name":"O&amp;G Tax and Accounting","article_modified_time":"2025-03-07T11:33:57+00:00","og_image":[{"width":975,"height":975,"url":"https:\/\/oandgaccounting.com\/staging\/wp-content\/uploads\/2024\/04\/Rectangle-1420.jpg","type":"image\/jpeg"}],"twitter_card":"summary_large_image","twitter_misc":{"Tiempo de lectura":"2 minutos"},"schema":{"@context":"https:\/\/schema.org","@graph":[{"@type":"WebPage","@id":"https:\/\/oandgaccounting.com\/staging\/resources\/u-s-tax-requirement-for-foreign-owned-u-s-single-member-llcs\/","url":"https:\/\/oandgaccounting.com\/staging\/resources\/u-s-tax-requirement-for-foreign-owned-u-s-single-member-llcs\/","name":"U.S. Tax Requirements for Foreign-Owned U.S. Single Member LLCs - O&amp;G Tax and Accounting","isPartOf":{"@id":"https:\/\/oandgaccounting.com\/staging\/#website"},"datePublished":"2024-04-22T06:00:02+00:00","dateModified":"2025-03-07T11:33:57+00:00","breadcrumb":{"@id":"https:\/\/oandgaccounting.com\/staging\/resources\/u-s-tax-requirement-for-foreign-owned-u-s-single-member-llcs\/#breadcrumb"},"inLanguage":"es","potentialAction":[{"@type":"ReadAction","target":["https:\/\/oandgaccounting.com\/staging\/resources\/u-s-tax-requirement-for-foreign-owned-u-s-single-member-llcs\/"]}]},{"@type":"BreadcrumbList","@id":"https:\/\/oandgaccounting.com\/staging\/resources\/u-s-tax-requirement-for-foreign-owned-u-s-single-member-llcs\/#breadcrumb","itemListElement":[{"@type":"ListItem","position":1,"name":"Resources","item":"https:\/\/oandgaccounting.com\/staging\/resources\/"},{"@type":"ListItem","position":2,"name":"U.S. Tax Requirements for Foreign-Owned U.S. Single Member LLCs"}]},{"@type":"WebSite","@id":"https:\/\/oandgaccounting.com\/staging\/#website","url":"https:\/\/oandgaccounting.com\/staging\/","name":"O&amp;G Tax and Accounting","description":"","publisher":{"@id":"https:\/\/oandgaccounting.com\/staging\/#organization"},"potentialAction":[{"@type":"SearchAction","target":{"@type":"EntryPoint","urlTemplate":"https:\/\/oandgaccounting.com\/staging\/?s={search_term_string}"},"query-input":"required name=search_term_string"}],"inLanguage":"es"},{"@type":"Organization","@id":"https:\/\/oandgaccounting.com\/staging\/#organization","name":"O&amp;G Tax and Accounting","url":"https:\/\/oandgaccounting.com\/staging\/","logo":{"@type":"ImageObject","inLanguage":"es","@id":"https:\/\/oandgaccounting.com\/staging\/#\/schema\/logo\/image\/","url":"https:\/\/oandgaccounting.com\/staging\/wp-content\/uploads\/2019\/07\/logo.png","contentUrl":"https:\/\/oandgaccounting.com\/staging\/wp-content\/uploads\/2019\/07\/logo.png","width":123,"height":74,"caption":"O&amp;G Tax and Accounting"},"image":{"@id":"https:\/\/oandgaccounting.com\/staging\/#\/schema\/logo\/image\/"}}]}},"_links":{"self":[{"href":"https:\/\/oandgaccounting.com\/staging\/es\/wp-json\/wp\/v2\/pages\/5566"}],"collection":[{"href":"https:\/\/oandgaccounting.com\/staging\/es\/wp-json\/wp\/v2\/pages"}],"about":[{"href":"https:\/\/oandgaccounting.com\/staging\/es\/wp-json\/wp\/v2\/types\/page"}],"author":[{"embeddable":true,"href":"https:\/\/oandgaccounting.com\/staging\/es\/wp-json\/wp\/v2\/users\/1"}],"replies":[{"embeddable":true,"href":"https:\/\/oandgaccounting.com\/staging\/es\/wp-json\/wp\/v2\/comments?post=5566"}],"version-history":[{"count":4,"href":"https:\/\/oandgaccounting.com\/staging\/es\/wp-json\/wp\/v2\/pages\/5566\/revisions"}],"predecessor-version":[{"id":6297,"href":"https:\/\/oandgaccounting.com\/staging\/es\/wp-json\/wp\/v2\/pages\/5566\/revisions\/6297"}],"up":[{"embeddable":true,"href":"https:\/\/oandgaccounting.com\/staging\/es\/wp-json\/wp\/v2\/pages\/24"}],"wp:attachment":[{"href":"https:\/\/oandgaccounting.com\/staging\/es\/wp-json\/wp\/v2\/media?parent=5566"}],"curies":[{"name":"wp","href":"https:\/\/api.w.org\/{rel}","templated":true}]}}