{"id":5621,"date":"2024-04-22T09:50:18","date_gmt":"2024-04-22T09:50:18","guid":{"rendered":"https:\/\/oandgaccounting.com\/staging\/?page_id=5621"},"modified":"2025-03-07T12:02:09","modified_gmt":"2025-03-07T12:02:09","slug":"navigating-delinquent-filing-for-foreign-owned-u-s-llcs-should-you-attach-a-reasonable-cause-statement","status":"publish","type":"page","link":"https:\/\/oandgaccounting.com\/staging\/es\/resources\/navigating-delinquent-filing-for-foreign-owned-u-s-llcs-should-you-attach-a-reasonable-cause-statement\/","title":{"rendered":"C\u00f3mo abordar la presentaci\u00f3n de declaraciones de morosidad para sociedades de responsabilidad limitada (LLC) estadounidenses de propiedad extranjera: \u00bfdebe adjuntar una declaraci\u00f3n de causa razonable?"},"content":{"rendered":"<div class=\"onefivequestion\">\n<div class=\"container py-4 text-left\">\n<h5>PREGUNTA: Como propietario extranjero de una LLC estadounidense de un solo miembro, me di cuenta de que no cumplimos con la fecha l\u00edmite de presentaci\u00f3n del Formulario pro forma 1120 y el Formulario 5472. \u00bfDeber\u00edamos presentar una \u201cDeclaraci\u00f3n de informaci\u00f3n internacional morosa\u201d e incluir una declaraci\u00f3n que explique nuestra demora para evitar posibles sanciones?<\/h5>\n<h5>RESPUESTA DE LOS EXPERTOS: <\/h5>\n<p>Si eres un <a href=\"https:\/\/oandgaccounting.com\/staging\/foreign-owned-us-llc\/7-common-questions-about-foreign-owned-u-s-llcs-answered-by-a-cpa\/\" rel=\"noopener\" target=\"_blank\">propietario extranjero de una LLC unipersonal estadounidense <\/a>y han perdido la fecha l\u00edmite de presentaci\u00f3n de la solicitud <a href=\"https:\/\/oandgaccounting.com\/staging\/foreign-owned-us-llc\/how-to-file-forms-5472-and-1120-for-a-foreign-owned-single-member-llc\/\" rel=\"noopener\" target=\"_blank\">Formulario proforma 1120 y Formulario 5472<\/a>, es posible que est\u00e9s considerando el <a href=\"https:\/\/www.irs.gov\/individuals\/international-taxpayers\/delinquent-international-information-return-submission-procedures\" rel=\"noopener\" target=\"_blank\">Procedimientos de presentaci\u00f3n de declaraciones de informaci\u00f3n internacional morosa<\/a>. Esto es lo que necesita saber sobre c\u00f3mo gestionar posibles sanciones y si debe adjuntar una declaraci\u00f3n de causa razonable.<\/p>\n<p><strong>Entendiendo la postura del IRS:<\/strong> El IRS ha declarado expl\u00edcitamente que se pueden imponer sanciones durante el procesamiento de declaraciones internacionales morosas sin tener en cuenta ninguna declaraci\u00f3n de causa razonable adjunta. Esto implica que, si bien se puede adjuntar dicha declaraci\u00f3n, es posible que esta no influya en la decisi\u00f3n inicial sobre la sanci\u00f3n.<\/p>\n<h5>Consideraciones estrat\u00e9gicas:<\/h5>\n<ul>\n<li><strong>Presentaci\u00f3n inicial:<\/strong> Conc\u00e9ntrese en presentar los formularios morosos con prontitud mediante los procedimientos habituales. Esto es crucial para demostrar su esfuerzo por cumplir con las obligaciones.<\/li>\n<li><strong>Adjuntar declaraciones:<\/strong> Adjuntar una declaraci\u00f3n de causa razonable al momento de la presentaci\u00f3n es una opci\u00f3n, pero podr\u00eda no considerarse de inmediato. El IRS generalmente revisa estas declaraciones con mayor profundidad solo si se imponen sanciones y se inicia una revisi\u00f3n adicional.<\/li>\n<li><strong>Reservando tus Razones:<\/strong> Seg\u00fan mi experiencia profesional, conviene reservar los motivos detallados de la demora hasta despu\u00e9s de la imposici\u00f3n de la sanci\u00f3n. Esto le permite adaptar su respuesta espec\u00edficamente a cualquier consulta del IRS o requisito de reducci\u00f3n de la sanci\u00f3n, lo que podr\u00eda reforzar su argumento.<\/li>\n<\/ul>\n<h5>Pasos pr\u00e1cticos:<\/h5>\n<ol>\n<li><strong>Presentar devoluciones morosas:<\/strong> Complete todos los formularios necesarios lo antes posible para mitigar m\u00e1s complicaciones.<\/li>\n<li><strong>Declaraci\u00f3n de causa razonable opcional:<\/strong> Adjunte una declaraci\u00f3n si cree que fortalece su caso, pero prep\u00e1rese para defender sus razones de manera m\u00e1s s\u00f3lida si el IRS se comunica con usted.<\/li>\n<li><strong>Responder a la correspondencia del IRS:<\/strong> Est\u00e9 preparado para enviar o volver a enviar informaci\u00f3n de causa razonable si el IRS la solicita despu\u00e9s de la evaluaci\u00f3n inicial.<\/li>\n<\/ol>\n<p><strong>Perspectivas de cumplimiento anteriores:<\/strong> Si bien he tenido casos en los que los clientes no han enfrentado sanciones por entregas tard\u00edas desde 2017, esto no garantiza un resultado. Cada caso se eval\u00faa individualmente, y la indulgencia previa no garantiza un resultado similar en su situaci\u00f3n.<\/p>\n<p>Mientras se adjunta un <a href=\"https:\/\/www.irs.gov\/payments\/penalty-relief-for-reasonable-cause\" rel=\"noopener\" target=\"_blank\">declaraci\u00f3n de causa razonable<\/a> Si bien se permite la presentaci\u00f3n de declaraciones morosas al momento de presentarlas, su impacto inmediato en la imposici\u00f3n de multas puede ser limitado. Conc\u00e9ntrese primero en el cumplimiento presentando los formularios requeridos y prep\u00e1rese para una conversaci\u00f3n detallada con el IRS si se imponen multas.<\/p>\n<p><strong>Ayuda adicional:<\/strong> Para obtener asesoramiento m\u00e1s detallado y adaptado a sus circunstancias espec\u00edficas o para hablar sobre su caso con un profesional fiscal, considere los Servicios de Impuestos y Contabilidad de O&amp;G. Nuestros expertos est\u00e1n capacitados para ayudarle con asuntos fiscales internacionales complejos y pueden ayudarle a garantizar su cumplimiento con las obligaciones tributarias estadounidenses. Programe su consulta hoy mismo para explorar opciones premium y recibir asesoramiento experto. <a href=\"https:\/\/oandgaccounting.com\/staging\/appointment-booking-form\/\" rel=\"noopener\" target=\"_blank\">Reserve su consulta<\/a>.<\/p>\n<\/p><\/div>","protected":false},"excerpt":{"rendered":"<p>QUESTION: As a foreign owner of a U.S. single-member LLC, I realized that we missed the filing deadline for the pro forma Form 1120 and Form 5472. Should we file a &#8220;Delinquent International Information Return&#8221; and include a statement explaining our delay to avoid potential penalties? EXPERTS ANSWER: If you&#8217;re a foreign owner of a &hellip; <a href=\"https:\/\/oandgaccounting.com\/staging\/es\/resources\/navigating-delinquent-filing-for-foreign-owned-u-s-llcs-should-you-attach-a-reasonable-cause-statement\/\" class=\"more-link\">Continue reading<span class=\"screen-reader-text\"> &#8220;Navigating Delinquent Filing for Foreign-Owned U.S. LLCs: Should You Attach a Reasonable Cause Statement?&#8221;<\/span><\/a><\/p>","protected":false},"author":1,"featured_media":0,"parent":24,"menu_order":0,"comment_status":"closed","ping_status":"closed","template":"default_withchat.php","meta":{"om_disable_all_campaigns":false,"_monsterinsights_skip_tracking":false,"_monsterinsights_sitenote_active":false,"_monsterinsights_sitenote_note":"","_monsterinsights_sitenote_category":0,"footnotes":""},"acf":[],"yoast_head":"<!-- This site is optimized with the Yoast SEO plugin v22.6 - https:\/\/yoast.com\/wordpress\/plugins\/seo\/ -->\n<title>Navigating Delinquent Filing for Foreign-Owned U.S. LLCs: Should You Attach a Reasonable Cause Statement? - O&amp;G Tax and Accounting<\/title>\n<meta name=\"robots\" content=\"index, follow, max-snippet:-1, max-image-preview:large, max-video-preview:-1\" \/>\n<link rel=\"canonical\" href=\"https:\/\/oandgaccounting.com\/staging\/es\/resources\/navigating-delinquent-filing-for-foreign-owned-u-s-llcs-should-you-attach-a-reasonable-cause-statement\/\" \/>\n<meta property=\"og:locale\" content=\"es_ES\" \/>\n<meta property=\"og:type\" content=\"article\" \/>\n<meta property=\"og:title\" content=\"Navigating Delinquent Filing for Foreign-Owned U.S. LLCs: Should You Attach a Reasonable Cause Statement? - O&amp;G Tax and Accounting\" \/>\n<meta property=\"og:description\" content=\"QUESTION: As a foreign owner of a U.S. single-member LLC, I realized that we missed the filing deadline for the pro forma Form 1120 and Form 5472. Should we file a &#8220;Delinquent International Information Return&#8221; and include a statement explaining our delay to avoid potential penalties? EXPERTS ANSWER: If you&#8217;re a foreign owner of a &hellip; Continue reading &quot;Navigating Delinquent Filing for Foreign-Owned U.S. LLCs: Should You Attach a Reasonable Cause Statement?&quot;\" \/>\n<meta property=\"og:url\" content=\"https:\/\/oandgaccounting.com\/staging\/es\/resources\/navigating-delinquent-filing-for-foreign-owned-u-s-llcs-should-you-attach-a-reasonable-cause-statement\/\" \/>\n<meta property=\"og:site_name\" content=\"O&amp;G Tax and Accounting\" \/>\n<meta property=\"article:modified_time\" content=\"2025-03-07T12:02:09+00:00\" \/>\n<meta property=\"og:image\" content=\"https:\/\/oandgaccounting.com\/staging\/wp-content\/uploads\/2024\/04\/Rectangle-1416.jpg\" \/>\n\t<meta property=\"og:image:width\" content=\"975\" \/>\n\t<meta property=\"og:image:height\" content=\"975\" \/>\n\t<meta property=\"og:image:type\" content=\"image\/jpeg\" \/>\n<meta name=\"twitter:card\" content=\"summary_large_image\" \/>\n<meta name=\"twitter:label1\" content=\"Tiempo de lectura\" \/>\n\t<meta name=\"twitter:data1\" content=\"3 minutos\" \/>\n<script type=\"application\/ld+json\" class=\"yoast-schema-graph\">{\"@context\":\"https:\/\/schema.org\",\"@graph\":[{\"@type\":\"WebPage\",\"@id\":\"https:\/\/oandgaccounting.com\/staging\/resources\/navigating-delinquent-filing-for-foreign-owned-u-s-llcs-should-you-attach-a-reasonable-cause-statement\/\",\"url\":\"https:\/\/oandgaccounting.com\/staging\/resources\/navigating-delinquent-filing-for-foreign-owned-u-s-llcs-should-you-attach-a-reasonable-cause-statement\/\",\"name\":\"Navigating Delinquent Filing for Foreign-Owned U.S. LLCs: Should You Attach a Reasonable Cause Statement? - O&amp;G Tax and Accounting\",\"isPartOf\":{\"@id\":\"https:\/\/oandgaccounting.com\/staging\/#website\"},\"datePublished\":\"2024-04-22T09:50:18+00:00\",\"dateModified\":\"2025-03-07T12:02:09+00:00\",\"breadcrumb\":{\"@id\":\"https:\/\/oandgaccounting.com\/staging\/resources\/navigating-delinquent-filing-for-foreign-owned-u-s-llcs-should-you-attach-a-reasonable-cause-statement\/#breadcrumb\"},\"inLanguage\":\"es\",\"potentialAction\":[{\"@type\":\"ReadAction\",\"target\":[\"https:\/\/oandgaccounting.com\/staging\/resources\/navigating-delinquent-filing-for-foreign-owned-u-s-llcs-should-you-attach-a-reasonable-cause-statement\/\"]}]},{\"@type\":\"BreadcrumbList\",\"@id\":\"https:\/\/oandgaccounting.com\/staging\/resources\/navigating-delinquent-filing-for-foreign-owned-u-s-llcs-should-you-attach-a-reasonable-cause-statement\/#breadcrumb\",\"itemListElement\":[{\"@type\":\"ListItem\",\"position\":1,\"name\":\"Resources\",\"item\":\"https:\/\/oandgaccounting.com\/staging\/resources\/\"},{\"@type\":\"ListItem\",\"position\":2,\"name\":\"Navigating Delinquent Filing for Foreign-Owned U.S. LLCs: Should You Attach a Reasonable Cause Statement?\"}]},{\"@type\":\"WebSite\",\"@id\":\"https:\/\/oandgaccounting.com\/staging\/#website\",\"url\":\"https:\/\/oandgaccounting.com\/staging\/\",\"name\":\"O&amp;G Tax and Accounting\",\"description\":\"\",\"publisher\":{\"@id\":\"https:\/\/oandgaccounting.com\/staging\/#organization\"},\"potentialAction\":[{\"@type\":\"SearchAction\",\"target\":{\"@type\":\"EntryPoint\",\"urlTemplate\":\"https:\/\/oandgaccounting.com\/staging\/?s={search_term_string}\"},\"query-input\":\"required name=search_term_string\"}],\"inLanguage\":\"es\"},{\"@type\":\"Organization\",\"@id\":\"https:\/\/oandgaccounting.com\/staging\/#organization\",\"name\":\"O&amp;G Tax and Accounting\",\"url\":\"https:\/\/oandgaccounting.com\/staging\/\",\"logo\":{\"@type\":\"ImageObject\",\"inLanguage\":\"es\",\"@id\":\"https:\/\/oandgaccounting.com\/staging\/#\/schema\/logo\/image\/\",\"url\":\"https:\/\/oandgaccounting.com\/staging\/wp-content\/uploads\/2019\/07\/logo.png\",\"contentUrl\":\"https:\/\/oandgaccounting.com\/staging\/wp-content\/uploads\/2019\/07\/logo.png\",\"width\":123,\"height\":74,\"caption\":\"O&amp;G Tax and Accounting\"},\"image\":{\"@id\":\"https:\/\/oandgaccounting.com\/staging\/#\/schema\/logo\/image\/\"}}]}<\/script>\n<!-- \/ Yoast SEO plugin. -->","yoast_head_json":{"title":"Navigating Delinquent Filing for Foreign-Owned U.S. LLCs: Should You Attach a Reasonable Cause Statement? - O&amp;G Tax and Accounting","robots":{"index":"index","follow":"follow","max-snippet":"max-snippet:-1","max-image-preview":"max-image-preview:large","max-video-preview":"max-video-preview:-1"},"canonical":"https:\/\/oandgaccounting.com\/staging\/es\/resources\/navigating-delinquent-filing-for-foreign-owned-u-s-llcs-should-you-attach-a-reasonable-cause-statement\/","og_locale":"es_ES","og_type":"article","og_title":"Navigating Delinquent Filing for Foreign-Owned U.S. LLCs: Should You Attach a Reasonable Cause Statement? - O&amp;G Tax and Accounting","og_description":"QUESTION: As a foreign owner of a U.S. single-member LLC, I realized that we missed the filing deadline for the pro forma Form 1120 and Form 5472. Should we file a &#8220;Delinquent International Information Return&#8221; and include a statement explaining our delay to avoid potential penalties? EXPERTS ANSWER: If you&#8217;re a foreign owner of a &hellip; Continue reading \"Navigating Delinquent Filing for Foreign-Owned U.S. LLCs: Should You Attach a Reasonable Cause Statement?\"","og_url":"https:\/\/oandgaccounting.com\/staging\/es\/resources\/navigating-delinquent-filing-for-foreign-owned-u-s-llcs-should-you-attach-a-reasonable-cause-statement\/","og_site_name":"O&amp;G Tax and Accounting","article_modified_time":"2025-03-07T12:02:09+00:00","og_image":[{"width":975,"height":975,"url":"https:\/\/oandgaccounting.com\/staging\/wp-content\/uploads\/2024\/04\/Rectangle-1416.jpg","type":"image\/jpeg"}],"twitter_card":"summary_large_image","twitter_misc":{"Tiempo de lectura":"3 minutos"},"schema":{"@context":"https:\/\/schema.org","@graph":[{"@type":"WebPage","@id":"https:\/\/oandgaccounting.com\/staging\/resources\/navigating-delinquent-filing-for-foreign-owned-u-s-llcs-should-you-attach-a-reasonable-cause-statement\/","url":"https:\/\/oandgaccounting.com\/staging\/resources\/navigating-delinquent-filing-for-foreign-owned-u-s-llcs-should-you-attach-a-reasonable-cause-statement\/","name":"Navigating Delinquent Filing for Foreign-Owned U.S. LLCs: Should You Attach a Reasonable Cause Statement? - O&amp;G Tax and Accounting","isPartOf":{"@id":"https:\/\/oandgaccounting.com\/staging\/#website"},"datePublished":"2024-04-22T09:50:18+00:00","dateModified":"2025-03-07T12:02:09+00:00","breadcrumb":{"@id":"https:\/\/oandgaccounting.com\/staging\/resources\/navigating-delinquent-filing-for-foreign-owned-u-s-llcs-should-you-attach-a-reasonable-cause-statement\/#breadcrumb"},"inLanguage":"es","potentialAction":[{"@type":"ReadAction","target":["https:\/\/oandgaccounting.com\/staging\/resources\/navigating-delinquent-filing-for-foreign-owned-u-s-llcs-should-you-attach-a-reasonable-cause-statement\/"]}]},{"@type":"BreadcrumbList","@id":"https:\/\/oandgaccounting.com\/staging\/resources\/navigating-delinquent-filing-for-foreign-owned-u-s-llcs-should-you-attach-a-reasonable-cause-statement\/#breadcrumb","itemListElement":[{"@type":"ListItem","position":1,"name":"Resources","item":"https:\/\/oandgaccounting.com\/staging\/resources\/"},{"@type":"ListItem","position":2,"name":"Navigating Delinquent Filing for Foreign-Owned U.S. LLCs: Should You Attach a Reasonable Cause Statement?"}]},{"@type":"WebSite","@id":"https:\/\/oandgaccounting.com\/staging\/#website","url":"https:\/\/oandgaccounting.com\/staging\/","name":"O&amp;G Tax and Accounting","description":"","publisher":{"@id":"https:\/\/oandgaccounting.com\/staging\/#organization"},"potentialAction":[{"@type":"SearchAction","target":{"@type":"EntryPoint","urlTemplate":"https:\/\/oandgaccounting.com\/staging\/?s={search_term_string}"},"query-input":"required name=search_term_string"}],"inLanguage":"es"},{"@type":"Organization","@id":"https:\/\/oandgaccounting.com\/staging\/#organization","name":"O&amp;G Tax and Accounting","url":"https:\/\/oandgaccounting.com\/staging\/","logo":{"@type":"ImageObject","inLanguage":"es","@id":"https:\/\/oandgaccounting.com\/staging\/#\/schema\/logo\/image\/","url":"https:\/\/oandgaccounting.com\/staging\/wp-content\/uploads\/2019\/07\/logo.png","contentUrl":"https:\/\/oandgaccounting.com\/staging\/wp-content\/uploads\/2019\/07\/logo.png","width":123,"height":74,"caption":"O&amp;G Tax and Accounting"},"image":{"@id":"https:\/\/oandgaccounting.com\/staging\/#\/schema\/logo\/image\/"}}]}},"_links":{"self":[{"href":"https:\/\/oandgaccounting.com\/staging\/es\/wp-json\/wp\/v2\/pages\/5621"}],"collection":[{"href":"https:\/\/oandgaccounting.com\/staging\/es\/wp-json\/wp\/v2\/pages"}],"about":[{"href":"https:\/\/oandgaccounting.com\/staging\/es\/wp-json\/wp\/v2\/types\/page"}],"author":[{"embeddable":true,"href":"https:\/\/oandgaccounting.com\/staging\/es\/wp-json\/wp\/v2\/users\/1"}],"replies":[{"embeddable":true,"href":"https:\/\/oandgaccounting.com\/staging\/es\/wp-json\/wp\/v2\/comments?post=5621"}],"version-history":[{"count":6,"href":"https:\/\/oandgaccounting.com\/staging\/es\/wp-json\/wp\/v2\/pages\/5621\/revisions"}],"predecessor-version":[{"id":6310,"href":"https:\/\/oandgaccounting.com\/staging\/es\/wp-json\/wp\/v2\/pages\/5621\/revisions\/6310"}],"up":[{"embeddable":true,"href":"https:\/\/oandgaccounting.com\/staging\/es\/wp-json\/wp\/v2\/pages\/24"}],"wp:attachment":[{"href":"https:\/\/oandgaccounting.com\/staging\/es\/wp-json\/wp\/v2\/media?parent=5621"}],"curies":[{"name":"wp","href":"https:\/\/api.w.org\/{rel}","templated":true}]}}