{"id":5626,"date":"2024-04-22T09:57:49","date_gmt":"2024-04-22T09:57:49","guid":{"rendered":"https:\/\/oandgaccounting.com\/staging\/?page_id=5626"},"modified":"2025-03-07T12:02:41","modified_gmt":"2025-03-07T12:02:41","slug":"does-electing-c-corp-status-for-your-llc-affect-your-ein","status":"publish","type":"page","link":"https:\/\/oandgaccounting.com\/staging\/es\/resources\/does-electing-c-corp-status-for-your-llc-affect-your-ein\/","title":{"rendered":"\u00bfLa elecci\u00f3n del estatus C-Corp para su LLC afecta su EIN?"},"content":{"rendered":"<div class=\"onefivequestion\">\n<div class=\"container py-4 text-left\">\n<h5>PREGUNTA: Si mi LLC decide ser considerada una Corporaci\u00f3n C, \u00bfrequerir\u00e1 un nuevo N\u00famero de Identificaci\u00f3n Patronal (EIN)? Estoy considerando transferir todas las acciones de mi LLC a un familiar, como mi esposa u otro pariente, para optimizar los impuestos futuros. He o\u00eddo que esto tambi\u00e9n podr\u00eda requerir cambios en el EIN. \u00bfPodr\u00edan aclarar esto o dirigirme a alguien que pueda ayudarme? La LLC est\u00e1 registrada en Wyoming.<\/h5>\n<h5>RESPUESTA DE LOS EXPERTOS: <\/h5>\n<p><a href=\"https:\/\/www.irs.gov\/businesses\/small-businesses-self-employed\/llc-filing-as-a-corporation-or-partnership\" rel=\"noopener\" target=\"_blank\">Elegir que su LLC sea tratada como una C-Corp<\/a> No requiere obtener una nueva <a href=\"https:\/\/www.irs.gov\/businesses\/small-businesses-self-employed\/employer-id-numbers#:~:text=An%20Employer%20Identification%20Number%20(EIN,now%20you%20may%20apply%20online.\" rel=\"noopener\" target=\"_blank\">N\u00famero de identificaci\u00f3n del empleador (EIN)<\/a>. Por ejemplo, si su LLC, originalmente gravada como una entidad de transferencia, elige gravarse como una C-Corp, su EIN permanece igual.<\/p>\n<p>Sin embargo, si est\u00e1 considerando transferir todas las acciones de su LLC a un miembro de la familia, como su esposa u otro pariente, para optimizar potencialmente los impuestos futuros, tenga en cuenta que si bien el EIN seguir\u00e1 siendo el mismo, debe actualizar al IRS con la informaci\u00f3n sobre el nuevo funcionario responsable presentando <a href=\"https:\/\/www.irs.gov\/forms-pubs\/about-form-8822-b\" rel=\"noopener\" target=\"_blank\">formulario 8822-B<\/a>. Este cambio garantiza que el IRS tenga la persona de contacto correcta para cualquier asunto relacionado con la LLC.<\/p>\n<p>Ejemplo de escenario: Supongamos que John Smith transfiere la propiedad 100% de su LLC registrada en Wyoming, inicialmente considerada como una entidad ignorada, a su esposa. Tras la transferencia, aunque la clasificaci\u00f3n fiscal y el EIN de la LLC permanecen sin cambios, John debe notificar al IRS mediante el formulario 8822-B para modificar los datos del funcionario responsable y reflejar la informaci\u00f3n de su esposa.<\/p>\n<p><strong>Pr\u00f3ximos pasos:<\/strong> Para obtener orientaci\u00f3n detallada sobre c\u00f3mo esta transici\u00f3n afecta su situaci\u00f3n fiscal espec\u00edfica y garantizar el cumplimiento de los requisitos del IRS, le recomendamos consultar con un profesional fiscal especializado. O&amp;G Tax and Accounting Services ofrece asesoramiento especializado adaptado a sus circunstancias particulares.<\/p>\n<p>Para una consulta personalizada, visite nuestro formulario de reserva de citas: <a href=\"https:\/\/oandgaccounting.com\/staging\/appointment-booking-form\/\" rel=\"noopener\" target=\"_blank\">Consultor\u00eda de servicios contables e impositivos de petr\u00f3leo y gas<\/a>.<\/p>\n<\/p><\/div>","protected":false},"excerpt":{"rendered":"<p>QUESTION: If my LLC elects to be treated as a C-Corp, will it require a new Employer Identification Number (EIN)? I am considering transferring all my LLC shares to a family member, like my wife or another relative, to optimize future taxes. I\u2019ve heard this might also require changes to the EIN. Can you clarify &hellip; <a href=\"https:\/\/oandgaccounting.com\/staging\/es\/resources\/does-electing-c-corp-status-for-your-llc-affect-your-ein\/\" class=\"more-link\">Continue reading<span class=\"screen-reader-text\"> &#8220;Does Electing C-Corp Status for Your LLC Affect Your EIN?&#8221;<\/span><\/a><\/p>","protected":false},"author":1,"featured_media":0,"parent":24,"menu_order":0,"comment_status":"closed","ping_status":"closed","template":"default_withchat.php","meta":{"om_disable_all_campaigns":false,"_monsterinsights_skip_tracking":false,"_monsterinsights_sitenote_active":false,"_monsterinsights_sitenote_note":"","_monsterinsights_sitenote_category":0,"footnotes":""},"acf":[],"yoast_head":"<!-- This site is optimized with the Yoast SEO plugin v22.6 - https:\/\/yoast.com\/wordpress\/plugins\/seo\/ -->\n<title>Does Electing C-Corp Status for Your LLC Affect Your EIN? - O&amp;G Tax and Accounting<\/title>\n<meta name=\"robots\" content=\"index, follow, max-snippet:-1, max-image-preview:large, max-video-preview:-1\" \/>\n<link rel=\"canonical\" href=\"https:\/\/oandgaccounting.com\/staging\/es\/resources\/does-electing-c-corp-status-for-your-llc-affect-your-ein\/\" \/>\n<meta property=\"og:locale\" content=\"es_ES\" \/>\n<meta property=\"og:type\" content=\"article\" \/>\n<meta property=\"og:title\" content=\"Does Electing C-Corp Status for Your LLC Affect Your EIN? - O&amp;G Tax and Accounting\" \/>\n<meta property=\"og:description\" content=\"QUESTION: If my LLC elects to be treated as a C-Corp, will it require a new Employer Identification Number (EIN)? I am considering transferring all my LLC shares to a family member, like my wife or another relative, to optimize future taxes. I\u2019ve heard this might also require changes to the EIN. Can you clarify &hellip; Continue reading &quot;Does Electing C-Corp Status for Your LLC Affect Your EIN?&quot;\" \/>\n<meta property=\"og:url\" content=\"https:\/\/oandgaccounting.com\/staging\/es\/resources\/does-electing-c-corp-status-for-your-llc-affect-your-ein\/\" \/>\n<meta property=\"og:site_name\" content=\"O&amp;G Tax and Accounting\" \/>\n<meta property=\"article:modified_time\" content=\"2025-03-07T12:02:41+00:00\" \/>\n<meta property=\"og:image\" content=\"https:\/\/oandgaccounting.com\/staging\/wp-content\/uploads\/2024\/04\/Rectangle-1428.jpg\" \/>\n\t<meta property=\"og:image:width\" content=\"975\" \/>\n\t<meta property=\"og:image:height\" content=\"975\" \/>\n\t<meta property=\"og:image:type\" content=\"image\/jpeg\" \/>\n<meta name=\"twitter:card\" content=\"summary_large_image\" \/>\n<meta name=\"twitter:label1\" content=\"Tiempo de lectura\" \/>\n\t<meta name=\"twitter:data1\" content=\"2 minutos\" \/>\n<script type=\"application\/ld+json\" class=\"yoast-schema-graph\">{\"@context\":\"https:\/\/schema.org\",\"@graph\":[{\"@type\":\"WebPage\",\"@id\":\"https:\/\/oandgaccounting.com\/staging\/resources\/does-electing-c-corp-status-for-your-llc-affect-your-ein\/\",\"url\":\"https:\/\/oandgaccounting.com\/staging\/resources\/does-electing-c-corp-status-for-your-llc-affect-your-ein\/\",\"name\":\"Does Electing C-Corp Status for Your LLC Affect Your EIN? - O&amp;G Tax and Accounting\",\"isPartOf\":{\"@id\":\"https:\/\/oandgaccounting.com\/staging\/#website\"},\"datePublished\":\"2024-04-22T09:57:49+00:00\",\"dateModified\":\"2025-03-07T12:02:41+00:00\",\"breadcrumb\":{\"@id\":\"https:\/\/oandgaccounting.com\/staging\/resources\/does-electing-c-corp-status-for-your-llc-affect-your-ein\/#breadcrumb\"},\"inLanguage\":\"es\",\"potentialAction\":[{\"@type\":\"ReadAction\",\"target\":[\"https:\/\/oandgaccounting.com\/staging\/resources\/does-electing-c-corp-status-for-your-llc-affect-your-ein\/\"]}]},{\"@type\":\"BreadcrumbList\",\"@id\":\"https:\/\/oandgaccounting.com\/staging\/resources\/does-electing-c-corp-status-for-your-llc-affect-your-ein\/#breadcrumb\",\"itemListElement\":[{\"@type\":\"ListItem\",\"position\":1,\"name\":\"Resources\",\"item\":\"https:\/\/oandgaccounting.com\/staging\/resources\/\"},{\"@type\":\"ListItem\",\"position\":2,\"name\":\"Does Electing C-Corp Status for Your LLC Affect Your EIN?\"}]},{\"@type\":\"WebSite\",\"@id\":\"https:\/\/oandgaccounting.com\/staging\/#website\",\"url\":\"https:\/\/oandgaccounting.com\/staging\/\",\"name\":\"O&amp;G Tax and Accounting\",\"description\":\"\",\"publisher\":{\"@id\":\"https:\/\/oandgaccounting.com\/staging\/#organization\"},\"potentialAction\":[{\"@type\":\"SearchAction\",\"target\":{\"@type\":\"EntryPoint\",\"urlTemplate\":\"https:\/\/oandgaccounting.com\/staging\/?s={search_term_string}\"},\"query-input\":\"required name=search_term_string\"}],\"inLanguage\":\"es\"},{\"@type\":\"Organization\",\"@id\":\"https:\/\/oandgaccounting.com\/staging\/#organization\",\"name\":\"O&amp;G Tax and Accounting\",\"url\":\"https:\/\/oandgaccounting.com\/staging\/\",\"logo\":{\"@type\":\"ImageObject\",\"inLanguage\":\"es\",\"@id\":\"https:\/\/oandgaccounting.com\/staging\/#\/schema\/logo\/image\/\",\"url\":\"https:\/\/oandgaccounting.com\/staging\/wp-content\/uploads\/2019\/07\/logo.png\",\"contentUrl\":\"https:\/\/oandgaccounting.com\/staging\/wp-content\/uploads\/2019\/07\/logo.png\",\"width\":123,\"height\":74,\"caption\":\"O&amp;G Tax and Accounting\"},\"image\":{\"@id\":\"https:\/\/oandgaccounting.com\/staging\/#\/schema\/logo\/image\/\"}}]}<\/script>\n<!-- \/ Yoast SEO plugin. -->","yoast_head_json":{"title":"Does Electing C-Corp Status for Your LLC Affect Your EIN? - O&amp;G Tax and Accounting","robots":{"index":"index","follow":"follow","max-snippet":"max-snippet:-1","max-image-preview":"max-image-preview:large","max-video-preview":"max-video-preview:-1"},"canonical":"https:\/\/oandgaccounting.com\/staging\/es\/resources\/does-electing-c-corp-status-for-your-llc-affect-your-ein\/","og_locale":"es_ES","og_type":"article","og_title":"Does Electing C-Corp Status for Your LLC Affect Your EIN? - O&amp;G Tax and Accounting","og_description":"QUESTION: If my LLC elects to be treated as a C-Corp, will it require a new Employer Identification Number (EIN)? I am considering transferring all my LLC shares to a family member, like my wife or another relative, to optimize future taxes. I\u2019ve heard this might also require changes to the EIN. Can you clarify &hellip; Continue reading \"Does Electing C-Corp Status for Your LLC Affect Your EIN?\"","og_url":"https:\/\/oandgaccounting.com\/staging\/es\/resources\/does-electing-c-corp-status-for-your-llc-affect-your-ein\/","og_site_name":"O&amp;G Tax and Accounting","article_modified_time":"2025-03-07T12:02:41+00:00","og_image":[{"width":975,"height":975,"url":"https:\/\/oandgaccounting.com\/staging\/wp-content\/uploads\/2024\/04\/Rectangle-1428.jpg","type":"image\/jpeg"}],"twitter_card":"summary_large_image","twitter_misc":{"Tiempo de lectura":"2 minutos"},"schema":{"@context":"https:\/\/schema.org","@graph":[{"@type":"WebPage","@id":"https:\/\/oandgaccounting.com\/staging\/resources\/does-electing-c-corp-status-for-your-llc-affect-your-ein\/","url":"https:\/\/oandgaccounting.com\/staging\/resources\/does-electing-c-corp-status-for-your-llc-affect-your-ein\/","name":"Does Electing C-Corp Status for Your LLC Affect Your EIN? - O&amp;G Tax and Accounting","isPartOf":{"@id":"https:\/\/oandgaccounting.com\/staging\/#website"},"datePublished":"2024-04-22T09:57:49+00:00","dateModified":"2025-03-07T12:02:41+00:00","breadcrumb":{"@id":"https:\/\/oandgaccounting.com\/staging\/resources\/does-electing-c-corp-status-for-your-llc-affect-your-ein\/#breadcrumb"},"inLanguage":"es","potentialAction":[{"@type":"ReadAction","target":["https:\/\/oandgaccounting.com\/staging\/resources\/does-electing-c-corp-status-for-your-llc-affect-your-ein\/"]}]},{"@type":"BreadcrumbList","@id":"https:\/\/oandgaccounting.com\/staging\/resources\/does-electing-c-corp-status-for-your-llc-affect-your-ein\/#breadcrumb","itemListElement":[{"@type":"ListItem","position":1,"name":"Resources","item":"https:\/\/oandgaccounting.com\/staging\/resources\/"},{"@type":"ListItem","position":2,"name":"Does Electing C-Corp Status for Your LLC Affect Your EIN?"}]},{"@type":"WebSite","@id":"https:\/\/oandgaccounting.com\/staging\/#website","url":"https:\/\/oandgaccounting.com\/staging\/","name":"O&amp;G Tax and Accounting","description":"","publisher":{"@id":"https:\/\/oandgaccounting.com\/staging\/#organization"},"potentialAction":[{"@type":"SearchAction","target":{"@type":"EntryPoint","urlTemplate":"https:\/\/oandgaccounting.com\/staging\/?s={search_term_string}"},"query-input":"required name=search_term_string"}],"inLanguage":"es"},{"@type":"Organization","@id":"https:\/\/oandgaccounting.com\/staging\/#organization","name":"O&amp;G Tax and Accounting","url":"https:\/\/oandgaccounting.com\/staging\/","logo":{"@type":"ImageObject","inLanguage":"es","@id":"https:\/\/oandgaccounting.com\/staging\/#\/schema\/logo\/image\/","url":"https:\/\/oandgaccounting.com\/staging\/wp-content\/uploads\/2019\/07\/logo.png","contentUrl":"https:\/\/oandgaccounting.com\/staging\/wp-content\/uploads\/2019\/07\/logo.png","width":123,"height":74,"caption":"O&amp;G Tax and Accounting"},"image":{"@id":"https:\/\/oandgaccounting.com\/staging\/#\/schema\/logo\/image\/"}}]}},"_links":{"self":[{"href":"https:\/\/oandgaccounting.com\/staging\/es\/wp-json\/wp\/v2\/pages\/5626"}],"collection":[{"href":"https:\/\/oandgaccounting.com\/staging\/es\/wp-json\/wp\/v2\/pages"}],"about":[{"href":"https:\/\/oandgaccounting.com\/staging\/es\/wp-json\/wp\/v2\/types\/page"}],"author":[{"embeddable":true,"href":"https:\/\/oandgaccounting.com\/staging\/es\/wp-json\/wp\/v2\/users\/1"}],"replies":[{"embeddable":true,"href":"https:\/\/oandgaccounting.com\/staging\/es\/wp-json\/wp\/v2\/comments?post=5626"}],"version-history":[{"count":4,"href":"https:\/\/oandgaccounting.com\/staging\/es\/wp-json\/wp\/v2\/pages\/5626\/revisions"}],"predecessor-version":[{"id":6311,"href":"https:\/\/oandgaccounting.com\/staging\/es\/wp-json\/wp\/v2\/pages\/5626\/revisions\/6311"}],"up":[{"embeddable":true,"href":"https:\/\/oandgaccounting.com\/staging\/es\/wp-json\/wp\/v2\/pages\/24"}],"wp:attachment":[{"href":"https:\/\/oandgaccounting.com\/staging\/es\/wp-json\/wp\/v2\/media?parent=5626"}],"curies":[{"name":"wp","href":"https:\/\/api.w.org\/{rel}","templated":true}]}}