{"id":5703,"date":"2024-04-29T06:42:21","date_gmt":"2024-04-29T06:42:21","guid":{"rendered":"https:\/\/oandgaccounting.com\/staging\/?page_id=5703"},"modified":"2025-03-07T12:38:26","modified_gmt":"2025-03-07T12:38:26","slug":"dual-residency-taxation-navigating-u-s-and-jamaican-tax-implications-under-the-tax-treaty","status":"publish","type":"page","link":"https:\/\/oandgaccounting.com\/staging\/es\/resources\/dual-residency-taxation-navigating-u-s-and-jamaican-tax-implications-under-the-tax-treaty\/","title":{"rendered":"Tributaci\u00f3n por doble residencia: An\u00e1lisis de las implicaciones fiscales en Estados Unidos y Jamaica en el marco del tratado fiscal"},"content":{"rendered":"<div class=\"onefivequestion\">\n<div class=\"container py-4 text-left\">\n<h5>Como contribuyente, se me considera residente seg\u00fan las leyes fiscales de Estados Unidos y Jamaica debido a mi residencia permanente y al tiempo que he pasado en ambos pa\u00edses. Mi familia y mis principales negocios se encuentran en Estados Unidos. De acuerdo con el Art\u00edculo 4(2)(a) del Tratado entre Estados Unidos y Jamaica, mi residencia fiscal debe aclararse debido a mis v\u00ednculos con ambos pa\u00edses.<\/h5>\n<h5>Preguntas:<\/h5>\n<ol>\n<li>\u00bfQu\u00e9 criterios utiliza el Tratado Fiscal entre Estados Unidos y Jamaica para determinar la residencia fiscal de personas con viviendas permanentes tanto en Estados Unidos como en Jamaica?<\/li>\n<li>Si mis v\u00ednculos personales y econ\u00f3micos son m\u00e1s fuertes en EE. UU., \u00bfc\u00f3mo influye esto en mi estatus de residencia bajo el Tratado Fiscal entre EE. UU. y Jamaica?<\/li>\n<li>\u00bfQu\u00e9 significa el t\u00e9rmino \u2018centro de intereses vitales\u2019 en el contexto del Tratado Fiscal entre Estados Unidos y Jamaica, y c\u00f3mo se utiliza para determinar la residencia fiscal?<\/li>\n<li>Dado que tengo una presencia f\u00edsica igual pero v\u00ednculos econ\u00f3micos y personales m\u00e1s fuertes con los EE. UU., \u00bfcu\u00e1les son las implicaciones fiscales en los EE. UU. si se me considera residente seg\u00fan el tratado?<\/li>\n<\/ol>\n<h5>RESPUESTA DE LOS EXPERTOS:<\/h5>\n<ol>\n<li>Criterios para determinar la residencia fiscal seg\u00fan el tratado fiscal entre Estados Unidos y Jamaica: <a href=\"https:\/\/www.irs.gov\/businesses\/international-businesses\/jamaica-tax-treaty-documents\" rel=\"noopener\" target=\"_blank\">Tratado fiscal entre Estados Unidos y Jamaica<\/a> Se estipula que la residencia fiscal se determina por varios factores cuando una persona tiene residencia permanente en ambos pa\u00edses. En primer lugar, se considera la residencia en el pa\u00eds donde la persona tiene su residencia permanente. Si hay viviendas disponibles en ambos pa\u00edses o en ninguno, el factor decisivo es el estado con el que la persona mantiene relaciones personales y econ\u00f3micas m\u00e1s estrechas, conocido como <a href=\"https:\/\/www.cpajournal.com\/2018\/03\/27\/u-s-tax-residency\/\" rel=\"noopener\" target=\"_blank\">\u201ccentro de intereses vitales\u201d.\u201d<\/a><\/li>\n<li>Influencia de v\u00ednculos econ\u00f3micos y personales m\u00e1s fuertes en EE. UU. en la condici\u00f3n de residente: Cuando los v\u00ednculos personales y econ\u00f3micos son m\u00e1s fuertes en EE. UU., como tener familiares directos e intereses comerciales principales, el tratado considera a EE. UU. como el centro de los intereses vitales de la persona. En consecuencia, esta clasificaci\u00f3n implica que, a efectos fiscales, la persona se considera residente de EE. UU., lo que influye en el lugar donde se declaran y tributan los ingresos globales.<\/li>\n<li>Significado de &quot;Centro de Intereses Vitales&quot;: El t\u00e9rmino &quot;centro de intereses vitales&quot; se refiere al pa\u00eds donde la persona tiene los v\u00ednculos personales y econ\u00f3micos m\u00e1s s\u00f3lidos. Esto incluye factores como la ubicaci\u00f3n de la familia, el empleo principal, las operaciones comerciales y las inversiones. En t\u00e9rminos de convenios tributarios, determina el pa\u00eds de residencia cuando se deben evaluar tanto los v\u00ednculos personales como los econ\u00f3micos.<\/li>\n<li>Implicaciones fiscales en los EE. UU. para los residentes bajo el Tratado: como<a href=\"https:\/\/www.irs.gov\/individuals\/international-taxpayers\/frequently-asked-questions-about-international-individual-tax-matters\" rel=\"noopener\" target=\"_blank\"> Residente de EE. UU. seg\u00fan el tratado, un individuo est\u00e1 sujeto a impuestos estadounidenses sobre los ingresos mundiales.<\/a>. Esto incluye los ingresos obtenidos tanto a nivel nacional como internacional. El contribuyente debe declarar todos sus ingresos al IRS, pero tambi\u00e9n puede reclamarlos. <a href=\"https:\/\/www.irs.gov\/individuals\/international-taxpayers\/foreign-tax-credit\" rel=\"noopener\" target=\"_blank\">cr\u00e9ditos fiscales extranjeros<\/a> para los impuestos pagados a Jamaica, evitando as\u00ed la doble imposici\u00f3n. En concreto, esto podr\u00eda implicar presentaciones detalladas, incluyendo la<a href=\"https:\/\/www.irs.gov\/businesses\/small-businesses-self-employed\/report-of-foreign-bank-and-financial-accounts-fbar\" rel=\"noopener\" target=\"_blank\"> Informe de Cuentas Bancarias y Financieras Extranjeras (FBAR)<\/a> y el <a href=\"https:\/\/www.irs.gov\/forms-pubs\/about-form-8938\" rel=\"noopener\" target=\"_blank\">Formulario 8938 <\/a>para informar sobre determinados activos financieros extranjeros.<\/li>\n<\/ol>\n<p>Para un an\u00e1lisis m\u00e1s detallado y explorar estrategias fiscales avanzadas, haga clic en el siguiente enlace para acceder a nuestro servicio de consulta. Este servicio ofrece recursos exhaustivos y la oportunidad de consultar directamente con contadores p\u00fablicos con amplia experiencia en derecho fiscal internacional.<\/p>\n<p><strong>Programe una consulta:<\/strong> Para abordar sus preguntas fiscales \u00fanicas de manera integral y explorar estrategias fiscales personalizadas, reserve su consulta hoy en <a href=\"https:\/\/oandgaccounting.com\/staging\/appointment-booking-form\/\" target=\"_blank\" rel=\"noopener\">Servicios de impuestos y contabilidad para el sector de petr\u00f3leo y gas<\/a>.<\/p>\n<\/p><\/div>","protected":false},"excerpt":{"rendered":"<p>As a taxpayer, I am considered a resident under both U.S. and Jamaican tax laws due to my permanent homes and substantial time spent in both countries. My family and main business interests are in the United States. According to Article 4(2)(a) of the U.S.-Jamaica Treaty, my tax residency needs clarification based on my connections &hellip; <a href=\"https:\/\/oandgaccounting.com\/staging\/es\/resources\/dual-residency-taxation-navigating-u-s-and-jamaican-tax-implications-under-the-tax-treaty\/\" class=\"more-link\">Continue reading<span class=\"screen-reader-text\"> &#8220;Dual Residency Taxation: Navigating U.S. and Jamaican Tax Implications Under the Tax Treaty&#8221;<\/span><\/a><\/p>","protected":false},"author":1,"featured_media":0,"parent":24,"menu_order":0,"comment_status":"closed","ping_status":"closed","template":"default_withchat.php","meta":{"om_disable_all_campaigns":false,"_monsterinsights_skip_tracking":false,"_monsterinsights_sitenote_active":false,"_monsterinsights_sitenote_note":"","_monsterinsights_sitenote_category":0,"footnotes":""},"acf":[],"yoast_head":"<!-- This site is optimized with the Yoast SEO plugin v22.6 - https:\/\/yoast.com\/wordpress\/plugins\/seo\/ -->\n<title>Dual Residency Taxation: Navigating U.S. and Jamaican Tax Implications Under the Tax Treaty - O&amp;G Tax and Accounting<\/title>\n<meta name=\"robots\" content=\"index, follow, max-snippet:-1, max-image-preview:large, max-video-preview:-1\" \/>\n<link rel=\"canonical\" href=\"https:\/\/oandgaccounting.com\/staging\/es\/resources\/dual-residency-taxation-navigating-u-s-and-jamaican-tax-implications-under-the-tax-treaty\/\" \/>\n<meta property=\"og:locale\" content=\"es_ES\" \/>\n<meta property=\"og:type\" content=\"article\" \/>\n<meta property=\"og:title\" content=\"Dual Residency Taxation: Navigating U.S. and Jamaican Tax Implications Under the Tax Treaty - O&amp;G Tax and Accounting\" \/>\n<meta property=\"og:description\" content=\"As a taxpayer, I am considered a resident under both U.S. and Jamaican tax laws due to my permanent homes and substantial time spent in both countries. My family and main business interests are in the United States. According to Article 4(2)(a) of the U.S.-Jamaica Treaty, my tax residency needs clarification based on my connections &hellip; Continue reading &quot;Dual Residency Taxation: Navigating U.S. and Jamaican Tax Implications Under the Tax Treaty&quot;\" \/>\n<meta property=\"og:url\" content=\"https:\/\/oandgaccounting.com\/staging\/es\/resources\/dual-residency-taxation-navigating-u-s-and-jamaican-tax-implications-under-the-tax-treaty\/\" \/>\n<meta property=\"og:site_name\" content=\"O&amp;G Tax and Accounting\" \/>\n<meta property=\"article:modified_time\" content=\"2025-03-07T12:38:26+00:00\" \/>\n<meta property=\"og:image\" content=\"https:\/\/oandgaccounting.com\/staging\/wp-content\/uploads\/2024\/04\/Rectangle-1432.jpg\" \/>\n\t<meta property=\"og:image:width\" content=\"975\" \/>\n\t<meta property=\"og:image:height\" content=\"975\" \/>\n\t<meta property=\"og:image:type\" content=\"image\/jpeg\" \/>\n<meta name=\"twitter:card\" content=\"summary_large_image\" \/>\n<meta name=\"twitter:label1\" content=\"Tiempo de lectura\" \/>\n\t<meta name=\"twitter:data1\" content=\"3 minutos\" \/>\n<script type=\"application\/ld+json\" class=\"yoast-schema-graph\">{\"@context\":\"https:\/\/schema.org\",\"@graph\":[{\"@type\":\"WebPage\",\"@id\":\"https:\/\/oandgaccounting.com\/staging\/resources\/dual-residency-taxation-navigating-u-s-and-jamaican-tax-implications-under-the-tax-treaty\/\",\"url\":\"https:\/\/oandgaccounting.com\/staging\/resources\/dual-residency-taxation-navigating-u-s-and-jamaican-tax-implications-under-the-tax-treaty\/\",\"name\":\"Dual Residency Taxation: Navigating U.S. and Jamaican Tax Implications Under the Tax Treaty - O&amp;G Tax and Accounting\",\"isPartOf\":{\"@id\":\"https:\/\/oandgaccounting.com\/staging\/#website\"},\"datePublished\":\"2024-04-29T06:42:21+00:00\",\"dateModified\":\"2025-03-07T12:38:26+00:00\",\"breadcrumb\":{\"@id\":\"https:\/\/oandgaccounting.com\/staging\/resources\/dual-residency-taxation-navigating-u-s-and-jamaican-tax-implications-under-the-tax-treaty\/#breadcrumb\"},\"inLanguage\":\"es\",\"potentialAction\":[{\"@type\":\"ReadAction\",\"target\":[\"https:\/\/oandgaccounting.com\/staging\/resources\/dual-residency-taxation-navigating-u-s-and-jamaican-tax-implications-under-the-tax-treaty\/\"]}]},{\"@type\":\"BreadcrumbList\",\"@id\":\"https:\/\/oandgaccounting.com\/staging\/resources\/dual-residency-taxation-navigating-u-s-and-jamaican-tax-implications-under-the-tax-treaty\/#breadcrumb\",\"itemListElement\":[{\"@type\":\"ListItem\",\"position\":1,\"name\":\"Resources\",\"item\":\"https:\/\/oandgaccounting.com\/staging\/resources\/\"},{\"@type\":\"ListItem\",\"position\":2,\"name\":\"Dual Residency Taxation: Navigating U.S. and Jamaican Tax Implications Under the Tax Treaty\"}]},{\"@type\":\"WebSite\",\"@id\":\"https:\/\/oandgaccounting.com\/staging\/#website\",\"url\":\"https:\/\/oandgaccounting.com\/staging\/\",\"name\":\"O&amp;G Tax and Accounting\",\"description\":\"\",\"publisher\":{\"@id\":\"https:\/\/oandgaccounting.com\/staging\/#organization\"},\"potentialAction\":[{\"@type\":\"SearchAction\",\"target\":{\"@type\":\"EntryPoint\",\"urlTemplate\":\"https:\/\/oandgaccounting.com\/staging\/?s={search_term_string}\"},\"query-input\":\"required name=search_term_string\"}],\"inLanguage\":\"es\"},{\"@type\":\"Organization\",\"@id\":\"https:\/\/oandgaccounting.com\/staging\/#organization\",\"name\":\"O&amp;G Tax and Accounting\",\"url\":\"https:\/\/oandgaccounting.com\/staging\/\",\"logo\":{\"@type\":\"ImageObject\",\"inLanguage\":\"es\",\"@id\":\"https:\/\/oandgaccounting.com\/staging\/#\/schema\/logo\/image\/\",\"url\":\"https:\/\/oandgaccounting.com\/staging\/wp-content\/uploads\/2019\/07\/logo.png\",\"contentUrl\":\"https:\/\/oandgaccounting.com\/staging\/wp-content\/uploads\/2019\/07\/logo.png\",\"width\":123,\"height\":74,\"caption\":\"O&amp;G Tax and Accounting\"},\"image\":{\"@id\":\"https:\/\/oandgaccounting.com\/staging\/#\/schema\/logo\/image\/\"}}]}<\/script>\n<!-- \/ Yoast SEO plugin. -->","yoast_head_json":{"title":"Dual Residency Taxation: Navigating U.S. and Jamaican Tax Implications Under the Tax Treaty - O&amp;G Tax and Accounting","robots":{"index":"index","follow":"follow","max-snippet":"max-snippet:-1","max-image-preview":"max-image-preview:large","max-video-preview":"max-video-preview:-1"},"canonical":"https:\/\/oandgaccounting.com\/staging\/es\/resources\/dual-residency-taxation-navigating-u-s-and-jamaican-tax-implications-under-the-tax-treaty\/","og_locale":"es_ES","og_type":"article","og_title":"Dual Residency Taxation: Navigating U.S. and Jamaican Tax Implications Under the Tax Treaty - O&amp;G Tax and Accounting","og_description":"As a taxpayer, I am considered a resident under both U.S. and Jamaican tax laws due to my permanent homes and substantial time spent in both countries. My family and main business interests are in the United States. According to Article 4(2)(a) of the U.S.-Jamaica Treaty, my tax residency needs clarification based on my connections &hellip; Continue reading \"Dual Residency Taxation: Navigating U.S. and Jamaican Tax Implications Under the Tax Treaty\"","og_url":"https:\/\/oandgaccounting.com\/staging\/es\/resources\/dual-residency-taxation-navigating-u-s-and-jamaican-tax-implications-under-the-tax-treaty\/","og_site_name":"O&amp;G Tax and Accounting","article_modified_time":"2025-03-07T12:38:26+00:00","og_image":[{"width":975,"height":975,"url":"https:\/\/oandgaccounting.com\/staging\/wp-content\/uploads\/2024\/04\/Rectangle-1432.jpg","type":"image\/jpeg"}],"twitter_card":"summary_large_image","twitter_misc":{"Tiempo de lectura":"3 minutos"},"schema":{"@context":"https:\/\/schema.org","@graph":[{"@type":"WebPage","@id":"https:\/\/oandgaccounting.com\/staging\/resources\/dual-residency-taxation-navigating-u-s-and-jamaican-tax-implications-under-the-tax-treaty\/","url":"https:\/\/oandgaccounting.com\/staging\/resources\/dual-residency-taxation-navigating-u-s-and-jamaican-tax-implications-under-the-tax-treaty\/","name":"Dual Residency Taxation: Navigating U.S. and Jamaican Tax Implications Under the Tax Treaty - O&amp;G Tax and Accounting","isPartOf":{"@id":"https:\/\/oandgaccounting.com\/staging\/#website"},"datePublished":"2024-04-29T06:42:21+00:00","dateModified":"2025-03-07T12:38:26+00:00","breadcrumb":{"@id":"https:\/\/oandgaccounting.com\/staging\/resources\/dual-residency-taxation-navigating-u-s-and-jamaican-tax-implications-under-the-tax-treaty\/#breadcrumb"},"inLanguage":"es","potentialAction":[{"@type":"ReadAction","target":["https:\/\/oandgaccounting.com\/staging\/resources\/dual-residency-taxation-navigating-u-s-and-jamaican-tax-implications-under-the-tax-treaty\/"]}]},{"@type":"BreadcrumbList","@id":"https:\/\/oandgaccounting.com\/staging\/resources\/dual-residency-taxation-navigating-u-s-and-jamaican-tax-implications-under-the-tax-treaty\/#breadcrumb","itemListElement":[{"@type":"ListItem","position":1,"name":"Resources","item":"https:\/\/oandgaccounting.com\/staging\/resources\/"},{"@type":"ListItem","position":2,"name":"Dual Residency Taxation: Navigating U.S. and Jamaican Tax Implications Under the Tax Treaty"}]},{"@type":"WebSite","@id":"https:\/\/oandgaccounting.com\/staging\/#website","url":"https:\/\/oandgaccounting.com\/staging\/","name":"O&amp;G Tax and Accounting","description":"","publisher":{"@id":"https:\/\/oandgaccounting.com\/staging\/#organization"},"potentialAction":[{"@type":"SearchAction","target":{"@type":"EntryPoint","urlTemplate":"https:\/\/oandgaccounting.com\/staging\/?s={search_term_string}"},"query-input":"required name=search_term_string"}],"inLanguage":"es"},{"@type":"Organization","@id":"https:\/\/oandgaccounting.com\/staging\/#organization","name":"O&amp;G Tax and Accounting","url":"https:\/\/oandgaccounting.com\/staging\/","logo":{"@type":"ImageObject","inLanguage":"es","@id":"https:\/\/oandgaccounting.com\/staging\/#\/schema\/logo\/image\/","url":"https:\/\/oandgaccounting.com\/staging\/wp-content\/uploads\/2019\/07\/logo.png","contentUrl":"https:\/\/oandgaccounting.com\/staging\/wp-content\/uploads\/2019\/07\/logo.png","width":123,"height":74,"caption":"O&amp;G Tax and Accounting"},"image":{"@id":"https:\/\/oandgaccounting.com\/staging\/#\/schema\/logo\/image\/"}}]}},"_links":{"self":[{"href":"https:\/\/oandgaccounting.com\/staging\/es\/wp-json\/wp\/v2\/pages\/5703"}],"collection":[{"href":"https:\/\/oandgaccounting.com\/staging\/es\/wp-json\/wp\/v2\/pages"}],"about":[{"href":"https:\/\/oandgaccounting.com\/staging\/es\/wp-json\/wp\/v2\/types\/page"}],"author":[{"embeddable":true,"href":"https:\/\/oandgaccounting.com\/staging\/es\/wp-json\/wp\/v2\/users\/1"}],"replies":[{"embeddable":true,"href":"https:\/\/oandgaccounting.com\/staging\/es\/wp-json\/wp\/v2\/comments?post=5703"}],"version-history":[{"count":4,"href":"https:\/\/oandgaccounting.com\/staging\/es\/wp-json\/wp\/v2\/pages\/5703\/revisions"}],"predecessor-version":[{"id":6351,"href":"https:\/\/oandgaccounting.com\/staging\/es\/wp-json\/wp\/v2\/pages\/5703\/revisions\/6351"}],"up":[{"embeddable":true,"href":"https:\/\/oandgaccounting.com\/staging\/es\/wp-json\/wp\/v2\/pages\/24"}],"wp:attachment":[{"href":"https:\/\/oandgaccounting.com\/staging\/es\/wp-json\/wp\/v2\/media?parent=5703"}],"curies":[{"name":"wp","href":"https:\/\/api.w.org\/{rel}","templated":true}]}}