{"id":5942,"date":"2024-09-03T05:32:00","date_gmt":"2024-09-03T05:32:00","guid":{"rendered":"https:\/\/oandgaccounting.com\/staging\/?page_id=5942"},"modified":"2025-03-07T13:04:45","modified_gmt":"2025-03-07T13:04:45","slug":"unraveling-form-5471-mastering-direct-indirect-and-constructive-ownership","status":"publish","type":"page","link":"https:\/\/oandgaccounting.com\/staging\/es\/resources\/unraveling-form-5471-mastering-direct-indirect-and-constructive-ownership\/","title":{"rendered":"Desentra\u00f1ando el Formulario 5471: Dominando la propiedad directa, indirecta y constructiva"},"content":{"rendered":"<div class=\"onefivequestion\">\n<div class=\"container py-4 text-left\">\n<p>\n        En la intrincada danza entre <a href=\"https:\/\/www.congress.gov\/\" rel=\"noopener\" target=\"_blank\">Congreso <\/a>y el <a href=\"https:\/\/www.irs.gov\/\" rel=\"noopener\" target=\"_blank\">IRS<\/a>, El Congreso elabora las leyes, pero es el IRS quien las hace cumplir con un control inquebrantable. Cuando se trata de <a href=\"https:\/\/www.irs.gov\/forms-pubs\/about-form-5471\" rel=\"noopener\" target=\"_blank\">Formulario 5471<\/a>\u2014una declaraci\u00f3n informativa requerida para personas estadounidenses con intereses en ciertas corporaciones extranjeras\u2014 el IRS act\u00faa como un centinela vigilante. Este formulario es m\u00e1s que un simple obst\u00e1culo burocr\u00e1tico; es una herramienta poderosa que garantiza la transparencia en el cumplimiento tributario internacional, capturando cada... <a href=\"http:\/\/chrome-extension:\/\/efaidnbmnnnibpcajpcglclefindmkaj\/https:\/\/www.irs.gov\/pub\/fatca\/int_practice_units\/irc958-stock-ownership.pdf\" rel=\"noopener\" target=\"_blank\">forma de propiedad de acciones<\/a>Ya sea directa, indirecta o impl\u00edcita. El Formulario 5471 lleg\u00f3 para quedarse, y las sanciones por incumplimiento son severas. Pero hay m\u00e1s: tras atrapar a los contribuyentes en su red, el IRS, en un gesto sorprendente, suele aliviar la carga de ciertos propietarios impl\u00edcitos.\n      <\/p>\n<p><strong>Entendiendo el juego del IRS: Propiedad directa e indirecta<\/strong><\/p>\n<p>La estrategia del IRS para el cumplimiento tributario internacional se asemeja a una trampa meticulosamente dise\u00f1ada. La propiedad directa de acciones extranjeras es sencilla: si posee directamente acciones 10% o m\u00e1s de una corporaci\u00f3n extranjera, el IRS le exige que lo declare mediante el Formulario 5471. Es un escenario claro: su obligaci\u00f3n de declarar es ineludible.<\/p>\n<p>Sin embargo, el IRS no se limita a la propiedad directa. La propiedad indirecta ampl\u00eda el alcance, abarcando a quienes poseen acciones a trav\u00e9s de una red de entidades, como sociedades, fideicomisos u otras corporaciones.<a href=\"https:\/\/www.law.cornell.edu\/uscode\/text\/26\/958\" rel=\"noopener\" target=\"_blank\"> Secci\u00f3n 958(a)(1) del C\u00f3digo de Rentas Internas<\/a>, Las acciones se consideran propiedad de una persona si se poseen directa o indirectamente a trav\u00e9s de ciertas entidades. Si controla sus acciones indirectamente y cumple con el requisito 10%, deber\u00e1 presentar el Formulario 5471, salvo excepci\u00f3n. La red del IRS est\u00e1 dise\u00f1ada para capturar todos los derechos de propiedad relevantes, garantizando que ning\u00fan contribuyente pase desapercibido.<\/p>\n<p><strong>Ampliando la red: el poder de la propiedad constructiva y la atribuci\u00f3n de la Secci\u00f3n 318<\/strong><\/p>\n<p>El IRS extiende su alcance m\u00e1s all\u00e1 de los propietarios directos e indirectos a trav\u00e9s del concepto de <a href=\"https:\/\/uscode.house.gov\/view.xhtml?path=&#038;req=%28title%3A26+section%3A318+edition%3Aprelim%29&#038;f=&#038;num=0&#038;edition=prelim\" rel=\"noopener\" target=\"_blank\">propiedad constructiva<\/a>, espec\u00edficamente utilizando las reglas de la Secci\u00f3n 958(b) del IRC. En este caso, la red se ampl\u00eda a\u00fan m\u00e1s. Las reglas de propiedad constructiva permiten al IRS atribuir la propiedad de acciones a los contribuyentes con base en relaciones o afiliaciones, independientemente de las tenencias directas. Estas reglas se basan en las reglas de atribuci\u00f3n de <a href=\"https:\/\/www.law.cornell.edu\/uscode\/text\/26\/318\" rel=\"noopener\" target=\"_blank\">Secci\u00f3n 318 del C\u00f3digo de Rentas Internas<\/a> y est\u00e1n dise\u00f1ados para garantizar que el IRS pueda capturar una imagen completa de la propiedad y el control.<\/p>\n<p>El art\u00edculo 318 del C\u00f3digo de Rentas Internas (IRC) establece un marco para la atribuci\u00f3n de la propiedad de acciones de una persona o entidad a otra. A efectos del IRC<a href=\"https:\/\/www.law.cornell.edu\/uscode\/text\/26\/951\" rel=\"noopener\" target=\"_blank\"> Secciones 951(b)<\/a>, <a href=\"https:\/\/www.law.cornell.edu\/uscode\/text\/26\/954\" rel=\"noopener\" target=\"_blank\">954(d)(3)<\/a>, <a href=\"https:\/\/www.law.cornell.edu\/uscode\/text\/26\/956\" rel=\"noopener\" target=\"_blank\">956(c)(2)<\/a>, y <a href=\"https:\/\/www.law.cornell.edu\/uscode\/text\/26\/957\" rel=\"noopener\" target=\"_blank\">957<\/a>, La Secci\u00f3n 318(a) se aplica de forma que considera a las personas estadounidenses como accionistas estadounidenses si participan directa, indirecta o constructivamente en la propiedad de corporaciones extranjeras. Esto puede incluir familiares, entidades y redes complejas de propiedad, lo que da lugar a que se les atribuyan acciones y requiere la presentaci\u00f3n del Formulario 5471 incluso si no ten\u00edan participaci\u00f3n directa en la corporaci\u00f3n.<\/p>\n<p><strong>Modificaciones clave seg\u00fan la Secci\u00f3n 958(b) del IRC:<\/strong><\/p>\n<ul>\n<li style=\"padding-bottom: 10px\">\n          <strong>Propiedad de acciones por parte de extranjeros no residentes: <\/strong>Seg\u00fan la Secci\u00f3n 958(b)(1) del IRC, al aplicar la Secci\u00f3n 318(a)(1)(A), las acciones propiedad de un individuo extranjero no residente (que no sea un fideicomiso o patrimonio extranjero) no se consideran propiedad de un ciudadano estadounidense o un extranjero residente.\n        <\/li>\n<li style=\"padding-bottom: 10px\">\n          <strong>Regla 50% para entidades: <\/strong>Al aplicar los subp\u00e1rrafos (A), (B) y (C) del Art\u00edculo 318(a)(2) del C\u00f3digo de Rentas Internas (IRC), si una sociedad colectiva, patrimonio, fideicomiso o corporaci\u00f3n posee m\u00e1s del 50% del poder de voto de una corporaci\u00f3n, se considera que posee la totalidad de las acciones. Esto ampl\u00eda el alcance de la atribuci\u00f3n de propiedad para garantizar que el control mayoritario sobre las entidades conduzca a la atribuci\u00f3n total de las acciones.\n        <\/li>\n<li style=\"padding-bottom: 10px\">\n          <strong>Reducci\u00f3n del umbral de atribuci\u00f3n familiar: <\/strong>Al aplicar la Secci\u00f3n 318(a)(2)(C), el umbral de atribuci\u00f3n se reduce de 50% a 10%. Esto significa que la propiedad de acciones de solo 10% por parte de una persona relacionada puede atribu\u00edrsele, lo que aumenta la probabilidad de ser v\u00edctima de la red del IRS.\n        <\/li>\n<\/ul>\n<p><strong>Impacto de la derogaci\u00f3n de la Secci\u00f3n 958(b)(4): Ampliar a\u00fan m\u00e1s la red<\/strong><\/p>\n<p>Antes de su derogaci\u00f3n, la Secci\u00f3n 958(b)(4) imped\u00eda la aplicaci\u00f3n de ciertas reglas de \u201catribuci\u00f3n descendente\u201d. En concreto, los subp\u00e1rrafos (A), (B) y (C) de la Secci\u00f3n 318(a)(3), que permiten la atribuci\u00f3n descendente de la propiedad de acciones, no se aplicaban para considerar una <a href=\"https:\/\/www.irs.gov\/individuals\/international-taxpayers\/classification-of-taxpayers-for-us-tax-purposes\" rel=\"noopener\" target=\"_blank\">Persona estadounidense<\/a> como propietario de acciones en poder de una persona extranjera (una persona no estadounidense).<\/p>\n<p>Sin embargo, el <a href=\"https:\/\/www.irs.gov\/newsroom\/tax-cuts-and-jobs-act-a-comparison-for-businesses\" rel=\"noopener\" target=\"_blank\">Ley de Reducci\u00f3n de Impuestos y Empleos (TCJA) de 2017<\/a> Se derog\u00f3 la Secci\u00f3n 958(b)(4), ampliando significativamente el alcance del IRS. Vigente para el \u00faltimo a\u00f1o fiscal de las corporaciones extranjeras que comience antes del 1 de enero de 2018 y cada a\u00f1o subsiguiente, la derogaci\u00f3n significa que las acciones de una corporaci\u00f3n extranjera propiedad de una persona extranjera ahora pueden atribuirse a una persona estadounidense seg\u00fan la Secci\u00f3n 318(a)(3). Este cambio ampl\u00eda el alcance de lo que constituye una <a href=\"https:\/\/www.law.cornell.edu\/definitions\/uscode.php?width=840&#038;height=800&#038;iframe=true&#038;def_id=26-USC-1888751798-1192818807&#038;term_occur=29&#038;term_src=\" rel=\"noopener\" target=\"_blank\">Accionista estadounidense<\/a> \u00bfY qu\u00e9 corporaciones se consideran? <a href=\"https:\/\/www.law.cornell.edu\/uscode\/text\/26\/957\" rel=\"noopener\" target=\"_blank\">Corporaciones Extranjeras Controladas (CFC)<\/a>.<\/p>\n<p>Como resultado, las personas estadounidenses que antes no se clasificaban como accionistas estadounidenses ahora pueden incluirse en esta clasificaci\u00f3n debido a la atribuci\u00f3n descendente de las personas extranjeras (en particular, sociedades colectivas, patrimonios, fideicomisos y corporaciones extranjeras). Asimismo, las corporaciones extranjeras que antes no se consideraban CFC ahora pueden cumplir los criterios para obtener la condici\u00f3n de CFC seg\u00fan la Secci\u00f3n 957 del IRC. Esta expansi\u00f3n implica que m\u00e1s personas y entidades estadounidenses quedan sujetas a la red de cumplimiento del IRS, lo que podr\u00eda generar obligaciones adicionales de declaraci\u00f3n seg\u00fan el Formulario 5471.<\/p>\n<p><strong>Reglas de atribuci\u00f3n expansivas seg\u00fan la Secci\u00f3n 6046(c): Categor\u00edas 2 y 3<\/strong><\/p>\n<p>Para las categor\u00edas 2 y 3 del Formulario 5471, la Secci\u00f3n 6046(c) introduce reglas de atribuci\u00f3n a\u00fan m\u00e1s amplias:<\/p>\n<ul>\n<li style=\"padding-bottom: 10px\">Categor\u00eda 2: Esta categor\u00eda se aplica a personas estadounidenses que son funcionarios o directores de una corporaci\u00f3n extranjera donde un accionista estadounidense adquiere o aumenta su propiedad accionaria. <a href=\"https:\/\/www.law.cornell.edu\/uscode\/text\/26\/6046\" rel=\"noopener\" target=\"_blank\">Seg\u00fan la Secci\u00f3n 6046(c)<\/a>, Al determinar los requisitos de declaraci\u00f3n, se deben considerar las acciones propiedad directa o indirecta de una persona, incluyendo las acciones propiedad de familiares como hermanos, hermanas (ya sea de sangre pura o media), c\u00f3nyuges, ascendientes y descendientes directos. Esto es \u00fanico porque en ninguna otra parte del c\u00f3digo tributario se permite atribuir la propiedad de acciones a trav\u00e9s de hermanos. Adem\u00e1s, la Categor\u00eda 2 tambi\u00e9n incluye la atribuci\u00f3n de extranjeros no residentes. Esto ampl\u00eda los requisitos de declaraci\u00f3n para funcionarios y directores estadounidenses, garantizando que sus funciones y relaciones no los excluyan de las obligaciones de cumplimiento.\n          <\/li>\n<li style=\"padding-bottom: 10px\">Categor\u00eda 3: Esta categor\u00eda se aplica cuando una persona estadounidense adquiere o enajena acciones que cumplen con el umbral de propiedad 10%. Al igual que la Categor\u00eda 2, la Secci\u00f3n 6046(c) exige que se tengan en cuenta las acciones que una persona posee directa o indirectamente, incluyendo familiares y extranjeros no residentes. La atribuci\u00f3n \u00fanica de hermanos y la inclusi\u00f3n de extranjeros no residentes hacen que la Categor\u00eda 3 sea particularmente amplia, abarcando escenarios en los que las transferencias de acciones entre partes relacionadas o no relacionadas podr\u00edan, de otro modo, eludir el escrutinio del IRS.<\/li>\n<\/ul>\n<p><strong>Atrapados en la mira: la compleja red del cumplimiento y la atribuci\u00f3n<\/strong><\/p>\n<p>Las normas de atribuci\u00f3n del art\u00edculo 318 del IRC y las amplias disposiciones del art\u00edculo 6046(c) para las categor\u00edas 2 y 3 crean una red de obligaciones de cumplimiento que podr\u00eda parecer abrumadora. Sin embargo, desde la perspectiva del IRS, son herramientas esenciales para descubrir intereses financieros ocultos. Por ejemplo, las normas de propiedad impl\u00edcita pueden causar, inadvertidamente, que un accionista no relacionado con el formulario 10% sea clasificado como accionista estadounidense de una CFC. Esto podr\u00eda generar obligaciones de informaci\u00f3n adicionales, incluyendo la divulgaci\u00f3n de... <a href=\"http:\/\/chrome-extension:\/\/efaidnbmnnnibpcajpcglclefindmkaj\/https:\/\/www.irs.gov\/pub\/int_practice_units\/DPLCUV_2_01.PDF\" rel=\"noopener\" target=\"_blank\">Ingresos de la Subparte F<\/a> o <a href=\"http:\/\/chrome-extension:\/\/efaidnbmnnnibpcajpcglclefindmkaj\/https:\/\/www.irs.gov\/pub\/fatca\/int_practice_units\/global_intangible_low_taxed_income.pdf\" rel=\"noopener\" target=\"_blank\">Ingresos intangibles globales con baja tributaci\u00f3n (GILTI)<\/a> Seg\u00fan las Secciones 951 y 951A del IRC, respectivamente. El objetivo del IRS es claro: captar a todos los posibles accionistas, sin importar cu\u00e1n remota parezca su conexi\u00f3n, para garantizar el pleno cumplimiento de las leyes tributarias estadounidenses.<\/p>\n<p>Adem\u00e1s, si una persona estadounidense posee, directa o indirectamente, acciones de una corporaci\u00f3n extranjera, y una persona extranjera (no relacionada con ella) tambi\u00e9n posee acciones de dicha corporaci\u00f3n, la persona estadounidense debe investigar la propiedad de la persona extranjera y cualquier inter\u00e9s nacional. Este requisito de diligencia debida garantiza que los contribuyentes estadounidenses conozcan sus obligaciones de propiedad constructiva y no eludan inadvertidamente sus obligaciones de declaraci\u00f3n.<\/p>\n<p><strong>La indulgencia tras la captura: un gesto hacia los propietarios constructivos<\/strong><\/p>\n<p>Sin embargo, una vez que el IRS ha lanzado su amplia red y ha atrapado a los propietarios constructivos, a menudo da un paso atr\u00e1s, <a href=\"http:\/\/chrome-extension:\/\/efaidnbmnnnibpcajpcglclefindmkaj\/https:\/\/www.irs.gov\/pub\/irs-irbs\/irb19-43.pdf\" rel=\"noopener\" target=\"_blank\">ofreciendo una medida de alivio<\/a>. Reconociendo la posici\u00f3n \u00fanica de los propietarios constructivos \u2014aquellos que se ven arrastrados a obligaciones de cumplimiento debido a algunas relaciones oscuras en lugar de la propiedad directa e indirecta\u2014 el IRS con frecuencia reduce o incluso elimina los requisitos de presentaci\u00f3n para ellos.<a href=\"https:\/\/www.irs.gov\/forms-pubs\/about-form-5471\" rel=\"noopener\" target=\"_blank\">Consulte las instrucciones del formulario 5471 para obtener informaci\u00f3n sobre alivio y excepciones para las distintas categor\u00edas.<\/a>Esta reducci\u00f3n de carga es como un agradecimiento por ayudar al IRS a mapear la red m\u00e1s amplia de propietarios. El IRS entiende que los propietarios constructivos, a diferencia de los propietarios directos o indirectos, podr\u00edan no haber tenido la intenci\u00f3n real ni conocimiento de sus v\u00ednculos con una corporaci\u00f3n extranjera.<\/p>\n<p>Para estos propietarios constructivos, el IRS ofrece un respiro: en muchos casos, est\u00e1n exentos de los requisitos de declaraci\u00f3n m\u00e1s onerosos que se aplican a los propietarios directos e indirectos. Este gesto va m\u00e1s all\u00e1 de la simple eficiencia administrativa; es un reconocimiento del papel que desempe\u00f1an los propietarios constructivos al ayudar al IRS a garantizar el cumplimiento en una compleja red de obligaciones tributarias internacionales. Al final, el IRS les extiende un apret\u00f3n de manos, aliviando la carga de cumplimiento a quienes, sin saberlo, se ven atrapados en su red.<\/p>\n<p>Si necesita ayuda para determinar su situaci\u00f3n de propiedad o para comprender las complejidades del Formulario 5471, no lo deje al azar. Consulte con profesionales especializados en estos temas. Programe una consulta con Servicios de Impuestos y Contabilidad de O&amp;G hoy mismo para garantizar su total cumplimiento y protecci\u00f3n. <a href=\"https:\/\/oandgaccounting.com\/staging\/appointment-booking-form\/\" rel=\"noopener\" target=\"_blank\">Visita O &amp; G Tax and Accounting Services para reservar tu cita ahora<\/a>.<\/p>\n<\/p><\/div>\n<\/p><\/div>","protected":false},"excerpt":{"rendered":"<p>In the intricate dance between Congress and the IRS, Congress crafts the laws, but it is the IRS that enforces them with an unyielding grip. When it comes to Form 5471-an informational return required for U.S. persons with interests in certain foreign corporations-the IRS acts as a vigilant sentinel. This form is more than just &hellip; <a href=\"https:\/\/oandgaccounting.com\/staging\/es\/resources\/unraveling-form-5471-mastering-direct-indirect-and-constructive-ownership\/\" class=\"more-link\">Continue reading<span class=\"screen-reader-text\"> &#8220;Unraveling Form 5471: Mastering Direct, Indirect, and Constructive Ownership&#8221;<\/span><\/a><\/p>","protected":false},"author":1,"featured_media":0,"parent":24,"menu_order":0,"comment_status":"closed","ping_status":"closed","template":"default_withchat.php","meta":{"om_disable_all_campaigns":false,"_monsterinsights_skip_tracking":false,"_monsterinsights_sitenote_active":false,"_monsterinsights_sitenote_note":"","_monsterinsights_sitenote_category":0,"footnotes":""},"acf":[],"yoast_head":"<!-- This site is optimized with the Yoast SEO plugin v22.6 - https:\/\/yoast.com\/wordpress\/plugins\/seo\/ -->\n<title>Unraveling Form 5471: Mastering Direct, Indirect, and Constructive Ownership - O&amp;G Tax and Accounting<\/title>\n<meta name=\"robots\" content=\"index, follow, max-snippet:-1, max-image-preview:large, max-video-preview:-1\" \/>\n<link rel=\"canonical\" href=\"https:\/\/oandgaccounting.com\/staging\/es\/resources\/unraveling-form-5471-mastering-direct-indirect-and-constructive-ownership\/\" \/>\n<meta property=\"og:locale\" content=\"es_ES\" \/>\n<meta property=\"og:type\" content=\"article\" \/>\n<meta property=\"og:title\" content=\"Unraveling Form 5471: Mastering Direct, Indirect, and Constructive Ownership - O&amp;G Tax and Accounting\" \/>\n<meta property=\"og:description\" content=\"In the intricate dance between Congress and the IRS, Congress crafts the laws, but it is the IRS that enforces them with an unyielding grip. When it comes to Form 5471-an informational return required for U.S. persons with interests in certain foreign corporations-the IRS acts as a vigilant sentinel. This form is more than just &hellip; Continue reading &quot;Unraveling Form 5471: Mastering Direct, Indirect, and Constructive Ownership&quot;\" \/>\n<meta property=\"og:url\" content=\"https:\/\/oandgaccounting.com\/staging\/es\/resources\/unraveling-form-5471-mastering-direct-indirect-and-constructive-ownership\/\" \/>\n<meta property=\"og:site_name\" content=\"O&amp;G Tax and Accounting\" \/>\n<meta property=\"article:modified_time\" content=\"2025-03-07T13:04:45+00:00\" \/>\n<meta property=\"og:image\" content=\"https:\/\/oandgaccounting.com\/staging\/wp-content\/uploads\/2024\/09\/unraveling.jpg\" \/>\n\t<meta property=\"og:image:width\" content=\"1090\" \/>\n\t<meta property=\"og:image:height\" content=\"1090\" \/>\n\t<meta property=\"og:image:type\" content=\"image\/jpeg\" \/>\n<meta name=\"twitter:card\" content=\"summary_large_image\" \/>\n<meta name=\"twitter:label1\" content=\"Tiempo de lectura\" \/>\n\t<meta name=\"twitter:data1\" content=\"7 minutos\" \/>\n<script type=\"application\/ld+json\" class=\"yoast-schema-graph\">{\"@context\":\"https:\/\/schema.org\",\"@graph\":[{\"@type\":\"WebPage\",\"@id\":\"https:\/\/oandgaccounting.com\/staging\/resources\/unraveling-form-5471-mastering-direct-indirect-and-constructive-ownership\/\",\"url\":\"https:\/\/oandgaccounting.com\/staging\/resources\/unraveling-form-5471-mastering-direct-indirect-and-constructive-ownership\/\",\"name\":\"Unraveling Form 5471: Mastering Direct, Indirect, and Constructive Ownership - O&amp;G Tax and Accounting\",\"isPartOf\":{\"@id\":\"https:\/\/oandgaccounting.com\/staging\/#website\"},\"datePublished\":\"2024-09-03T05:32:00+00:00\",\"dateModified\":\"2025-03-07T13:04:45+00:00\",\"breadcrumb\":{\"@id\":\"https:\/\/oandgaccounting.com\/staging\/resources\/unraveling-form-5471-mastering-direct-indirect-and-constructive-ownership\/#breadcrumb\"},\"inLanguage\":\"es\",\"potentialAction\":[{\"@type\":\"ReadAction\",\"target\":[\"https:\/\/oandgaccounting.com\/staging\/resources\/unraveling-form-5471-mastering-direct-indirect-and-constructive-ownership\/\"]}]},{\"@type\":\"BreadcrumbList\",\"@id\":\"https:\/\/oandgaccounting.com\/staging\/resources\/unraveling-form-5471-mastering-direct-indirect-and-constructive-ownership\/#breadcrumb\",\"itemListElement\":[{\"@type\":\"ListItem\",\"position\":1,\"name\":\"Resources\",\"item\":\"https:\/\/oandgaccounting.com\/staging\/resources\/\"},{\"@type\":\"ListItem\",\"position\":2,\"name\":\"Unraveling Form 5471: Mastering Direct, Indirect, and Constructive Ownership\"}]},{\"@type\":\"WebSite\",\"@id\":\"https:\/\/oandgaccounting.com\/staging\/#website\",\"url\":\"https:\/\/oandgaccounting.com\/staging\/\",\"name\":\"O&amp;G Tax and Accounting\",\"description\":\"\",\"publisher\":{\"@id\":\"https:\/\/oandgaccounting.com\/staging\/#organization\"},\"potentialAction\":[{\"@type\":\"SearchAction\",\"target\":{\"@type\":\"EntryPoint\",\"urlTemplate\":\"https:\/\/oandgaccounting.com\/staging\/?s={search_term_string}\"},\"query-input\":\"required name=search_term_string\"}],\"inLanguage\":\"es\"},{\"@type\":\"Organization\",\"@id\":\"https:\/\/oandgaccounting.com\/staging\/#organization\",\"name\":\"O&amp;G Tax and Accounting\",\"url\":\"https:\/\/oandgaccounting.com\/staging\/\",\"logo\":{\"@type\":\"ImageObject\",\"inLanguage\":\"es\",\"@id\":\"https:\/\/oandgaccounting.com\/staging\/#\/schema\/logo\/image\/\",\"url\":\"https:\/\/oandgaccounting.com\/staging\/wp-content\/uploads\/2019\/07\/logo.png\",\"contentUrl\":\"https:\/\/oandgaccounting.com\/staging\/wp-content\/uploads\/2019\/07\/logo.png\",\"width\":123,\"height\":74,\"caption\":\"O&amp;G Tax and Accounting\"},\"image\":{\"@id\":\"https:\/\/oandgaccounting.com\/staging\/#\/schema\/logo\/image\/\"}}]}<\/script>\n<!-- \/ Yoast SEO plugin. -->","yoast_head_json":{"title":"Unraveling Form 5471: Mastering Direct, Indirect, and Constructive Ownership - O&amp;G Tax and Accounting","robots":{"index":"index","follow":"follow","max-snippet":"max-snippet:-1","max-image-preview":"max-image-preview:large","max-video-preview":"max-video-preview:-1"},"canonical":"https:\/\/oandgaccounting.com\/staging\/es\/resources\/unraveling-form-5471-mastering-direct-indirect-and-constructive-ownership\/","og_locale":"es_ES","og_type":"article","og_title":"Unraveling Form 5471: Mastering Direct, Indirect, and Constructive Ownership - O&amp;G Tax and Accounting","og_description":"In the intricate dance between Congress and the IRS, Congress crafts the laws, but it is the IRS that enforces them with an unyielding grip. When it comes to Form 5471-an informational return required for U.S. persons with interests in certain foreign corporations-the IRS acts as a vigilant sentinel. This form is more than just &hellip; Continue reading \"Unraveling Form 5471: Mastering Direct, Indirect, and Constructive Ownership\"","og_url":"https:\/\/oandgaccounting.com\/staging\/es\/resources\/unraveling-form-5471-mastering-direct-indirect-and-constructive-ownership\/","og_site_name":"O&amp;G Tax and Accounting","article_modified_time":"2025-03-07T13:04:45+00:00","og_image":[{"width":1090,"height":1090,"url":"https:\/\/oandgaccounting.com\/staging\/wp-content\/uploads\/2024\/09\/unraveling.jpg","type":"image\/jpeg"}],"twitter_card":"summary_large_image","twitter_misc":{"Tiempo de lectura":"7 minutos"},"schema":{"@context":"https:\/\/schema.org","@graph":[{"@type":"WebPage","@id":"https:\/\/oandgaccounting.com\/staging\/resources\/unraveling-form-5471-mastering-direct-indirect-and-constructive-ownership\/","url":"https:\/\/oandgaccounting.com\/staging\/resources\/unraveling-form-5471-mastering-direct-indirect-and-constructive-ownership\/","name":"Unraveling Form 5471: Mastering Direct, Indirect, and Constructive Ownership - O&amp;G Tax and Accounting","isPartOf":{"@id":"https:\/\/oandgaccounting.com\/staging\/#website"},"datePublished":"2024-09-03T05:32:00+00:00","dateModified":"2025-03-07T13:04:45+00:00","breadcrumb":{"@id":"https:\/\/oandgaccounting.com\/staging\/resources\/unraveling-form-5471-mastering-direct-indirect-and-constructive-ownership\/#breadcrumb"},"inLanguage":"es","potentialAction":[{"@type":"ReadAction","target":["https:\/\/oandgaccounting.com\/staging\/resources\/unraveling-form-5471-mastering-direct-indirect-and-constructive-ownership\/"]}]},{"@type":"BreadcrumbList","@id":"https:\/\/oandgaccounting.com\/staging\/resources\/unraveling-form-5471-mastering-direct-indirect-and-constructive-ownership\/#breadcrumb","itemListElement":[{"@type":"ListItem","position":1,"name":"Resources","item":"https:\/\/oandgaccounting.com\/staging\/resources\/"},{"@type":"ListItem","position":2,"name":"Unraveling Form 5471: Mastering Direct, Indirect, and Constructive Ownership"}]},{"@type":"WebSite","@id":"https:\/\/oandgaccounting.com\/staging\/#website","url":"https:\/\/oandgaccounting.com\/staging\/","name":"O&amp;G Tax and Accounting","description":"","publisher":{"@id":"https:\/\/oandgaccounting.com\/staging\/#organization"},"potentialAction":[{"@type":"SearchAction","target":{"@type":"EntryPoint","urlTemplate":"https:\/\/oandgaccounting.com\/staging\/?s={search_term_string}"},"query-input":"required name=search_term_string"}],"inLanguage":"es"},{"@type":"Organization","@id":"https:\/\/oandgaccounting.com\/staging\/#organization","name":"O&amp;G Tax and Accounting","url":"https:\/\/oandgaccounting.com\/staging\/","logo":{"@type":"ImageObject","inLanguage":"es","@id":"https:\/\/oandgaccounting.com\/staging\/#\/schema\/logo\/image\/","url":"https:\/\/oandgaccounting.com\/staging\/wp-content\/uploads\/2019\/07\/logo.png","contentUrl":"https:\/\/oandgaccounting.com\/staging\/wp-content\/uploads\/2019\/07\/logo.png","width":123,"height":74,"caption":"O&amp;G Tax and Accounting"},"image":{"@id":"https:\/\/oandgaccounting.com\/staging\/#\/schema\/logo\/image\/"}}]}},"_links":{"self":[{"href":"https:\/\/oandgaccounting.com\/staging\/es\/wp-json\/wp\/v2\/pages\/5942"}],"collection":[{"href":"https:\/\/oandgaccounting.com\/staging\/es\/wp-json\/wp\/v2\/pages"}],"about":[{"href":"https:\/\/oandgaccounting.com\/staging\/es\/wp-json\/wp\/v2\/types\/page"}],"author":[{"embeddable":true,"href":"https:\/\/oandgaccounting.com\/staging\/es\/wp-json\/wp\/v2\/users\/1"}],"replies":[{"embeddable":true,"href":"https:\/\/oandgaccounting.com\/staging\/es\/wp-json\/wp\/v2\/comments?post=5942"}],"version-history":[{"count":8,"href":"https:\/\/oandgaccounting.com\/staging\/es\/wp-json\/wp\/v2\/pages\/5942\/revisions"}],"predecessor-version":[{"id":6370,"href":"https:\/\/oandgaccounting.com\/staging\/es\/wp-json\/wp\/v2\/pages\/5942\/revisions\/6370"}],"up":[{"embeddable":true,"href":"https:\/\/oandgaccounting.com\/staging\/es\/wp-json\/wp\/v2\/pages\/24"}],"wp:attachment":[{"href":"https:\/\/oandgaccounting.com\/staging\/es\/wp-json\/wp\/v2\/media?parent=5942"}],"curies":[{"name":"wp","href":"https:\/\/api.w.org\/{rel}","templated":true}]}}