{"id":5954,"date":"2024-09-11T05:20:45","date_gmt":"2024-09-11T05:20:45","guid":{"rendered":"https:\/\/oandgaccounting.com\/staging\/?page_id=5954"},"modified":"2025-03-07T13:10:12","modified_gmt":"2025-03-07T13:10:12","slug":"form-5471-cracking-the-code-on-ownership-rules-and-irs-compliance","status":"publish","type":"page","link":"https:\/\/oandgaccounting.com\/staging\/es\/resources\/form-5471-cracking-the-code-on-ownership-rules-and-irs-compliance\/","title":{"rendered":"Formulario 5471: Descifrando el c\u00f3digo sobre las normas de propiedad y el cumplimiento con el IRS"},"content":{"rendered":"<div class=\"onefivequestion\">\n<div class=\"container py-4 text-left\">\n<p>Vamos a sumergirnos en un tema que puede parecer un poco intimidante al principio:<a href=\"https:\/\/www.irs.gov\/forms-pubs\/about-form-5471\" rel=\"noopener\" target=\"_blank\">Formulario 5471<\/a>. Si tiene v\u00ednculos con una empresa extranjera, este formulario es su forma de decirle al IRS: &quot;\u00a1Oye, esto es lo que tengo!&quot;. Pero no se preocupe, lo explicaremos de forma clara. Al final, comprender\u00e1 por qu\u00e9 este formulario es tan importante, c\u00f3mo el IRS registra la propiedad y qu\u00e9 significan esos t\u00e9rminos complejos. <a href=\"https:\/\/www.irs.gov\/charities-non-profits\/private-foundations\/attribution-of-ownership-rules-definition-of-disqualified-persons\" rel=\"noopener\" target=\"_blank\">\u201cpropiedad \u201ddirecta\u201c, \u201dindirecta\u201c y \u201dconstructiva\u201d <\/a>Realmente malo.<\/p>\n<p><strong>\u00bfQu\u00e9 pasa con el Formulario 5471?<\/strong><\/p>\n<p>Piense en el Formulario 5471 como su boleta de calificaciones, pero en lugar de calificaciones, est\u00e1 declarando su participaci\u00f3n en una empresa extranjera. El IRS (Servicio de Impuestos Internos, la agencia que recauda los impuestos) quiere saber si usted est\u00e1 involucrado en alg\u00fan negocio extranjero. Esto no es solo para grandes directores ejecutivos; es para cualquiera que posea al menos el 10% de una empresa. <a href=\"https:\/\/www.law.cornell.edu\/wex\/foreign_corporation\" rel=\"noopener\" target=\"_blank\">corporaci\u00f3n extranjera<\/a>. Si ese es su caso, el Formulario 5471 es su manera de registrarse con el IRS.<\/p>\n<p><strong>Propiedad directa: lo simple<\/strong><\/p>\n<p>Empecemos por lo b\u00e1sico: la propiedad directa. Es como tener tu nombre en la escritura de una casa. Si eres propietario directo de una empresa extranjera, seg\u00fan el formulario 10% o superior, el IRS te pide que completes el Formulario 5471, salvo que aplique una excepci\u00f3n. Es bastante sencillo: si est\u00e1s directamente involucrado, lo declaras. Sin preguntas.<\/p>\n<p><strong>Propiedad indirecta: la reacci\u00f3n en cadena<\/strong><\/p>\n<p>Ahora bien, \u00bfqu\u00e9 pasa si no posee directamente ese 10%? Quiz\u00e1s sea propietario de una parte de una empresa que a su vez posee otra empresa que tiene participaci\u00f3n en el negocio extranjero. Esto se llama propiedad indirecta. Es como una reacci\u00f3n en cadena: usted posee una parte de algo que a su vez posee una parte de otra cosa. Si su parte del pastel suma 10% o m\u00e1s, \u00bfadivine qu\u00e9? Aun as\u00ed, debe declararlo en el Formulario 5471, a menos que aplique una excepci\u00f3n. El IRS se asegura de que se contabilice cada eslab\u00f3n de la cadena.<\/p>\n<p><strong>Propiedad constructiva: el trabajo detectivesco del IRS<\/strong><\/p>\n<p>Aqu\u00ed es donde la cosa se pone un poco m\u00e1s complicada.<a href=\"https:\/\/answerconnect.cch.com\/document\/arp10304e84107c571000a81890b11c18cbab0f\/federal\/irc\/explanation\/how-to-determine-constructive-ownership-of-stock-in-a-controlled-foreign-corporation#:~:text=Constructive%20ownership%20is%20the%20effective,by%20related%20persons%20and%20entities.\" rel=\"noopener\" target=\"_blank\">propiedad constructiva<\/a>. Esto es como si Hacienda hiciera de detective. Incluso si no posees acciones, directa o indirectamente, podr\u00edas ser considerado propietario seg\u00fan tus relaciones. Por ejemplo, si tu madre o tu padre poseen acciones en una empresa extranjera, Hacienda podr\u00eda decir que t\u00fa tambi\u00e9n posees algunas, incluso si no tienes una acci\u00f3n a tu nombre. Esto se llama atribuci\u00f3n, y se trata de que Hacienda se asegure de que no se te escape ning\u00fan ingreso potencial.<\/p>\n<p>Bajo <a href=\"https:\/\/www.law.cornell.edu\/uscode\/text\/26\/318\" rel=\"noopener\" target=\"_blank\">Secci\u00f3n 318 del C\u00f3digo de Rentas Internas<\/a>, El IRS tiene normas que le permiten atribuirle la propiedad de acciones bas\u00e1ndose en v\u00ednculos familiares, como padres, hijos o incluso a trav\u00e9s de entidades como sociedades. De esta manera, el IRS puede obtener una visi\u00f3n completa de qui\u00e9n tiene realmente el control o la participaci\u00f3n en una empresa extranjera.<\/p>\n<p><strong>El gran cambio: la derogaci\u00f3n de la Secci\u00f3n 958(b)(4)<\/strong><\/p>\n<p>Ahora, hablemos de un gran cambio que sacudi\u00f3 las cosas: el <a href=\"https:\/\/www.law.cornell.edu\/wex\/tax_cuts_and_jobs_act_of_2017_(tcja)\" rel=\"noopener\" target=\"_blank\">Ley de Reducci\u00f3n de Impuestos y Empleos (TCJA) de 2017<\/a>. Antes de esta ley, hab\u00eda una regla llamada <a href=\"https:\/\/www.taxnotes.com\/special-reports\/controlled-foreign-corporations-cfcs\/repeal-limitation-downward-attribution-three-years-later\/2021\/02\/05\/2l7hh\" rel=\"noopener\" target=\"_blank\">Secci\u00f3n 958(b)(4)<\/a> que imped\u00eda al IRS atribuir acciones propiedad de entidades extranjeras a personas estadounidenses. Pero la TCJA derog\u00f3 esta regla, y ahora el IRS puede hacer algo llamado <a href=\"https:\/\/www.jdsupra.com\/legalnews\/enough-already-eliminate-downward-6100007\/\" rel=\"noopener\" target=\"_blank\">atribuci\u00f3n descendente<\/a>.<\/p>\n<p>\u00bfQu\u00e9 significa eso? Supongamos que posee el 10% de la Corporaci\u00f3n Extranjera A. La Corporaci\u00f3n Extranjera A posee el 100% de una empresa en Delaware (una empresa estadounidense) y el 100% de una empresa en Belice (otra empresa extranjera). Antes de la TCJA, solo se preocupaba por las empresas extranjeras. Pero ahora, debido a la atribuci\u00f3n descendente, las acciones que la Corporaci\u00f3n Extranjera A posee en la empresa belice\u00f1a se consideran propiedad constructiva de la empresa de Delaware. Esto convierte a la empresa belice\u00f1a en... <a href=\"https:\/\/www.law.cornell.edu\/uscode\/text\/26\/957\" rel=\"noopener\" target=\"_blank\">Corporaci\u00f3n Extranjera Controlada (CFC)<\/a>, y ahora eres un <a href=\"https:\/\/www.law.cornell.edu\/definitions\/uscode.php?width=840&#038;height=800&#038;iframe=true&#038;def_id=26-USC-1888751798-1192818807&#038;term_occur=29&#038;term_src=\" rel=\"noopener\" target=\"_blank\">Accionista estadounidense<\/a> de esa CFC. Eso significa que podr\u00edas tener que declarar ingresos adicionales, como <a href=\"http:\/\/chrome-extension:\/\/efaidnbmnnnibpcajpcglclefindmkaj\/https:\/\/www.irs.gov\/pub\/fatca\/int_practice_units\/global_intangible_low_taxed_income.pdf\" rel=\"noopener\" target=\"_blank\">Ingresos intangibles globales con baja tributaci\u00f3n (GILTI)<\/a>, sobre sus impuestos.<\/p>\n<p><strong>Reglas de atribuci\u00f3n expansivas para las categor\u00edas 2 y 3<\/strong><\/p>\n<p>Profundicemos en las reglas espec\u00edficas para las Categor\u00edas 2 y 3 del Formulario 5471, donde las habilidades detectivescas del IRS se vuelven a\u00fan m\u00e1s agudas.<\/p>\n<p><strong>Categor\u00eda 2: Vigilancia de funcionarios y directores<\/strong><\/p>\n<p>La categor\u00eda 2 es para personas estadounidenses que son funcionarios o directores de una corporaci\u00f3n extranjera cuando un accionista estadounidense compra o aumenta su participaci\u00f3n accionaria. Aqu\u00ed est\u00e1 el truco: bajo <a href=\"https:\/\/www.law.cornell.edu\/uscode\/text\/26\/6046\" rel=\"noopener\" target=\"_blank\">Secci\u00f3n 6046(c)<\/a>, No solo se consideran sus acciones, sino tambi\u00e9n las de sus familiares cercanos, como padres, hijos e incluso hermanos. Esto es \u00fanico porque, en la mayor\u00eda de los casos, la propiedad de las acciones no se atribuye a trav\u00e9s de hermanos. Incluso las acciones de extranjeros no residentes (personas que no son ciudadanos ni residentes estadounidenses) pueden atribu\u00edrsele bajo estas reglas. Esto garantiza que se cubran todas las posibles conexiones.<\/p>\n<p><strong>Categor\u00eda 3: Seguimiento del umbral de propiedad 10%<\/strong><\/p>\n<p>La Categor\u00eda 3 entra en vigor cuando una persona estadounidense compra o vende acciones que alcanzan el umbral de propiedad 10%. Al igual que la Categor\u00eda 2, la Secci\u00f3n 6046(c) establece que las acciones propiedad de familiares y extranjeros no residentes pueden atribuirse a usted. Esto significa que, incluso si no est\u00e1 directamente involucrado, podr\u00eda tener responsabilidades de declaraci\u00f3n si su familia s\u00ed lo est\u00e1.<\/p>\n<p><strong>\u00bfPor qu\u00e9 el IRS hace todo esto?<\/strong><\/p>\n<p>El IRS utiliza estas normas para garantizar que todos paguen la parte que les corresponde de impuestos. Incluso si su v\u00ednculo con una empresa extranjera se basa en una serie de entidades o relaciones familiares, el IRS quiere garantizar que se declaren todas las posibles obligaciones tributarias.<\/p>\n<p><strong>Un respiro para los propietarios constructivos<\/strong><\/p>\n<p>Buenas noticias: si como propietario constructivo est\u00e1 liado con estas normas, el IRS a veces ofrece un peque\u00f1o alivio. Si se ve obligado a cumplir con estos requisitos de declaraci\u00f3n debido a familiares u otros v\u00ednculos desconocidos, el IRS podr\u00eda reducir o eximir algunos de los requisitos de declaraci\u00f3n m\u00e1s complejos. Esta es la forma en que el IRS dice: &quot;Sabemos que no pretend\u00eda involucrarse en todo esto, as\u00ed que le daremos un respiro&quot;.\u201c<\/p>\n<p><strong>\u00bfNecesitas ayuda? \u00a1Te apoyamos!<\/strong><\/p>\n<p>\u00bfA\u00fan te sientes un poco perdido con tantas reglas y ejemplos? \u00a1Es totalmente normal! Los impuestos, especialmente los que involucran a empresas extranjeras, pueden ser muy confusos. Pero no te preocupes, por eso hay expertos que pueden ayudarte a entenderlo todo.<\/p>\n<p>Si necesita ayuda para determinar su estado de propiedad o navegar por los giros y vueltas del Formulario 5471, no lo deje al azar. <a href=\"https:\/\/oandgaccounting.com\/staging\/appointment-booking-form\/\" rel=\"noopener\" target=\"_blank\">Habla con profesionales<\/a> que conocen este tema al dedillo. <a href=\"https:\/\/oandgaccounting.com\/staging\/appointment-booking-form\/\" rel=\"noopener\" target=\"_blank\">Programar una consulta<\/a> Llame hoy mismo a Servicios de Impuestos y Contabilidad de O&amp;G para asegurarse de que est\u00e1 al d\u00eda y cumple con todas sus obligaciones. Visite Servicios de Impuestos y Contabilidad de O&amp;G para reservar su cita.<\/p>\n<p>\u00a1Y listo! Est\u00e1s un paso m\u00e1s cerca de dominar el mundo del cumplimiento tributario internacional. Sigue aprendiendo y mant\u00e9n la curiosidad, y te ir\u00e1 genial. \u00a1Feliz declaraci\u00f3n de impuestos!<\/p>\n<\/p><\/div>\n<\/p><\/div>","protected":false},"excerpt":{"rendered":"<p>Let\u2019s dive into a topic that might sound a bit intimidating at first\u2014Form 5471. If you\u2019re connected to a foreign company, this form is your way of telling the IRS, \u201cHey, here\u2019s what I own!\u201d But don\u2019t worry, we\u2019ll break it down in a way that makes sense. By the end, you\u2019ll understand why this &hellip; <a href=\"https:\/\/oandgaccounting.com\/staging\/es\/resources\/form-5471-cracking-the-code-on-ownership-rules-and-irs-compliance\/\" class=\"more-link\">Continue reading<span class=\"screen-reader-text\"> &#8220;Form 5471: Cracking the Code on Ownership Rules and IRS Compliance&#8221;<\/span><\/a><\/p>","protected":false},"author":1,"featured_media":0,"parent":24,"menu_order":0,"comment_status":"closed","ping_status":"closed","template":"default_withchat.php","meta":{"om_disable_all_campaigns":false,"_monsterinsights_skip_tracking":false,"_monsterinsights_sitenote_active":false,"_monsterinsights_sitenote_note":"","_monsterinsights_sitenote_category":0,"footnotes":""},"acf":[],"yoast_head":"<!-- This site is optimized with the Yoast SEO plugin v22.6 - https:\/\/yoast.com\/wordpress\/plugins\/seo\/ -->\n<title>Form 5471: Cracking the Code on Ownership Rules and IRS Compliance - O&amp;G Tax and Accounting<\/title>\n<meta name=\"robots\" content=\"index, follow, max-snippet:-1, max-image-preview:large, max-video-preview:-1\" \/>\n<link rel=\"canonical\" href=\"https:\/\/oandgaccounting.com\/staging\/es\/resources\/form-5471-cracking-the-code-on-ownership-rules-and-irs-compliance\/\" \/>\n<meta property=\"og:locale\" content=\"es_ES\" \/>\n<meta property=\"og:type\" content=\"article\" \/>\n<meta property=\"og:title\" content=\"Form 5471: Cracking the Code on Ownership Rules and IRS Compliance - O&amp;G Tax and Accounting\" \/>\n<meta property=\"og:description\" content=\"Let\u2019s dive into a topic that might sound a bit intimidating at first\u2014Form 5471. If you\u2019re connected to a foreign company, this form is your way of telling the IRS, \u201cHey, here\u2019s what I own!\u201d But don\u2019t worry, we\u2019ll break it down in a way that makes sense. By the end, you\u2019ll understand why this &hellip; Continue reading &quot;Form 5471: Cracking the Code on Ownership Rules and IRS Compliance&quot;\" \/>\n<meta property=\"og:url\" content=\"https:\/\/oandgaccounting.com\/staging\/es\/resources\/form-5471-cracking-the-code-on-ownership-rules-and-irs-compliance\/\" \/>\n<meta property=\"og:site_name\" content=\"O&amp;G Tax and Accounting\" \/>\n<meta property=\"article:modified_time\" content=\"2025-03-07T13:10:12+00:00\" \/>\n<meta property=\"og:image\" content=\"https:\/\/oandgaccounting.com\/staging\/wp-content\/uploads\/2024\/09\/unraveling5471.jpg\" \/>\n\t<meta property=\"og:image:width\" content=\"1075\" \/>\n\t<meta property=\"og:image:height\" content=\"1075\" \/>\n\t<meta property=\"og:image:type\" content=\"image\/jpeg\" \/>\n<meta name=\"twitter:card\" content=\"summary_large_image\" \/>\n<meta name=\"twitter:label1\" content=\"Tiempo de lectura\" \/>\n\t<meta name=\"twitter:data1\" content=\"5 minutos\" \/>\n<script type=\"application\/ld+json\" class=\"yoast-schema-graph\">{\"@context\":\"https:\/\/schema.org\",\"@graph\":[{\"@type\":\"WebPage\",\"@id\":\"https:\/\/oandgaccounting.com\/staging\/resources\/form-5471-cracking-the-code-on-ownership-rules-and-irs-compliance\/\",\"url\":\"https:\/\/oandgaccounting.com\/staging\/resources\/form-5471-cracking-the-code-on-ownership-rules-and-irs-compliance\/\",\"name\":\"Form 5471: Cracking the Code on Ownership Rules and IRS Compliance - O&amp;G Tax and Accounting\",\"isPartOf\":{\"@id\":\"https:\/\/oandgaccounting.com\/staging\/#website\"},\"datePublished\":\"2024-09-11T05:20:45+00:00\",\"dateModified\":\"2025-03-07T13:10:12+00:00\",\"breadcrumb\":{\"@id\":\"https:\/\/oandgaccounting.com\/staging\/resources\/form-5471-cracking-the-code-on-ownership-rules-and-irs-compliance\/#breadcrumb\"},\"inLanguage\":\"es\",\"potentialAction\":[{\"@type\":\"ReadAction\",\"target\":[\"https:\/\/oandgaccounting.com\/staging\/resources\/form-5471-cracking-the-code-on-ownership-rules-and-irs-compliance\/\"]}]},{\"@type\":\"BreadcrumbList\",\"@id\":\"https:\/\/oandgaccounting.com\/staging\/resources\/form-5471-cracking-the-code-on-ownership-rules-and-irs-compliance\/#breadcrumb\",\"itemListElement\":[{\"@type\":\"ListItem\",\"position\":1,\"name\":\"Resources\",\"item\":\"https:\/\/oandgaccounting.com\/staging\/resources\/\"},{\"@type\":\"ListItem\",\"position\":2,\"name\":\"Form 5471: Cracking the Code on Ownership Rules and IRS Compliance\"}]},{\"@type\":\"WebSite\",\"@id\":\"https:\/\/oandgaccounting.com\/staging\/#website\",\"url\":\"https:\/\/oandgaccounting.com\/staging\/\",\"name\":\"O&amp;G Tax and Accounting\",\"description\":\"\",\"publisher\":{\"@id\":\"https:\/\/oandgaccounting.com\/staging\/#organization\"},\"potentialAction\":[{\"@type\":\"SearchAction\",\"target\":{\"@type\":\"EntryPoint\",\"urlTemplate\":\"https:\/\/oandgaccounting.com\/staging\/?s={search_term_string}\"},\"query-input\":\"required name=search_term_string\"}],\"inLanguage\":\"es\"},{\"@type\":\"Organization\",\"@id\":\"https:\/\/oandgaccounting.com\/staging\/#organization\",\"name\":\"O&amp;G Tax and Accounting\",\"url\":\"https:\/\/oandgaccounting.com\/staging\/\",\"logo\":{\"@type\":\"ImageObject\",\"inLanguage\":\"es\",\"@id\":\"https:\/\/oandgaccounting.com\/staging\/#\/schema\/logo\/image\/\",\"url\":\"https:\/\/oandgaccounting.com\/staging\/wp-content\/uploads\/2019\/07\/logo.png\",\"contentUrl\":\"https:\/\/oandgaccounting.com\/staging\/wp-content\/uploads\/2019\/07\/logo.png\",\"width\":123,\"height\":74,\"caption\":\"O&amp;G Tax and Accounting\"},\"image\":{\"@id\":\"https:\/\/oandgaccounting.com\/staging\/#\/schema\/logo\/image\/\"}}]}<\/script>\n<!-- \/ Yoast SEO plugin. -->","yoast_head_json":{"title":"Form 5471: Cracking the Code on Ownership Rules and IRS Compliance - O&amp;G Tax and Accounting","robots":{"index":"index","follow":"follow","max-snippet":"max-snippet:-1","max-image-preview":"max-image-preview:large","max-video-preview":"max-video-preview:-1"},"canonical":"https:\/\/oandgaccounting.com\/staging\/es\/resources\/form-5471-cracking-the-code-on-ownership-rules-and-irs-compliance\/","og_locale":"es_ES","og_type":"article","og_title":"Form 5471: Cracking the Code on Ownership Rules and IRS Compliance - O&amp;G Tax and Accounting","og_description":"Let\u2019s dive into a topic that might sound a bit intimidating at first\u2014Form 5471. If you\u2019re connected to a foreign company, this form is your way of telling the IRS, \u201cHey, here\u2019s what I own!\u201d But don\u2019t worry, we\u2019ll break it down in a way that makes sense. By the end, you\u2019ll understand why this &hellip; Continue reading \"Form 5471: Cracking the Code on Ownership Rules and IRS Compliance\"","og_url":"https:\/\/oandgaccounting.com\/staging\/es\/resources\/form-5471-cracking-the-code-on-ownership-rules-and-irs-compliance\/","og_site_name":"O&amp;G Tax and Accounting","article_modified_time":"2025-03-07T13:10:12+00:00","og_image":[{"width":1075,"height":1075,"url":"https:\/\/oandgaccounting.com\/staging\/wp-content\/uploads\/2024\/09\/unraveling5471.jpg","type":"image\/jpeg"}],"twitter_card":"summary_large_image","twitter_misc":{"Tiempo de lectura":"5 minutos"},"schema":{"@context":"https:\/\/schema.org","@graph":[{"@type":"WebPage","@id":"https:\/\/oandgaccounting.com\/staging\/resources\/form-5471-cracking-the-code-on-ownership-rules-and-irs-compliance\/","url":"https:\/\/oandgaccounting.com\/staging\/resources\/form-5471-cracking-the-code-on-ownership-rules-and-irs-compliance\/","name":"Form 5471: Cracking the Code on Ownership Rules and IRS Compliance - O&amp;G Tax and Accounting","isPartOf":{"@id":"https:\/\/oandgaccounting.com\/staging\/#website"},"datePublished":"2024-09-11T05:20:45+00:00","dateModified":"2025-03-07T13:10:12+00:00","breadcrumb":{"@id":"https:\/\/oandgaccounting.com\/staging\/resources\/form-5471-cracking-the-code-on-ownership-rules-and-irs-compliance\/#breadcrumb"},"inLanguage":"es","potentialAction":[{"@type":"ReadAction","target":["https:\/\/oandgaccounting.com\/staging\/resources\/form-5471-cracking-the-code-on-ownership-rules-and-irs-compliance\/"]}]},{"@type":"BreadcrumbList","@id":"https:\/\/oandgaccounting.com\/staging\/resources\/form-5471-cracking-the-code-on-ownership-rules-and-irs-compliance\/#breadcrumb","itemListElement":[{"@type":"ListItem","position":1,"name":"Resources","item":"https:\/\/oandgaccounting.com\/staging\/resources\/"},{"@type":"ListItem","position":2,"name":"Form 5471: Cracking the Code on Ownership Rules and IRS Compliance"}]},{"@type":"WebSite","@id":"https:\/\/oandgaccounting.com\/staging\/#website","url":"https:\/\/oandgaccounting.com\/staging\/","name":"O&amp;G Tax and Accounting","description":"","publisher":{"@id":"https:\/\/oandgaccounting.com\/staging\/#organization"},"potentialAction":[{"@type":"SearchAction","target":{"@type":"EntryPoint","urlTemplate":"https:\/\/oandgaccounting.com\/staging\/?s={search_term_string}"},"query-input":"required name=search_term_string"}],"inLanguage":"es"},{"@type":"Organization","@id":"https:\/\/oandgaccounting.com\/staging\/#organization","name":"O&amp;G Tax and Accounting","url":"https:\/\/oandgaccounting.com\/staging\/","logo":{"@type":"ImageObject","inLanguage":"es","@id":"https:\/\/oandgaccounting.com\/staging\/#\/schema\/logo\/image\/","url":"https:\/\/oandgaccounting.com\/staging\/wp-content\/uploads\/2019\/07\/logo.png","contentUrl":"https:\/\/oandgaccounting.com\/staging\/wp-content\/uploads\/2019\/07\/logo.png","width":123,"height":74,"caption":"O&amp;G Tax and Accounting"},"image":{"@id":"https:\/\/oandgaccounting.com\/staging\/#\/schema\/logo\/image\/"}}]}},"_links":{"self":[{"href":"https:\/\/oandgaccounting.com\/staging\/es\/wp-json\/wp\/v2\/pages\/5954"}],"collection":[{"href":"https:\/\/oandgaccounting.com\/staging\/es\/wp-json\/wp\/v2\/pages"}],"about":[{"href":"https:\/\/oandgaccounting.com\/staging\/es\/wp-json\/wp\/v2\/types\/page"}],"author":[{"embeddable":true,"href":"https:\/\/oandgaccounting.com\/staging\/es\/wp-json\/wp\/v2\/users\/1"}],"replies":[{"embeddable":true,"href":"https:\/\/oandgaccounting.com\/staging\/es\/wp-json\/wp\/v2\/comments?post=5954"}],"version-history":[{"count":4,"href":"https:\/\/oandgaccounting.com\/staging\/es\/wp-json\/wp\/v2\/pages\/5954\/revisions"}],"predecessor-version":[{"id":6376,"href":"https:\/\/oandgaccounting.com\/staging\/es\/wp-json\/wp\/v2\/pages\/5954\/revisions\/6376"}],"up":[{"embeddable":true,"href":"https:\/\/oandgaccounting.com\/staging\/es\/wp-json\/wp\/v2\/pages\/24"}],"wp:attachment":[{"href":"https:\/\/oandgaccounting.com\/staging\/es\/wp-json\/wp\/v2\/media?parent=5954"}],"curies":[{"name":"wp","href":"https:\/\/api.w.org\/{rel}","templated":true}]}}