{"id":5960,"date":"2024-09-11T05:45:15","date_gmt":"2024-09-11T05:45:15","guid":{"rendered":"https:\/\/oandgaccounting.com\/staging\/?page_id=5960"},"modified":"2025-03-07T13:07:57","modified_gmt":"2025-03-07T13:07:57","slug":"decoding-form-5471-a-deep-dive-into-direct-indirect-and-constructive-ownership-in-international-taxation","status":"publish","type":"page","link":"https:\/\/oandgaccounting.com\/staging\/es\/resources\/decoding-form-5471-a-deep-dive-into-direct-indirect-and-constructive-ownership-in-international-taxation\/","title":{"rendered":"Descifrando el Formulario 5471: Un an\u00e1lisis profundo de la propiedad directa, indirecta y constructiva en la tributaci\u00f3n internacional"},"content":{"rendered":"<div class=\"onefivequestion\">\n<div class=\"container py-4 text-left\">\n<p>Navegar por las complejidades del derecho tributario internacional es un desaf\u00edo formidable, especialmente cuando se trata de obligaciones de informaci\u00f3n complejas como <a href=\"https:\/\/www.irs.gov\/forms-pubs\/about-form-5471\" rel=\"noopener\" target=\"_blank\">Formulario 5471<\/a>. Este formulario, requerido para personas estadounidenses con intereses significativos en ciertas <a href=\"https:\/\/www.law.cornell.edu\/wex\/foreign_corporation#:~:text=A%20foreign%20corporation%20is%20a,and%20does%20business%20in%20another.\" rel=\"noopener\" target=\"_blank\">corporaciones extranjeras<\/a>, Sirve como un instrumento fundamental para que el IRS supervise las actividades financieras globales. Comprender los requisitos del Formulario 5471 exige un conocimiento s\u00f3lido de tres conceptos interrelacionados: <a href=\"http:\/\/chrome-extension:\/\/efaidnbmnnnibpcajpcglclefindmkaj\/https:\/\/www.irs.gov\/pub\/fatca\/int_practice_units\/irc958-stock-ownership.pdf\" rel=\"noopener\" target=\"_blank\">propiedad directa, propiedad indirecta y propiedad constructiva<\/a>. Cada uno de estos conceptos juega un papel crucial a la hora de determinar qui\u00e9n debe presentar el Formulario 5471, y comprenderlos es esencial para el cumplimiento en el complejo \u00e1mbito del derecho tributario internacional.<\/p>\n<p><strong>Propiedad directa: el principio fundamental<\/strong><\/p>\n<p>La propiedad directa es la forma m\u00e1s sencilla e intuitiva de propiedad. Bajo <a href=\"https:\/\/www.law.cornell.edu\/uscode\/text\/26\/958\" rel=\"noopener\" target=\"_blank\">Secci\u00f3n 958(a) del C\u00f3digo de Rentas Internas<\/a>, Una persona se considera propietaria directa si posee acciones de una corporaci\u00f3n extranjera a su nombre. Si una persona estadounidense posee directamente acciones 10% o m\u00e1s de una corporaci\u00f3n extranjera, est\u00e1 obligada a declarar esta propiedad en el Formulario 5471, salvo que se aplique una excepci\u00f3n. Este requisito sirve de base para los esfuerzos del IRS por rastrear y regular las inversiones de personas estadounidenses en entidades extranjeras. La simplicidad de la propiedad directa proporciona un punto de partida claro para comprender el marco regulatorio general.<\/p>\n<p><strong>Propiedad indirecta: profundizando en las complejidades<\/strong><\/p>\n<p>La propiedad indirecta a\u00f1ade complejidad, especialmente cuando las participaciones se mantienen a trav\u00e9s de una cadena de entidades extranjeras. Seg\u00fan el art\u00edculo 958(a) del C\u00f3digo de Rentas Internas (IRC), la propiedad indirecta se produce cuando una persona estadounidense posee una participaci\u00f3n en una entidad extranjera, que a su vez posee una participaci\u00f3n significativa en otra corporaci\u00f3n extranjera. La ley extiende el concepto de propiedad m\u00e1s all\u00e1 de las participaciones directas, abarcando situaciones en las que el control se ejerce a trav\u00e9s de entidades intermediarias.<\/p>\n<p>Sin embargo, es fundamental destacar que la propiedad indirecta se limita a situaciones que involucran exclusivamente a entidades extranjeras. Por ejemplo, si una persona estadounidense posee la forma 20% de una corporaci\u00f3n estadounidense, que a su vez posee la forma 50% de una corporaci\u00f3n extranjera, la persona estadounidense no posee indirectamente la corporaci\u00f3n extranjera. La cadena de propiedad termina con la corporaci\u00f3n estadounidense, que es la primera entidad nacional en la cadena. Por lo tanto, el concepto de propiedad indirecta se limita a situaciones donde la participaci\u00f3n accionaria se acumula en m\u00faltiples niveles de corporaciones extranjeras.<\/p>\n<p><strong>Propiedad constructiva: el amplio alcance de las normas de atribuci\u00f3n<\/strong><\/p>\n<p>Propiedad constructiva, regida por <a href=\"https:\/\/www.law.cornell.edu\/uscode\/text\/26\/318\" rel=\"noopener\" target=\"_blank\">Secci\u00f3n 318 del C\u00f3digo de Rentas Internas<\/a>, ampl\u00eda el alcance de qui\u00e9n se considera propietario de acciones extranjeras al atribuir la propiedad a trav\u00e9s de partes o entidades relacionadas. Este concepto permite al IRS atribuir la propiedad de las acciones con base en relaciones cercanas, como v\u00ednculos familiares o control com\u00fan dentro de las entidades. Las reglas de propiedad constructiva est\u00e1n dise\u00f1adas para captar una visi\u00f3n m\u00e1s completa de los intereses de los ciudadanos estadounidenses en corporaciones extranjeras, garantizando que ninguna participaci\u00f3n significativa quede sin declarar.<\/p>\n<p>Por ejemplo, si una persona estadounidense posee el 20% de una corporaci\u00f3n estadounidense (US Corp), y US Corp posee el 50% de una corporaci\u00f3n extranjera (Foreign Corp), la persona estadounidense no tiene propiedad indirecta de Foreign Corp, ya que la cadena de propiedad termina con la corporaci\u00f3n estadounidense. Sin embargo, bajo las reglas de propiedad constructiva, el IRS aplica reglas de atribuci\u00f3n para tratar a US Corp como propietaria del 100% de Foreign Corp, debido al umbral de propiedad 50%. En consecuencia, se considera que la persona estadounidense posee constructivamente el 20% de las acciones de Foreign Corp, lo que activa el requisito de presentaci\u00f3n del Formulario 5471, a menos que se aplique una excepci\u00f3n. Este escenario ilustra el uso por parte del IRS de las reglas de propiedad constructiva para extender las obligaciones de reporte a las personas estadounidenses con intereses significativos, aunque indirectos, en corporaciones extranjeras.<\/p>\n<p><strong>El impacto de la TCJA: Derogaci\u00f3n de la Secci\u00f3n 958(b)(4)<\/strong><\/p>\n<p>El <a href=\"https:\/\/www.law.cornell.edu\/wex\/tax_cuts_and_jobs_act_of_2017_(tcja)\" rel=\"noopener\" target=\"_blank\">Ley de Reducci\u00f3n de Impuestos y Empleos (TCJA) de 2017<\/a> introdujo cambios significativos en el panorama fiscal internacional, en particular mediante la derogaci\u00f3n de <a href=\"https:\/\/www.taxnotes.com\/special-reports\/controlled-foreign-corporations-cfcs\/repeal-limitation-downward-attribution-three-years-later\/2021\/02\/05\/2l7hh\" rel=\"noopener\" target=\"_blank\">Secci\u00f3n 958(b)(4)<\/a>. Antes de la TCJA, la Secci\u00f3n 958(b)(4) limitaba \u201c<a href=\"http:\/\/chrome-extension:\/\/efaidnbmnnnibpcajpcglclefindmkaj\/https:\/\/www.daypitney.com\/wp-content\/uploads\/bcf78390f0434f50b3b9acd6cb45b238.pdf\" rel=\"noopener\" target=\"_blank\">atribuci\u00f3n descendente\u201d<\/a> De entidades extranjeras a personas estadounidenses. Espec\u00edficamente, impidi\u00f3 la atribuci\u00f3n de la propiedad de acciones de entidades extranjeras a personas estadounidenses en niveles inferiores de la cadena de propiedad, reduciendo as\u00ed la probabilidad de que una corporaci\u00f3n extranjera sea clasificada como <a href=\"https:\/\/www.law.cornell.edu\/uscode\/text\/26\/957\" rel=\"noopener\" target=\"_blank\">Corporaci\u00f3n Extranjera Controlada (CFC)<\/a>.<\/p>\n<p>La derogaci\u00f3n de esta limitaci\u00f3n por parte de la TCJA ha ampliado la capacidad del IRS para atribuir la propiedad de acciones de corporaciones extranjeras a personas estadounidenses. Este cambio significa que si una persona estadounidense posee el formulario 10% de una corporaci\u00f3n extranjera (Corporaci\u00f3n Extranjera A), que a su vez posee el formulario 100% de una corporaci\u00f3n estadounidense (Corporaci\u00f3n de Delaware) y el formulario 100% de otra corporaci\u00f3n extranjera (Corporaci\u00f3n de Belice), las acciones de la Corporaci\u00f3n de Belice propiedad de la Corporaci\u00f3n Extranjera A se atribuyen constructivamente a la Corporaci\u00f3n de Delaware. Como resultado, se considera que la Corporaci\u00f3n de Delaware posee constructivamente el formulario 100% de la Corporaci\u00f3n de Belice, lo que reclasifica a la Corporaci\u00f3n de Belice como una CFC. Esta reclasificaci\u00f3n genera obligaciones de declaraci\u00f3n adicionales seg\u00fan el Formulario 5471, incluida la posible inclusi\u00f3n de <a href=\"http:\/\/chrome-extension:\/\/efaidnbmnnnibpcajpcglclefindmkaj\/https:\/\/www.irs.gov\/pub\/fatca\/int_practice_units\/global_intangible_low_taxed_income.pdf\" rel=\"noopener\" target=\"_blank\">Ingresos intangibles globales con baja tributaci\u00f3n (GILTI)<\/a> en los ingresos de una persona en EE.UU.<\/p>\n<p><strong>Reglas de atribuci\u00f3n expansivas para las categor\u00edas 2 y 3<\/strong><\/p>\n<p>Los requisitos de presentaci\u00f3n del Formulario 5471 var\u00edan seg\u00fan la categor\u00eda, y las Categor\u00edas 2 y 3 tienen reglas de atribuci\u00f3n particularmente amplias seg\u00fan la Secci\u00f3n 6046(c):<\/p>\n<ul>\n<li style=\"padding-bottom: 10px\">\n          <strong>Categor\u00eda 2<\/strong> Se aplica a personas estadounidenses que son funcionarios o directores de una corporaci\u00f3n extranjera donde un accionista estadounidense adquiere o aumenta su propiedad accionaria. <a href=\"https:\/\/www.law.cornell.edu\/uscode\/text\/26\/6046\" rel=\"noopener\" target=\"_blank\">Secci\u00f3n 6046(c)<\/a> Ampl\u00eda las normas de atribuci\u00f3n para incluir las acciones propiedad directa o indirecta de familiares, como hermanos, c\u00f3nyuges, ascendientes y descendientes directos. Esta inclusi\u00f3n de los hermanos en la cadena de atribuci\u00f3n es especialmente destacable, ya que no se encuentra com\u00fanmente en otras disposiciones del c\u00f3digo tributario. Adem\u00e1s, la Categor\u00eda 2 incluye la atribuci\u00f3n de extranjeros no residentes, lo que ampl\u00eda el \u00e1mbito de quienes est\u00e1n obligados a presentar la declaraci\u00f3n.\n        <\/li>\n<li style=\"padding-bottom: 10px\">\n            <strong>Categor\u00eda 3<\/strong> Se aplica a las personas estadounidenses que adquieren o enajenan acciones que cumplen con el umbral de propiedad 10%. Al igual que la Categor\u00eda 2, la Categor\u00eda 3 incluye la atribuci\u00f3n de familiares y extranjeros no residentes, lo que garantiza que todos los derechos de propiedad relevantes se registren para fines de declaraci\u00f3n ante el IRS. Estas amplias normas est\u00e1n dise\u00f1adas para garantizar una divulgaci\u00f3n completa, lo que dificulta que cualquier derecho de propiedad pase desapercibido.\n        <\/li>\n<\/ul>\n<p><strong>Excepciones y presentaciones reducidas para propietarios constructivos<\/strong><\/p>\n<p>Si bien las amplias normas de atribuci\u00f3n del IRS en materia de propiedad constructiva abarcan un amplio espectro para garantizar un cumplimiento integral, existen importantes excepciones y posibles exenciones en los requisitos de presentaci\u00f3n para ciertos propietarios constructivos. Reconociendo que la propiedad constructiva a veces puede incluir a personas con una participaci\u00f3n m\u00ednima o nula en la sociedad extranjera, el IRS ofrece exenciones en casos espec\u00edficos (v\u00e9ase <a href=\"http:\/\/chrome-extension:\/\/efaidnbmnnnibpcajpcglclefindmkaj\/https:\/\/www.irs.gov\/pub\/irs-pdf\/i5471.pdf\" rel=\"noopener\" target=\"_blank\">5471 instrucciones<\/a> para los distintos tipos de <a href=\"https:\/\/www.youtube.com\/watch?v=wsl-vx9Vs9I\" rel=\"noopener\" target=\"_blank\">excepciones<\/a>.<\/p>\n<p>Por ejemplo, ciertos propietarios constructivos pueden estar exentos de algunos de los requisitos de declaraci\u00f3n m\u00e1s onerosos si su propiedad surge \u00fanicamente de las normas de atribuci\u00f3n y no de ning\u00fan control o influencia directa sobre las operaciones de la sociedad extranjera. El IRS entiende que estas personas, a menudo atrapadas en la red debido a complejas relaciones familiares o corporativas, pueden no tener el mismo nivel de participaci\u00f3n o beneficio que los propietarios directos o indirectos. Por lo tanto, el IRS puede reducir o eximir obligaciones de declaraci\u00f3n espec\u00edficas, reconociendo la situaci\u00f3n particular de estos contribuyentes.<\/p>\n<p>Comprender los matices de la propiedad directa, indirecta y constructiva es esencial para cumplir con los requisitos de presentaci\u00f3n del Formulario 5471. Sin embargo, estas reglas son complejas y pueden ser dif\u00edciles de entender sin conocimientos especializados. Las amplias reglas de atribuci\u00f3n del IRS garantizan que se registren todas las participaciones significativas en sociedades extranjeras, ya sean directas, indirectas o constructivas. Esta complejidad subraya la importancia de <a href=\"https:\/\/oandgaccounting.com\/staging\/appointment-booking-form\/\" rel=\"noopener\" target=\"_blank\">buscando orientaci\u00f3n profesional <\/a>cuando se trata del cumplimiento tributario internacional.<\/p>\n<p>Al desglosar estas reglas y comprender las implicaciones de cada tipo de propiedad, los profesionales de impuestos pueden ayudar mejor a los clientes a navegar por el complejo mundo del cumplimiento tributario internacional, garantizando que cumplan con todos los requisitos de informes necesarios sin complicaciones innecesarias.<\/p>\n<\/p><\/div>\n<\/p><\/div>","protected":false},"excerpt":{"rendered":"<p>Navigating the intricacies of international tax law is a formidable challenge, especially when dealing with complex reporting obligations like Form 5471. This form, required of U.S. persons with significant interests in certain foreign corporations, serves as a critical instrument for the IRS to monitor global financial activities. Understanding Form 5471\u2019s requirements demands a solid grasp &hellip; <a href=\"https:\/\/oandgaccounting.com\/staging\/es\/resources\/decoding-form-5471-a-deep-dive-into-direct-indirect-and-constructive-ownership-in-international-taxation\/\" class=\"more-link\">Continue reading<span class=\"screen-reader-text\"> &#8220;Decoding Form 5471: A Deep Dive into Direct, Indirect, and Constructive Ownership in International Taxation&#8221;<\/span><\/a><\/p>","protected":false},"author":1,"featured_media":0,"parent":24,"menu_order":0,"comment_status":"closed","ping_status":"closed","template":"default_withchat.php","meta":{"om_disable_all_campaigns":false,"_monsterinsights_skip_tracking":false,"_monsterinsights_sitenote_active":false,"_monsterinsights_sitenote_note":"","_monsterinsights_sitenote_category":0,"footnotes":""},"acf":[],"yoast_head":"<!-- This site is optimized with the Yoast SEO plugin v22.6 - https:\/\/yoast.com\/wordpress\/plugins\/seo\/ -->\n<title>Decoding Form 5471: A Deep Dive into Direct, Indirect, and Constructive Ownership in International Taxation - O&amp;G Tax and Accounting<\/title>\n<meta name=\"robots\" content=\"index, follow, max-snippet:-1, max-image-preview:large, max-video-preview:-1\" \/>\n<link rel=\"canonical\" href=\"https:\/\/oandgaccounting.com\/staging\/es\/resources\/decoding-form-5471-a-deep-dive-into-direct-indirect-and-constructive-ownership-in-international-taxation\/\" \/>\n<meta property=\"og:locale\" content=\"es_ES\" \/>\n<meta property=\"og:type\" content=\"article\" \/>\n<meta property=\"og:title\" content=\"Decoding Form 5471: A Deep Dive into Direct, Indirect, and Constructive Ownership in International Taxation - O&amp;G Tax and Accounting\" \/>\n<meta property=\"og:description\" content=\"Navigating the intricacies of international tax law is a formidable challenge, especially when dealing with complex reporting obligations like Form 5471. This form, required of U.S. persons with significant interests in certain foreign corporations, serves as a critical instrument for the IRS to monitor global financial activities. Understanding Form 5471\u2019s requirements demands a solid grasp &hellip; Continue reading &quot;Decoding Form 5471: A Deep Dive into Direct, Indirect, and Constructive Ownership in International Taxation&quot;\" \/>\n<meta property=\"og:url\" content=\"https:\/\/oandgaccounting.com\/staging\/es\/resources\/decoding-form-5471-a-deep-dive-into-direct-indirect-and-constructive-ownership-in-international-taxation\/\" \/>\n<meta property=\"og:site_name\" content=\"O&amp;G Tax and Accounting\" \/>\n<meta property=\"article:modified_time\" content=\"2025-03-07T13:07:57+00:00\" \/>\n<meta property=\"og:image\" content=\"https:\/\/oandgaccounting.com\/staging\/wp-content\/uploads\/2024\/09\/decoding5471deep.jpg\" \/>\n\t<meta property=\"og:image:width\" content=\"1038\" \/>\n\t<meta property=\"og:image:height\" content=\"1038\" \/>\n\t<meta property=\"og:image:type\" content=\"image\/jpeg\" \/>\n<meta name=\"twitter:card\" content=\"summary_large_image\" \/>\n<meta name=\"twitter:label1\" content=\"Tiempo de lectura\" \/>\n\t<meta name=\"twitter:data1\" content=\"6 minutos\" \/>\n<script type=\"application\/ld+json\" class=\"yoast-schema-graph\">{\"@context\":\"https:\/\/schema.org\",\"@graph\":[{\"@type\":\"WebPage\",\"@id\":\"https:\/\/oandgaccounting.com\/staging\/resources\/decoding-form-5471-a-deep-dive-into-direct-indirect-and-constructive-ownership-in-international-taxation\/\",\"url\":\"https:\/\/oandgaccounting.com\/staging\/resources\/decoding-form-5471-a-deep-dive-into-direct-indirect-and-constructive-ownership-in-international-taxation\/\",\"name\":\"Decoding Form 5471: A Deep Dive into Direct, Indirect, and Constructive Ownership in International Taxation - O&amp;G Tax and Accounting\",\"isPartOf\":{\"@id\":\"https:\/\/oandgaccounting.com\/staging\/#website\"},\"datePublished\":\"2024-09-11T05:45:15+00:00\",\"dateModified\":\"2025-03-07T13:07:57+00:00\",\"breadcrumb\":{\"@id\":\"https:\/\/oandgaccounting.com\/staging\/resources\/decoding-form-5471-a-deep-dive-into-direct-indirect-and-constructive-ownership-in-international-taxation\/#breadcrumb\"},\"inLanguage\":\"es\",\"potentialAction\":[{\"@type\":\"ReadAction\",\"target\":[\"https:\/\/oandgaccounting.com\/staging\/resources\/decoding-form-5471-a-deep-dive-into-direct-indirect-and-constructive-ownership-in-international-taxation\/\"]}]},{\"@type\":\"BreadcrumbList\",\"@id\":\"https:\/\/oandgaccounting.com\/staging\/resources\/decoding-form-5471-a-deep-dive-into-direct-indirect-and-constructive-ownership-in-international-taxation\/#breadcrumb\",\"itemListElement\":[{\"@type\":\"ListItem\",\"position\":1,\"name\":\"Resources\",\"item\":\"https:\/\/oandgaccounting.com\/staging\/resources\/\"},{\"@type\":\"ListItem\",\"position\":2,\"name\":\"Decoding Form 5471: A Deep Dive into Direct, Indirect, and Constructive Ownership in International Taxation\"}]},{\"@type\":\"WebSite\",\"@id\":\"https:\/\/oandgaccounting.com\/staging\/#website\",\"url\":\"https:\/\/oandgaccounting.com\/staging\/\",\"name\":\"O&amp;G Tax and Accounting\",\"description\":\"\",\"publisher\":{\"@id\":\"https:\/\/oandgaccounting.com\/staging\/#organization\"},\"potentialAction\":[{\"@type\":\"SearchAction\",\"target\":{\"@type\":\"EntryPoint\",\"urlTemplate\":\"https:\/\/oandgaccounting.com\/staging\/?s={search_term_string}\"},\"query-input\":\"required name=search_term_string\"}],\"inLanguage\":\"es\"},{\"@type\":\"Organization\",\"@id\":\"https:\/\/oandgaccounting.com\/staging\/#organization\",\"name\":\"O&amp;G Tax and Accounting\",\"url\":\"https:\/\/oandgaccounting.com\/staging\/\",\"logo\":{\"@type\":\"ImageObject\",\"inLanguage\":\"es\",\"@id\":\"https:\/\/oandgaccounting.com\/staging\/#\/schema\/logo\/image\/\",\"url\":\"https:\/\/oandgaccounting.com\/staging\/wp-content\/uploads\/2019\/07\/logo.png\",\"contentUrl\":\"https:\/\/oandgaccounting.com\/staging\/wp-content\/uploads\/2019\/07\/logo.png\",\"width\":123,\"height\":74,\"caption\":\"O&amp;G Tax and Accounting\"},\"image\":{\"@id\":\"https:\/\/oandgaccounting.com\/staging\/#\/schema\/logo\/image\/\"}}]}<\/script>\n<!-- \/ Yoast SEO plugin. -->","yoast_head_json":{"title":"Decoding Form 5471: A Deep Dive into Direct, Indirect, and Constructive Ownership in International Taxation - O&amp;G Tax and Accounting","robots":{"index":"index","follow":"follow","max-snippet":"max-snippet:-1","max-image-preview":"max-image-preview:large","max-video-preview":"max-video-preview:-1"},"canonical":"https:\/\/oandgaccounting.com\/staging\/es\/resources\/decoding-form-5471-a-deep-dive-into-direct-indirect-and-constructive-ownership-in-international-taxation\/","og_locale":"es_ES","og_type":"article","og_title":"Decoding Form 5471: A Deep Dive into Direct, Indirect, and Constructive Ownership in International Taxation - O&amp;G Tax and Accounting","og_description":"Navigating the intricacies of international tax law is a formidable challenge, especially when dealing with complex reporting obligations like Form 5471. This form, required of U.S. persons with significant interests in certain foreign corporations, serves as a critical instrument for the IRS to monitor global financial activities. Understanding Form 5471\u2019s requirements demands a solid grasp &hellip; Continue reading \"Decoding Form 5471: A Deep Dive into Direct, Indirect, and Constructive Ownership in International Taxation\"","og_url":"https:\/\/oandgaccounting.com\/staging\/es\/resources\/decoding-form-5471-a-deep-dive-into-direct-indirect-and-constructive-ownership-in-international-taxation\/","og_site_name":"O&amp;G Tax and Accounting","article_modified_time":"2025-03-07T13:07:57+00:00","og_image":[{"width":1038,"height":1038,"url":"https:\/\/oandgaccounting.com\/staging\/wp-content\/uploads\/2024\/09\/decoding5471deep.jpg","type":"image\/jpeg"}],"twitter_card":"summary_large_image","twitter_misc":{"Tiempo de lectura":"6 minutos"},"schema":{"@context":"https:\/\/schema.org","@graph":[{"@type":"WebPage","@id":"https:\/\/oandgaccounting.com\/staging\/resources\/decoding-form-5471-a-deep-dive-into-direct-indirect-and-constructive-ownership-in-international-taxation\/","url":"https:\/\/oandgaccounting.com\/staging\/resources\/decoding-form-5471-a-deep-dive-into-direct-indirect-and-constructive-ownership-in-international-taxation\/","name":"Decoding Form 5471: A Deep Dive into Direct, Indirect, and Constructive Ownership in International Taxation - O&amp;G Tax and Accounting","isPartOf":{"@id":"https:\/\/oandgaccounting.com\/staging\/#website"},"datePublished":"2024-09-11T05:45:15+00:00","dateModified":"2025-03-07T13:07:57+00:00","breadcrumb":{"@id":"https:\/\/oandgaccounting.com\/staging\/resources\/decoding-form-5471-a-deep-dive-into-direct-indirect-and-constructive-ownership-in-international-taxation\/#breadcrumb"},"inLanguage":"es","potentialAction":[{"@type":"ReadAction","target":["https:\/\/oandgaccounting.com\/staging\/resources\/decoding-form-5471-a-deep-dive-into-direct-indirect-and-constructive-ownership-in-international-taxation\/"]}]},{"@type":"BreadcrumbList","@id":"https:\/\/oandgaccounting.com\/staging\/resources\/decoding-form-5471-a-deep-dive-into-direct-indirect-and-constructive-ownership-in-international-taxation\/#breadcrumb","itemListElement":[{"@type":"ListItem","position":1,"name":"Resources","item":"https:\/\/oandgaccounting.com\/staging\/resources\/"},{"@type":"ListItem","position":2,"name":"Decoding Form 5471: A Deep Dive into Direct, Indirect, and Constructive Ownership in International Taxation"}]},{"@type":"WebSite","@id":"https:\/\/oandgaccounting.com\/staging\/#website","url":"https:\/\/oandgaccounting.com\/staging\/","name":"O&amp;G Tax and Accounting","description":"","publisher":{"@id":"https:\/\/oandgaccounting.com\/staging\/#organization"},"potentialAction":[{"@type":"SearchAction","target":{"@type":"EntryPoint","urlTemplate":"https:\/\/oandgaccounting.com\/staging\/?s={search_term_string}"},"query-input":"required name=search_term_string"}],"inLanguage":"es"},{"@type":"Organization","@id":"https:\/\/oandgaccounting.com\/staging\/#organization","name":"O&amp;G Tax and Accounting","url":"https:\/\/oandgaccounting.com\/staging\/","logo":{"@type":"ImageObject","inLanguage":"es","@id":"https:\/\/oandgaccounting.com\/staging\/#\/schema\/logo\/image\/","url":"https:\/\/oandgaccounting.com\/staging\/wp-content\/uploads\/2019\/07\/logo.png","contentUrl":"https:\/\/oandgaccounting.com\/staging\/wp-content\/uploads\/2019\/07\/logo.png","width":123,"height":74,"caption":"O&amp;G Tax and Accounting"},"image":{"@id":"https:\/\/oandgaccounting.com\/staging\/#\/schema\/logo\/image\/"}}]}},"_links":{"self":[{"href":"https:\/\/oandgaccounting.com\/staging\/es\/wp-json\/wp\/v2\/pages\/5960"}],"collection":[{"href":"https:\/\/oandgaccounting.com\/staging\/es\/wp-json\/wp\/v2\/pages"}],"about":[{"href":"https:\/\/oandgaccounting.com\/staging\/es\/wp-json\/wp\/v2\/types\/page"}],"author":[{"embeddable":true,"href":"https:\/\/oandgaccounting.com\/staging\/es\/wp-json\/wp\/v2\/users\/1"}],"replies":[{"embeddable":true,"href":"https:\/\/oandgaccounting.com\/staging\/es\/wp-json\/wp\/v2\/comments?post=5960"}],"version-history":[{"count":5,"href":"https:\/\/oandgaccounting.com\/staging\/es\/wp-json\/wp\/v2\/pages\/5960\/revisions"}],"predecessor-version":[{"id":6374,"href":"https:\/\/oandgaccounting.com\/staging\/es\/wp-json\/wp\/v2\/pages\/5960\/revisions\/6374"}],"up":[{"embeddable":true,"href":"https:\/\/oandgaccounting.com\/staging\/es\/wp-json\/wp\/v2\/pages\/24"}],"wp:attachment":[{"href":"https:\/\/oandgaccounting.com\/staging\/es\/wp-json\/wp\/v2\/media?parent=5960"}],"curies":[{"name":"wp","href":"https:\/\/api.w.org\/{rel}","templated":true}]}}