{"id":5987,"date":"2024-09-11T08:00:00","date_gmt":"2024-09-11T08:00:00","guid":{"rendered":"https:\/\/oandgaccounting.com\/staging\/?page_id=5987"},"modified":"2025-03-07T12:04:30","modified_gmt":"2025-03-07T12:04:30","slug":"navigating-u-s-tax-filing-for-foreign-owned-llcs-common-questions-and-answers","status":"publish","type":"page","link":"https:\/\/oandgaccounting.com\/staging\/es\/resources\/navigating-u-s-tax-filing-for-foreign-owned-llcs-common-questions-and-answers\/","title":{"rendered":"C\u00f3mo presentar impuestos en EE. UU. para sociedades de responsabilidad limitada (LLC) de propiedad extranjera: Preguntas y respuestas frecuentes"},"content":{"rendered":"<div class=\"onefivequestion\">\n<div class=\"container py-4 text-left\">\n<p>Operando un <a href=\"https:\/\/www.irs.gov\/businesses\/small-businesses-self-employed\/limited-liability-company-llc\" rel=\"noopener\" target=\"_blank\">Sociedad de responsabilidad limitada estadounidense (LLC)<\/a> Ser propietario extranjero puede ser complejo, especialmente al lidiar con obligaciones fiscales estadounidenses. A continuaci\u00f3n, respondemos preguntas comunes de <a href=\"https:\/\/oandgaccounting.com\/staging\/foreign-owned-us-llc\/7-common-questions-about-foreign-owned-u-s-llcs-answered-by-a-cpa\/\" rel=\"noopener\" target=\"_blank\">propietarios extranjeros de sociedades de responsabilidad limitada (LLC) unipersonales en los EE. UU.<\/a>., con especial atenci\u00f3n a las formas impositivas clave como <a href=\"https:\/\/oandgaccounting.com\/staging\/foreign-owned-us-llc\/how-to-file-forms-5472-and-1120-for-a-foreign-owned-single-member-llc\/\" rel=\"noopener\" target=\"_blank\">Proforma 1120 y Formulario 5472<\/a>, as\u00ed como consideraciones importantes como los ingresos de origen extranjero y las cuestiones comerciales o empresariales de Estados Unidos.<\/p>\n<h5>P1: \u00bfDebo presentar los formularios Proforma 1120 y 5472 si mi LLC no tiene actividad ni transacciones declarables?<\/h5>\n<p>Respuesta: No, si su LLC no ha tenido transacciones declarables, como contribuciones, distribuciones o pagos a partes relacionadas, no es necesario presentar los Formularios Proforma 1120 y 5472. Estos formularios solo se requieren cuando se realizan transacciones declarables. Sin dicha actividad, no est\u00e1 obligado a presentarlos.<\/p>\n<h5>P2: Mi LLC ha generado ganancias. \u00bfDebo declarar impuestos como sociedad an\u00f3nima o como persona f\u00edsica?<\/h5>\n<p>Respuesta: Si su LLC es una entidad de un solo miembro y no tiene <a href=\"https:\/\/www.irs.gov\/forms-pubs\/about-form-8832\" rel=\"noopener\" target=\"_blank\">eligi\u00f3 pagar impuestos como corporaci\u00f3n (a trav\u00e9s del Formulario 8832)<\/a>, se considera un <a href=\"https:\/\/www.irs.gov\/businesses\/small-businesses-self-employed\/limited-liability-company-possible-repercussions\" rel=\"noopener\" target=\"_blank\">entidad ignorada<\/a>. Esto significa que los ingresos de la LLC se transfieren al propietario y se declaran en su declaraci\u00f3n de impuestos personal, no como una entidad corporativa. Sin embargo, si <a href=\"https:\/\/www.irs.gov\/businesses\/small-businesses-self-employed\/llc-filing-as-a-corporation-or-partnership#:~:text=If%20the%20LLC%20is%20a%20corporation%2C%20normal%20corporate%20tax%20rules,from%20a%20C%20corporation%20return.\" rel=\"noopener\" target=\"_blank\">La LLC est\u00e1 gravada como una C-Corp<\/a>, estar\u00eda sujeto a una tasa impositiva corporativa fija 21%.<\/p>\n<h5>P3: \u00bfQu\u00e9 pasa si los ingresos de mi LLC se generan a partir de servicios prestados fuera de los EE. UU.?<\/h5>\n<p>Respuesta: Estados Unidos grava los ingresos seg\u00fan el lugar donde se prestan los servicios. Si su LLC genera ingresos por servicios prestados fuera de Estados Unidos, como en India, esos ingresos se consideran <a href=\"https:\/\/www.irs.gov\/individuals\/international-taxpayers\/nonresident-aliens-exclusions-from-income#:~:text=Foreign%20tax%20redetermination,of%20Income%20for%20more%20information.\" rel=\"noopener\" target=\"_blank\">de origen extranjero y no est\u00e1 sujeto a impuestos estadounidenses<\/a>. El IRS considera la ubicaci\u00f3n del trabajo realizado, no d\u00f3nde se reciben los pagos. Por lo tanto, su LLC no estar\u00eda <a href=\"https:\/\/www.irs.gov\/individuals\/international-taxpayers\/effectively-connected-income-eci#:~:text=You%20usually%20are%20engaged%20in,business%20in%20the%20United%20States.\" rel=\"noopener\" target=\"_blank\">involucrado en un negocio o comercio en los EE. UU.<\/a>, y no se deber\u00eda pagar ning\u00fan impuesto estadounidense m\u00e1s all\u00e1 de la posible presentaci\u00f3n de los Formularios Proforma 1120 y 5472 para informar las transacciones.<\/p>\n<h5>P4: \u00bfDebo pagar impuestos en EE. UU. sobre los ingresos almacenados en una cuenta bancaria en EE. UU.?<\/h5>\n<p>Respuesta: No, el simple hecho de tener una cuenta bancaria en EE. UU. no genera una obligaci\u00f3n tributaria en ese pa\u00eds. Los impuestos en EE. UU. se determinan seg\u00fan el lugar donde se realizan las actividades o servicios comerciales, no seg\u00fan la ubicaci\u00f3n de la cuenta bancaria. Si su trabajo se realiza fuera de EE. UU., los ingresos se consideran de origen extranjero y no est\u00e1n sujetos a impuestos en EE. UU., incluso si los fondos se mantienen en una cuenta bancaria estadounidense.<\/p>\n<h5>P5: \u00bfQu\u00e9 es una entidad ignorada y c\u00f3mo afecta la presentaci\u00f3n de impuestos de mi LLC?<\/h5>\n<p>Respuesta: Una entidad excluida se refiere a una LLC de un solo socio que no ha optado por tributar como corporaci\u00f3n. A efectos fiscales, la LLC se considera una extensi\u00f3n del propietario, lo que significa que sus ingresos y actividades se declaran en la declaraci\u00f3n de impuestos personal del propietario. Si los ingresos provienen del extranjero y no est\u00e1n relacionados con una actividad comercial o empresarial estadounidense, no est\u00e1n sujetos a impuestos estadounidenses. Sin embargo, las transacciones declarables, si las hubiera, deben declararse mediante los formularios Proforma 1120 y 5472.<\/p>\n<h5>P6: \u00bfPuedo presentar los formularios Proforma 1120 y 5472 electr\u00f3nicamente?<\/h5>\n<p>Respuesta: No, estos formularios no se pueden presentar electr\u00f3nicamente. Debe enviarlos por fax o correo postal. Conserve la confirmaci\u00f3n de su env\u00edo por fax o correo postal para futuras consultas. El IRS no suele enviar confirmaciones a menos que haya alg\u00fan problema con su presentaci\u00f3n.<\/p>\n<h5>P7: \u00bfSe aplica el Tratado Fiscal entre Estados Unidos y la India a mi situaci\u00f3n?<\/h5>\n<p>Respuesta: La <a href=\"https:\/\/www.irs.gov\/businesses\/international-businesses\/india-tax-treaty-documents\" rel=\"noopener\" target=\"_blank\">Tratado fiscal entre Estados Unidos y la India<\/a> Se aplica si usted est\u00e1 involucrado en un negocio o comercio en los EE. UU. o tiene <a href=\"https:\/\/www.irs.gov\/individuals\/international-taxpayers\/fixed-determinable-annual-or-periodical-fdap-income\" rel=\"noopener\" target=\"_blank\">Ingresos fijos, determinables, anuales o peri\u00f3dicos (FDAP) de origen estadounidense<\/a>, como intereses, dividendos o regal\u00edas, que est\u00e1n sujetos a retenci\u00f3n. Sin embargo, si presta servicios en EE. UU. y puede demostrar la ausencia de una <a href=\"http:\/\/chrome-extension:\/\/efaidnbmnnnibpcajpcglclefindmkaj\/https:\/\/www.irs.gov\/pub\/int_practice_units\/TRE9450_06_02.pdf\" rel=\"noopener\" target=\"_blank\">establecimiento permanente<\/a> (Aunque los ingresos est\u00e9n efectivamente vinculados a una actividad comercial o empresarial estadounidense), puede ampararse en el tratado para evitar la doble imposici\u00f3n. La clave est\u00e1 en demostrar que, a pesar de tener ingresos efectivamente vinculados a EE. UU., no tiene un establecimiento permanente en dicho pa\u00eds.<\/p>\n<h5>Informe importante: Cumplimiento de la Ley de Transparencia Corporativa<\/h5>\n<p>Los propietarios extranjeros de LLC estadounidenses tambi\u00e9n deben tener en cuenta lo siguiente: <a href=\"https:\/\/oandgaccounting.com\/staging\/corporate-transparency-act-cta-filing-service\/\" rel=\"noopener\" target=\"_blank\">Ley de Transparencia Corporativa (CTA)<\/a>. Seg\u00fan la CTA, ciertas entidades estadounidenses, incluidas las LLC, deben informar <a href=\"https:\/\/fincen.gov\/boi\" rel=\"noopener\" target=\"_blank\">informaci\u00f3n sobre la titularidad real<\/a> al gobierno de los Estados Unidos.<\/p>\n<ul>\n<li style=\"padding-bottom: 10px;\">Qui\u00e9n debe presentar la declaraci\u00f3n: Las corporaciones estadounidenses, las sociedades de responsabilidad limitada y entidades similares, incluidas las entidades de propiedad extranjera, deben informar la informaci\u00f3n sobre la propiedad efectiva.<\/li>\n<li style=\"padding-bottom: 10px;\">Plazos: Las entidades creadas antes del 1 de enero de 2024 deben presentar la declaraci\u00f3n antes del 1 de enero de 2025. Las entidades formadas despu\u00e9s del 1 de enero de 2024 tienen 90 d\u00edas desde su constituci\u00f3n hasta la presentaci\u00f3n.<\/li>\n<\/ul>\n<p>El incumplimiento puede resultar en sanciones, por lo que es esencial presentar la declaraci\u00f3n a tiempo.<\/p>\n<p>Para garantizar el cumplimiento de todas sus obligaciones de presentaci\u00f3n de informes e impuestos en los EE. UU. como propietario de una LLC extranjera, le recomendamos <a href=\"https:\/\/oandgaccounting.com\/staging\/appointment-booking-form\/\" rel=\"noopener\" target=\"_blank\">consultando con profesionales de impuestos <\/a>Especializados en tributaci\u00f3n internacional en EE. UU. Programe una consulta con Servicios de Impuestos y Contabilidad de O&amp;G para aclarar sus requisitos de presentaci\u00f3n, incluidos los formularios proforma 1120 y 5472. Haga clic aqu\u00ed. <a href=\"https:\/\/oandgaccounting.com\/staging\/appointment-booking-form\/\" rel=\"noopener\" target=\"_blank\">aqu\u00ed <\/a>para programar una cita.<\/p>\n<p>O&amp;G tambi\u00e9n puede ayudar con el cumplimiento de la Ley de Transparencia Corporativa (CTA) para garantizar que su informaci\u00f3n de propiedad beneficiosa se presente con precisi\u00f3n. <a href=\"https:\/\/oandgaccounting.com\/staging\/appointment-booking-form\/\" rel=\"noopener\" target=\"_blank\">Cont\u00e1ctanos<\/a> hoy para recibir orientaci\u00f3n y apoyo de expertos.<\/p>\n<\/div>","protected":false},"excerpt":{"rendered":"<p>Operating a U.S. Limited Liability Company (LLC) as a foreign owner can be complex, especially when dealing with U.S. tax obligations. Below, we address common questions from foreign owners of single-member LLCs in the U.S., with a focus on key tax forms such as Proforma 1120 and Form 5472, as well as important considerations like &hellip; <a href=\"https:\/\/oandgaccounting.com\/staging\/es\/resources\/navigating-u-s-tax-filing-for-foreign-owned-llcs-common-questions-and-answers\/\" class=\"more-link\">Continue reading<span class=\"screen-reader-text\"> &#8220;Navigating U.S. Tax Filing for Foreign-Owned LLCs: Common Questions and Answers&#8221;<\/span><\/a><\/p>","protected":false},"author":1,"featured_media":0,"parent":24,"menu_order":0,"comment_status":"closed","ping_status":"closed","template":"default_withchat.php","meta":{"om_disable_all_campaigns":false,"_monsterinsights_skip_tracking":false,"_monsterinsights_sitenote_active":false,"_monsterinsights_sitenote_note":"","_monsterinsights_sitenote_category":0,"footnotes":""},"acf":[],"yoast_head":"<!-- This site is optimized with the Yoast SEO plugin v22.6 - https:\/\/yoast.com\/wordpress\/plugins\/seo\/ -->\n<title>Navigating U.S. Tax Filing for Foreign-Owned LLCs: Common Questions and Answers - O&amp;G Tax and Accounting<\/title>\n<meta name=\"robots\" content=\"index, follow, max-snippet:-1, max-image-preview:large, max-video-preview:-1\" \/>\n<link rel=\"canonical\" href=\"https:\/\/oandgaccounting.com\/staging\/es\/resources\/navigating-u-s-tax-filing-for-foreign-owned-llcs-common-questions-and-answers\/\" \/>\n<meta property=\"og:locale\" content=\"es_ES\" \/>\n<meta property=\"og:type\" content=\"article\" \/>\n<meta property=\"og:title\" content=\"Navigating U.S. Tax Filing for Foreign-Owned LLCs: Common Questions and Answers - O&amp;G Tax and Accounting\" \/>\n<meta property=\"og:description\" content=\"Operating a U.S. Limited Liability Company (LLC) as a foreign owner can be complex, especially when dealing with U.S. tax obligations. Below, we address common questions from foreign owners of single-member LLCs in the U.S., with a focus on key tax forms such as Proforma 1120 and Form 5472, as well as important considerations like &hellip; Continue reading &quot;Navigating U.S. Tax Filing for Foreign-Owned LLCs: Common Questions and Answers&quot;\" \/>\n<meta property=\"og:url\" content=\"https:\/\/oandgaccounting.com\/staging\/es\/resources\/navigating-u-s-tax-filing-for-foreign-owned-llcs-common-questions-and-answers\/\" \/>\n<meta property=\"og:site_name\" content=\"O&amp;G Tax and Accounting\" \/>\n<meta property=\"article:modified_time\" content=\"2025-03-07T12:04:30+00:00\" \/>\n<meta property=\"og:image\" content=\"https:\/\/oandgaccounting.com\/staging\/wp-content\/uploads\/2024\/09\/llc3.jpg\" \/>\n\t<meta property=\"og:image:width\" content=\"1006\" \/>\n\t<meta property=\"og:image:height\" content=\"1006\" \/>\n\t<meta property=\"og:image:type\" content=\"image\/jpeg\" \/>\n<meta name=\"twitter:card\" content=\"summary_large_image\" \/>\n<meta name=\"twitter:label1\" content=\"Tiempo de lectura\" \/>\n\t<meta name=\"twitter:data1\" content=\"4 minutos\" \/>\n<script type=\"application\/ld+json\" class=\"yoast-schema-graph\">{\"@context\":\"https:\/\/schema.org\",\"@graph\":[{\"@type\":\"WebPage\",\"@id\":\"https:\/\/oandgaccounting.com\/staging\/resources\/navigating-u-s-tax-filing-for-foreign-owned-llcs-common-questions-and-answers\/\",\"url\":\"https:\/\/oandgaccounting.com\/staging\/resources\/navigating-u-s-tax-filing-for-foreign-owned-llcs-common-questions-and-answers\/\",\"name\":\"Navigating U.S. Tax Filing for Foreign-Owned LLCs: Common Questions and Answers - O&amp;G Tax and Accounting\",\"isPartOf\":{\"@id\":\"https:\/\/oandgaccounting.com\/staging\/#website\"},\"datePublished\":\"2024-09-11T08:00:00+00:00\",\"dateModified\":\"2025-03-07T12:04:30+00:00\",\"breadcrumb\":{\"@id\":\"https:\/\/oandgaccounting.com\/staging\/resources\/navigating-u-s-tax-filing-for-foreign-owned-llcs-common-questions-and-answers\/#breadcrumb\"},\"inLanguage\":\"es\",\"potentialAction\":[{\"@type\":\"ReadAction\",\"target\":[\"https:\/\/oandgaccounting.com\/staging\/resources\/navigating-u-s-tax-filing-for-foreign-owned-llcs-common-questions-and-answers\/\"]}]},{\"@type\":\"BreadcrumbList\",\"@id\":\"https:\/\/oandgaccounting.com\/staging\/resources\/navigating-u-s-tax-filing-for-foreign-owned-llcs-common-questions-and-answers\/#breadcrumb\",\"itemListElement\":[{\"@type\":\"ListItem\",\"position\":1,\"name\":\"Resources\",\"item\":\"https:\/\/oandgaccounting.com\/staging\/resources\/\"},{\"@type\":\"ListItem\",\"position\":2,\"name\":\"Navigating U.S. Tax Filing for Foreign-Owned LLCs: Common Questions and Answers\"}]},{\"@type\":\"WebSite\",\"@id\":\"https:\/\/oandgaccounting.com\/staging\/#website\",\"url\":\"https:\/\/oandgaccounting.com\/staging\/\",\"name\":\"O&amp;G Tax and Accounting\",\"description\":\"\",\"publisher\":{\"@id\":\"https:\/\/oandgaccounting.com\/staging\/#organization\"},\"potentialAction\":[{\"@type\":\"SearchAction\",\"target\":{\"@type\":\"EntryPoint\",\"urlTemplate\":\"https:\/\/oandgaccounting.com\/staging\/?s={search_term_string}\"},\"query-input\":\"required name=search_term_string\"}],\"inLanguage\":\"es\"},{\"@type\":\"Organization\",\"@id\":\"https:\/\/oandgaccounting.com\/staging\/#organization\",\"name\":\"O&amp;G Tax and Accounting\",\"url\":\"https:\/\/oandgaccounting.com\/staging\/\",\"logo\":{\"@type\":\"ImageObject\",\"inLanguage\":\"es\",\"@id\":\"https:\/\/oandgaccounting.com\/staging\/#\/schema\/logo\/image\/\",\"url\":\"https:\/\/oandgaccounting.com\/staging\/wp-content\/uploads\/2019\/07\/logo.png\",\"contentUrl\":\"https:\/\/oandgaccounting.com\/staging\/wp-content\/uploads\/2019\/07\/logo.png\",\"width\":123,\"height\":74,\"caption\":\"O&amp;G Tax and Accounting\"},\"image\":{\"@id\":\"https:\/\/oandgaccounting.com\/staging\/#\/schema\/logo\/image\/\"}}]}<\/script>\n<!-- \/ Yoast SEO plugin. -->","yoast_head_json":{"title":"Navigating U.S. Tax Filing for Foreign-Owned LLCs: Common Questions and Answers - O&amp;G Tax and Accounting","robots":{"index":"index","follow":"follow","max-snippet":"max-snippet:-1","max-image-preview":"max-image-preview:large","max-video-preview":"max-video-preview:-1"},"canonical":"https:\/\/oandgaccounting.com\/staging\/es\/resources\/navigating-u-s-tax-filing-for-foreign-owned-llcs-common-questions-and-answers\/","og_locale":"es_ES","og_type":"article","og_title":"Navigating U.S. Tax Filing for Foreign-Owned LLCs: Common Questions and Answers - O&amp;G Tax and Accounting","og_description":"Operating a U.S. Limited Liability Company (LLC) as a foreign owner can be complex, especially when dealing with U.S. tax obligations. Below, we address common questions from foreign owners of single-member LLCs in the U.S., with a focus on key tax forms such as Proforma 1120 and Form 5472, as well as important considerations like &hellip; Continue reading \"Navigating U.S. Tax Filing for Foreign-Owned LLCs: Common Questions and Answers\"","og_url":"https:\/\/oandgaccounting.com\/staging\/es\/resources\/navigating-u-s-tax-filing-for-foreign-owned-llcs-common-questions-and-answers\/","og_site_name":"O&amp;G Tax and Accounting","article_modified_time":"2025-03-07T12:04:30+00:00","og_image":[{"width":1006,"height":1006,"url":"https:\/\/oandgaccounting.com\/staging\/wp-content\/uploads\/2024\/09\/llc3.jpg","type":"image\/jpeg"}],"twitter_card":"summary_large_image","twitter_misc":{"Tiempo de lectura":"4 minutos"},"schema":{"@context":"https:\/\/schema.org","@graph":[{"@type":"WebPage","@id":"https:\/\/oandgaccounting.com\/staging\/resources\/navigating-u-s-tax-filing-for-foreign-owned-llcs-common-questions-and-answers\/","url":"https:\/\/oandgaccounting.com\/staging\/resources\/navigating-u-s-tax-filing-for-foreign-owned-llcs-common-questions-and-answers\/","name":"Navigating U.S. Tax Filing for Foreign-Owned LLCs: Common Questions and Answers - O&amp;G Tax and Accounting","isPartOf":{"@id":"https:\/\/oandgaccounting.com\/staging\/#website"},"datePublished":"2024-09-11T08:00:00+00:00","dateModified":"2025-03-07T12:04:30+00:00","breadcrumb":{"@id":"https:\/\/oandgaccounting.com\/staging\/resources\/navigating-u-s-tax-filing-for-foreign-owned-llcs-common-questions-and-answers\/#breadcrumb"},"inLanguage":"es","potentialAction":[{"@type":"ReadAction","target":["https:\/\/oandgaccounting.com\/staging\/resources\/navigating-u-s-tax-filing-for-foreign-owned-llcs-common-questions-and-answers\/"]}]},{"@type":"BreadcrumbList","@id":"https:\/\/oandgaccounting.com\/staging\/resources\/navigating-u-s-tax-filing-for-foreign-owned-llcs-common-questions-and-answers\/#breadcrumb","itemListElement":[{"@type":"ListItem","position":1,"name":"Resources","item":"https:\/\/oandgaccounting.com\/staging\/resources\/"},{"@type":"ListItem","position":2,"name":"Navigating U.S. Tax Filing for Foreign-Owned LLCs: Common Questions and Answers"}]},{"@type":"WebSite","@id":"https:\/\/oandgaccounting.com\/staging\/#website","url":"https:\/\/oandgaccounting.com\/staging\/","name":"O&amp;G Tax and Accounting","description":"","publisher":{"@id":"https:\/\/oandgaccounting.com\/staging\/#organization"},"potentialAction":[{"@type":"SearchAction","target":{"@type":"EntryPoint","urlTemplate":"https:\/\/oandgaccounting.com\/staging\/?s={search_term_string}"},"query-input":"required name=search_term_string"}],"inLanguage":"es"},{"@type":"Organization","@id":"https:\/\/oandgaccounting.com\/staging\/#organization","name":"O&amp;G Tax and Accounting","url":"https:\/\/oandgaccounting.com\/staging\/","logo":{"@type":"ImageObject","inLanguage":"es","@id":"https:\/\/oandgaccounting.com\/staging\/#\/schema\/logo\/image\/","url":"https:\/\/oandgaccounting.com\/staging\/wp-content\/uploads\/2019\/07\/logo.png","contentUrl":"https:\/\/oandgaccounting.com\/staging\/wp-content\/uploads\/2019\/07\/logo.png","width":123,"height":74,"caption":"O&amp;G Tax and Accounting"},"image":{"@id":"https:\/\/oandgaccounting.com\/staging\/#\/schema\/logo\/image\/"}}]}},"_links":{"self":[{"href":"https:\/\/oandgaccounting.com\/staging\/es\/wp-json\/wp\/v2\/pages\/5987"}],"collection":[{"href":"https:\/\/oandgaccounting.com\/staging\/es\/wp-json\/wp\/v2\/pages"}],"about":[{"href":"https:\/\/oandgaccounting.com\/staging\/es\/wp-json\/wp\/v2\/types\/page"}],"author":[{"embeddable":true,"href":"https:\/\/oandgaccounting.com\/staging\/es\/wp-json\/wp\/v2\/users\/1"}],"replies":[{"embeddable":true,"href":"https:\/\/oandgaccounting.com\/staging\/es\/wp-json\/wp\/v2\/comments?post=5987"}],"version-history":[{"count":4,"href":"https:\/\/oandgaccounting.com\/staging\/es\/wp-json\/wp\/v2\/pages\/5987\/revisions"}],"predecessor-version":[{"id":6314,"href":"https:\/\/oandgaccounting.com\/staging\/es\/wp-json\/wp\/v2\/pages\/5987\/revisions\/6314"}],"up":[{"embeddable":true,"href":"https:\/\/oandgaccounting.com\/staging\/es\/wp-json\/wp\/v2\/pages\/24"}],"wp:attachment":[{"href":"https:\/\/oandgaccounting.com\/staging\/es\/wp-json\/wp\/v2\/media?parent=5987"}],"curies":[{"name":"wp","href":"https:\/\/api.w.org\/{rel}","templated":true}]}}