{"id":6046,"date":"2024-09-23T06:01:03","date_gmt":"2024-09-23T06:01:03","guid":{"rendered":"https:\/\/oandgaccounting.com\/staging\/?page_id=6046"},"modified":"2025-03-07T12:09:57","modified_gmt":"2025-03-07T12:09:57","slug":"setting-up-a-u-s-single-member-llc-for-amazon-sales-a-foreign-business-owners-guide","status":"publish","type":"page","link":"https:\/\/oandgaccounting.com\/staging\/es\/resources\/setting-up-a-u-s-single-member-llc-for-amazon-sales-a-foreign-business-owners-guide\/","title":{"rendered":"C\u00f3mo crear una LLC unipersonal en EE. UU. para las ventas en Amazon: Gu\u00eda para propietarios de empresas extranjeras"},"content":{"rendered":"<div class=\"onefivequestion\">\n<div class=\"container py-4 text-left\">\n<p>En la econom\u00eda global actual, los due\u00f1os de negocios de varios pa\u00edses pueden vender productos de manera eficiente en plataformas como Amazon, incluso si tienen su sede fuera de los EE. UU. Este art\u00edculo describe una consulta entre un propietario de negocio extranjero, Felipe de Argentina, y <a href=\"https:\/\/oandgaccounting.com\/staging\/about-me\/\" rel=\"noopener\" target=\"_blank\">Alex Oware, contador p\u00fablico<\/a>, que brinda asesoramiento experto sobre el cumplimiento tributario en EE. UU. <a href=\"https:\/\/oandgaccounting.com\/staging\/foreign-owned-us-llc\/7-common-questions-about-foreign-owned-u-s-llcs-answered-by-a-cpa\/\" rel=\"noopener\" target=\"_blank\">propietarios extranjeros de sociedades de responsabilidad limitada<\/a>.<\/p>\n<p><strong>Introducci\u00f3n: El escenario<\/strong><\/p>\n<p>Felipe, un experimentado empresario argentino, planea expandir su negocio vendiendo pieles de cabra en <a href=\"https:\/\/www.amazon.com\/Marketplace\/s?k=Marketplace\" rel=\"noopener\" target=\"_blank\">El mercado estadounidense de Amazon<\/a>. Para facilitar esto, est\u00e1 considerando formar una <a href=\"https:\/\/www.irs.gov\/businesses\/small-businesses-self-employed\/single-member-limited-liability-companies\" rel=\"noopener\" target=\"_blank\">Sociedad de responsabilidad limitada (LLC) unipersonal estadounidense<\/a>. Las principales preocupaciones de Felipe incluyen la creaci\u00f3n de la LLC, la gesti\u00f3n de los impuestos y el manejo de la log\u00edstica de venta y env\u00edo de sus productos a trav\u00e9s de Amazon.<\/p>\n<p><strong>Conceptos clave: Vender en Amazon como propietario de una empresa extranjera<\/strong><\/p>\n<p>El objetivo principal de Felipe es simplificar las transacciones recibiendo pagos en d\u00f3lares estadounidenses, evitando as\u00ed los tipos de cambio desfavorables que enfrentar\u00eda en Argentina. Si bien constituir una LLC estadounidense no es estrictamente necesario para vender en Amazon, ofrece varias ventajas, especialmente dada la situaci\u00f3n de Felipe:<\/p>\n<ul>\n<li style=\"padding-bottom:10px;\"><strong>Cuenta bancaria:<\/strong> Al formar una LLC en Estados Unidos, Felipe puede abrir una cuenta bancaria en d\u00f3lares estadounidenses, lo que facilita el manejo de las ganancias sin tener que convertirlas a pesos argentinos.<\/li>\n<li style=\"padding-bottom:10px;\"><strong>Cumplimiento de Amazon:<\/strong> Felipe planea enviar piel de cabra directamente a <a href=\"https:\/\/www.aboutamazon.com\/workplace\/facilities\" rel=\"noopener\" target=\"_blank\">Centros log\u00edsticos de Amazon<\/a>, donde Amazon gestionar\u00e1 la log\u00edstica y las ventas.<\/li>\n<\/ul>\n<h3>Gu\u00eda paso a paso para crear una LLC en EE. UU.<\/h3>\n<p><strong>1. \u00bfNecesita una LLC en EE.UU.?<\/strong><\/p>\n<p>Alex explica que, si bien es posible vender en Amazon sin constituir una LLC estadounidense, el deseo de Felipe de administrar sus finanzas en d\u00f3lares estadounidenses y evitar complicaciones con el sistema bancario argentino hace que constituir una LLC estadounidense sea una buena opci\u00f3n. Esto tambi\u00e9n le brinda acceso a servicios de banca virtual estadounidense, como <a href=\"https:\/\/mercury.com\/\" rel=\"noopener\" target=\"_blank\">Mercurio<\/a>.<\/p>\n<p><strong>2. Elegir el estado adecuado<\/strong><\/p>\n<p>Alex recomienda formar una LLC en Wyoming o Colorado debido a los menores costos de renovaci\u00f3n anual. Si bien Delaware es una opci\u00f3n popular, cobra tarifas m\u00e1s altas ($300 anuales), lo que dificulta... <a href=\"http:\/\/chrome-extension:\/\/efaidnbmnnnibpcajpcglclefindmkaj\/https:\/\/sos.wyo.gov\/business\/docs\/businessfees.pdf\" rel=\"noopener\" target=\"_blank\">Wyoming ($60)<\/a> o Colorado ($25), m\u00e1s rentable para peque\u00f1as LLC de propiedad extranjera.<\/p>\n<p><strong>3. Consideraciones fiscales<\/strong><\/p>\n<ul>\n<li style=\"padding-bottom:10px;\"><strong>Impuestos federales:<\/strong> El negocio de Felipe no pagar\u00eda impuestos federales estadounidenses sobre las ganancias, ya que el producto se fabrica y env\u00eda desde Argentina. Adem\u00e1s, Felipe no tendr\u00e1 presencia f\u00edsica ni realizar\u00e1 actividades comerciales en EE. UU. No mantendr\u00e1 almacenes, oficinas ni una base fija en EE. UU., ni tendr\u00e1 agentes, empleados ni contratistas independientes exclusivos en el pa\u00eds. Seg\u00fan la legislaci\u00f3n fiscal estadounidense, los ingresos generados por una persona extranjera provenientes de productos producidos y vendidos fuera de EE. UU. se clasifican como ingresos de origen extranjero y no est\u00e1n sujetos a impuestos federales estadounidenses.<\/li>\n<li style=\"padding-bottom:10px;\"><strong>Impuestos estatales:<\/strong> Felipe debe considerar las obligaciones fiscales espec\u00edficas de cada estado. Cada estado de EE. UU. tiene diferentes normas fiscales, especialmente en lo que respecta al nexo del impuesto sobre las ventas. Felipe tendr\u00eda que abordar el impuesto sobre las ventas si sus ventas superan ciertos umbrales, por lo general. <a href=\"https:\/\/www.avalara.com\/us\/en\/learn\/guides\/state-by-state-guide-economic-nexus-laws.html\" rel=\"noopener\" target=\"_blank\">200 transacciones o $100,000<\/a> en ingresos en la mayor\u00eda de los estados.<\/li>\n<\/ul>\n<p><strong>C\u00f3mo gestionar el impuesto sobre las ventas con Amazon<\/strong><\/p>\n<p>Una de las preocupaciones de Felipe es gestionar los impuestos sobre las ventas. Alex aclara que <a href=\"https:\/\/www.amazon.com\/gp\/help\/customer\/display.html?nodeId=202211260#:~:text=As%20the%20marketplace%20facilitator%2C%20Amazon,Marketplace%20collection%20legislation%20is%20enacted.\" rel=\"noopener\" target=\"_blank\">Amazon recauda el impuesto sobre las ventas de los compradores y lo remite directamente a los estados correspondientes.<\/a>, Esto libera a Felipe de la responsabilidad de gestionar el impuesto sobre las ventas si vende exclusivamente a trav\u00e9s de Amazon. Sin embargo, si Felipe se expande a otras plataformas como Shopify o su propia plataforma de comercio electr\u00f3nico, deber\u00e1 gestionar \u00e9l mismo los impuestos sobre las ventas espec\u00edficos de cada estado.<\/p>\n<p><strong>Formularios y presentaciones: garantizar el cumplimiento<\/strong><\/p>\n<p>Felipe deber\u00e1 presentar formularios espec\u00edficos anualmente para cumplir con la normativa:<\/p>\n<ul>\n<li style=\"padding-bottom:10px;\"><strong>Pro Forma 1120 y Formulario 5472:<\/strong> Estos formularios son esenciales para reportar transacciones entre partes relacionadas entre Felipe y su LLC estadounidense. No son declaraciones de impuestos, sino declaraciones informativas que el IRS exige para rastrear las inversiones y distribuciones de propietarios extranjeros o partes relacionadas.<\/li>\n<li style=\"padding-bottom:10px;\"><strong>Renovaci\u00f3n estatal y agente registrado: <\/strong> Felipe debe renovar su LLC anualmente en el estado donde est\u00e9 registrada y mantener un agente registrado para recibir documentos legales en EE.UU.<\/li>\n<\/ul>\n<p><strong>Consideraciones adicionales: Importaci\u00f3n de bienes a los EE. UU.<\/strong><\/p>\n<p>A medida que Felipe se expande a env\u00edos m\u00e1s grandes, deber\u00e1 considerar los diversos m\u00e9todos disponibles para importar piel de cabra a los EE. UU. Estos incluyen:<\/p>\n<ul>\n<li style=\"padding-bottom:10px;\"><strong>Transporte a\u00e9reo:<\/strong> Este es un m\u00e9todo r\u00e1pido para enviar mercanc\u00edas, ideal para env\u00edos de alto valor o urgentes. Las mercanc\u00edas pueden entregarse en los principales aeropuertos de EE. UU., como los de Miami, Los \u00c1ngeles, Nueva York y Chicago.<\/li>\n<li style=\"padding-bottom:10px;\"><strong>Transporte mar\u00edtimo: <\/strong> M\u00e1s rentable para env\u00edos m\u00e1s grandes o a granel, el transporte mar\u00edtimo implica el env\u00edo de mercanc\u00edas en contenedores, que pueden llegar a puertos importantes como el Puerto de Los \u00c1ngeles, el Puerto de Nueva York y Nueva Jersey, o el Puerto de Miami.<\/li>\n<li style=\"padding-bottom:10px;\"><strong>Transporte terrestre: <\/strong> Si las mercanc\u00edas se env\u00edan desde pa\u00edses vecinos como Canad\u00e1 o M\u00e9xico, el transporte terrestre por cami\u00f3n o ferrocarril es una opci\u00f3n eficiente. Los principales puertos de entrada terrestres son Laredo, Texas, y Detroit, Michigan.<\/li>\n<li style=\"padding-bottom:10px;\"><strong>Servicios de mensajer\u00eda: <\/strong> Para env\u00edos m\u00e1s peque\u00f1os, los servicios de mensajer\u00eda internacional como DHL, FedEx o UPS pueden entregar productos directamente a los centros log\u00edsticos de Amazon u otros destinos de EE. UU.<\/li>\n<\/ul>\n<p><strong>El papel de los proveedores 3PL y los agentes de aduanas<\/strong><\/p>\n<p>Cuando se trata del despacho de aduanas, Felipe tiene la opci\u00f3n de contratar un <a href=\"https:\/\/www.plslogistics.com\/blog\/3pl-vs-freight-broker-main-differences\/\" rel=\"noopener\" target=\"_blank\">agente de aduanas o un proveedor de log\u00edstica de terceros (3PL)<\/a>:<\/p>\n<ul>\n<li style=\"padding-bottom:10px;\"><strong>Agentes de aduanas:<\/strong> Se especializan en el manejo de la documentaci\u00f3n y el cumplimiento normativo necesarios para el despacho de mercanc\u00edas a trav\u00e9s de la Aduana de Estados Unidos.<\/li>\n<li style=\"padding-bottom:10px;\"><strong>Proveedores 3PL: <\/strong> Estos proveedores tambi\u00e9n pueden gestionar el despacho de aduanas, seg\u00fan los servicios ofrecidos y el acuerdo espec\u00edfico vigente. Un proveedor 3PL suele gestionar la documentaci\u00f3n, garantizar el cumplimiento de la normativa aduanera y facilitar la comunicaci\u00f3n con las autoridades aduaneras. Tambi\u00e9n pueden ofrecer servicios adicionales como programas de devoluci\u00f3n de derechos, consultor\u00eda aduanera y auditor\u00edas de cumplimiento.<\/li>\n<\/ul>\n<p><strong>Soluciones y conclusiones clave<\/strong><\/p>\n<p>A continuaci\u00f3n se muestra un resumen de las soluciones brindadas a Felipe en funci\u00f3n de sus necesidades de negocio:<\/p>\n<ul>\n<li style=\"padding-bottom: 10px;list-style-type: none;\"><strong>Formar una LLC estadounidense en Wyoming o Colorado<\/strong> para minimizar los costos de renovaci\u00f3n anual y agilizar la gesti\u00f3n financiera en d\u00f3lares estadounidenses.<\/li>\n<li style=\"padding-bottom: 10px;list-style-type: none;\"><strong>Abrir una cuenta bancaria en EE.UU. <\/strong> a trav\u00e9s de servicios como Mercury o Payoneer para manejar transacciones en d\u00f3lares estadounidenses, evitando problemas de cambio de divisas.<\/li>\n<li style=\"padding-bottom: 10px;list-style-type: none;\"><strong>Conf\u00ede en Amazon <\/strong> para gestionar la recaudaci\u00f3n de impuestos sobre las ventas de clientes estadounidenses.<\/li>\n<li style=\"padding-bottom: 10px;list-style-type: none;\"><strong> Entender que no existen obligaciones fiscales federales<\/strong> ya que las actividades comerciales de Felipe se realizan \u00edntegramente fuera de Estados Unidos, sin presencia f\u00edsica ni operaciones comerciales dentro del pa\u00eds.<\/li>\n<li style=\"padding-bottom: 10px;list-style-type: none;\"><strong>Garantizar el cumplimiento <\/strong> mediante la presentaci\u00f3n <a href=\"https:\/\/oandgaccounting.com\/staging\/foreign-owned-us-llc\/how-to-file-forms-5472-and-1120-for-a-foreign-owned-single-member-llc\/\" rel=\"noopener\" target=\"_blank\">Pro Forma 1120 y Formulario 5472<\/a> anualmente, renovando la LLC con el estado y manteniendo un agente registrado.<\/li>\n<li style=\"padding-bottom: 10px;list-style-type: none;\"><strong>Elija el m\u00e9todo adecuado <\/strong> para importar mercanc\u00edas a los EE. UU., como transporte a\u00e9reo, mar\u00edtimo, terrestre o servicios de mensajer\u00eda, y considere los beneficios de contratar un agente de aduanas o un proveedor 3PL.<\/li>\n<\/ul>\n<p>Formar una LLC estadounidense unipersonal puede ser una decisi\u00f3n estrat\u00e9gica para empresarios extranjeros como Felipe, quienes buscan simplificar las transacciones financieras y vender eficazmente en plataformas como Amazon. Siguiendo las pautas descritas en este art\u00edculo, los emprendedores extranjeros pueden sortear las complejidades de las leyes fiscales, la log\u00edstica y las regulaciones bancarias estadounidenses, a la vez que maximizan el potencial de su negocio.<\/p>\n<p>Si es un empresario extranjero que busca establecer una LLC en EE. UU., administrar sus impuestos o expandir su negocio en el mercado estadounidense, <a href=\"https:\/\/oandgaccounting.com\/staging\/appointment-booking-form\/\" rel=\"noopener\" target=\"_blank\">Programe una consulta con O&amp;G Tax and Accounting Services<\/a>. Nuestro equipo experimentado se asegurar\u00e1 de que usted cumpla con las regulaciones estadounidenses y maximice sus ganancias. <a href=\"https:\/\/oandgaccounting.com\/staging\/appointment-booking-form\/\" rel=\"noopener\" target=\"_blank\">Reserve una consulta aqu\u00ed<\/a>.<\/p>\n<p>En O&amp;G, tambi\u00e9n nos aseguramos de que su LLC de propiedad extranjera cumpla con las <a href=\"https:\/\/oandgaccounting.com\/staging\/corporate-transparency-act-cta-filing-service\/\" rel=\"noopener\" target=\"_blank\">Ley de Transparencia Corporativa (CTA)<\/a>, que obliga a las entidades estadounidenses a informar <a href=\"https:\/\/fincen.gov\/boi\" rel=\"noopener\" target=\"_blank\">informaci\u00f3n sobre la titularidad real<\/a>. Mant\u00e9ngase a la vanguardia de las regulaciones con nuestra Asistencia para la Presentaci\u00f3n de la CTA: cont\u00e1ctenos hoy para un proceso de presentaci\u00f3n sin inconvenientes.<\/p>\n<\/div>","protected":false},"excerpt":{"rendered":"<p>In today\u2019s global economy, business owners from various countries can efficiently sell products on platforms like Amazon, even if they are based outside the U.S. This article outlines a consultation between a foreign business owner, Felipe from Argentina, and Alex Oware, a CPA, who provides expert advice on U.S. tax compliance for foreign owners of &hellip; <a href=\"https:\/\/oandgaccounting.com\/staging\/es\/resources\/setting-up-a-u-s-single-member-llc-for-amazon-sales-a-foreign-business-owners-guide\/\" class=\"more-link\">Continue reading<span class=\"screen-reader-text\"> &#8220;Setting Up a U.S. Single-Member LLC for Amazon Sales: A Foreign Business Owner&#8217;s Guide&#8221;<\/span><\/a><\/p>","protected":false},"author":1,"featured_media":0,"parent":24,"menu_order":0,"comment_status":"closed","ping_status":"closed","template":"default_withchat.php","meta":{"om_disable_all_campaigns":false,"_monsterinsights_skip_tracking":false,"_monsterinsights_sitenote_active":false,"_monsterinsights_sitenote_note":"","_monsterinsights_sitenote_category":0,"footnotes":""},"acf":[],"yoast_head":"<!-- This site is optimized with the Yoast SEO plugin v22.6 - https:\/\/yoast.com\/wordpress\/plugins\/seo\/ -->\n<title>Setting Up a U.S. Single-Member LLC for Amazon Sales: A Foreign Business Owner&#039;s Guide - O&amp;G Tax and Accounting<\/title>\n<meta name=\"robots\" content=\"index, follow, max-snippet:-1, max-image-preview:large, max-video-preview:-1\" \/>\n<link rel=\"canonical\" href=\"https:\/\/oandgaccounting.com\/staging\/es\/resources\/setting-up-a-u-s-single-member-llc-for-amazon-sales-a-foreign-business-owners-guide\/\" \/>\n<meta property=\"og:locale\" content=\"es_ES\" \/>\n<meta property=\"og:type\" content=\"article\" \/>\n<meta property=\"og:title\" content=\"Setting Up a U.S. Single-Member LLC for Amazon Sales: A Foreign Business Owner&#039;s Guide - O&amp;G Tax and Accounting\" \/>\n<meta property=\"og:description\" content=\"In today\u2019s global economy, business owners from various countries can efficiently sell products on platforms like Amazon, even if they are based outside the U.S. This article outlines a consultation between a foreign business owner, Felipe from Argentina, and Alex Oware, a CPA, who provides expert advice on U.S. tax compliance for foreign owners of &hellip; Continue reading &quot;Setting Up a U.S. Single-Member LLC for Amazon Sales: A Foreign Business Owner&#8217;s Guide&quot;\" \/>\n<meta property=\"og:url\" content=\"https:\/\/oandgaccounting.com\/staging\/es\/resources\/setting-up-a-u-s-single-member-llc-for-amazon-sales-a-foreign-business-owners-guide\/\" \/>\n<meta property=\"og:site_name\" content=\"O&amp;G Tax and Accounting\" \/>\n<meta property=\"article:modified_time\" content=\"2025-03-07T12:09:57+00:00\" \/>\n<meta property=\"og:image\" content=\"https:\/\/oandgaccounting.com\/staging\/wp-content\/uploads\/2024\/09\/settingup1.jpg\" \/>\n\t<meta property=\"og:image:width\" content=\"1114\" \/>\n\t<meta property=\"og:image:height\" content=\"1114\" \/>\n\t<meta property=\"og:image:type\" content=\"image\/jpeg\" \/>\n<meta name=\"twitter:card\" content=\"summary_large_image\" \/>\n<meta name=\"twitter:label1\" content=\"Tiempo de lectura\" \/>\n\t<meta name=\"twitter:data1\" content=\"6 minutos\" \/>\n<script type=\"application\/ld+json\" class=\"yoast-schema-graph\">{\"@context\":\"https:\/\/schema.org\",\"@graph\":[{\"@type\":\"WebPage\",\"@id\":\"https:\/\/oandgaccounting.com\/staging\/resources\/setting-up-a-u-s-single-member-llc-for-amazon-sales-a-foreign-business-owners-guide\/\",\"url\":\"https:\/\/oandgaccounting.com\/staging\/resources\/setting-up-a-u-s-single-member-llc-for-amazon-sales-a-foreign-business-owners-guide\/\",\"name\":\"Setting Up a U.S. Single-Member LLC for Amazon Sales: A Foreign Business Owner's Guide - O&amp;G Tax and Accounting\",\"isPartOf\":{\"@id\":\"https:\/\/oandgaccounting.com\/staging\/#website\"},\"datePublished\":\"2024-09-23T06:01:03+00:00\",\"dateModified\":\"2025-03-07T12:09:57+00:00\",\"breadcrumb\":{\"@id\":\"https:\/\/oandgaccounting.com\/staging\/resources\/setting-up-a-u-s-single-member-llc-for-amazon-sales-a-foreign-business-owners-guide\/#breadcrumb\"},\"inLanguage\":\"es\",\"potentialAction\":[{\"@type\":\"ReadAction\",\"target\":[\"https:\/\/oandgaccounting.com\/staging\/resources\/setting-up-a-u-s-single-member-llc-for-amazon-sales-a-foreign-business-owners-guide\/\"]}]},{\"@type\":\"BreadcrumbList\",\"@id\":\"https:\/\/oandgaccounting.com\/staging\/resources\/setting-up-a-u-s-single-member-llc-for-amazon-sales-a-foreign-business-owners-guide\/#breadcrumb\",\"itemListElement\":[{\"@type\":\"ListItem\",\"position\":1,\"name\":\"Resources\",\"item\":\"https:\/\/oandgaccounting.com\/staging\/resources\/\"},{\"@type\":\"ListItem\",\"position\":2,\"name\":\"Setting Up a U.S. Single-Member LLC for Amazon Sales: A Foreign Business Owner&#8217;s Guide\"}]},{\"@type\":\"WebSite\",\"@id\":\"https:\/\/oandgaccounting.com\/staging\/#website\",\"url\":\"https:\/\/oandgaccounting.com\/staging\/\",\"name\":\"O&amp;G Tax and Accounting\",\"description\":\"\",\"publisher\":{\"@id\":\"https:\/\/oandgaccounting.com\/staging\/#organization\"},\"potentialAction\":[{\"@type\":\"SearchAction\",\"target\":{\"@type\":\"EntryPoint\",\"urlTemplate\":\"https:\/\/oandgaccounting.com\/staging\/?s={search_term_string}\"},\"query-input\":\"required name=search_term_string\"}],\"inLanguage\":\"es\"},{\"@type\":\"Organization\",\"@id\":\"https:\/\/oandgaccounting.com\/staging\/#organization\",\"name\":\"O&amp;G Tax and Accounting\",\"url\":\"https:\/\/oandgaccounting.com\/staging\/\",\"logo\":{\"@type\":\"ImageObject\",\"inLanguage\":\"es\",\"@id\":\"https:\/\/oandgaccounting.com\/staging\/#\/schema\/logo\/image\/\",\"url\":\"https:\/\/oandgaccounting.com\/staging\/wp-content\/uploads\/2019\/07\/logo.png\",\"contentUrl\":\"https:\/\/oandgaccounting.com\/staging\/wp-content\/uploads\/2019\/07\/logo.png\",\"width\":123,\"height\":74,\"caption\":\"O&amp;G Tax and Accounting\"},\"image\":{\"@id\":\"https:\/\/oandgaccounting.com\/staging\/#\/schema\/logo\/image\/\"}}]}<\/script>\n<!-- \/ Yoast SEO plugin. -->","yoast_head_json":{"title":"Setting Up a U.S. Single-Member LLC for Amazon Sales: A Foreign Business Owner's Guide - O&amp;G Tax and Accounting","robots":{"index":"index","follow":"follow","max-snippet":"max-snippet:-1","max-image-preview":"max-image-preview:large","max-video-preview":"max-video-preview:-1"},"canonical":"https:\/\/oandgaccounting.com\/staging\/es\/resources\/setting-up-a-u-s-single-member-llc-for-amazon-sales-a-foreign-business-owners-guide\/","og_locale":"es_ES","og_type":"article","og_title":"Setting Up a U.S. Single-Member LLC for Amazon Sales: A Foreign Business Owner's Guide - O&amp;G Tax and Accounting","og_description":"In today\u2019s global economy, business owners from various countries can efficiently sell products on platforms like Amazon, even if they are based outside the U.S. This article outlines a consultation between a foreign business owner, Felipe from Argentina, and Alex Oware, a CPA, who provides expert advice on U.S. tax compliance for foreign owners of &hellip; Continue reading \"Setting Up a U.S. Single-Member LLC for Amazon Sales: A Foreign Business Owner&#8217;s Guide\"","og_url":"https:\/\/oandgaccounting.com\/staging\/es\/resources\/setting-up-a-u-s-single-member-llc-for-amazon-sales-a-foreign-business-owners-guide\/","og_site_name":"O&amp;G Tax and Accounting","article_modified_time":"2025-03-07T12:09:57+00:00","og_image":[{"width":1114,"height":1114,"url":"https:\/\/oandgaccounting.com\/staging\/wp-content\/uploads\/2024\/09\/settingup1.jpg","type":"image\/jpeg"}],"twitter_card":"summary_large_image","twitter_misc":{"Tiempo de lectura":"6 minutos"},"schema":{"@context":"https:\/\/schema.org","@graph":[{"@type":"WebPage","@id":"https:\/\/oandgaccounting.com\/staging\/resources\/setting-up-a-u-s-single-member-llc-for-amazon-sales-a-foreign-business-owners-guide\/","url":"https:\/\/oandgaccounting.com\/staging\/resources\/setting-up-a-u-s-single-member-llc-for-amazon-sales-a-foreign-business-owners-guide\/","name":"Setting Up a U.S. Single-Member LLC for Amazon Sales: A Foreign Business Owner's Guide - O&amp;G Tax and Accounting","isPartOf":{"@id":"https:\/\/oandgaccounting.com\/staging\/#website"},"datePublished":"2024-09-23T06:01:03+00:00","dateModified":"2025-03-07T12:09:57+00:00","breadcrumb":{"@id":"https:\/\/oandgaccounting.com\/staging\/resources\/setting-up-a-u-s-single-member-llc-for-amazon-sales-a-foreign-business-owners-guide\/#breadcrumb"},"inLanguage":"es","potentialAction":[{"@type":"ReadAction","target":["https:\/\/oandgaccounting.com\/staging\/resources\/setting-up-a-u-s-single-member-llc-for-amazon-sales-a-foreign-business-owners-guide\/"]}]},{"@type":"BreadcrumbList","@id":"https:\/\/oandgaccounting.com\/staging\/resources\/setting-up-a-u-s-single-member-llc-for-amazon-sales-a-foreign-business-owners-guide\/#breadcrumb","itemListElement":[{"@type":"ListItem","position":1,"name":"Resources","item":"https:\/\/oandgaccounting.com\/staging\/resources\/"},{"@type":"ListItem","position":2,"name":"Setting Up a U.S. Single-Member LLC for Amazon Sales: A Foreign Business Owner&#8217;s Guide"}]},{"@type":"WebSite","@id":"https:\/\/oandgaccounting.com\/staging\/#website","url":"https:\/\/oandgaccounting.com\/staging\/","name":"O&amp;G Tax and Accounting","description":"","publisher":{"@id":"https:\/\/oandgaccounting.com\/staging\/#organization"},"potentialAction":[{"@type":"SearchAction","target":{"@type":"EntryPoint","urlTemplate":"https:\/\/oandgaccounting.com\/staging\/?s={search_term_string}"},"query-input":"required name=search_term_string"}],"inLanguage":"es"},{"@type":"Organization","@id":"https:\/\/oandgaccounting.com\/staging\/#organization","name":"O&amp;G Tax and Accounting","url":"https:\/\/oandgaccounting.com\/staging\/","logo":{"@type":"ImageObject","inLanguage":"es","@id":"https:\/\/oandgaccounting.com\/staging\/#\/schema\/logo\/image\/","url":"https:\/\/oandgaccounting.com\/staging\/wp-content\/uploads\/2019\/07\/logo.png","contentUrl":"https:\/\/oandgaccounting.com\/staging\/wp-content\/uploads\/2019\/07\/logo.png","width":123,"height":74,"caption":"O&amp;G Tax and Accounting"},"image":{"@id":"https:\/\/oandgaccounting.com\/staging\/#\/schema\/logo\/image\/"}}]}},"_links":{"self":[{"href":"https:\/\/oandgaccounting.com\/staging\/es\/wp-json\/wp\/v2\/pages\/6046"}],"collection":[{"href":"https:\/\/oandgaccounting.com\/staging\/es\/wp-json\/wp\/v2\/pages"}],"about":[{"href":"https:\/\/oandgaccounting.com\/staging\/es\/wp-json\/wp\/v2\/types\/page"}],"author":[{"embeddable":true,"href":"https:\/\/oandgaccounting.com\/staging\/es\/wp-json\/wp\/v2\/users\/1"}],"replies":[{"embeddable":true,"href":"https:\/\/oandgaccounting.com\/staging\/es\/wp-json\/wp\/v2\/comments?post=6046"}],"version-history":[{"count":5,"href":"https:\/\/oandgaccounting.com\/staging\/es\/wp-json\/wp\/v2\/pages\/6046\/revisions"}],"predecessor-version":[{"id":6320,"href":"https:\/\/oandgaccounting.com\/staging\/es\/wp-json\/wp\/v2\/pages\/6046\/revisions\/6320"}],"up":[{"embeddable":true,"href":"https:\/\/oandgaccounting.com\/staging\/es\/wp-json\/wp\/v2\/pages\/24"}],"wp:attachment":[{"href":"https:\/\/oandgaccounting.com\/staging\/es\/wp-json\/wp\/v2\/media?parent=6046"}],"curies":[{"name":"wp","href":"https:\/\/api.w.org\/{rel}","templated":true}]}}