{"id":6065,"date":"2024-09-26T05:31:27","date_gmt":"2024-09-26T05:31:27","guid":{"rendered":"https:\/\/oandgaccounting.com\/staging\/?page_id=6065"},"modified":"2025-03-07T12:11:58","modified_gmt":"2025-03-07T12:11:58","slug":"federal-income-tax-and-state-requirements-for-foreign-owned-llcs","status":"publish","type":"page","link":"https:\/\/oandgaccounting.com\/staging\/es\/resources\/federal-income-tax-and-state-requirements-for-foreign-owned-llcs\/","title":{"rendered":"Impuesto sobre la renta federal y requisitos estatales para sociedades de responsabilidad limitada (LLC) de propiedad extranjera"},"content":{"rendered":"<div class=\"onefivequestion\">\n<div class=\"container py-4 text-left\">\n<p>Como propietario de un negocio extranjero que establece una <a href=\"https:\/\/www.irs.gov\/businesses\/small-businesses-self-employed\/limited-liability-company-llc\" rel=\"noopener\" target=\"_blank\">LLC de EE. UU.<\/a>, Comprender sus obligaciones tributarias puede ser abrumador. Este art\u00edculo busca simplificar los requisitos del impuesto federal sobre la renta, las consideraciones fiscales estatales y las pr\u00e1cticas contables esenciales para su LLC. Tambi\u00e9n abordaremos los requisitos de cumplimiento bajo la ley. <a href=\"https:\/\/oandgaccounting.com\/staging\/corporate-transparency-act-cta-filing-service\/\" rel=\"noopener\" target=\"_blank\">Ley de Transparencia Corporativa (CTA)<\/a>, lo cual es crucial para cada <a href=\"https:\/\/oandgaccounting.com\/staging\/foreign-owned-us-llc\/7-common-questions-about-foreign-owned-u-s-llcs-answered-by-a-cpa\/\" rel=\"noopener\" target=\"_blank\">LLC estadounidense de propiedad extranjera<\/a>.<\/p>\n<p><strong>Introducci\u00f3n<\/strong><\/p>\n<p>Imag\u00ednate que acabas de configurar un <a href=\"https:\/\/www.irs.gov\/businesses\/small-businesses-self-employed\/llc-filing-as-a-corporation-or-partnership\" rel=\"noopener\" target=\"_blank\">LLC de varios miembros <\/a>En Wyoming como empresario extranjero. Est\u00e1s ansioso por empezar a hacer negocios, pero no est\u00e1s seguro de las obligaciones fiscales estadounidenses que debes cumplir. &quot;\u00bfQu\u00e9 impuestos debo declarar y c\u00f3mo los gestiono?&quot;, podr\u00edas preguntarte. Este art\u00edculo te guiar\u00e1 a trav\u00e9s de los aspectos b\u00e1sicos del impuesto federal sobre la renta, los posibles requisitos fiscales estatales y la importancia de mantener registros financieros precisos.<\/p>\n<h3>Conceptos y cuestiones clave<\/h3>\n<p><strong>Presentaci\u00f3n de la declaraci\u00f3n de impuestos federales sobre la renta (formulario 1065):<\/strong><\/p>\n<p>Para las LLC clasificadas como sociedades, el IRS requiere la presentaci\u00f3n de <a href=\"https:\/\/www.irs.gov\/forms-pubs\/about-form-1065\" rel=\"noopener\" target=\"_blank\">Formulario 1065<\/a>. Esta es una declaraci\u00f3n informativa, lo que significa que la LLC no paga impuestos federales sobre la renta. En cambio, los ingresos o p\u00e9rdidas se transfieren a los socios individuales, quienes declaran su parte en sus declaraciones de impuestos personales. La fecha l\u00edmite para presentar el Formulario 1065 es el 15 de marzo de cada a\u00f1o.<\/p>\n<p><strong>Impuesto sobre las ventas vs. Impuesto sobre la renta estatal:<\/strong><\/p>\n<p>Si bien el impuesto federal sobre la renta es una consideraci\u00f3n primordial, tambi\u00e9n pueden surgir obligaciones tributarias estatales seg\u00fan el lugar donde opere su empresa. Por ejemplo, si su LLC est\u00e1 registrada en Wyoming, se beneficia de <a href=\"https:\/\/www.nerdwallet.com\/article\/taxes\/states-with-no-income-tax\" rel=\"noopener\" target=\"_blank\">sin impuesto estatal sobre la renta<\/a>. Sin embargo, debe renovar su registro de LLC anualmente. Si vende productos en l\u00ednea, especialmente a trav\u00e9s de plataformas como Amazon, es posible que deba considerar las obligaciones fiscales sobre las ventas en otros estados donde se encuentran sus clientes.<\/p>\n<p><strong>Proceso de declaraci\u00f3n de impuestos paso a paso<\/strong><\/p>\n<ul>\n<li style=\"padding-bottom:10px;\"><strong>Presentaci\u00f3n de la declaraci\u00f3n de impuestos federales sobre la renta (formulario 1065):<\/strong><br \/>Como LLC estadounidense de propiedad extranjera, debe presentar el Formulario 1065 ante el IRS antes del 15 de marzo de cada a\u00f1o. Este formulario sirve como declaraci\u00f3n informativa, lo que significa que la LLC no paga impuestos a nivel de entidad. En cambio, las ganancias o p\u00e9rdidas se transfieren a los socios, quienes declaran esta informaci\u00f3n en sus declaraciones de impuestos personales. Solo se requiere un Formulario 1065 por LLC, independientemente del n\u00famero de socios.<\/li>\n<li style=\"padding-bottom:10px;\"><strong>Obligaciones de impuestos sobre las ventas para vendedores en l\u00ednea:<\/strong><br \/>Si vende productos en l\u00ednea, especialmente a trav\u00e9s de <a href=\"https:\/\/www.amazon.com\/\" rel=\"noopener\" target=\"_blank\">Amazonas<\/a>, la plataforma generalmente maneja la recaudaci\u00f3n de impuestos sobre las ventas si utiliza <a href=\"https:\/\/sell.amazon.com\/fulfillment-by-amazon\" rel=\"noopener\" target=\"_blank\">Log\u00edstica de Amazon (FBA)<\/a>. Sin embargo, si env\u00eda productos a estados donde Amazon no recauda el impuesto sobre las ventas en su nombre, o si realiza ventas significativas a trav\u00e9s de su propio sitio web u otra plataforma de comercio electr\u00f3nico, es posible que deba registrarse para el impuesto sobre las ventas en esos estados. Por ejemplo, si su LLC est\u00e1 registrada en Wyoming, pero vende productos en California y cumple con los requisitos <a href=\"https:\/\/thetaxvalet.com\/blog\/what-is-californias-economic-nexus-threshold-for-sales-tax\" rel=\"noopener\" target=\"_blank\">Umbral de nexo econ\u00f3mico de California<\/a>, Es posible que deba registrarse para el impuesto sobre las ventas en California debido a <a href=\"https:\/\/www.avalara.com\/us\/en\/learn\/guides\/state-by-state-guide-economic-nexus-laws.html\" rel=\"noopener\" target=\"_blank\">reglas de nexo econ\u00f3mico<\/a>.<\/li>\n<li style=\"padding-bottom:10px;\"><strong>Contabilidad y registros financieros:<\/strong><br \/>Mantener registros financieros precisos es crucial para administrar su LLC eficazmente. Desde el inicio de sus operaciones, es importante contratar a un contador o usar un software de contabilidad como QuickBooks para mantener actualizados los estados financieros, como el estado de resultados y el balance general. Estos documentos son necesarios para presentar sus declaraciones de impuestos y son esenciales para comprender la salud financiera de su empresa.<\/li>\n<\/ul>\n<p><strong>Soluciones y recomendaciones<\/strong><\/p>\n<ul>\n<li style=\"padding-bottom:10px;\"><strong>Contrataci\u00f3n de un contable:<\/strong><br \/>Contrate a un contable de confianza tan pronto como su negocio comience a operar. Esto garantiza que sus registros financieros sean precisos y est\u00e9n actualizados, lo cual es crucial para la declaraci\u00f3n de impuestos. Puede encontrar freelancers en plataformas como <a href=\"https:\/\/www.upwork.com\/resources\/upwork-vs-fiverr\" rel=\"noopener\" target=\"_blank\">Upwork o Fiverr<\/a>, o puedes trabajar con firmas profesionales como <a href=\"https:\/\/oandgaccounting.com\/staging\/\" rel=\"noopener\" target=\"_blank\">Impuestos y contabilidad de petr\u00f3leo y gas<\/a>, que ofrecen servicios de contabilidad a partir de $300 por mes.<\/li>\n<li style=\"padding-bottom:10px;\"><strong>C\u00f3mo elegir el software de contabilidad adecuado:<\/strong><br \/>Invierta en un sistema de contabilidad s\u00f3lido como QuickBooks Online, que puede sincronizarse con cuentas bancarias de EE. UU., incluidos bancos en l\u00ednea populares como <a href=\"https:\/\/mercury.com\/lp?g_adid=658202010390&#038;g_acctid=843-953-0149&#038;g_network=g&#038;g_campaignid=19198338928&#038;g_campaign=G_SEA_USA_GNRC_%5BCORE%5D&#038;g_keywordid=kwd-429220218957&#038;g_adgroupid=143684195919&#038;g_adtype=search&#038;g_keyword=overseas%20business%20bank%20account&#038;utm_source=adwords&#038;utm_campaign=19198338928&#038;utm_medium=g&#038;utm_term=overseas%20business%20bank%20account&#038;utm_content=143684195919&#038;gad_source=1&#038;gclid=Cj0KCQjwjNS3BhChARIsAOxBM6rmknNZET_SS4hSblyD1NRnSHjPvSShqSrooaPyxys-DPQ87mQjn18aArnAEALw_wcB\" rel=\"noopener\" target=\"_blank\">Mercurio<\/a>. Este software puede ayudarle con el seguimiento de sus transacciones y simplificar el proceso de generaci\u00f3n de los estados financieros necesarios para fines fiscales.<\/li>\n<li style=\"padding-bottom:10px;\"><strong>Mantenerse al d\u00eda con los plazos:<\/strong><br \/>Sea proactivo al recopilar sus registros financieros y prepararse para la declaraci\u00f3n de impuestos. Comience este proceso a finales de enero para evitar el estr\u00e9s de las declaraciones de \u00faltima hora y para que su contador o contador tenga tiempo suficiente para preparar la documentaci\u00f3n correcta.<\/li>\n<\/ul>\n<p><strong>Consideraciones adicionales: Nexo entre el impuesto estatal y el impuesto sobre las ventas<\/strong><\/p>\n<p>Si bien este art\u00edculo se centra principalmente en el impuesto federal sobre la renta, es importante conocer las posibles obligaciones fiscales estatales. Cada uno de los 50 estados tiene sus propias leyes fiscales y, dependiendo de d\u00f3nde opere su empresa, es posible que deba cumplir con requisitos espec\u00edficos de cada estado, como el impuesto sobre las ventas., <a href=\"https:\/\/www.wolterskluwer.com\/en\/expert-insights\/understanding-business-annual-report-and-franchise-tax-obligations\" rel=\"noopener\" target=\"_blank\">impuesto de franquicia, o incluso impuesto estatal sobre la renta<\/a>. Por ejemplo, si su LLC est\u00e1 registrada en Wyoming, pero vende productos en California y cumple con el requisito de nexo econ\u00f3mico de California, es posible que deba registrarse para el impuesto sobre las ventas en California debido a las normas de nexo econ\u00f3mico.<\/p>\n<p>Comprender estos requisitos espec\u00edficos de cada estado es crucial para evitar sanciones y garantizar el cumplimiento. Es recomendable <a href=\"https:\/\/oandgaccounting.com\/staging\/appointment-booking-form\/\" rel=\"noopener\" target=\"_blank\">Consulte con un profesional de impuestos<\/a> para determinar sus obligaciones en cada estado donde realiza negocios.<\/p>\n<p><strong>Cumplimiento de la Ley de Transparencia Corporativa (CTA)<\/strong><\/p>\n<p>Adem\u00e1s de las obligaciones fiscales, su LLC debe cumplir con la Ley de Transparencia Corporativa (CTA). Esta ley exige que las corporaciones, LLC y entidades similares estadounidenses informen <a href=\"https:\/\/fincen.gov\/boi\" rel=\"noopener\" target=\"_blank\">informaci\u00f3n sobre la titularidad real<\/a> hacia <a href=\"https:\/\/www.fincen.gov\/\" rel=\"noopener\" target=\"_blank\">Red de Control de Delitos Financieros (FinCEN)<\/a>.<\/p>\n<p><strong>Fechas l\u00edmite de presentaci\u00f3n<\/strong><\/p>\n<ul>\n<li style=\"padding-bottom:10px;\">Las entidades constituidas antes del 1 de enero de 2024 deber\u00e1n presentar su informe antes del 1 de enero de 2025.<\/li>\n<li style=\"padding-bottom:10px;\">Las entidades creadas a partir del 1 de enero de 2024 deben presentar su declaraci\u00f3n dentro de los 90 d\u00edas siguientes a su constituci\u00f3n o registro.<\/li>\n<\/ul>\n<p><strong>Informaci\u00f3n requerida:<\/strong> Necesitar\u00e1 proporcionar:<\/p>\n<ul>\n<li style=\"padding-bottom:10px;\">Nombre completo, fecha de nacimiento y direcci\u00f3n de cada beneficiario final.<\/li>\n<li style=\"padding-bottom:10px;\">N\u00famero de identificaci\u00f3n y emisor de un documento de identidad v\u00e1lido (por ejemplo, pasaporte o licencia de conducir).<\/li>\n<\/ul>\n<p><a href=\"https:\/\/oandgaccounting.com\/staging\/corporate-transparency-act-cta-filing-service\/\" rel=\"noopener\" target=\"_blank\">O&amp;G Tax and Accounting Services ofrece asistencia para la presentaci\u00f3n de la CTA a una tarifa fija de $225<\/a>, garantizando que su empresa siga cumpliendo con estas importantes regulaciones.<\/p>\n<p>Gestionar con \u00e9xito una LLC estadounidense de propiedad extranjera implica comprender las obligaciones fiscales federales, mantenerse informado sobre los posibles requisitos fiscales estatales y mantener registros financieros precisos. Siguiendo estos pasos y siendo proactivo, puede garantizar que su empresa cumpla con las normas y goce de una s\u00f3lida situaci\u00f3n financiera.<\/p>\n<p>\u00bfNecesita ayuda para administrar las obligaciones fiscales de su LLC? <a href=\"https:\/\/oandgaccounting.com\/staging\/appointment-booking-form\/\" rel=\"noopener\" target=\"_blank\">Contacte con Impuestos y Contabilidad de O&amp;G<\/a> Servicios hoy para obtener asesoramiento experto sobre la declaraci\u00f3n de impuestos federales, el cumplimiento del impuesto sobre las ventas y la presentaci\u00f3n de la CTA. Estamos aqu\u00ed para ayudarle a cumplir con sus obligaciones tributarias con confianza.<\/p>\n<p><a href=\"#\"><a href=\"https:\/\/oandgaccounting.com\/staging\/appointment-booking-form\/\" rel=\"noopener\" target=\"_blank\">Programe una consulta con O&amp;G Tax and Accounting Services<\/a><\/a><\/p>\n<\/div>\n<\/div>","protected":false},"excerpt":{"rendered":"<p>As a foreign business owner establishing a U.S. LLC, understanding your tax obligations can be daunting. This article aims to simplify federal income tax requirements, state tax considerations, and essential bookkeeping practices for your LLC. We\u2019ll also cover the compliance requirements under the Corporate Transparency Act (CTA), which is crucial for every foreign-owned U.S LLC. &hellip; <a href=\"https:\/\/oandgaccounting.com\/staging\/es\/resources\/federal-income-tax-and-state-requirements-for-foreign-owned-llcs\/\" class=\"more-link\">Continue reading<span class=\"screen-reader-text\"> &#8220;Federal Income Tax and State Requirements for Foreign-Owned LLCs&#8221;<\/span><\/a><\/p>","protected":false},"author":1,"featured_media":0,"parent":24,"menu_order":0,"comment_status":"closed","ping_status":"closed","template":"default_withchat.php","meta":{"om_disable_all_campaigns":false,"_monsterinsights_skip_tracking":false,"_monsterinsights_sitenote_active":false,"_monsterinsights_sitenote_note":"","_monsterinsights_sitenote_category":0,"footnotes":""},"acf":[],"yoast_head":"<!-- This site is optimized with the Yoast SEO plugin v22.6 - https:\/\/yoast.com\/wordpress\/plugins\/seo\/ -->\n<title>Federal Income Tax and State Requirements for Foreign-Owned LLCs - O&amp;G Tax and Accounting<\/title>\n<meta name=\"robots\" content=\"index, follow, max-snippet:-1, max-image-preview:large, max-video-preview:-1\" \/>\n<link rel=\"canonical\" href=\"https:\/\/oandgaccounting.com\/staging\/es\/resources\/federal-income-tax-and-state-requirements-for-foreign-owned-llcs\/\" \/>\n<meta property=\"og:locale\" content=\"es_ES\" \/>\n<meta property=\"og:type\" content=\"article\" \/>\n<meta property=\"og:title\" content=\"Federal Income Tax and State Requirements for Foreign-Owned LLCs - O&amp;G Tax and Accounting\" \/>\n<meta property=\"og:description\" content=\"As a foreign business owner establishing a U.S. LLC, understanding your tax obligations can be daunting. This article aims to simplify federal income tax requirements, state tax considerations, and essential bookkeeping practices for your LLC. We\u2019ll also cover the compliance requirements under the Corporate Transparency Act (CTA), which is crucial for every foreign-owned U.S LLC. &hellip; Continue reading &quot;Federal Income Tax and State Requirements for Foreign-Owned LLCs&quot;\" \/>\n<meta property=\"og:url\" content=\"https:\/\/oandgaccounting.com\/staging\/es\/resources\/federal-income-tax-and-state-requirements-for-foreign-owned-llcs\/\" \/>\n<meta property=\"og:site_name\" content=\"O&amp;G Tax and Accounting\" \/>\n<meta property=\"article:modified_time\" content=\"2025-03-07T12:11:58+00:00\" \/>\n<meta property=\"og:image\" content=\"https:\/\/oandgaccounting.com\/staging\/wp-content\/uploads\/2024\/09\/federalincome.jpg\" \/>\n\t<meta property=\"og:image:width\" content=\"1114\" \/>\n\t<meta property=\"og:image:height\" content=\"1114\" \/>\n\t<meta property=\"og:image:type\" content=\"image\/jpeg\" \/>\n<meta name=\"twitter:card\" content=\"summary_large_image\" \/>\n<meta name=\"twitter:label1\" content=\"Tiempo de lectura\" \/>\n\t<meta name=\"twitter:data1\" content=\"5 minutos\" \/>\n<script type=\"application\/ld+json\" class=\"yoast-schema-graph\">{\"@context\":\"https:\/\/schema.org\",\"@graph\":[{\"@type\":\"WebPage\",\"@id\":\"https:\/\/oandgaccounting.com\/staging\/resources\/federal-income-tax-and-state-requirements-for-foreign-owned-llcs\/\",\"url\":\"https:\/\/oandgaccounting.com\/staging\/resources\/federal-income-tax-and-state-requirements-for-foreign-owned-llcs\/\",\"name\":\"Federal Income Tax and State Requirements for Foreign-Owned LLCs - O&amp;G Tax and Accounting\",\"isPartOf\":{\"@id\":\"https:\/\/oandgaccounting.com\/staging\/#website\"},\"datePublished\":\"2024-09-26T05:31:27+00:00\",\"dateModified\":\"2025-03-07T12:11:58+00:00\",\"breadcrumb\":{\"@id\":\"https:\/\/oandgaccounting.com\/staging\/resources\/federal-income-tax-and-state-requirements-for-foreign-owned-llcs\/#breadcrumb\"},\"inLanguage\":\"es\",\"potentialAction\":[{\"@type\":\"ReadAction\",\"target\":[\"https:\/\/oandgaccounting.com\/staging\/resources\/federal-income-tax-and-state-requirements-for-foreign-owned-llcs\/\"]}]},{\"@type\":\"BreadcrumbList\",\"@id\":\"https:\/\/oandgaccounting.com\/staging\/resources\/federal-income-tax-and-state-requirements-for-foreign-owned-llcs\/#breadcrumb\",\"itemListElement\":[{\"@type\":\"ListItem\",\"position\":1,\"name\":\"Resources\",\"item\":\"https:\/\/oandgaccounting.com\/staging\/resources\/\"},{\"@type\":\"ListItem\",\"position\":2,\"name\":\"Federal Income Tax and State Requirements for Foreign-Owned LLCs\"}]},{\"@type\":\"WebSite\",\"@id\":\"https:\/\/oandgaccounting.com\/staging\/#website\",\"url\":\"https:\/\/oandgaccounting.com\/staging\/\",\"name\":\"O&amp;G Tax and Accounting\",\"description\":\"\",\"publisher\":{\"@id\":\"https:\/\/oandgaccounting.com\/staging\/#organization\"},\"potentialAction\":[{\"@type\":\"SearchAction\",\"target\":{\"@type\":\"EntryPoint\",\"urlTemplate\":\"https:\/\/oandgaccounting.com\/staging\/?s={search_term_string}\"},\"query-input\":\"required name=search_term_string\"}],\"inLanguage\":\"es\"},{\"@type\":\"Organization\",\"@id\":\"https:\/\/oandgaccounting.com\/staging\/#organization\",\"name\":\"O&amp;G Tax and Accounting\",\"url\":\"https:\/\/oandgaccounting.com\/staging\/\",\"logo\":{\"@type\":\"ImageObject\",\"inLanguage\":\"es\",\"@id\":\"https:\/\/oandgaccounting.com\/staging\/#\/schema\/logo\/image\/\",\"url\":\"https:\/\/oandgaccounting.com\/staging\/wp-content\/uploads\/2019\/07\/logo.png\",\"contentUrl\":\"https:\/\/oandgaccounting.com\/staging\/wp-content\/uploads\/2019\/07\/logo.png\",\"width\":123,\"height\":74,\"caption\":\"O&amp;G Tax and Accounting\"},\"image\":{\"@id\":\"https:\/\/oandgaccounting.com\/staging\/#\/schema\/logo\/image\/\"}}]}<\/script>\n<!-- \/ Yoast SEO plugin. -->","yoast_head_json":{"title":"Federal Income Tax and State Requirements for Foreign-Owned LLCs - O&amp;G Tax and Accounting","robots":{"index":"index","follow":"follow","max-snippet":"max-snippet:-1","max-image-preview":"max-image-preview:large","max-video-preview":"max-video-preview:-1"},"canonical":"https:\/\/oandgaccounting.com\/staging\/es\/resources\/federal-income-tax-and-state-requirements-for-foreign-owned-llcs\/","og_locale":"es_ES","og_type":"article","og_title":"Federal Income Tax and State Requirements for Foreign-Owned LLCs - O&amp;G Tax and Accounting","og_description":"As a foreign business owner establishing a U.S. LLC, understanding your tax obligations can be daunting. This article aims to simplify federal income tax requirements, state tax considerations, and essential bookkeeping practices for your LLC. We\u2019ll also cover the compliance requirements under the Corporate Transparency Act (CTA), which is crucial for every foreign-owned U.S LLC. &hellip; Continue reading \"Federal Income Tax and State Requirements for Foreign-Owned LLCs\"","og_url":"https:\/\/oandgaccounting.com\/staging\/es\/resources\/federal-income-tax-and-state-requirements-for-foreign-owned-llcs\/","og_site_name":"O&amp;G Tax and Accounting","article_modified_time":"2025-03-07T12:11:58+00:00","og_image":[{"width":1114,"height":1114,"url":"https:\/\/oandgaccounting.com\/staging\/wp-content\/uploads\/2024\/09\/federalincome.jpg","type":"image\/jpeg"}],"twitter_card":"summary_large_image","twitter_misc":{"Tiempo de lectura":"5 minutos"},"schema":{"@context":"https:\/\/schema.org","@graph":[{"@type":"WebPage","@id":"https:\/\/oandgaccounting.com\/staging\/resources\/federal-income-tax-and-state-requirements-for-foreign-owned-llcs\/","url":"https:\/\/oandgaccounting.com\/staging\/resources\/federal-income-tax-and-state-requirements-for-foreign-owned-llcs\/","name":"Federal Income Tax and State Requirements for Foreign-Owned LLCs - O&amp;G Tax and Accounting","isPartOf":{"@id":"https:\/\/oandgaccounting.com\/staging\/#website"},"datePublished":"2024-09-26T05:31:27+00:00","dateModified":"2025-03-07T12:11:58+00:00","breadcrumb":{"@id":"https:\/\/oandgaccounting.com\/staging\/resources\/federal-income-tax-and-state-requirements-for-foreign-owned-llcs\/#breadcrumb"},"inLanguage":"es","potentialAction":[{"@type":"ReadAction","target":["https:\/\/oandgaccounting.com\/staging\/resources\/federal-income-tax-and-state-requirements-for-foreign-owned-llcs\/"]}]},{"@type":"BreadcrumbList","@id":"https:\/\/oandgaccounting.com\/staging\/resources\/federal-income-tax-and-state-requirements-for-foreign-owned-llcs\/#breadcrumb","itemListElement":[{"@type":"ListItem","position":1,"name":"Resources","item":"https:\/\/oandgaccounting.com\/staging\/resources\/"},{"@type":"ListItem","position":2,"name":"Federal Income Tax and State Requirements for Foreign-Owned LLCs"}]},{"@type":"WebSite","@id":"https:\/\/oandgaccounting.com\/staging\/#website","url":"https:\/\/oandgaccounting.com\/staging\/","name":"O&amp;G Tax and Accounting","description":"","publisher":{"@id":"https:\/\/oandgaccounting.com\/staging\/#organization"},"potentialAction":[{"@type":"SearchAction","target":{"@type":"EntryPoint","urlTemplate":"https:\/\/oandgaccounting.com\/staging\/?s={search_term_string}"},"query-input":"required name=search_term_string"}],"inLanguage":"es"},{"@type":"Organization","@id":"https:\/\/oandgaccounting.com\/staging\/#organization","name":"O&amp;G Tax and Accounting","url":"https:\/\/oandgaccounting.com\/staging\/","logo":{"@type":"ImageObject","inLanguage":"es","@id":"https:\/\/oandgaccounting.com\/staging\/#\/schema\/logo\/image\/","url":"https:\/\/oandgaccounting.com\/staging\/wp-content\/uploads\/2019\/07\/logo.png","contentUrl":"https:\/\/oandgaccounting.com\/staging\/wp-content\/uploads\/2019\/07\/logo.png","width":123,"height":74,"caption":"O&amp;G Tax and Accounting"},"image":{"@id":"https:\/\/oandgaccounting.com\/staging\/#\/schema\/logo\/image\/"}}]}},"_links":{"self":[{"href":"https:\/\/oandgaccounting.com\/staging\/es\/wp-json\/wp\/v2\/pages\/6065"}],"collection":[{"href":"https:\/\/oandgaccounting.com\/staging\/es\/wp-json\/wp\/v2\/pages"}],"about":[{"href":"https:\/\/oandgaccounting.com\/staging\/es\/wp-json\/wp\/v2\/types\/page"}],"author":[{"embeddable":true,"href":"https:\/\/oandgaccounting.com\/staging\/es\/wp-json\/wp\/v2\/users\/1"}],"replies":[{"embeddable":true,"href":"https:\/\/oandgaccounting.com\/staging\/es\/wp-json\/wp\/v2\/comments?post=6065"}],"version-history":[{"count":5,"href":"https:\/\/oandgaccounting.com\/staging\/es\/wp-json\/wp\/v2\/pages\/6065\/revisions"}],"predecessor-version":[{"id":6323,"href":"https:\/\/oandgaccounting.com\/staging\/es\/wp-json\/wp\/v2\/pages\/6065\/revisions\/6323"}],"up":[{"embeddable":true,"href":"https:\/\/oandgaccounting.com\/staging\/es\/wp-json\/wp\/v2\/pages\/24"}],"wp:attachment":[{"href":"https:\/\/oandgaccounting.com\/staging\/es\/wp-json\/wp\/v2\/media?parent=6065"}],"curies":[{"name":"wp","href":"https:\/\/api.w.org\/{rel}","templated":true}]}}