{"id":6078,"date":"2024-10-03T06:47:54","date_gmt":"2024-10-03T06:47:54","guid":{"rendered":"https:\/\/oandgaccounting.com\/staging\/?page_id=6078"},"modified":"2025-03-07T12:13:18","modified_gmt":"2025-03-07T12:13:18","slug":"u-s-tax-obligations-for-foreign-owned-single-member-llcs","status":"publish","type":"page","link":"https:\/\/oandgaccounting.com\/staging\/es\/resources\/u-s-tax-obligations-for-foreign-owned-single-member-llcs\/","title":{"rendered":"Obligaciones fiscales en EE. UU. para sociedades de responsabilidad limitada (LLC) unipersonales de propiedad extranjera"},"content":{"rendered":"<div class=\"onefivequestion\">\n<div class=\"container py-4 text-left\">\n<p>Muchos propietarios de empresas extranjeras se sienten atra\u00eddos por los EE. UU. por su estructura legal favorable y la simplicidad de formaci\u00f3n. <a href=\"https:\/\/www.irs.gov\/businesses\/small-businesses-self-employed\/limited-liability-company-llc\" rel=\"noopener\" target=\"_blank\">Sociedades de responsabilidad limitada (LLC)<\/a>. Una de las razones m\u00e1s comunes por las que los empresarios extranjeros establecen LLC unipersonales en EE. UU. es la percepci\u00f3n de posibles beneficios fiscales y protecci\u00f3n de la privacidad. Sin embargo, es importante comprender que constituir una LLC estadounidense no significa estar exento de obligaciones fiscales. En este art\u00edculo, explicaremos las implicaciones fiscales para las LLC unipersonales de propiedad extranjera, con base en una consulta entre... <a href=\"https:\/\/oandgaccounting.com\/staging\/about-me\/\" rel=\"noopener\" target=\"_blank\">Alex Oware, contador p\u00fablico<\/a>, y clientes de Panam\u00e1.<\/p>\n<p><strong>Introducci\u00f3n: \u00bfPor qu\u00e9 los propietarios de empresas extranjeras eligen las LLC estadounidenses?<\/strong><\/p>\n<p>Un grupo de empresarios paname\u00f1os, que operaban bajo una entidad paname\u00f1a llamada Sociedad An\u00f3nima, decidi\u00f3 constituir una LLC estadounidense. Su objetivo era aprovechar las ventajas del sistema legal estadounidense, en particular la privacidad y la flexibilidad fiscal que ofrecen las LLC unipersonales. Buscaban constituir una LLC de propiedad extranjera donde su empresa paname\u00f1a fuera la \u00fanica propietaria. Si bien esta es una estrategia com\u00fan, plantea varias preguntas sobre las obligaciones fiscales en Estados Unidos, especialmente al operar a nivel internacional.<\/p>\n<p>Los propietarios conoc\u00edan los beneficios generales de la LLC, pero necesitaban orientaci\u00f3n sobre los matices de las leyes fiscales de EE. UU., el proceso de presentaci\u00f3n y las posibles obligaciones fiscales.<\/p>\n<p><strong>Conceptos clave: Comprensi\u00f3n de las LLC de propiedad extranjera de un solo miembro<\/strong><\/p>\n<p>Una LLC unipersonal es una estructura empresarial flexible en EE. UU. que permite al propietario beneficiarse de una responsabilidad limitada y, al mismo tiempo, disfrutar de la tributaci\u00f3n indirecta. Para los ciudadanos estadounidenses, esto significa que los ingresos de la LLC se declaran en la declaraci\u00f3n de impuestos personal del individuo. Sin embargo, para los propietarios extranjeros, el tratamiento fiscal es diferente y podr\u00edan aplicarse requisitos adicionales de declaraci\u00f3n de informaci\u00f3n.<\/p>\n<p><strong>Conceptos err\u00f3neos sobre impuestos<\/strong><\/p>\n<p>Existe la idea err\u00f3nea de que constituir una LLC en EE. UU. implica la exenci\u00f3n de obligaciones tributarias. Sin embargo, esto no siempre es as\u00ed. Si su LLC genera... <a href=\"https:\/\/www.irs.gov\/individuals\/international-taxpayers\/characterization-of-income-of-nonresident-aliens#:~:text=FDAP%20%E2%80%93%20Fixed%2C%20determinable%2C%20annual%20or%20periodical&#038;text=Income%20is%20fixed%20when%20it,annually%20or%20at%20regular%20intervals.\" rel=\"noopener\" target=\"_blank\">Ingresos anuales o peri\u00f3dicos fijos o determinables (FDAP) de origen estadounidense <\/a>o participa en actividades comerciales dentro de los EE. UU. que alcanzan el nivel de <a href=\"https:\/\/www.irs.gov\/individuals\/international-taxpayers\/effectively-connected-income-eci\" rel=\"noopener\" target=\"_blank\">USTB o ECI<\/a>.Podr\u00eda estar sujeto al impuesto federal sobre la renta. Adem\u00e1s, cada tipo de ingreso recibe un trato diferente seg\u00fan la legislaci\u00f3n fiscal estadounidense, por lo que es fundamental comprender los detalles de sus actividades comerciales.<\/p>\n<p><strong>T\u00e9rminos comunes:<\/strong><\/p>\n<ul>\n<li style=\"padding-bottom: 10px\">Ingresos FDAP: Los ingresos FDAP incluyen ingresos pasivos como dividendos, intereses, rentas y regal\u00edas, que est\u00e1n sujetos a una retenci\u00f3n de impuestos 30% a menos que se reduzcan por un tratado fiscal aplicable.<\/li>\n<li style=\"padding-bottom: 10px\">Ingresos Efectivamente Conectados (ECI): Ingresos efectivamente vinculados a una actividad comercial o empresarial estadounidense. Los propietarios de LLC extranjeras con ECI pueden estar sujetos al impuesto sobre la renta estadounidense con las mismas tasas que los contribuyentes estadounidenses.<\/li>\n<li style=\"padding-bottom: 10px\">Ley de Transparencia Corporativa (CTA): Requiere que ciertas corporaciones y LLC de EE. UU. reporten informaci\u00f3n sobre propiedad efectiva para cumplir con las leyes contra el lavado de dinero.<\/li>\n<\/ul>\n<p><strong>Proceso paso a paso: Creaci\u00f3n de una LLC unipersonal en EE. UU.<\/strong><\/p>\n<p><strong>1. Elecci\u00f3n de un estado: Wyoming vs. Delaware<\/strong><\/p>\n<p>Los propietarios extranjeros suelen debatir qu\u00e9 estado de EE. UU. ofrece la mejor estructura para su LLC. Wyoming y Delaware son las opciones m\u00e1s populares debido a sus favorables entornos comerciales.<\/p>\n<ul>\n<li style=\"padding-bottom: 10px\">Wyoming: conocido por sus bajos costos, fuertes protecciones de privacidad y regulaciones favorables para las empresas. <a href=\"http:\/\/chrome-extension:\/\/efaidnbmnnnibpcajpcglclefindmkaj\/https:\/\/sos.wyo.gov\/business\/docs\/businessfees.pdf\" rel=\"noopener\" target=\"_blank\">La tarifa de informe anual es $60<\/a>.<\/li>\n<li style=\"padding-bottom: 10px\">Delaware: famoso por su derecho corporativo bien establecido, pero tiene costos m\u00e1s altos.<a href=\"https:\/\/corp.delaware.gov\/alt-entitytaxinstructions\/\" rel=\"noopener\" target=\"_blank\">Tarifa de informe anual $300<\/a>. <\/li>\n<\/ul>\n<p>Recomendaci\u00f3n: Para las LLC peque\u00f1as o de propiedad extranjera de un solo miembro, Wyoming suele ser la mejor opci\u00f3n debido a sus tarifas bajas y su mayor privacidad.<\/p>\n<p><strong>2. Presentaci\u00f3n de los art\u00edculos de organizaci\u00f3n<\/strong><\/p>\n<p>Para formar una LLC en los EE. UU., debe presentar la <a href=\"https:\/\/www.forbes.com\/advisor\/business\/llc-articles-of-organization\/\" rel=\"noopener\" target=\"_blank\">Art\u00edculos de organizaci\u00f3n<\/a> En el estado de su elecci\u00f3n. Esto implica:<\/p>\n<ul>\n<li style=\"padding-bottom: 10px\">Comprobaci\u00f3n de la disponibilidad del nombre de su LLC.<\/li>\n<li style=\"padding-bottom: 10px\">Presentaci\u00f3n de los art\u00edculos de organizaci\u00f3n ante el Secretario de Estado.<\/li>\n<li style=\"padding-bottom: 10px\">\u2022 Obtener una <a href=\"https:\/\/www.irs.gov\/businesses\/small-businesses-self-employed\/employer-id-numbers#:~:text=An%20Employer%20identification%20number%20(EIN,now%20you%20may%20apply%20online.\" rel=\"noopener\" target=\"_blank\">N\u00famero de identificaci\u00f3n del empleador (EIN)<\/a> del IRS.<\/li>\n<\/ul>\n<p><strong>3. Obtenci\u00f3n de un EIN<\/strong><\/p>\n<p>Un EIN es esencial para la declaraci\u00f3n de impuestos y la apertura de una cuenta bancaria comercial. Sirve como el n\u00famero de identificaci\u00f3n fiscal de su LLC. Los propietarios de empresas extranjeras pueden solicitar un EIN a trav\u00e9s del IRS incluso sin un EIN. <a href=\"https:\/\/www.ssa.gov\/history\/ssn\/geocard.html\" rel=\"noopener\" target=\"_blank\">N\u00famero de Seguro Social de EE. UU.<\/a>.<\/p>\n<p><strong>4. Configuraci\u00f3n de una direcci\u00f3n postal<\/strong><\/p>\n<p>Si bien una direcci\u00f3n postal en EE. UU. no es obligatoria para formar una LLC, es muy recomendable. Muchos procesadores de pagos (por ejemplo, <a href=\"https:\/\/www.forbes.com\/advisor\/business\/software\/paypal-vs-stripe\/\" rel=\"noopener\" target=\"_blank\">PayPal, Stripe<\/a>) prefieren direcciones de EE. UU. para fines de verificaci\u00f3n, y esto puede ayudar a evitar complicaciones al abrir una cuenta bancaria comercial en EE. UU.<\/p>\n<p><strong>5. Formulario 5472 y Proforma 1120: Requisitos de presentaci\u00f3n anual<\/strong><\/p>\n<p><a href=\"https:\/\/oandgaccounting.com\/staging\/foreign-owned-us-llc\/7-common-questions-about-foreign-owned-u-s-llcs-answered-by-a-cpa\/#:~:text=All%20foreign%2Downed%20single%20member,File%20pro%20forma%20Form%201120\" rel=\"noopener\" target=\"_blank\">Sociedades de responsabilidad limitada (LLC) unipersonales de propiedad extranjera<\/a> Est\u00e1n sujetos a requisitos espec\u00edficos de presentaci\u00f3n anual. Cada a\u00f1o, debe presentar:<\/p>\n<ul>\n<li style=\"padding-bottom: 10px\">Proforma 1120: Una declaraci\u00f3n informativa que act\u00faa como portada para <a href=\"https:\/\/www.irs.gov\/forms-pubs\/about-form-5472\" rel=\"noopener\" target=\"_blank\">Formulario 5472<\/a>.<\/li>\n<li style=\"padding-bottom: 10px\">Formulario 5472: Se utiliza para reportar cualquier transacci\u00f3n entre la LLC y su propietario extranjero, como aportaciones de capital o pr\u00e9stamos. El incumplimiento de la presentaci\u00f3n puede resultar en una multa de $25,000 al a\u00f1o.<\/li>\n<\/ul>\n<p><strong>6. Comprensi\u00f3n de los impuestos en EE. UU.: Ingresos FDAP y ECI<\/strong><\/p>\n<p>El sistema tributario de EE. UU. distingue entre ingresos FDAP (ingresos pasivos, como intereses o regal\u00edas) e ingresos efectivamente conectados (ECI, por sus siglas en ingl\u00e9s) (ingresos vinculados con una operaci\u00f3n o negocio en EE. UU.).<\/p>\n<ul>\n<li style=\"padding-bottom: 10px\">Ingresos FDAP: Sujetos a una retenci\u00f3n de impuestos fija 30%, a menos que se reduzca mediante un tratado fiscal.<\/li>\n<li style=\"padding-bottom: 10px\">ECI: Los ingresos que se consideran efectivamente vinculados a una actividad comercial en EE. UU. se gravan a las tasas impositivas regulares de ese pa\u00eds (hasta 37% para personas f\u00edsicas), a menos que una disposici\u00f3n de un tratado las anule.<\/li>\n<\/ul>\n<p>En el caso de los clientes paname\u00f1os consultados, la LLC prestar\u00eda servicios de streaming a nivel mundial. Seg\u00fan Alex Oware, es crucial determinar si los ingresos son ingresos por servicios (generalmente no tributables en EE. UU. si se obtienen fuera de EE. UU.) o regal\u00edas\/arrendamientos\/alquileres de origen estadounidense (que podr\u00edan estar sujetos a impuestos estadounidenses). Cada escenario debe evaluarse individualmente.<\/p>\n<p><strong>7. Licencias y cuestiones de derechos<\/strong><\/p>\n<p>Si su negocio implica el uso o la reventa de servicios digitales (como cuentas de streaming), debe evaluar si posee los derechos para revenderlos. Si tiene acuerdos de licencia, los ingresos por reventa podr\u00edan estar sujetos a impuestos estadounidenses como regal\u00edas o ingresos por arrendamiento o alquiler.<\/p>\n<p><strong>Soluciones y recomendaciones<\/strong><\/p>\n<ul>\n<li style=\"padding-bottom: 10px\">Clasifique correctamente sus ingresos: trabaje con un profesional de impuestos para clasificar correctamente sus ingresos como FDAP, ECI o ingresos por servicios.<\/li>\n<li style=\"padding-bottom: 10px\">Aseg\u00farese de cumplir con los requisitos de informes de EE. UU.: presente el Formulario 5472 y el Proforma 1120 anualmente para evitar sanciones.<\/li>\n<li style=\"padding-bottom: 10px\">Considere los beneficios fiscales y de privacidad de Wyoming: para una formaci\u00f3n rentable, Wyoming ofrece la mejor combinaci\u00f3n de tarifas bajas y privacidad.<\/li>\n<\/ul>\n<p><strong>Consideraciones adicionales: Impuestos estatales<\/strong><\/p>\n<p>Si bien este art\u00edculo se centra en las obligaciones fiscales federales sobre la renta, cada uno de los 50 estados de EE. UU. tiene sus propias leyes fiscales. Algunos estados imponen impuestos adicionales, como:<\/p>\n<ul>\n<li style=\"padding-bottom: 10px\">Impuesto sobre las ventas: si su empresa vende bienes en EE. UU.<\/li>\n<li style=\"padding-bottom: 10px\">Impuesto de franquicia: se cobra en algunos estados a las sociedades de responsabilidad limitada por el privilegio de realizar negocios.<\/li>\n<li style=\"padding-bottom: 10px\">Impuesto estatal sobre la renta: si tiene presencia f\u00edsica o nexo en un estado en particular, es posible que deba pagar impuesto estatal sobre la renta.<\/li>\n<\/ul>\n<p>Es importante consultar a un profesional de impuestos sobre las obligaciones espec\u00edficas de cada estado.<\/p>\n<p><strong>Conclusi\u00f3n: Aseg\u00farese de que su LLC estadounidense est\u00e9 preparada para el \u00e9xito<\/strong><\/p>\n<p>Formar una LLC estadounidense unipersonal de propiedad extranjera ofrece valiosa privacidad y flexibilidad fiscal, pero es crucial cumplir con las regulaciones fiscales estadounidenses. Presentar los formularios correctos y comprender sus obligaciones fiscales le ayudar\u00e1 a evitar sanciones y posibles problemas legales.<\/p>\n<p>En <a href=\"https:\/\/oandgaccounting.com\/staging\/\" rel=\"noopener\" target=\"_blank\">Impuestos y contabilidad de petr\u00f3leo y gas<\/a>, Nos especializamos en ayudar a propietarios de empresas extranjeras a navegar por el complejo sistema tributario estadounidense. Desde la constituci\u00f3n de su LLC hasta la gesti\u00f3n de la declaraci\u00f3n de impuestos, nos aseguramos de que su empresa cumpla con las normas y maximice sus beneficios fiscales.<\/p>\n<p>Para recibir orientaci\u00f3n personalizada y hablar sobre su situaci\u00f3n espec\u00edfica, <a href=\"https:\/\/oandgaccounting.com\/staging\/appointment-booking-form\/\" rel=\"noopener\" target=\"_blank\">Reservar una consulta<\/a> con Servicios Contables e Impositivos de O&amp;G.<\/p>\n<\/p><\/div>\n<\/div>","protected":false},"excerpt":{"rendered":"<p>Many foreign business owners are drawn to the U.S. for its favorable legal structure and the simplicity of forming Limited Liability Companies (LLCs). One of the common reasons foreign business owners establish U.S. single-member LLCs is the perception of potential tax benefits and privacy protections. However, it is important to understand that forming a U.S. &hellip; <a href=\"https:\/\/oandgaccounting.com\/staging\/es\/resources\/u-s-tax-obligations-for-foreign-owned-single-member-llcs\/\" class=\"more-link\">Continue reading<span class=\"screen-reader-text\"> &#8220;U.S. Tax Obligations for Foreign-Owned Single-Member LLCs&#8221;<\/span><\/a><\/p>","protected":false},"author":1,"featured_media":0,"parent":24,"menu_order":0,"comment_status":"closed","ping_status":"closed","template":"default_withchat.php","meta":{"om_disable_all_campaigns":false,"_monsterinsights_skip_tracking":false,"_monsterinsights_sitenote_active":false,"_monsterinsights_sitenote_note":"","_monsterinsights_sitenote_category":0,"footnotes":""},"acf":[],"yoast_head":"<!-- This site is optimized with the Yoast SEO plugin v22.6 - https:\/\/yoast.com\/wordpress\/plugins\/seo\/ -->\n<title>U.S. Tax Obligations for Foreign-Owned Single-Member LLCs - O&amp;G Tax and Accounting<\/title>\n<meta name=\"robots\" content=\"index, follow, max-snippet:-1, max-image-preview:large, max-video-preview:-1\" \/>\n<link rel=\"canonical\" href=\"https:\/\/oandgaccounting.com\/staging\/es\/resources\/u-s-tax-obligations-for-foreign-owned-single-member-llcs\/\" \/>\n<meta property=\"og:locale\" content=\"es_ES\" \/>\n<meta property=\"og:type\" content=\"article\" \/>\n<meta property=\"og:title\" content=\"U.S. Tax Obligations for Foreign-Owned Single-Member LLCs - O&amp;G Tax and Accounting\" \/>\n<meta property=\"og:description\" content=\"Many foreign business owners are drawn to the U.S. for its favorable legal structure and the simplicity of forming Limited Liability Companies (LLCs). One of the common reasons foreign business owners establish U.S. single-member LLCs is the perception of potential tax benefits and privacy protections. However, it is important to understand that forming a U.S. &hellip; Continue reading &quot;U.S. Tax Obligations for Foreign-Owned Single-Member LLCs&quot;\" \/>\n<meta property=\"og:url\" content=\"https:\/\/oandgaccounting.com\/staging\/es\/resources\/u-s-tax-obligations-for-foreign-owned-single-member-llcs\/\" \/>\n<meta property=\"og:site_name\" content=\"O&amp;G Tax and Accounting\" \/>\n<meta property=\"article:modified_time\" content=\"2025-03-07T12:13:18+00:00\" \/>\n<meta property=\"og:image\" content=\"https:\/\/oandgaccounting.com\/staging\/wp-content\/uploads\/2024\/10\/ustax3.jpg\" \/>\n\t<meta property=\"og:image:width\" content=\"1039\" \/>\n\t<meta property=\"og:image:height\" content=\"1039\" \/>\n\t<meta property=\"og:image:type\" content=\"image\/jpeg\" \/>\n<meta name=\"twitter:card\" content=\"summary_large_image\" \/>\n<meta name=\"twitter:label1\" content=\"Tiempo de lectura\" \/>\n\t<meta name=\"twitter:data1\" content=\"6 minutos\" \/>\n<script type=\"application\/ld+json\" class=\"yoast-schema-graph\">{\"@context\":\"https:\/\/schema.org\",\"@graph\":[{\"@type\":\"WebPage\",\"@id\":\"https:\/\/oandgaccounting.com\/staging\/resources\/u-s-tax-obligations-for-foreign-owned-single-member-llcs\/\",\"url\":\"https:\/\/oandgaccounting.com\/staging\/resources\/u-s-tax-obligations-for-foreign-owned-single-member-llcs\/\",\"name\":\"U.S. Tax Obligations for Foreign-Owned Single-Member LLCs - O&amp;G Tax and Accounting\",\"isPartOf\":{\"@id\":\"https:\/\/oandgaccounting.com\/staging\/#website\"},\"datePublished\":\"2024-10-03T06:47:54+00:00\",\"dateModified\":\"2025-03-07T12:13:18+00:00\",\"breadcrumb\":{\"@id\":\"https:\/\/oandgaccounting.com\/staging\/resources\/u-s-tax-obligations-for-foreign-owned-single-member-llcs\/#breadcrumb\"},\"inLanguage\":\"es\",\"potentialAction\":[{\"@type\":\"ReadAction\",\"target\":[\"https:\/\/oandgaccounting.com\/staging\/resources\/u-s-tax-obligations-for-foreign-owned-single-member-llcs\/\"]}]},{\"@type\":\"BreadcrumbList\",\"@id\":\"https:\/\/oandgaccounting.com\/staging\/resources\/u-s-tax-obligations-for-foreign-owned-single-member-llcs\/#breadcrumb\",\"itemListElement\":[{\"@type\":\"ListItem\",\"position\":1,\"name\":\"Resources\",\"item\":\"https:\/\/oandgaccounting.com\/staging\/resources\/\"},{\"@type\":\"ListItem\",\"position\":2,\"name\":\"U.S. Tax Obligations for Foreign-Owned Single-Member LLCs\"}]},{\"@type\":\"WebSite\",\"@id\":\"https:\/\/oandgaccounting.com\/staging\/#website\",\"url\":\"https:\/\/oandgaccounting.com\/staging\/\",\"name\":\"O&amp;G Tax and Accounting\",\"description\":\"\",\"publisher\":{\"@id\":\"https:\/\/oandgaccounting.com\/staging\/#organization\"},\"potentialAction\":[{\"@type\":\"SearchAction\",\"target\":{\"@type\":\"EntryPoint\",\"urlTemplate\":\"https:\/\/oandgaccounting.com\/staging\/?s={search_term_string}\"},\"query-input\":\"required name=search_term_string\"}],\"inLanguage\":\"es\"},{\"@type\":\"Organization\",\"@id\":\"https:\/\/oandgaccounting.com\/staging\/#organization\",\"name\":\"O&amp;G Tax and Accounting\",\"url\":\"https:\/\/oandgaccounting.com\/staging\/\",\"logo\":{\"@type\":\"ImageObject\",\"inLanguage\":\"es\",\"@id\":\"https:\/\/oandgaccounting.com\/staging\/#\/schema\/logo\/image\/\",\"url\":\"https:\/\/oandgaccounting.com\/staging\/wp-content\/uploads\/2019\/07\/logo.png\",\"contentUrl\":\"https:\/\/oandgaccounting.com\/staging\/wp-content\/uploads\/2019\/07\/logo.png\",\"width\":123,\"height\":74,\"caption\":\"O&amp;G Tax and Accounting\"},\"image\":{\"@id\":\"https:\/\/oandgaccounting.com\/staging\/#\/schema\/logo\/image\/\"}}]}<\/script>\n<!-- \/ Yoast SEO plugin. -->","yoast_head_json":{"title":"U.S. Tax Obligations for Foreign-Owned Single-Member LLCs - O&amp;G Tax and Accounting","robots":{"index":"index","follow":"follow","max-snippet":"max-snippet:-1","max-image-preview":"max-image-preview:large","max-video-preview":"max-video-preview:-1"},"canonical":"https:\/\/oandgaccounting.com\/staging\/es\/resources\/u-s-tax-obligations-for-foreign-owned-single-member-llcs\/","og_locale":"es_ES","og_type":"article","og_title":"U.S. Tax Obligations for Foreign-Owned Single-Member LLCs - O&amp;G Tax and Accounting","og_description":"Many foreign business owners are drawn to the U.S. for its favorable legal structure and the simplicity of forming Limited Liability Companies (LLCs). One of the common reasons foreign business owners establish U.S. single-member LLCs is the perception of potential tax benefits and privacy protections. However, it is important to understand that forming a U.S. &hellip; Continue reading \"U.S. Tax Obligations for Foreign-Owned Single-Member LLCs\"","og_url":"https:\/\/oandgaccounting.com\/staging\/es\/resources\/u-s-tax-obligations-for-foreign-owned-single-member-llcs\/","og_site_name":"O&amp;G Tax and Accounting","article_modified_time":"2025-03-07T12:13:18+00:00","og_image":[{"width":1039,"height":1039,"url":"https:\/\/oandgaccounting.com\/staging\/wp-content\/uploads\/2024\/10\/ustax3.jpg","type":"image\/jpeg"}],"twitter_card":"summary_large_image","twitter_misc":{"Tiempo de lectura":"6 minutos"},"schema":{"@context":"https:\/\/schema.org","@graph":[{"@type":"WebPage","@id":"https:\/\/oandgaccounting.com\/staging\/resources\/u-s-tax-obligations-for-foreign-owned-single-member-llcs\/","url":"https:\/\/oandgaccounting.com\/staging\/resources\/u-s-tax-obligations-for-foreign-owned-single-member-llcs\/","name":"U.S. Tax Obligations for Foreign-Owned Single-Member LLCs - O&amp;G Tax and Accounting","isPartOf":{"@id":"https:\/\/oandgaccounting.com\/staging\/#website"},"datePublished":"2024-10-03T06:47:54+00:00","dateModified":"2025-03-07T12:13:18+00:00","breadcrumb":{"@id":"https:\/\/oandgaccounting.com\/staging\/resources\/u-s-tax-obligations-for-foreign-owned-single-member-llcs\/#breadcrumb"},"inLanguage":"es","potentialAction":[{"@type":"ReadAction","target":["https:\/\/oandgaccounting.com\/staging\/resources\/u-s-tax-obligations-for-foreign-owned-single-member-llcs\/"]}]},{"@type":"BreadcrumbList","@id":"https:\/\/oandgaccounting.com\/staging\/resources\/u-s-tax-obligations-for-foreign-owned-single-member-llcs\/#breadcrumb","itemListElement":[{"@type":"ListItem","position":1,"name":"Resources","item":"https:\/\/oandgaccounting.com\/staging\/resources\/"},{"@type":"ListItem","position":2,"name":"U.S. Tax Obligations for Foreign-Owned Single-Member LLCs"}]},{"@type":"WebSite","@id":"https:\/\/oandgaccounting.com\/staging\/#website","url":"https:\/\/oandgaccounting.com\/staging\/","name":"O&amp;G Tax and Accounting","description":"","publisher":{"@id":"https:\/\/oandgaccounting.com\/staging\/#organization"},"potentialAction":[{"@type":"SearchAction","target":{"@type":"EntryPoint","urlTemplate":"https:\/\/oandgaccounting.com\/staging\/?s={search_term_string}"},"query-input":"required name=search_term_string"}],"inLanguage":"es"},{"@type":"Organization","@id":"https:\/\/oandgaccounting.com\/staging\/#organization","name":"O&amp;G Tax and Accounting","url":"https:\/\/oandgaccounting.com\/staging\/","logo":{"@type":"ImageObject","inLanguage":"es","@id":"https:\/\/oandgaccounting.com\/staging\/#\/schema\/logo\/image\/","url":"https:\/\/oandgaccounting.com\/staging\/wp-content\/uploads\/2019\/07\/logo.png","contentUrl":"https:\/\/oandgaccounting.com\/staging\/wp-content\/uploads\/2019\/07\/logo.png","width":123,"height":74,"caption":"O&amp;G Tax and Accounting"},"image":{"@id":"https:\/\/oandgaccounting.com\/staging\/#\/schema\/logo\/image\/"}}]}},"_links":{"self":[{"href":"https:\/\/oandgaccounting.com\/staging\/es\/wp-json\/wp\/v2\/pages\/6078"}],"collection":[{"href":"https:\/\/oandgaccounting.com\/staging\/es\/wp-json\/wp\/v2\/pages"}],"about":[{"href":"https:\/\/oandgaccounting.com\/staging\/es\/wp-json\/wp\/v2\/types\/page"}],"author":[{"embeddable":true,"href":"https:\/\/oandgaccounting.com\/staging\/es\/wp-json\/wp\/v2\/users\/1"}],"replies":[{"embeddable":true,"href":"https:\/\/oandgaccounting.com\/staging\/es\/wp-json\/wp\/v2\/comments?post=6078"}],"version-history":[{"count":6,"href":"https:\/\/oandgaccounting.com\/staging\/es\/wp-json\/wp\/v2\/pages\/6078\/revisions"}],"predecessor-version":[{"id":6325,"href":"https:\/\/oandgaccounting.com\/staging\/es\/wp-json\/wp\/v2\/pages\/6078\/revisions\/6325"}],"up":[{"embeddable":true,"href":"https:\/\/oandgaccounting.com\/staging\/es\/wp-json\/wp\/v2\/pages\/24"}],"wp:attachment":[{"href":"https:\/\/oandgaccounting.com\/staging\/es\/wp-json\/wp\/v2\/media?parent=6078"}],"curies":[{"name":"wp","href":"https:\/\/api.w.org\/{rel}","templated":true}]}}