{"id":6083,"date":"2024-10-03T07:16:53","date_gmt":"2024-10-03T07:16:53","guid":{"rendered":"https:\/\/oandgaccounting.com\/staging\/?page_id=6083"},"modified":"2025-03-07T12:14:02","modified_gmt":"2025-03-07T12:14:02","slug":"u-s-tax-implications-for-foreign-owned-u-s-mmllcs-saas-and-consulting-services","status":"publish","type":"page","link":"https:\/\/oandgaccounting.com\/staging\/es\/resources\/u-s-tax-implications-for-foreign-owned-u-s-mmllcs-saas-and-consulting-services\/","title":{"rendered":"Implicaciones fiscales de EE. UU. para las sociedades de responsabilidad limitada de propiedad extranjera de EE. UU.: SaaS y servicios de consultor\u00eda"},"content":{"rendered":"<div class=\"onefivequestion\">\n<div class=\"container py-4 text-left\">\n<p><strong>Introducci\u00f3n<\/strong><\/p>\n<p>Para personas extranjeras propietarias de una vivienda en Estados Unidos.<a href=\"https:\/\/www.irs.gov\/businesses\/small-businesses-self-employed\/llc-filing-as-a-corporation-or-partnership\" rel=\"noopener\" target=\"_blank\"> Sociedad de responsabilidad limitada de varios miembros (MMLLC)<\/a>, Comprender las obligaciones fiscales de EE. UU. es crucial para operar eficazmente en el mercado estadounidense. Ya sea que su MMLLC proporcione <a href=\"https:\/\/www.gtlaw.com\/en\/insights\/2019\/8\/irs-clarifies-us-tax-treatment-of-cross-border-cloud-and-other-online-transactions\" rel=\"noopener\" target=\"_blank\">Software como servicio (SaaS)<\/a> o servicios de consultor\u00eda, la clasificaci\u00f3n de los ingresos, ya sea como <a href=\"https:\/\/www.irs.gov\/individuals\/international-taxpayers\/effectively-connected-income-eci\" rel=\"noopener\" target=\"_blank\">Ingresos efectivamente conectados (ECI)<\/a> de la conducta activa de una <a href=\"https:\/\/www.law.cornell.edu\/cfr\/text\/26\/1.864-2\" rel=\"noopener\" target=\"_blank\">Comercio o negocio en EE.UU.<\/a> o como <a href=\"https:\/\/www.irs.gov\/individuals\/international-taxpayers\/fixed-determinable-annual-or-periodical-fdap-income\" rel=\"noopener\" target=\"_blank\">Fijo, Determinable, Anual o Peri\u00f3dico (FDAP) <\/a>Ingresos\u2014determina su tratamiento fiscal y los requisitos de cumplimiento.<\/p>\n<p><strong>Conceptos y cuestiones clave<\/strong><\/p>\n<p><strong>MMLLC estadounidenses de propiedad extranjera:<\/strong><\/p>\n<p>En t\u00e9rminos fiscales, una MMLLC estadounidense normalmente se considera como una <a href=\"https:\/\/www.taxpolicycenter.org\/briefing-book\/what-are-pass-through-businesses\" rel=\"noopener\" target=\"_blank\">entidad de paso<\/a>, lo que significa que la LLC en s\u00ed no paga impuestos federales sobre la renta. En cambio, los ingresos se transfieren a los socios individuales, quienes deben declarar su participaci\u00f3n en sus declaraciones de impuestos personales. El factor crucial es c\u00f3mo se clasifican estos ingresos, ya sea como ECI o FDAP, lo que determina su tributaci\u00f3n en Estados Unidos.<\/p>\n<p><strong>Clasificaci\u00f3n de ingresos: ECI vs. FDAP:<\/strong><\/p>\n<ul>\n<li style=\"padding-bottom: 10px\">Ingresos Efectivamente Vinculados (ECI): Los ECI son ingresos que est\u00e1n efectivamente vinculados con el ejercicio activo de una actividad comercial o empresarial en Estados Unidos. Si los ingresos de su MMLLC se clasifican como ECI, est\u00e1n sujetos a impuestos estadounidenses, y los miembros extranjeros deben presentar declaraciones de impuestos estadounidenses y pagar impuestos sobre su parte de estos ingresos.<\/li>\n<li style=\"padding-bottom: 10px\">Ingresos Fijos, Determinables, Anuales o Peri\u00f3dicos (FDAP): Los ingresos FDAP incluyen tipos como intereses, dividendos, rentas y regal\u00edas. Los ingresos FDAP generalmente est\u00e1n sujetos a una tasa fija. <a href=\"https:\/\/www.irs.gov\/individuals\/international-taxpayers\/nra-withholding#:~:text=Most%20types%20of%20U.S.%20source,residence%20and%20the%20United%20States.\" rel=\"noopener\" target=\"_blank\">Retenci\u00f3n de impuestos 30% <\/a>sobre el importe bruto a menos que <a href=\"https:\/\/www.irs.gov\/businesses\/international-businesses\/united-states-income-tax-treaties-a-to-z\" rel=\"noopener\" target=\"_blank\">tratado fiscal <\/a>La relaci\u00f3n entre EE. UU. y el pa\u00eds de residencia del miembro extranjero reduce esta tasa. A diferencia del ECI, los ingresos del FDAP no suelen estar vinculados a la actividad comercial o empresarial en EE. UU., pero aun as\u00ed pueden generar requisitos de retenci\u00f3n.<\/li>\n<\/ul>\n<p><strong><a href=\"https:\/\/www.law.cornell.edu\/cfr\/text\/26\/1.861-18\" rel=\"noopener\" target=\"_blank\">Reglamento del Tesoro \u00a7 1.861-18<\/a>:<\/strong><\/p>\n<p>Este reglamento proporciona orientaci\u00f3n sobre la clasificaci\u00f3n de los ingresos procedentes de transacciones que involucran programas inform\u00e1ticos, incluido el SaaS. Los ingresos procedentes de estas transacciones pueden tratarse de forma diferente seg\u00fan su naturaleza (si se consideran regal\u00edas o ventas) y el nivel de actividad comercial en EE. UU.<\/p>\n<p><strong>Explicaci\u00f3n y an\u00e1lisis paso a paso<\/strong><\/p>\n<p><strong>1. Comprensi\u00f3n de la clasificaci\u00f3n de ingresos de SaaS<\/strong><\/p>\n<ul>\n<li style=\"padding-bottom: 10px\">Regal\u00edas (Ingresos del FDAP):<br \/>\n            Si su MMLLC licencia software a clientes estadounidenses, los ingresos pueden clasificarse como regal\u00edas, que son un tipo de ingreso FDAP. Como ingreso FDAP, est\u00e1 sujeto a una retenci\u00f3n de impuestos 30% sobre el importe bruto de la participaci\u00f3n de cada socio extranjero, a menos que un tratado fiscal reduzca esta tasa. Estos ingresos generalmente no se consideran ECI a menos que la actividad de licenciamiento implique operaciones comerciales sustanciales en EE. UU.\n            <\/li>\n<li style=\"padding-bottom: 10px\">Ingresos por ventas (ECI o FDAP):<br \/>\n            Si la transacci\u00f3n implica la venta de una copia del software a clientes estadounidenses con plenos derechos de uso, podr\u00eda considerarse una venta. Si esta venta forma parte de la actividad comercial o empresarial estadounidense, podr\u00eda clasificarse como ECI, lo que la sujeta a impuestos estadounidenses.\n            <\/li>\n<li style=\"padding-bottom: 10px\">Ingresos por servicios (ECI):<br \/>\n            Si su negocio SaaS incluye personalizaci\u00f3n, soporte o servicios relacionados importantes, estos ingresos podr\u00edan clasificarse como ECI si se realizan dentro de los EE. UU. Los ingresos por servicios provenientes de actividades realizadas fuera de los EE. UU. generalmente no se gravan como ECI.\n            <\/li>\n<\/ul>\n<p><strong>2. Ingresos por consultor\u00eda<\/strong><\/p>\n<ul>\n<li style=\"padding-bottom: 10px\">Ingresos por servicios (ECI):<br \/>\n            Los servicios de consultor\u00eda generalmente se clasifican como ingresos por servicios. Si estos servicios se prestan f\u00edsicamente dentro de EE. UU., se consideran ingresos ECI, por lo que est\u00e1n sujetos a impuestos en EE. UU. Si los servicios se prestan completamente fuera de EE. UU., no suelen ser ingresos ECI.\n            <\/li>\n<\/ul>\n<p><strong>3. Implicaciones para los socios extranjeros<\/strong><\/p>\n<ul>\n<li style=\"padding-bottom: 10px\">Requisitos de retenci\u00f3n para FDAP:<br \/>\n            Si su sociedad de responsabilidad limitada (MMLC) obtiene ingresos FDAP, como regal\u00edas de clientes estadounidenses, la LLC debe retener el impuesto 30% de la participaci\u00f3n de cada socio extranjero en dichos ingresos, a menos que se reduzca por un tratado fiscal entre EE. UU. y el pa\u00eds de residencia del socio extranjero. Esta retenci\u00f3n se aplica al importe bruto de los ingresos FDAP.\n            <\/li>\n<li style=\"padding-bottom: 10px\">Requisitos de presentaci\u00f3n de impuestos para ECI:<br \/>\n            Si los ingresos se clasifican como ECI, est\u00e1n sujetos a la retenci\u00f3n del impuesto federal sobre la renta de EE. UU. a las tasas graduadas aplicables a personas f\u00edsicas (37%) o corporaciones (21%). Los miembros extranjeros deben presentar declaraciones de impuestos de EE. UU. para declarar su parte del ECI. El MMLLC debe emitir <a href=\"https:\/\/www.irs.gov\/forms-pubs\/about-form-8805\" rel=\"noopener\" target=\"_blank\">Formulario 8805 <\/a>a cada socio detallando su parte del ECI y los impuestos retenidos en su nombre.\n            <\/li>\n<\/ul>\n<p><strong>4. Obligaciones de presentaci\u00f3n para sociedades de responsabilidad limitada estadounidenses de propiedad extranjera<\/strong><\/p>\n<ul>\n<li style=\"padding-bottom: 10px\">Formulario 1065 y Anexos K-1, K-2, K-3:<br \/>\n            Su MMLLC debe presentar <a href=\"https:\/\/www.irs.gov\/forms-pubs\/about-form-1065\" rel=\"noopener\" target=\"_blank\">Formulario 1065<\/a> para informar los ingresos, deducciones y distribuciones de la LLC a sus miembros. Cada miembro recibe un <a href=\"https:\/\/www.irs.gov\/businesses\/schedules-k-2-and-k-3-frequently-asked-questions-forms-1065-1120s-and-8865\" rel=\"noopener\" target=\"_blank\">Anexos K-1, K-2 y K-3<\/a>, detallando su participaci\u00f3n en los ingresos. Si alguno de estos ingresos corresponde a ECI, debe declararse con precisi\u00f3n.\n            <\/li>\n<li style=\"padding-bottom: 10px\">Formulario 1042-S para ingresos FDAP:<br \/>\n            Si los ingresos de su LLC incluyen FDAP sujeto a retenci\u00f3n, la MMLLC debe emitir <a href=\"https:\/\/www.irs.gov\/forms-pubs\/about-form-1042-s\" rel=\"noopener\" target=\"_blank\">Formulario 1042-S<\/a> A cada socio. Este formulario informa el monto de los ingresos del FDAP obtenidos y el impuesto retenido en nombre del socio.\n            <\/li>\n<li style=\"padding-bottom: 10px\">Cumplimiento de la Ley de Transparencia Corporativa (CTA):<br \/>\n            Las MMLLC de propiedad extranjera tambi\u00e9n deben cumplir con la CTA, que exige informar <a href=\"https:\/\/www.fincen.gov\/boi-faqs\" rel=\"noopener\" target=\"_blank\">informaci\u00f3n sobre la titularidad real<\/a>. Las empresas existentes deben presentar la solicitud antes del 1 de enero de 2025, y las empresas nuevas tienen 90 d\u00edas desde su constituci\u00f3n para presentarla.\n            <\/li>\n<\/ul>\n<p><strong>Soluciones, recomendaciones y conclusiones clave<\/strong><\/p>\n<ul>\n<li style=\"padding-bottom: 10px\">Clasifique los ingresos con precisi\u00f3n:<br \/>\n            Clasificar correctamente los ingresos de su LLC como ECI o FDAP es crucial para determinar su tratamiento fiscal. Una clasificaci\u00f3n incorrecta puede generar importantes obligaciones y sanciones fiscales.\n            <\/li>\n<li style=\"padding-bottom: 10px\">Tratados fiscales de apalancamiento:<br \/>\n            Revise los tratados fiscales aplicables para determinar si califica para tasas de retenci\u00f3n reducidas sobre los ingresos del FDAP, como las regal\u00edas.\n            <\/li>\n<li style=\"padding-bottom: 10px\">Mantener documentaci\u00f3n detallada:<br \/>\n            Mantenga registros completos de todas las transacciones, incluyendo d\u00f3nde se prestan los servicios y la naturaleza de cada fuente de ingresos. Esto es esencial para determinar si los ingresos son ECI o FDAP.\n            <\/li>\n<li style=\"padding-bottom: 10px\">Presentar todos los formularios requeridos:<br \/>\n            Garantizar la presentaci\u00f3n oportuna del Formulario 1065 y la distribuci\u00f3n de los Anexos K-1, K-2 y K-3 a todos los miembros. Emitir el Formulario 1042-S para los ingresos del FDAP e informar con precisi\u00f3n cualquier ECI.\n            <\/li>\n<li style=\"padding-bottom: 10px\">Cumplir con la CTA:<br \/>\n            Aseg\u00farese de que su MMLLC cumpla con la CTA presentando la informaci\u00f3n de propiedad beneficiosa necesaria antes de las fechas l\u00edmite correspondientes.\n            <\/li>\n<\/ul>\n<p><strong>Consideraciones adicionales<\/strong><\/p>\n<ul>\n<li style=\"padding-bottom: 10px\">Cumplimiento de las obligaciones fiscales estatales:<br \/>\n        Adem\u00e1s de las obligaciones fiscales federales, su LLC tambi\u00e9n puede estar sujeta a impuestos estatales sobre la renta, franquicias o ventas seg\u00fan d\u00f3nde opere.\n        <\/li>\n<li style=\"padding-bottom: 10px\">Busque orientaci\u00f3n profesional:<br \/>\n        Las leyes fiscales estadounidenses para entidades de propiedad extranjera son complejas. Consultar regularmente con un... <a href=\"https:\/\/oandgaccounting.com\/staging\/appointment-booking-form\/\" rel=\"noopener\" target=\"_blank\">Profesional de impuestos de EE. UU.<\/a> Es esencial navegar estas complejidades de manera efectiva.\n        <\/li>\n<\/ul>\n<p>Operar una MMLLC estadounidense como extranjero presenta tanto oportunidades como desaf\u00edos. Comprender si sus ingresos se clasifican como ECI o FDAP y garantizar el cumplimiento de las leyes tributarias estadounidenses es fundamental para evitar sanciones y optimizar su situaci\u00f3n fiscal. Siguiendo las pautas proporcionadas y <a href=\"https:\/\/oandgaccounting.com\/staging\/appointment-booking-form\/\" rel=\"noopener\" target=\"_blank\">buscando asesoramiento profesional<\/a>, Puede administrar eficazmente su MMLLC de EE. UU. y concentrarse en el crecimiento de su negocio.<\/p>\n<p>Si usted es propietario extranjero de una MMLLC estadounidense y necesita asesoramiento experto sobre cumplimiento tributario en EE. UU., incluidos servicios de clasificaci\u00f3n de ingresos y consultor\u00eda, comun\u00edquese con <a href=\"https:\/\/oandgaccounting.com\/staging\/appointment-booking-form\/\" rel=\"noopener\" target=\"_blank\">Impuestos y contabilidad de petr\u00f3leo y gas <\/a>Servicios. Programe una consulta hoy mismo visitando nuestro formulario de reserva de citas.<\/p>\n<p>En O&amp;G Tax and Accounting, tambi\u00e9n ofrecemos servicios para garantizar su cumplimiento con la Ley de Transparencia Corporativa (CTA). Si su LLC necesita presentar un informe de Informaci\u00f3n de Beneficiario Final (BOI), nuestro equipo est\u00e1 listo para ayudarle a cumplir con el plazo del 1 de enero de 2025 para las entidades existentes o de 90 d\u00edas para las nuevas. <a href=\"https:\/\/oandgaccounting.com\/staging\/appointment-booking-form\/\" rel=\"noopener\" target=\"_blank\">\u00a1Cont\u00e1ctanos hoy para comenzar!<\/a><\/p>\n<\/p><\/div>\n<\/div>","protected":false},"excerpt":{"rendered":"<p>Introduction For foreign persons owning a U.S. Multiple Member LLC (MMLLC), understanding U.S. tax obligations is crucial to operating effectively within the U.S. market. Whether your MMLLC provides Software as a Service (SaaS) or consulting services, the classification of income\u2014whether as Effectively Connected Income (ECI) from the active conduct of a U.S. trade or business &hellip; <a href=\"https:\/\/oandgaccounting.com\/staging\/es\/resources\/u-s-tax-implications-for-foreign-owned-u-s-mmllcs-saas-and-consulting-services\/\" class=\"more-link\">Continue reading<span class=\"screen-reader-text\"> &#8220;U.S. Tax Implications for Foreign-Owned U.S. MMLLCs: SaaS and Consulting Services&#8221;<\/span><\/a><\/p>","protected":false},"author":1,"featured_media":0,"parent":24,"menu_order":0,"comment_status":"closed","ping_status":"closed","template":"default_withchat.php","meta":{"om_disable_all_campaigns":false,"_monsterinsights_skip_tracking":false,"_monsterinsights_sitenote_active":false,"_monsterinsights_sitenote_note":"","_monsterinsights_sitenote_category":0,"footnotes":""},"acf":[],"yoast_head":"<!-- This site is optimized with the Yoast SEO plugin v22.6 - https:\/\/yoast.com\/wordpress\/plugins\/seo\/ -->\n<title>U.S. Tax Implications for Foreign-Owned U.S. MMLLCs: SaaS and Consulting Services - O&amp;G Tax and Accounting<\/title>\n<meta name=\"robots\" content=\"index, follow, max-snippet:-1, max-image-preview:large, max-video-preview:-1\" \/>\n<link rel=\"canonical\" href=\"https:\/\/oandgaccounting.com\/staging\/es\/resources\/u-s-tax-implications-for-foreign-owned-u-s-mmllcs-saas-and-consulting-services\/\" \/>\n<meta property=\"og:locale\" content=\"es_ES\" \/>\n<meta property=\"og:type\" content=\"article\" \/>\n<meta property=\"og:title\" content=\"U.S. Tax Implications for Foreign-Owned U.S. MMLLCs: SaaS and Consulting Services - O&amp;G Tax and Accounting\" \/>\n<meta property=\"og:description\" content=\"Introduction For foreign persons owning a U.S. Multiple Member LLC (MMLLC), understanding U.S. tax obligations is crucial to operating effectively within the U.S. market. Whether your MMLLC provides Software as a Service (SaaS) or consulting services, the classification of income\u2014whether as Effectively Connected Income (ECI) from the active conduct of a U.S. trade or business &hellip; Continue reading &quot;U.S. Tax Implications for Foreign-Owned U.S. MMLLCs: SaaS and Consulting Services&quot;\" \/>\n<meta property=\"og:url\" content=\"https:\/\/oandgaccounting.com\/staging\/es\/resources\/u-s-tax-implications-for-foreign-owned-u-s-mmllcs-saas-and-consulting-services\/\" \/>\n<meta property=\"og:site_name\" content=\"O&amp;G Tax and Accounting\" \/>\n<meta property=\"article:modified_time\" content=\"2025-03-07T12:14:02+00:00\" \/>\n<meta property=\"og:image\" content=\"https:\/\/oandgaccounting.com\/staging\/wp-content\/uploads\/2024\/10\/ustax4.jpg\" \/>\n\t<meta property=\"og:image:width\" content=\"1245\" \/>\n\t<meta property=\"og:image:height\" content=\"1245\" \/>\n\t<meta property=\"og:image:type\" content=\"image\/jpeg\" \/>\n<meta name=\"twitter:card\" content=\"summary_large_image\" \/>\n<meta name=\"twitter:label1\" content=\"Tiempo de lectura\" \/>\n\t<meta name=\"twitter:data1\" content=\"6 minutos\" \/>\n<script type=\"application\/ld+json\" class=\"yoast-schema-graph\">{\"@context\":\"https:\/\/schema.org\",\"@graph\":[{\"@type\":\"WebPage\",\"@id\":\"https:\/\/oandgaccounting.com\/staging\/resources\/u-s-tax-implications-for-foreign-owned-u-s-mmllcs-saas-and-consulting-services\/\",\"url\":\"https:\/\/oandgaccounting.com\/staging\/resources\/u-s-tax-implications-for-foreign-owned-u-s-mmllcs-saas-and-consulting-services\/\",\"name\":\"U.S. Tax Implications for Foreign-Owned U.S. MMLLCs: SaaS and Consulting Services - O&amp;G Tax and Accounting\",\"isPartOf\":{\"@id\":\"https:\/\/oandgaccounting.com\/staging\/#website\"},\"datePublished\":\"2024-10-03T07:16:53+00:00\",\"dateModified\":\"2025-03-07T12:14:02+00:00\",\"breadcrumb\":{\"@id\":\"https:\/\/oandgaccounting.com\/staging\/resources\/u-s-tax-implications-for-foreign-owned-u-s-mmllcs-saas-and-consulting-services\/#breadcrumb\"},\"inLanguage\":\"es\",\"potentialAction\":[{\"@type\":\"ReadAction\",\"target\":[\"https:\/\/oandgaccounting.com\/staging\/resources\/u-s-tax-implications-for-foreign-owned-u-s-mmllcs-saas-and-consulting-services\/\"]}]},{\"@type\":\"BreadcrumbList\",\"@id\":\"https:\/\/oandgaccounting.com\/staging\/resources\/u-s-tax-implications-for-foreign-owned-u-s-mmllcs-saas-and-consulting-services\/#breadcrumb\",\"itemListElement\":[{\"@type\":\"ListItem\",\"position\":1,\"name\":\"Resources\",\"item\":\"https:\/\/oandgaccounting.com\/staging\/resources\/\"},{\"@type\":\"ListItem\",\"position\":2,\"name\":\"U.S. Tax Implications for Foreign-Owned U.S. MMLLCs: SaaS and Consulting Services\"}]},{\"@type\":\"WebSite\",\"@id\":\"https:\/\/oandgaccounting.com\/staging\/#website\",\"url\":\"https:\/\/oandgaccounting.com\/staging\/\",\"name\":\"O&amp;G Tax and Accounting\",\"description\":\"\",\"publisher\":{\"@id\":\"https:\/\/oandgaccounting.com\/staging\/#organization\"},\"potentialAction\":[{\"@type\":\"SearchAction\",\"target\":{\"@type\":\"EntryPoint\",\"urlTemplate\":\"https:\/\/oandgaccounting.com\/staging\/?s={search_term_string}\"},\"query-input\":\"required name=search_term_string\"}],\"inLanguage\":\"es\"},{\"@type\":\"Organization\",\"@id\":\"https:\/\/oandgaccounting.com\/staging\/#organization\",\"name\":\"O&amp;G Tax and Accounting\",\"url\":\"https:\/\/oandgaccounting.com\/staging\/\",\"logo\":{\"@type\":\"ImageObject\",\"inLanguage\":\"es\",\"@id\":\"https:\/\/oandgaccounting.com\/staging\/#\/schema\/logo\/image\/\",\"url\":\"https:\/\/oandgaccounting.com\/staging\/wp-content\/uploads\/2019\/07\/logo.png\",\"contentUrl\":\"https:\/\/oandgaccounting.com\/staging\/wp-content\/uploads\/2019\/07\/logo.png\",\"width\":123,\"height\":74,\"caption\":\"O&amp;G Tax and Accounting\"},\"image\":{\"@id\":\"https:\/\/oandgaccounting.com\/staging\/#\/schema\/logo\/image\/\"}}]}<\/script>\n<!-- \/ Yoast SEO plugin. -->","yoast_head_json":{"title":"U.S. Tax Implications for Foreign-Owned U.S. MMLLCs: SaaS and Consulting Services - O&amp;G Tax and Accounting","robots":{"index":"index","follow":"follow","max-snippet":"max-snippet:-1","max-image-preview":"max-image-preview:large","max-video-preview":"max-video-preview:-1"},"canonical":"https:\/\/oandgaccounting.com\/staging\/es\/resources\/u-s-tax-implications-for-foreign-owned-u-s-mmllcs-saas-and-consulting-services\/","og_locale":"es_ES","og_type":"article","og_title":"U.S. Tax Implications for Foreign-Owned U.S. MMLLCs: SaaS and Consulting Services - O&amp;G Tax and Accounting","og_description":"Introduction For foreign persons owning a U.S. Multiple Member LLC (MMLLC), understanding U.S. tax obligations is crucial to operating effectively within the U.S. market. Whether your MMLLC provides Software as a Service (SaaS) or consulting services, the classification of income\u2014whether as Effectively Connected Income (ECI) from the active conduct of a U.S. trade or business &hellip; Continue reading \"U.S. Tax Implications for Foreign-Owned U.S. MMLLCs: SaaS and Consulting Services\"","og_url":"https:\/\/oandgaccounting.com\/staging\/es\/resources\/u-s-tax-implications-for-foreign-owned-u-s-mmllcs-saas-and-consulting-services\/","og_site_name":"O&amp;G Tax and Accounting","article_modified_time":"2025-03-07T12:14:02+00:00","og_image":[{"width":1245,"height":1245,"url":"https:\/\/oandgaccounting.com\/staging\/wp-content\/uploads\/2024\/10\/ustax4.jpg","type":"image\/jpeg"}],"twitter_card":"summary_large_image","twitter_misc":{"Tiempo de lectura":"6 minutos"},"schema":{"@context":"https:\/\/schema.org","@graph":[{"@type":"WebPage","@id":"https:\/\/oandgaccounting.com\/staging\/resources\/u-s-tax-implications-for-foreign-owned-u-s-mmllcs-saas-and-consulting-services\/","url":"https:\/\/oandgaccounting.com\/staging\/resources\/u-s-tax-implications-for-foreign-owned-u-s-mmllcs-saas-and-consulting-services\/","name":"U.S. Tax Implications for Foreign-Owned U.S. MMLLCs: SaaS and Consulting Services - O&amp;G Tax and Accounting","isPartOf":{"@id":"https:\/\/oandgaccounting.com\/staging\/#website"},"datePublished":"2024-10-03T07:16:53+00:00","dateModified":"2025-03-07T12:14:02+00:00","breadcrumb":{"@id":"https:\/\/oandgaccounting.com\/staging\/resources\/u-s-tax-implications-for-foreign-owned-u-s-mmllcs-saas-and-consulting-services\/#breadcrumb"},"inLanguage":"es","potentialAction":[{"@type":"ReadAction","target":["https:\/\/oandgaccounting.com\/staging\/resources\/u-s-tax-implications-for-foreign-owned-u-s-mmllcs-saas-and-consulting-services\/"]}]},{"@type":"BreadcrumbList","@id":"https:\/\/oandgaccounting.com\/staging\/resources\/u-s-tax-implications-for-foreign-owned-u-s-mmllcs-saas-and-consulting-services\/#breadcrumb","itemListElement":[{"@type":"ListItem","position":1,"name":"Resources","item":"https:\/\/oandgaccounting.com\/staging\/resources\/"},{"@type":"ListItem","position":2,"name":"U.S. Tax Implications for Foreign-Owned U.S. MMLLCs: SaaS and Consulting Services"}]},{"@type":"WebSite","@id":"https:\/\/oandgaccounting.com\/staging\/#website","url":"https:\/\/oandgaccounting.com\/staging\/","name":"O&amp;G Tax and Accounting","description":"","publisher":{"@id":"https:\/\/oandgaccounting.com\/staging\/#organization"},"potentialAction":[{"@type":"SearchAction","target":{"@type":"EntryPoint","urlTemplate":"https:\/\/oandgaccounting.com\/staging\/?s={search_term_string}"},"query-input":"required name=search_term_string"}],"inLanguage":"es"},{"@type":"Organization","@id":"https:\/\/oandgaccounting.com\/staging\/#organization","name":"O&amp;G Tax and Accounting","url":"https:\/\/oandgaccounting.com\/staging\/","logo":{"@type":"ImageObject","inLanguage":"es","@id":"https:\/\/oandgaccounting.com\/staging\/#\/schema\/logo\/image\/","url":"https:\/\/oandgaccounting.com\/staging\/wp-content\/uploads\/2019\/07\/logo.png","contentUrl":"https:\/\/oandgaccounting.com\/staging\/wp-content\/uploads\/2019\/07\/logo.png","width":123,"height":74,"caption":"O&amp;G Tax and Accounting"},"image":{"@id":"https:\/\/oandgaccounting.com\/staging\/#\/schema\/logo\/image\/"}}]}},"_links":{"self":[{"href":"https:\/\/oandgaccounting.com\/staging\/es\/wp-json\/wp\/v2\/pages\/6083"}],"collection":[{"href":"https:\/\/oandgaccounting.com\/staging\/es\/wp-json\/wp\/v2\/pages"}],"about":[{"href":"https:\/\/oandgaccounting.com\/staging\/es\/wp-json\/wp\/v2\/types\/page"}],"author":[{"embeddable":true,"href":"https:\/\/oandgaccounting.com\/staging\/es\/wp-json\/wp\/v2\/users\/1"}],"replies":[{"embeddable":true,"href":"https:\/\/oandgaccounting.com\/staging\/es\/wp-json\/wp\/v2\/comments?post=6083"}],"version-history":[{"count":5,"href":"https:\/\/oandgaccounting.com\/staging\/es\/wp-json\/wp\/v2\/pages\/6083\/revisions"}],"predecessor-version":[{"id":6326,"href":"https:\/\/oandgaccounting.com\/staging\/es\/wp-json\/wp\/v2\/pages\/6083\/revisions\/6326"}],"up":[{"embeddable":true,"href":"https:\/\/oandgaccounting.com\/staging\/es\/wp-json\/wp\/v2\/pages\/24"}],"wp:attachment":[{"href":"https:\/\/oandgaccounting.com\/staging\/es\/wp-json\/wp\/v2\/media?parent=6083"}],"curies":[{"name":"wp","href":"https:\/\/api.w.org\/{rel}","templated":true}]}}